{"id":43397,"date":"2025-03-18T16:05:24","date_gmt":"2025-03-18T15:05:24","guid":{"rendered":"https:\/\/lsa-global.com\/?page_id=43397"},"modified":"2025-04-25T14:44:52","modified_gmt":"2025-04-25T13:44:52","slug":"traducao-profissional-de-chines-tradicional","status":"publish","type":"page","link":"https:\/\/lsa-global.com\/pt\/traducao-profissional-de-chines-tradicional\/","title":{"rendered":"Servi\u00e7os profissionais de tradu\u00e7\u00e3o para chin\u00eas tradicional \u2013 precisos e"},"content":{"rendered":"<div data-elementor-type=\"wp-page\" data-elementor-id=\"43397\" class=\"elementor elementor-43397\" data-elementor-post-type=\"page\">\n\t\t\t\t<div class=\"elementor-element elementor-element-2762c47 e-flex e-con-boxed e-con e-parent\" data-id=\"2762c47\" data-element_type=\"container\" data-e-type=\"container\">\n\t\t\t\t\t<div class=\"e-con-inner\">\n\t\t\t\t<div class=\"elementor-element elementor-element-a45ab66 elementor-widget elementor-widget-heading\" data-id=\"a45ab66\" data-element_type=\"widget\" data-e-type=\"widget\" data-widget_type=\"heading.default\">\n\t\t\t\t\t<h2 class=\"elementor-heading-title elementor-size-default\">Servi\u00e7os profissionais de tradu\u00e7\u00e3o para chin\u00eas tradicional \u2013 precisos <\/h2>\t\t\t\t<\/div>\n\t\t\t\t<div class=\"elementor-element elementor-element-2042231 elementor-widget elementor-widget-image\" data-id=\"2042231\" data-element_type=\"widget\" data-e-type=\"widget\" data-widget_type=\"image.default\">\n\t\t\t\t\t\t\t\t\t\t\t\t\t\t\t<img fetchpriority=\"high\" decoding=\"async\" data-attachment-id=\"43840\" data-permalink=\"https:\/\/lsa-global.com\/zh\/%e4%b8%93%e4%b8%9a%e7%b9%81%e4%bd%93%e4%b8%ad%e6%96%87%e7%bf%bb%e8%af%91\/chinese-traditional\/\" data-orig-file=\"https:\/\/i0.wp.com\/lsa-global.com\/wp-content\/uploads\/2025\/03\/Chinese-Traditional.png?fit=2560%2C1707&amp;ssl=1\" data-orig-size=\"2560,1707\" data-comments-opened=\"0\" data-image-meta=\"{&quot;aperture&quot;:&quot;0&quot;,&quot;credit&quot;:&quot;&quot;,&quot;camera&quot;:&quot;&quot;,&quot;caption&quot;:&quot;&quot;,&quot;created_timestamp&quot;:&quot;0&quot;,&quot;copyright&quot;:&quot;&quot;,&quot;focal_length&quot;:&quot;0&quot;,&quot;iso&quot;:&quot;0&quot;,&quot;shutter_speed&quot;:&quot;0&quot;,&quot;title&quot;:&quot;&quot;,&quot;orientation&quot;:&quot;0&quot;}\" data-image-title=\"Chinese (Traditional) translations Services\" data-image-description=\"&lt;p&gt;Chinese (Traditional) translations Services&lt;\/p&gt;\" data-image-caption=\"\" data-medium-file=\"https:\/\/i0.wp.com\/lsa-global.com\/wp-content\/uploads\/2025\/03\/Chinese-Traditional.png?fit=300%2C200&amp;ssl=1\" data-large-file=\"https:\/\/i0.wp.com\/lsa-global.com\/wp-content\/uploads\/2025\/03\/Chinese-Traditional.png?fit=1024%2C683&amp;ssl=1\" width=\"300\" height=\"200\" src=\"https:\/\/i0.wp.com\/lsa-global.com\/wp-content\/uploads\/2025\/03\/Chinese-Traditional.png?fit=300%2C200&amp;ssl=1\" class=\"attachment-medium size-medium wp-image-43840\" alt=\"Servi\u00e7os de tradu\u00e7\u00e3o em chin\u00eas (tradicional)\" srcset=\"https:\/\/i0.wp.com\/lsa-global.com\/wp-content\/uploads\/2025\/03\/Chinese-Traditional.png?w=2560&amp;ssl=1 2560w, https:\/\/i0.wp.com\/lsa-global.com\/wp-content\/uploads\/2025\/03\/Chinese-Traditional.png?resize=300%2C200&amp;ssl=1 300w, https:\/\/i0.wp.com\/lsa-global.com\/wp-content\/uploads\/2025\/03\/Chinese-Traditional.png?resize=1024%2C683&amp;ssl=1 1024w, https:\/\/i0.wp.com\/lsa-global.com\/wp-content\/uploads\/2025\/03\/Chinese-Traditional.png?resize=150%2C100&amp;ssl=1 150w, https:\/\/i0.wp.com\/lsa-global.com\/wp-content\/uploads\/2025\/03\/Chinese-Traditional.png?resize=768%2C512&amp;ssl=1 768w, https:\/\/i0.wp.com\/lsa-global.com\/wp-content\/uploads\/2025\/03\/Chinese-Traditional.png?resize=1536%2C1024&amp;ssl=1 1536w, https:\/\/i0.wp.com\/lsa-global.com\/wp-content\/uploads\/2025\/03\/Chinese-Traditional.png?resize=2048%2C1366&amp;ssl=1 2048w, https:\/\/i0.wp.com\/lsa-global.com\/wp-content\/uploads\/2025\/03\/Chinese-Traditional.png?resize=18%2C12&amp;ssl=1 18w, https:\/\/i0.wp.com\/lsa-global.com\/wp-content\/uploads\/2025\/03\/Chinese-Traditional.png?resize=370%2C247&amp;ssl=1 370w, https:\/\/i0.wp.com\/lsa-global.com\/wp-content\/uploads\/2025\/03\/Chinese-Traditional.png?resize=760%2C507&amp;ssl=1 760w\" sizes=\"(max-width: 300px) 100vw, 300px\" title=\"\">\t\t\t\t\t\t\t\t\t\t\t\t\t\t\t<\/div>\n\t\t\t\t<div class=\"elementor-element elementor-element-17fa170 elementor-widget elementor-widget-heading\" data-id=\"17fa170\" data-element_type=\"widget\" data-e-type=\"widget\" data-widget_type=\"heading.default\">\n\t\t\t\t\t<h3 class=\"elementor-heading-title elementor-size-default\">Servi\u00e7os especializados de tradu\u00e7\u00e3o de chin\u00eas tradicional para empresas e indiv\u00edduos<\/h3>\t\t\t\t<\/div>\n\t\t\t\t<div class=\"elementor-element elementor-element-0b58f1e elementor-widget elementor-widget-text-editor\" data-id=\"0b58f1e\" data-element_type=\"widget\" data-e-type=\"widget\" data-widget_type=\"text-editor.default\">\n\t\t\t\t\t\t\t\t\t<p>Procura servi\u00e7os de tradu\u00e7\u00e3o de alta qualidade para chin\u00eas tradicional? Nossa equipe de tradutores profissionais \u00e9 especializada em fornecer tradu\u00e7\u00f5es precisas e culturalmente adaptadas, sob medida para p\u00fablicos de l\u00edngua chinesa tradicional. Oferecemos uma gama completa de servi\u00e7os, incluindo tradu\u00e7\u00e3o de documentos, localiza\u00e7\u00e3o de sites, tradu\u00e7\u00f5es t\u00e9cnicas e muito mais, garantindo que seu conte\u00fado ressoe com seu p\u00fablico-alvo.<\/p>\t\t\t\t\t\t\t\t<\/div>\n\t\t\t\t<div class=\"elementor-element elementor-element-7794294 elementor-widget elementor-widget-heading\" data-id=\"7794294\" data-element_type=\"widget\" data-e-type=\"widget\" data-widget_type=\"heading.default\">\n\t\t\t\t\t<h3 class=\"elementor-heading-title elementor-size-default\">Por que escolher nossos servi\u00e7os de tradu\u00e7\u00e3o para chin\u00eas tradicional?<\/h3>\t\t\t\t<\/div>\n\t\t\t\t<div class=\"elementor-element elementor-element-ff675df elementor-widget elementor-widget-text-editor\" data-id=\"ff675df\" data-element_type=\"widget\" data-e-type=\"widget\" data-widget_type=\"text-editor.default\">\n\t\t\t\t\t\t\t\t\t<ul><li><p>Tradutores nativos de chin\u00eas tradicional: Nossos tradutores s\u00e3o falantes nativos com anos de experi\u00eancia, garantindo tradu\u00e7\u00f5es precisas e contextualmente apropriadas.\u00a0<\/p><\/li><li><p>Tradu\u00e7\u00f5es Certificadas: Fornecemos tradu\u00e7\u00f5es autenticadas aceitas por \u00f3rg\u00e3os governamentais e institui\u00e7\u00f5es jur\u00eddicas, garantindo conformidade e autenticidade.\u00a0<\/p><\/li><li><p>Conte\u00fado otimizado para SEO: nossas tradu\u00e7\u00f5es incorporam as melhores pr\u00e1ticas de SEO, ajudando seu site a ter uma classifica\u00e7\u00e3o mais alta em mecanismos de busca como Google e Bing.\u00a0<\/p><\/li><li><p>Entrega r\u00e1pida e pre\u00e7os competitivos: entregamos tradu\u00e7\u00f5es de alta qualidade prontamente e a pre\u00e7os competitivos, atendendo aos seus prazos e requisitos de or\u00e7amento.\u00a0<\/p><\/li><li><p>Experi\u00eancia no setor: Nossos tradutores possuem conhecimento especializado em v\u00e1rios setores, incluindo jur\u00eddico, m\u00e9dico, t\u00e9cnico e empresarial.<\/p><\/li><li><p>Adapta\u00e7\u00e3o cultural e localiza\u00e7\u00e3o:<\/p><p class=\"\" data-start=\"2897\" data-end=\"3152\">Nossos servi\u00e7os de tradu\u00e7\u00e3o v\u00e3o al\u00e9m da convers\u00e3o literal de palavras. Somos especializados em localiza\u00e7\u00e3o cultural, adaptando a linguagem, o estilo e o tom para atender \u00e0s expectativas de consumidores e profissionais falantes de chin\u00eas tradicional. Isso \u00e9 especialmente importante para:<\/p><ul data-start=\"3154\" data-end=\"3297\"><li class=\"\" data-start=\"3154\" data-end=\"3187\"><p class=\"\" data-start=\"3156\" data-end=\"3187\">Mensagens e marketing da marca<\/p><\/li><li class=\"\" data-start=\"3188\" data-end=\"3219\"><p class=\"\" data-start=\"3190\" data-end=\"3219\">Software UI\/UX e sites<\/p><\/li><li class=\"\" data-start=\"3220\" data-end=\"3257\"><p class=\"\" data-start=\"3222\" data-end=\"3257\">Materiais de treinamento e e-learning<\/p><\/li><li class=\"\" data-start=\"3258\" data-end=\"3297\"><p class=\"\" data-start=\"3260\" data-end=\"3297\">Campanhas de divulga\u00e7\u00e3o do governo e de ONGs<\/p><\/li><\/ul><p class=\"\" data-start=\"3299\" data-end=\"3409\">Garantimos que cada palavra esteja alinhada aos valores culturais, normas e sensibilidades do seu mercado-alvo.<\/p><\/li><li><p class=\"\" data-start=\"3299\" data-end=\"3409\">Manuseio Seguro e Confidencial<\/p><p class=\"\" data-start=\"4350\" data-end=\"4599\">A confidencialidade \u00e9 fundamental ao lidar com documentos sens\u00edveis. Utilizamos sistemas seguros de troca de arquivos, cumprimos os padr\u00f5es globais de prote\u00e7\u00e3o de dados e assinamos acordos de confidencialidade (NDAs) quando solicitados. Sua privacidade est\u00e1 sempre protegida.<\/p><\/li><li><p class=\"\" data-start=\"4350\" data-end=\"4599\">Servi\u00e7os abrangentes de l\u00edngua chinesa tradicional<\/p><p class=\"\" data-start=\"4662\" data-end=\"4763\">Al\u00e9m da tradu\u00e7\u00e3o, oferecemos um conjunto completo de servi\u00e7os de suporte ao idioma chin\u00eas tradicional:<\/p><ul data-start=\"4765\" data-end=\"5020\"><li class=\"\" data-start=\"4765\" data-end=\"4808\"><p class=\"\" data-start=\"4767\" data-end=\"4808\">Interpreta\u00e7\u00e3o (remota e presencial)<\/p><\/li><li class=\"\" data-start=\"4809\" data-end=\"4841\"><p class=\"\" data-start=\"4811\" data-end=\"4841\">Legendagem e locu\u00e7\u00e3o<\/p><\/li><li class=\"\" data-start=\"4842\" data-end=\"4878\"><p class=\"\" data-start=\"4844\" data-end=\"4878\">Localiza\u00e7\u00e3o de sites e aplicativos<\/p><\/li><li class=\"\" data-start=\"4879\" data-end=\"4924\"><p class=\"\" data-start=\"4881\" data-end=\"4924\">Editora\u00e7\u00e3o eletr\u00f4nica multil\u00edngue (DTP)<\/p><\/li><li class=\"\" data-start=\"4925\" data-end=\"4969\"><p class=\"\" data-start=\"4927\" data-end=\"4969\">Transcria\u00e7\u00e3o para campanhas criativas<\/p><\/li><li class=\"\" data-start=\"4970\" data-end=\"5020\"><p class=\"\" data-start=\"4972\" data-end=\"5020\">Gest\u00e3o de terminologia e cria\u00e7\u00e3o de gloss\u00e1rios<\/p><\/li><\/ul><p class=\"\" data-start=\"5022\" data-end=\"5104\">Atendemos \u00e0s suas necessidades de comunica\u00e7\u00e3o em todos os formatos, plataformas e setores.<\/p><\/li><\/ul>\t\t\t\t\t\t\t\t<\/div>\n\t\t\t\t<div class=\"elementor-element elementor-element-6fad0aa elementor-widget elementor-widget-heading\" data-id=\"6fad0aa\" data-element_type=\"widget\" data-e-type=\"widget\" data-widget_type=\"heading.default\">\n\t\t\t\t\t<h3 class=\"elementor-heading-title elementor-size-default\">Nossos servi\u00e7os de tradu\u00e7\u00e3o para chin\u00eas tradicional<\/h3>\t\t\t\t<\/div>\n\t\t\t\t<div class=\"elementor-element elementor-element-4a24f1f elementor-widget elementor-widget-heading\" data-id=\"4a24f1f\" data-element_type=\"widget\" data-e-type=\"widget\" data-widget_type=\"heading.default\">\n\t\t\t\t\t<h5 class=\"elementor-heading-title elementor-size-default\">1. Tradu\u00e7\u00e3o Certificada de Documentos<\/h5>\t\t\t\t<\/div>\n\t\t\t\t<div class=\"elementor-element elementor-element-c0008cd elementor-widget elementor-widget-text-editor\" data-id=\"c0008cd\" data-element_type=\"widget\" data-e-type=\"widget\" data-widget_type=\"text-editor.default\">\n\t\t\t\t\t\t\t\t\t<p>Oferecemos tradu\u00e7\u00f5es certificadas para diversos documentos, garantindo precis\u00e3o e aceita\u00e7\u00e3o por entidades oficiais:<\/p><ul><li><p>Documentos legais: contratos, acordos, documentos judiciais.<\/p><\/li><li><p>Documentos pessoais: certid\u00f5es de nascimento, certid\u00f5es de casamento, hist\u00f3ricos escolares.<\/p><\/li><li><p>Documentos comerciais: licen\u00e7as, demonstra\u00e7\u00f5es financeiras, relat\u00f3rios corporativos.<\/p><\/li><\/ul>\t\t\t\t\t\t\t\t<\/div>\n\t\t\t\t<div class=\"elementor-element elementor-element-bbceae1 elementor-widget elementor-widget-heading\" data-id=\"bbceae1\" data-element_type=\"widget\" data-e-type=\"widget\" data-widget_type=\"heading.default\">\n\t\t\t\t\t<h5 class=\"elementor-heading-title elementor-size-default\">2. Localiza\u00e7\u00e3o de sites e aplicativos<\/h5>\t\t\t\t<\/div>\n\t\t\t\t<div class=\"elementor-element elementor-element-ffaede9 elementor-widget elementor-widget-text-editor\" data-id=\"ffaede9\" data-element_type=\"widget\" data-e-type=\"widget\" data-widget_type=\"text-editor.default\">\n\t\t\t\t\t\t\t\t\t<p>Expanda sua presen\u00e7a digital em mercados de l\u00edngua chinesa tradicional com nossos servi\u00e7os de localiza\u00e7\u00e3o:<\/p><ul><li><p>Localiza\u00e7\u00e3o de sites: adapta\u00e7\u00e3o do conte\u00fado do seu site para adequ\u00e1-lo \u00e0s nuances e prefer\u00eancias culturais.<\/p><\/li><li><p>Localiza\u00e7\u00e3o de aplicativos: garantindo que seus aplicativos m\u00f3veis sejam f\u00e1ceis de usar para usu\u00e1rios que falam chin\u00eas tradicional.<\/p><\/li><li><p>Otimiza\u00e7\u00e3o de SEO: implementa\u00e7\u00e3o de palavras-chave localizadas e meta tags para melhorar a classifica\u00e7\u00e3o nos mecanismos de busca.<\/p><\/li><\/ul>\t\t\t\t\t\t\t\t<\/div>\n\t\t\t\t<div class=\"elementor-element elementor-element-31623a1 elementor-widget elementor-widget-heading\" data-id=\"31623a1\" data-element_type=\"widget\" data-e-type=\"widget\" data-widget_type=\"heading.default\">\n\t\t\t\t\t<h5 class=\"elementor-heading-title elementor-size-default\">3. Tradu\u00e7\u00f5es T\u00e9cnicas e M\u00e9dicas<\/h5>\t\t\t\t<\/div>\n\t\t\t\t<div class=\"elementor-element elementor-element-50a457f elementor-widget elementor-widget-text-editor\" data-id=\"50a457f\" data-element_type=\"widget\" data-e-type=\"widget\" data-widget_type=\"text-editor.default\">\n\t\t\t\t\t\t\t\t\t<p>Nossos especialistas lidam com documentos t\u00e9cnicos e m\u00e9dicos complexos com precis\u00e3o:<\/p><ul><li><p>Manuais t\u00e9cnicos: guias do usu\u00e1rio, manuais de produtos, especifica\u00e7\u00f5es t\u00e9cnicas.<\/p><\/li><li><p>Documentos m\u00e9dicos: relat\u00f3rios cl\u00ednicos, informa\u00e7\u00f5es farmac\u00eauticas, artigos de pesquisa m\u00e9dica.<\/p><\/li><\/ul>\t\t\t\t\t\t\t\t<\/div>\n\t\t\t\t<div class=\"elementor-element elementor-element-3122b17 elementor-widget elementor-widget-heading\" data-id=\"3122b17\" data-element_type=\"widget\" data-e-type=\"widget\" data-widget_type=\"heading.default\">\n\t\t\t\t\t<h5 class=\"elementor-heading-title elementor-size-default\">4. Tradu\u00e7\u00f5es de neg\u00f3cios e marketing<\/h5>\t\t\t\t<\/div>\n\t\t\t\t<div class=\"elementor-element elementor-element-9240cc5 elementor-widget elementor-widget-text-editor\" data-id=\"9240cc5\" data-element_type=\"widget\" data-e-type=\"widget\" data-widget_type=\"text-editor.default\">\n\t\t\t\t\t\t\t\t\t<p>Comunique efetivamente a mensagem da sua marca ao p\u00fablico que fala chin\u00eas tradicional:<\/p><ul><li><p>Materiais de marketing: folhetos, an\u00fancios, comunicados de imprensa.<\/p><\/li><li><p>Comunica\u00e7\u00f5es empresariais: apresenta\u00e7\u00f5es, e-mails, comunica\u00e7\u00f5es corporativas.<\/p><\/li><\/ul>\t\t\t\t\t\t\t\t<\/div>\n\t\t\t\t<div class=\"elementor-element elementor-element-a2d9541 elementor-widget elementor-widget-heading\" data-id=\"a2d9541\" data-element_type=\"widget\" data-e-type=\"widget\" data-widget_type=\"heading.default\">\n\t\t\t\t\t<h3 class=\"elementor-heading-title elementor-size-default\">Ind\u00fastrias que atendemos<\/h3>\t\t\t\t<\/div>\n\t\t\t\t<div class=\"elementor-element elementor-element-d9556e1 elementor-widget elementor-widget-text-editor\" data-id=\"d9556e1\" data-element_type=\"widget\" data-e-type=\"widget\" data-widget_type=\"text-editor.default\">\n\t\t\t\t\t\t\t\t\t<p>Atendemos a uma ampla gama de setores, incluindo:<\/p>\n<ul>\n<li>\n<p>Jur\u00eddico e governamental: Fornecimento de tradu\u00e7\u00f5es para processos legais e comunica\u00e7\u00f5es governamentais.<\/p>\n<\/li>\n<li>\n<p>Sa\u00fade e produtos farmac\u00eauticos: tradu\u00e7\u00e3o de registros m\u00e9dicos, artigos de pesquisa e documentos farmac\u00eauticos.<\/p>\n<\/li>\n<li>\n<p>Tecnologia e TI: Localiza\u00e7\u00e3o de software, manuais do usu\u00e1rio e documenta\u00e7\u00e3o t\u00e9cnica.<\/p>\n<\/li>\n<li>\n<p>Finan\u00e7as e servi\u00e7os banc\u00e1rios: tradu\u00e7\u00e3o de relat\u00f3rios financeiros, documentos de investimento e materiais banc\u00e1rios.<\/p>\n<\/li>\n<li>\n<p>E-commerce e varejo: localiza\u00e7\u00e3o de descri\u00e7\u00f5es de produtos, avalia\u00e7\u00f5es de clientes e conte\u00fado de marketing.<\/p>\n<\/li>\n<\/ul>\t\t\t\t\t\t\t\t<\/div>\n\t\t\t\t<div class=\"elementor-element elementor-element-8c165ec elementor-widget elementor-widget-heading\" data-id=\"8c165ec\" data-element_type=\"widget\" data-e-type=\"widget\" data-widget_type=\"heading.default\">\n\t\t\t\t\t<h3 class=\"elementor-heading-title elementor-size-default\">Por que a tradu\u00e7\u00e3o profissional de chin\u00eas tradicional \u00e9 importante<\/h3>\t\t\t\t<\/div>\n\t\t\t\t<div class=\"elementor-element elementor-element-e4175e6 elementor-widget elementor-widget-text-editor\" data-id=\"e4175e6\" data-element_type=\"widget\" data-e-type=\"widget\" data-widget_type=\"text-editor.default\">\n\t\t\t\t\t\t\t\t\t<p>O chin\u00eas tradicional \u00e9 usado por milh\u00f5es de pessoas em todo o mundo, o que o torna essencial para empresas e organiza\u00e7\u00f5es que buscam se conectar com p\u00fablicos que falam chin\u00eas tradicional. A tradu\u00e7\u00e3o profissional garante:<\/p><ul><li><p>Relev\u00e2ncia cultural: tradu\u00e7\u00f5es precisas que ressoem com a cultura e os costumes locais.<\/p><\/li><li><p>Conformidade legal: garantir que os documentos atendam aos padr\u00f5es e requisitos legais regionais.<\/p><\/li><li><p>Credibilidade da marca: apresentar seu neg\u00f3cio profissionalmente ao p\u00fablico de l\u00edngua chinesa tradicional.<\/p><\/li><\/ul>\t\t\t\t\t\t\t\t<\/div>\n\t\t\t\t<div class=\"elementor-element elementor-element-f3a4a5e elementor-widget elementor-widget-heading\" data-id=\"f3a4a5e\" data-element_type=\"widget\" data-e-type=\"widget\" data-widget_type=\"heading.default\">\n\t\t\t\t\t<h3 class=\"elementor-heading-title elementor-size-default\">Servi\u00e7os de tradu\u00e7\u00e3o de chin\u00eas tradicional otimizados para SEO<\/h3>\t\t\t\t<\/div>\n\t\t\t\t<div class=\"elementor-element elementor-element-3564975 elementor-widget elementor-widget-text-editor\" data-id=\"3564975\" data-element_type=\"widget\" data-e-type=\"widget\" data-widget_type=\"text-editor.default\">\n\t\t\t\t\t\t\t\t\t<p>Nossas tradu\u00e7\u00f5es s\u00e3o projetadas com as melhores pr\u00e1ticas de SEO para melhorar sua visibilidade online:<\/p><ul><li><p>Palavras-chave localizadas: incorpora\u00e7\u00e3o de termos de pesquisa espec\u00edficos da regi\u00e3o para melhorar a classifica\u00e7\u00e3o.\u00a0<\/p><\/li><li><p>Otimiza\u00e7\u00e3o de meta tags: tradu\u00e7\u00e3o e otimiza\u00e7\u00e3o de meta descri\u00e7\u00f5es e t\u00edtulos para melhores taxas de cliques.\u00a0<\/p><\/li><li><p>URLs f\u00e1ceis de usar: cria\u00e7\u00e3o de URLs leg\u00edveis e relevantes em chin\u00eas tradicional.\u00a0<\/p><\/li><\/ul>\t\t\t\t\t\t\t\t<\/div>\n\t\t\t\t<div class=\"elementor-element elementor-element-8815d2d elementor-widget elementor-widget-heading\" data-id=\"8815d2d\" data-element_type=\"widget\" data-e-type=\"widget\" data-widget_type=\"heading.default\">\n\t\t\t\t\t<h3 class=\"elementor-heading-title elementor-size-default\">Obtenha um or\u00e7amento gratuito para servi\u00e7os de tradu\u00e7\u00e3o em chin\u00eas tradicional<\/h3>\t\t\t\t<\/div>\n\t\t\t\t<div class=\"elementor-element elementor-element-315b5c2 elementor-widget elementor-widget-text-editor\" data-id=\"315b5c2\" data-element_type=\"widget\" data-e-type=\"widget\" data-widget_type=\"text-editor.default\">\n\t\t\t\t\t\t\t\t\t<p>Precisa de servi\u00e7os profissionais de tradu\u00e7\u00e3o para chin\u00eas tradicional? <span style=\"color: #ff0000;\"><strong><a style=\"color: #ff0000;\" href=\"https:\/\/lsa-global.com\/pt\/obtenha-um-orcamento-gratuito-lsa-global\/\">Entre em contato conosco hoje mesmo para um or\u00e7amento gratuito.<\/a><\/strong><\/span> Garantimos tradu\u00e7\u00f5es r\u00e1pidas, precisas e confidenciais para todas as suas necessidades.<\/p>\t\t\t\t\t\t\t\t<\/div>\n\t\t\t\t<div class=\"elementor-element elementor-element-f8c4f3a elementor-widget elementor-widget-heading\" data-id=\"f8c4f3a\" data-element_type=\"widget\" data-e-type=\"widget\" data-widget_type=\"heading.default\">\n\t\t\t\t\t<h2 class=\"elementor-heading-title elementor-size-default\">Indo al\u00e9m<\/h2>\t\t\t\t<\/div>\n\t\t\t\t<div class=\"elementor-element elementor-element-5c31a8e elementor-widget elementor-widget-text-editor\" data-id=\"5c31a8e\" data-element_type=\"widget\" data-e-type=\"widget\" data-widget_type=\"text-editor.default\">\n\t\t\t\t\t\t\t\t\t<h5><a href=\"https:\/\/lsa-global.com\/pt\/precos-e-termos-de-traducao\/\"><span style=\"color: #ff0000;\">Planos de pre\u00e7os e mais<\/span><\/a><\/h5>\t\t\t\t\t\t\t\t<\/div>\n\t\t\t\t<div class=\"elementor-element elementor-element-3030fbe elementor-widget elementor-widget-text-editor\" data-id=\"3030fbe\" data-element_type=\"widget\" data-e-type=\"widget\" data-widget_type=\"text-editor.default\">\n\t\t\t\t\t\t\t\t\t<h5><a href=\"https:\/\/lsa-global.com\/pt\/aprender-a-lingua-alema\/\"><span style=\"color: #ff0000;\">Or\u00e7amento Gratuito<\/span><\/a><\/h5>\t\t\t\t\t\t\t\t<\/div>\n\t\t\t\t<div class=\"elementor-element elementor-element-f7f5bfc elementor-widget elementor-widget-text-editor\" data-id=\"f7f5bfc\" data-element_type=\"widget\" data-e-type=\"widget\" data-widget_type=\"text-editor.default\">\n\t\t\t\t\t\t\t\t\t<h5><a href=\"https:\/\/lsa-global.com\/pt\/postagens\/\"><span style=\"color: #ff0000;\">Mais Posts<\/span><\/a><\/h5>\t\t\t\t\t\t\t\t<\/div>\n\t\t\t\t<div class=\"elementor-element elementor-element-8a7c537 elementor-widget elementor-widget-text-editor\" data-id=\"8a7c537\" data-element_type=\"widget\" data-e-type=\"widget\" data-widget_type=\"text-editor.default\">\n\t\t\t\t\t\t\t\t\t<h5><a href=\"https:\/\/lsaglobal-translate.co.uk\/services\/translation-services\/\" target=\"_blank\" rel=\"noopener\"><span style=\"color: #ff0000;\">Tradu\u00e7\u00e3o Pro.<\/span><\/a><\/h5>\t\t\t\t\t\t\t\t<\/div>\n\t\t\t\t<div class=\"elementor-element elementor-element-71ddc6a elementor-widget elementor-widget-image\" data-id=\"71ddc6a\" data-element_type=\"widget\" data-e-type=\"widget\" data-widget_type=\"image.default\">\n\t\t\t\t\t\t\t\t\t\t\t\t\t\t\t<img fetchpriority=\"high\" decoding=\"async\" data-attachment-id=\"43840\" data-permalink=\"https:\/\/lsa-global.com\/zh\/%e4%b8%93%e4%b8%9a%e7%b9%81%e4%bd%93%e4%b8%ad%e6%96%87%e7%bf%bb%e8%af%91\/chinese-traditional\/\" data-orig-file=\"https:\/\/i0.wp.com\/lsa-global.com\/wp-content\/uploads\/2025\/03\/Chinese-Traditional.png?fit=2560%2C1707&amp;ssl=1\" data-orig-size=\"2560,1707\" data-comments-opened=\"0\" data-image-meta=\"{&quot;aperture&quot;:&quot;0&quot;,&quot;credit&quot;:&quot;&quot;,&quot;camera&quot;:&quot;&quot;,&quot;caption&quot;:&quot;&quot;,&quot;created_timestamp&quot;:&quot;0&quot;,&quot;copyright&quot;:&quot;&quot;,&quot;focal_length&quot;:&quot;0&quot;,&quot;iso&quot;:&quot;0&quot;,&quot;shutter_speed&quot;:&quot;0&quot;,&quot;title&quot;:&quot;&quot;,&quot;orientation&quot;:&quot;0&quot;}\" data-image-title=\"Chinese (Traditional) translations Services\" data-image-description=\"&lt;p&gt;Chinese (Traditional) translations Services&lt;\/p&gt;\" data-image-caption=\"\" data-medium-file=\"https:\/\/i0.wp.com\/lsa-global.com\/wp-content\/uploads\/2025\/03\/Chinese-Traditional.png?fit=300%2C200&amp;ssl=1\" data-large-file=\"https:\/\/i0.wp.com\/lsa-global.com\/wp-content\/uploads\/2025\/03\/Chinese-Traditional.png?fit=1024%2C683&amp;ssl=1\" width=\"300\" height=\"200\" src=\"https:\/\/i0.wp.com\/lsa-global.com\/wp-content\/uploads\/2025\/03\/Chinese-Traditional.png?fit=300%2C200&amp;ssl=1\" class=\"attachment-medium size-medium wp-image-43840\" alt=\"Servi\u00e7os de tradu\u00e7\u00e3o em chin\u00eas (tradicional)\" srcset=\"https:\/\/i0.wp.com\/lsa-global.com\/wp-content\/uploads\/2025\/03\/Chinese-Traditional.png?w=2560&amp;ssl=1 2560w, https:\/\/i0.wp.com\/lsa-global.com\/wp-content\/uploads\/2025\/03\/Chinese-Traditional.png?resize=300%2C200&amp;ssl=1 300w, https:\/\/i0.wp.com\/lsa-global.com\/wp-content\/uploads\/2025\/03\/Chinese-Traditional.png?resize=1024%2C683&amp;ssl=1 1024w, https:\/\/i0.wp.com\/lsa-global.com\/wp-content\/uploads\/2025\/03\/Chinese-Traditional.png?resize=150%2C100&amp;ssl=1 150w, https:\/\/i0.wp.com\/lsa-global.com\/wp-content\/uploads\/2025\/03\/Chinese-Traditional.png?resize=768%2C512&amp;ssl=1 768w, https:\/\/i0.wp.com\/lsa-global.com\/wp-content\/uploads\/2025\/03\/Chinese-Traditional.png?resize=1536%2C1024&amp;ssl=1 1536w, https:\/\/i0.wp.com\/lsa-global.com\/wp-content\/uploads\/2025\/03\/Chinese-Traditional.png?resize=2048%2C1366&amp;ssl=1 2048w, https:\/\/i0.wp.com\/lsa-global.com\/wp-content\/uploads\/2025\/03\/Chinese-Traditional.png?resize=18%2C12&amp;ssl=1 18w, https:\/\/i0.wp.com\/lsa-global.com\/wp-content\/uploads\/2025\/03\/Chinese-Traditional.png?resize=370%2C247&amp;ssl=1 370w, https:\/\/i0.wp.com\/lsa-global.com\/wp-content\/uploads\/2025\/03\/Chinese-Traditional.png?resize=760%2C507&amp;ssl=1 760w\" sizes=\"(max-width: 300px) 100vw, 300px\" title=\"\">\t\t\t\t\t\t\t\t\t\t\t\t\t\t\t<\/div>\n\t\t\t\t\t<\/div>\n\t\t\t\t<\/div>\n\t\t\t\t<\/div>","protected":false},"excerpt":{"rendered":"<p>Professional Traditional Chinese Translation Services \u2013 Accurate Expert Traditional Chinese Translation Services for Businesses and Individuals Are you seeking high-quality&hellip;<\/p>","protected":false},"author":1,"featured_media":44083,"parent":0,"menu_order":0,"comment_status":"closed","ping_status":"closed","template":"","meta":{"jetpack_post_was_ever_published":false,"footnotes":""},"class_list":["post-43397","page","type-page","status-publish","has-post-thumbnail","hentry"],"jetpack_sharing_enabled":true,"jetpack_likes_enabled":true,"jetpack-related-posts":[],"jetpack_shortlink":"https:\/\/wp.me\/PerFda-bhX","_links":{"self":[{"href":"https:\/\/lsa-global.com\/pt\/wp-json\/wp\/v2\/pages\/43397","targetHints":{"allow":["GET"]}}],"collection":[{"href":"https:\/\/lsa-global.com\/pt\/wp-json\/wp\/v2\/pages"}],"about":[{"href":"https:\/\/lsa-global.com\/pt\/wp-json\/wp\/v2\/types\/page"}],"author":[{"embeddable":true,"href":"https:\/\/lsa-global.com\/pt\/wp-json\/wp\/v2\/users\/1"}],"replies":[{"embeddable":true,"href":"https:\/\/lsa-global.com\/pt\/wp-json\/wp\/v2\/comments?post=43397"}],"version-history":[{"count":0,"href":"https:\/\/lsa-global.com\/pt\/wp-json\/wp\/v2\/pages\/43397\/revisions"}],"wp:featuredmedia":[{"embeddable":true,"href":"https:\/\/lsa-global.com\/pt\/wp-json\/wp\/v2\/media\/44083"}],"wp:attachment":[{"href":"https:\/\/lsa-global.com\/pt\/wp-json\/wp\/v2\/media?parent=43397"}],"curies":[{"name":"wp","href":"https:\/\/api.w.org\/{rel}","templated":true}]}}