{"id":43358,"date":"2025-03-18T15:19:40","date_gmt":"2025-03-18T14:19:40","guid":{"rendered":"https:\/\/lsa-global.com\/?page_id=43358"},"modified":"2025-04-25T14:56:01","modified_gmt":"2025-04-25T13:56:01","slug":"ukrainian-translation-services","status":"publish","type":"page","link":"https:\/\/lsa-global.com\/pt\/ukrainian-translation-services\/","title":{"rendered":"Servi\u00e7os profissionais de tradu\u00e7\u00e3o ucraniana \u2013 precisos e certificados"},"content":{"rendered":"<div data-elementor-type=\"wp-page\" data-elementor-id=\"43358\" class=\"elementor elementor-43358\" data-elementor-post-type=\"page\">\n\t\t\t\t<div class=\"elementor-element elementor-element-9678885 e-flex e-con-boxed e-con e-parent\" data-id=\"9678885\" data-element_type=\"container\" data-e-type=\"container\">\n\t\t\t\t\t<div class=\"e-con-inner\">\n\t\t\t\t<div class=\"elementor-element elementor-element-b144b85 elementor-widget elementor-widget-heading\" data-id=\"b144b85\" data-element_type=\"widget\" data-e-type=\"widget\" data-widget_type=\"heading.default\">\n\t\t\t\t\t<h2 class=\"elementor-heading-title elementor-size-default\">Professional Ukrainian Translation Services \u2013 Accurate and Certified<\/h2>\t\t\t\t<\/div>\n\t\t\t\t<div class=\"elementor-element elementor-element-963ef11 elementor-widget elementor-widget-image\" data-id=\"963ef11\" data-element_type=\"widget\" data-e-type=\"widget\" data-widget_type=\"image.default\">\n\t\t\t\t\t\t\t\t\t\t\t\t\t\t\t<img fetchpriority=\"high\" decoding=\"async\" data-attachment-id=\"43591\" data-permalink=\"https:\/\/lsa-global.com\/fr\/ukrainian-translation-services\/ukrainian\/\" data-orig-file=\"https:\/\/i0.wp.com\/lsa-global.com\/wp-content\/uploads\/2025\/03\/Ukrainian.png?fit=2560%2C1707&amp;ssl=1\" data-orig-size=\"2560,1707\" data-comments-opened=\"0\" data-image-meta=\"{&quot;aperture&quot;:&quot;0&quot;,&quot;credit&quot;:&quot;&quot;,&quot;camera&quot;:&quot;&quot;,&quot;caption&quot;:&quot;&quot;,&quot;created_timestamp&quot;:&quot;0&quot;,&quot;copyright&quot;:&quot;&quot;,&quot;focal_length&quot;:&quot;0&quot;,&quot;iso&quot;:&quot;0&quot;,&quot;shutter_speed&quot;:&quot;0&quot;,&quot;title&quot;:&quot;&quot;,&quot;orientation&quot;:&quot;0&quot;}\" data-image-title=\"Ukrainian Translations Services\" data-image-description=\"&lt;p&gt;Ukrainian Translations Services&lt;\/p&gt;\" data-image-caption=\"\" data-large-file=\"https:\/\/i0.wp.com\/lsa-global.com\/wp-content\/uploads\/2025\/03\/Ukrainian.png?fit=1024%2C683&amp;ssl=1\" width=\"300\" height=\"200\" src=\"https:\/\/i0.wp.com\/lsa-global.com\/wp-content\/uploads\/2025\/03\/Ukrainian.png?fit=300%2C200&amp;ssl=1\" class=\"attachment-medium size-medium wp-image-43591\" alt=\"Ukrainian Translations Services\" srcset=\"https:\/\/i0.wp.com\/lsa-global.com\/wp-content\/uploads\/2025\/03\/Ukrainian.png?w=2560&amp;ssl=1 2560w, https:\/\/i0.wp.com\/lsa-global.com\/wp-content\/uploads\/2025\/03\/Ukrainian.png?resize=300%2C200&amp;ssl=1 300w, https:\/\/i0.wp.com\/lsa-global.com\/wp-content\/uploads\/2025\/03\/Ukrainian.png?resize=1024%2C683&amp;ssl=1 1024w, https:\/\/i0.wp.com\/lsa-global.com\/wp-content\/uploads\/2025\/03\/Ukrainian.png?resize=150%2C100&amp;ssl=1 150w, https:\/\/i0.wp.com\/lsa-global.com\/wp-content\/uploads\/2025\/03\/Ukrainian.png?resize=768%2C512&amp;ssl=1 768w, https:\/\/i0.wp.com\/lsa-global.com\/wp-content\/uploads\/2025\/03\/Ukrainian.png?resize=1536%2C1024&amp;ssl=1 1536w, https:\/\/i0.wp.com\/lsa-global.com\/wp-content\/uploads\/2025\/03\/Ukrainian.png?resize=2048%2C1366&amp;ssl=1 2048w, https:\/\/i0.wp.com\/lsa-global.com\/wp-content\/uploads\/2025\/03\/Ukrainian.png?resize=18%2C12&amp;ssl=1 18w, https:\/\/i0.wp.com\/lsa-global.com\/wp-content\/uploads\/2025\/03\/Ukrainian.png?resize=370%2C247&amp;ssl=1 370w, https:\/\/i0.wp.com\/lsa-global.com\/wp-content\/uploads\/2025\/03\/Ukrainian.png?resize=760%2C507&amp;ssl=1 760w\" sizes=\"(max-width: 300px) 100vw, 300px\" title=\"\">\t\t\t\t\t\t\t\t\t\t\t\t\t\t\t<\/div>\n\t\t\t\t<div class=\"elementor-element elementor-element-685db50 elementor-widget elementor-widget-heading\" data-id=\"685db50\" data-element_type=\"widget\" data-e-type=\"widget\" data-widget_type=\"heading.default\">\n\t\t\t\t\t<h3 class=\"elementor-heading-title elementor-size-default\">Expert Ukrainian Translation Services for Businesses and Individuals<\/h3>\t\t\t\t<\/div>\n\t\t\t\t<div class=\"elementor-element elementor-element-e448054 elementor-widget elementor-widget-text-editor\" data-id=\"e448054\" data-element_type=\"widget\" data-e-type=\"widget\" data-widget_type=\"text-editor.default\">\n\t\t\t\t\t\t\t\t\t<p>Are you seeking high-quality Ukrainian translation services? Our team of professional translators specializes in delivering accurate, culturally adapted translations tailored to Ukrainian-speaking audiences. We offer a comprehensive range of services, including document translation, website localization, technical translations, and more, ensuring your content resonates with your target market.<\/p>\t\t\t\t\t\t\t\t<\/div>\n\t\t\t\t<div class=\"elementor-element elementor-element-986bab3 elementor-widget elementor-widget-heading\" data-id=\"986bab3\" data-element_type=\"widget\" data-e-type=\"widget\" data-widget_type=\"heading.default\">\n\t\t\t\t\t<h3 class=\"elementor-heading-title elementor-size-default\">Why Choose Our Ukrainian Translation Services?<\/h3>\t\t\t\t<\/div>\n\t\t\t\t<div class=\"elementor-element elementor-element-1a623df elementor-widget elementor-widget-text-editor\" data-id=\"1a623df\" data-element_type=\"widget\" data-e-type=\"widget\" data-widget_type=\"text-editor.default\">\n\t\t\t\t\t\t\t\t\t<ul><li><p>Native Ukrainian Translators: Our translators are native Ukrainian speakers with years of full-time experience, ensuring precise and contextually appropriate translations.\u00a0<\/p><\/li><li><p>Tradu\u00e7\u00f5es Certificadas: Fornecemos tradu\u00e7\u00f5es autenticadas aceitas por \u00f3rg\u00e3os governamentais e institui\u00e7\u00f5es jur\u00eddicas, garantindo conformidade e autenticidade.<\/p><\/li><li><p>Conte\u00fado otimizado para SEO: nossas tradu\u00e7\u00f5es incorporam as melhores pr\u00e1ticas de SEO, ajudando seu site a ter uma classifica\u00e7\u00e3o mais alta em mecanismos de busca como Google e Bing.\u00a0<\/p><\/li><li><p>Entrega r\u00e1pida e pre\u00e7os competitivos: entregamos tradu\u00e7\u00f5es de alta qualidade prontamente e a pre\u00e7os competitivos, atendendo aos seus prazos e requisitos de or\u00e7amento.\u00a0<\/p><\/li><li><p>Experi\u00eancia no setor: Nossos tradutores possuem conhecimento especializado em v\u00e1rios setores, incluindo jur\u00eddico, m\u00e9dico, t\u00e9cnico e empresarial.<\/p><\/li><li><p>Timely Delivery and Project Flexibility:<\/p><p class=\"\" data-start=\"3340\" data-end=\"3512\">Whether you have an urgent legal document or a large-scale localization project, we deliver on time\u2014every time. Our scalable team and flexible workflows allow us to manage:<\/p><ul data-start=\"3514\" data-end=\"3615\"><li class=\"\" data-start=\"3514\" data-end=\"3546\"><p class=\"\" data-start=\"3516\" data-end=\"3546\">Short-turnaround assignments<\/p><\/li><li class=\"\" data-start=\"3547\" data-end=\"3580\"><p class=\"\" data-start=\"3549\" data-end=\"3580\">Ongoing multilingual projects<\/p><\/li><li class=\"\" data-start=\"3581\" data-end=\"3615\"><p class=\"\" data-start=\"3583\" data-end=\"3615\">Complex file formats and layouts<\/p><\/li><\/ul><p class=\"\" data-start=\"3617\" data-end=\"3699\">You\u2019ll receive clear timelines, transparent communication, and dependable results.<\/p><\/li><li><p class=\"\" data-start=\"3617\" data-end=\"3699\">Confidencialidade e Prote\u00e7\u00e3o de Dados<\/p><p class=\"\" data-start=\"3746\" data-end=\"3995\">All Ukrainian translation projects are managed with the highest level of confidentiality and security. We use encrypted systems, follow international data protection laws, and offer non-disclosure agreements (NDAs) for sensitive content.<\/p><\/li><li><p class=\"\" data-start=\"3746\" data-end=\"3995\">\u00a0Full-Spectrum Ukrainian Language Support<\/p><p class=\"\" data-start=\"4047\" data-end=\"4140\">Beyond document translation, we provide a comprehensive range of Ukrainian language services:<\/p><ul data-start=\"4142\" data-end=\"4383\"><li class=\"\" data-start=\"4142\" data-end=\"4185\"><p class=\"\" data-start=\"4144\" data-end=\"4185\">Interpreta\u00e7\u00e3o (remota e presencial)<\/p><\/li><li class=\"\" data-start=\"4186\" data-end=\"4234\"><p class=\"\" data-start=\"4188\" data-end=\"4234\">Subtitling, transcription, and voiceover<\/p><\/li><li class=\"\" data-start=\"4235\" data-end=\"4276\"><p class=\"\" data-start=\"4237\" data-end=\"4276\">Software and website localization<\/p><\/li><li class=\"\" data-start=\"4277\" data-end=\"4328\"><p class=\"\" data-start=\"4279\" data-end=\"4328\">Desktop publishing (DTP) in Cyrillic script<\/p><\/li><li class=\"\" data-start=\"4329\" data-end=\"4383\"><p class=\"\" data-start=\"4331\" data-end=\"4383\">Content transcreation for marketing and branding<\/p><\/li><\/ul><p class=\"\" data-start=\"4385\" data-end=\"4517\">We offer end-to-end support for businesses, NGOs, academic institutions, and individuals requiring Ukrainian language expertise.<\/p><\/li><\/ul>\t\t\t\t\t\t\t\t<\/div>\n\t\t\t\t<div class=\"elementor-element elementor-element-bc9729b elementor-widget elementor-widget-heading\" data-id=\"bc9729b\" data-element_type=\"widget\" data-e-type=\"widget\" data-widget_type=\"heading.default\">\n\t\t\t\t\t<h3 class=\"elementor-heading-title elementor-size-default\">Our Ukrainian Translation Services<\/h3>\t\t\t\t<\/div>\n\t\t\t\t<div class=\"elementor-element elementor-element-fb602ed elementor-widget elementor-widget-heading\" data-id=\"fb602ed\" data-element_type=\"widget\" data-e-type=\"widget\" data-widget_type=\"heading.default\">\n\t\t\t\t\t<h5 class=\"elementor-heading-title elementor-size-default\">1. Tradu\u00e7\u00e3o Certificada de Documentos<\/h5>\t\t\t\t<\/div>\n\t\t\t\t<div class=\"elementor-element elementor-element-9f655bd elementor-widget elementor-widget-text-editor\" data-id=\"9f655bd\" data-element_type=\"widget\" data-e-type=\"widget\" data-widget_type=\"text-editor.default\">\n\t\t\t\t\t\t\t\t\t<p>Oferecemos tradu\u00e7\u00f5es certificadas para diversos documentos, garantindo precis\u00e3o e aceita\u00e7\u00e3o por entidades oficiais:<\/p><ul><li><p>Documentos legais: contratos, acordos, documentos judiciais.<\/p><\/li><li><p>Documentos pessoais: certid\u00f5es de nascimento, certid\u00f5es de casamento, hist\u00f3ricos escolares.<\/p><\/li><li><p>Documentos comerciais: licen\u00e7as, demonstra\u00e7\u00f5es financeiras, relat\u00f3rios corporativos.<\/p><\/li><\/ul>\t\t\t\t\t\t\t\t<\/div>\n\t\t\t\t<div class=\"elementor-element elementor-element-3ccc1a4 elementor-widget elementor-widget-heading\" data-id=\"3ccc1a4\" data-element_type=\"widget\" data-e-type=\"widget\" data-widget_type=\"heading.default\">\n\t\t\t\t\t<h5 class=\"elementor-heading-title elementor-size-default\">2. Localiza\u00e7\u00e3o de sites e aplicativos<\/h5>\t\t\t\t<\/div>\n\t\t\t\t<div class=\"elementor-element elementor-element-86bf123 elementor-widget elementor-widget-text-editor\" data-id=\"86bf123\" data-element_type=\"widget\" data-e-type=\"widget\" data-widget_type=\"text-editor.default\">\n\t\t\t\t\t\t\t\t\t<p>Expand your digital presence in Ukrainian-speaking markets with our localization services:<\/p><ul><li><p>Localiza\u00e7\u00e3o de sites: adapta\u00e7\u00e3o do conte\u00fado do seu site para adequ\u00e1-lo \u00e0s nuances e prefer\u00eancias culturais.<\/p><\/li><li><p>App Localization: Ensuring your mobile applications are user-friendly for Ukrainian-speaking users.<\/p><\/li><li><p>Otimiza\u00e7\u00e3o de SEO: implementa\u00e7\u00e3o de palavras-chave localizadas e meta tags para melhorar a classifica\u00e7\u00e3o nos mecanismos de busca.<\/p><\/li><\/ul>\t\t\t\t\t\t\t\t<\/div>\n\t\t\t\t<div class=\"elementor-element elementor-element-db38720 elementor-widget elementor-widget-heading\" data-id=\"db38720\" data-element_type=\"widget\" data-e-type=\"widget\" data-widget_type=\"heading.default\">\n\t\t\t\t\t<h5 class=\"elementor-heading-title elementor-size-default\">3. Tradu\u00e7\u00f5es T\u00e9cnicas e M\u00e9dicas<\/h5>\t\t\t\t<\/div>\n\t\t\t\t<div class=\"elementor-element elementor-element-5e3dbbd elementor-widget elementor-widget-text-editor\" data-id=\"5e3dbbd\" data-element_type=\"widget\" data-e-type=\"widget\" data-widget_type=\"text-editor.default\">\n\t\t\t\t\t\t\t\t\t<p>Nossos especialistas lidam com documentos t\u00e9cnicos e m\u00e9dicos complexos com precis\u00e3o:<\/p><ul><li><p>Manuais t\u00e9cnicos: guias do usu\u00e1rio, manuais de produtos, especifica\u00e7\u00f5es t\u00e9cnicas.<\/p><\/li><li><p>Documentos m\u00e9dicos: relat\u00f3rios cl\u00ednicos, informa\u00e7\u00f5es farmac\u00eauticas, artigos de pesquisa m\u00e9dica.<\/p><\/li><\/ul>\t\t\t\t\t\t\t\t<\/div>\n\t\t\t\t<div class=\"elementor-element elementor-element-9663cdb elementor-widget elementor-widget-heading\" data-id=\"9663cdb\" data-element_type=\"widget\" data-e-type=\"widget\" data-widget_type=\"heading.default\">\n\t\t\t\t\t<h5 class=\"elementor-heading-title elementor-size-default\">4. Tradu\u00e7\u00f5es de neg\u00f3cios e marketing<\/h5>\t\t\t\t<\/div>\n\t\t\t\t<div class=\"elementor-element elementor-element-8940e31 elementor-widget elementor-widget-text-editor\" data-id=\"8940e31\" data-element_type=\"widget\" data-e-type=\"widget\" data-widget_type=\"text-editor.default\">\n\t\t\t\t\t\t\t\t\t<p>Effectively communicate your brand message to Ukrainian-speaking audiences:<\/p><ul><li><p>Materiais de marketing: folhetos, an\u00fancios, comunicados de imprensa.<\/p><\/li><li><p>Comunica\u00e7\u00f5es empresariais: apresenta\u00e7\u00f5es, e-mails, comunica\u00e7\u00f5es corporativas<\/p><\/li><\/ul>\t\t\t\t\t\t\t\t<\/div>\n\t\t\t\t<div class=\"elementor-element elementor-element-fe36f6b elementor-widget elementor-widget-heading\" data-id=\"fe36f6b\" data-element_type=\"widget\" data-e-type=\"widget\" data-widget_type=\"heading.default\">\n\t\t\t\t\t<h3 class=\"elementor-heading-title elementor-size-default\">Ind\u00fastrias que atendemos<\/h3>\t\t\t\t<\/div>\n\t\t\t\t<div class=\"elementor-element elementor-element-29194df elementor-widget elementor-widget-text-editor\" data-id=\"29194df\" data-element_type=\"widget\" data-e-type=\"widget\" data-widget_type=\"text-editor.default\">\n\t\t\t\t\t\t\t\t\t<p>Atendemos a uma ampla gama de setores, incluindo:<\/p><ul><li><p>Jur\u00eddico e governamental: Fornecimento de tradu\u00e7\u00f5es para processos legais e comunica\u00e7\u00f5es governamentais.<\/p><\/li><li><p>Sa\u00fade e produtos farmac\u00eauticos: tradu\u00e7\u00e3o de registros m\u00e9dicos, artigos de pesquisa e documentos farmac\u00eauticos.<\/p><\/li><li><p>Tecnologia e TI: Localiza\u00e7\u00e3o de software, manuais do usu\u00e1rio e documenta\u00e7\u00e3o t\u00e9cnica.<\/p><\/li><li><p>Finan\u00e7as e servi\u00e7os banc\u00e1rios: tradu\u00e7\u00e3o de relat\u00f3rios financeiros, documentos de investimento e materiais banc\u00e1rios.<\/p><\/li><li><p>E-commerce e varejo: localiza\u00e7\u00e3o de descri\u00e7\u00f5es de produtos, avalia\u00e7\u00f5es de clientes e conte\u00fado de marketing.<\/p><\/li><\/ul>\t\t\t\t\t\t\t\t<\/div>\n\t\t\t\t<div class=\"elementor-element elementor-element-5f1e9c6 elementor-widget elementor-widget-heading\" data-id=\"5f1e9c6\" data-element_type=\"widget\" data-e-type=\"widget\" data-widget_type=\"heading.default\">\n\t\t\t\t\t<h3 class=\"elementor-heading-title elementor-size-default\">Why Professional Ukrainian Translation Matters<\/h3>\t\t\t\t<\/div>\n\t\t\t\t<div class=\"elementor-element elementor-element-d83a7e6 elementor-widget elementor-widget-text-editor\" data-id=\"d83a7e6\" data-element_type=\"widget\" data-e-type=\"widget\" data-widget_type=\"text-editor.default\">\n\t\t\t\t\t\t\t\t\t<p>Ukrainian is spoken by millions of people worldwide, making it essential for businesses and organizations aiming to connect with Ukrainian-speaking audiences. Professional translation ensures:<\/p><ul><li><p>Relev\u00e2ncia cultural: tradu\u00e7\u00f5es precisas que ressoem com a cultura e os costumes locais.<\/p><\/li><li><p>Conformidade legal: garantir que os documentos atendam aos padr\u00f5es e requisitos legais regionais.<\/p><\/li><li><p>Brand Credibility: Presenting your business professionally to Ukrainian-speaking audiences.<\/p><\/li><\/ul>\t\t\t\t\t\t\t\t<\/div>\n\t\t\t\t<div class=\"elementor-element elementor-element-e37d94d elementor-widget elementor-widget-heading\" data-id=\"e37d94d\" data-element_type=\"widget\" data-e-type=\"widget\" data-widget_type=\"heading.default\">\n\t\t\t\t\t<h3 class=\"elementor-heading-title elementor-size-default\">SEO-Optimized Ukrainian Translation Services<\/h3>\t\t\t\t<\/div>\n\t\t\t\t<div class=\"elementor-element elementor-element-d66f520 elementor-widget elementor-widget-text-editor\" data-id=\"d66f520\" data-element_type=\"widget\" data-e-type=\"widget\" data-widget_type=\"text-editor.default\">\n\t\t\t\t\t\t\t\t\t<p>Nossas tradu\u00e7\u00f5es s\u00e3o projetadas com as melhores pr\u00e1ticas de SEO para melhorar sua visibilidade online:<\/p><ul><li><p>Palavras-chave localizadas: incorpora\u00e7\u00e3o de termos de pesquisa espec\u00edficos da regi\u00e3o para melhorar a classifica\u00e7\u00e3o.\u00a0<\/p><\/li><li><p>Otimiza\u00e7\u00e3o de meta tags: tradu\u00e7\u00e3o e otimiza\u00e7\u00e3o de meta descri\u00e7\u00f5es e t\u00edtulos para melhores taxas de cliques.<\/p><\/li><li><p>User-Friendly URLs: Creating URLs that are readable and relevant in Ukrainian.<\/p><\/li><\/ul>\t\t\t\t\t\t\t\t<\/div>\n\t\t\t\t<div class=\"elementor-element elementor-element-57af0fc elementor-widget elementor-widget-heading\" data-id=\"57af0fc\" data-element_type=\"widget\" data-e-type=\"widget\" data-widget_type=\"heading.default\">\n\t\t\t\t\t<h3 class=\"elementor-heading-title elementor-size-default\">Get a Free Quote for Ukrainian Translation Services<\/h3>\t\t\t\t<\/div>\n\t\t\t\t<div class=\"elementor-element elementor-element-474b78e elementor-widget elementor-widget-text-editor\" data-id=\"474b78e\" data-element_type=\"widget\" data-e-type=\"widget\" data-widget_type=\"text-editor.default\">\n\t\t\t\t\t\t\t\t\t<p>Need professional Ukrainian translation services? <a href=\"https:\/\/lsa-global.com\/pt\/obtenha-um-orcamento-gratuito-lsa-global\/\"><strong><span style=\"color: #0000ff;\">Entre em contato conosco hoje mesmo para um or\u00e7amento gratuito.<\/span><\/strong><\/a> Garantimos tradu\u00e7\u00f5es r\u00e1pidas, precisas e confidenciais para todas as suas necessidades.<\/p>\t\t\t\t\t\t\t\t<\/div>\n\t\t\t\t<div class=\"elementor-element elementor-element-221102c elementor-widget elementor-widget-heading\" data-id=\"221102c\" data-element_type=\"widget\" data-e-type=\"widget\" data-widget_type=\"heading.default\">\n\t\t\t\t\t<h3 class=\"elementor-heading-title elementor-size-default\">Indo al\u00e9m<\/h3>\t\t\t\t<\/div>\n\t\t\t\t<div class=\"elementor-element elementor-element-72d91ef elementor-widget elementor-widget-text-editor\" data-id=\"72d91ef\" data-element_type=\"widget\" data-e-type=\"widget\" data-widget_type=\"text-editor.default\">\n\t\t\t\t\t\t\t\t\t<h5><span style=\"color: #000080;\"><a style=\"color: #000080;\" href=\"https:\/\/lsa-global.com\/pt\/aprender-a-lingua-alema\/\">Or\u00e7amento Gratuito<\/a><\/span><\/h5>\t\t\t\t\t\t\t\t<\/div>\n\t\t\t\t<div class=\"elementor-element elementor-element-f21c167 elementor-widget elementor-widget-text-editor\" data-id=\"f21c167\" data-element_type=\"widget\" data-e-type=\"widget\" data-widget_type=\"text-editor.default\">\n\t\t\t\t\t\t\t\t\t<h5><span style=\"color: #000080;\"><a style=\"color: #000080;\" href=\"https:\/\/lsa-global.com\/pt\/postagens\/\">Mais Posts<\/a><\/span><\/h5>\t\t\t\t\t\t\t\t<\/div>\n\t\t\t\t<div class=\"elementor-element elementor-element-2c9b26b elementor-widget elementor-widget-text-editor\" data-id=\"2c9b26b\" data-element_type=\"widget\" data-e-type=\"widget\" data-widget_type=\"text-editor.default\">\n\t\t\t\t\t\t\t\t\t<h5><span style=\"color: #000080;\"><a style=\"color: #000080;\" href=\"https:\/\/lsaglobal-translate.co.uk\/services\/translation-services\/\" target=\"_blank\" rel=\"noopener\">Tradu\u00e7\u00e3o Pro.<\/a><\/span><\/h5>\t\t\t\t\t\t\t\t<\/div>\n\t\t\t\t<div class=\"elementor-element elementor-element-976f832 elementor-widget elementor-widget-text-editor\" data-id=\"976f832\" data-element_type=\"widget\" data-e-type=\"widget\" data-widget_type=\"text-editor.default\">\n\t\t\t\t\t\t\t\t\t<h4><span style=\"color: #000080;\"><a style=\"color: #000080;\" href=\"https:\/\/lsaglobal-translate.co.uk\/\" target=\"_blank\" rel=\"noopener\">Visite o site LSAGLOBAL-Translate para mais informa\u00e7\u00f5es<\/a><\/span><\/h4>\t\t\t\t\t\t\t\t<\/div>\n\t\t\t\t<div class=\"elementor-element elementor-element-9506638 elementor-widget elementor-widget-image\" data-id=\"9506638\" data-element_type=\"widget\" data-e-type=\"widget\" data-widget_type=\"image.default\">\n\t\t\t\t\t\t\t\t\t\t\t\t\t\t\t<img fetchpriority=\"high\" decoding=\"async\" data-attachment-id=\"43591\" data-permalink=\"https:\/\/lsa-global.com\/fr\/ukrainian-translation-services\/ukrainian\/\" data-orig-file=\"https:\/\/i0.wp.com\/lsa-global.com\/wp-content\/uploads\/2025\/03\/Ukrainian.png?fit=2560%2C1707&amp;ssl=1\" data-orig-size=\"2560,1707\" data-comments-opened=\"0\" data-image-meta=\"{&quot;aperture&quot;:&quot;0&quot;,&quot;credit&quot;:&quot;&quot;,&quot;camera&quot;:&quot;&quot;,&quot;caption&quot;:&quot;&quot;,&quot;created_timestamp&quot;:&quot;0&quot;,&quot;copyright&quot;:&quot;&quot;,&quot;focal_length&quot;:&quot;0&quot;,&quot;iso&quot;:&quot;0&quot;,&quot;shutter_speed&quot;:&quot;0&quot;,&quot;title&quot;:&quot;&quot;,&quot;orientation&quot;:&quot;0&quot;}\" data-image-title=\"Ukrainian Translations Services\" data-image-description=\"&lt;p&gt;Ukrainian Translations Services&lt;\/p&gt;\" data-image-caption=\"\" data-large-file=\"https:\/\/i0.wp.com\/lsa-global.com\/wp-content\/uploads\/2025\/03\/Ukrainian.png?fit=1024%2C683&amp;ssl=1\" width=\"300\" height=\"200\" src=\"https:\/\/i0.wp.com\/lsa-global.com\/wp-content\/uploads\/2025\/03\/Ukrainian.png?fit=300%2C200&amp;ssl=1\" class=\"attachment-medium size-medium wp-image-43591\" alt=\"Ukrainian Translations Services\" srcset=\"https:\/\/i0.wp.com\/lsa-global.com\/wp-content\/uploads\/2025\/03\/Ukrainian.png?w=2560&amp;ssl=1 2560w, https:\/\/i0.wp.com\/lsa-global.com\/wp-content\/uploads\/2025\/03\/Ukrainian.png?resize=300%2C200&amp;ssl=1 300w, https:\/\/i0.wp.com\/lsa-global.com\/wp-content\/uploads\/2025\/03\/Ukrainian.png?resize=1024%2C683&amp;ssl=1 1024w, https:\/\/i0.wp.com\/lsa-global.com\/wp-content\/uploads\/2025\/03\/Ukrainian.png?resize=150%2C100&amp;ssl=1 150w, https:\/\/i0.wp.com\/lsa-global.com\/wp-content\/uploads\/2025\/03\/Ukrainian.png?resize=768%2C512&amp;ssl=1 768w, https:\/\/i0.wp.com\/lsa-global.com\/wp-content\/uploads\/2025\/03\/Ukrainian.png?resize=1536%2C1024&amp;ssl=1 1536w, https:\/\/i0.wp.com\/lsa-global.com\/wp-content\/uploads\/2025\/03\/Ukrainian.png?resize=2048%2C1366&amp;ssl=1 2048w, https:\/\/i0.wp.com\/lsa-global.com\/wp-content\/uploads\/2025\/03\/Ukrainian.png?resize=18%2C12&amp;ssl=1 18w, https:\/\/i0.wp.com\/lsa-global.com\/wp-content\/uploads\/2025\/03\/Ukrainian.png?resize=370%2C247&amp;ssl=1 370w, https:\/\/i0.wp.com\/lsa-global.com\/wp-content\/uploads\/2025\/03\/Ukrainian.png?resize=760%2C507&amp;ssl=1 760w\" sizes=\"(max-width: 300px) 100vw, 300px\" title=\"\">\t\t\t\t\t\t\t\t\t\t\t\t\t\t\t<\/div>\n\t\t\t\t\t<\/div>\n\t\t\t\t<\/div>\n\t\t\t\t<\/div>","protected":false},"excerpt":{"rendered":"<p>Professional Ukrainian Translation Services \u2013 Accurate and Certified Expert Ukrainian Translation Services for Businesses and Individuals Are you seeking high-quality&hellip;<\/p>","protected":false},"author":1,"featured_media":44075,"parent":0,"menu_order":0,"comment_status":"closed","ping_status":"closed","template":"","meta":{"jetpack_post_was_ever_published":false,"footnotes":""},"class_list":["post-43358","page","type-page","status-publish","has-post-thumbnail","hentry"],"jetpack_sharing_enabled":true,"jetpack_likes_enabled":true,"jetpack-related-posts":[],"jetpack_shortlink":"https:\/\/wp.me\/PerFda-bhk","_links":{"self":[{"href":"https:\/\/lsa-global.com\/pt\/wp-json\/wp\/v2\/pages\/43358","targetHints":{"allow":["GET"]}}],"collection":[{"href":"https:\/\/lsa-global.com\/pt\/wp-json\/wp\/v2\/pages"}],"about":[{"href":"https:\/\/lsa-global.com\/pt\/wp-json\/wp\/v2\/types\/page"}],"author":[{"embeddable":true,"href":"https:\/\/lsa-global.com\/pt\/wp-json\/wp\/v2\/users\/1"}],"replies":[{"embeddable":true,"href":"https:\/\/lsa-global.com\/pt\/wp-json\/wp\/v2\/comments?post=43358"}],"version-history":[{"count":0,"href":"https:\/\/lsa-global.com\/pt\/wp-json\/wp\/v2\/pages\/43358\/revisions"}],"wp:featuredmedia":[{"embeddable":true,"href":"https:\/\/lsa-global.com\/pt\/wp-json\/wp\/v2\/media\/44075"}],"wp:attachment":[{"href":"https:\/\/lsa-global.com\/pt\/wp-json\/wp\/v2\/media?parent=43358"}],"curies":[{"name":"wp","href":"https:\/\/api.w.org\/{rel}","templated":true}]}}