{"id":43354,"date":"2025-03-18T15:14:35","date_gmt":"2025-03-18T14:14:35","guid":{"rendered":"https:\/\/lsa-global.com\/?page_id=43354"},"modified":"2025-04-25T11:37:26","modified_gmt":"2025-04-25T10:37:26","slug":"danish-translation-services-accurate-certified","status":"publish","type":"page","link":"https:\/\/lsa-global.com\/pt\/danish-translation-services-accurate-certified\/","title":{"rendered":"Servi\u00e7os profissionais de tradu\u00e7\u00e3o dinamarquesa \u2013 precisos e certificados"},"content":{"rendered":"<div data-elementor-type=\"wp-page\" data-elementor-id=\"43354\" class=\"elementor elementor-43354\" data-elementor-post-type=\"page\">\n\t\t\t\t<div class=\"elementor-element elementor-element-520bcd51 e-flex e-con-boxed e-con e-parent\" data-id=\"520bcd51\" data-element_type=\"container\" data-e-type=\"container\">\n\t\t\t\t\t<div class=\"e-con-inner\">\n\t\t\t\t<div class=\"elementor-element elementor-element-0c1efaf elementor-widget elementor-widget-heading\" data-id=\"0c1efaf\" data-element_type=\"widget\" data-e-type=\"widget\" data-widget_type=\"heading.default\">\n\t\t\t\t\t<h2 class=\"elementor-heading-title elementor-size-default\">Professional Danish Translation Services \u2013 Accurate &amp; Certified<\/h2>\t\t\t\t<\/div>\n\t\t\t\t<div class=\"elementor-element elementor-element-1e599e7 elementor-widget elementor-widget-image\" data-id=\"1e599e7\" data-element_type=\"widget\" data-e-type=\"widget\" data-widget_type=\"image.default\">\n\t\t\t\t\t\t\t\t\t\t\t\t\t\t\t<img fetchpriority=\"high\" decoding=\"async\" data-attachment-id=\"43708\" data-permalink=\"https:\/\/lsa-global.com\/danish-translation-services-accurate-certified\/danish\/\" data-orig-file=\"https:\/\/i0.wp.com\/lsa-global.com\/wp-content\/uploads\/2025\/03\/Danish.png?fit=2560%2C1937&amp;ssl=1\" data-orig-size=\"2560,1937\" data-comments-opened=\"0\" data-image-meta=\"{&quot;aperture&quot;:&quot;0&quot;,&quot;credit&quot;:&quot;&quot;,&quot;camera&quot;:&quot;&quot;,&quot;caption&quot;:&quot;&quot;,&quot;created_timestamp&quot;:&quot;0&quot;,&quot;copyright&quot;:&quot;&quot;,&quot;focal_length&quot;:&quot;0&quot;,&quot;iso&quot;:&quot;0&quot;,&quot;shutter_speed&quot;:&quot;0&quot;,&quot;title&quot;:&quot;&quot;,&quot;orientation&quot;:&quot;0&quot;}\" data-image-title=\"Danish translation Services\" data-image-description=\"&lt;p&gt;Danish translation Services&lt;\/p&gt;\" data-image-caption=\"\" data-medium-file=\"https:\/\/i0.wp.com\/lsa-global.com\/wp-content\/uploads\/2025\/03\/Danish.png?fit=300%2C227&amp;ssl=1\" data-large-file=\"https:\/\/i0.wp.com\/lsa-global.com\/wp-content\/uploads\/2025\/03\/Danish.png?fit=1024%2C775&amp;ssl=1\" width=\"300\" height=\"227\" src=\"https:\/\/i0.wp.com\/lsa-global.com\/wp-content\/uploads\/2025\/03\/Danish.png?fit=300%2C227&amp;ssl=1\" class=\"attachment-medium size-medium wp-image-43708\" alt=\"Danish translation Services\" srcset=\"https:\/\/i0.wp.com\/lsa-global.com\/wp-content\/uploads\/2025\/03\/Danish.png?w=2560&amp;ssl=1 2560w, https:\/\/i0.wp.com\/lsa-global.com\/wp-content\/uploads\/2025\/03\/Danish.png?resize=300%2C227&amp;ssl=1 300w, https:\/\/i0.wp.com\/lsa-global.com\/wp-content\/uploads\/2025\/03\/Danish.png?resize=1024%2C775&amp;ssl=1 1024w, https:\/\/i0.wp.com\/lsa-global.com\/wp-content\/uploads\/2025\/03\/Danish.png?resize=150%2C113&amp;ssl=1 150w, https:\/\/i0.wp.com\/lsa-global.com\/wp-content\/uploads\/2025\/03\/Danish.png?resize=768%2C581&amp;ssl=1 768w, https:\/\/i0.wp.com\/lsa-global.com\/wp-content\/uploads\/2025\/03\/Danish.png?resize=1536%2C1162&amp;ssl=1 1536w, https:\/\/i0.wp.com\/lsa-global.com\/wp-content\/uploads\/2025\/03\/Danish.png?resize=2048%2C1550&amp;ssl=1 2048w, https:\/\/i0.wp.com\/lsa-global.com\/wp-content\/uploads\/2025\/03\/Danish.png?resize=16%2C12&amp;ssl=1 16w, https:\/\/i0.wp.com\/lsa-global.com\/wp-content\/uploads\/2025\/03\/Danish.png?resize=370%2C280&amp;ssl=1 370w, https:\/\/i0.wp.com\/lsa-global.com\/wp-content\/uploads\/2025\/03\/Danish.png?resize=760%2C575&amp;ssl=1 760w\" sizes=\"(max-width: 300px) 100vw, 300px\" title=\"\">\t\t\t\t\t\t\t\t\t\t\t\t\t\t\t<\/div>\n\t\t\t\t<div class=\"elementor-element elementor-element-4d92add2 elementor-widget elementor-widget-text-editor\" data-id=\"4d92add2\" data-element_type=\"widget\" data-e-type=\"widget\" data-widget_type=\"text-editor.default\">\n\t\t\t\t\t\t\t\t\t\n<h2 class=\"wp-block-heading\"><\/h2>\n\t\t\t\t\t\t\t\t<\/div>\n\t\t\t\t<div class=\"elementor-element elementor-element-ff72dd5 elementor-widget elementor-widget-heading\" data-id=\"ff72dd5\" data-element_type=\"widget\" data-e-type=\"widget\" data-widget_type=\"heading.default\">\n\t\t\t\t\t<h3 class=\"elementor-heading-title elementor-size-default\">Expert Danish Translation Services for Businesses &amp; Individuals<\/h3>\t\t\t\t<\/div>\n\t\t\t\t\t<\/div>\n\t\t\t\t<\/div>\n\t\t<div class=\"elementor-element elementor-element-99a6683 e-flex e-con-boxed e-con e-parent\" data-id=\"99a6683\" data-element_type=\"container\" data-e-type=\"container\">\n\t\t\t\t\t<div class=\"e-con-inner\">\n\t\t\t\t<div class=\"elementor-element elementor-element-e9d0e92 elementor-widget elementor-widget-text-editor\" data-id=\"e9d0e92\" data-element_type=\"widget\" data-e-type=\"widget\" data-widget_type=\"text-editor.default\">\n\t\t\t\t\t\t\t\t\t<p><span style=\"font-size: 16px; color: #be0505; text-align: var(--text-align);\">Voc\u00ea est\u00e1 procurando alta qualidade <\/span>Danish translation services<span style=\"font-size: 16px; color: #be0505; text-align: var(--text-align);\">? Our team of professional translators specializes in delivering accurate, culturally adapted translations tailored to Danish-speaking audiences. We offer a comprehensive range of services, including <\/span>tradu\u00e7\u00e3o de documentos<span style=\"font-size: 16px; color: #be0505; text-align: var(--text-align);\">, <\/span>localiza\u00e7\u00e3o de sites<span style=\"font-size: 16px; color: #be0505; text-align: var(--text-align);\">, <\/span>tradu\u00e7\u00f5es t\u00e9cnicas<span style=\"font-size: 16px; color: #be0505; text-align: var(--text-align);\">, e muito mais, garantindo que seu conte\u00fado repercuta no seu mercado-alvo.<\/span><\/p>\t\t\t\t\t\t\t\t<\/div>\n\t\t\t\t<div class=\"elementor-element elementor-element-e691102 elementor-widget elementor-widget-heading\" data-id=\"e691102\" data-element_type=\"widget\" data-e-type=\"widget\" data-widget_type=\"heading.default\">\n\t\t\t\t\t<h3 class=\"elementor-heading-title elementor-size-default\">Why Choose Our Danish Translation Services?<\/h3>\t\t\t\t<\/div>\n\t\t\t\t<div class=\"elementor-element elementor-element-40c9a1b elementor-widget elementor-widget-text-editor\" data-id=\"40c9a1b\" data-element_type=\"widget\" data-e-type=\"widget\" data-widget_type=\"text-editor.default\">\n\t\t\t\t\t\t\t\t\t<ul>\n<li>\n<p>Native Danish Translators: Our translators are native Danish speakers with years of full-time experience, ensuring precise and contextually appropriate translations.\u00a0<\/p>\n<\/li>\n<li>\n<p>Tradu\u00e7\u00f5es Certificadas: Fornecemos tradu\u00e7\u00f5es autenticadas aceitas por \u00f3rg\u00e3os governamentais e institui\u00e7\u00f5es jur\u00eddicas, garantindo conformidade e autenticidade.\u00a0<\/p>\n<\/li>\n<li>\n<p>Conte\u00fado otimizado para SEO: nossas tradu\u00e7\u00f5es incorporam as melhores pr\u00e1ticas de SEO, ajudando seu site a ter uma classifica\u00e7\u00e3o mais alta em mecanismos de busca como Google e Bing.\u00a0<\/p>\n<\/li>\n<li>\n<p>Entrega r\u00e1pida e pre\u00e7os competitivos: entregamos tradu\u00e7\u00f5es de alta qualidade prontamente e a pre\u00e7os competitivos, atendendo aos seus prazos e requisitos de or\u00e7amento.\u00a0<\/p>\n<\/li>\n<li>\n<p>Experi\u00eancia no setor: Nossos tradutores possuem conhecimento especializado em v\u00e1rios setores, incluindo jur\u00eddico, m\u00e9dico, t\u00e9cnico e empresarial.\u00a0<\/p>\n<\/li>\n<\/ul>\t\t\t\t\t\t\t\t<\/div>\n\t\t\t\t<div class=\"elementor-element elementor-element-5556f1f elementor-widget elementor-widget-heading\" data-id=\"5556f1f\" data-element_type=\"widget\" data-e-type=\"widget\" data-widget_type=\"heading.default\">\n\t\t\t\t\t<h3 class=\"elementor-heading-title elementor-size-default\">Our Danish Translation Services<\/h3>\t\t\t\t<\/div>\n\t\t\t\t<div class=\"elementor-element elementor-element-ce8d13e elementor-widget elementor-widget-heading\" data-id=\"ce8d13e\" data-element_type=\"widget\" data-e-type=\"widget\" data-widget_type=\"heading.default\">\n\t\t\t\t\t<h5 class=\"elementor-heading-title elementor-size-default\">1. Tradu\u00e7\u00e3o Certificada de Documentos<\/h5>\t\t\t\t<\/div>\n\t\t\t\t<div class=\"elementor-element elementor-element-77babc4 elementor-widget elementor-widget-text-editor\" data-id=\"77babc4\" data-element_type=\"widget\" data-e-type=\"widget\" data-widget_type=\"text-editor.default\">\n\t\t\t\t\t\t\t\t\t<p>Oferecemos tradu\u00e7\u00f5es certificadas para diversos documentos, garantindo precis\u00e3o e aceita\u00e7\u00e3o por entidades oficiais:<\/p>\n<ul>\n<li>\n<p>Documentos legais: contratos, acordos, documentos judiciais.<\/p>\n<\/li>\n<li>\n<p>Documentos pessoais: certid\u00f5es de nascimento, certid\u00f5es de casamento, hist\u00f3ricos escolares.<\/p>\n<\/li>\n<li>\n<p>Documentos comerciais: licen\u00e7as, demonstra\u00e7\u00f5es financeiras, relat\u00f3rios corporativos.<\/p>\n<\/li>\n<\/ul>\t\t\t\t\t\t\t\t<\/div>\n\t\t\t\t<div class=\"elementor-element elementor-element-a054ba1 elementor-widget elementor-widget-heading\" data-id=\"a054ba1\" data-element_type=\"widget\" data-e-type=\"widget\" data-widget_type=\"heading.default\">\n\t\t\t\t\t<h5 class=\"elementor-heading-title elementor-size-default\">2. Localiza\u00e7\u00e3o de sites e aplicativos<\/h5>\t\t\t\t<\/div>\n\t\t\t\t<div class=\"elementor-element elementor-element-36d1492 elementor-widget elementor-widget-text-editor\" data-id=\"36d1492\" data-element_type=\"widget\" data-e-type=\"widget\" data-widget_type=\"text-editor.default\">\n\t\t\t\t\t\t\t\t\t<p>Expand your digital presence in Danish-speaking markets with our localization services:<\/p>\n<ul>\n<li>\n<p>Localiza\u00e7\u00e3o de sites: adapta\u00e7\u00e3o do conte\u00fado do seu site para adequ\u00e1-lo \u00e0s nuances e prefer\u00eancias culturais.<\/p>\n<\/li>\n<li>\n<p>App Localization: Ensuring your mobile applications are user-friendly for Danish-speaking users.<\/p>\n<\/li>\n<li>\n<p>Otimiza\u00e7\u00e3o de SEO: implementa\u00e7\u00e3o de palavras-chave localizadas e meta tags para melhorar a classifica\u00e7\u00e3o nos mecanismos de busca.\u00a0<\/p>\n<\/li>\n<\/ul>\t\t\t\t\t\t\t\t<\/div>\n\t\t\t\t<div class=\"elementor-element elementor-element-746cab3 elementor-widget elementor-widget-heading\" data-id=\"746cab3\" data-element_type=\"widget\" data-e-type=\"widget\" data-widget_type=\"heading.default\">\n\t\t\t\t\t<h5 class=\"elementor-heading-title elementor-size-default\">3. Tradu\u00e7\u00f5es T\u00e9cnicas e M\u00e9dicas<\/h5>\t\t\t\t<\/div>\n\t\t\t\t<div class=\"elementor-element elementor-element-9d8d35d elementor-widget elementor-widget-text-editor\" data-id=\"9d8d35d\" data-element_type=\"widget\" data-e-type=\"widget\" data-widget_type=\"text-editor.default\">\n\t\t\t\t\t\t\t\t\t<p>Nossos especialistas lidam com documentos t\u00e9cnicos e m\u00e9dicos complexos com precis\u00e3o:<\/p>\n<ul>\n<li>\n<p>Manuais t\u00e9cnicos: guias do usu\u00e1rio, manuais de produtos, especifica\u00e7\u00f5es t\u00e9cnicas.<\/p>\n<\/li>\n<li>\n<p>Documentos m\u00e9dicos: relat\u00f3rios cl\u00ednicos, informa\u00e7\u00f5es farmac\u00eauticas, artigos de pesquisa m\u00e9dica.<\/p>\n<\/li>\n<\/ul>\t\t\t\t\t\t\t\t<\/div>\n\t\t\t\t<div class=\"elementor-element elementor-element-5775ede elementor-widget elementor-widget-heading\" data-id=\"5775ede\" data-element_type=\"widget\" data-e-type=\"widget\" data-widget_type=\"heading.default\">\n\t\t\t\t\t<h5 class=\"elementor-heading-title elementor-size-default\">4. Tradu\u00e7\u00f5es de neg\u00f3cios e marketing<\/h5>\t\t\t\t<\/div>\n\t\t\t\t<div class=\"elementor-element elementor-element-c91bb46 elementor-widget elementor-widget-text-editor\" data-id=\"c91bb46\" data-element_type=\"widget\" data-e-type=\"widget\" data-widget_type=\"text-editor.default\">\n\t\t\t\t\t\t\t\t\t<p>Effectively communicate your brand message to Danish-speaking audiences:<\/p>\n<ul>\n<li>\n<p>Materiais de marketing: folhetos, an\u00fancios, comunicados de imprensa.<\/p>\n<\/li>\n<li>\n<p>Comunica\u00e7\u00f5es empresariais: apresenta\u00e7\u00f5es, e-mails, comunica\u00e7\u00f5es corporativas.<\/p>\n<\/li>\n<\/ul>\t\t\t\t\t\t\t\t<\/div>\n\t\t\t\t<div class=\"elementor-element elementor-element-7266a28 elementor-widget elementor-widget-heading\" data-id=\"7266a28\" data-element_type=\"widget\" data-e-type=\"widget\" data-widget_type=\"heading.default\">\n\t\t\t\t\t<h3 class=\"elementor-heading-title elementor-size-default\">Ind\u00fastrias que atendemos<\/h3>\t\t\t\t<\/div>\n\t\t\t\t<div class=\"elementor-element elementor-element-0538ba6 elementor-widget elementor-widget-text-editor\" data-id=\"0538ba6\" data-element_type=\"widget\" data-e-type=\"widget\" data-widget_type=\"text-editor.default\">\n\t\t\t\t\t\t\t\t\t<p>Atendemos a uma ampla gama de setores, incluindo:<\/p>\n<ul>\n<li>\n<p>Jur\u00eddico e governamental: Fornecimento de tradu\u00e7\u00f5es para processos legais e comunica\u00e7\u00f5es governamentais.<\/p>\n<\/li>\n<li>\n<p>Sa\u00fade e produtos farmac\u00eauticos: tradu\u00e7\u00e3o de registros m\u00e9dicos, artigos de pesquisa e documentos farmac\u00eauticos.<\/p>\n<\/li>\n<li>\n<p>Tecnologia e TI: Localiza\u00e7\u00e3o de software, manuais do usu\u00e1rio e documenta\u00e7\u00e3o t\u00e9cnica.<\/p>\n<\/li>\n<li>\n<p>Finan\u00e7as e servi\u00e7os banc\u00e1rios: tradu\u00e7\u00e3o de relat\u00f3rios financeiros, documentos de investimento e materiais banc\u00e1rios.<\/p>\n<\/li>\n<li>\n<p>E-commerce e varejo: localiza\u00e7\u00e3o de descri\u00e7\u00f5es de produtos, avalia\u00e7\u00f5es de clientes e conte\u00fado de marketing.<\/p>\n<\/li>\n<\/ul>\t\t\t\t\t\t\t\t<\/div>\n\t\t\t\t<div class=\"elementor-element elementor-element-6e2e607 elementor-widget elementor-widget-heading\" data-id=\"6e2e607\" data-element_type=\"widget\" data-e-type=\"widget\" data-widget_type=\"heading.default\">\n\t\t\t\t\t<h3 class=\"elementor-heading-title elementor-size-default\">Why Professional Danish Translation Matters<\/h3>\t\t\t\t<\/div>\n\t\t\t\t<div class=\"elementor-element elementor-element-6be7e9f elementor-widget elementor-widget-text-editor\" data-id=\"6be7e9f\" data-element_type=\"widget\" data-e-type=\"widget\" data-widget_type=\"text-editor.default\">\n\t\t\t\t\t\t\t\t\t<p>Danish is spoken by millions of people worldwide, making it essential for businesses and organizations aiming to connect with Danish-speaking audiences. Professional translation ensures:<\/p>\n<ul>\n<li>\n<p>Relev\u00e2ncia cultural: tradu\u00e7\u00f5es precisas que ressoem com a cultura e os costumes locais.<\/p>\n<\/li>\n<li>\n<p>Conformidade legal: garantir que os documentos atendam aos padr\u00f5es e requisitos legais regionais.<\/p>\n<\/li>\n<li>\n<p>Brand Credibility: Presenting your business professionally to Danish-speaking audiences.<\/p>\n<\/li>\n<\/ul>\n<p>Lorem ipsum dolor sit amet, consectetur adipiscing elit. Ut elit Tellus, luctus nec ullamcorper mattis, pulvinar dapibus leo.<\/p>\t\t\t\t\t\t\t\t<\/div>\n\t\t\t\t<div class=\"elementor-element elementor-element-4fa23c6 elementor-widget elementor-widget-heading\" data-id=\"4fa23c6\" data-element_type=\"widget\" data-e-type=\"widget\" data-widget_type=\"heading.default\">\n\t\t\t\t\t<h3 class=\"elementor-heading-title elementor-size-default\">SEO-Optimized Danish Translation Services<\/h3>\t\t\t\t<\/div>\n\t\t\t\t<div class=\"elementor-element elementor-element-bcd3b6f elementor-widget elementor-widget-text-editor\" data-id=\"bcd3b6f\" data-element_type=\"widget\" data-e-type=\"widget\" data-widget_type=\"text-editor.default\">\n\t\t\t\t\t\t\t\t\t<p>Nossas tradu\u00e7\u00f5es s\u00e3o projetadas com as melhores pr\u00e1ticas de SEO para melhorar sua visibilidade online:<\/p>\n<ul>\n<li>\n<p>Palavras-chave localizadas: incorpora\u00e7\u00e3o de termos de pesquisa espec\u00edficos da regi\u00e3o para melhorar a classifica\u00e7\u00e3o.<\/p>\n<\/li>\n<li>\n<p>Otimiza\u00e7\u00e3o de meta tags: tradu\u00e7\u00e3o e otimiza\u00e7\u00e3o de meta descri\u00e7\u00f5es e t\u00edtulos para melhores taxas de cliques.\u00a0<\/p>\n<\/li>\n<li>\n<p>User-Friendly URLs: Creating URLs that are readable and relevant in Danish.\u00a0<\/p>\n<\/li>\n<\/ul>\t\t\t\t\t\t\t\t<\/div>\n\t\t\t\t<div class=\"elementor-element elementor-element-c63f1b3 elementor-widget elementor-widget-heading\" data-id=\"c63f1b3\" data-element_type=\"widget\" data-e-type=\"widget\" data-widget_type=\"heading.default\">\n\t\t\t\t\t<h3 class=\"elementor-heading-title elementor-size-default\">Get a Free Quote For Czech Translation Services<\/h3>\t\t\t\t<\/div>\n\t\t\t\t<div class=\"elementor-element elementor-element-879f9b8 elementor-widget elementor-widget-text-editor\" data-id=\"879f9b8\" data-element_type=\"widget\" data-e-type=\"widget\" data-widget_type=\"text-editor.default\">\n\t\t\t\t\t\t\t\t\t<p>Need professional Czech translation services? Contact us today for a free quote. We ensure fast, precise, and confidential translations for all your needs.<\/p>\n<h3><span style=\"color: #ff0000;\">Entre em contato conosco hoje mesmo!<\/span><\/h3>\n<p>Servi\u00e7o global \u2013 dispon\u00edvel em todo o mundo<\/p>\t\t\t\t\t\t\t\t<\/div>\n\t\t\t\t<div class=\"elementor-element elementor-element-76a05f4 elementor-widget elementor-widget-heading\" data-id=\"76a05f4\" data-element_type=\"widget\" data-e-type=\"widget\" data-widget_type=\"heading.default\">\n\t\t\t\t\t<h2 class=\"elementor-heading-title elementor-size-default\">Indo al\u00e9m<\/h2>\t\t\t\t<\/div>\n\t\t\t\t<div class=\"elementor-element elementor-element-abd0ff3 elementor-widget elementor-widget-text-editor\" data-id=\"abd0ff3\" data-element_type=\"widget\" data-e-type=\"widget\" data-widget_type=\"text-editor.default\">\n\t\t\t\t\t\t\t\t\t<h5><a href=\"https:\/\/lsa-global.com\/pt\/precos-e-termos-de-traducao\/\"><span style=\"color: #ff0000;\">Planos de pre\u00e7os e mais<\/span><\/a><\/h5>\t\t\t\t\t\t\t\t<\/div>\n\t\t\t\t<div class=\"elementor-element elementor-element-271fa40 elementor-widget elementor-widget-text-editor\" data-id=\"271fa40\" data-element_type=\"widget\" data-e-type=\"widget\" data-widget_type=\"text-editor.default\">\n\t\t\t\t\t\t\t\t\t<h5><a href=\"https:\/\/lsa-global.com\/pt\/postagens\/\"><span style=\"color: #ff0000;\">Mais Posts<\/span><\/a><\/h5>\t\t\t\t\t\t\t\t<\/div>\n\t\t\t\t<div class=\"elementor-element elementor-element-df9b3a4 elementor-widget elementor-widget-text-editor\" data-id=\"df9b3a4\" data-element_type=\"widget\" data-e-type=\"widget\" data-widget_type=\"text-editor.default\">\n\t\t\t\t\t\t\t\t\t<h5><a href=\"https:\/\/lsaglobal-translate.co.uk\/services\/translation-services\/\" target=\"_blank\" rel=\"noopener\"><span style=\"color: #ff0000;\">Tradu\u00e7\u00e3o Pro.<\/span><\/a><\/h5>\t\t\t\t\t\t\t\t<\/div>\n\t\t\t\t<div class=\"elementor-element elementor-element-69c6e8a elementor-widget elementor-widget-image\" data-id=\"69c6e8a\" data-element_type=\"widget\" data-e-type=\"widget\" data-widget_type=\"image.default\">\n\t\t\t\t\t\t\t\t\t\t\t\t\t\t\t<img fetchpriority=\"high\" decoding=\"async\" data-attachment-id=\"43708\" data-permalink=\"https:\/\/lsa-global.com\/danish-translation-services-accurate-certified\/danish\/\" data-orig-file=\"https:\/\/i0.wp.com\/lsa-global.com\/wp-content\/uploads\/2025\/03\/Danish.png?fit=2560%2C1937&amp;ssl=1\" data-orig-size=\"2560,1937\" data-comments-opened=\"0\" data-image-meta=\"{&quot;aperture&quot;:&quot;0&quot;,&quot;credit&quot;:&quot;&quot;,&quot;camera&quot;:&quot;&quot;,&quot;caption&quot;:&quot;&quot;,&quot;created_timestamp&quot;:&quot;0&quot;,&quot;copyright&quot;:&quot;&quot;,&quot;focal_length&quot;:&quot;0&quot;,&quot;iso&quot;:&quot;0&quot;,&quot;shutter_speed&quot;:&quot;0&quot;,&quot;title&quot;:&quot;&quot;,&quot;orientation&quot;:&quot;0&quot;}\" data-image-title=\"Danish translation Services\" data-image-description=\"&lt;p&gt;Danish translation Services&lt;\/p&gt;\" data-image-caption=\"\" data-medium-file=\"https:\/\/i0.wp.com\/lsa-global.com\/wp-content\/uploads\/2025\/03\/Danish.png?fit=300%2C227&amp;ssl=1\" data-large-file=\"https:\/\/i0.wp.com\/lsa-global.com\/wp-content\/uploads\/2025\/03\/Danish.png?fit=1024%2C775&amp;ssl=1\" width=\"300\" height=\"227\" src=\"https:\/\/i0.wp.com\/lsa-global.com\/wp-content\/uploads\/2025\/03\/Danish.png?fit=300%2C227&amp;ssl=1\" class=\"attachment-medium size-medium wp-image-43708\" alt=\"Danish translation Services\" srcset=\"https:\/\/i0.wp.com\/lsa-global.com\/wp-content\/uploads\/2025\/03\/Danish.png?w=2560&amp;ssl=1 2560w, https:\/\/i0.wp.com\/lsa-global.com\/wp-content\/uploads\/2025\/03\/Danish.png?resize=300%2C227&amp;ssl=1 300w, https:\/\/i0.wp.com\/lsa-global.com\/wp-content\/uploads\/2025\/03\/Danish.png?resize=1024%2C775&amp;ssl=1 1024w, https:\/\/i0.wp.com\/lsa-global.com\/wp-content\/uploads\/2025\/03\/Danish.png?resize=150%2C113&amp;ssl=1 150w, https:\/\/i0.wp.com\/lsa-global.com\/wp-content\/uploads\/2025\/03\/Danish.png?resize=768%2C581&amp;ssl=1 768w, https:\/\/i0.wp.com\/lsa-global.com\/wp-content\/uploads\/2025\/03\/Danish.png?resize=1536%2C1162&amp;ssl=1 1536w, https:\/\/i0.wp.com\/lsa-global.com\/wp-content\/uploads\/2025\/03\/Danish.png?resize=2048%2C1550&amp;ssl=1 2048w, https:\/\/i0.wp.com\/lsa-global.com\/wp-content\/uploads\/2025\/03\/Danish.png?resize=16%2C12&amp;ssl=1 16w, https:\/\/i0.wp.com\/lsa-global.com\/wp-content\/uploads\/2025\/03\/Danish.png?resize=370%2C280&amp;ssl=1 370w, https:\/\/i0.wp.com\/lsa-global.com\/wp-content\/uploads\/2025\/03\/Danish.png?resize=760%2C575&amp;ssl=1 760w\" sizes=\"(max-width: 300px) 100vw, 300px\" title=\"\">\t\t\t\t\t\t\t\t\t\t\t\t\t\t\t<\/div>\n\t\t\t\t\t<\/div>\n\t\t\t\t<\/div>\n\t\t\t\t<\/div>","protected":false},"excerpt":{"rendered":"<p>Professional Danish Translation Services \u2013 Accurate &amp; Certified Expert Danish Translation Services for Businesses &amp; Individuals Are you seeking high-quality&hellip;<\/p>","protected":false},"author":1,"featured_media":43708,"parent":0,"menu_order":0,"comment_status":"closed","ping_status":"closed","template":"","meta":{"jetpack_post_was_ever_published":false,"footnotes":""},"class_list":["post-43354","page","type-page","status-publish","has-post-thumbnail","hentry"],"jetpack_sharing_enabled":true,"jetpack_likes_enabled":true,"jetpack-related-posts":[],"jetpack_shortlink":"https:\/\/wp.me\/PerFda-bhg","_links":{"self":[{"href":"https:\/\/lsa-global.com\/pt\/wp-json\/wp\/v2\/pages\/43354","targetHints":{"allow":["GET"]}}],"collection":[{"href":"https:\/\/lsa-global.com\/pt\/wp-json\/wp\/v2\/pages"}],"about":[{"href":"https:\/\/lsa-global.com\/pt\/wp-json\/wp\/v2\/types\/page"}],"author":[{"embeddable":true,"href":"https:\/\/lsa-global.com\/pt\/wp-json\/wp\/v2\/users\/1"}],"replies":[{"embeddable":true,"href":"https:\/\/lsa-global.com\/pt\/wp-json\/wp\/v2\/comments?post=43354"}],"version-history":[{"count":0,"href":"https:\/\/lsa-global.com\/pt\/wp-json\/wp\/v2\/pages\/43354\/revisions"}],"wp:featuredmedia":[{"embeddable":true,"href":"https:\/\/lsa-global.com\/pt\/wp-json\/wp\/v2\/media\/43708"}],"wp:attachment":[{"href":"https:\/\/lsa-global.com\/pt\/wp-json\/wp\/v2\/media?parent=43354"}],"curies":[{"name":"wp","href":"https:\/\/api.w.org\/{rel}","templated":true}]}}