{"id":43349,"date":"2025-03-18T15:01:20","date_gmt":"2025-03-18T14:01:20","guid":{"rendered":"https:\/\/lsa-global.com\/?page_id=43349"},"modified":"2025-04-25T14:50:12","modified_gmt":"2025-04-25T13:50:12","slug":"servicos-de-traducao-turco-profissional-precisos","status":"publish","type":"page","link":"https:\/\/lsa-global.com\/pt\/servicos-de-traducao-turco-profissional-precisos\/","title":{"rendered":"Servi\u00e7os profissionais de tradu\u00e7\u00e3o turca \u2013 precisos e certificados"},"content":{"rendered":"<div data-elementor-type=\"wp-page\" data-elementor-id=\"43349\" class=\"elementor elementor-43349\" data-elementor-post-type=\"page\">\n\t\t\t\t<div class=\"elementor-element elementor-element-93cff13 e-flex e-con-boxed e-con e-parent\" data-id=\"93cff13\" data-element_type=\"container\" data-e-type=\"container\">\n\t\t\t\t\t<div class=\"e-con-inner\">\n\t\t\t\t<div class=\"elementor-element elementor-element-d77792d elementor-widget elementor-widget-heading\" data-id=\"d77792d\" data-element_type=\"widget\" data-e-type=\"widget\" data-widget_type=\"heading.default\">\n\t\t\t\t\t<h2 class=\"elementor-heading-title elementor-size-default\">Servi\u00e7os profissionais de tradu\u00e7\u00e3o turca \u2013 precisos e certificados<\/h2>\t\t\t\t<\/div>\n\t\t\t\t<div class=\"elementor-element elementor-element-23ae022 elementor-widget elementor-widget-image\" data-id=\"23ae022\" data-element_type=\"widget\" data-e-type=\"widget\" data-widget_type=\"image.default\">\n\t\t\t\t\t\t\t\t\t\t\t\t\t\t\t<img fetchpriority=\"high\" decoding=\"async\" data-attachment-id=\"43643\" data-permalink=\"https:\/\/lsa-global.com\/zh\/%e4%b8%93%e4%b8%9a%e5%9c%9f%e8%80%b3%e5%85%b6%e8%af%ad%e7%bf%bb%e8%af%91%e6%9c%8d%e5%8a%a1%e5%87%86%e7%a1%ae\/turkish-2\/\" data-orig-file=\"https:\/\/i0.wp.com\/lsa-global.com\/wp-content\/uploads\/2025\/03\/Turkish-1.png?fit=2560%2C1707&amp;ssl=1\" data-orig-size=\"2560,1707\" data-comments-opened=\"0\" data-image-meta=\"{&quot;aperture&quot;:&quot;0&quot;,&quot;credit&quot;:&quot;&quot;,&quot;camera&quot;:&quot;&quot;,&quot;caption&quot;:&quot;&quot;,&quot;created_timestamp&quot;:&quot;0&quot;,&quot;copyright&quot;:&quot;&quot;,&quot;focal_length&quot;:&quot;0&quot;,&quot;iso&quot;:&quot;0&quot;,&quot;shutter_speed&quot;:&quot;0&quot;,&quot;title&quot;:&quot;&quot;,&quot;orientation&quot;:&quot;0&quot;}\" data-image-title=\"Turkish Translations Services\" data-image-description=\"&lt;p&gt;Turkish Translations Services&lt;\/p&gt;\" data-image-caption=\"\" data-large-file=\"https:\/\/i0.wp.com\/lsa-global.com\/wp-content\/uploads\/2025\/03\/Turkish-1.png?fit=1024%2C683&amp;ssl=1\" width=\"300\" height=\"200\" src=\"https:\/\/i0.wp.com\/lsa-global.com\/wp-content\/uploads\/2025\/03\/Turkish-1.png?fit=300%2C200&amp;ssl=1\" class=\"attachment-medium size-medium wp-image-43643\" alt=\"Servi\u00e7os de tradu\u00e7\u00e3o para turco\" srcset=\"https:\/\/i0.wp.com\/lsa-global.com\/wp-content\/uploads\/2025\/03\/Turkish-1.png?w=2560&amp;ssl=1 2560w, https:\/\/i0.wp.com\/lsa-global.com\/wp-content\/uploads\/2025\/03\/Turkish-1.png?resize=300%2C200&amp;ssl=1 300w, https:\/\/i0.wp.com\/lsa-global.com\/wp-content\/uploads\/2025\/03\/Turkish-1.png?resize=1024%2C683&amp;ssl=1 1024w, https:\/\/i0.wp.com\/lsa-global.com\/wp-content\/uploads\/2025\/03\/Turkish-1.png?resize=150%2C100&amp;ssl=1 150w, https:\/\/i0.wp.com\/lsa-global.com\/wp-content\/uploads\/2025\/03\/Turkish-1.png?resize=768%2C512&amp;ssl=1 768w, https:\/\/i0.wp.com\/lsa-global.com\/wp-content\/uploads\/2025\/03\/Turkish-1.png?resize=1536%2C1024&amp;ssl=1 1536w, https:\/\/i0.wp.com\/lsa-global.com\/wp-content\/uploads\/2025\/03\/Turkish-1.png?resize=2048%2C1366&amp;ssl=1 2048w, https:\/\/i0.wp.com\/lsa-global.com\/wp-content\/uploads\/2025\/03\/Turkish-1.png?resize=18%2C12&amp;ssl=1 18w, https:\/\/i0.wp.com\/lsa-global.com\/wp-content\/uploads\/2025\/03\/Turkish-1.png?resize=370%2C247&amp;ssl=1 370w, https:\/\/i0.wp.com\/lsa-global.com\/wp-content\/uploads\/2025\/03\/Turkish-1.png?resize=760%2C507&amp;ssl=1 760w\" sizes=\"(max-width: 300px) 100vw, 300px\" title=\"\">\t\t\t\t\t\t\t\t\t\t\t\t\t\t\t<\/div>\n\t\t\t\t<div class=\"elementor-element elementor-element-79f8721 elementor-widget elementor-widget-heading\" data-id=\"79f8721\" data-element_type=\"widget\" data-e-type=\"widget\" data-widget_type=\"heading.default\">\n\t\t\t\t\t<h3 class=\"elementor-heading-title elementor-size-default\">Servi\u00e7os de tradu\u00e7\u00e3o de turco especializado para empresas e indiv\u00edduos<\/h3>\t\t\t\t<\/div>\n\t\t\t\t<div class=\"elementor-element elementor-element-cad7a1f elementor-widget elementor-widget-text-editor\" data-id=\"cad7a1f\" data-element_type=\"widget\" data-e-type=\"widget\" data-widget_type=\"text-editor.default\">\n\t\t\t\t\t\t\t\t\t<p>Procura servi\u00e7os de tradu\u00e7\u00e3o de alta qualidade para o turco? A nossa equipa de tradutores profissionais \u00e9 especializada em fornecer tradu\u00e7\u00f5es precisas e culturalmente adaptadas, adaptadas ao p\u00fablico falante de turco. Oferecemos uma gama completa de servi\u00e7os, incluindo tradu\u00e7\u00e3o de documentos, localiza\u00e7\u00e3o de websites, tradu\u00e7\u00f5es t\u00e9cnicas e muito mais, garantindo que o seu conte\u00fado ressoe com o seu p\u00fablico-alvo.<\/p>\t\t\t\t\t\t\t\t<\/div>\n\t\t\t\t<div class=\"elementor-element elementor-element-4f26589 elementor-widget elementor-widget-heading\" data-id=\"4f26589\" data-element_type=\"widget\" data-e-type=\"widget\" data-widget_type=\"heading.default\">\n\t\t\t\t\t<h3 class=\"elementor-heading-title elementor-size-default\">Por que escolher nossos servi\u00e7os de tradu\u00e7\u00e3o para turco?<\/h3>\t\t\t\t<\/div>\n\t\t\t\t<div class=\"elementor-element elementor-element-1919003 elementor-widget elementor-widget-text-editor\" data-id=\"1919003\" data-element_type=\"widget\" data-e-type=\"widget\" data-widget_type=\"text-editor.default\">\n\t\t\t\t\t\t\t\t\t<ul><li><p>Tradutores nativos de turco: Nossos tradutores s\u00e3o falantes nativos de turco com anos de experi\u00eancia em tempo integral, garantindo tradu\u00e7\u00f5es precisas e contextualmente apropriadas.\u00a0<\/p><\/li><li><p>Tradu\u00e7\u00f5es Certificadas: Fornecemos tradu\u00e7\u00f5es autenticadas aceitas por \u00f3rg\u00e3os governamentais e institui\u00e7\u00f5es jur\u00eddicas, garantindo conformidade e autenticidade.<\/p><\/li><li><p>Conte\u00fado otimizado para SEO: nossas tradu\u00e7\u00f5es incorporam as melhores pr\u00e1ticas de SEO, ajudando seu site a ter uma classifica\u00e7\u00e3o mais alta em mecanismos de busca como Google e Bing.\u00a0<\/p><\/li><li><p>Entrega r\u00e1pida e pre\u00e7os competitivos: entregamos tradu\u00e7\u00f5es de alta qualidade prontamente e a pre\u00e7os competitivos, atendendo aos seus prazos e requisitos de or\u00e7amento.\u00a0<\/p><\/li><li><p>Experi\u00eancia no setor: Nossos tradutores possuem conhecimento especializado em v\u00e1rios setores, incluindo jur\u00eddico, m\u00e9dico, t\u00e9cnico e empresarial.<\/p><\/li><li><p>Confidencialidade e Prote\u00e7\u00e3o de Dados<\/p><p class=\"\" data-start=\"3617\" data-end=\"3906\">Tratamos seus documentos com o mais alto n\u00edvel de confidencialidade. Todos os materiais dos clientes s\u00e3o tratados por meio de sistemas seguros de compartilhamento de arquivos e em conformidade com os padr\u00f5es globais de prote\u00e7\u00e3o de dados. Acordos de confidencialidade (NDAs) est\u00e3o dispon\u00edveis para conte\u00fado sens\u00edvel ou propriet\u00e1rio.<\/p><\/li><li><p class=\"\" data-start=\"3617\" data-end=\"3906\">Solu\u00e7\u00f5es completas em idioma turco<\/p><p class=\"\" data-start=\"3955\" data-end=\"4035\">Nosso suporte ao idioma turco vai al\u00e9m da tradu\u00e7\u00e3o de documentos. Tamb\u00e9m oferecemos:<\/p><ul data-start=\"4037\" data-end=\"4339\"><li class=\"\" data-start=\"4037\" data-end=\"4099\"><p class=\"\" data-start=\"4039\" data-end=\"4099\">Servi\u00e7os de interpreta\u00e7\u00e3o em turco (presencial e remoto)<\/p><\/li><li class=\"\" data-start=\"4100\" data-end=\"4165\"><p class=\"\" data-start=\"4102\" data-end=\"4165\">Locu\u00e7\u00e3o, legendagem e dublagem para conte\u00fado multim\u00eddia<\/p><\/li><li class=\"\" data-start=\"4166\" data-end=\"4222\"><p class=\"\" data-start=\"4168\" data-end=\"4222\">Localiza\u00e7\u00e3o de sites e aplicativos para mercados turcos<\/p><\/li><li class=\"\" data-start=\"4223\" data-end=\"4284\"><p class=\"\" data-start=\"4225\" data-end=\"4284\">Editora\u00e7\u00e3o eletr\u00f4nica (DTP) para layouts em turco<\/p><\/li><li class=\"\" data-start=\"4285\" data-end=\"4339\"><p class=\"\" data-start=\"4287\" data-end=\"4339\">Transcria\u00e7\u00e3o para conte\u00fado criativo e de marketing<\/p><\/li><\/ul><p class=\"\" data-start=\"4341\" data-end=\"4478\">Da comunica\u00e7\u00e3o corporativa ao envolvimento do cliente, ajudamos a garantir consist\u00eancia e qualidade em todos os seus pontos de contato no idioma turco.<\/p><\/li><li><p class=\"\" data-start=\"4341\" data-end=\"4478\">\u00a0Alcance global com experi\u00eancia local<\/p><p class=\"\" data-start=\"4523\" data-end=\"4812\">Atendemos clientes na Europa, Am\u00e9rica do Norte, Oriente M\u00e9dio e \u00c1sia que precisam se conectar com p\u00fablicos de l\u00edngua turca. Nossa experi\u00eancia internacional, aliada ao profundo conhecimento local, nos permite fornecer solu\u00e7\u00f5es de tradu\u00e7\u00e3o com reconhecimento global e efic\u00e1cia local.<\/p><\/li><\/ul>\t\t\t\t\t\t\t\t<\/div>\n\t\t\t\t<div class=\"elementor-element elementor-element-b836903 elementor-widget elementor-widget-heading\" data-id=\"b836903\" data-element_type=\"widget\" data-e-type=\"widget\" data-widget_type=\"heading.default\">\n\t\t\t\t\t<h3 class=\"elementor-heading-title elementor-size-default\">Nossos servi\u00e7os de tradu\u00e7\u00e3o para turco<\/h3>\t\t\t\t<\/div>\n\t\t\t\t<div class=\"elementor-element elementor-element-3ae4526 elementor-widget elementor-widget-heading\" data-id=\"3ae4526\" data-element_type=\"widget\" data-e-type=\"widget\" data-widget_type=\"heading.default\">\n\t\t\t\t\t<h5 class=\"elementor-heading-title elementor-size-default\">1. Tradu\u00e7\u00e3o Certificada de Documentos<\/h5>\t\t\t\t<\/div>\n\t\t\t\t<div class=\"elementor-element elementor-element-542adef elementor-widget elementor-widget-text-editor\" data-id=\"542adef\" data-element_type=\"widget\" data-e-type=\"widget\" data-widget_type=\"text-editor.default\">\n\t\t\t\t\t\t\t\t\t<p>Oferecemos tradu\u00e7\u00f5es certificadas para diversos documentos, garantindo precis\u00e3o e aceita\u00e7\u00e3o por entidades oficiais:<\/p><ul><li><p>Documentos legais: contratos, acordos, documentos judiciais.<\/p><\/li><li><p>Documentos pessoais: certid\u00f5es de nascimento, certid\u00f5es de casamento, hist\u00f3ricos escolares.<\/p><\/li><li><p>Documentos comerciais: licen\u00e7as, demonstra\u00e7\u00f5es financeiras, relat\u00f3rios corporativos.<\/p><\/li><\/ul>\t\t\t\t\t\t\t\t<\/div>\n\t\t\t\t<div class=\"elementor-element elementor-element-baf1fa9 elementor-widget elementor-widget-heading\" data-id=\"baf1fa9\" data-element_type=\"widget\" data-e-type=\"widget\" data-widget_type=\"heading.default\">\n\t\t\t\t\t<h5 class=\"elementor-heading-title elementor-size-default\">2. Localiza\u00e7\u00e3o de sites e aplicativos<\/h5>\t\t\t\t<\/div>\n\t\t\t\t<div class=\"elementor-element elementor-element-d2798a8 elementor-widget elementor-widget-text-editor\" data-id=\"d2798a8\" data-element_type=\"widget\" data-e-type=\"widget\" data-widget_type=\"text-editor.default\">\n\t\t\t\t\t\t\t\t\t<p>Expanda sua presen\u00e7a digital em mercados de l\u00edngua turca com nossos servi\u00e7os de localiza\u00e7\u00e3o:<\/p><ul><li><p>Localiza\u00e7\u00e3o de sites: adapta\u00e7\u00e3o do conte\u00fado do seu site para adequ\u00e1-lo \u00e0s nuances e prefer\u00eancias culturais.<\/p><\/li><li><p>Localiza\u00e7\u00e3o de aplicativos: garantindo que seus aplicativos m\u00f3veis sejam f\u00e1ceis de usar para usu\u00e1rios que falam turco.<\/p><\/li><li><p>Otimiza\u00e7\u00e3o de SEO: implementa\u00e7\u00e3o de palavras-chave localizadas e meta tags para melhorar a classifica\u00e7\u00e3o nos mecanismos de busca.<\/p><\/li><\/ul>\t\t\t\t\t\t\t\t<\/div>\n\t\t\t\t<div class=\"elementor-element elementor-element-1bff198 elementor-widget elementor-widget-heading\" data-id=\"1bff198\" data-element_type=\"widget\" data-e-type=\"widget\" data-widget_type=\"heading.default\">\n\t\t\t\t\t<h5 class=\"elementor-heading-title elementor-size-default\">3. Tradu\u00e7\u00f5es T\u00e9cnicas e M\u00e9dicas<\/h5>\t\t\t\t<\/div>\n\t\t\t\t<div class=\"elementor-element elementor-element-97caf02 elementor-widget elementor-widget-text-editor\" data-id=\"97caf02\" data-element_type=\"widget\" data-e-type=\"widget\" data-widget_type=\"text-editor.default\">\n\t\t\t\t\t\t\t\t\t<p>Nossos especialistas lidam com documentos t\u00e9cnicos e m\u00e9dicos complexos com precis\u00e3o:<\/p><ul><li><p>Manuais t\u00e9cnicos: guias do usu\u00e1rio, manuais de produtos, especifica\u00e7\u00f5es t\u00e9cnicas.<\/p><\/li><li><p>Documentos m\u00e9dicos: relat\u00f3rios cl\u00ednicos, informa\u00e7\u00f5es farmac\u00eauticas, artigos de pesquisa m\u00e9dica.<\/p><\/li><\/ul>\t\t\t\t\t\t\t\t<\/div>\n\t\t\t\t<div class=\"elementor-element elementor-element-486b451 elementor-widget elementor-widget-heading\" data-id=\"486b451\" data-element_type=\"widget\" data-e-type=\"widget\" data-widget_type=\"heading.default\">\n\t\t\t\t\t<h5 class=\"elementor-heading-title elementor-size-default\">4. Tradu\u00e7\u00f5es de neg\u00f3cios e marketing<\/h5>\t\t\t\t<\/div>\n\t\t\t\t<div class=\"elementor-element elementor-element-7a979b4 elementor-widget elementor-widget-text-editor\" data-id=\"7a979b4\" data-element_type=\"widget\" data-e-type=\"widget\" data-widget_type=\"text-editor.default\">\n\t\t\t\t\t\t\t\t\t<p>Comunique eficazmente a mensagem da sua marca ao p\u00fablico que fala turco:<\/p><ul><li><p>Materiais de marketing: folhetos, an\u00fancios, comunicados de imprensa.<\/p><\/li><li><p>Comunica\u00e7\u00f5es empresariais: apresenta\u00e7\u00f5es, e-mails, comunica\u00e7\u00f5es corporativas.<\/p><\/li><\/ul>\t\t\t\t\t\t\t\t<\/div>\n\t\t\t\t<div class=\"elementor-element elementor-element-17f0f2a elementor-widget elementor-widget-heading\" data-id=\"17f0f2a\" data-element_type=\"widget\" data-e-type=\"widget\" data-widget_type=\"heading.default\">\n\t\t\t\t\t<h3 class=\"elementor-heading-title elementor-size-default\">Ind\u00fastrias que atendemos<\/h3>\t\t\t\t<\/div>\n\t\t\t\t<div class=\"elementor-element elementor-element-c9a8268 elementor-widget elementor-widget-text-editor\" data-id=\"c9a8268\" data-element_type=\"widget\" data-e-type=\"widget\" data-widget_type=\"text-editor.default\">\n\t\t\t\t\t\t\t\t\t<p>Atendemos a uma ampla gama de setores, incluindo:<\/p><ul><li><p>Jur\u00eddico e governamental: Fornecimento de tradu\u00e7\u00f5es para processos legais e comunica\u00e7\u00f5es governamentais.<\/p><\/li><li><p>Sa\u00fade e produtos farmac\u00eauticos: tradu\u00e7\u00e3o de registros m\u00e9dicos, artigos de pesquisa e documentos farmac\u00eauticos.<\/p><\/li><li><p>Tecnologia e TI: Localiza\u00e7\u00e3o de software, manuais do usu\u00e1rio e documenta\u00e7\u00e3o t\u00e9cnica.<\/p><\/li><li><p>Finan\u00e7as e servi\u00e7os banc\u00e1rios: tradu\u00e7\u00e3o de relat\u00f3rios financeiros, documentos de investimento e materiais banc\u00e1rios.<\/p><\/li><li><p>E-commerce e varejo: localiza\u00e7\u00e3o de descri\u00e7\u00f5es de produtos, avalia\u00e7\u00f5es de clientes e conte\u00fado de marketing.<\/p><\/li><\/ul>\t\t\t\t\t\t\t\t<\/div>\n\t\t\t\t<div class=\"elementor-element elementor-element-7e900f7 elementor-widget elementor-widget-heading\" data-id=\"7e900f7\" data-element_type=\"widget\" data-e-type=\"widget\" data-widget_type=\"heading.default\">\n\t\t\t\t\t<h3 class=\"elementor-heading-title elementor-size-default\">Por que a tradu\u00e7\u00e3o profissional do turco \u00e9 importante<\/h3>\t\t\t\t<\/div>\n\t\t\t\t<div class=\"elementor-element elementor-element-f651ab3 elementor-widget elementor-widget-text-editor\" data-id=\"f651ab3\" data-element_type=\"widget\" data-e-type=\"widget\" data-widget_type=\"text-editor.default\">\n\t\t\t\t\t\t\t\t\t<p>O turco \u00e9 falado por milh\u00f5es de pessoas em todo o mundo, o que o torna essencial para empresas e organiza\u00e7\u00f5es que buscam se conectar com p\u00fablicos de l\u00edngua turca. A tradu\u00e7\u00e3o profissional garante:<\/p><ul><li><p>Relev\u00e2ncia cultural: tradu\u00e7\u00f5es precisas que ressoem com a cultura e os costumes locais.<\/p><\/li><li><p>Conformidade legal: garantir que os documentos atendam aos padr\u00f5es e requisitos legais regionais.<\/p><\/li><li><p>Credibilidade da marca: apresentar seu neg\u00f3cio profissionalmente ao p\u00fablico de l\u00edngua turca.<\/p><\/li><\/ul>\t\t\t\t\t\t\t\t<\/div>\n\t\t\t\t<div class=\"elementor-element elementor-element-30a3492 elementor-widget elementor-widget-heading\" data-id=\"30a3492\" data-element_type=\"widget\" data-e-type=\"widget\" data-widget_type=\"heading.default\">\n\t\t\t\t\t<h3 class=\"elementor-heading-title elementor-size-default\">Servi\u00e7os de tradu\u00e7\u00e3o turco otimizados para SEO<\/h3>\t\t\t\t<\/div>\n\t\t\t\t<div class=\"elementor-element elementor-element-e6fb687 elementor-widget elementor-widget-text-editor\" data-id=\"e6fb687\" data-element_type=\"widget\" data-e-type=\"widget\" data-widget_type=\"text-editor.default\">\n\t\t\t\t\t\t\t\t\t<p>Nossas tradu\u00e7\u00f5es s\u00e3o projetadas com as melhores pr\u00e1ticas de SEO para melhorar sua visibilidade online:<\/p><ul><li><p>Palavras-chave localizadas: incorpora\u00e7\u00e3o de termos de pesquisa espec\u00edficos da regi\u00e3o para melhorar a classifica\u00e7\u00e3o.\u00a0<\/p><\/li><li><p>Otimiza\u00e7\u00e3o de meta tags: tradu\u00e7\u00e3o e otimiza\u00e7\u00e3o de meta descri\u00e7\u00f5es e t\u00edtulos para melhores taxas de cliques.\u00a0<\/p><\/li><li><p>URLs f\u00e1ceis de usar: cria\u00e7\u00e3o de URLs leg\u00edveis e relevantes em turco.<\/p><\/li><\/ul>\t\t\t\t\t\t\t\t<\/div>\n\t\t\t\t<div class=\"elementor-element elementor-element-800a031 elementor-widget elementor-widget-heading\" data-id=\"800a031\" data-element_type=\"widget\" data-e-type=\"widget\" data-widget_type=\"heading.default\">\n\t\t\t\t\t<h3 class=\"elementor-heading-title elementor-size-default\">Obtenha um or\u00e7amento gratuito para servi\u00e7os de tradu\u00e7\u00e3o em turco<\/h3>\t\t\t\t<\/div>\n\t\t\t\t<div class=\"elementor-element elementor-element-02f3885 elementor-widget elementor-widget-text-editor\" data-id=\"02f3885\" data-element_type=\"widget\" data-e-type=\"widget\" data-widget_type=\"text-editor.default\">\n\t\t\t\t\t\t\t\t\t<p>Precisa de servi\u00e7os profissionais de tradu\u00e7\u00e3o para turco? <strong><span style=\"color: #ff0000;\"><a style=\"color: #ff0000;\" href=\"https:\/\/lsa-global.com\/pt\/obtenha-um-orcamento-gratuito-lsa-global\/\">Entre em contato conosco hoje para um or\u00e7amento gratuito<\/a><\/span><\/strong>. Garantimos tradu\u00e7\u00f5es r\u00e1pidas, precisas e confidenciais para todas as suas necessidades.<\/p>\t\t\t\t\t\t\t\t<\/div>\n\t\t\t\t<div class=\"elementor-element elementor-element-9537131 elementor-widget elementor-widget-heading\" data-id=\"9537131\" data-element_type=\"widget\" data-e-type=\"widget\" data-widget_type=\"heading.default\">\n\t\t\t\t\t<h2 class=\"elementor-heading-title elementor-size-default\">Indo al\u00e9m<\/h2>\t\t\t\t<\/div>\n\t\t\t\t<div class=\"elementor-element elementor-element-7e6379c elementor-widget elementor-widget-text-editor\" data-id=\"7e6379c\" data-element_type=\"widget\" data-e-type=\"widget\" data-widget_type=\"text-editor.default\">\n\t\t\t\t\t\t\t\t\t<h5><a href=\"https:\/\/lsa-global.com\/pt\/precos-e-termos-de-traducao\/\"><span style=\"color: #ff0000;\">Planos de pre\u00e7os e mais<\/span><\/a><\/h5>\t\t\t\t\t\t\t\t<\/div>\n\t\t\t\t<div class=\"elementor-element elementor-element-8b32535 elementor-widget elementor-widget-text-editor\" data-id=\"8b32535\" data-element_type=\"widget\" data-e-type=\"widget\" data-widget_type=\"text-editor.default\">\n\t\t\t\t\t\t\t\t\t<h5><a href=\"https:\/\/lsa-global.com\/pt\/aprender-a-lingua-alema\/\"><span style=\"color: #ff0000;\">Or\u00e7amento Gratuito<\/span><\/a><\/h5>\t\t\t\t\t\t\t\t<\/div>\n\t\t\t\t<div class=\"elementor-element elementor-element-98b9b4f elementor-widget elementor-widget-text-editor\" data-id=\"98b9b4f\" data-element_type=\"widget\" data-e-type=\"widget\" data-widget_type=\"text-editor.default\">\n\t\t\t\t\t\t\t\t\t<h5><a href=\"https:\/\/lsa-global.com\/pt\/postagens\/\"><span style=\"color: #ff0000;\">Mais Posts<\/span><\/a><\/h5>\t\t\t\t\t\t\t\t<\/div>\n\t\t\t\t<div class=\"elementor-element elementor-element-b114055 elementor-widget elementor-widget-text-editor\" data-id=\"b114055\" data-element_type=\"widget\" data-e-type=\"widget\" data-widget_type=\"text-editor.default\">\n\t\t\t\t\t\t\t\t\t<h5><a href=\"https:\/\/lsaglobal-translate.co.uk\/services\/translation-services\/\" target=\"_blank\" rel=\"noopener\"><span style=\"color: #ff0000;\">Tradu\u00e7\u00e3o Pro.<\/span><\/a><\/h5>\t\t\t\t\t\t\t\t<\/div>\n\t\t\t\t<div class=\"elementor-element elementor-element-5c40cf8 elementor-widget elementor-widget-image\" data-id=\"5c40cf8\" data-element_type=\"widget\" data-e-type=\"widget\" data-widget_type=\"image.default\">\n\t\t\t\t\t\t\t\t\t\t\t\t\t\t\t<img fetchpriority=\"high\" decoding=\"async\" data-attachment-id=\"43643\" data-permalink=\"https:\/\/lsa-global.com\/zh\/%e4%b8%93%e4%b8%9a%e5%9c%9f%e8%80%b3%e5%85%b6%e8%af%ad%e7%bf%bb%e8%af%91%e6%9c%8d%e5%8a%a1%e5%87%86%e7%a1%ae\/turkish-2\/\" data-orig-file=\"https:\/\/i0.wp.com\/lsa-global.com\/wp-content\/uploads\/2025\/03\/Turkish-1.png?fit=2560%2C1707&amp;ssl=1\" data-orig-size=\"2560,1707\" data-comments-opened=\"0\" data-image-meta=\"{&quot;aperture&quot;:&quot;0&quot;,&quot;credit&quot;:&quot;&quot;,&quot;camera&quot;:&quot;&quot;,&quot;caption&quot;:&quot;&quot;,&quot;created_timestamp&quot;:&quot;0&quot;,&quot;copyright&quot;:&quot;&quot;,&quot;focal_length&quot;:&quot;0&quot;,&quot;iso&quot;:&quot;0&quot;,&quot;shutter_speed&quot;:&quot;0&quot;,&quot;title&quot;:&quot;&quot;,&quot;orientation&quot;:&quot;0&quot;}\" data-image-title=\"Turkish Translations Services\" data-image-description=\"&lt;p&gt;Turkish Translations Services&lt;\/p&gt;\" data-image-caption=\"\" data-large-file=\"https:\/\/i0.wp.com\/lsa-global.com\/wp-content\/uploads\/2025\/03\/Turkish-1.png?fit=1024%2C683&amp;ssl=1\" width=\"300\" height=\"200\" src=\"https:\/\/i0.wp.com\/lsa-global.com\/wp-content\/uploads\/2025\/03\/Turkish-1.png?fit=300%2C200&amp;ssl=1\" class=\"attachment-medium size-medium wp-image-43643\" alt=\"Servi\u00e7os de tradu\u00e7\u00e3o para turco\" srcset=\"https:\/\/i0.wp.com\/lsa-global.com\/wp-content\/uploads\/2025\/03\/Turkish-1.png?w=2560&amp;ssl=1 2560w, https:\/\/i0.wp.com\/lsa-global.com\/wp-content\/uploads\/2025\/03\/Turkish-1.png?resize=300%2C200&amp;ssl=1 300w, https:\/\/i0.wp.com\/lsa-global.com\/wp-content\/uploads\/2025\/03\/Turkish-1.png?resize=1024%2C683&amp;ssl=1 1024w, https:\/\/i0.wp.com\/lsa-global.com\/wp-content\/uploads\/2025\/03\/Turkish-1.png?resize=150%2C100&amp;ssl=1 150w, https:\/\/i0.wp.com\/lsa-global.com\/wp-content\/uploads\/2025\/03\/Turkish-1.png?resize=768%2C512&amp;ssl=1 768w, https:\/\/i0.wp.com\/lsa-global.com\/wp-content\/uploads\/2025\/03\/Turkish-1.png?resize=1536%2C1024&amp;ssl=1 1536w, https:\/\/i0.wp.com\/lsa-global.com\/wp-content\/uploads\/2025\/03\/Turkish-1.png?resize=2048%2C1366&amp;ssl=1 2048w, https:\/\/i0.wp.com\/lsa-global.com\/wp-content\/uploads\/2025\/03\/Turkish-1.png?resize=18%2C12&amp;ssl=1 18w, https:\/\/i0.wp.com\/lsa-global.com\/wp-content\/uploads\/2025\/03\/Turkish-1.png?resize=370%2C247&amp;ssl=1 370w, https:\/\/i0.wp.com\/lsa-global.com\/wp-content\/uploads\/2025\/03\/Turkish-1.png?resize=760%2C507&amp;ssl=1 760w\" sizes=\"(max-width: 300px) 100vw, 300px\" title=\"\">\t\t\t\t\t\t\t\t\t\t\t\t\t\t\t<\/div>\n\t\t\t\t\t<\/div>\n\t\t\t\t<\/div>\n\t\t\t\t<\/div>","protected":false},"excerpt":{"rendered":"<p>Professional Turkish Translation Services \u2013 Accurate and Certified Expert Turkish Translation Services for Businesses &amp; Individuals Are you seeking high-quality&hellip;<\/p>","protected":false},"author":1,"featured_media":44080,"parent":0,"menu_order":0,"comment_status":"closed","ping_status":"closed","template":"","meta":{"jetpack_post_was_ever_published":false,"footnotes":""},"class_list":["post-43349","page","type-page","status-publish","has-post-thumbnail","hentry"],"jetpack_sharing_enabled":true,"jetpack_likes_enabled":true,"jetpack-related-posts":[],"jetpack_shortlink":"https:\/\/wp.me\/PerFda-bhb","_links":{"self":[{"href":"https:\/\/lsa-global.com\/pt\/wp-json\/wp\/v2\/pages\/43349","targetHints":{"allow":["GET"]}}],"collection":[{"href":"https:\/\/lsa-global.com\/pt\/wp-json\/wp\/v2\/pages"}],"about":[{"href":"https:\/\/lsa-global.com\/pt\/wp-json\/wp\/v2\/types\/page"}],"author":[{"embeddable":true,"href":"https:\/\/lsa-global.com\/pt\/wp-json\/wp\/v2\/users\/1"}],"replies":[{"embeddable":true,"href":"https:\/\/lsa-global.com\/pt\/wp-json\/wp\/v2\/comments?post=43349"}],"version-history":[{"count":0,"href":"https:\/\/lsa-global.com\/pt\/wp-json\/wp\/v2\/pages\/43349\/revisions"}],"wp:featuredmedia":[{"embeddable":true,"href":"https:\/\/lsa-global.com\/pt\/wp-json\/wp\/v2\/media\/44080"}],"wp:attachment":[{"href":"https:\/\/lsa-global.com\/pt\/wp-json\/wp\/v2\/media?parent=43349"}],"curies":[{"name":"wp","href":"https:\/\/api.w.org\/{rel}","templated":true}]}}