{"id":43330,"date":"2025-03-18T14:41:02","date_gmt":"2025-03-18T13:41:02","guid":{"rendered":"https:\/\/lsa-global.com\/?page_id=43330"},"modified":"2025-04-25T13:09:54","modified_gmt":"2025-04-25T12:09:54","slug":"professional-swedish-translation-services-accurate","status":"publish","type":"page","link":"https:\/\/lsa-global.com\/pt\/professional-swedish-translation-services-accurate\/","title":{"rendered":"Servi\u00e7os profissionais de tradu\u00e7\u00e3o sueca \u2013 precisos e certificados"},"content":{"rendered":"<div data-elementor-type=\"wp-page\" data-elementor-id=\"43330\" class=\"elementor elementor-43330\" data-elementor-post-type=\"page\">\n\t\t\t\t<div class=\"elementor-element elementor-element-675623c e-flex e-con-boxed e-con e-parent\" data-id=\"675623c\" data-element_type=\"container\" data-e-type=\"container\">\n\t\t\t\t\t<div class=\"e-con-inner\">\n\t\t\t\t<div class=\"elementor-element elementor-element-10caf43 elementor-widget elementor-widget-heading\" data-id=\"10caf43\" data-element_type=\"widget\" data-e-type=\"widget\" data-widget_type=\"heading.default\">\n\t\t\t\t\t<h2 class=\"elementor-heading-title elementor-size-default\"><span style=\"font-family: Helvetica, monospace;font-size: 45px;font-style: normal;font-weight: 800;text-align: var(--text-align)\">Servi\u00e7os profissionais de tradu\u00e7\u00e3o sueca \u2013 precisos e certificados<\/span><\/h2>\t\t\t\t<\/div>\n\t\t\t\t<div class=\"elementor-element elementor-element-6b40de0 elementor-widget elementor-widget-image\" data-id=\"6b40de0\" data-element_type=\"widget\" data-e-type=\"widget\" data-widget_type=\"image.default\">\n\t\t\t\t\t\t\t\t\t\t\t\t\t\t\t<img fetchpriority=\"high\" decoding=\"async\" data-attachment-id=\"43567\" data-permalink=\"https:\/\/lsa-global.com\/ru\/%d0%bf%d1%80%d0%be%d1%84%d0%b5%d1%81%d1%81%d0%b8%d0%be%d0%bd%d0%b0%d0%bb%d1%8c%d0%bd%d1%8b%d0%b5-%d1%83%d1%81%d0%bb%d1%83%d0%b3%d0%b8-%d1%88%d0%b2%d0%b5%d0%b4%d1%81%d0%ba%d0%be%d0%b3%d0%be-%d0%bf-2\/swedish\/\" data-orig-file=\"https:\/\/i0.wp.com\/lsa-global.com\/wp-content\/uploads\/2025\/03\/Swedish.png?fit=2560%2C1600&amp;ssl=1\" data-orig-size=\"2560,1600\" data-comments-opened=\"0\" data-image-meta=\"{&quot;aperture&quot;:&quot;0&quot;,&quot;credit&quot;:&quot;&quot;,&quot;camera&quot;:&quot;&quot;,&quot;caption&quot;:&quot;&quot;,&quot;created_timestamp&quot;:&quot;0&quot;,&quot;copyright&quot;:&quot;&quot;,&quot;focal_length&quot;:&quot;0&quot;,&quot;iso&quot;:&quot;0&quot;,&quot;shutter_speed&quot;:&quot;0&quot;,&quot;title&quot;:&quot;&quot;,&quot;orientation&quot;:&quot;0&quot;}\" data-image-title=\"Swedish Translations Services\" data-image-description=\"&lt;p&gt;Swedish Translations Services&lt;\/p&gt;\" data-image-caption=\"\" data-medium-file=\"https:\/\/i0.wp.com\/lsa-global.com\/wp-content\/uploads\/2025\/03\/Swedish.png?fit=300%2C188&amp;ssl=1\" data-large-file=\"https:\/\/i0.wp.com\/lsa-global.com\/wp-content\/uploads\/2025\/03\/Swedish.png?fit=1024%2C640&amp;ssl=1\" width=\"300\" height=\"188\" src=\"https:\/\/i0.wp.com\/lsa-global.com\/wp-content\/uploads\/2025\/03\/Swedish.png?fit=300%2C188&amp;ssl=1\" class=\"attachment-medium size-medium wp-image-43567\" alt=\"Swedish Translations Services\" srcset=\"https:\/\/i0.wp.com\/lsa-global.com\/wp-content\/uploads\/2025\/03\/Swedish.png?w=2560&amp;ssl=1 2560w, https:\/\/i0.wp.com\/lsa-global.com\/wp-content\/uploads\/2025\/03\/Swedish.png?resize=300%2C188&amp;ssl=1 300w, https:\/\/i0.wp.com\/lsa-global.com\/wp-content\/uploads\/2025\/03\/Swedish.png?resize=1024%2C640&amp;ssl=1 1024w, https:\/\/i0.wp.com\/lsa-global.com\/wp-content\/uploads\/2025\/03\/Swedish.png?resize=150%2C94&amp;ssl=1 150w, https:\/\/i0.wp.com\/lsa-global.com\/wp-content\/uploads\/2025\/03\/Swedish.png?resize=768%2C480&amp;ssl=1 768w, https:\/\/i0.wp.com\/lsa-global.com\/wp-content\/uploads\/2025\/03\/Swedish.png?resize=1536%2C960&amp;ssl=1 1536w, https:\/\/i0.wp.com\/lsa-global.com\/wp-content\/uploads\/2025\/03\/Swedish.png?resize=2048%2C1280&amp;ssl=1 2048w, https:\/\/i0.wp.com\/lsa-global.com\/wp-content\/uploads\/2025\/03\/Swedish.png?resize=18%2C12&amp;ssl=1 18w, https:\/\/i0.wp.com\/lsa-global.com\/wp-content\/uploads\/2025\/03\/Swedish.png?resize=370%2C231&amp;ssl=1 370w, https:\/\/i0.wp.com\/lsa-global.com\/wp-content\/uploads\/2025\/03\/Swedish.png?resize=760%2C475&amp;ssl=1 760w\" sizes=\"(max-width: 300px) 100vw, 300px\" title=\"\">\t\t\t\t\t\t\t\t\t\t\t\t\t\t\t<\/div>\n\t\t\t\t<div class=\"elementor-element elementor-element-fea0596 elementor-widget elementor-widget-heading\" data-id=\"fea0596\" data-element_type=\"widget\" data-e-type=\"widget\" data-widget_type=\"heading.default\">\n\t\t\t\t\t<h3 class=\"elementor-heading-title elementor-size-default\">Expert Swedish Translation Services for Businesses and Individuals<\/h3>\t\t\t\t<\/div>\n\t\t\t\t<div class=\"elementor-element elementor-element-a62b48f elementor-widget elementor-widget-text-editor\" data-id=\"a62b48f\" data-element_type=\"widget\" data-e-type=\"widget\" data-widget_type=\"text-editor.default\">\n\t\t\t\t\t\t\t\t\t<p>Are you seeking high-quality Swedish translation services? Our team of professional translators specializes in delivering accurate, culturally adapted translations tailored to Swedish-speaking audiences. We offer a comprehensive range of services, including document translation, website localization, technical translations, and more, ensuring your content resonates with your target market.<\/p>\t\t\t\t\t\t\t\t<\/div>\n\t\t\t\t<div class=\"elementor-element elementor-element-571037a elementor-widget elementor-widget-heading\" data-id=\"571037a\" data-element_type=\"widget\" data-e-type=\"widget\" data-widget_type=\"heading.default\">\n\t\t\t\t\t<h3 class=\"elementor-heading-title elementor-size-default\">Por que escolher nossos servi\u00e7os de tradu\u00e7\u00e3o para sueco?<\/h3>\t\t\t\t<\/div>\n\t\t\t\t<div class=\"elementor-element elementor-element-0ddeac5 elementor-widget elementor-widget-text-editor\" data-id=\"0ddeac5\" data-element_type=\"widget\" data-e-type=\"widget\" data-widget_type=\"text-editor.default\">\n\t\t\t\t\t\t\t\t\t<p>.Native Swedish Translators: Our translators are native Swedish speakers with years of full-time experience, ensuring precise and contextually appropriate translations. Certified Translations: We provide certified translations accepted by government agencies and legal institutions, ensuring compliance and authenticity.\u00a0<\/p><ul><li><p>Conte\u00fado otimizado para SEO: nossas tradu\u00e7\u00f5es incorporam as melhores pr\u00e1ticas de SEO, ajudando seu site a ter uma classifica\u00e7\u00e3o mais alta em mecanismos de busca como Google e Bing.<\/p><\/li><li><p>Entrega r\u00e1pida e pre\u00e7os competitivos: entregamos tradu\u00e7\u00f5es de alta qualidade prontamente e a pre\u00e7os competitivos, atendendo aos seus prazos e requisitos de or\u00e7amento.\u00a0<\/p><\/li><li><p>Experi\u00eancia no setor: Nossos tradutores possuem conhecimento especializado em v\u00e1rios setores, incluindo jur\u00eddico, m\u00e9dico, t\u00e9cnico e empresarial.<\/p><\/li><li><ul data-start=\"2658\" data-end=\"2827\"><li class=\"\" data-start=\"2658\" data-end=\"2685\"><p class=\"\" data-start=\"2660\" data-end=\"2685\">Website and app content<\/p><\/li><li class=\"\" data-start=\"2686\" data-end=\"2720\"><p class=\"\" data-start=\"2688\" data-end=\"2720\">Product packaging and labeling<\/p><\/li><li class=\"\" data-start=\"2721\" data-end=\"2762\"><p class=\"\" data-start=\"2723\" data-end=\"2762\">Promotional and advertising campaigns<\/p><\/li><li class=\"\" data-start=\"2763\" data-end=\"2798\"><p class=\"\" data-start=\"2765\" data-end=\"2798\">E-learning and training modules<\/p><\/li><li class=\"\" data-start=\"2799\" data-end=\"2827\"><p class=\"\" data-start=\"2801\" data-end=\"2827\">Customer support materials.<\/p><\/li><li class=\"\" data-start=\"2799\" data-end=\"2827\"><p class=\"\" data-start=\"2801\" data-end=\"2827\">Cultural Sensitivity and Localization<\/p><p class=\"\" data-start=\"2320\" data-end=\"2633\">Successful communication goes beyond word-for-word translation. Our Swedish language experts specialize in <span data-start=\"2427\" data-end=\"2443\">localiza\u00e7\u00e3o<\/span>, adapting content to meet the expectations, tone, and preferences of Swedish-speaking audiences. This is especially valuable in marketing, user experience design, and public communications.<\/p><p class=\"\" data-start=\"2635\" data-end=\"2656\">We help you localize:<\/p><\/li><\/ul><\/li><\/ul>\t\t\t\t\t\t\t\t<\/div>\n\t\t\t\t<div class=\"elementor-element elementor-element-52f6ca9 elementor-widget elementor-widget-heading\" data-id=\"52f6ca9\" data-element_type=\"widget\" data-e-type=\"widget\" data-widget_type=\"heading.default\">\n\t\t\t\t\t<h3 class=\"elementor-heading-title elementor-size-default\">Nossos servi\u00e7os de tradu\u00e7\u00e3o para sueco<\/h3>\t\t\t\t<\/div>\n\t\t\t\t<div class=\"elementor-element elementor-element-7f8710c elementor-widget elementor-widget-heading\" data-id=\"7f8710c\" data-element_type=\"widget\" data-e-type=\"widget\" data-widget_type=\"heading.default\">\n\t\t\t\t\t<h5 class=\"elementor-heading-title elementor-size-default\">1. Tradu\u00e7\u00e3o Certificada de Documentos<\/h5>\t\t\t\t<\/div>\n\t\t\t\t<div class=\"elementor-element elementor-element-4c35574 elementor-widget elementor-widget-text-editor\" data-id=\"4c35574\" data-element_type=\"widget\" data-e-type=\"widget\" data-widget_type=\"text-editor.default\">\n\t\t\t\t\t\t\t\t\t<p><span style=\"color: #0000ff; font-family: Roboto, sans-serif; font-size: 16px;\">Oferecemos tradu\u00e7\u00f5es certificadas para diversos documentos, garantindo precis\u00e3o e aceita\u00e7\u00e3o por entidades oficiais:<\/span><\/p><ul><li><p>Documentos legais: contratos, acordos, documentos judiciais.<\/p><\/li><li><p>Documentos pessoais: certid\u00f5es de nascimento, certid\u00f5es de casamento, hist\u00f3ricos escolares.<\/p><\/li><li><p>Documentos comerciais: licen\u00e7as, demonstra\u00e7\u00f5es financeiras, relat\u00f3rios corporativos<\/p><\/li><\/ul><p>Lorem ipsum dolor sit amet, consectetur adipiscing elit. Ut elit Tellus, luctus nec ullamcorper mattis, pulvinar dapibus leo.<\/p>\t\t\t\t\t\t\t\t<\/div>\n\t\t\t\t<div class=\"elementor-element elementor-element-89e1686 elementor-widget elementor-widget-heading\" data-id=\"89e1686\" data-element_type=\"widget\" data-e-type=\"widget\" data-widget_type=\"heading.default\">\n\t\t\t\t\t<h5 class=\"elementor-heading-title elementor-size-default\">2. Localiza\u00e7\u00e3o de sites e aplicativos<\/h5>\t\t\t\t<\/div>\n\t\t\t\t<div class=\"elementor-element elementor-element-65be883 elementor-widget elementor-widget-text-editor\" data-id=\"65be883\" data-element_type=\"widget\" data-e-type=\"widget\" data-widget_type=\"text-editor.default\">\n\t\t\t\t\t\t\t\t\t<p>Expand your digital presence in Swedish-speaking markets with our localization services:<\/p><ul><li><p>Localiza\u00e7\u00e3o de sites: adapta\u00e7\u00e3o do conte\u00fado do seu site para adequ\u00e1-lo \u00e0s nuances e prefer\u00eancias culturais.<\/p><\/li><li><p>App Localization: Ensuring your mobile applications are user-friendly for Swedish-speaking users.<\/p><\/li><li><p>SEO Optimizatio<strong>n<\/strong>: Implementing localized keywords and meta tags to improve search engine rankings<\/p><\/li><\/ul>\t\t\t\t\t\t\t\t<\/div>\n\t\t\t\t<div class=\"elementor-element elementor-element-e95a6fc elementor-widget elementor-widget-heading\" data-id=\"e95a6fc\" data-element_type=\"widget\" data-e-type=\"widget\" data-widget_type=\"heading.default\">\n\t\t\t\t\t<h5 class=\"elementor-heading-title elementor-size-default\">3. Tradu\u00e7\u00f5es T\u00e9cnicas e M\u00e9dicas<\/h5>\t\t\t\t<\/div>\n\t\t\t\t<div class=\"elementor-element elementor-element-42891ed elementor-widget elementor-widget-text-editor\" data-id=\"42891ed\" data-element_type=\"widget\" data-e-type=\"widget\" data-widget_type=\"text-editor.default\">\n\t\t\t\t\t\t\t\t\t<p>Nossos especialistas lidam com documentos t\u00e9cnicos e m\u00e9dicos complexos com precis\u00e3o:<\/p>\n<ul>\n<li>\n<p><strong>Manuais T\u00e9cnicos<\/strong>: Guias do usu\u00e1rio, manuais de produtos, especifica\u00e7\u00f5es t\u00e9cnicas.<\/p>\n<\/li>\n<li>\n<p><strong>Documentos M\u00e9dicos<\/strong>: Relat\u00f3rios cl\u00ednicos, informa\u00e7\u00f5es farmac\u00eauticas, artigos de pesquisa m\u00e9dica.<\/p>\n<\/li>\n<\/ul>\n<p>Lorem ipsum dolor sit amet, consectetur adipiscing elit. Ut elit Tellus, luctus nec ullamcorper mattis, pulvinar dapibus leo.<\/p>\t\t\t\t\t\t\t\t<\/div>\n\t\t\t\t<div class=\"elementor-element elementor-element-76fdbd0 elementor-widget elementor-widget-heading\" data-id=\"76fdbd0\" data-element_type=\"widget\" data-e-type=\"widget\" data-widget_type=\"heading.default\">\n\t\t\t\t\t<h5 class=\"elementor-heading-title elementor-size-default\">4. Tradu\u00e7\u00f5es de neg\u00f3cios e marketing<\/h5>\t\t\t\t<\/div>\n\t\t\t\t<div class=\"elementor-element elementor-element-666d73a elementor-widget elementor-widget-text-editor\" data-id=\"666d73a\" data-element_type=\"widget\" data-e-type=\"widget\" data-widget_type=\"text-editor.default\">\n\t\t\t\t\t\t\t\t\t<p>Effectively communicate your brand message to Swedish-speaking audiences:<\/p><ul><li><p>Materiais de marketing: folhetos, an\u00fancios, comunicados de imprensa.<\/p><\/li><li><p>Comunica\u00e7\u00f5es empresariais: apresenta\u00e7\u00f5es, e-mails, comunica\u00e7\u00f5es corporativas.<\/p><\/li><\/ul>\t\t\t\t\t\t\t\t<\/div>\n\t\t\t\t<div class=\"elementor-element elementor-element-3ff9387 elementor-widget elementor-widget-heading\" data-id=\"3ff9387\" data-element_type=\"widget\" data-e-type=\"widget\" data-widget_type=\"heading.default\">\n\t\t\t\t\t<h3 class=\"elementor-heading-title elementor-size-default\">Ind\u00fastrias que atendemos<\/h3>\t\t\t\t<\/div>\n\t\t\t\t<div class=\"elementor-element elementor-element-efbce69 elementor-widget elementor-widget-text-editor\" data-id=\"efbce69\" data-element_type=\"widget\" data-e-type=\"widget\" data-widget_type=\"text-editor.default\">\n\t\t\t\t\t\t\t\t\t<p>Atendemos a uma ampla gama de setores, incluindo:<\/p><ul><li><p>Jur\u00eddico e governamental: Fornecimento de tradu\u00e7\u00f5es para processos legais e comunica\u00e7\u00f5es governamentais.<\/p><\/li><li><p>Sa\u00fade e produtos farmac\u00eauticos: tradu\u00e7\u00e3o de registros m\u00e9dicos, artigos de pesquisa e documentos farmac\u00eauticos.<\/p><\/li><li><p>Tecnologia e TI: Localiza\u00e7\u00e3o de software, manuais do usu\u00e1rio e documenta\u00e7\u00e3o t\u00e9cnica.<\/p><\/li><li><p>Finan\u00e7as e servi\u00e7os banc\u00e1rios: tradu\u00e7\u00e3o de relat\u00f3rios financeiros, documentos de investimento e materiais banc\u00e1rios.<\/p><\/li><li><p>E-commerce e varejo: localiza\u00e7\u00e3o de descri\u00e7\u00f5es de produtos, avalia\u00e7\u00f5es de clientes e conte\u00fado de marketing.<\/p><\/li><\/ul>\t\t\t\t\t\t\t\t<\/div>\n\t\t\t\t<div class=\"elementor-element elementor-element-5cf6194 elementor-widget elementor-widget-heading\" data-id=\"5cf6194\" data-element_type=\"widget\" data-e-type=\"widget\" data-widget_type=\"heading.default\">\n\t\t\t\t\t<h3 class=\"elementor-heading-title elementor-size-default\">Por que a tradu\u00e7\u00e3o profissional sueca \u00e9 importante<\/h3>\t\t\t\t<\/div>\n\t\t\t\t<div class=\"elementor-element elementor-element-906f526 elementor-widget elementor-widget-text-editor\" data-id=\"906f526\" data-element_type=\"widget\" data-e-type=\"widget\" data-widget_type=\"text-editor.default\">\n\t\t\t\t\t\t\t\t\t<p>Swedish is spoken by millions of people worldwide, making it essential for businesses and organizations aiming to connect with Swedish-speaking audiences. Professional translation ensures:<\/p><ul><li><p>Relev\u00e2ncia cultural: tradu\u00e7\u00f5es precisas que ressoem com a cultura e os costumes locais.<\/p><\/li><li><p>Conformidade legal: garantir que os documentos atendam aos padr\u00f5es e requisitos legais regionais.<\/p><\/li><li><p>Brand Credibility: Presenting your business professionally to Swedish-speaking audiences.<\/p><\/li><\/ul>\t\t\t\t\t\t\t\t<\/div>\n\t\t\t\t<div class=\"elementor-element elementor-element-9ff65f4 elementor-widget elementor-widget-heading\" data-id=\"9ff65f4\" data-element_type=\"widget\" data-e-type=\"widget\" data-widget_type=\"heading.default\">\n\t\t\t\t\t<h3 class=\"elementor-heading-title elementor-size-default\">Servi\u00e7os de tradu\u00e7\u00e3o sueco otimizados para SEO<\/h3>\t\t\t\t<\/div>\n\t\t\t\t<div class=\"elementor-element elementor-element-65e337c elementor-widget elementor-widget-text-editor\" data-id=\"65e337c\" data-element_type=\"widget\" data-e-type=\"widget\" data-widget_type=\"text-editor.default\">\n\t\t\t\t\t\t\t\t\t<p>Nossas tradu\u00e7\u00f5es s\u00e3o projetadas com as melhores pr\u00e1ticas de SEO para melhorar sua visibilidade online:<\/p><ul><li><p>Palavras-chave localizadas: incorpora\u00e7\u00e3o de termos de pesquisa espec\u00edficos da regi\u00e3o para melhorar a classifica\u00e7\u00e3o.\u00a0<\/p><\/li><li><p>Otimiza\u00e7\u00e3o de meta tags: tradu\u00e7\u00e3o e otimiza\u00e7\u00e3o de meta descri\u00e7\u00f5es e t\u00edtulos para melhores taxas de cliques.\u00a0<\/p><\/li><li><p>User-Friendly URLs: Creating URLs that are readable and relevant in Swedish.<\/p><\/li><\/ul>\t\t\t\t\t\t\t\t<\/div>\n\t\t\t\t<div class=\"elementor-element elementor-element-d3ff112 elementor-widget elementor-widget-heading\" data-id=\"d3ff112\" data-element_type=\"widget\" data-e-type=\"widget\" data-widget_type=\"heading.default\">\n\t\t\t\t\t<h3 class=\"elementor-heading-title elementor-size-default\">Obtenha um or\u00e7amento gratuito para servi\u00e7os de tradu\u00e7\u00e3o em sueco<\/h3>\t\t\t\t<\/div>\n\t\t\t\t<div class=\"elementor-element elementor-element-4580b07 elementor-widget elementor-widget-text-editor\" data-id=\"4580b07\" data-element_type=\"widget\" data-e-type=\"widget\" data-widget_type=\"text-editor.default\">\n\t\t\t\t\t\t\t\t\t<p>Need professional Swedish translation services? <a href=\"https:\/\/lsa-global.com\/pt\/obtenha-um-orcamento-gratuito-lsa-global\/\"><strong><span style=\"color: #333399;\">Entre em contato conosco hoje mesmo para um or\u00e7amento gratuito.<\/span><\/strong><\/a> Garantimos tradu\u00e7\u00f5es r\u00e1pidas, precisas e confidenciais para todas as suas necessidades.<\/p>\t\t\t\t\t\t\t\t<\/div>\n\t\t\t\t<div class=\"elementor-element elementor-element-dfe0794 elementor-widget elementor-widget-heading\" data-id=\"dfe0794\" data-element_type=\"widget\" data-e-type=\"widget\" data-widget_type=\"heading.default\">\n\t\t\t\t\t<h2 class=\"elementor-heading-title elementor-size-default\">Indo al\u00e9m<\/h2>\t\t\t\t<\/div>\n\t\t\t\t<div class=\"elementor-element elementor-element-29a93dc elementor-widget elementor-widget-text-editor\" data-id=\"29a93dc\" data-element_type=\"widget\" data-e-type=\"widget\" data-widget_type=\"text-editor.default\">\n\t\t\t\t\t\t\t\t\t<h5><a href=\"https:\/\/lsa-global.com\/pt\/precos-e-termos-de-traducao\/\"><span style=\"color: #ff0000;\">Planos de pre\u00e7os e mais<\/span><\/a><\/h5>\t\t\t\t\t\t\t\t<\/div>\n\t\t\t\t<div class=\"elementor-element elementor-element-b12fc56 elementor-widget elementor-widget-text-editor\" data-id=\"b12fc56\" data-element_type=\"widget\" data-e-type=\"widget\" data-widget_type=\"text-editor.default\">\n\t\t\t\t\t\t\t\t\t<h5><a href=\"https:\/\/lsa-global.com\/pt\/aprender-a-lingua-alema\/\"><span style=\"color: #ff0000;\">Or\u00e7amento Gratuito<\/span><\/a><\/h5>\t\t\t\t\t\t\t\t<\/div>\n\t\t\t\t<div class=\"elementor-element elementor-element-602dd73 elementor-widget elementor-widget-text-editor\" data-id=\"602dd73\" data-element_type=\"widget\" data-e-type=\"widget\" data-widget_type=\"text-editor.default\">\n\t\t\t\t\t\t\t\t\t<h5><a href=\"https:\/\/lsaglobal-translate.co.uk\/services\/translation-services\/\" target=\"_blank\" rel=\"noopener\"><span style=\"color: #ff0000;\">Tradu\u00e7\u00e3o Pro.<\/span><\/a><\/h5>\t\t\t\t\t\t\t\t<\/div>\n\t\t\t\t<div class=\"elementor-element elementor-element-e93d084 elementor-widget elementor-widget-image\" data-id=\"e93d084\" data-element_type=\"widget\" data-e-type=\"widget\" data-widget_type=\"image.default\">\n\t\t\t\t\t\t\t\t\t\t\t\t\t\t\t<img decoding=\"async\" data-attachment-id=\"44089\" data-permalink=\"https:\/\/lsa-global.com\/ru\/%d0%bf%d1%80%d0%be%d1%84%d0%b5%d1%81%d1%81%d0%b8%d0%be%d0%bd%d0%b0%d0%bb%d1%8c%d0%bd%d1%8b%d0%b5-%d1%83%d1%81%d0%bb%d1%83%d0%b3%d0%b8-%d1%88%d0%b2%d0%b5%d0%b4%d1%81%d0%ba%d0%be%d0%b3%d0%be-%d0%bf-2\/swedish-2\/\" data-orig-file=\"https:\/\/i0.wp.com\/lsa-global.com\/wp-content\/uploads\/2025\/03\/Swedish-1.png?fit=2560%2C1600&amp;ssl=1\" data-orig-size=\"2560,1600\" data-comments-opened=\"0\" data-image-meta=\"{&quot;aperture&quot;:&quot;0&quot;,&quot;credit&quot;:&quot;&quot;,&quot;camera&quot;:&quot;&quot;,&quot;caption&quot;:&quot;&quot;,&quot;created_timestamp&quot;:&quot;0&quot;,&quot;copyright&quot;:&quot;&quot;,&quot;focal_length&quot;:&quot;0&quot;,&quot;iso&quot;:&quot;0&quot;,&quot;shutter_speed&quot;:&quot;0&quot;,&quot;title&quot;:&quot;&quot;,&quot;orientation&quot;:&quot;0&quot;}\" data-image-title=\"Swedish Translations Services\" data-image-description=\"&lt;p&gt; Swedish Translations Services&lt;\/p&gt;\" data-image-caption=\"\" data-medium-file=\"https:\/\/i0.wp.com\/lsa-global.com\/wp-content\/uploads\/2025\/03\/Swedish-1.png?fit=300%2C188&amp;ssl=1\" data-large-file=\"https:\/\/i0.wp.com\/lsa-global.com\/wp-content\/uploads\/2025\/03\/Swedish-1.png?fit=1024%2C640&amp;ssl=1\" width=\"300\" height=\"188\" src=\"https:\/\/i0.wp.com\/lsa-global.com\/wp-content\/uploads\/2025\/03\/Swedish-1.png?fit=300%2C188&amp;ssl=1\" class=\"attachment-medium size-medium wp-image-44089\" alt=\"Swedish Translations Services\" srcset=\"https:\/\/i0.wp.com\/lsa-global.com\/wp-content\/uploads\/2025\/03\/Swedish-1.png?w=2560&amp;ssl=1 2560w, https:\/\/i0.wp.com\/lsa-global.com\/wp-content\/uploads\/2025\/03\/Swedish-1.png?resize=300%2C188&amp;ssl=1 300w, https:\/\/i0.wp.com\/lsa-global.com\/wp-content\/uploads\/2025\/03\/Swedish-1.png?resize=1024%2C640&amp;ssl=1 1024w, https:\/\/i0.wp.com\/lsa-global.com\/wp-content\/uploads\/2025\/03\/Swedish-1.png?resize=150%2C94&amp;ssl=1 150w, https:\/\/i0.wp.com\/lsa-global.com\/wp-content\/uploads\/2025\/03\/Swedish-1.png?resize=768%2C480&amp;ssl=1 768w, https:\/\/i0.wp.com\/lsa-global.com\/wp-content\/uploads\/2025\/03\/Swedish-1.png?resize=1536%2C960&amp;ssl=1 1536w, https:\/\/i0.wp.com\/lsa-global.com\/wp-content\/uploads\/2025\/03\/Swedish-1.png?resize=2048%2C1280&amp;ssl=1 2048w, https:\/\/i0.wp.com\/lsa-global.com\/wp-content\/uploads\/2025\/03\/Swedish-1.png?resize=18%2C12&amp;ssl=1 18w, https:\/\/i0.wp.com\/lsa-global.com\/wp-content\/uploads\/2025\/03\/Swedish-1.png?resize=370%2C231&amp;ssl=1 370w, https:\/\/i0.wp.com\/lsa-global.com\/wp-content\/uploads\/2025\/03\/Swedish-1.png?resize=760%2C475&amp;ssl=1 760w\" sizes=\"(max-width: 300px) 100vw, 300px\" title=\"\">\t\t\t\t\t\t\t\t\t\t\t\t\t\t\t<\/div>\n\t\t\t\t\t<\/div>\n\t\t\t\t<\/div>\n\t\t\t\t<\/div>","protected":false},"excerpt":{"rendered":"<p>Professional Swedish Translation Services \u2013 Accurate &amp; Certified Expert Swedish Translation Services for Businesses and Individuals Are you seeking high-quality&hellip;<\/p>","protected":false},"author":1,"featured_media":44089,"parent":0,"menu_order":0,"comment_status":"closed","ping_status":"closed","template":"","meta":{"jetpack_post_was_ever_published":false,"footnotes":""},"class_list":["post-43330","page","type-page","status-publish","has-post-thumbnail","hentry"],"jetpack_sharing_enabled":true,"jetpack_likes_enabled":true,"jetpack-related-posts":[],"jetpack_shortlink":"https:\/\/wp.me\/PerFda-bgS","_links":{"self":[{"href":"https:\/\/lsa-global.com\/pt\/wp-json\/wp\/v2\/pages\/43330","targetHints":{"allow":["GET"]}}],"collection":[{"href":"https:\/\/lsa-global.com\/pt\/wp-json\/wp\/v2\/pages"}],"about":[{"href":"https:\/\/lsa-global.com\/pt\/wp-json\/wp\/v2\/types\/page"}],"author":[{"embeddable":true,"href":"https:\/\/lsa-global.com\/pt\/wp-json\/wp\/v2\/users\/1"}],"replies":[{"embeddable":true,"href":"https:\/\/lsa-global.com\/pt\/wp-json\/wp\/v2\/comments?post=43330"}],"version-history":[{"count":0,"href":"https:\/\/lsa-global.com\/pt\/wp-json\/wp\/v2\/pages\/43330\/revisions"}],"wp:featuredmedia":[{"embeddable":true,"href":"https:\/\/lsa-global.com\/pt\/wp-json\/wp\/v2\/media\/44089"}],"wp:attachment":[{"href":"https:\/\/lsa-global.com\/pt\/wp-json\/wp\/v2\/media?parent=43330"}],"curies":[{"name":"wp","href":"https:\/\/api.w.org\/{rel}","templated":true}]}}