{"id":43290,"date":"2025-03-18T14:12:57","date_gmt":"2025-03-18T13:12:57","guid":{"rendered":"https:\/\/lsa-global.com\/?page_id=43290"},"modified":"2025-04-25T13:07:10","modified_gmt":"2025-04-25T12:07:10","slug":"servicos-profissionais-de-traducao-eslovena","status":"publish","type":"page","link":"https:\/\/lsa-global.com\/pt\/servicos-profissionais-de-traducao-eslovena\/","title":{"rendered":"Servi\u00e7os profissionais de tradu\u00e7\u00e3o eslovena \u2013 precisos e certificados"},"content":{"rendered":"<div data-elementor-type=\"wp-page\" data-elementor-id=\"43290\" class=\"elementor elementor-43290\" data-elementor-post-type=\"page\">\n\t\t\t\t<div class=\"elementor-element elementor-element-5b79227 e-flex e-con-boxed e-con e-parent\" data-id=\"5b79227\" data-element_type=\"container\" data-e-type=\"container\">\n\t\t\t\t\t<div class=\"e-con-inner\">\n\t\t\t\t<div class=\"elementor-element elementor-element-02788d0 elementor-widget elementor-widget-heading\" data-id=\"02788d0\" data-element_type=\"widget\" data-e-type=\"widget\" data-widget_type=\"heading.default\">\n\t\t\t\t\t<h2 class=\"elementor-heading-title elementor-size-default\">Servi\u00e7os profissionais de tradu\u00e7\u00e3o para esloveno \u2013 precisos e certificados<\/h2>\t\t\t\t<\/div>\n\t\t\t\t<div class=\"elementor-element elementor-element-ec95e52 elementor-widget elementor-widget-image\" data-id=\"ec95e52\" data-element_type=\"widget\" data-e-type=\"widget\" data-widget_type=\"image.default\">\n\t\t\t\t\t\t\t\t\t\t\t\t\t\t\t<img decoding=\"async\" data-attachment-id=\"43553\" data-permalink=\"https:\/\/lsa-global.com\/professional-slovenian-translation-services\/slovenian\/\" data-orig-file=\"https:\/\/i0.wp.com\/lsa-global.com\/wp-content\/uploads\/2025\/03\/Slovenian.png?fit=2560%2C1280&amp;ssl=1\" data-orig-size=\"2560,1280\" data-comments-opened=\"0\" data-image-meta=\"{&quot;aperture&quot;:&quot;0&quot;,&quot;credit&quot;:&quot;&quot;,&quot;camera&quot;:&quot;&quot;,&quot;caption&quot;:&quot;&quot;,&quot;created_timestamp&quot;:&quot;0&quot;,&quot;copyright&quot;:&quot;&quot;,&quot;focal_length&quot;:&quot;0&quot;,&quot;iso&quot;:&quot;0&quot;,&quot;shutter_speed&quot;:&quot;0&quot;,&quot;title&quot;:&quot;&quot;,&quot;orientation&quot;:&quot;0&quot;}\" data-image-title=\"Professional Slovenian Translations Services\" data-image-description=\"&lt;p&gt;Professional Slovenian Translations Services&lt;\/p&gt;\" data-image-caption=\"\" data-large-file=\"https:\/\/i0.wp.com\/lsa-global.com\/wp-content\/uploads\/2025\/03\/Slovenian.png?fit=1024%2C512&amp;ssl=1\" width=\"300\" height=\"150\" src=\"https:\/\/i0.wp.com\/lsa-global.com\/wp-content\/uploads\/2025\/03\/Slovenian.png?fit=300%2C150&amp;ssl=1\" class=\"attachment-medium size-medium wp-image-43553\" alt=\"Servi\u00e7os profissionais de tradu\u00e7\u00e3o para esloveno\" srcset=\"https:\/\/i0.wp.com\/lsa-global.com\/wp-content\/uploads\/2025\/03\/Slovenian.png?w=2560&amp;ssl=1 2560w, https:\/\/i0.wp.com\/lsa-global.com\/wp-content\/uploads\/2025\/03\/Slovenian.png?resize=300%2C150&amp;ssl=1 300w, https:\/\/i0.wp.com\/lsa-global.com\/wp-content\/uploads\/2025\/03\/Slovenian.png?resize=1024%2C512&amp;ssl=1 1024w, https:\/\/i0.wp.com\/lsa-global.com\/wp-content\/uploads\/2025\/03\/Slovenian.png?resize=150%2C75&amp;ssl=1 150w, https:\/\/i0.wp.com\/lsa-global.com\/wp-content\/uploads\/2025\/03\/Slovenian.png?resize=768%2C384&amp;ssl=1 768w, https:\/\/i0.wp.com\/lsa-global.com\/wp-content\/uploads\/2025\/03\/Slovenian.png?resize=1536%2C768&amp;ssl=1 1536w, https:\/\/i0.wp.com\/lsa-global.com\/wp-content\/uploads\/2025\/03\/Slovenian.png?resize=2048%2C1024&amp;ssl=1 2048w, https:\/\/i0.wp.com\/lsa-global.com\/wp-content\/uploads\/2025\/03\/Slovenian.png?resize=18%2C9&amp;ssl=1 18w, https:\/\/i0.wp.com\/lsa-global.com\/wp-content\/uploads\/2025\/03\/Slovenian.png?resize=370%2C185&amp;ssl=1 370w, https:\/\/i0.wp.com\/lsa-global.com\/wp-content\/uploads\/2025\/03\/Slovenian.png?resize=760%2C380&amp;ssl=1 760w, https:\/\/i0.wp.com\/lsa-global.com\/wp-content\/uploads\/2025\/03\/Slovenian.png?resize=805%2C400&amp;ssl=1 805w\" sizes=\"(max-width: 300px) 100vw, 300px\" title=\"\">\t\t\t\t\t\t\t\t\t\t\t\t\t\t\t<\/div>\n\t\t\t\t<div class=\"elementor-element elementor-element-8ce67be elementor-widget elementor-widget-heading\" data-id=\"8ce67be\" data-element_type=\"widget\" data-e-type=\"widget\" data-widget_type=\"heading.default\">\n\t\t\t\t\t<h3 class=\"elementor-heading-title elementor-size-default\">Servi\u00e7os especializados de tradu\u00e7\u00e3o em esloveno para empresas e indiv\u00edduos<\/h3>\t\t\t\t<\/div>\n\t\t\t\t<div class=\"elementor-element elementor-element-5801803 elementor-widget elementor-widget-text-editor\" data-id=\"5801803\" data-element_type=\"widget\" data-e-type=\"widget\" data-widget_type=\"text-editor.default\">\n\t\t\t\t\t\t\t\t\t<p>Procura servi\u00e7os de tradu\u00e7\u00e3o de alta qualidade para o esloveno? A nossa equipa de tradutores profissionais \u00e9 especializada em fornecer tradu\u00e7\u00f5es precisas e culturalmente adaptadas, adaptadas ao p\u00fablico falante de esloveno. Oferecemos uma gama completa de servi\u00e7os, incluindo tradu\u00e7\u00e3o de documentos, localiza\u00e7\u00e3o de websites, tradu\u00e7\u00f5es t\u00e9cnicas e muito mais, garantindo que o seu conte\u00fado ressoe com o seu p\u00fablico-alvo.\u00a0<\/p>\t\t\t\t\t\t\t\t<\/div>\n\t\t\t\t<div class=\"elementor-element elementor-element-1d87cc1 elementor-widget elementor-widget-heading\" data-id=\"1d87cc1\" data-element_type=\"widget\" data-e-type=\"widget\" data-widget_type=\"heading.default\">\n\t\t\t\t\t<h3 class=\"elementor-heading-title elementor-size-default\">Por que escolher nossos servi\u00e7os de tradu\u00e7\u00e3o para esloveno?<\/h3>\t\t\t\t<\/div>\n\t\t\t\t<div class=\"elementor-element elementor-element-ccd911f elementor-widget elementor-widget-text-editor\" data-id=\"ccd911f\" data-element_type=\"widget\" data-e-type=\"widget\" data-widget_type=\"text-editor.default\">\n\t\t\t\t\t\t\t\t\t<ul>\n<li>\n<p>Tradutores nativos de esloveno: Nossos tradutores s\u00e3o falantes nativos de esloveno com anos de experi\u00eancia em tempo integral, garantindo tradu\u00e7\u00f5es precisas e contextualmente apropriadas.\u00a0<\/p>\n<\/li>\n<li>\n<p>Tradu\u00e7\u00f5es Certificadas: Fornecemos tradu\u00e7\u00f5es autenticadas aceitas por \u00f3rg\u00e3os governamentais e institui\u00e7\u00f5es jur\u00eddicas, garantindo conformidade e autenticidade.\u00a0<\/p>\n<\/li>\n<li>\n<p>Conte\u00fado otimizado para SEO: nossas tradu\u00e7\u00f5es incorporam as melhores pr\u00e1ticas de SEO, ajudando seu site a ter uma classifica\u00e7\u00e3o mais alta em mecanismos de busca como Google e Bing.\u00a0<\/p>\n<\/li>\n<li>\n<p>Entrega r\u00e1pida e pre\u00e7os competitivos: entregamos tradu\u00e7\u00f5es de alta qualidade prontamente e a pre\u00e7os competitivos, atendendo aos seus prazos e requisitos de or\u00e7amento.\u00a0<\/p>\n<\/li>\n<li>\n<p>Experi\u00eancia no setor: Nossos tradutores possuem conhecimento especializado em v\u00e1rios setores, incluindo os setores jur\u00eddico, m\u00e9dico, t\u00e9cnico e empresarial.<\/p>\n<\/li>\n<li>\n<p>Localiza\u00e7\u00e3o e Adapta\u00e7\u00e3o Cultural<\/p>\n<p class=\"\" data-start=\"2229\" data-end=\"2486\">A tradu\u00e7\u00e3o n\u00e3o se resume apenas a palavras \u2014 trata-se de significado, tom e relev\u00e2ncia cultural. Nossos tradutores eslovenos localizam o conte\u00fado para refletir as prefer\u00eancias, expectativas e costumes do seu p\u00fablico-alvo na Eslov\u00eania. Isso \u00e9 especialmente importante para:<\/p>\n<ul data-start=\"2488\" data-end=\"2623\">\n<li class=\"\" data-start=\"2488\" data-end=\"2511\">\n<p class=\"\" data-start=\"2490\" data-end=\"2511\">Materiais de marketing<\/p>\n<\/li>\n<li class=\"\" data-start=\"2512\" data-end=\"2533\">\n<p class=\"\" data-start=\"2514\" data-end=\"2533\">Sites e aplicativos<\/p>\n<\/li>\n<li class=\"\" data-start=\"2534\" data-end=\"2575\">\n<p class=\"\" data-start=\"2536\" data-end=\"2575\">Descri\u00e7\u00f5es de produtos e manuais do usu\u00e1rio<\/p>\n<\/li>\n<li class=\"\" data-start=\"2576\" data-end=\"2623\">\n<p class=\"\" data-start=\"2578\" data-end=\"2623\">Conte\u00fado multim\u00eddia e mensagens de m\u00eddia social<\/p>\n<\/li>\n<\/ul>\n<p class=\"\" data-start=\"2625\" data-end=\"2727\">Garantimos que sua mensagem pare\u00e7a aut\u00eantica e natural em esloveno, independentemente do meio ou plataforma.<\/p>\n<\/li>\n<li>\n<p class=\"\" data-start=\"2625\" data-end=\"2727\">\u00a0Garantia de qualidade rigorosa<\/p>\n<p class=\"\" data-start=\"2765\" data-end=\"2866\">Cada projeto de tradu\u00e7\u00e3o na LSA GLOBAL passa por um processo abrangente de controle de qualidade, incluindo:<\/p>\n<ul data-start=\"2868\" data-end=\"3028\">\n<li class=\"\" data-start=\"2868\" data-end=\"2914\">\n<p class=\"\" data-start=\"2870\" data-end=\"2914\">Tradu\u00e7\u00e3o por um linguista nativo qualificado<\/p>\n<\/li>\n<li class=\"\" data-start=\"2915\" data-end=\"2955\">\n<p class=\"\" data-start=\"2917\" data-end=\"2955\">Edi\u00e7\u00e3o e revis\u00e3o independentes<\/p>\n<\/li>\n<li class=\"\" data-start=\"2956\" data-end=\"2990\">\n<p class=\"\" data-start=\"2958\" data-end=\"2990\">Verifica\u00e7\u00f5es de consist\u00eancia terminol\u00f3gica<\/p>\n<\/li>\n<li class=\"\" data-start=\"2991\" data-end=\"3028\">\n<p class=\"\" data-start=\"2993\" data-end=\"3028\">Formata\u00e7\u00e3o final e revis\u00e3o de qualidade<\/p>\n<\/li>\n<\/ul>\n<p class=\"\" data-start=\"3030\" data-end=\"3153\">Este processo meticuloso garante que todas as tradu\u00e7\u00f5es em esloveno sejam precisas, consistentes e apresentadas profissionalmente.<\/p>\n<\/li>\n<\/ul>\t\t\t\t\t\t\t\t<\/div>\n\t\t\t\t<div class=\"elementor-element elementor-element-be9dbb9 elementor-widget elementor-widget-heading\" data-id=\"be9dbb9\" data-element_type=\"widget\" data-e-type=\"widget\" data-widget_type=\"heading.default\">\n\t\t\t\t\t<h3 class=\"elementor-heading-title elementor-size-default\">Nossos servi\u00e7os de tradu\u00e7\u00e3o eslovena<\/h3>\t\t\t\t<\/div>\n\t\t\t\t<div class=\"elementor-element elementor-element-c088b14 elementor-widget elementor-widget-heading\" data-id=\"c088b14\" data-element_type=\"widget\" data-e-type=\"widget\" data-widget_type=\"heading.default\">\n\t\t\t\t\t<h5 class=\"elementor-heading-title elementor-size-default\">1. Tradu\u00e7\u00e3o Certificada de Documentos<\/h5>\t\t\t\t<\/div>\n\t\t\t\t<div class=\"elementor-element elementor-element-856e272 elementor-widget elementor-widget-text-editor\" data-id=\"856e272\" data-element_type=\"widget\" data-e-type=\"widget\" data-widget_type=\"text-editor.default\">\n\t\t\t\t\t\t\t\t\t<p><span style=\"color: #0000ff; font-family: Roboto, sans-serif; font-size: 16px; font-weight: normal;\">Oferecemos tradu\u00e7\u00f5es certificadas para diversos documentos, garantindo precis\u00e3o e aceita\u00e7\u00e3o por entidades oficiais:<\/span><\/p>\n<ul>\n<li>\n<p>Documentos legais: contratos, acordos, documentos judiciais.<\/p>\n<\/li>\n<li>\n<p>Documentos pessoais: certid\u00f5es de nascimento, certid\u00f5es de casamento, hist\u00f3ricos escolares.<\/p>\n<\/li>\n<li>\n<p>Documentos comerciais: licen\u00e7as, demonstra\u00e7\u00f5es financeiras, relat\u00f3rios corporativos.<\/p>\n<\/li>\n<\/ul>\t\t\t\t\t\t\t\t<\/div>\n\t\t\t\t<div class=\"elementor-element elementor-element-f02531a elementor-widget elementor-widget-heading\" data-id=\"f02531a\" data-element_type=\"widget\" data-e-type=\"widget\" data-widget_type=\"heading.default\">\n\t\t\t\t\t<h5 class=\"elementor-heading-title elementor-size-default\">2. Localiza\u00e7\u00e3o de sites e aplicativos<\/h5>\t\t\t\t<\/div>\n\t\t\t\t<div class=\"elementor-element elementor-element-cb03fe0 elementor-widget elementor-widget-text-editor\" data-id=\"cb03fe0\" data-element_type=\"widget\" data-e-type=\"widget\" data-widget_type=\"text-editor.default\">\n\t\t\t\t\t\t\t\t\t<p>Expanda sua presen\u00e7a digital nos mercados de l\u00edngua eslovena com nossos servi\u00e7os de localiza\u00e7\u00e3o:<\/p>\n<ul>\n<li>\n<p>Localiza\u00e7\u00e3o de sites: adapta\u00e7\u00e3o do conte\u00fado do seu site para adequ\u00e1-lo \u00e0s nuances e prefer\u00eancias culturais.<\/p>\n<\/li>\n<li>\n<p>Localiza\u00e7\u00e3o de aplicativos: garantindo que seus aplicativos m\u00f3veis sejam f\u00e1ceis de usar para usu\u00e1rios que falam esloveno.<\/p>\n<\/li>\n<li>\n<p>Otimiza\u00e7\u00e3o de SEO: Implementa\u00e7\u00e3o de palavras-chave localizadas e meta tags para melhorar a pesquisa<\/p>\n<\/li>\n<\/ul>\t\t\t\t\t\t\t\t<\/div>\n\t\t\t\t<div class=\"elementor-element elementor-element-14e89d5 elementor-widget elementor-widget-heading\" data-id=\"14e89d5\" data-element_type=\"widget\" data-e-type=\"widget\" data-widget_type=\"heading.default\">\n\t\t\t\t\t<h5 class=\"elementor-heading-title elementor-size-default\">3. Tradu\u00e7\u00f5es T\u00e9cnicas e M\u00e9dicas<\/h5>\t\t\t\t<\/div>\n\t\t\t\t<div class=\"elementor-element elementor-element-ed0063f elementor-widget elementor-widget-text-editor\" data-id=\"ed0063f\" data-element_type=\"widget\" data-e-type=\"widget\" data-widget_type=\"text-editor.default\">\n\t\t\t\t\t\t\t\t\t<p>Nossos especialistas lidam com documentos t\u00e9cnicos e m\u00e9dicos complexos com precis\u00e3o:<\/p>\n<ul>\n<li>\n<p>Manuais t\u00e9cnicos: guias do usu\u00e1rio, manuais de produtos, especifica\u00e7\u00f5es t\u00e9cnicas.<\/p>\n<\/li>\n<li>\n<p>Documentos m\u00e9dicos: relat\u00f3rios cl\u00ednicos, informa\u00e7\u00f5es farmac\u00eauticas, artigos de pesquisa m\u00e9dica<\/p>\n<\/li>\n<\/ul>\t\t\t\t\t\t\t\t<\/div>\n\t\t\t\t<div class=\"elementor-element elementor-element-2a659f7 elementor-widget elementor-widget-heading\" data-id=\"2a659f7\" data-element_type=\"widget\" data-e-type=\"widget\" data-widget_type=\"heading.default\">\n\t\t\t\t\t<h5 class=\"elementor-heading-title elementor-size-default\">4. Tradu\u00e7\u00f5es de neg\u00f3cios e marketing<\/h5>\t\t\t\t<\/div>\n\t\t\t\t<div class=\"elementor-element elementor-element-0c090c3 elementor-widget elementor-widget-text-editor\" data-id=\"0c090c3\" data-element_type=\"widget\" data-e-type=\"widget\" data-widget_type=\"text-editor.default\">\n\t\t\t\t\t\t\t\t\t<p>Comunique eficazmente a mensagem da sua marca ao p\u00fablico que fala esloveno:<\/p>\n<ul>\n<li>\n<p>Materiais de marketing: folhetos, an\u00fancios, comunicados de imprensa.<\/p>\n<\/li>\n<li>\n<p>Comunica\u00e7\u00f5es empresariais: apresenta\u00e7\u00f5es, e-mails, comunica\u00e7\u00f5es corporativas.<\/p>\n<\/li>\n<\/ul>\t\t\t\t\t\t\t\t<\/div>\n\t\t\t\t<div class=\"elementor-element elementor-element-a360402 elementor-widget elementor-widget-heading\" data-id=\"a360402\" data-element_type=\"widget\" data-e-type=\"widget\" data-widget_type=\"heading.default\">\n\t\t\t\t\t<h3 class=\"elementor-heading-title elementor-size-default\">Ind\u00fastrias que atendemos<\/h3>\t\t\t\t<\/div>\n\t\t\t\t<div class=\"elementor-element elementor-element-5642a8c elementor-widget elementor-widget-text-editor\" data-id=\"5642a8c\" data-element_type=\"widget\" data-e-type=\"widget\" data-widget_type=\"text-editor.default\">\n\t\t\t\t\t\t\t\t\t<p>Atendemos a uma ampla gama de setores, incluindo:<\/p>\n<ul>\n<li>\n<p>Jur\u00eddico e governamental: Fornecimento de tradu\u00e7\u00f5es para processos legais e comunica\u00e7\u00f5es governamentais.<\/p>\n<\/li>\n<li>\n<p>Sa\u00fade e produtos farmac\u00eauticos: tradu\u00e7\u00e3o de registros m\u00e9dicos, artigos de pesquisa e documentos farmac\u00eauticos.<\/p>\n<\/li>\n<li>\n<p>Tecnologia e TI: Localiza\u00e7\u00e3o de software, manuais do usu\u00e1rio e documenta\u00e7\u00e3o t\u00e9cnica.<\/p>\n<\/li>\n<li>\n<p>Finan\u00e7as e Bancos: Tradu\u00e7\u00e3o de relat\u00f3rios financeiros, documentos de investimento e materiais banc\u00e1rios<\/p>\n<\/li>\n<li>\n<p>E-commerce e varejo: localiza\u00e7\u00e3o de descri\u00e7\u00f5es de produtos, avalia\u00e7\u00f5es de clientes e conte\u00fado de marketing.\u00a0<\/p>\n<\/li>\n<\/ul>\t\t\t\t\t\t\t\t<\/div>\n\t\t\t\t<div class=\"elementor-element elementor-element-48a3b6c elementor-widget elementor-widget-heading\" data-id=\"48a3b6c\" data-element_type=\"widget\" data-e-type=\"widget\" data-widget_type=\"heading.default\">\n\t\t\t\t\t<h3 class=\"elementor-heading-title elementor-size-default\">Por que a tradu\u00e7\u00e3o profissional eslovena \u00e9 importante<\/h3>\t\t\t\t<\/div>\n\t\t\t\t\t<\/div>\n\t\t\t\t<\/div>\n\t\t<div class=\"elementor-element elementor-element-d632369 e-flex e-con-boxed e-con e-parent\" data-id=\"d632369\" data-element_type=\"container\" data-e-type=\"container\">\n\t\t\t\t\t<div class=\"e-con-inner\">\n\t\t\t\t<div class=\"elementor-element elementor-element-27209f3 elementor-widget elementor-widget-text-editor\" data-id=\"27209f3\" data-element_type=\"widget\" data-e-type=\"widget\" data-widget_type=\"text-editor.default\">\n\t\t\t\t\t\t\t\t\t<p><span style=\"color: #0000ff; font-family: Roboto, sans-serif; font-size: 16px;\">O esloveno \u00e9 falado por milh\u00f5es de pessoas em todo o mundo, o que o torna essencial para empresas e organiza\u00e7\u00f5es que buscam se conectar com p\u00fablicos de l\u00edngua eslovena. A tradu\u00e7\u00e3o profissional garante:<\/span><\/p>\n<ul>\n<li>\n<p>Relev\u00e2ncia cultural: tradu\u00e7\u00f5es precisas que ressoem com a cultura e os costumes locais.<\/p>\n<\/li>\n<li>\n<p>Conformidade legal: garantir que os documentos atendam aos padr\u00f5es e requisitos legais regionais.<\/p>\n<\/li>\n<li>\n<p>Credibilidade da marca: apresentar seu neg\u00f3cio profissionalmente ao p\u00fablico de l\u00edngua eslovena.<\/p>\n<\/li>\n<\/ul>\t\t\t\t\t\t\t\t<\/div>\n\t\t\t\t<div class=\"elementor-element elementor-element-338bcb0 elementor-widget elementor-widget-heading\" data-id=\"338bcb0\" data-element_type=\"widget\" data-e-type=\"widget\" data-widget_type=\"heading.default\">\n\t\t\t\t\t<h3 class=\"elementor-heading-title elementor-size-default\">Servi\u00e7os de tradu\u00e7\u00e3o eslovenos otimizados para SEO<\/h3>\t\t\t\t<\/div>\n\t\t\t\t<div class=\"elementor-element elementor-element-d3491aa elementor-widget elementor-widget-text-editor\" data-id=\"d3491aa\" data-element_type=\"widget\" data-e-type=\"widget\" data-widget_type=\"text-editor.default\">\n\t\t\t\t\t\t\t\t\t<p>Nossas tradu\u00e7\u00f5es s\u00e3o projetadas com as melhores pr\u00e1ticas de SEO para melhorar sua visibilidade online:<\/p>\n<ul>\n<li>\n<p>Palavras-chave localizadas: incorpora\u00e7\u00e3o de termos de pesquisa espec\u00edficos da regi\u00e3o para melhorar a classifica\u00e7\u00e3o.<\/p>\n<\/li>\n<li>\n<p>Otimiza\u00e7\u00e3o de meta tags: tradu\u00e7\u00e3o e otimiza\u00e7\u00e3o de meta descri\u00e7\u00f5es e t\u00edtulos para melhores taxas de cliques.<\/p>\n<\/li>\n<li>\n<p>URLs f\u00e1ceis de usar: cria\u00e7\u00e3o de URLs leg\u00edveis e relevantes em esloveno.\u00a0<\/p>\n<\/li>\n<\/ul>\t\t\t\t\t\t\t\t<\/div>\n\t\t\t\t<div class=\"elementor-element elementor-element-8974ce6 elementor-widget elementor-widget-heading\" data-id=\"8974ce6\" data-element_type=\"widget\" data-e-type=\"widget\" data-widget_type=\"heading.default\">\n\t\t\t\t\t<h3 class=\"elementor-heading-title elementor-size-default\">Obtenha um or\u00e7amento gratuito para servi\u00e7os de tradu\u00e7\u00e3o em esloveno<\/h3>\t\t\t\t<\/div>\n\t\t\t\t<div class=\"elementor-element elementor-element-7223382 elementor-widget elementor-widget-text-editor\" data-id=\"7223382\" data-element_type=\"widget\" data-e-type=\"widget\" data-widget_type=\"text-editor.default\">\n\t\t\t\t\t\t\t\t\t<p>Precisa de servi\u00e7os profissionais de tradu\u00e7\u00e3o para esloveno? <a href=\"https:\/\/lsa-global.com\/pt\/obtenha-um-orcamento-gratuito-lsa-global\/\"><strong><span style=\"color: #000080;\">Entre em contato conosco hoje mesmo para um or\u00e7amento gratuito.<\/span><\/strong><\/a> Garantimos tradu\u00e7\u00f5es r\u00e1pidas, precisas e confidenciais para todas as suas necessidades.<\/p>\t\t\t\t\t\t\t\t<\/div>\n\t\t\t\t<div class=\"elementor-element elementor-element-726eff2 elementor-widget elementor-widget-heading\" data-id=\"726eff2\" data-element_type=\"widget\" data-e-type=\"widget\" data-widget_type=\"heading.default\">\n\t\t\t\t\t<h2 class=\"elementor-heading-title elementor-size-default\">Indo al\u00e9m<\/h2>\t\t\t\t<\/div>\n\t\t\t\t<div class=\"elementor-element elementor-element-9dd1023 elementor-widget elementor-widget-text-editor\" data-id=\"9dd1023\" data-element_type=\"widget\" data-e-type=\"widget\" data-widget_type=\"text-editor.default\">\n\t\t\t\t\t\t\t\t\t<h5><a href=\"https:\/\/lsa-global.com\/pt\/precos-e-termos-de-traducao\/\"><span style=\"color: #ff0000;\">Planos de pre\u00e7os e mais<\/span><\/a><\/h5>\t\t\t\t\t\t\t\t<\/div>\n\t\t\t\t<div class=\"elementor-element elementor-element-cc85090 elementor-widget elementor-widget-text-editor\" data-id=\"cc85090\" data-element_type=\"widget\" data-e-type=\"widget\" data-widget_type=\"text-editor.default\">\n\t\t\t\t\t\t\t\t\t<h5><a href=\"https:\/\/lsa-global.com\/pt\/aprender-a-lingua-alema\/\"><span style=\"color: #ff0000;\">Or\u00e7amento Gratuito<\/span><\/a><\/h5>\t\t\t\t\t\t\t\t<\/div>\n\t\t\t\t<div class=\"elementor-element elementor-element-a1026ff elementor-widget elementor-widget-text-editor\" data-id=\"a1026ff\" data-element_type=\"widget\" data-e-type=\"widget\" data-widget_type=\"text-editor.default\">\n\t\t\t\t\t\t\t\t\t<h5><a href=\"https:\/\/lsaglobal-translate.co.uk\/services\/translation-services\/\" target=\"_blank\" rel=\"noopener\"><span style=\"color: #ff0000;\">Tradu\u00e7\u00e3o Pro.<\/span><\/a><\/h5>\t\t\t\t\t\t\t\t<\/div>\n\t\t\t\t<div class=\"elementor-element elementor-element-4b72036 elementor-widget elementor-widget-image\" data-id=\"4b72036\" data-element_type=\"widget\" data-e-type=\"widget\" data-widget_type=\"image.default\">\n\t\t\t\t\t\t\t\t\t\t\t\t\t\t\t<img decoding=\"async\" data-attachment-id=\"43553\" data-permalink=\"https:\/\/lsa-global.com\/professional-slovenian-translation-services\/slovenian\/\" data-orig-file=\"https:\/\/i0.wp.com\/lsa-global.com\/wp-content\/uploads\/2025\/03\/Slovenian.png?fit=2560%2C1280&amp;ssl=1\" data-orig-size=\"2560,1280\" data-comments-opened=\"0\" data-image-meta=\"{&quot;aperture&quot;:&quot;0&quot;,&quot;credit&quot;:&quot;&quot;,&quot;camera&quot;:&quot;&quot;,&quot;caption&quot;:&quot;&quot;,&quot;created_timestamp&quot;:&quot;0&quot;,&quot;copyright&quot;:&quot;&quot;,&quot;focal_length&quot;:&quot;0&quot;,&quot;iso&quot;:&quot;0&quot;,&quot;shutter_speed&quot;:&quot;0&quot;,&quot;title&quot;:&quot;&quot;,&quot;orientation&quot;:&quot;0&quot;}\" data-image-title=\"Professional Slovenian Translations Services\" data-image-description=\"&lt;p&gt;Professional Slovenian Translations Services&lt;\/p&gt;\" data-image-caption=\"\" data-large-file=\"https:\/\/i0.wp.com\/lsa-global.com\/wp-content\/uploads\/2025\/03\/Slovenian.png?fit=1024%2C512&amp;ssl=1\" width=\"300\" height=\"150\" src=\"https:\/\/i0.wp.com\/lsa-global.com\/wp-content\/uploads\/2025\/03\/Slovenian.png?fit=300%2C150&amp;ssl=1\" class=\"attachment-medium size-medium wp-image-43553\" alt=\"Servi\u00e7os profissionais de tradu\u00e7\u00e3o para esloveno\" srcset=\"https:\/\/i0.wp.com\/lsa-global.com\/wp-content\/uploads\/2025\/03\/Slovenian.png?w=2560&amp;ssl=1 2560w, https:\/\/i0.wp.com\/lsa-global.com\/wp-content\/uploads\/2025\/03\/Slovenian.png?resize=300%2C150&amp;ssl=1 300w, https:\/\/i0.wp.com\/lsa-global.com\/wp-content\/uploads\/2025\/03\/Slovenian.png?resize=1024%2C512&amp;ssl=1 1024w, https:\/\/i0.wp.com\/lsa-global.com\/wp-content\/uploads\/2025\/03\/Slovenian.png?resize=150%2C75&amp;ssl=1 150w, https:\/\/i0.wp.com\/lsa-global.com\/wp-content\/uploads\/2025\/03\/Slovenian.png?resize=768%2C384&amp;ssl=1 768w, https:\/\/i0.wp.com\/lsa-global.com\/wp-content\/uploads\/2025\/03\/Slovenian.png?resize=1536%2C768&amp;ssl=1 1536w, https:\/\/i0.wp.com\/lsa-global.com\/wp-content\/uploads\/2025\/03\/Slovenian.png?resize=2048%2C1024&amp;ssl=1 2048w, https:\/\/i0.wp.com\/lsa-global.com\/wp-content\/uploads\/2025\/03\/Slovenian.png?resize=18%2C9&amp;ssl=1 18w, https:\/\/i0.wp.com\/lsa-global.com\/wp-content\/uploads\/2025\/03\/Slovenian.png?resize=370%2C185&amp;ssl=1 370w, https:\/\/i0.wp.com\/lsa-global.com\/wp-content\/uploads\/2025\/03\/Slovenian.png?resize=760%2C380&amp;ssl=1 760w, https:\/\/i0.wp.com\/lsa-global.com\/wp-content\/uploads\/2025\/03\/Slovenian.png?resize=805%2C400&amp;ssl=1 805w\" sizes=\"(max-width: 300px) 100vw, 300px\" title=\"\">\t\t\t\t\t\t\t\t\t\t\t\t\t\t\t<\/div>\n\t\t\t\t\t<\/div>\n\t\t\t\t<\/div>\n\t\t\t\t<\/div>","protected":false},"excerpt":{"rendered":"<p>Professional Slovenian Translation Services \u2013 Accurate and Certified Expert Slovenian Translation Services for Businesses and Individuals Are you seeking high-quality&hellip;<\/p>","protected":false},"author":1,"featured_media":44092,"parent":0,"menu_order":0,"comment_status":"closed","ping_status":"closed","template":"","meta":{"jetpack_post_was_ever_published":false,"footnotes":""},"class_list":["post-43290","page","type-page","status-publish","has-post-thumbnail","hentry"],"jetpack_sharing_enabled":true,"jetpack_likes_enabled":true,"jetpack-related-posts":[],"jetpack_shortlink":"https:\/\/wp.me\/PerFda-bge","_links":{"self":[{"href":"https:\/\/lsa-global.com\/pt\/wp-json\/wp\/v2\/pages\/43290","targetHints":{"allow":["GET"]}}],"collection":[{"href":"https:\/\/lsa-global.com\/pt\/wp-json\/wp\/v2\/pages"}],"about":[{"href":"https:\/\/lsa-global.com\/pt\/wp-json\/wp\/v2\/types\/page"}],"author":[{"embeddable":true,"href":"https:\/\/lsa-global.com\/pt\/wp-json\/wp\/v2\/users\/1"}],"replies":[{"embeddable":true,"href":"https:\/\/lsa-global.com\/pt\/wp-json\/wp\/v2\/comments?post=43290"}],"version-history":[{"count":0,"href":"https:\/\/lsa-global.com\/pt\/wp-json\/wp\/v2\/pages\/43290\/revisions"}],"wp:featuredmedia":[{"embeddable":true,"href":"https:\/\/lsa-global.com\/pt\/wp-json\/wp\/v2\/media\/44092"}],"wp:attachment":[{"href":"https:\/\/lsa-global.com\/pt\/wp-json\/wp\/v2\/media?parent=43290"}],"curies":[{"name":"wp","href":"https:\/\/api.w.org\/{rel}","templated":true}]}}