{"id":43280,"date":"2025-03-18T14:08:57","date_gmt":"2025-03-18T13:08:57","guid":{"rendered":"https:\/\/lsa-global.com\/?page_id=43280"},"modified":"2025-04-25T13:04:58","modified_gmt":"2025-04-25T12:04:58","slug":"servicos-de-traducao-eslovaco-profissionais-e-precisos","status":"publish","type":"page","link":"https:\/\/lsa-global.com\/pt\/servicos-de-traducao-eslovaco-profissionais-e-precisos\/","title":{"rendered":"Servi\u00e7os profissionais de tradu\u00e7\u00e3o eslovaca \u2013 precisos e certificados"},"content":{"rendered":"<div data-elementor-type=\"wp-page\" data-elementor-id=\"43280\" class=\"elementor elementor-43280\" data-elementor-post-type=\"page\">\n\t\t\t\t<div class=\"elementor-element elementor-element-37813cb e-flex e-con-boxed e-con e-parent\" data-id=\"37813cb\" data-element_type=\"container\" data-e-type=\"container\">\n\t\t\t\t\t<div class=\"e-con-inner\">\n\t\t\t\t<div class=\"elementor-element elementor-element-5b29593 elementor-widget elementor-widget-heading\" data-id=\"5b29593\" data-element_type=\"widget\" data-e-type=\"widget\" data-widget_type=\"heading.default\">\n\t\t\t\t\t<h2 class=\"elementor-heading-title elementor-size-default\"><span style=\"font-family: Helvetica, monospace;font-size: 45px;font-style: normal;font-weight: 800;text-align: var(--text-align)\">Servi\u00e7os profissionais de tradu\u00e7\u00e3o para eslovaco \u2013 precisos e certificados<\/span><\/h2>\t\t\t\t<\/div>\n\t\t\t\t<div class=\"elementor-element elementor-element-0f60f37 elementor-widget elementor-widget-image\" data-id=\"0f60f37\" data-element_type=\"widget\" data-e-type=\"widget\" data-widget_type=\"image.default\">\n\t\t\t\t\t\t\t\t\t\t\t\t\t\t\t<img fetchpriority=\"high\" decoding=\"async\" data-attachment-id=\"43530\" data-permalink=\"https:\/\/lsa-global.com\/de\/professionelle-slowakische-ubersetzungsdienste-prazise\/slovak\/\" data-orig-file=\"https:\/\/i0.wp.com\/lsa-global.com\/wp-content\/uploads\/2025\/03\/Slovak.png?fit=2560%2C1707&amp;ssl=1\" data-orig-size=\"2560,1707\" data-comments-opened=\"0\" data-image-meta=\"{&quot;aperture&quot;:&quot;0&quot;,&quot;credit&quot;:&quot;&quot;,&quot;camera&quot;:&quot;&quot;,&quot;caption&quot;:&quot;&quot;,&quot;created_timestamp&quot;:&quot;0&quot;,&quot;copyright&quot;:&quot;&quot;,&quot;focal_length&quot;:&quot;0&quot;,&quot;iso&quot;:&quot;0&quot;,&quot;shutter_speed&quot;:&quot;0&quot;,&quot;title&quot;:&quot;&quot;,&quot;orientation&quot;:&quot;0&quot;}\" data-image-title=\"Professional Slovak Translations Services\" data-image-description=\"&lt;p&gt;Professional Slovak Translations Services&lt;\/p&gt;\" data-image-caption=\"\" data-large-file=\"https:\/\/i0.wp.com\/lsa-global.com\/wp-content\/uploads\/2025\/03\/Slovak.png?fit=1024%2C683&amp;ssl=1\" width=\"300\" height=\"200\" src=\"https:\/\/i0.wp.com\/lsa-global.com\/wp-content\/uploads\/2025\/03\/Slovak.png?fit=300%2C200&amp;ssl=1\" class=\"attachment-medium size-medium wp-image-43530\" alt=\"Servi\u00e7os profissionais de tradu\u00e7\u00e3o em eslovaco\" srcset=\"https:\/\/i0.wp.com\/lsa-global.com\/wp-content\/uploads\/2025\/03\/Slovak.png?w=2560&amp;ssl=1 2560w, https:\/\/i0.wp.com\/lsa-global.com\/wp-content\/uploads\/2025\/03\/Slovak.png?resize=300%2C200&amp;ssl=1 300w, https:\/\/i0.wp.com\/lsa-global.com\/wp-content\/uploads\/2025\/03\/Slovak.png?resize=1024%2C683&amp;ssl=1 1024w, https:\/\/i0.wp.com\/lsa-global.com\/wp-content\/uploads\/2025\/03\/Slovak.png?resize=150%2C100&amp;ssl=1 150w, https:\/\/i0.wp.com\/lsa-global.com\/wp-content\/uploads\/2025\/03\/Slovak.png?resize=768%2C512&amp;ssl=1 768w, https:\/\/i0.wp.com\/lsa-global.com\/wp-content\/uploads\/2025\/03\/Slovak.png?resize=1536%2C1024&amp;ssl=1 1536w, https:\/\/i0.wp.com\/lsa-global.com\/wp-content\/uploads\/2025\/03\/Slovak.png?resize=2048%2C1366&amp;ssl=1 2048w, https:\/\/i0.wp.com\/lsa-global.com\/wp-content\/uploads\/2025\/03\/Slovak.png?resize=18%2C12&amp;ssl=1 18w, https:\/\/i0.wp.com\/lsa-global.com\/wp-content\/uploads\/2025\/03\/Slovak.png?resize=370%2C247&amp;ssl=1 370w, https:\/\/i0.wp.com\/lsa-global.com\/wp-content\/uploads\/2025\/03\/Slovak.png?resize=760%2C507&amp;ssl=1 760w\" sizes=\"(max-width: 300px) 100vw, 300px\" title=\"\">\t\t\t\t\t\t\t\t\t\t\t\t\t\t\t<\/div>\n\t\t\t\t<div class=\"elementor-element elementor-element-b4fb764 elementor-widget elementor-widget-heading\" data-id=\"b4fb764\" data-element_type=\"widget\" data-e-type=\"widget\" data-widget_type=\"heading.default\">\n\t\t\t\t\t<h3 class=\"elementor-heading-title elementor-size-default\">Servi\u00e7os especializados de tradu\u00e7\u00e3o de eslovaco para empresas e indiv\u00edduos<\/h3>\t\t\t\t<\/div>\n\t\t\t\t<div class=\"elementor-element elementor-element-dc65aa6 elementor-widget elementor-widget-text-editor\" data-id=\"dc65aa6\" data-element_type=\"widget\" data-e-type=\"widget\" data-widget_type=\"text-editor.default\">\n\t\t\t\t\t\t\t\t\t<p>Procura servi\u00e7os de tradu\u00e7\u00e3o de alta qualidade para eslovaco? A nossa equipa de tradutores profissionais \u00e9 especializada em fornecer tradu\u00e7\u00f5es precisas e culturalmente adaptadas, adaptadas ao p\u00fablico falante de eslovaco. Oferecemos uma gama completa de servi\u00e7os, incluindo tradu\u00e7\u00e3o de documentos, localiza\u00e7\u00e3o de websites, tradu\u00e7\u00f5es t\u00e9cnicas e muito mais, garantindo que o seu conte\u00fado ressoe com o seu p\u00fablico-alvo.<\/p>\t\t\t\t\t\t\t\t<\/div>\n\t\t\t\t<div class=\"elementor-element elementor-element-137118f elementor-widget elementor-widget-heading\" data-id=\"137118f\" data-element_type=\"widget\" data-e-type=\"widget\" data-widget_type=\"heading.default\">\n\t\t\t\t\t<h3 class=\"elementor-heading-title elementor-size-default\">Por que escolher nossos servi\u00e7os de tradu\u00e7\u00e3o para eslovaco?<\/h3>\t\t\t\t<\/div>\n\t\t\t\t<div class=\"elementor-element elementor-element-6009c18 elementor-widget elementor-widget-text-editor\" data-id=\"6009c18\" data-element_type=\"widget\" data-e-type=\"widget\" data-widget_type=\"text-editor.default\">\n\t\t\t\t\t\t\t\t\t<ul><li>Tradutores nativos de eslovaco: Nossos tradutores s\u00e3o falantes nativos de eslovaco com anos de experi\u00eancia em tempo integral, garantindo tradu\u00e7\u00f5es precisas e contextualmente apropriadas.<\/li><li>Tradu\u00e7\u00f5es Certificadas: Fornecemos tradu\u00e7\u00f5es autenticadas aceitas por \u00f3rg\u00e3os governamentais e institui\u00e7\u00f5es jur\u00eddicas, garantindo conformidade e autenticidade.\u00a0<\/li><li>Conte\u00fado otimizado para SEO: nossas tradu\u00e7\u00f5es incorporam as melhores pr\u00e1ticas de SEO, ajudando seu site a ter uma classifica\u00e7\u00e3o mais alta em mecanismos de busca como Google e Bing.<\/li><li>Entrega r\u00e1pida e pre\u00e7os competitivos: entregamos tradu\u00e7\u00f5es de alta qualidade prontamente e a pre\u00e7os competitivos, atendendo aos seus prazos e requisitos de or\u00e7amento.\u00a0<\/li><li>Especializa\u00e7\u00e3o no setor: Nossos tradutores possuem conhecimento especializado em v\u00e1rios setores, incluindo os setores jur\u00eddico, m\u00e9dico, t\u00e9cnico e empresarial. Localiza\u00e7\u00e3o cultural e lingu\u00edstica<br \/><p class=\"\" data-start=\"2113\" data-end=\"2452\">Traduzir \u00e9 mais do que converter palavras \u2014 \u00e9 transmitir significado de uma forma que ressoe com o p\u00fablico-alvo. Nossos especialistas em localiza\u00e7\u00e3o eslovaca adaptam o tom, o vocabul\u00e1rio e a formata\u00e7\u00e3o para <span data-start=\"2312\" data-end=\"2365\">corresponder \u00e0s expectativas culturais dos leitores eslovacos<\/span>, seja traduzindo uma campanha de marketing, um folheto de produto ou uma interface de usu\u00e1rio.<\/p><\/li><li><p class=\"\" data-start=\"2113\" data-end=\"2452\">.Confidencialidade estrita e seguran\u00e7a de dados<\/p><p class=\"\" data-start=\"3263\" data-end=\"3535\">Compreendemos a import\u00e2ncia da privacidade e da seguran\u00e7a ao lidar com conte\u00fado sens\u00edvel. Todos os projetos s\u00e3o gerenciados por <span data-start=\"3382\" data-end=\"3402\">plataformas seguras<\/span>, e <span data-start=\"3408\" data-end=\"3444\">acordos de confidencialidade (NDAs)<\/span> est\u00e3o dispon\u00edveis. Suas informa\u00e7\u00f5es s\u00e3o sempre tratadas com <span data-start=\"3500\" data-end=\"3534\">profissionalismo e discri\u00e7\u00e3o<\/span>.<\/p><\/li><\/ul>\t\t\t\t\t\t\t\t<\/div>\n\t\t\t\t<div class=\"elementor-element elementor-element-8737e72 elementor-widget elementor-widget-heading\" data-id=\"8737e72\" data-element_type=\"widget\" data-e-type=\"widget\" data-widget_type=\"heading.default\">\n\t\t\t\t\t<h3 class=\"elementor-heading-title elementor-size-default\">Nossos servi\u00e7os de tradu\u00e7\u00e3o para eslovaco<\/h3>\t\t\t\t<\/div>\n\t\t\t\t<div class=\"elementor-element elementor-element-8fc0e96 elementor-widget elementor-widget-heading\" data-id=\"8fc0e96\" data-element_type=\"widget\" data-e-type=\"widget\" data-widget_type=\"heading.default\">\n\t\t\t\t\t<h5 class=\"elementor-heading-title elementor-size-default\">1. Tradu\u00e7\u00e3o Certificada de Documentos<\/h5>\t\t\t\t<\/div>\n\t\t\t\t<div class=\"elementor-element elementor-element-ac2afce elementor-widget elementor-widget-text-editor\" data-id=\"ac2afce\" data-element_type=\"widget\" data-e-type=\"widget\" data-widget_type=\"text-editor.default\">\n\t\t\t\t\t\t\t\t\t<p>Oferecemos tradu\u00e7\u00f5es certificadas para diversos documentos, garantindo precis\u00e3o e aceita\u00e7\u00e3o por entidades oficiais:<\/p><ul><li><p>Documentos legais: contratos, acordos, documentos judiciais.<\/p><\/li><li><p>Documentos pessoais: certid\u00f5es de nascimento, certid\u00f5es de casamento, hist\u00f3ricos escolares.<\/p><\/li><li><p>Documentos comerciais: licen\u00e7as, demonstra\u00e7\u00f5es financeiras, relat\u00f3rios corporativos.<\/p><\/li><\/ul>\t\t\t\t\t\t\t\t<\/div>\n\t\t\t\t<div class=\"elementor-element elementor-element-ffa5504 elementor-widget elementor-widget-heading\" data-id=\"ffa5504\" data-element_type=\"widget\" data-e-type=\"widget\" data-widget_type=\"heading.default\">\n\t\t\t\t\t<h5 class=\"elementor-heading-title elementor-size-default\">2. Localiza\u00e7\u00e3o de sites e aplicativos<\/h5>\t\t\t\t<\/div>\n\t\t\t\t<div class=\"elementor-element elementor-element-9b6edb6 elementor-widget elementor-widget-text-editor\" data-id=\"9b6edb6\" data-element_type=\"widget\" data-e-type=\"widget\" data-widget_type=\"text-editor.default\">\n\t\t\t\t\t\t\t\t\t<p>Expanda sua presen\u00e7a digital nos mercados de l\u00edngua eslovaca com nossos servi\u00e7os de localiza\u00e7\u00e3o:<\/p><ul><li><p>Localiza\u00e7\u00e3o de sites: adapta\u00e7\u00e3o do conte\u00fado do seu site para adequ\u00e1-lo \u00e0s nuances e prefer\u00eancias culturais.<\/p><\/li><li><p>Localiza\u00e7\u00e3o de aplicativos: garantindo que seus aplicativos m\u00f3veis sejam f\u00e1ceis de usar para usu\u00e1rios que falam eslovaco.<\/p><\/li><li><p>Otimiza\u00e7\u00e3o de SEO: implementa\u00e7\u00e3o de palavras-chave localizadas e meta tags para melhorar a classifica\u00e7\u00e3o nos mecanismos de busca.<\/p><\/li><\/ul>\t\t\t\t\t\t\t\t<\/div>\n\t\t\t\t<div class=\"elementor-element elementor-element-f18a389 elementor-widget elementor-widget-heading\" data-id=\"f18a389\" data-element_type=\"widget\" data-e-type=\"widget\" data-widget_type=\"heading.default\">\n\t\t\t\t\t<h5 class=\"elementor-heading-title elementor-size-default\">3. Tradu\u00e7\u00f5es T\u00e9cnicas e M\u00e9dicas<\/h5>\t\t\t\t<\/div>\n\t\t\t\t<div class=\"elementor-element elementor-element-933a1a2 elementor-widget elementor-widget-text-editor\" data-id=\"933a1a2\" data-element_type=\"widget\" data-e-type=\"widget\" data-widget_type=\"text-editor.default\">\n\t\t\t\t\t\t\t\t\t<p>Nossos especialistas lidam com documentos t\u00e9cnicos e m\u00e9dicos complexos com precis\u00e3o:<\/p><ul><li><p>Manuais t\u00e9cnicos: guias do usu\u00e1rio, manuais de produtos, especifica\u00e7\u00f5es t\u00e9cnicas.<\/p><\/li><li><p>Documentos m\u00e9dicos: relat\u00f3rios cl\u00ednicos, informa\u00e7\u00f5es farmac\u00eauticas, artigos de pesquisa m\u00e9dica.<\/p><\/li><\/ul>\t\t\t\t\t\t\t\t<\/div>\n\t\t\t\t<div class=\"elementor-element elementor-element-0f69989 elementor-widget elementor-widget-heading\" data-id=\"0f69989\" data-element_type=\"widget\" data-e-type=\"widget\" data-widget_type=\"heading.default\">\n\t\t\t\t\t<h5 class=\"elementor-heading-title elementor-size-default\">4. Tradu\u00e7\u00f5es de neg\u00f3cios e marketing<\/h5>\t\t\t\t<\/div>\n\t\t\t\t<div class=\"elementor-element elementor-element-b37d70d elementor-widget elementor-widget-text-editor\" data-id=\"b37d70d\" data-element_type=\"widget\" data-e-type=\"widget\" data-widget_type=\"text-editor.default\">\n\t\t\t\t\t\t\t\t\t<p>Comunique eficazmente a mensagem da sua marca ao p\u00fablico que fala eslovaco:<\/p><ul><li><p>Materiais de marketing: folhetos, an\u00fancios, comunicados de imprensa.<\/p><\/li><li><p>Comunica\u00e7\u00f5es empresariais: apresenta\u00e7\u00f5es, e-mails, comunica\u00e7\u00f5es corporativas.<\/p><\/li><\/ul>\t\t\t\t\t\t\t\t<\/div>\n\t\t\t\t<div class=\"elementor-element elementor-element-7d85658 elementor-widget elementor-widget-heading\" data-id=\"7d85658\" data-element_type=\"widget\" data-e-type=\"widget\" data-widget_type=\"heading.default\">\n\t\t\t\t\t<h3 class=\"elementor-heading-title elementor-size-default\">Ind\u00fastrias que atendemos<\/h3>\t\t\t\t<\/div>\n\t\t\t\t<div class=\"elementor-element elementor-element-8e72dd0 elementor-widget elementor-widget-text-editor\" data-id=\"8e72dd0\" data-element_type=\"widget\" data-e-type=\"widget\" data-widget_type=\"text-editor.default\">\n\t\t\t\t\t\t\t\t\t<p>Atendemos a uma ampla gama de setores, incluindo:<\/p><ul><li><p>Jur\u00eddico e governamental: Fornecimento de tradu\u00e7\u00f5es para processos legais e comunica\u00e7\u00f5es governamentais.<\/p><\/li><li><p>Sa\u00fade e produtos farmac\u00eauticos: tradu\u00e7\u00e3o de registros m\u00e9dicos, artigos de pesquisa e documentos farmac\u00eauticos.<\/p><\/li><li><p>Tecnologia e TI: Localiza\u00e7\u00e3o de software, manuais do usu\u00e1rio e documenta\u00e7\u00e3o t\u00e9cnica.\ue206<\/p><\/li><li><p>Finan\u00e7as e servi\u00e7os banc\u00e1rios: tradu\u00e7\u00e3o de relat\u00f3rios financeiros, documentos de investimento e materiais banc\u00e1rios.<\/p><\/li><li><p>E-commerce e varejo: localiza\u00e7\u00e3o de descri\u00e7\u00f5es de produtos, avalia\u00e7\u00f5es de clientes e conte\u00fado de marketing.<\/p><\/li><\/ul>\t\t\t\t\t\t\t\t<\/div>\n\t\t\t\t<div class=\"elementor-element elementor-element-a0a89cf elementor-widget elementor-widget-heading\" data-id=\"a0a89cf\" data-element_type=\"widget\" data-e-type=\"widget\" data-widget_type=\"heading.default\">\n\t\t\t\t\t<h3 class=\"elementor-heading-title elementor-size-default\">Por que a tradu\u00e7\u00e3o profissional em eslovaco \u00e9 importante<\/h3>\t\t\t\t<\/div>\n\t\t\t\t<div class=\"elementor-element elementor-element-0fe6717 elementor-widget elementor-widget-text-editor\" data-id=\"0fe6717\" data-element_type=\"widget\" data-e-type=\"widget\" data-widget_type=\"text-editor.default\">\n\t\t\t\t\t\t\t\t\t<p>Atendemos a uma ampla gama de setores, incluindo:<\/p><ul><li><p>Jur\u00eddico e governamental: Fornecimento de tradu\u00e7\u00f5es para processos legais e comunica\u00e7\u00f5es governamentais.<\/p><\/li><\/ul><p>O eslovaco \u00e9 falado por milh\u00f5es de pessoas em todo o mundo, o que o torna essencial para empresas e organiza\u00e7\u00f5es que buscam se conectar com p\u00fablicos que falam eslovaco. A tradu\u00e7\u00e3o profissional garante:<\/p><ul><li><p>Relev\u00e2ncia cultural: tradu\u00e7\u00f5es precisas que ressoem com a cultura e os costumes locais.<\/p><\/li><li><p>Conformidade legal: garantir que os documentos atendam aos padr\u00f5es e requisitos legais regionais.<\/p><\/li><li><p>Credibilidade da marca: apresentar seu neg\u00f3cio profissionalmente ao p\u00fablico que fala eslovaco.<\/p><\/li><\/ul>\t\t\t\t\t\t\t\t<\/div>\n\t\t\t\t<div class=\"elementor-element elementor-element-065faba elementor-widget elementor-widget-heading\" data-id=\"065faba\" data-element_type=\"widget\" data-e-type=\"widget\" data-widget_type=\"heading.default\">\n\t\t\t\t\t<h3 class=\"elementor-heading-title elementor-size-default\">Servi\u00e7os de tradu\u00e7\u00e3o para eslovaco otimizados para SEO<\/h3>\t\t\t\t<\/div>\n\t\t\t\t<div class=\"elementor-element elementor-element-cb3580e elementor-widget elementor-widget-text-editor\" data-id=\"cb3580e\" data-element_type=\"widget\" data-e-type=\"widget\" data-widget_type=\"text-editor.default\">\n\t\t\t\t\t\t\t\t\t<p>Nossas tradu\u00e7\u00f5es s\u00e3o projetadas com as melhores pr\u00e1ticas de SEO para melhorar sua visibilidade online:<\/p><ul><li><p>Palavras-chave localizadas: incorpora\u00e7\u00e3o de termos de pesquisa espec\u00edficos da regi\u00e3o para melhorar a classifica\u00e7\u00e3o.\u00a0<\/p><\/li><li><p>Otimiza\u00e7\u00e3o de meta tags: tradu\u00e7\u00e3o e otimiza\u00e7\u00e3o de meta descri\u00e7\u00f5es e t\u00edtulos para melhores taxas de cliques.\u00a0<\/p><\/li><li><p>URLs f\u00e1ceis de usar: cria\u00e7\u00e3o de URLs leg\u00edveis e relevantes em eslovaco.<\/p><\/li><\/ul>\t\t\t\t\t\t\t\t<\/div>\n\t\t\t\t<div class=\"elementor-element elementor-element-9913fc8 elementor-widget elementor-widget-heading\" data-id=\"9913fc8\" data-element_type=\"widget\" data-e-type=\"widget\" data-widget_type=\"heading.default\">\n\t\t\t\t\t<h3 class=\"elementor-heading-title elementor-size-default\">Obtenha um or\u00e7amento gratuito para servi\u00e7os de tradu\u00e7\u00e3o em eslovaco<\/h3>\t\t\t\t<\/div>\n\t\t\t\t<div class=\"elementor-element elementor-element-99c47d6 elementor-widget elementor-widget-text-editor\" data-id=\"99c47d6\" data-element_type=\"widget\" data-e-type=\"widget\" data-widget_type=\"text-editor.default\">\n\t\t\t\t\t\t\t\t\t<p>Precisa de servi\u00e7os profissionais de tradu\u00e7\u00e3o para eslovaco? <a href=\"https:\/\/lsa-global.com\/pt\/obtenha-um-orcamento-gratuito-lsa-global\/\"><strong><span style=\"color: #ff0000;\">Entre em contato conosco hoje para um or\u00e7amento gratuito<\/span><\/strong><\/a>. Garantimos tradu\u00e7\u00f5es r\u00e1pidas, precisas e confidenciais para todas as suas necessidades.<\/p>\t\t\t\t\t\t\t\t<\/div>\n\t\t\t\t<div class=\"elementor-element elementor-element-494b2fc elementor-widget elementor-widget-heading\" data-id=\"494b2fc\" data-element_type=\"widget\" data-e-type=\"widget\" data-widget_type=\"heading.default\">\n\t\t\t\t\t<h3 class=\"elementor-heading-title elementor-size-default\">Indo al\u00e9m<\/h3>\t\t\t\t<\/div>\n\t\t\t\t<div class=\"elementor-element elementor-element-d2822f8 elementor-widget elementor-widget-text-editor\" data-id=\"d2822f8\" data-element_type=\"widget\" data-e-type=\"widget\" data-widget_type=\"text-editor.default\">\n\t\t\t\t\t\t\t\t\t<h5><a href=\"https:\/\/lsa-global.com\/pt\/precos-e-termos-de-traducao\/\"><span style=\"color: #ff0000;\">Planos de pre\u00e7os e mais<\/span><\/a><\/h5>\t\t\t\t\t\t\t\t<\/div>\n\t\t\t\t<div class=\"elementor-element elementor-element-1a2b3b3 elementor-widget elementor-widget-text-editor\" data-id=\"1a2b3b3\" data-element_type=\"widget\" data-e-type=\"widget\" data-widget_type=\"text-editor.default\">\n\t\t\t\t\t\t\t\t\t<h5><a href=\"https:\/\/lsa-global.com\/pt\/aprender-a-lingua-alema\/\"><span style=\"color: #ff0000;\">Or\u00e7amento Gratuito<\/span><\/a><\/h5>\t\t\t\t\t\t\t\t<\/div>\n\t\t\t\t<div class=\"elementor-element elementor-element-c65f480 elementor-widget elementor-widget-text-editor\" data-id=\"c65f480\" data-element_type=\"widget\" data-e-type=\"widget\" data-widget_type=\"text-editor.default\">\n\t\t\t\t\t\t\t\t\t<h5><a href=\"https:\/\/lsaglobal-translate.co.uk\/services\/translation-services\/\" target=\"_blank\" rel=\"noopener\"><span style=\"color: #ff0000;\">Tradu\u00e7\u00e3o Pro.<\/span><\/a><\/h5>\t\t\t\t\t\t\t\t<\/div>\n\t\t\t\t<div class=\"elementor-element elementor-element-9d3dfab elementor-widget elementor-widget-image\" data-id=\"9d3dfab\" data-element_type=\"widget\" data-e-type=\"widget\" data-widget_type=\"image.default\">\n\t\t\t\t\t\t\t\t\t\t\t\t\t\t\t<img decoding=\"async\" data-attachment-id=\"44067\" data-permalink=\"https:\/\/lsa-global.com\/de\/professionelle-slowakische-ubersetzungsdienste-prazise\/slovak-2\/\" data-orig-file=\"https:\/\/i0.wp.com\/lsa-global.com\/wp-content\/uploads\/2025\/03\/Slovak-1.png?fit=2560%2C1707&amp;ssl=1\" data-orig-size=\"2560,1707\" data-comments-opened=\"0\" data-image-meta=\"{&quot;aperture&quot;:&quot;0&quot;,&quot;credit&quot;:&quot;&quot;,&quot;camera&quot;:&quot;&quot;,&quot;caption&quot;:&quot;&quot;,&quot;created_timestamp&quot;:&quot;0&quot;,&quot;copyright&quot;:&quot;&quot;,&quot;focal_length&quot;:&quot;0&quot;,&quot;iso&quot;:&quot;0&quot;,&quot;shutter_speed&quot;:&quot;0&quot;,&quot;title&quot;:&quot;&quot;,&quot;orientation&quot;:&quot;0&quot;}\" data-image-title=\"Professional Slovak Translations Services\" data-image-description=\"&lt;p&gt;Professional Slovak Translations Services&lt;\/p&gt;\" data-image-caption=\"\" data-large-file=\"https:\/\/i0.wp.com\/lsa-global.com\/wp-content\/uploads\/2025\/03\/Slovak-1.png?fit=1024%2C683&amp;ssl=1\" width=\"300\" height=\"200\" src=\"https:\/\/i0.wp.com\/lsa-global.com\/wp-content\/uploads\/2025\/03\/Slovak-1.png?fit=300%2C200&amp;ssl=1\" class=\"attachment-medium size-medium wp-image-44067\" alt=\"Servi\u00e7os profissionais de tradu\u00e7\u00e3o em eslovaco\" srcset=\"https:\/\/i0.wp.com\/lsa-global.com\/wp-content\/uploads\/2025\/03\/Slovak-1.png?w=2560&amp;ssl=1 2560w, https:\/\/i0.wp.com\/lsa-global.com\/wp-content\/uploads\/2025\/03\/Slovak-1.png?resize=300%2C200&amp;ssl=1 300w, https:\/\/i0.wp.com\/lsa-global.com\/wp-content\/uploads\/2025\/03\/Slovak-1.png?resize=1024%2C683&amp;ssl=1 1024w, https:\/\/i0.wp.com\/lsa-global.com\/wp-content\/uploads\/2025\/03\/Slovak-1.png?resize=150%2C100&amp;ssl=1 150w, https:\/\/i0.wp.com\/lsa-global.com\/wp-content\/uploads\/2025\/03\/Slovak-1.png?resize=768%2C512&amp;ssl=1 768w, https:\/\/i0.wp.com\/lsa-global.com\/wp-content\/uploads\/2025\/03\/Slovak-1.png?resize=1536%2C1024&amp;ssl=1 1536w, https:\/\/i0.wp.com\/lsa-global.com\/wp-content\/uploads\/2025\/03\/Slovak-1.png?resize=2048%2C1366&amp;ssl=1 2048w, https:\/\/i0.wp.com\/lsa-global.com\/wp-content\/uploads\/2025\/03\/Slovak-1.png?resize=18%2C12&amp;ssl=1 18w, https:\/\/i0.wp.com\/lsa-global.com\/wp-content\/uploads\/2025\/03\/Slovak-1.png?resize=370%2C247&amp;ssl=1 370w, https:\/\/i0.wp.com\/lsa-global.com\/wp-content\/uploads\/2025\/03\/Slovak-1.png?resize=760%2C507&amp;ssl=1 760w\" sizes=\"(max-width: 300px) 100vw, 300px\" title=\"\">\t\t\t\t\t\t\t\t\t\t\t\t\t\t\t<\/div>\n\t\t\t\t\t<\/div>\n\t\t\t\t<\/div>\n\t\t\t\t<\/div>","protected":false},"excerpt":{"rendered":"<p>Professional Slovak Translation Services \u2013 Accurate &amp; Certified Expert Slovak Translation Services for Businesses and Individuals Are you seeking high-quality&hellip;<\/p>","protected":false},"author":1,"featured_media":44067,"parent":0,"menu_order":0,"comment_status":"closed","ping_status":"closed","template":"","meta":{"jetpack_post_was_ever_published":false,"footnotes":""},"class_list":["post-43280","page","type-page","status-publish","has-post-thumbnail","hentry"],"jetpack_sharing_enabled":true,"jetpack_likes_enabled":true,"jetpack-related-posts":[],"jetpack_shortlink":"https:\/\/wp.me\/PerFda-bg4","_links":{"self":[{"href":"https:\/\/lsa-global.com\/pt\/wp-json\/wp\/v2\/pages\/43280","targetHints":{"allow":["GET"]}}],"collection":[{"href":"https:\/\/lsa-global.com\/pt\/wp-json\/wp\/v2\/pages"}],"about":[{"href":"https:\/\/lsa-global.com\/pt\/wp-json\/wp\/v2\/types\/page"}],"author":[{"embeddable":true,"href":"https:\/\/lsa-global.com\/pt\/wp-json\/wp\/v2\/users\/1"}],"replies":[{"embeddable":true,"href":"https:\/\/lsa-global.com\/pt\/wp-json\/wp\/v2\/comments?post=43280"}],"version-history":[{"count":0,"href":"https:\/\/lsa-global.com\/pt\/wp-json\/wp\/v2\/pages\/43280\/revisions"}],"wp:featuredmedia":[{"embeddable":true,"href":"https:\/\/lsa-global.com\/pt\/wp-json\/wp\/v2\/media\/44067"}],"wp:attachment":[{"href":"https:\/\/lsa-global.com\/pt\/wp-json\/wp\/v2\/media?parent=43280"}],"curies":[{"name":"wp","href":"https:\/\/api.w.org\/{rel}","templated":true}]}}