{"id":43187,"date":"2025-03-18T12:58:10","date_gmt":"2025-03-18T11:58:10","guid":{"rendered":"https:\/\/lsa-global.com\/?page_id=43187"},"modified":"2025-04-25T15:08:00","modified_gmt":"2025-04-25T14:08:00","slug":"servicos-de-traducao-precisos-para-portugues-europeu","status":"publish","type":"page","link":"https:\/\/lsa-global.com\/pt\/servicos-de-traducao-precisos-para-portugues-europeu\/","title":{"rendered":"Servi\u00e7os profissionais de tradu\u00e7\u00e3o para portugu\u00eas europeu \u2013 precisos e certificados"},"content":{"rendered":"<div data-elementor-type=\"wp-page\" data-elementor-id=\"43187\" class=\"elementor elementor-43187\" data-elementor-post-type=\"page\">\n\t\t\t\t<div class=\"elementor-element elementor-element-6848194b e-flex e-con-boxed e-con e-parent\" data-id=\"6848194b\" data-element_type=\"container\" data-e-type=\"container\">\n\t\t\t\t\t<div class=\"e-con-inner\">\n\t\t\t\t<div class=\"elementor-element elementor-element-b717535 elementor-widget elementor-widget-heading\" data-id=\"b717535\" data-element_type=\"widget\" data-e-type=\"widget\" data-widget_type=\"heading.default\">\n\t\t\t\t\t<h2 class=\"elementor-heading-title elementor-size-default\">Servi\u00e7os profissionais de tradu\u00e7\u00e3o para portugu\u00eas europeu \u2013 precisos e certificados<\/h2>\t\t\t\t<\/div>\n\t\t\t\t\t<\/div>\n\t\t\t\t<\/div>\n\t\t<div class=\"elementor-element elementor-element-5d39a32 e-flex e-con-boxed e-con e-parent\" data-id=\"5d39a32\" data-element_type=\"container\" data-e-type=\"container\">\n\t\t\t\t\t<div class=\"e-con-inner\">\n\t\t\t\t<div class=\"elementor-element elementor-element-cc92b7f elementor-widget elementor-widget-image\" data-id=\"cc92b7f\" data-element_type=\"widget\" data-e-type=\"widget\" data-widget_type=\"image.default\">\n\t\t\t\t\t\t\t\t\t\t\t\t\t\t\t<img fetchpriority=\"high\" decoding=\"async\" data-attachment-id=\"43698\" data-permalink=\"https:\/\/lsa-global.com\/zh\/%e6%ac%a7%e6%b4%b2%e8%91%a1%e8%90%84%e7%89%99%e8%af%ad%e7%bf%bb%e8%af%91%e6%9c%8d%e5%8a%a1%e5%87%86%e7%a1%ae\/portuguese-portugal\/\" data-orig-file=\"https:\/\/i0.wp.com\/lsa-global.com\/wp-content\/uploads\/2025\/03\/Portuguese-Portugal.png?fit=2560%2C1707&amp;ssl=1\" data-orig-size=\"2560,1707\" data-comments-opened=\"0\" data-image-meta=\"{&quot;aperture&quot;:&quot;0&quot;,&quot;credit&quot;:&quot;&quot;,&quot;camera&quot;:&quot;&quot;,&quot;caption&quot;:&quot;&quot;,&quot;created_timestamp&quot;:&quot;0&quot;,&quot;copyright&quot;:&quot;&quot;,&quot;focal_length&quot;:&quot;0&quot;,&quot;iso&quot;:&quot;0&quot;,&quot;shutter_speed&quot;:&quot;0&quot;,&quot;title&quot;:&quot;&quot;,&quot;orientation&quot;:&quot;0&quot;}\" data-image-title=\"Portuguese (Portugal) Translations\" data-image-description=\"&lt;p&gt;Portuguese (Portugal) Translations&lt;\/p&gt;\" data-image-caption=\"\" data-medium-file=\"https:\/\/i0.wp.com\/lsa-global.com\/wp-content\/uploads\/2025\/03\/Portuguese-Portugal.png?fit=300%2C200&amp;ssl=1\" data-large-file=\"https:\/\/i0.wp.com\/lsa-global.com\/wp-content\/uploads\/2025\/03\/Portuguese-Portugal.png?fit=1024%2C683&amp;ssl=1\" width=\"300\" height=\"200\" src=\"https:\/\/i0.wp.com\/lsa-global.com\/wp-content\/uploads\/2025\/03\/Portuguese-Portugal.png?fit=300%2C200&amp;ssl=1\" class=\"attachment-medium size-medium wp-image-43698\" alt=\"Tradu\u00e7\u00f5es em portugu\u00eas (Portugal)\" srcset=\"https:\/\/i0.wp.com\/lsa-global.com\/wp-content\/uploads\/2025\/03\/Portuguese-Portugal.png?w=2560&amp;ssl=1 2560w, https:\/\/i0.wp.com\/lsa-global.com\/wp-content\/uploads\/2025\/03\/Portuguese-Portugal.png?resize=300%2C200&amp;ssl=1 300w, https:\/\/i0.wp.com\/lsa-global.com\/wp-content\/uploads\/2025\/03\/Portuguese-Portugal.png?resize=1024%2C683&amp;ssl=1 1024w, https:\/\/i0.wp.com\/lsa-global.com\/wp-content\/uploads\/2025\/03\/Portuguese-Portugal.png?resize=150%2C100&amp;ssl=1 150w, https:\/\/i0.wp.com\/lsa-global.com\/wp-content\/uploads\/2025\/03\/Portuguese-Portugal.png?resize=768%2C512&amp;ssl=1 768w, https:\/\/i0.wp.com\/lsa-global.com\/wp-content\/uploads\/2025\/03\/Portuguese-Portugal.png?resize=1536%2C1024&amp;ssl=1 1536w, https:\/\/i0.wp.com\/lsa-global.com\/wp-content\/uploads\/2025\/03\/Portuguese-Portugal.png?resize=2048%2C1366&amp;ssl=1 2048w, https:\/\/i0.wp.com\/lsa-global.com\/wp-content\/uploads\/2025\/03\/Portuguese-Portugal.png?resize=18%2C12&amp;ssl=1 18w, https:\/\/i0.wp.com\/lsa-global.com\/wp-content\/uploads\/2025\/03\/Portuguese-Portugal.png?resize=370%2C247&amp;ssl=1 370w, https:\/\/i0.wp.com\/lsa-global.com\/wp-content\/uploads\/2025\/03\/Portuguese-Portugal.png?resize=760%2C507&amp;ssl=1 760w\" sizes=\"(max-width: 300px) 100vw, 300px\" title=\"\">\t\t\t\t\t\t\t\t\t\t\t\t\t\t\t<\/div>\n\t\t\t\t<div class=\"elementor-element elementor-element-137a457 elementor-widget elementor-widget-heading\" data-id=\"137a457\" data-element_type=\"widget\" data-e-type=\"widget\" data-widget_type=\"heading.default\">\n\t\t\t\t\t<h3 class=\"elementor-heading-title elementor-size-default\">Servi\u00e7os especializados de tradu\u00e7\u00e3o de portugu\u00eas europeu para empresas e indiv\u00edduos<\/h3>\t\t\t\t<\/div>\n\t\t\t\t<div class=\"elementor-element elementor-element-c217c06 elementor-widget elementor-widget-text-editor\" data-id=\"c217c06\" data-element_type=\"widget\" data-e-type=\"widget\" data-widget_type=\"text-editor.default\">\n\t\t\t\t\t\t\t\t\t<p>Procura servi\u00e7os de tradu\u00e7\u00e3o de alta qualidade para portugu\u00eas europeu? A nossa equipa de tradutores profissionais \u00e9 especializada em fornecer tradu\u00e7\u00f5es precisas e culturalmente adaptadas, adaptadas ao p\u00fablico falante de portugu\u00eas europeu. Oferecemos uma gama completa de servi\u00e7os, incluindo tradu\u00e7\u00e3o de documentos, localiza\u00e7\u00e3o de websites, tradu\u00e7\u00f5es t\u00e9cnicas e muito mais, garantindo que o seu conte\u00fado ressoe com o seu p\u00fablico-alvo.<\/p>\t\t\t\t\t\t\t\t<\/div>\n\t\t\t\t<div class=\"elementor-element elementor-element-e0e1689 elementor-widget elementor-widget-heading\" data-id=\"e0e1689\" data-element_type=\"widget\" data-e-type=\"widget\" data-widget_type=\"heading.default\">\n\t\t\t\t\t<h3 class=\"elementor-heading-title elementor-size-default\">Por que escolher nossos servi\u00e7os de tradu\u00e7\u00e3o para portugu\u00eas europeu?<\/h3>\t\t\t\t<\/div>\n\t\t\t\t<div class=\"elementor-element elementor-element-86a1094 elementor-widget elementor-widget-text-editor\" data-id=\"86a1094\" data-element_type=\"widget\" data-e-type=\"widget\" data-widget_type=\"text-editor.default\">\n\t\t\t\t\t\t\t\t\t<ul><li><p><span style=\"color: #ff0000;\">Tradutores nativos de portugu\u00eas europeu: Nossos tradutores s\u00e3o falantes nativos de portugu\u00eas europeu com anos de experi\u00eancia em tempo integral, garantindo tradu\u00e7\u00f5es precisas e contextualmente apropriadas.\u00a0<\/span><\/p><\/li><li><p><span style=\"color: #ff0000;\">Tradu\u00e7\u00f5es Certificadas: Fornecemos tradu\u00e7\u00f5es autenticadas aceitas por \u00f3rg\u00e3os governamentais e institui\u00e7\u00f5es jur\u00eddicas, garantindo conformidade e autenticidade.\u00a0<\/span><\/p><\/li><li><p><span style=\"color: #ff0000;\">Conte\u00fado otimizado para SEO: nossas tradu\u00e7\u00f5es incorporam as melhores pr\u00e1ticas de SEO, ajudando seu site a ter uma classifica\u00e7\u00e3o mais alta em mecanismos de busca como Google e Bing.<\/span><\/p><\/li><li><p><span style=\"color: #ff0000;\">Entrega r\u00e1pida e pre\u00e7os competitivos: entregamos tradu\u00e7\u00f5es de alta qualidade prontamente e a pre\u00e7os competitivos, atendendo aos seus prazos e requisitos de or\u00e7amento.\u00a0<\/span><\/p><\/li><li><p><span style=\"color: #ff0000;\">Experi\u00eancia no setor: Nossos tradutores possuem conhecimento especializado em v\u00e1rios setores, incluindo jur\u00eddico, m\u00e9dico, t\u00e9cnico e empresarial.\u00a0<\/span><\/p><\/li><\/ul><p><span style=\"color: #ff0000;\">Lorem ipsum dolor sit amet, consectetur adipiscing elit. Ut elit Tellus, luctus nec ullamcorper mattis, pulvinar dapibus leo.<\/span><\/p>\t\t\t\t\t\t\t\t<\/div>\n\t\t\t\t<div class=\"elementor-element elementor-element-b8d521d elementor-widget elementor-widget-heading\" data-id=\"b8d521d\" data-element_type=\"widget\" data-e-type=\"widget\" data-widget_type=\"heading.default\">\n\t\t\t\t\t<h3 class=\"elementor-heading-title elementor-size-default\">Nossos servi\u00e7os de tradu\u00e7\u00e3o para portugu\u00eas europeu<\/h3>\t\t\t\t<\/div>\n\t\t\t\t<div class=\"elementor-element elementor-element-0707227 elementor-widget elementor-widget-heading\" data-id=\"0707227\" data-element_type=\"widget\" data-e-type=\"widget\" data-widget_type=\"heading.default\">\n\t\t\t\t\t<h5 class=\"elementor-heading-title elementor-size-default\">1. Tradu\u00e7\u00e3o Certificada de Documentos<\/h5>\t\t\t\t<\/div>\n\t\t\t\t<div class=\"elementor-element elementor-element-1e85a8d elementor-widget elementor-widget-text-editor\" data-id=\"1e85a8d\" data-element_type=\"widget\" data-e-type=\"widget\" data-widget_type=\"text-editor.default\">\n\t\t\t\t\t\t\t\t\t<p style=\"font-family: Helvetica, serif; font-size: 16px; font-weight: 400; font-style: normal; color: #e41d1d;\">Oferecemos tradu\u00e7\u00f5es certificadas para diversos documentos, garantindo precis\u00e3o e aceita\u00e7\u00e3o por entidades oficiais:<\/p>\n<ul style=\"margin-bottom: 1em; font-family: Helvetica, serif; font-size: 16px; font-weight: 400; font-style: normal; color: #e41d1d;\">\n<li style=\"font-size: 16px;\">\n<p style=\"font-size: 16px;\">Documentos legais: contratos, acordos, documentos judiciais.<\/p>\n<\/li>\n<li style=\"font-size: 16px;\">\n<p style=\"font-size: 16px;\">Documentos pessoais: certid\u00f5es de nascimento, certid\u00f5es de casamento, hist\u00f3ricos escolares.<\/p>\n<\/li>\n<li style=\"font-size: 16px;\">\n<p style=\"font-size: 16px;\">Documentos comerciais: licen\u00e7as, demonstra\u00e7\u00f5es financeiras, relat\u00f3rios corporativos<\/p>\n<\/li>\n<\/ul>\t\t\t\t\t\t\t\t<\/div>\n\t\t\t\t<div class=\"elementor-element elementor-element-b1e584b elementor-widget elementor-widget-heading\" data-id=\"b1e584b\" data-element_type=\"widget\" data-e-type=\"widget\" data-widget_type=\"heading.default\">\n\t\t\t\t\t<h5 class=\"elementor-heading-title elementor-size-default\">2. Localiza\u00e7\u00e3o de sites e aplicativos<\/h5>\t\t\t\t<\/div>\n\t\t\t\t<div class=\"elementor-element elementor-element-28321c0 elementor-widget elementor-widget-text-editor\" data-id=\"28321c0\" data-element_type=\"widget\" data-e-type=\"widget\" data-widget_type=\"text-editor.default\">\n\t\t\t\t\t\t\t\t\t<p>Expanda sua presen\u00e7a digital nos mercados europeus de l\u00edngua portuguesa com nossos servi\u00e7os de localiza\u00e7\u00e3o:<\/p>\n<ul>\n<li>\n<p>Localiza\u00e7\u00e3o de sites: adapta\u00e7\u00e3o do conte\u00fado do seu site para adequ\u00e1-lo \u00e0s nuances e prefer\u00eancias culturais.<\/p>\n<\/li>\n<li>\n<p>Localiza\u00e7\u00e3o de aplicativos: garantindo que seus aplicativos m\u00f3veis sejam f\u00e1ceis de usar para usu\u00e1rios que falam portugu\u00eas europeu<\/p>\n<\/li>\n<li>\n<p>Otimiza\u00e7\u00e3o de SEO: implementa\u00e7\u00e3o de palavras-chave localizadas e meta tags para melhorar a classifica\u00e7\u00e3o nos mecanismos de busca.\u00a0<\/p>\n<\/li>\n<\/ul>\t\t\t\t\t\t\t\t<\/div>\n\t\t\t\t<div class=\"elementor-element elementor-element-fcbccf9 elementor-widget elementor-widget-heading\" data-id=\"fcbccf9\" data-element_type=\"widget\" data-e-type=\"widget\" data-widget_type=\"heading.default\">\n\t\t\t\t\t<h5 class=\"elementor-heading-title elementor-size-default\">3. Tradu\u00e7\u00e3o T\u00e9cnica e M\u00e9dica<\/h5>\t\t\t\t<\/div>\n\t\t\t\t<div class=\"elementor-element elementor-element-44f63cf elementor-widget elementor-widget-text-editor\" data-id=\"44f63cf\" data-element_type=\"widget\" data-e-type=\"widget\" data-widget_type=\"text-editor.default\">\n\t\t\t\t\t\t\t\t\t<p>Nossos especialistas lidam com documentos t\u00e9cnicos e m\u00e9dicos complexos com precis\u00e3o: Manuais t\u00e9cnicos: Guias do usu\u00e1rio, manuais de produtos, especifica\u00e7\u00f5es t\u00e9cnicas.\ue206<\/p>\n<ul>\n<li>\n<p>Documentos m\u00e9dicos: relat\u00f3rios cl\u00ednicos, informa\u00e7\u00f5es farmac\u00eauticas, artigos de pesquisa m\u00e9dica.\ue206<\/p>\n<\/li>\n<\/ul>\t\t\t\t\t\t\t\t<\/div>\n\t\t\t\t<div class=\"elementor-element elementor-element-9c59844 elementor-widget elementor-widget-heading\" data-id=\"9c59844\" data-element_type=\"widget\" data-e-type=\"widget\" data-widget_type=\"heading.default\">\n\t\t\t\t\t<h5 class=\"elementor-heading-title elementor-size-default\">4. Tradu\u00e7\u00f5es de neg\u00f3cios e marketing<\/h5>\t\t\t\t<\/div>\n\t\t\t\t<div class=\"elementor-element elementor-element-f772dd8 elementor-widget elementor-widget-text-editor\" data-id=\"f772dd8\" data-element_type=\"widget\" data-e-type=\"widget\" data-widget_type=\"text-editor.default\">\n\t\t\t\t\t\t\t\t\t<p>Comunique eficazmente a mensagem da sua marca ao p\u00fablico europeu de l\u00edngua portuguesa:<\/p><ul><li><p>Materiais de marketing: folhetos, an\u00fancios, comunicados de imprensa.<\/p><\/li><li><p>Comunica\u00e7\u00f5es empresariais: apresenta\u00e7\u00f5es, e-mails, comunica\u00e7\u00f5es corporativas.<\/p><\/li><\/ul>\t\t\t\t\t\t\t\t<\/div>\n\t\t\t\t<div class=\"elementor-element elementor-element-f0c342a elementor-widget elementor-widget-heading\" data-id=\"f0c342a\" data-element_type=\"widget\" data-e-type=\"widget\" data-widget_type=\"heading.default\">\n\t\t\t\t\t<h3 class=\"elementor-heading-title elementor-size-default\">Ind\u00fastrias que atendemos<\/h3>\t\t\t\t<\/div>\n\t\t\t\t<div class=\"elementor-element elementor-element-3f3d7b9 elementor-widget elementor-widget-text-editor\" data-id=\"3f3d7b9\" data-element_type=\"widget\" data-e-type=\"widget\" data-widget_type=\"text-editor.default\">\n\t\t\t\t\t\t\t\t\t<p><span style=\"color: #ff0000;\">Atendemos a uma ampla gama de setores, incluindo:<\/span><\/p><ul><li><p><span style=\"color: #ff0000;\">Jur\u00eddico e governamental: Fornecimento de tradu\u00e7\u00f5es para processos legais e comunica\u00e7\u00f5es governamentais.<\/span><\/p><\/li><li><p><span style=\"color: #ff0000;\">Sa\u00fade e produtos farmac\u00eauticos: tradu\u00e7\u00e3o de registros m\u00e9dicos, artigos de pesquisa e documentos farmac\u00eauticos.<\/span><\/p><\/li><li><p><span style=\"color: #ff0000;\">Tecnologia e TI: Localiza\u00e7\u00e3o de software, manuais do usu\u00e1rio e documenta\u00e7\u00e3o t\u00e9cnica.<\/span><\/p><\/li><li><p><span style=\"color: #ff0000;\">Finan\u00e7as e servi\u00e7os banc\u00e1rios: tradu\u00e7\u00e3o de relat\u00f3rios financeiros, documentos de investimento e materiais banc\u00e1rios.<\/span><\/p><\/li><li><p><span style=\"color: #ff0000;\">E-commerce e varejo: localiza\u00e7\u00e3o de descri\u00e7\u00f5es de produtos, avalia\u00e7\u00f5es de clientes e conte\u00fado de marketing.<\/span><\/p><\/li><\/ul>\t\t\t\t\t\t\t\t<\/div>\n\t\t\t\t<div class=\"elementor-element elementor-element-f05d1ea elementor-widget elementor-widget-heading\" data-id=\"f05d1ea\" data-element_type=\"widget\" data-e-type=\"widget\" data-widget_type=\"heading.default\">\n\t\t\t\t\t<h3 class=\"elementor-heading-title elementor-size-default\">Por que a tradu\u00e7\u00e3o profissional para o portugu\u00eas europeu \u00e9 importante<\/h3>\t\t\t\t<\/div>\n\t\t\t\t<div class=\"elementor-element elementor-element-d3ff52c elementor-widget elementor-widget-text-editor\" data-id=\"d3ff52c\" data-element_type=\"widget\" data-e-type=\"widget\" data-widget_type=\"text-editor.default\">\n\t\t\t\t\t\t\t\t\t<p>O portugu\u00eas europeu \u00e9 falado por milh\u00f5es de pessoas em todo o mundo, o que o torna essencial para empresas e organiza\u00e7\u00f5es que buscam se conectar com p\u00fablicos de l\u00edngua portuguesa europeia. A tradu\u00e7\u00e3o profissional garante:<\/p>\n<ul>\n<li>\n<p>Relev\u00e2ncia cultural: tradu\u00e7\u00f5es precisas que ressoem com a cultura e os costumes locais.<\/p>\n<\/li>\n<li>\n<p>Conformidade legal: garantir que os documentos atendam aos padr\u00f5es e requisitos legais regionais.<\/p>\n<\/li>\n<li>\n<p>Credibilidade da marca: apresentar seu neg\u00f3cio profissionalmente ao p\u00fablico europeu de l\u00edngua portuguesa.<\/p>\n<\/li>\n<\/ul>\t\t\t\t\t\t\t\t<\/div>\n\t\t\t\t<div class=\"elementor-element elementor-element-5654d1a elementor-widget elementor-widget-heading\" data-id=\"5654d1a\" data-element_type=\"widget\" data-e-type=\"widget\" data-widget_type=\"heading.default\">\n\t\t\t\t\t<h3 class=\"elementor-heading-title elementor-size-default\">Servi\u00e7os de tradu\u00e7\u00e3o para portugu\u00eas europeu otimizados para SEO<\/h3>\t\t\t\t<\/div>\n\t\t\t\t<div class=\"elementor-element elementor-element-eff3e44 elementor-widget elementor-widget-text-editor\" data-id=\"eff3e44\" data-element_type=\"widget\" data-e-type=\"widget\" data-widget_type=\"text-editor.default\">\n\t\t\t\t\t\t\t\t\t<p style=\"font-family: Helvetica, serif; font-size: 16px; font-weight: 400; font-style: normal; color: #e41d1d;\"><span style=\"color: #ff0000;\">Nossas tradu\u00e7\u00f5es s\u00e3o projetadas com as melhores pr\u00e1ticas de SEO para melhorar sua visibilidade online:<\/span><\/p><ul style=\"margin-bottom: 1em; font-family: Helvetica, serif; font-size: 16px; font-weight: 400; font-style: normal; color: #e41d1d;\"><li style=\"font-size: 16px;\"><p style=\"font-size: 16px;\"><span style=\"color: #ff0000;\">Palavras-chave localizadas: incorpora\u00e7\u00e3o de termos de pesquisa espec\u00edficos da regi\u00e3o para melhorar a classifica\u00e7\u00e3o.\u00a0<\/span><\/p><\/li><li style=\"font-size: 16px;\"><p style=\"font-size: 16px;\"><span style=\"color: #ff0000;\">Otimiza\u00e7\u00e3o de meta tags: tradu\u00e7\u00e3o e otimiza\u00e7\u00e3o de meta descri\u00e7\u00f5es e t\u00edtulos para melhores taxas de cliques.\u00a0<\/span><\/p><\/li><li style=\"font-size: 16px;\"><p style=\"font-size: 16px;\"><span style=\"color: #ff0000;\">URLs amig\u00e1veis: Cria\u00e7\u00e3o de URLs leg\u00edveis e relevantes em portugu\u00eas europeu.\u00a0<\/span><\/p><\/li><\/ul>\t\t\t\t\t\t\t\t<\/div>\n\t\t\t\t<div class=\"elementor-element elementor-element-086d2c3 elementor-widget elementor-widget-heading\" data-id=\"086d2c3\" data-element_type=\"widget\" data-e-type=\"widget\" data-widget_type=\"heading.default\">\n\t\t\t\t\t<h3 class=\"elementor-heading-title elementor-size-default\">Obtenha um or\u00e7amento gratuito para servi\u00e7os de tradu\u00e7\u00e3o para portugu\u00eas europeu<\/h3>\t\t\t\t<\/div>\n\t\t\t\t<div class=\"elementor-element elementor-element-5a01811 elementor-widget elementor-widget-text-editor\" data-id=\"5a01811\" data-element_type=\"widget\" data-e-type=\"widget\" data-widget_type=\"text-editor.default\">\n\t\t\t\t\t\t\t\t\t<p>Precisa de servi\u00e7os profissionais de tradu\u00e7\u00e3o para portugu\u00eas europeu? Entre em contato conosco hoje mesmo para um or\u00e7amento gratuito. Garantimos tradu\u00e7\u00f5es r\u00e1pidas, precisas e confidenciais para todas as suas necessidades.<\/p><h4><a href=\"https:\/\/lsa-global.com\/pt\/obtenha-um-orcamento-gratuito-lsa-global\/\"><span style=\"color: #ff0000;\">Entre em contato conosco hoje mesmo!<\/span><\/a><\/h4><p>Servi\u00e7o global \u2013 dispon\u00edvel em todo o mundo<\/p><p>Amplie seu alcance com a tradu\u00e7\u00e3o especializada para portugu\u00eas europeu! Entre em contato agora mesmo para discutir seu projeto.<\/p>\t\t\t\t\t\t\t\t<\/div>\n\t\t\t\t<div class=\"elementor-element elementor-element-c245744 elementor-widget elementor-widget-heading\" data-id=\"c245744\" data-element_type=\"widget\" data-e-type=\"widget\" data-widget_type=\"heading.default\">\n\t\t\t\t\t<h3 class=\"elementor-heading-title elementor-size-default\">Indo al\u00e9m<\/h3>\t\t\t\t<\/div>\n\t\t\t\t\t<\/div>\n\t\t\t\t<\/div>\n\t\t<div class=\"elementor-element elementor-element-d5e7460 e-flex e-con-boxed e-con e-parent\" data-id=\"d5e7460\" data-element_type=\"container\" data-e-type=\"container\">\n\t\t\t\t\t<div class=\"e-con-inner\">\n\t\t\t\t<div class=\"elementor-element elementor-element-4ce5e72 elementor-widget elementor-widget-text-editor\" data-id=\"4ce5e72\" data-element_type=\"widget\" data-e-type=\"widget\" data-widget_type=\"text-editor.default\">\n\t\t\t\t\t\t\t\t\t<h5><a href=\"https:\/\/lsa-global.com\/pt\/precos-e-termos-de-traducao\/\"><span style=\"color: #ff0000;\">Planos de pre\u00e7os e mais<\/span><\/a><\/h5>\t\t\t\t\t\t\t\t<\/div>\n\t\t\t\t<div class=\"elementor-element elementor-element-56eac28 elementor-widget elementor-widget-text-editor\" data-id=\"56eac28\" data-element_type=\"widget\" data-e-type=\"widget\" data-widget_type=\"text-editor.default\">\n\t\t\t\t\t\t\t\t\t<h5><a href=\"https:\/\/lsa-global.com\/pt\/postagens\/\"><span style=\"color: #ff0000;\">Mais Posts<\/span><\/a><\/h5>\t\t\t\t\t\t\t\t<\/div>\n\t\t\t\t<div class=\"elementor-element elementor-element-a2ce3eb elementor-widget elementor-widget-text-editor\" data-id=\"a2ce3eb\" data-element_type=\"widget\" data-e-type=\"widget\" data-widget_type=\"text-editor.default\">\n\t\t\t\t\t\t\t\t\t<h5><a href=\"https:\/\/lsaglobal-translate.co.uk\/services\/translation-services\/\" target=\"_blank\" rel=\"noopener\"><span style=\"color: #ff0000;\">Tradu\u00e7\u00e3o Pro.<\/span><\/a><\/h5>\t\t\t\t\t\t\t\t<\/div>\n\t\t\t\t<div class=\"elementor-element elementor-element-fb59af0 elementor-widget elementor-widget-image\" data-id=\"fb59af0\" data-element_type=\"widget\" data-e-type=\"widget\" data-widget_type=\"image.default\">\n\t\t\t\t\t\t\t\t\t\t\t\t\t\t\t<img fetchpriority=\"high\" decoding=\"async\" data-attachment-id=\"43698\" data-permalink=\"https:\/\/lsa-global.com\/zh\/%e6%ac%a7%e6%b4%b2%e8%91%a1%e8%90%84%e7%89%99%e8%af%ad%e7%bf%bb%e8%af%91%e6%9c%8d%e5%8a%a1%e5%87%86%e7%a1%ae\/portuguese-portugal\/\" data-orig-file=\"https:\/\/i0.wp.com\/lsa-global.com\/wp-content\/uploads\/2025\/03\/Portuguese-Portugal.png?fit=2560%2C1707&amp;ssl=1\" data-orig-size=\"2560,1707\" data-comments-opened=\"0\" data-image-meta=\"{&quot;aperture&quot;:&quot;0&quot;,&quot;credit&quot;:&quot;&quot;,&quot;camera&quot;:&quot;&quot;,&quot;caption&quot;:&quot;&quot;,&quot;created_timestamp&quot;:&quot;0&quot;,&quot;copyright&quot;:&quot;&quot;,&quot;focal_length&quot;:&quot;0&quot;,&quot;iso&quot;:&quot;0&quot;,&quot;shutter_speed&quot;:&quot;0&quot;,&quot;title&quot;:&quot;&quot;,&quot;orientation&quot;:&quot;0&quot;}\" data-image-title=\"Portuguese (Portugal) Translations\" data-image-description=\"&lt;p&gt;Portuguese (Portugal) Translations&lt;\/p&gt;\" data-image-caption=\"\" data-medium-file=\"https:\/\/i0.wp.com\/lsa-global.com\/wp-content\/uploads\/2025\/03\/Portuguese-Portugal.png?fit=300%2C200&amp;ssl=1\" data-large-file=\"https:\/\/i0.wp.com\/lsa-global.com\/wp-content\/uploads\/2025\/03\/Portuguese-Portugal.png?fit=1024%2C683&amp;ssl=1\" width=\"300\" height=\"200\" src=\"https:\/\/i0.wp.com\/lsa-global.com\/wp-content\/uploads\/2025\/03\/Portuguese-Portugal.png?fit=300%2C200&amp;ssl=1\" class=\"attachment-medium size-medium wp-image-43698\" alt=\"Tradu\u00e7\u00f5es em portugu\u00eas (Portugal)\" srcset=\"https:\/\/i0.wp.com\/lsa-global.com\/wp-content\/uploads\/2025\/03\/Portuguese-Portugal.png?w=2560&amp;ssl=1 2560w, https:\/\/i0.wp.com\/lsa-global.com\/wp-content\/uploads\/2025\/03\/Portuguese-Portugal.png?resize=300%2C200&amp;ssl=1 300w, https:\/\/i0.wp.com\/lsa-global.com\/wp-content\/uploads\/2025\/03\/Portuguese-Portugal.png?resize=1024%2C683&amp;ssl=1 1024w, https:\/\/i0.wp.com\/lsa-global.com\/wp-content\/uploads\/2025\/03\/Portuguese-Portugal.png?resize=150%2C100&amp;ssl=1 150w, https:\/\/i0.wp.com\/lsa-global.com\/wp-content\/uploads\/2025\/03\/Portuguese-Portugal.png?resize=768%2C512&amp;ssl=1 768w, https:\/\/i0.wp.com\/lsa-global.com\/wp-content\/uploads\/2025\/03\/Portuguese-Portugal.png?resize=1536%2C1024&amp;ssl=1 1536w, https:\/\/i0.wp.com\/lsa-global.com\/wp-content\/uploads\/2025\/03\/Portuguese-Portugal.png?resize=2048%2C1366&amp;ssl=1 2048w, https:\/\/i0.wp.com\/lsa-global.com\/wp-content\/uploads\/2025\/03\/Portuguese-Portugal.png?resize=18%2C12&amp;ssl=1 18w, https:\/\/i0.wp.com\/lsa-global.com\/wp-content\/uploads\/2025\/03\/Portuguese-Portugal.png?resize=370%2C247&amp;ssl=1 370w, https:\/\/i0.wp.com\/lsa-global.com\/wp-content\/uploads\/2025\/03\/Portuguese-Portugal.png?resize=760%2C507&amp;ssl=1 760w\" sizes=\"(max-width: 300px) 100vw, 300px\" title=\"\">\t\t\t\t\t\t\t\t\t\t\t\t\t\t\t<\/div>\n\t\t\t\t\t<\/div>\n\t\t\t\t<\/div>\n\t\t\t\t<\/div>","protected":false},"excerpt":{"rendered":"<p>Professional European Portuguese Translation Services \u2013 Accurate &amp; Certified Expert European Portuguese Translation Services for Businesses &amp; Individuals Are you&hellip;<\/p>","protected":false},"author":1,"featured_media":43999,"parent":0,"menu_order":0,"comment_status":"closed","ping_status":"closed","template":"","meta":{"jetpack_post_was_ever_published":false,"footnotes":""},"class_list":["post-43187","page","type-page","status-publish","has-post-thumbnail","hentry"],"jetpack_sharing_enabled":true,"jetpack_likes_enabled":true,"jetpack-related-posts":[],"jetpack_shortlink":"https:\/\/wp.me\/PerFda-bez","_links":{"self":[{"href":"https:\/\/lsa-global.com\/pt\/wp-json\/wp\/v2\/pages\/43187","targetHints":{"allow":["GET"]}}],"collection":[{"href":"https:\/\/lsa-global.com\/pt\/wp-json\/wp\/v2\/pages"}],"about":[{"href":"https:\/\/lsa-global.com\/pt\/wp-json\/wp\/v2\/types\/page"}],"author":[{"embeddable":true,"href":"https:\/\/lsa-global.com\/pt\/wp-json\/wp\/v2\/users\/1"}],"replies":[{"embeddable":true,"href":"https:\/\/lsa-global.com\/pt\/wp-json\/wp\/v2\/comments?post=43187"}],"version-history":[{"count":0,"href":"https:\/\/lsa-global.com\/pt\/wp-json\/wp\/v2\/pages\/43187\/revisions"}],"wp:featuredmedia":[{"embeddable":true,"href":"https:\/\/lsa-global.com\/pt\/wp-json\/wp\/v2\/media\/43999"}],"wp:attachment":[{"href":"https:\/\/lsa-global.com\/pt\/wp-json\/wp\/v2\/media?parent=43187"}],"curies":[{"name":"wp","href":"https:\/\/api.w.org\/{rel}","templated":true}]}}