{"id":41860,"date":"2024-09-05T19:38:14","date_gmt":"2024-09-05T18:38:14","guid":{"rendered":"https:\/\/lsa-global.com\/?page_id=41860"},"modified":"2025-04-23T14:38:35","modified_gmt":"2025-04-23T13:38:35","slug":"experiencia-em-servicos-de-traducao-intersetorial","status":"publish","type":"page","link":"https:\/\/lsa-global.com\/pt\/experiencia-em-servicos-de-traducao-intersetorial\/","title":{"rendered":"Servi\u00e7os de tradu\u00e7\u00e3o intersetorial Especializa\u00e7\u00e3o: Excelente e preciso"},"content":{"rendered":"<div data-elementor-type=\"wp-page\" data-elementor-id=\"41860\" class=\"elementor elementor-41860\" data-elementor-post-type=\"page\">\n\t\t\t\t<div class=\"elementor-element elementor-element-5bbeb3ac e-flex e-con-boxed e-con e-parent\" data-id=\"5bbeb3ac\" data-element_type=\"container\" data-e-type=\"container\">\n\t\t\t\t\t<div class=\"e-con-inner\">\n\t\t\t\t<div class=\"elementor-element elementor-element-17eb75a2 elementor-widget elementor-widget-text-editor\" data-id=\"17eb75a2\" data-element_type=\"widget\" data-e-type=\"widget\" data-widget_type=\"text-editor.default\">\n\t\t\t\t\t\t\t\t\t\n<p>Experi\u00eancia em servi\u00e7os de tradu\u00e7\u00e3o intersetorial<\/p>\n\n<p>\u00a0<\/p>\n\n<p>A expertise em servi\u00e7os de tradu\u00e7\u00e3o intersetorial \u00e9 crucial no cen\u00e1rio globalizado de neg\u00f3cios de hoje. Com a crescente necessidade de comunica\u00e7\u00e3o eficaz entre diferentes setores e culturas, as organiza\u00e7\u00f5es exigem solu\u00e7\u00f5es de idiomas abrangentes que atendam \u00e0s suas necessidades espec\u00edficas. Nossa equipe de tradutores altamente qualificados possui ampla experi\u00eancia em uma ampla gama de setores, garantindo tradu\u00e7\u00f5es precisas e culturalmente apropriadas em v\u00e1rios setores, como finan\u00e7as, tecnologia, sa\u00fade, jur\u00eddico e muito mais.<\/p>\n\n<p>Ao entender completamente as nuances e complexidades de cada ind\u00fastria, garantimos tradu\u00e7\u00f5es precisas e contextualmente relevantes que mant\u00eam o profissionalismo e a credibilidade do seu conte\u00fado. Confie em nossa expertise em servi\u00e7os de tradu\u00e7\u00e3o intersetorial para transpor barreiras lingu\u00edsticas e facilitar a comunica\u00e7\u00e3o perfeita em um mundo cada vez mais interconectado.<\/p>\n\n<p>Nossa equipe de tradutores especialistas tem experi\u00eancia em entregar tradu\u00e7\u00f5es de alta qualidade em diversos setores. Entendemos a import\u00e2ncia da comunica\u00e7\u00e3o precisa e culturalmente sens\u00edvel no ambiente de neg\u00f3cios global de hoje. Seja finan\u00e7as, tecnologia, sa\u00fade, jur\u00eddico ou outros setores, garantimos tradu\u00e7\u00f5es precisas e contextualmente apropriadas.<\/p>\n\n<p>With our cross-industry translation services, you can confidently bridge language barriers and facilitate seamless communication in an interconnected world. Our precise and contextually relevant translations uphold the professionalism and credibility of your content across various industries. Trust our expertise to <span style=\"color: #000000;\">overcome language barriers and enable seamless communication in an interconnected world.<\/span><\/p>\n<p><span style=\"color: #000000;\"><\/span><\/p>\n<p><span style=\"color: #000000;\">Nossa equipe de tradutores experientes entrega tradu\u00e7\u00f5es de alta qualidade em finan\u00e7as, tecnologia, sa\u00fade, jur\u00eddico e outros setores. Entendemos a import\u00e2ncia da comunica\u00e7\u00e3o precisa e culturalmente sens\u00edvel no ambiente de neg\u00f3cios global de hoje. Com nossos servi\u00e7os de tradu\u00e7\u00e3o intersetorial, preencha com confian\u00e7a as lacunas lingu\u00edsticas e facilite a comunica\u00e7\u00e3o perfeita.<\/span><\/p>\n<p><span style=\"color: #000000;\"><\/span><\/p>\n<p><span style=\"color: #000000;\">Assim como qualquer outra ag\u00eancia de tradu\u00e7\u00e3o profissional, temos nossas pr\u00f3prias especialidades setoriais. A LSA.GLOBAL tamb\u00e9m cobre uma ampla gama de ind\u00fastrias e nichos de mercado.<\/span><\/p>\n<p><span style=\"color: #000000;\"><\/span><\/p>\n<p><span style=\"color: #000000;\">Vasta experi\u00eancia em tradu\u00e7\u00e3o em diversas \u00e1reas.<\/span><br \/><span style=\"color: #000000;\">Nossa vasta experi\u00eancia e conhecimento em v\u00e1rios setores empresariais desafiadores, que v\u00e3o de engenharia e finan\u00e7as a m\u00eddia e viagens, nos equiparam para nos destacarmos em muitos outros tamb\u00e9m. N\u00e3o importa o setor, aplicamos consistentemente uma abordagem rigorosa a tudo o que fazemos, seja automotivo, jur\u00eddico, editorial, varejo ou qualquer outro campo. Temos um profundo conhecimento do seu neg\u00f3cio e estamos comprometidos em fornecer a voc\u00ea os servi\u00e7os de tradu\u00e7\u00e3o de alta qualidade necess\u00e1rios para seu sucesso em mercados internacionais.<\/span><\/p>\n<p><span style=\"color: #000000;\"><\/span><\/p>\n<p><span style=\"color: #000000;\">Flexible translation services.<\/span><br \/><span style=\"color: #000000;\">Temos uma ampla gama de habilidades e capacidades. Se voc\u00ea precisa de tradu\u00e7\u00e3o multil\u00edngue, transcria\u00e7\u00e3o, localiza\u00e7\u00e3o ou trabalho art\u00edstico, n\u00f3s temos o que voc\u00ea precisa. A precis\u00e3o \u00e9 garantida para qualquer idioma e qualquer tipo de projeto, seja digital ou impresso. Podemos eliminar as barreiras lingu\u00edsticas que sua empresa encontra em qualquer setor e em qualquer pa\u00eds. Tudo o que voc\u00ea precisa \u00e9 do parceiro de ag\u00eancia de tradu\u00e7\u00e3o perfeito.<\/span><\/p>\n<p><span style=\"color: #000000;\"><\/span><\/p>\n<p><span style=\"color: #000000;\">Temos a experi\u00eancia necess\u00e1ria para ajudar voc\u00ea com:<\/span><br \/><span style=\"color: #000000;\">\u2013 Campanhas publicit\u00e1rias<\/span><br \/><span style=\"color: #000000;\">\u2013 Documenta\u00e7\u00e3o de informa\u00e7\u00e3o cl\u00ednica para ensaios cl\u00ednicos<\/span><br \/><span style=\"color: #000000;\">\u2013 Guias para consumidores<\/span><br \/><span style=\"color: #000000;\">\u2013 Apresenta\u00e7\u00f5es<\/span><br \/><span style=\"color: #000000;\">\u2013 Varejo online<\/span><br \/><span style=\"color: #000000;\">\u2013 Aprendizagem on-line<\/span><br \/><span style=\"color: #000000;\">\u2013 Diretrizes de uso<\/span><br \/><span style=\"color: #000000;\">\u2013 Comunica\u00e7\u00e3o interna<\/span><br \/><span style=\"color: #000000;\">\u2013 Manuais de instru\u00e7\u00f5es e peri\u00f3dicos acad\u00eamicos<\/span><br \/><span style=\"color: #000000;\">\u2013 Fluente em v\u00e1rios idiomas Marketing de mecanismos de busca (SEM)<\/span><br \/><span style=\"color: #000000;\">\u2013 Monografias<\/span><br \/><span style=\"color: #000000;\">\u2013 Embalagem<\/span><br \/><span style=\"color: #000000;\">\u2013 Comunicados \u00e0 m\u00eddia<\/span><br \/><span style=\"color: #000000;\">\u2013 Campanhas de informa\u00e7\u00e3o p\u00fablica<\/span><br \/><span style=\"color: #000000;\">\u2013 Arquivos de registro<\/span><br \/><span style=\"color: #000000;\">\u2013 Documenta\u00e7\u00e3o regulat\u00f3ria<\/span><br \/><span style=\"color: #000000;\">\u2013 Relat\u00f3rios<\/span><br \/><span style=\"color: #000000;\">\u2013 Artigos de pesquisa acad\u00eamica<\/span><br \/><span style=\"color: #000000;\">\u2013 Redes sociais e blogs<\/span><br \/><span style=\"color: #000000;\">\u2013 Software para legendagem e locu\u00e7\u00e3o<\/span><br \/><span style=\"color: #000000;\">\u2013 Livros did\u00e1ticos<\/span><br \/><span style=\"color: #000000;\">\u2013 Avisos de advert\u00eancia<\/span><br \/><span style=\"color: #000000;\">\u2013 Sites<\/span><br \/><span style=\"color: #000000;\">\u2013 Documentos t\u00e9cnicos.<\/span><\/p>\n<p><span style=\"color: #000000;\"><\/span><\/p>\n<p><span style=\"color: #000000;\">Concluindo, os servi\u00e7os de tradu\u00e7\u00e3o intersetorial desempenham um papel fundamental na melhoria da comunica\u00e7\u00e3o e do entendimento em diversos setores. Desde a elabora\u00e7\u00e3o de campanhas publicit\u00e1rias atraentes at\u00e9 a garantia de clareza na documenta\u00e7\u00e3o de ensaios cl\u00ednicos, esses servi\u00e7os preenchem lacunas lingu\u00edsticas e culturais. Eles s\u00e3o essenciais na cria\u00e7\u00e3o de guias informativos para consumidores, na entrega de apresenta\u00e7\u00f5es impactantes e no suporte a iniciativas de varejo e aprendizado on-line.<\/span><\/p>\n<p><span style=\"color: #000000;\"><\/span><\/p>\n<p><span style=\"color: #000000;\">Al\u00e9m disso, tradu\u00e7\u00f5es eficazes de diretrizes de uso, comunica\u00e7\u00f5es internas e manuais de instru\u00e7\u00f5es contribuem para a efici\u00eancia operacional e dissemina\u00e7\u00e3o de conhecimento. A capacidade de navegar fluentemente em v\u00e1rios idiomas capacita as organiza\u00e7\u00f5es a otimizar estrat\u00e9gias de marketing de mecanismos de busca, publicar monografias acad\u00eamicas e produzir embalagens e an\u00fancios de m\u00eddia precisos. Por fim, os servi\u00e7os de tradu\u00e7\u00e3o intersetorial n\u00e3o apenas facilitam campanhas de informa\u00e7\u00e3o p\u00fablica e gerenciam arquivos de registro, mas tamb\u00e9m promovem uma comunidade global mais interconectada, tornando a tradu\u00e7\u00e3o especializada indispens\u00e1vel no cen\u00e1rio multifacetado de hoje.<\/span><\/p>\n\t\t\t\t\t\t\t\t<\/div>\n\t\t\t\t<div class=\"elementor-element elementor-element-6f1c86c elementor-widget elementor-widget-heading\" data-id=\"6f1c86c\" data-element_type=\"widget\" data-e-type=\"widget\" data-widget_type=\"heading.default\">\n\t\t\t\t\t<h3 class=\"elementor-heading-title elementor-size-default\">Indo al\u00e9m<\/h3>\t\t\t\t<\/div>\n\t\t\t\t<div class=\"elementor-element elementor-element-a0ab4c8 elementor-widget elementor-widget-text-editor\" data-id=\"a0ab4c8\" data-element_type=\"widget\" data-e-type=\"widget\" data-widget_type=\"text-editor.default\">\n\t\t\t\t\t\t\t\t\t<h5><a href=\"https:\/\/lsa-global.com\/pt\/aprender-a-lingua-alema\/\"><span style=\"color: #ff0000;\">Or\u00e7amento Gratuito<\/span><\/a><\/h5>\t\t\t\t\t\t\t\t<\/div>\n\t\t\t\t<div class=\"elementor-element elementor-element-60424aa elementor-widget elementor-widget-text-editor\" data-id=\"60424aa\" data-element_type=\"widget\" data-e-type=\"widget\" data-widget_type=\"text-editor.default\">\n\t\t\t\t\t\t\t\t\t<h5><a href=\"https:\/\/lsa-global.com\/pt\/postagens\/\"><span style=\"color: #ff0000;\">Mais Posts<\/span><\/a><\/h5>\t\t\t\t\t\t\t\t<\/div>\n\t\t\t\t<div class=\"elementor-element elementor-element-9c1ba53 elementor-widget elementor-widget-text-editor\" data-id=\"9c1ba53\" data-element_type=\"widget\" data-e-type=\"widget\" data-widget_type=\"text-editor.default\">\n\t\t\t\t\t\t\t\t\t<h5><a href=\"https:\/\/lsaglobal-translate.co.uk\/services\/translation-services\/\" target=\"_blank\" rel=\"noopener\"><span style=\"color: #ff0000;\">Tradu\u00e7\u00e3o Pro.<\/span><\/a><\/h5>\t\t\t\t\t\t\t\t<\/div>\n\t\t\t\t\t<\/div>\n\t\t\t\t<\/div>\n\t\t\t\t<\/div>","protected":false},"excerpt":{"rendered":"<p>Cross-industry translation services expertise \u00a0 Cross-industry translation services expertise is crucial in today&#8217;s globalized business landscape. With the increasing need&hellip;<\/p>","protected":false},"author":1,"featured_media":36943,"parent":0,"menu_order":0,"comment_status":"closed","ping_status":"closed","template":"","meta":{"jetpack_post_was_ever_published":false,"footnotes":""},"class_list":["post-41860","page","type-page","status-publish","has-post-thumbnail","hentry"],"jetpack_sharing_enabled":true,"jetpack_likes_enabled":true,"jetpack-related-posts":[],"jetpack_shortlink":"https:\/\/wp.me\/PerFda-aTa","_links":{"self":[{"href":"https:\/\/lsa-global.com\/pt\/wp-json\/wp\/v2\/pages\/41860","targetHints":{"allow":["GET"]}}],"collection":[{"href":"https:\/\/lsa-global.com\/pt\/wp-json\/wp\/v2\/pages"}],"about":[{"href":"https:\/\/lsa-global.com\/pt\/wp-json\/wp\/v2\/types\/page"}],"author":[{"embeddable":true,"href":"https:\/\/lsa-global.com\/pt\/wp-json\/wp\/v2\/users\/1"}],"replies":[{"embeddable":true,"href":"https:\/\/lsa-global.com\/pt\/wp-json\/wp\/v2\/comments?post=41860"}],"version-history":[{"count":0,"href":"https:\/\/lsa-global.com\/pt\/wp-json\/wp\/v2\/pages\/41860\/revisions"}],"wp:featuredmedia":[{"embeddable":true,"href":"https:\/\/lsa-global.com\/pt\/wp-json\/wp\/v2\/media\/36943"}],"wp:attachment":[{"href":"https:\/\/lsa-global.com\/pt\/wp-json\/wp\/v2\/media?parent=41860"}],"curies":[{"name":"wp","href":"https:\/\/api.w.org\/{rel}","templated":true}]}}