{"id":41698,"date":"2024-09-05T10:59:57","date_gmt":"2024-09-05T09:59:57","guid":{"rendered":"https:\/\/lsa-global.com\/?page_id=41698"},"modified":"2025-04-24T13:19:01","modified_gmt":"2025-04-24T12:19:01","slug":"midia-e-entretenimento","status":"publish","type":"page","link":"https:\/\/lsa-global.com\/pt\/midia-e-entretenimento\/","title":{"rendered":"Tradu\u00e7\u00e3o de M\u00eddia e Entretenimento"},"content":{"rendered":"<div data-elementor-type=\"wp-page\" data-elementor-id=\"41698\" class=\"elementor elementor-41698\" data-elementor-post-type=\"page\">\n\t\t\t\t<div class=\"elementor-element elementor-element-5e83429 e-flex e-con-boxed e-con e-parent\" data-id=\"5e83429\" data-element_type=\"container\" data-e-type=\"container\">\n\t\t\t\t\t<div class=\"e-con-inner\">\n\t\t\t\t<div class=\"elementor-element elementor-element-8828221 elementor-widget elementor-widget-heading\" data-id=\"8828221\" data-element_type=\"widget\" data-e-type=\"widget\" data-widget_type=\"heading.default\">\n\t\t\t\t\t<h2 class=\"elementor-heading-title elementor-size-default\">Tradu\u00e7\u00e3o de M\u00eddia e Entretenimento<\/h2>\t\t\t\t<\/div>\n\t\t\t\t<div class=\"elementor-element elementor-element-ef48a7c elementor-widget elementor-widget-image\" data-id=\"ef48a7c\" data-element_type=\"widget\" data-e-type=\"widget\" data-widget_type=\"image.default\">\n\t\t\t\t\t\t\t\t\t\t\t\t\t\t\t<img fetchpriority=\"high\" decoding=\"async\" data-attachment-id=\"41719\" data-permalink=\"https:\/\/lsa-global.com\/zh\/%e5%aa%92%e4%bd%93%e5%92%8c%e5%a8%b1%e4%b9%90\/image-14\/\" data-orig-file=\"https:\/\/i0.wp.com\/lsa-global.com\/wp-content\/uploads\/2024\/09\/image-6.png?fit=306%2C165&amp;ssl=1\" data-orig-size=\"306,165\" data-comments-opened=\"0\" data-image-meta=\"{&quot;aperture&quot;:&quot;0&quot;,&quot;credit&quot;:&quot;&quot;,&quot;camera&quot;:&quot;&quot;,&quot;caption&quot;:&quot;&quot;,&quot;created_timestamp&quot;:&quot;0&quot;,&quot;copyright&quot;:&quot;&quot;,&quot;focal_length&quot;:&quot;0&quot;,&quot;iso&quot;:&quot;0&quot;,&quot;shutter_speed&quot;:&quot;0&quot;,&quot;title&quot;:&quot;&quot;,&quot;orientation&quot;:&quot;0&quot;}\" data-image-title=\"Media and entertainment\" data-image-description=\"\" data-image-caption=\"\" data-large-file=\"https:\/\/i0.wp.com\/lsa-global.com\/wp-content\/uploads\/2024\/09\/image-6.png?fit=306%2C165&amp;ssl=1\" width=\"306\" height=\"165\" src=\"https:\/\/i0.wp.com\/lsa-global.com\/wp-content\/uploads\/2024\/09\/image-6.png?fit=306%2C165&amp;ssl=1\" class=\"attachment-large size-large wp-image-41719\" alt=\"Media and entertainment\" srcset=\"https:\/\/i0.wp.com\/lsa-global.com\/wp-content\/uploads\/2024\/09\/image-6.png?w=306&amp;ssl=1 306w, https:\/\/i0.wp.com\/lsa-global.com\/wp-content\/uploads\/2024\/09\/image-6.png?resize=300%2C162&amp;ssl=1 300w, https:\/\/i0.wp.com\/lsa-global.com\/wp-content\/uploads\/2024\/09\/image-6.png?resize=150%2C81&amp;ssl=1 150w\" sizes=\"(max-width: 306px) 100vw, 306px\" title=\"\">\t\t\t\t\t\t\t\t\t\t\t\t\t\t\t<\/div>\n\t\t\t\t<div class=\"elementor-element elementor-element-a89d96e elementor-widget elementor-widget-heading\" data-id=\"a89d96e\" data-element_type=\"widget\" data-e-type=\"widget\" data-widget_type=\"heading.default\">\n\t\t\t\t\t<h3 class=\"elementor-heading-title elementor-size-default\">M\u00eddia e Entretenimento<\/h3>\t\t\t\t<\/div>\n\t\t\t\t<div class=\"elementor-element elementor-element-7c1a828 elementor-widget elementor-widget-text-editor\" data-id=\"7c1a828\" data-element_type=\"widget\" data-e-type=\"widget\" data-widget_type=\"text-editor.default\">\n\t\t\t\t\t\t\t\t\t<p><span style=\"color: #0000ff;\">M\u00eddia e entretenimento desempenham um papel fundamental na forma\u00e7\u00e3o de nossa sociedade e cultura. Eles servem como uma plataforma para dissemina\u00e7\u00e3o de informa\u00e7\u00f5es, express\u00e3o criativa e interc\u00e2mbio cultural. Por meio de v\u00e1rios meios, como televis\u00e3o, r\u00e1dio, cinema e plataformas digitais, a m\u00eddia nos fornece not\u00edcias, entretenimento e conte\u00fado educacional. Ela tem o poder de influenciar a opini\u00e3o p\u00fablica e moldar o discurso p\u00fablico. O entretenimento, por outro lado, oferece um meio de fuga, relaxamento e divers\u00e3o para os indiv\u00edduos. Ele abrange uma ampla gama de formas, incluindo m\u00fasica, literatura, teatro e jogos, atendendo a diversos interesses e prefer\u00eancias. Juntos, m\u00eddia e entretenimento contribuem significativamente para nossa experi\u00eancia coletiva, promovendo a conectividade e refletindo a natureza em constante evolu\u00e7\u00e3o do nosso mundo moderno.<\/span><\/p>\n<p>\u00a0<\/p>\n<p><span style=\"color: #0000ff;\">Consist\u00eancia nas comunica\u00e7\u00f5es de marca, identidade e tom \u00e9 crucial para empresas globais de m\u00eddia e entretenimento. LSA.GLOBAL \u00e9 a escolha certa para marcas de m\u00eddia e entretenimento em todo o mundo. LSA.GLOBAL Translation.<\/span><\/p>\t\t\t\t\t\t\t\t<\/div>\n\t\t\t\t<div class=\"elementor-element elementor-element-5ed5c79 elementor-widget elementor-widget-heading\" data-id=\"5ed5c79\" data-element_type=\"widget\" data-e-type=\"widget\" data-widget_type=\"heading.default\">\n\t\t\t\t\t<h3 class=\"elementor-heading-title elementor-size-default\">Servi\u00e7os de tradu\u00e7\u00e3o de m\u00eddia e entretenimento da LSA GLOBAL<\/h3>\t\t\t\t<\/div>\n\t\t\t\t<div class=\"elementor-element elementor-element-7a51593 elementor-widget elementor-widget-text-editor\" data-id=\"7a51593\" data-element_type=\"widget\" data-e-type=\"widget\" data-widget_type=\"text-editor.default\">\n\t\t\t\t\t\t\t\t\t<p><span style=\"color: #0000ff;\">Na era digital atual, o conte\u00fado de m\u00eddia e entretenimento transcende fronteiras mais r\u00e1pido do que nunca. Seja um filme de sucesso, uma s\u00e9rie viral, um podcast envolvente ou um videogame premiado, a demanda por servi\u00e7os profissionais de tradu\u00e7\u00e3o de m\u00eddia e entretenimento nunca foi t\u00e3o grande. Na LSA GLOBAL, somos especializados em fornecer tradu\u00e7\u00f5es de alta qualidade e culturalmente diferenciadas, adaptadas \u00e0 ind\u00fastria global de m\u00eddia e entretenimento.<\/span><\/p>\t\t\t\t\t\t\t\t<\/div>\n\t\t\t\t<div class=\"elementor-element elementor-element-39a919d elementor-widget elementor-widget-heading\" data-id=\"39a919d\" data-element_type=\"widget\" data-e-type=\"widget\" data-widget_type=\"heading.default\">\n\t\t\t\t\t<h3 class=\"elementor-heading-title elementor-size-default\">Por que a tradu\u00e7\u00e3o de m\u00eddia e entretenimento \u00e9 importante<\/h3>\t\t\t\t<\/div>\n\t\t\t\t<div class=\"elementor-element elementor-element-4ede51d elementor-widget elementor-widget-text-editor\" data-id=\"4ede51d\" data-element_type=\"widget\" data-e-type=\"widget\" data-widget_type=\"text-editor.default\">\n\t\t\t\t\t\t\t\t\t<p class=\"\" data-start=\"681\" data-end=\"1069\"><span style=\"color: #0000ff;\">O cen\u00e1rio da m\u00eddia \u00e9 global. P\u00fablicos do mundo todo querem vivenciar hist\u00f3rias em seus idiomas nativos \u2014 sem perder o tom, o humor, o drama ou a emo\u00e7\u00e3o originais. \u00c9 a\u00ed que entra a tradu\u00e7\u00e3o especializada em entretenimento. Ela garante que di\u00e1logos, roteiros, legendas, narra\u00e7\u00f5es e materiais promocionais n\u00e3o sejam apenas traduzidos, mas tamb\u00e9m localizados para repercutir no p\u00fablico-alvo.<\/span><\/p><p class=\"\" data-start=\"1071\" data-end=\"1207\"><span style=\"color: #0000ff;\">De programas de TV e filmes a letras de m\u00fasicas, trailers, kits de imprensa e muito mais, garantimos que seu conte\u00fado conecte emocionalmente e culturalmente.<\/span><\/p>\t\t\t\t\t\t\t\t<\/div>\n\t\t\t\t<div class=\"elementor-element elementor-element-3de231e elementor-widget elementor-widget-heading\" data-id=\"3de231e\" data-element_type=\"widget\" data-e-type=\"widget\" data-widget_type=\"heading.default\">\n\t\t\t\t\t<h3 class=\"elementor-heading-title elementor-size-default\">Nossos servi\u00e7os de tradu\u00e7\u00e3o de m\u00eddia<\/h3>\t\t\t\t<\/div>\n\t\t\t\t<div class=\"elementor-element elementor-element-a0f7671 elementor-widget elementor-widget-text-editor\" data-id=\"a0f7671\" data-element_type=\"widget\" data-e-type=\"widget\" data-widget_type=\"text-editor.default\">\n\t\t\t\t\t\t\t\t\t<p class=\"\" data-start=\"1244\" data-end=\"1342\"><span style=\"color: #0000ff;\">Na LSA GLOBAL, nossa <strong><span style=\"color: #333300;\">solu\u00e7\u00f5es de tradu\u00e7\u00e3o de m\u00eddia<\/span><\/strong> abrange uma ampla gama de tipos de conte\u00fado, incluindo:<\/span><\/p><ul data-start=\"1344\" data-end=\"2173\"><li class=\"\" data-start=\"1344\" data-end=\"1484\"><p class=\"\" data-start=\"1346\" data-end=\"1484\"><span style=\"color: #0000ff;\"><strong><span style=\"color: #333300;\">Legendagem e legendagem<\/span><\/strong>: Legendas precisas, oportunas e culturalmente relevantes para filmes, document\u00e1rios, programas e v\u00eddeos on-line.<\/span><\/p><\/li><li class=\"\" data-start=\"1485\" data-end=\"1600\"><p class=\"\" data-start=\"1487\" data-end=\"1600\"><span style=\"color: #0000ff;\"><strong><span style=\"color: #333300;\">Tradu\u00e7\u00e3o de locu\u00e7\u00e3o e dublagem:<\/span> <\/strong>Roteiros prontos para dublagem e \u00e1udio adaptados por profissionais nativos.<\/span><\/p><\/li><li class=\"\" data-start=\"1601\" data-end=\"1742\"><p class=\"\" data-start=\"1603\" data-end=\"1742\"><span style=\"color: #0000ff;\"><strong><span style=\"color: #333300;\">Roteiro e Tradu\u00e7\u00e3o de Roteiro<\/span><\/strong>: Confi\u00e1vel pelos est\u00fadios de produ\u00e7\u00e3o para preservar o tom, o desenvolvimento dos personagens e a autenticidade dos di\u00e1logos.<\/span><\/p><\/li><li class=\"\" data-start=\"1743\" data-end=\"1879\"><p class=\"\" data-start=\"1745\" data-end=\"1879\"><span style=\"color: #0000ff;\"><strong><span style=\"color: #333300;\">Localiza\u00e7\u00e3o do jogo:<\/span><\/strong> Adapta\u00e7\u00e3o completa de videogames, incluindo di\u00e1logos, instru\u00e7\u00f5es, textos gr\u00e1ficos e refer\u00eancias culturais.<\/span><\/p><\/li><li class=\"\" data-start=\"1880\" data-end=\"2042\"><p class=\"\" data-start=\"1882\" data-end=\"2042\"><span style=\"color: #0000ff;\"><strong><span style=\"color: #333300;\">M\u00eddias sociais e campanhas digitais:<\/span> <\/strong>Transcria\u00e7\u00e3o de conte\u00fado para plataformas como YouTube, TikTok, Instagram e Facebook, garantindo que sua mensagem seja transmitida corretamente.<\/span><\/p><\/li><li class=\"\" data-start=\"2043\" data-end=\"2173\"><p class=\"\" data-start=\"2045\" data-end=\"2173\"><span style=\"color: #0000ff;\"><strong><span style=\"color: #000000;\">Conte\u00fado da plataforma de streaming:<\/span><\/strong> Netflix, Amazon Prime, YouTube Originals e outros contam com entrega multil\u00edngue \u2014 voc\u00ea tamb\u00e9m pode.<\/span><\/p><\/li><\/ul>\t\t\t\t\t\t\t\t<\/div>\n\t\t\t\t<div class=\"elementor-element elementor-element-87ef673 elementor-widget elementor-widget-heading\" data-id=\"87ef673\" data-element_type=\"widget\" data-e-type=\"widget\" data-widget_type=\"heading.default\">\n\t\t\t\t\t<h3 class=\"elementor-heading-title elementor-size-default\">Especialistas multil\u00edngues para a ind\u00fastria criativa<\/h3>\t\t\t\t<\/div>\n\t\t\t\t<div class=\"elementor-element elementor-element-6d982d3 elementor-widget elementor-widget-text-editor\" data-id=\"6d982d3\" data-element_type=\"widget\" data-e-type=\"widget\" data-widget_type=\"text-editor.default\">\n\t\t\t\t\t\t\t\t\t<p class=\"\" data-start=\"2226\" data-end=\"2532\"><span style=\"color: #0000ff;\">Nossa equipe inclui linguistas com experi\u00eancia em m\u00eddia, cinema e artes criativas, garantindo que cada projeto de tradu\u00e7\u00e3o seja n\u00e3o apenas linguisticamente preciso, mas tamb\u00e9m culturalmente imersivo. Conectamos seu projeto a tradutores que entendem a terminologia espec\u00edfica do setor e t\u00e9cnicas de narrativa.<\/span><\/p><p class=\"\" data-start=\"2534\" data-end=\"2694\"><span style=\"color: #0000ff;\">Atualmente oferecemos servi\u00e7os em <a href=\"https:\/\/lsa-global.com\/pt\/precos-e-termos-de-traducao\/\"><strong><span style=\"color: #000000;\">mais de 50 idiomas<\/span><\/strong>,<\/a> incluindo ingl\u00eas, franc\u00eas, espanhol, \u00e1rabe, alem\u00e3o, japon\u00eas, coreano, mandarim, portugu\u00eas e muito mais.<\/span><\/p>\t\t\t\t\t\t\t\t<\/div>\n\t\t\t\t<div class=\"elementor-element elementor-element-295f6fc elementor-widget elementor-widget-heading\" data-id=\"295f6fc\" data-element_type=\"widget\" data-e-type=\"widget\" data-widget_type=\"heading.default\">\n\t\t\t\t\t<h3 class=\"elementor-heading-title elementor-size-default\">Entrega r\u00e1pida, confidencial e escal\u00e1vel<\/h3>\t\t\t\t<\/div>\n\t\t\t\t<div class=\"elementor-element elementor-element-e20447a elementor-widget elementor-widget-text-editor\" data-id=\"e20447a\" data-element_type=\"widget\" data-e-type=\"widget\" data-widget_type=\"text-editor.default\">\n\t\t\t\t\t\t\t\t\t<p><span style=\"color: #0000ff;\">Se voc\u00ea precisa de uma tradu\u00e7\u00e3o r\u00e1pida para um curta-metragem ou de uma campanha completa em mais de 10 idiomas, a LSA GLOBAL est\u00e1 equipada com o<\/span> <span style=\"color: #0000ff;\">Tecnologia, talento e agilidade na entrega. Todos os projetos s\u00e3o tratados com rigorosos protocolos de confidencialidade e respaldados por acordos de confidencialidade (NDAs) quando necess\u00e1rio.<\/span><\/p>\t\t\t\t\t\t\t\t<\/div>\n\t\t\t\t<div class=\"elementor-element elementor-element-f33ea38 elementor-widget elementor-widget-heading\" data-id=\"f33ea38\" data-element_type=\"widget\" data-e-type=\"widget\" data-widget_type=\"heading.default\">\n\t\t\t\t\t<h3 class=\"elementor-heading-title elementor-size-default\">Aumente o alcance global por meio da tradu\u00e7\u00e3o de entretenimento<\/h3>\t\t\t\t<\/div>\n\t\t\t\t<div class=\"elementor-element elementor-element-3fafbf0 elementor-widget elementor-widget-text-editor\" data-id=\"3fafbf0\" data-element_type=\"widget\" data-e-type=\"widget\" data-widget_type=\"text-editor.default\">\n\t\t\t\t\t\t\t\t\t<p><span style=\"color: #0000ff;\">Ao traduzir seu conte\u00fado de m\u00eddia com a LSA GLOBAL, voc\u00ea n\u00e3o est\u00e1 apenas expandindo seu alcance, mas tamb\u00e9m convidando o mundo para sua hist\u00f3ria. Nossas estrat\u00e9gias de tradu\u00e7\u00e3o personalizadas ajudam criadores de conte\u00fado, produtores, editoras e est\u00fadios a crescer em diferentes regi\u00f5es, mantendo a integridade art\u00edstica e a relev\u00e2ncia cultural.<\/span><\/p>\t\t\t\t\t\t\t\t<\/div>\n\t\t\t\t<div class=\"elementor-element elementor-element-49330ef elementor-widget elementor-widget-heading\" data-id=\"49330ef\" data-element_type=\"widget\" data-e-type=\"widget\" data-widget_type=\"heading.default\">\n\t\t\t\t\t<h3 class=\"elementor-heading-title elementor-size-default\">Mantenha o foco<\/h3>\t\t\t\t<\/div>\n\t\t\t\t<div class=\"elementor-element elementor-element-83c3712 elementor-widget elementor-widget-text-editor\" data-id=\"83c3712\" data-element_type=\"widget\" data-e-type=\"widget\" data-widget_type=\"text-editor.default\">\n\t\t\t\t\t\t\t\t\t<p><span style=\"color: #0000ff;\">N\u00e3o importa a localiza\u00e7\u00e3o ou idioma, h\u00e1 sempre a necessidade de uma voz unificada. Nossos tradutores de m\u00eddia e entretenimento n\u00e3o s\u00e3o apenas profissionais experientes na ind\u00fastria, mas tamb\u00e9m s\u00e3o especialistas em manter o tom de voz pretendido.<\/span><\/p>\n<p>\u00a0<\/p>\n<p><span style=\"color: #0000ff;\">Priorizamos a resposta emocional do seu p\u00fablico e garantimos que seja exatamente o que voc\u00ea deseja. Com nossa expertise em tradu\u00e7\u00e3o, localiza\u00e7\u00e3o e at\u00e9 transcria\u00e7\u00e3o, garantimos que seu impacto, significado e mensagem pretendidos ressoem em diferentes culturas.<\/span><\/p>\t\t\t\t\t\t\t\t<\/div>\n\t\t\t\t<div class=\"elementor-element elementor-element-df2924d elementor-widget elementor-widget-heading\" data-id=\"df2924d\" data-element_type=\"widget\" data-e-type=\"widget\" data-widget_type=\"heading.default\">\n\t\t\t\t\t<h3 class=\"elementor-heading-title elementor-size-default\">Com mentalidade empresarial<\/h3>\t\t\t\t<\/div>\n\t\t\t\t<div class=\"elementor-element elementor-element-23394ac elementor-widget elementor-widget-text-editor\" data-id=\"23394ac\" data-element_type=\"widget\" data-e-type=\"widget\" data-widget_type=\"text-editor.default\">\n\t\t\t\t\t\t\t\t\t<p><span style=\"color: #0000ff;\">Cronogramas de tradu\u00e7\u00e3o e produ\u00e7\u00e3o na ind\u00fastria de m\u00eddia podem ser bem exigentes, mas fique tranquilo, n\u00f3s montaremos uma equipe de tradu\u00e7\u00e3o altamente adapt\u00e1vel para atender \u00e0s suas necessidades. Algu\u00e9m que compreende a urg\u00eancia de cumprir um prazo apertado de impress\u00e3o \u2013 e entrega consistentemente pontualmente.<\/span><\/p>\t\t\t\t\t\t\t\t<\/div>\n\t\t\t\t<div class=\"elementor-element elementor-element-631ca36 elementor-widget elementor-widget-heading\" data-id=\"631ca36\" data-element_type=\"widget\" data-e-type=\"widget\" data-widget_type=\"heading.default\">\n\t\t\t\t\t<h3 class=\"elementor-heading-title elementor-size-default\">Conclus\u00e3o<\/h3>\t\t\t\t<\/div>\n\t\t\t\t<div class=\"elementor-element elementor-element-3bc23d8 elementor-widget elementor-widget-text-editor\" data-id=\"3bc23d8\" data-element_type=\"widget\" data-e-type=\"widget\" data-widget_type=\"text-editor.default\">\n\t\t\t\t\t\t\t\t\t<p>\u00a0<\/p><p><span style=\"color: #0000ff;\">Concluindo, a tradu\u00e7\u00e3o de m\u00eddia e entretenimento serve como uma ponte vital que conecta diversas culturas e p\u00fablicos, permitindo a troca global de ideias e hist\u00f3rias. \u00c0 medida que a ind\u00fastria continua a evoluir, a import\u00e2ncia da tradu\u00e7\u00e3o precisa e culturalmente sens\u00edvel n\u00e3o pode ser exagerada. Ela n\u00e3o apenas preserva a inten\u00e7\u00e3o original do conte\u00fado, mas tamb\u00e9m aprimora a experi\u00eancia do espectador, promovendo uma compreens\u00e3o e aprecia\u00e7\u00e3o mais profundas de diferentes narrativas. Como consumidores de m\u00eddia, \u00e9 imperativo reconhecer e apoiar os esfor\u00e7os que fazem para tornar o entretenimento acess\u00edvel a um p\u00fablico mais amplo, enriquecendo, em \u00faltima an\u00e1lise, nosso cen\u00e1rio cultural coletivo.<\/span><\/p><p><a href=\"https:\/\/lsa-global.com\/pt\/obtenha-um-orcamento-gratuito-lsa-global\/\"><strong data-start=\"3398\" data-end=\"3439\"><span style=\"color: #000000;\">Pronto para localizar seu projeto de m\u00eddia?<\/span><\/strong><\/a><br data-start=\"3439\" data-end=\"3442\" \/><span style=\"color: #0000ff;\">Entre em contato com a LSA GLOBAL hoje mesmo e solicite uma consulta gratuita para suas necessidades de tradu\u00e7\u00e3o de m\u00eddia e entretenimento.<\/span><\/p>\t\t\t\t\t\t\t\t<\/div>\n\t\t\t\t\t<\/div>\n\t\t\t\t<\/div>\n\t\t<div class=\"elementor-element elementor-element-7ad22ab e-flex e-con-boxed e-con e-parent\" data-id=\"7ad22ab\" data-element_type=\"container\" data-e-type=\"container\">\n\t\t\t\t\t<div class=\"e-con-inner\">\n\t\t\t\t<div class=\"elementor-element elementor-element-28a75df elementor-widget elementor-widget-heading\" data-id=\"28a75df\" data-element_type=\"widget\" data-e-type=\"widget\" data-widget_type=\"heading.default\">\n\t\t\t\t\t<h3 class=\"elementor-heading-title elementor-size-default\">Indo al\u00e9m<\/h3>\t\t\t\t<\/div>\n\t\t\t\t<div class=\"elementor-element elementor-element-7c87b50 elementor-widget elementor-widget-text-editor\" data-id=\"7c87b50\" data-element_type=\"widget\" data-e-type=\"widget\" data-widget_type=\"text-editor.default\">\n\t\t\t\t\t\t\t\t\t<h5><span style=\"color: #0000ff;\"><a style=\"color: #0000ff;\" href=\"https:\/\/lsa-global.com\/pt\/precos-e-termos-de-traducao\/\">Planos de pre\u00e7os e mais<\/a><\/span><\/h5>\t\t\t\t\t\t\t\t<\/div>\n\t\t\t\t<div class=\"elementor-element elementor-element-5dfad2b elementor-widget elementor-widget-text-editor\" data-id=\"5dfad2b\" data-element_type=\"widget\" data-e-type=\"widget\" data-widget_type=\"text-editor.default\">\n\t\t\t\t\t\t\t\t\t<h5><span style=\"color: #0000ff;\"><a style=\"color: #0000ff;\" href=\"https:\/\/lsa-global.com\/pt\/postagens\/\">Mais Posts<\/a><\/span><\/h5>\t\t\t\t\t\t\t\t<\/div>\n\t\t\t\t<div class=\"elementor-element elementor-element-e3cb44e elementor-widget elementor-widget-text-editor\" data-id=\"e3cb44e\" data-element_type=\"widget\" data-e-type=\"widget\" data-widget_type=\"text-editor.default\">\n\t\t\t\t\t\t\t\t\t<h5><span style=\"color: #0000ff;\"><a style=\"color: #0000ff;\" href=\"https:\/\/lsaglobal-translate.co.uk\/services\/translation-services\/\" target=\"_blank\" rel=\"noopener\">Tradu\u00e7\u00e3o Pro.<\/a><\/span><\/h5>\t\t\t\t\t\t\t\t<\/div>\n\t\t\t\t<div class=\"elementor-element elementor-element-32cc70a elementor-widget elementor-widget-text-editor\" data-id=\"32cc70a\" data-element_type=\"widget\" data-e-type=\"widget\" data-widget_type=\"text-editor.default\">\n\t\t\t\t\t\t\t\t\t<h4 style=\"font-family: Montserrat, sans-serif; font-size: 1.6429em; line-height: 1.3043em; margin-top: 1.9565em; margin-bottom: 1.0435em; letter-spacing: -0.3px; color: #1d1d1d;\"><a href=\"https:\/\/lsaglobal-translate.co.uk\/\" target=\"_blank\" rel=\"noopener\"><span style=\"color: #0000ff;\">Visite o site LSAGLOBAL-Translate para mais informa\u00e7\u00f5es<\/span><\/a><\/h4>\t\t\t\t\t\t\t\t<\/div>\n\t\t\t\t\t<\/div>\n\t\t\t\t<\/div>\n\t\t\t\t<\/div>","protected":false},"excerpt":{"rendered":"<p>Media and Entertainment Translation Media and Entertainment Media and Entertainment play a pivotal role in shaping our society and culture.&hellip;<\/p>","protected":false},"author":1,"featured_media":41719,"parent":0,"menu_order":0,"comment_status":"closed","ping_status":"closed","template":"","meta":{"jetpack_post_was_ever_published":false,"footnotes":""},"class_list":["post-41698","page","type-page","status-publish","has-post-thumbnail","hentry"],"jetpack_sharing_enabled":true,"jetpack_likes_enabled":true,"jetpack-related-posts":[],"jetpack_shortlink":"https:\/\/wp.me\/PerFda-aQy","_links":{"self":[{"href":"https:\/\/lsa-global.com\/pt\/wp-json\/wp\/v2\/pages\/41698","targetHints":{"allow":["GET"]}}],"collection":[{"href":"https:\/\/lsa-global.com\/pt\/wp-json\/wp\/v2\/pages"}],"about":[{"href":"https:\/\/lsa-global.com\/pt\/wp-json\/wp\/v2\/types\/page"}],"author":[{"embeddable":true,"href":"https:\/\/lsa-global.com\/pt\/wp-json\/wp\/v2\/users\/1"}],"replies":[{"embeddable":true,"href":"https:\/\/lsa-global.com\/pt\/wp-json\/wp\/v2\/comments?post=41698"}],"version-history":[{"count":0,"href":"https:\/\/lsa-global.com\/pt\/wp-json\/wp\/v2\/pages\/41698\/revisions"}],"wp:featuredmedia":[{"embeddable":true,"href":"https:\/\/lsa-global.com\/pt\/wp-json\/wp\/v2\/media\/41719"}],"wp:attachment":[{"href":"https:\/\/lsa-global.com\/pt\/wp-json\/wp\/v2\/media?parent=41698"}],"curies":[{"name":"wp","href":"https:\/\/api.w.org\/{rel}","templated":true}]}}