{"id":41689,"date":"2024-09-04T20:41:15","date_gmt":"2024-09-04T19:41:15","guid":{"rendered":"https:\/\/lsa-global.com\/?page_id=41689"},"modified":"2025-04-24T13:08:33","modified_gmt":"2025-04-24T12:08:33","slug":"traducao-de-saude","status":"publish","type":"page","link":"https:\/\/lsa-global.com\/pt\/traducao-de-saude\/","title":{"rendered":"Tradu\u00e7\u00e3o de Sa\u00fade"},"content":{"rendered":"<div data-elementor-type=\"wp-page\" data-elementor-id=\"41689\" class=\"elementor elementor-41689\" data-elementor-post-type=\"page\">\n\t\t\t\t<div class=\"elementor-element elementor-element-22cf88a e-flex e-con-boxed e-con e-parent\" data-id=\"22cf88a\" data-element_type=\"container\" data-e-type=\"container\">\n\t\t\t\t\t<div class=\"e-con-inner\">\n\t\t\t\t<div class=\"elementor-element elementor-element-4db346f elementor-widget elementor-widget-heading\" data-id=\"4db346f\" data-element_type=\"widget\" data-e-type=\"widget\" data-widget_type=\"heading.default\">\n\t\t\t\t\t<h2 class=\"elementor-heading-title elementor-size-default\">Tradu\u00e7\u00e3o de Sa\u00fade<\/h2>\t\t\t\t<\/div>\n\t\t\t\t<div class=\"elementor-element elementor-element-292a647c elementor-widget elementor-widget-text-editor\" data-id=\"292a647c\" data-element_type=\"widget\" data-e-type=\"widget\" data-widget_type=\"text-editor.default\">\n\t\t\t\t\t\t\t\t\t\n<p>\u00a0<\/p>\n\n<figure class=\"wp-block-image size-full\"><img fetchpriority=\"high\" decoding=\"async\" width=\"281\" height=\"180\" data-attachment-id=\"41690\" data-permalink=\"https:\/\/lsa-global.com\/pt\/traducao-de-saude\/image-13\/\" data-orig-file=\"https:\/\/i0.wp.com\/lsa-global.com\/wp-content\/uploads\/2024\/09\/image-5.png?fit=281%2C180&amp;ssl=1\" data-orig-size=\"281,180\" data-comments-opened=\"0\" data-image-meta=\"{&quot;aperture&quot;:&quot;0&quot;,&quot;credit&quot;:&quot;&quot;,&quot;camera&quot;:&quot;&quot;,&quot;caption&quot;:&quot;&quot;,&quot;created_timestamp&quot;:&quot;0&quot;,&quot;copyright&quot;:&quot;&quot;,&quot;focal_length&quot;:&quot;0&quot;,&quot;iso&quot;:&quot;0&quot;,&quot;shutter_speed&quot;:&quot;0&quot;,&quot;title&quot;:&quot;&quot;,&quot;orientation&quot;:&quot;0&quot;}\" data-image-title=\"Healthcare Translation\" data-image-description=\"\" data-image-caption=\"\" data-large-file=\"https:\/\/i0.wp.com\/lsa-global.com\/wp-content\/uploads\/2024\/09\/image-5.png?fit=281%2C180&amp;ssl=1\" data-recalc-dims=\"1\" class=\"wp-image-41690\" src=\"https:\/\/i0.wp.com\/lsa-global.com\/wp-content\/uploads\/2024\/09\/image-5.png?w=1280&#038;ssl=1\" alt=\"medical translation\" title=\"\" srcset=\"https:\/\/i0.wp.com\/lsa-global.com\/wp-content\/uploads\/2024\/09\/image-5.png?w=281&amp;ssl=1 281w, https:\/\/i0.wp.com\/lsa-global.com\/wp-content\/uploads\/2024\/09\/image-5.png?resize=150%2C96&amp;ssl=1 150w\" sizes=\"(max-width: 281px) 100vw, 281px\" \/><figcaption><\/figcaption><\/figure>\n\n<p>Healthcare Translation;<\/p>\n\n<p>Na LSA.GLOBAL Translation entendemos a import\u00e2ncia da experi\u00eancia direta e temos consider\u00e1vel conhecimento na presta\u00e7\u00e3o de servi\u00e7os de tradu\u00e7\u00e3o m\u00e9dica da mais alta qualidade.<\/p>\n\n<p>O que s\u00e3o servi\u00e7os de tradu\u00e7\u00e3o m\u00e9dica e de assist\u00eancia m\u00e9dica?<\/p>\n\n<p>Servi\u00e7os de tradu\u00e7\u00e3o m\u00e9dica e de assist\u00eancia m\u00e9dica incluem a pr\u00e1tica de traduzir e interpretar uma ampla variedade de informa\u00e7\u00f5es m\u00e9dicas, como materiais de marketing (incluindo sites), documentos de ensaios cl\u00ednicos, monografias m\u00e9dicas, artigos de pesquisa e c\u00f3digos de conduta. Ag\u00eancias de tradu\u00e7\u00e3o m\u00e9dica trabalham com empresas m\u00e9dicas p\u00fablicas e privadas, \u00f3rg\u00e3os de sa\u00fade, institui\u00e7\u00f5es de caridade, organiza\u00e7\u00f5es e corpora\u00e7\u00f5es farmac\u00eauticas globais.<\/p>\n\n<p>A medicina \u00e9 uma ind\u00fastria global, com ensaios cl\u00ednicos, confer\u00eancias, networking e outros eventos importantes ocorrendo em v\u00e1rios pa\u00edses. \u00c9 vital que profissionais m\u00e9dicos e pessoas que trabalham no setor de sa\u00fade sejam capazes de entender comunica\u00e7\u00f5es escritas, de \u00e1udio e v\u00eddeo sobre assuntos que v\u00e3o desde monografias de medicamentos e materiais de marketing at\u00e9 materiais de eLearning e tudo mais.<\/p>\n\n<p>Somos certificados em fornecer tradu\u00e7\u00f5es m\u00e9dicas<\/p>\n\n<p>Para empresas globais de sa\u00fade que produzem produtos farmac\u00eauticos e equipamentos m\u00e9dicos de ponta, a precis\u00e3o da tradu\u00e7\u00e3o \u00e9 vital. Na LSA.GLOBAL Translation, entendemos a import\u00e2ncia da experi\u00eancia direta e temos consider\u00e1vel expertise em fornecer o servi\u00e7o de tradu\u00e7\u00e3o de sa\u00fade da mais alta qualidade.<\/p>\n\n<p>Nossos tradutores n\u00e3o s\u00e3o apenas tradutores profissionais, eles tamb\u00e9m s\u00e3o qualificados em uma disciplina t\u00e9cnica relacionada e trabalharam no setor de sa\u00fade, seja na medicina, na ind\u00fastria farmac\u00eautica ou na tecnologia m\u00e9dica.<\/p>\n\n<p>Entendemos que medicina e assist\u00eancia m\u00e9dica s\u00e3o \u00e1reas incrivelmente sens\u00edveis. Nossos tradutores m\u00e9dicos profissionais seguem um conjunto rigoroso de procedimentos para garantir um servi\u00e7o seguro e de alta qualidade consistente para nossos clientes.<\/p>\n\n<p>Tradu\u00e7\u00e3o cuidadosa<\/p>\n\n<p>Claro, o alcance global das empresas farmac\u00eauticas ou de dispositivos m\u00e9dicos, juntamente com a necessidade de uma variedade de materiais complexos de suporte a produtos e marketing, significa que o investimento em tradu\u00e7\u00e3o \u00e9 significativo. E como em qualquer despesa grande, o valor pelo dinheiro \u00e9 essencial.<\/p>\n\n<p>Ent\u00e3o, a LSA.GLOBAL otimiza seus fluxos de trabalho de tradu\u00e7\u00e3o para se encaixarem perfeitamente com seus processos administrativos, para economizar seu tempo e esfor\u00e7o, para tornar qualquer tipo de tradu\u00e7\u00e3o de assist\u00eancia m\u00e9dica o mais eficiente poss\u00edvel \u2013 sem comprometer a qualidade da tradu\u00e7\u00e3o. Fique tranquilo.<\/p>\n\n<p>Confidencialidade garantida<\/p>\n\n<p>Como em qualquer outro setor empresarial din\u00e2mico e voltado para a inova\u00e7\u00e3o, a confidencialidade em nosso trabalho na \u00e1rea da sa\u00fade \u00e9 fundamental, sejam tradu\u00e7\u00f5es para empresas farmac\u00eauticas ou tradu\u00e7\u00f5es para fabricantes de dispositivos m\u00e9dicos.<\/p>\n\n<p>Sejam quais forem seus requisitos de seguran\u00e7a de dados, a LSA.GLOBAL Translation sempre garantir\u00e1 conformidade completa. Confie em n\u00f3s para manter suas informa\u00e7\u00f5es seguras.<\/p>\n\n<p>Nossos servi\u00e7os de tradu\u00e7\u00e3o m\u00e9dica certificada abrangem o seguinte\u2026<\/p>\n\n<p>As tradu\u00e7\u00f5es m\u00e9dicas abrangem uma ampla gama de ind\u00fastrias e especializa\u00e7\u00f5es. Os setores abrangidos pelo termo &quot;tradu\u00e7\u00e3o m\u00e9dica&quot; abrangem documentos de pesquisa, materiais de marketing, informa\u00e7\u00f5es sobre produtos em dispositivos m\u00e9dicos e muito mais. Nossos tradutores especialistas t\u00eam uma vasta experi\u00eancia no setor e abrangem uma grande variedade de materiais relacionados \u00e0 medicina, incluindo:<\/p>\n\n<p>Campanhas publicit\u00e1rias<\/p>\n\n<p>Informa\u00e7\u00e3o cl\u00ednica<\/p>\n\n<p>Documenta\u00e7\u00e3o de ensaios cl\u00ednicos<\/p>\n\n<p>Guias do consumidor<\/p>\n\n<p>Aux\u00edlios de detalhes<\/p>\n\n<p>Com\u00e9rcio eletr\u00f4nico<\/p>\n\n<p>E-learning<\/p>\n\n<p>Instru\u00e7\u00f5es de uso<\/p>\n\n<p>Comunica\u00e7\u00f5es internas<\/p>\n\n<p>Manuais e peri\u00f3dicos<\/p>\n\n<p>SEM multil\u00edngue<\/p>\n\n<p>Artigos m\u00e9dicos<\/p>\n\n<p>Question\u00e1rios m\u00e9dicos<\/p>\n\n<p>Transcri\u00e7\u00e3o m\u00e9dica<\/p>\n\n<p>Apresenta\u00e7\u00f5es de treinamento m\u00e9dico<\/p>\n\n<p>Monografias<\/p>\n\n<p>Embalagem<\/p>\n\n<p>Comunicados de imprensa<\/p>\n\n<p>Campanhas de informa\u00e7\u00e3o p\u00fablica<\/p>\n\n<p>Dossi\u00eas de registo<\/p>\n\n<p>Documenta\u00e7\u00e3o regulat\u00f3ria<\/p>\n\n<p>Relat\u00f3rios<\/p>\n\n<p>Publica\u00e7\u00f5es cient\u00edficas<\/p>\n\n<p>M\u00eddias sociais\/blogs<\/p>\n\n<p>Programas<\/p>\n\n<p>Livros did\u00e1ticos<\/p>\n\n<p>Avisos<\/p>\n\n<p>Sites e sites para dispositivos m\u00f3veis<\/p>\n\n<p>Documentos t\u00e9cnicos<\/p>\n\n<p>Por que nos escolher para suas necessidades de tradu\u00e7\u00e3o de servi\u00e7os de sa\u00fade?<\/p>\n\n<p>Com a confian\u00e7a de mais de 1000 clientes para tradu\u00e7\u00f5es especializadas de alta qualidade<\/p>\n\n<p>Revis\u00e3o meticulosa para consist\u00eancia e precis\u00e3o<\/p>\n\n<p>Especialistas no assunto para lidar com cada projeto separadamente e com efici\u00eancia<\/p>\n\n<p>Procedimentos de controle de qualidade para os mais altos padr\u00f5es da ind\u00fastria<\/p>\n\n<p>Medidas rigorosas de privacidade para proteger a confidencialidade dos seus documentos e registros<\/p>\n\n<p>Valorizamos suas d\u00favidas e gostar\u00edamos de ouvi-lo. Ligue para +44 737 846 1403 ou envie um e-mail para infos@lsaglobal-translate.co.uk e um de nossos executivos ficar\u00e1 feliz em responder sua d\u00favida. Para uma estimativa de nossos servi\u00e7os de tradu\u00e7\u00e3o m\u00e9dica, preencha nosso formul\u00e1rio de or\u00e7amento gratuito em nosso site e obtenha um or\u00e7amento instant\u00e2neo.<\/p>\n\n<p>Temos uma enorme experi\u00eancia trabalhando na \u00e1rea da medicina e lidando com documentos m\u00e9dicos e de sa\u00fade sens\u00edveis. Entendemos o qu\u00e3o cr\u00edtica \u00e9 a confidencialidade no caso de documentos m\u00e9dicos e garantimos que nossos procedimentos de seguran\u00e7a sejam do mais alto padr\u00e3o poss\u00edvel e superem as expectativas de nossos clientes. Temos tradutores especializados em diferentes disciplinas relacionadas \u00e0 medicina e \u00e0 sa\u00fade, o que significa que eles entendem as nuances e os detalhes do t\u00f3pico e produzem tradu\u00e7\u00f5es. Al\u00e9m de nossa precis\u00e3o e efici\u00eancia, somos acess\u00edveis, amig\u00e1veis e trabalharemos em estreita colabora\u00e7\u00e3o com voc\u00ea para identificar suas necessidades, concordar com um prazo e atender a ambos sempre.<\/p>\n\t\t\t\t\t\t\t\t<\/div>\n\t\t\t\t\t<\/div>\n\t\t\t\t<\/div>\n\t\t<div class=\"elementor-element elementor-element-d5b7410 e-flex e-con-boxed e-con e-parent\" data-id=\"d5b7410\" data-element_type=\"container\" data-e-type=\"container\">\n\t\t\t\t\t<div class=\"e-con-inner\">\n\t\t\t\t<div class=\"elementor-element elementor-element-923a9fd elementor-widget elementor-widget-heading\" data-id=\"923a9fd\" data-element_type=\"widget\" data-e-type=\"widget\" data-widget_type=\"heading.default\">\n\t\t\t\t\t<h3 class=\"elementor-heading-title elementor-size-default\">Indo al\u00e9m<\/h3>\t\t\t\t<\/div>\n\t\t\t\t<div class=\"elementor-element elementor-element-29e0a8d elementor-widget elementor-widget-text-editor\" data-id=\"29e0a8d\" data-element_type=\"widget\" data-e-type=\"widget\" data-widget_type=\"text-editor.default\">\n\t\t\t\t\t\t\t\t\t<h5><a href=\"https:\/\/lsa-global.com\/pt\/precos-e-termos-de-traducao\/\"><span style=\"color: #ff0000;\">Planos de pre\u00e7os e mais<\/span><\/a><\/h5>\t\t\t\t\t\t\t\t<\/div>\n\t\t\t\t<div class=\"elementor-element elementor-element-dc11cad elementor-widget elementor-widget-text-editor\" data-id=\"dc11cad\" data-element_type=\"widget\" data-e-type=\"widget\" data-widget_type=\"text-editor.default\">\n\t\t\t\t\t\t\t\t\t<h5><a href=\"https:\/\/lsa-global.com\/pt\/postagens\/\"><span style=\"color: #ff0000;\">Mais Posts<\/span><\/a><\/h5>\t\t\t\t\t\t\t\t<\/div>\n\t\t\t\t<div class=\"elementor-element elementor-element-c12a1eb elementor-widget elementor-widget-text-editor\" data-id=\"c12a1eb\" data-element_type=\"widget\" data-e-type=\"widget\" data-widget_type=\"text-editor.default\">\n\t\t\t\t\t\t\t\t\t<h5><a href=\"https:\/\/lsaglobal-translate.co.uk\/services\/translation-services\/\" target=\"_blank\" rel=\"noopener\"><span style=\"color: #ff0000;\">Tradu\u00e7\u00e3o Pro.<\/span><\/a><\/h5>\t\t\t\t\t\t\t\t<\/div>\n\t\t\t\t<div class=\"elementor-element elementor-element-4a3b209 elementor-widget elementor-widget-text-editor\" data-id=\"4a3b209\" data-element_type=\"widget\" data-e-type=\"widget\" data-widget_type=\"text-editor.default\">\n\t\t\t\t\t\t\t\t\t<h4><span style=\"color: #000080;\"><span style=\"color: #ff0000;\">Visite o site LSAGLOBAL-Translate para mais informa\u00e7\u00f5es<\/span><\/span><\/h4>\t\t\t\t\t\t\t\t<\/div>\n\t\t\t\t\t<\/div>\n\t\t\t\t<\/div>\n\t\t\t\t<\/div>","protected":false},"excerpt":{"rendered":"<p>Healthcare Translation \u00a0 Healthcare Translation; At LSA.GLOBAL Translation we understand the importance of direct experience and have considerable expertise in&hellip;<\/p>","protected":false},"author":1,"featured_media":41690,"parent":0,"menu_order":0,"comment_status":"closed","ping_status":"closed","template":"","meta":{"jetpack_post_was_ever_published":false,"footnotes":""},"class_list":["post-41689","page","type-page","status-publish","has-post-thumbnail","hentry"],"jetpack_sharing_enabled":true,"jetpack_likes_enabled":true,"jetpack-related-posts":[],"jetpack_shortlink":"https:\/\/wp.me\/PerFda-aQp","_links":{"self":[{"href":"https:\/\/lsa-global.com\/pt\/wp-json\/wp\/v2\/pages\/41689","targetHints":{"allow":["GET"]}}],"collection":[{"href":"https:\/\/lsa-global.com\/pt\/wp-json\/wp\/v2\/pages"}],"about":[{"href":"https:\/\/lsa-global.com\/pt\/wp-json\/wp\/v2\/types\/page"}],"author":[{"embeddable":true,"href":"https:\/\/lsa-global.com\/pt\/wp-json\/wp\/v2\/users\/1"}],"replies":[{"embeddable":true,"href":"https:\/\/lsa-global.com\/pt\/wp-json\/wp\/v2\/comments?post=41689"}],"version-history":[{"count":0,"href":"https:\/\/lsa-global.com\/pt\/wp-json\/wp\/v2\/pages\/41689\/revisions"}],"wp:featuredmedia":[{"embeddable":true,"href":"https:\/\/lsa-global.com\/pt\/wp-json\/wp\/v2\/media\/41690"}],"wp:attachment":[{"href":"https:\/\/lsa-global.com\/pt\/wp-json\/wp\/v2\/media?parent=41689"}],"curies":[{"name":"wp","href":"https:\/\/api.w.org\/{rel}","templated":true}]}}