{"id":41670,"date":"2024-09-04T19:18:20","date_gmt":"2024-09-04T18:18:20","guid":{"rendered":"https:\/\/lsa-global.com\/?page_id=41670"},"modified":"2025-04-25T15:38:10","modified_gmt":"2025-04-25T14:38:10","slug":"servicos-de-traducao-de-engenharia-e-manufatura","status":"publish","type":"page","link":"https:\/\/lsa-global.com\/pt\/servicos-de-traducao-de-engenharia-e-manufatura\/","title":{"rendered":"Engenharia e Manufatura"},"content":{"rendered":"<div data-elementor-type=\"wp-page\" data-elementor-id=\"41670\" class=\"elementor elementor-41670\" data-elementor-post-type=\"page\">\n\t\t\t\t<div class=\"elementor-element elementor-element-1f49a16d e-flex e-con-boxed e-con e-parent\" data-id=\"1f49a16d\" data-element_type=\"container\" data-e-type=\"container\">\n\t\t\t\t\t<div class=\"e-con-inner\">\n\t\t\t\t<div class=\"elementor-element elementor-element-6d6f764 elementor-widget elementor-widget-heading\" data-id=\"6d6f764\" data-element_type=\"widget\" data-e-type=\"widget\" data-widget_type=\"heading.default\">\n\t\t\t\t\t<h2 class=\"elementor-heading-title elementor-size-default\">Servi\u00e7os de Idiomas de Engenharia e Manufatura<\/h2>\t\t\t\t<\/div>\n\t\t\t\t<div class=\"elementor-element elementor-element-d68a1d4 elementor-widget elementor-widget-heading\" data-id=\"d68a1d4\" data-element_type=\"widget\" data-e-type=\"widget\" data-widget_type=\"heading.default\">\n\t\t\t\t\t<h6 class=\"elementor-heading-title elementor-size-default\">Engenharia e Manufatura<\/h6>\t\t\t\t<\/div>\n\t\t\t\t<div class=\"elementor-element elementor-element-b6dad13 elementor-widget elementor-widget-image\" data-id=\"b6dad13\" data-element_type=\"widget\" data-e-type=\"widget\" data-widget_type=\"image.default\">\n\t\t\t\t\t\t\t\t\t\t\t\t\t\t\t<img decoding=\"async\" data-attachment-id=\"41672\" data-permalink=\"https:\/\/lsa-global.com\/fr\/services-de-traduction-en-ingenierie-et-en-fabrication\/engineering-manufacturing-2\/\" data-orig-file=\"https:\/\/i0.wp.com\/lsa-global.com\/wp-content\/uploads\/2024\/09\/Engineering-Manufacturing-1.png?fit=310%2C162&amp;ssl=1\" data-orig-size=\"310,162\" data-comments-opened=\"0\" data-image-meta=\"{&quot;aperture&quot;:&quot;0&quot;,&quot;credit&quot;:&quot;&quot;,&quot;camera&quot;:&quot;&quot;,&quot;caption&quot;:&quot;&quot;,&quot;created_timestamp&quot;:&quot;0&quot;,&quot;copyright&quot;:&quot;&quot;,&quot;focal_length&quot;:&quot;0&quot;,&quot;iso&quot;:&quot;0&quot;,&quot;shutter_speed&quot;:&quot;0&quot;,&quot;title&quot;:&quot;&quot;,&quot;orientation&quot;:&quot;0&quot;}\" data-image-title=\"Engineering &amp;#038; Manufacturing\" data-image-description=\"\" data-image-caption=\"\" data-medium-file=\"https:\/\/i0.wp.com\/lsa-global.com\/wp-content\/uploads\/2024\/09\/Engineering-Manufacturing-1.png?fit=300%2C157&amp;ssl=1\" data-large-file=\"https:\/\/i0.wp.com\/lsa-global.com\/wp-content\/uploads\/2024\/09\/Engineering-Manufacturing-1.png?fit=310%2C162&amp;ssl=1\" width=\"300\" height=\"157\" src=\"https:\/\/i0.wp.com\/lsa-global.com\/wp-content\/uploads\/2024\/09\/Engineering-Manufacturing-1.png?fit=300%2C157&amp;ssl=1\" class=\"attachment-medium size-medium wp-image-41672\" alt=\"Engineering &amp; Manufacturing\" srcset=\"https:\/\/i0.wp.com\/lsa-global.com\/wp-content\/uploads\/2024\/09\/Engineering-Manufacturing-1.png?w=310&amp;ssl=1 310w, https:\/\/i0.wp.com\/lsa-global.com\/wp-content\/uploads\/2024\/09\/Engineering-Manufacturing-1.png?resize=300%2C157&amp;ssl=1 300w, https:\/\/i0.wp.com\/lsa-global.com\/wp-content\/uploads\/2024\/09\/Engineering-Manufacturing-1.png?resize=150%2C78&amp;ssl=1 150w\" sizes=\"(max-width: 300px) 100vw, 300px\" title=\"\">\t\t\t\t\t\t\t\t\t\t\t\t\t\t\t<\/div>\n\t\t\t\t<div class=\"elementor-element elementor-element-ecc77bf elementor-widget elementor-widget-text-editor\" data-id=\"ecc77bf\" data-element_type=\"widget\" data-e-type=\"widget\" data-widget_type=\"text-editor.default\">\n\t\t\t\t\t\t\t\t\t<p><span style=\"color: #0000ff;\">Precis\u00e3o e consist\u00eancia s\u00e3o muito importantes para empresas de engenharia e manufatura. Isso vale tanto para a tradu\u00e7\u00e3o de documentos t\u00e9cnicos e materiais de vendas quanto para o produto em si.<\/span><\/p>\n<p><!-- \/wp:paragraph --><!-- wp:paragraph --><\/p>\n<p><strong><span style=\"color: #0000ff;\">Engenheiros que traduzem termos t\u00e9cnicos<\/span><\/strong><\/p>\n<p><!-- \/wp:paragraph --><!-- wp:paragraph --><\/p>\n<p><span style=\"color: #0000ff;\">Existem muitas palavras, frases e diferen\u00e7as entre pa\u00edses na linguagem da engenharia e da manufatura. Seu tradutor n\u00e3o poder\u00e1 fornecer a precis\u00e3o necess\u00e1ria se n\u00e3o compreender todas elas. \u00c9 por isso que os tradutores da LSA.GLOBAL n\u00e3o s\u00e3o apenas tradutores profissionais do mesmo pa\u00eds; eles tamb\u00e9m s\u00e3o treinados e experientes na sua \u00e1rea espec\u00edfica de engenharia e manufatura. Eles sabem o que est\u00e3o traduzindo e fazem certo na primeira vez.<\/span><\/p>\n<p><!-- \/wp:paragraph --><!-- wp:paragraph --><\/p>\n<p><strong><span style=\"color: #0000ff;\">No seu estilo<\/span><\/strong><\/p>\n<p><!-- \/wp:paragraph --><!-- wp:paragraph --><\/p>\n<p><span style=\"color: #0000ff;\">\u00c9 claro que cada um tem seu pr\u00f3prio estilo de escrita, e \u00e9 importante que sua tradu\u00e7\u00e3o para engenharia ou manufatura se mantenha fiel \u00e0 voz e \u00e0 personalidade globais da sua empresa, independentemente do idioma. Ent\u00e3o, envie-nos um texto de amostra e voc\u00ea poder\u00e1 escolher entre vers\u00f5es de teste feitas por diferentes tradutores profissionais da rede LSA.GLOBAL Translation. Ajudaremos voc\u00ea a encontrar a tradu\u00e7\u00e3o ideal.<\/span><\/p>\n<p class=\"\" data-start=\"397\" data-end=\"448\"><strong><span style=\"color: #0000ff;\">Gerenciando seu portal LSA GLOBAL com confian\u00e7a<\/span><\/strong><\/p>\n<p class=\"\" data-start=\"450\" data-end=\"730\"><span style=\"color: #0000ff;\">Na LSA GLOBAL, compreendemos as necessidades lingu\u00edsticas espec\u00edficas dos setores de engenharia e manufatura. De documenta\u00e7\u00e3o t\u00e9cnica complexa e protocolos de seguran\u00e7a a materiais de treinamento, manuais de conformidade e especifica\u00e7\u00f5es de produtos, servi\u00e7os lingu\u00edsticos precisos s\u00e3o essenciais.<\/span><\/p>\n<p class=\"\" data-start=\"732\" data-end=\"985\"><span style=\"color: #0000ff;\">Seja voc\u00ea um fabricante que exporta globalmente, uma consultoria de engenharia, um tradutor t\u00e9cnico ou um estudante de idiomas especializado em setores industriais, sua conta privada no LSA GLOBAL \u00e9 seu centro de controle para tudo.<\/span><\/p>\n<p class=\"\" data-start=\"987\" data-end=\"1139\"><span style=\"color: #0000ff;\">Bem-vindo ao Portal de Perfil de Engenharia e Manufatura, um espa\u00e7o criado para dar suporte aos seus objetivos, garantir precis\u00e3o e promover clareza em todos os idiomas.<\/span><\/p>\n<p><strong><span style=\"color: #0000ff;\">Efetivamente<\/span><\/strong><\/p>\n<p><!-- \/wp:paragraph --><!-- wp:paragraph --><\/p>\n<p><span style=\"color: #0000ff;\">Qualidade e rapidez s\u00e3o muito importantes no processo de tradu\u00e7\u00e3o, assim como em qualquer outro trabalho de engenharia ou manufatura. A LSA.GLOBAL possui certifica\u00e7\u00e3o ISO 9001. A tradu\u00e7\u00e3o de idiomas economiza tempo e mant\u00e9m os custos baixos. Processos de tradu\u00e7\u00e3o seguros e eficientes aumentam a produtividade. Dicion\u00e1rios de termos t\u00e9cnicos est\u00e3o cada vez maiores, e registros din\u00e2micos de tradu\u00e7\u00e3o est\u00e3o sempre aprimorando o processo. Como uma m\u00e1quina bem lubrificada.<\/span><\/p>\t\t\t\t\t\t\t\t<\/div>\n\t\t\t\t<div class=\"elementor-element elementor-element-6a6bc09 elementor-widget elementor-widget-heading\" data-id=\"6a6bc09\" data-element_type=\"widget\" data-e-type=\"widget\" data-widget_type=\"heading.default\">\n\t\t\t\t\t<h3 class=\"elementor-heading-title elementor-size-default\">Indo al\u00e9m<\/h3>\t\t\t\t<\/div>\n\t\t\t\t<div class=\"elementor-element elementor-element-70ee437 elementor-widget elementor-widget-text-editor\" data-id=\"70ee437\" data-element_type=\"widget\" data-e-type=\"widget\" data-widget_type=\"text-editor.default\">\n\t\t\t\t\t\t\t\t\t<h5><a href=\"https:\/\/lsa-global.com\/pt\/aprender-a-lingua-alema\/\"><span style=\"color: #ff0000;\">Or\u00e7amento Gratuito<\/span><\/a><\/h5>\t\t\t\t\t\t\t\t<\/div>\n\t\t\t\t<div class=\"elementor-element elementor-element-5e2e700 elementor-widget elementor-widget-text-editor\" data-id=\"5e2e700\" data-element_type=\"widget\" data-e-type=\"widget\" data-widget_type=\"text-editor.default\">\n\t\t\t\t\t\t\t\t\t<h5><a href=\"https:\/\/lsa-global.com\/pt\/postagens\/\"><span style=\"color: #ff0000;\">Mais Posts<\/span><\/a><\/h5>\t\t\t\t\t\t\t\t<\/div>\n\t\t\t\t<div class=\"elementor-element elementor-element-74540d1 elementor-widget elementor-widget-text-editor\" data-id=\"74540d1\" data-element_type=\"widget\" data-e-type=\"widget\" data-widget_type=\"text-editor.default\">\n\t\t\t\t\t\t\t\t\t<h5><a href=\"https:\/\/lsaglobal-translate.co.uk\/services\/translation-services\/\" target=\"_blank\" rel=\"noopener\"><span style=\"color: #ff0000;\">Tradu\u00e7\u00e3o Pro.<\/span><\/a><\/h5>\t\t\t\t\t\t\t\t<\/div>\n\t\t\t\t\t<\/div>\n\t\t\t\t<\/div>\n\t\t\t\t<\/div>","protected":false},"excerpt":{"rendered":"<p>Engineering and Manufacturing Language Services Engineering and Manufacturing Precision and consistency are very important to engineering and manufacturing businesses. This&hellip;<\/p>","protected":false},"author":1,"featured_media":41672,"parent":0,"menu_order":0,"comment_status":"closed","ping_status":"closed","template":"","meta":{"jetpack_post_was_ever_published":false,"footnotes":""},"class_list":["post-41670","page","type-page","status-publish","has-post-thumbnail","hentry"],"jetpack_sharing_enabled":true,"jetpack_likes_enabled":true,"jetpack-related-posts":[],"jetpack_shortlink":"https:\/\/wp.me\/PerFda-aQ6","_links":{"self":[{"href":"https:\/\/lsa-global.com\/pt\/wp-json\/wp\/v2\/pages\/41670","targetHints":{"allow":["GET"]}}],"collection":[{"href":"https:\/\/lsa-global.com\/pt\/wp-json\/wp\/v2\/pages"}],"about":[{"href":"https:\/\/lsa-global.com\/pt\/wp-json\/wp\/v2\/types\/page"}],"author":[{"embeddable":true,"href":"https:\/\/lsa-global.com\/pt\/wp-json\/wp\/v2\/users\/1"}],"replies":[{"embeddable":true,"href":"https:\/\/lsa-global.com\/pt\/wp-json\/wp\/v2\/comments?post=41670"}],"version-history":[{"count":0,"href":"https:\/\/lsa-global.com\/pt\/wp-json\/wp\/v2\/pages\/41670\/revisions"}],"wp:featuredmedia":[{"embeddable":true,"href":"https:\/\/lsa-global.com\/pt\/wp-json\/wp\/v2\/media\/41672"}],"wp:attachment":[{"href":"https:\/\/lsa-global.com\/pt\/wp-json\/wp\/v2\/media?parent=41670"}],"curies":[{"name":"wp","href":"https:\/\/api.w.org\/{rel}","templated":true}]}}