{"id":36414,"date":"2024-04-04T20:57:52","date_gmt":"2024-04-04T19:57:52","guid":{"rendered":"https:\/\/lsa-global.com\/login\/"},"modified":"2025-06-24T18:35:45","modified_gmt":"2025-06-24T17:35:45","slug":"politica-de-cookies-lsa-global","status":"publish","type":"page","link":"https:\/\/lsa-global.com\/pt\/politica-de-cookies-lsa-global\/","title":{"rendered":"Pol\u00edtica de cookies"},"content":{"rendered":"<div data-elementor-type=\"wp-page\" data-elementor-id=\"36414\" class=\"elementor elementor-36414\" data-elementor-post-type=\"page\">\n\t\t\t\t<div class=\"elementor-element elementor-element-200315b5 e-flex e-con-boxed e-con e-parent\" data-id=\"200315b5\" data-element_type=\"container\" data-e-type=\"container\">\n\t\t\t\t\t<div class=\"e-con-inner\">\n\t\t\t\t<div class=\"elementor-element elementor-element-30d9b183 elementor-widget elementor-widget-text-editor\" data-id=\"30d9b183\" data-element_type=\"widget\" data-e-type=\"widget\" data-widget_type=\"text-editor.default\">\n\t\t\t\t\t\t\t\t\t<div class=\"wp-block-image\">\n<figure class=\"aligncenter size-full\"><img fetchpriority=\"high\" decoding=\"async\" width=\"1024\" height=\"512\" data-attachment-id=\"36458\" data-permalink=\"https:\/\/lsa-global.com\/pt\/politica-de-cookies-lsa-global\/cookie-policy-2\/\" data-orig-file=\"https:\/\/i0.wp.com\/lsa-global.com\/wp-content\/uploads\/2024\/04\/cookie-policy.jpg?fit=1024%2C512&amp;ssl=1\" data-orig-size=\"1024,512\" data-comments-opened=\"0\" data-image-meta=\"{&quot;aperture&quot;:&quot;0&quot;,&quot;credit&quot;:&quot;&quot;,&quot;camera&quot;:&quot;&quot;,&quot;caption&quot;:&quot;&quot;,&quot;created_timestamp&quot;:&quot;0&quot;,&quot;copyright&quot;:&quot;&quot;,&quot;focal_length&quot;:&quot;0&quot;,&quot;iso&quot;:&quot;0&quot;,&quot;shutter_speed&quot;:&quot;0&quot;,&quot;title&quot;:&quot;&quot;,&quot;orientation&quot;:&quot;1&quot;}\" data-image-title=\"cookie-policy\" data-image-description=\"&lt;p&gt;Cookie policy&lt;\/p&gt;\" data-image-caption=\"\" data-large-file=\"https:\/\/i0.wp.com\/lsa-global.com\/wp-content\/uploads\/2024\/04\/cookie-policy.jpg?fit=1024%2C512&amp;ssl=1\" data-recalc-dims=\"1\" class=\"wp-image-36458\" src=\"https:\/\/i0.wp.com\/lsa-global.com\/wp-content\/uploads\/2024\/04\/cookie-policy.jpg?w=1280&#038;ssl=1\" alt=\"pol\u00edtica de cookies\" title=\"\" srcset=\"https:\/\/i0.wp.com\/lsa-global.com\/wp-content\/uploads\/2024\/04\/cookie-policy.jpg?w=1024&amp;ssl=1 1024w, https:\/\/i0.wp.com\/lsa-global.com\/wp-content\/uploads\/2024\/04\/cookie-policy.jpg?resize=300%2C150&amp;ssl=1 300w, https:\/\/i0.wp.com\/lsa-global.com\/wp-content\/uploads\/2024\/04\/cookie-policy.jpg?resize=150%2C75&amp;ssl=1 150w, https:\/\/i0.wp.com\/lsa-global.com\/wp-content\/uploads\/2024\/04\/cookie-policy.jpg?resize=768%2C384&amp;ssl=1 768w, https:\/\/i0.wp.com\/lsa-global.com\/wp-content\/uploads\/2024\/04\/cookie-policy.jpg?resize=370%2C185&amp;ssl=1 370w, https:\/\/i0.wp.com\/lsa-global.com\/wp-content\/uploads\/2024\/04\/cookie-policy.jpg?resize=760%2C380&amp;ssl=1 760w\" sizes=\"(max-width: 1024px) 100vw, 1024px\" \/><\/figure>\n<\/div>\n<p>Pol\u00edtica de Cookies<\/p>\n\n<p>Atualizado em 2024-04-06<\/p>\n\n<p>Pol\u00edtica de cookies: <strong>Defini\u00e7\u00f5es e termos-chave<\/strong><\/p>\n\n<p>Para ajudar a explicar as coisas da forma mais clara poss\u00edvel nesta Pol\u00edtica de Cookies, toda vez que qualquer um desses termos for referenciado, eles ser\u00e3o estritamente definidos como:<\/p>\n\n<p>\u00a0 -Cookie:\u00a0small amount of data generated by a website and saved by your web browser. It is used to identify your browser, provide analytics, remember information about you such as your language preference or login information.<\/p>\n\n<p>\u00a0 -Empresa: quando esta pol\u00edtica menciona \u201cEmpresa\u201d, \u201cn\u00f3s\u201d, \u201cnos\u201d ou \u201cnosso\u201d, ela se refere \u00e0 LSA.GLOBAL Language Service Academy, que \u00e9 respons\u00e1vel por suas informa\u00e7\u00f5es de acordo com esta Pol\u00edtica de Cookies.<\/p>\n\n<p>\u00a0 -Device:\u00a0any internet connected device such as a phone, tablet, computer or any other device that can be used to visit LSA.GLOBAL Language Service Academy and use the services.<\/p>\n\n<p>\u00a0 - Dados Pessoais: qualquer informa\u00e7\u00e3o que, direta, indiretamente ou em conex\u00e3o com outras informa\u00e7\u00f5es \u2014 incluindo um n\u00famero de identifica\u00e7\u00e3o pessoal \u2014 permita a identifica\u00e7\u00e3o ou identificabilidade de uma pessoa f\u00edsica.<\/p>\n\n<p>\u00a0 - Servi\u00e7o: refere-se ao servi\u00e7o fornecido pela LSA.GLOBAL Language Service Academy conforme descrito nos termos relativos (se dispon\u00edveis) e nesta plataforma.<\/p>\n\n<p>\u00a0 -Third-party service:\u00a0refers to advertisers, contest sponsors, promotional and marketing partners, and others who provide our content or whose products or services we think may interest you.<\/p>\n\n<p>\u00a0 -Site: site do LSA.GLOBAL Language Service Academy\u201d, que pode ser acessado por meio deste URL: lsaglobal-translate.co.uk<\/p>\n\n<p>\u00a0 -Voc\u00ea: uma pessoa ou entidade registrada no LSA.GLOBAL Language Service Academy para usar os Servi\u00e7os.<\/p>\n\n<p>Pol\u00edtica de cookies: <strong>Introdu\u00e7\u00e3o<\/strong><\/p>\n\n<p>Esta Pol\u00edtica de Cookies explica como a LSA.GLOBAL Language Service Academy e suas afiliadas (coletivamente \u201cLSA.GLOBAL Language Service Academy\u201d, \u201cn\u00f3s\u201d, \u201cnos\u201d e \u201cnossos\u201d) usam cookies e tecnologias semelhantes para reconhec\u00ea-lo quando voc\u00ea visita nosso site, incluindo, sem limita\u00e7\u00e3o, lsaglobal-translate.co.uk e quaisquer URLs relacionadas, vers\u00f5es m\u00f3veis ou localizadas e dom\u00ednios\/subdom\u00ednios relacionados (\u201cSites\u201d). Ela explica o que s\u00e3o essas tecnologias e por que as usamos, bem como as op\u00e7\u00f5es de como control\u00e1-las.<\/p>\n\n<p>O que \u00e9 um cookie?<\/p>\n\n<p>Um cookie \u00e9 um pequeno arquivo de texto que \u00e9 armazenado no seu computador ou outro dispositivo conectado \u00e0 internet para identificar seu navegador, fornecer an\u00e1lises, lembrar informa\u00e7\u00f5es sobre voc\u00ea, como sua prefer\u00eancia de idioma ou informa\u00e7\u00f5es de login. Eles s\u00e3o completamente seguros e n\u00e3o podem ser usados para executar programas ou entregar v\u00edrus ao seu dispositivo.<\/p>\n\n<p><strong>Por que usamos cookies?<\/strong><\/p>\n\n<p>Usamos cookies prim\u00e1rios e\/ou de terceiros em nosso site para v\u00e1rios prop\u00f3sitos, como:<\/p>\n\n<p>\u00a0 - Para facilitar a opera\u00e7\u00e3o e a funcionalidade do nosso site;<\/p>\n\n<p>\u00a0 - Para melhorar sua experi\u00eancia em nosso site e tornar a navega\u00e7\u00e3o por ele mais r\u00e1pida e f\u00e1cil;<\/p>\n\n<p>\u00a0 - Para nos permitir criar uma experi\u00eancia de usu\u00e1rio personalizada para voc\u00ea e para que possamos entender o que \u00e9 \u00fatil ou de seu interesse;<\/p>\n\n<p>\u00a0 - Analisar como nosso site \u00e9 utilizado e como podemos personaliz\u00e1-lo melhor;<\/p>\n\n<p>\u00a0 - Identificar clientes potenciais futuros e personalizar as intera\u00e7\u00f5es de marketing e vendas com eles;<\/p>\n\n<p>\u00a0 - Para facilitar a adapta\u00e7\u00e3o da publicidade online aos seus interesses.<\/p>\n\n<p>Que tipo de cookies o LSA.GLOBAL Language Service Academy usa?<\/p>\n\n<p>Os cookies podem ser cookies de sess\u00e3o ou cookies persistentes. Um cookie de sess\u00e3o expira automaticamente quando voc\u00ea fecha seu navegador. Um cookie persistente permanecer\u00e1 at\u00e9 que expire ou voc\u00ea exclua seus cookies. As datas de expira\u00e7\u00e3o s\u00e3o definidas nos pr\u00f3prios cookies; alguns podem expirar ap\u00f3s alguns minutos, enquanto outros podem expirar ap\u00f3s v\u00e1rios anos. Os cookies colocados pelo site que voc\u00ea est\u00e1 visitando s\u00e3o chamados de &quot;cookies prim\u00e1rios&quot;.<\/p>\n\n<p>Os cookies estritamente necess\u00e1rios s\u00e3o necess\u00e1rios para que o nosso site funcione e n\u00e3o podem ser desativados em nossos sistemas. Eles s\u00e3o essenciais para permitir que voc\u00ea navegue pelo site e use seus recursos. Se voc\u00ea remover ou desativar esses cookies, n\u00e3o podemos garantir que voc\u00ea poder\u00e1 usar nosso site.<\/p>\n\n<p>Utilizamos os seguintes tipos de cookies em nosso site:<\/p>\n\n<p><strong>Isen\u00e7\u00e3o de responsabilidade sobre erros e omiss\u00f5es<\/strong><\/p>\n\n<p>LSA.GLOBAL Language Service Academy n\u00e3o \u00e9 respons\u00e1vel por nenhum conte\u00fado, c\u00f3digo ou qualquer outra imprecis\u00e3o.<\/p>\n\n<p>LSA.GLOBAL Language Service Academy n\u00e3o fornece garantias.<\/p>\n\n<p>Em nenhuma hip\u00f3tese a LSA.GLOBAL Language Service Academy ser\u00e1 respons\u00e1vel por quaisquer danos especiais, diretos, indiretos, consequenciais ou incidentais ou quaisquer danos, seja em uma a\u00e7\u00e3o contratual, neglig\u00eancia ou outro ato il\u00edcito, decorrentes ou relacionados ao uso do Servi\u00e7o ou ao conte\u00fado do Servi\u00e7o. A LSA.GLOBAL Language Service Academy reserva-se o direito de fazer adi\u00e7\u00f5es, exclus\u00f5es ou modifica\u00e7\u00f5es no conte\u00fado do Servi\u00e7o a qualquer momento, sem aviso pr\u00e9vio.<\/p>\n\n<p><strong>Isen\u00e7\u00e3o de responsabilidade geral<\/strong><\/p>\n\n<p>O Servi\u00e7o LSA.GLOBAL Language Service Academy e seu conte\u00fado s\u00e3o fornecidos \u201ccomo est\u00e3o\u201d e \u201cconforme dispon\u00edveis\u201d, sem nenhuma garantia ou representa\u00e7\u00e3o de qualquer tipo, expressa ou impl\u00edcita. A LSA.GLOBAL Language Service Academy \u00e9 uma distribuidora e n\u00e3o uma editora do conte\u00fado fornecido por terceiros; como tal, a LSA.GLOBAL Language Service Academy n\u00e3o exerce nenhum controle editorial sobre tal conte\u00fado e n\u00e3o oferece nenhuma garantia ou representa\u00e7\u00e3o quanto \u00e0 precis\u00e3o, confiabilidade ou atualidade de qualquer informa\u00e7\u00e3o, conte\u00fado, servi\u00e7o ou mercadoria fornecida ou acess\u00edvel por meio do Servi\u00e7o LSA.GLOBAL Language Service Academy.<\/p>\n\n<p>Sem limitar o exposto acima, a LSA.GLOBAL Language Service Academy isenta-se especificamente de todas as garantias e representa\u00e7\u00f5es em qualquer conte\u00fado transmitido no ou em conex\u00e3o com o Servi\u00e7o LSA.GLOBAL Language Service Academy ou em sites que podem aparecer como links no Servi\u00e7o LSA.GLOBAL Language Service Academy, ou nos produtos fornecidos como parte ou de outra forma em conex\u00e3o com o Servi\u00e7o LSA.GLOBAL Language Service Academy, incluindo, sem limita\u00e7\u00e3o, quaisquer garantias de comercializa\u00e7\u00e3o, adequa\u00e7\u00e3o a uma finalidade espec\u00edfica ou n\u00e3o viola\u00e7\u00e3o de direitos de terceiros.<\/p>\n\n<p>Nenhum conselho oral ou informa\u00e7\u00e3o escrita dada pela LSA.GLOBAL Language Service Academy ou qualquer uma de suas afiliadas, funcion\u00e1rios, executivos, diretores, agentes ou similares criar\u00e1 uma garantia. As informa\u00e7\u00f5es de pre\u00e7o e disponibilidade est\u00e3o sujeitas a altera\u00e7\u00f5es sem aviso pr\u00e9vio. Sem limitar o acima exposto, a LSA.GLOBAL Language Service Academy n\u00e3o garante que o Servi\u00e7o LSA.GLOBAL Language Service Academy ser\u00e1 ininterrupto, n\u00e3o corrompido, pontual ou livre de erros.<\/p>\n\n<p><strong>Cookies essenciais<\/strong><\/p>\n\n<p>Usamos cookies essenciais para fazer nosso site funcionar. Esses cookies s\u00e3o estritamente necess\u00e1rios para habilitar funcionalidades essenciais, como seguran\u00e7a, gerenciamento de rede, suas prefer\u00eancias de cookies e acessibilidade. Sem eles, voc\u00ea n\u00e3o conseguiria usar servi\u00e7os b\u00e1sicos. Voc\u00ea pode desabilit\u00e1-los alterando as configura\u00e7\u00f5es do seu navegador, mas isso pode afetar o funcionamento dos sites.<\/p>\n\n<p>Cookies de desempenho e funcionalidade<\/p>\n\n<p>Esses cookies s\u00e3o usados para melhorar o desempenho e a funcionalidade do nosso site, mas n\u00e3o s\u00e3o essenciais para seu uso. No entanto, sem esses cookies, certas funcionalidades, como v\u00eddeos, podem ficar indispon\u00edveis ou voc\u00ea seria obrigado a inserir seus detalhes de login toda vez que visitar o site, pois n\u00e3o ser\u00edamos capazes de lembrar que voc\u00ea havia feito login anteriormente.<\/p>\n\n<p>Cookies de marketing<\/p>\n\n<p>Esses cookies de marketing baseados em contas nos permitem identificar clientes em potencial futuros e personalizar as intera\u00e7\u00f5es de vendas e marketing com eles.<\/p>\n\n<p><strong>Cookies de an\u00e1lise e personaliza\u00e7\u00e3o<\/strong><\/p>\n\n<p>Esses cookies coletam informa\u00e7\u00f5es que s\u00e3o usadas para nos ajudar a entender como nosso site est\u00e1 sendo usado ou qu\u00e3o eficazes s\u00e3o nossas campanhas de marketing, ou para nos ajudar a personalizar nosso site para voc\u00ea.<\/p>\n\n<p>We use cookies served by Google Analytics to collect limited data directly from end-user browsers to enable us to better understand your use of our website. Further information on how Google collects and uses this data can be found at:\u00a0https:\/\/www.google.com\/policies\/privacy\/partners\/. You can opt-out of all Google supported analytics on our Websites by visiting:\u00a0https:\/\/tools.google.com\/dlpage\/gaoptout.<\/p>\n\n<p>Cookies de publicidade<\/p>\n\n<p>Esses cookies coletam informa\u00e7\u00f5es ao longo do tempo sobre sua atividade online no site e outros servi\u00e7os online para tornar os an\u00fancios online mais relevantes e eficazes para voc\u00ea. Isso \u00e9 conhecido como publicidade baseada em interesses. Eles tamb\u00e9m desempenham fun\u00e7\u00f5es como impedir que o mesmo an\u00fancio reapare\u00e7a continuamente e garantir que os an\u00fancios sejam exibidos corretamente para os anunciantes. Sem cookies, \u00e9 muito dif\u00edcil para um anunciante atingir seu p\u00fablico ou saber quantos an\u00fancios foram exibidos e quantos cliques receberam.<\/p>\n\n<p><strong>Cookies de m\u00eddia social<\/strong><\/p>\n\n<p>Esses cookies s\u00e3o usados quando voc\u00ea compartilha informa\u00e7\u00f5es usando um bot\u00e3o de compartilhamento de m\u00eddia social ou bot\u00e3o &quot;curtir&quot; em nosso Site ou voc\u00ea vincula sua conta ou interage com nosso conte\u00fado em ou por meio de um site de rede social como Facebook, Twitter ou Google+. A rede social registrar\u00e1 que voc\u00ea fez isso. Esses cookies tamb\u00e9m podem incluir determinado c\u00f3digo que foi colocado na plataforma para ajudar a rastrear convers\u00f5es de an\u00fancios, otimizar an\u00fancios com base em dados coletados, criar p\u00fablicos-alvo segmentados para an\u00fancios futuros e fazer remarketing para usu\u00e1rios qualificados que j\u00e1 realizaram determinada a\u00e7\u00e3o na plataforma.<\/p>\n\n<p>Cookies de terceiros<\/p>\n\n<p>Alguns cookies que foram definidos em nosso site n\u00e3o s\u00e3o definidos em uma base de primeira parte pela LSA.GLOBAL Language Service Academy. Os sites podem ser incorporados com conte\u00fado de terceiros para veicular publicidade. Esses provedores de servi\u00e7os terceirizados podem definir seus pr\u00f3prios cookies em seu navegador da web. Os provedores de servi\u00e7os terceirizados controlam muitos dos cookies de desempenho e funcionalidade, publicidade, marketing e an\u00e1lise descritos acima. N\u00e3o controlamos o uso desses cookies de terceiros, pois os cookies s\u00f3 podem ser acessados pelo terceiro que os definiu originalmente.<\/p>\n\n<p>Como voc\u00ea pode gerenciar cookies?<\/p>\n\n<p>A maioria dos navegadores permite que voc\u00ea controle os cookies por meio de suas prefer\u00eancias de &#039;configura\u00e7\u00f5es&#039;. No entanto, se voc\u00ea limitar a capacidade dos sites de definir cookies, poder\u00e1 piorar sua experi\u00eancia geral de usu\u00e1rio, pois ela n\u00e3o ser\u00e1 mais personalizada para voc\u00ea. Tamb\u00e9m pode impedi-lo de salvar configura\u00e7\u00f5es personalizadas, como informa\u00e7\u00f5es de login. Os fabricantes de navegadores fornecem p\u00e1ginas de ajuda relacionadas ao gerenciamento de cookies em seus produtos.<\/p>\n\n<p>Os fabricantes de navegadores fornecem p\u00e1ginas de ajuda relacionadas ao gerenciamento de cookies em seus produtos. Veja abaixo para mais informa\u00e7\u00f5es.<\/p>\n\n<p>\u00a0 -Google Chrome<\/p>\n\n<p>\u00a0 -Internet Explorer<\/p>\n\n<p>\u00a0 -Mozilla Firefox<\/p>\n\n<p>\u00a0 -Safari (\u00c1rea de Trabalho)<\/p>\n\n<p>\u00a0 -Safari (Celular)<\/p>\n\n<p>\u00a0 -Navegador Android<\/p>\n\n<p>\u00a0 -\u00d3pera<\/p>\n\n<p>\u00a0 -\u00d3pera M\u00f3vel<\/p>\n\n<p>Bloqueio e desativa\u00e7\u00e3o de cookies e tecnologias semelhantes<\/p>\n\n<p>Onde quer que voc\u00ea esteja, voc\u00ea tamb\u00e9m pode configurar seu navegador para bloquear cookies e tecnologias semelhantes, mas essa a\u00e7\u00e3o pode bloquear nossos cookies essenciais e impedir que nosso site funcione corretamente, e voc\u00ea pode n\u00e3o conseguir utilizar totalmente todos os seus recursos e servi\u00e7os. Voc\u00ea tamb\u00e9m deve estar ciente de que tamb\u00e9m pode perder algumas informa\u00e7\u00f5es salvas (por exemplo, detalhes de login salvos, prefer\u00eancias do site) se bloquear cookies em seu navegador. Navegadores diferentes disponibilizam controles diferentes para voc\u00ea. Desabilitar um cookie ou categoria de cookie n\u00e3o exclui o cookie do seu navegador, voc\u00ea precisar\u00e1 fazer isso sozinho de dentro do seu navegador, voc\u00ea deve visitar o menu de ajuda do seu navegador para obter mais informa\u00e7\u00f5es.<\/p>\n\n<p><strong>Altera\u00e7\u00f5es em nossa pol\u00edtica de cookies<\/strong><\/p>\n\n<p>Podemos alterar nosso Servi\u00e7o e pol\u00edticas, e podemos precisar fazer altera\u00e7\u00f5es nesta Pol\u00edtica de Cookies para que elas reflitam com precis\u00e3o nosso Servi\u00e7o e pol\u00edticas. A menos que exigido de outra forma por lei, n\u00f3s o notificaremos (por exemplo, por meio de nosso Servi\u00e7o) antes de fazermos altera\u00e7\u00f5es nesta Pol\u00edtica de Cookies e lhe daremos uma oportunidade de revis\u00e1-las antes que entrem em vigor. Ent\u00e3o, se voc\u00ea continuar a usar o Servi\u00e7o, estar\u00e1 vinculado \u00e0 Pol\u00edtica de Cookies atualizada. Se voc\u00ea n\u00e3o quiser concordar com esta ou qualquer Pol\u00edtica de Cookies atualizada, voc\u00ea pode excluir sua conta.<\/p>\n\n<p>Seu Consentimento<\/p>\n\n<p>Ao usar nosso site, registrar uma conta ou fazer uma compra, voc\u00ea concorda com nossa Pol\u00edtica de Cookies e concorda com seus termos.<\/p>\n\n<p><strong>Contate-nos<\/strong><\/p>\n\n<p>N\u00e3o hesite em entrar em contato conosco se tiver alguma d\u00favida sobre nossa Pol\u00edtica de Cookies.<\/p>\n<p>United States of America:<\/p>\n<p>Office 91, 254 Chapman Rd, Suite 101-B, Newark, Delaware, 19702, USA,<\/p>\n<p>lsa-global.com<\/p>\n<p>contacts@lsa-global.com<\/p>\n<p>Office Phone: +1 3156 540 253<\/p>\n<p>ou<\/p>\n\n<p>\u00a0-Via Email:\u00a0 infos@lsaglobal-translate.co.uk<\/p>\n\n<p>\u00a0-Via Phone Number:\u00a0 07378461403<\/p>\n\n<p>\u00a0-Via this Link:\u00a0 lsaglobal-translate.co.uk<\/p>\n\n<p>\u00a0-Atrav\u00e9s deste endere\u00e7o: 182-184 High Street North East Ham London E6 2JA<\/p>\n\n<figure class=\"wp-block-image size-full\"><img fetchpriority=\"high\" decoding=\"async\" width=\"1024\" height=\"512\" data-attachment-id=\"36458\" data-permalink=\"https:\/\/lsa-global.com\/pt\/politica-de-cookies-lsa-global\/cookie-policy-2\/\" data-orig-file=\"https:\/\/i0.wp.com\/lsa-global.com\/wp-content\/uploads\/2024\/04\/cookie-policy.jpg?fit=1024%2C512&amp;ssl=1\" data-orig-size=\"1024,512\" data-comments-opened=\"0\" data-image-meta=\"{&quot;aperture&quot;:&quot;0&quot;,&quot;credit&quot;:&quot;&quot;,&quot;camera&quot;:&quot;&quot;,&quot;caption&quot;:&quot;&quot;,&quot;created_timestamp&quot;:&quot;0&quot;,&quot;copyright&quot;:&quot;&quot;,&quot;focal_length&quot;:&quot;0&quot;,&quot;iso&quot;:&quot;0&quot;,&quot;shutter_speed&quot;:&quot;0&quot;,&quot;title&quot;:&quot;&quot;,&quot;orientation&quot;:&quot;1&quot;}\" data-image-title=\"cookie-policy\" data-image-description=\"&lt;p&gt;Cookie policy&lt;\/p&gt;\" data-image-caption=\"\" data-large-file=\"https:\/\/i0.wp.com\/lsa-global.com\/wp-content\/uploads\/2024\/04\/cookie-policy.jpg?fit=1024%2C512&amp;ssl=1\" data-recalc-dims=\"1\" class=\"wp-image-36458\" src=\"https:\/\/i0.wp.com\/lsa-global.com\/wp-content\/uploads\/2024\/04\/cookie-policy.jpg?w=1280&#038;ssl=1\" alt=\"pol\u00edtica de cookies\" title=\"\" srcset=\"https:\/\/i0.wp.com\/lsa-global.com\/wp-content\/uploads\/2024\/04\/cookie-policy.jpg?w=1024&amp;ssl=1 1024w, https:\/\/i0.wp.com\/lsa-global.com\/wp-content\/uploads\/2024\/04\/cookie-policy.jpg?resize=300%2C150&amp;ssl=1 300w, https:\/\/i0.wp.com\/lsa-global.com\/wp-content\/uploads\/2024\/04\/cookie-policy.jpg?resize=150%2C75&amp;ssl=1 150w, https:\/\/i0.wp.com\/lsa-global.com\/wp-content\/uploads\/2024\/04\/cookie-policy.jpg?resize=768%2C384&amp;ssl=1 768w, https:\/\/i0.wp.com\/lsa-global.com\/wp-content\/uploads\/2024\/04\/cookie-policy.jpg?resize=370%2C185&amp;ssl=1 370w, https:\/\/i0.wp.com\/lsa-global.com\/wp-content\/uploads\/2024\/04\/cookie-policy.jpg?resize=760%2C380&amp;ssl=1 760w\" sizes=\"(max-width: 1024px) 100vw, 1024px\" \/><figcaption><\/figcaption><\/figure>\n\t\t\t\t\t\t\t\t<\/div>\n\t\t\t\t<div class=\"elementor-element elementor-element-df8d495 elementor-widget elementor-widget-heading\" data-id=\"df8d495\" data-element_type=\"widget\" data-e-type=\"widget\" data-widget_type=\"heading.default\">\n\t\t\t\t\t<h2 class=\"elementor-heading-title elementor-size-default\">Indo al\u00e9m<\/h2>\t\t\t\t<\/div>\n\t\t\t\t<div class=\"elementor-element elementor-element-06eb239 elementor-widget elementor-widget-text-editor\" data-id=\"06eb239\" data-element_type=\"widget\" data-e-type=\"widget\" data-widget_type=\"text-editor.default\">\n\t\t\t\t\t\t\t\t\t<h5><a href=\"https:\/\/lsa-global.com\/pt\/aprender-a-lingua-alema\/\"><span style=\"color: #ff0000;\">Curso de alem\u00e3o<\/span><\/a><\/h5>\t\t\t\t\t\t\t\t<\/div>\n\t\t\t\t<div class=\"elementor-element elementor-element-2cc24b5 elementor-widget elementor-widget-text-editor\" data-id=\"2cc24b5\" data-element_type=\"widget\" data-e-type=\"widget\" data-widget_type=\"text-editor.default\">\n\t\t\t\t\t\t\t\t\t<h5><a href=\"https:\/\/lsa-global.com\/pt\/aprender-a-lingua-alema\/\"><span style=\"color: #ff0000;\">Or\u00e7amento Gratuito<\/span><\/a><\/h5>\t\t\t\t\t\t\t\t<\/div>\n\t\t\t\t<div class=\"elementor-element elementor-element-d6c8b96 elementor-widget elementor-widget-text-editor\" data-id=\"d6c8b96\" data-element_type=\"widget\" data-e-type=\"widget\" data-widget_type=\"text-editor.default\">\n\t\t\t\t\t\t\t\t\t<h5><a href=\"https:\/\/lsaglobal-translate.co.uk\/services\/translation-services\/\" target=\"_blank\" rel=\"noopener\"><span style=\"color: #ff0000;\">Tradu\u00e7\u00e3o Pro.<\/span><\/a><\/h5>\t\t\t\t\t\t\t\t<\/div>\n\t\t\t\t\t<\/div>\n\t\t\t\t<\/div>\n\t\t\t\t<\/div>","protected":false},"excerpt":{"rendered":"<p>Cookie Policy Updated at 2024-04-06 Cookie Policy: Definitions and key terms To help explain things as clearly as possible in&hellip;<\/p>","protected":false},"author":1,"featured_media":36458,"parent":0,"menu_order":0,"comment_status":"closed","ping_status":"closed","template":"","meta":{"jetpack_post_was_ever_published":false,"footnotes":""},"class_list":["post-36414","page","type-page","status-publish","has-post-thumbnail","hentry"],"jetpack_sharing_enabled":true,"jetpack_likes_enabled":true,"jetpack-related-posts":[],"jetpack_shortlink":"https:\/\/wp.me\/PerFda-9tk","_links":{"self":[{"href":"https:\/\/lsa-global.com\/pt\/wp-json\/wp\/v2\/pages\/36414","targetHints":{"allow":["GET"]}}],"collection":[{"href":"https:\/\/lsa-global.com\/pt\/wp-json\/wp\/v2\/pages"}],"about":[{"href":"https:\/\/lsa-global.com\/pt\/wp-json\/wp\/v2\/types\/page"}],"author":[{"embeddable":true,"href":"https:\/\/lsa-global.com\/pt\/wp-json\/wp\/v2\/users\/1"}],"replies":[{"embeddable":true,"href":"https:\/\/lsa-global.com\/pt\/wp-json\/wp\/v2\/comments?post=36414"}],"version-history":[{"count":0,"href":"https:\/\/lsa-global.com\/pt\/wp-json\/wp\/v2\/pages\/36414\/revisions"}],"wp:featuredmedia":[{"embeddable":true,"href":"https:\/\/lsa-global.com\/pt\/wp-json\/wp\/v2\/media\/36458"}],"wp:attachment":[{"href":"https:\/\/lsa-global.com\/pt\/wp-json\/wp\/v2\/media?parent=36414"}],"curies":[{"name":"wp","href":"https:\/\/api.w.org\/{rel}","templated":true}]}}