{"id":3525,"date":"2022-08-27T09:44:57","date_gmt":"2022-08-27T09:44:57","guid":{"rendered":"https:\/\/lsa-global.com\/?page_id=3525"},"modified":"2025-04-25T12:09:49","modified_gmt":"2025-04-25T11:09:49","slug":"servicos-profissionais-de-redacao","status":"publish","type":"page","link":"https:\/\/lsa-global.com\/pt\/servicos-profissionais-de-redacao\/","title":{"rendered":"SERVI\u00c7OS PROFISSIONAIS DE REDA\u00c7\u00c3O"},"content":{"rendered":"<div data-elementor-type=\"wp-page\" data-elementor-id=\"3525\" class=\"elementor elementor-3525\" data-elementor-post-type=\"page\">\n\t\t\t\t<div class=\"elementor-element elementor-element-3aaba105 e-flex e-con-boxed e-con e-parent\" data-id=\"3aaba105\" data-element_type=\"container\" data-e-type=\"container\">\n\t\t\t\t\t<div class=\"e-con-inner\">\n\t\t\t\t<div class=\"elementor-element elementor-element-8af65ab elementor-widget elementor-widget-image\" data-id=\"8af65ab\" data-element_type=\"widget\" data-e-type=\"widget\" data-widget_type=\"image.default\">\n\t\t\t\t\t\t\t\t\t\t\t\t\t\t\t<img fetchpriority=\"high\" decoding=\"async\" data-attachment-id=\"29200\" data-permalink=\"https:\/\/lsa-global.com\/professional-copywriting-services\/photo-by-mailchimp\/\" data-orig-file=\"https:\/\/i0.wp.com\/lsa-global.com\/wp-content\/uploads\/2023\/07\/lax4e6gl06s.jpg?fit=960%2C1200&amp;ssl=1\" data-orig-size=\"960,1200\" data-comments-opened=\"0\" data-image-meta=\"{&quot;aperture&quot;:&quot;0&quot;,&quot;credit&quot;:&quot;&quot;,&quot;camera&quot;:&quot;&quot;,&quot;caption&quot;:&quot;&quot;,&quot;created_timestamp&quot;:&quot;0&quot;,&quot;copyright&quot;:&quot;&quot;,&quot;focal_length&quot;:&quot;0&quot;,&quot;iso&quot;:&quot;0&quot;,&quot;shutter_speed&quot;:&quot;0&quot;,&quot;title&quot;:&quot;&quot;,&quot;orientation&quot;:&quot;0&quot;}\" data-image-title=\"Professional Copywriting Services\" data-image-description=\"\" data-image-caption=\"\" data-large-file=\"https:\/\/i0.wp.com\/lsa-global.com\/wp-content\/uploads\/2023\/07\/lax4e6gl06s.jpg?fit=819%2C1024&amp;ssl=1\" width=\"240\" height=\"300\" src=\"https:\/\/i0.wp.com\/lsa-global.com\/wp-content\/uploads\/2023\/07\/lax4e6gl06s.jpg?fit=240%2C300&amp;ssl=1\" class=\"attachment-medium size-medium wp-image-29200\" alt=\"Servi\u00e7os profissionais de reda\u00e7\u00e3o\" srcset=\"https:\/\/i0.wp.com\/lsa-global.com\/wp-content\/uploads\/2023\/07\/lax4e6gl06s.jpg?w=960&amp;ssl=1 960w, https:\/\/i0.wp.com\/lsa-global.com\/wp-content\/uploads\/2023\/07\/lax4e6gl06s.jpg?resize=240%2C300&amp;ssl=1 240w, https:\/\/i0.wp.com\/lsa-global.com\/wp-content\/uploads\/2023\/07\/lax4e6gl06s.jpg?resize=819%2C1024&amp;ssl=1 819w, https:\/\/i0.wp.com\/lsa-global.com\/wp-content\/uploads\/2023\/07\/lax4e6gl06s.jpg?resize=768%2C960&amp;ssl=1 768w, https:\/\/i0.wp.com\/lsa-global.com\/wp-content\/uploads\/2023\/07\/lax4e6gl06s.jpg?resize=370%2C463&amp;ssl=1 370w, https:\/\/i0.wp.com\/lsa-global.com\/wp-content\/uploads\/2023\/07\/lax4e6gl06s.jpg?resize=760%2C950&amp;ssl=1 760w\" sizes=\"(max-width: 240px) 100vw, 240px\" title=\"\">\t\t\t\t\t\t\t\t\t\t\t\t\t\t\t<\/div>\n\t\t\t\t\t<\/div>\n\t\t\t\t<\/div>\n\t\t<div class=\"elementor-element elementor-element-dfe6f6b e-flex e-con-boxed e-con e-parent\" data-id=\"dfe6f6b\" data-element_type=\"container\" data-e-type=\"container\">\n\t\t\t\t\t<div class=\"e-con-inner\">\n\t\t\t\t<div class=\"elementor-element elementor-element-b88ff39 elementor-widget elementor-widget-heading\" data-id=\"b88ff39\" data-element_type=\"widget\" data-e-type=\"widget\" data-widget_type=\"heading.default\">\n\t\t\t\t\t<h2 class=\"elementor-heading-title elementor-size-default\">Servi\u00e7os profissionais de reda\u00e7\u00e3o<\/h2>\t\t\t\t<\/div>\n\t\t\t\t\t<\/div>\n\t\t\t\t<\/div>\n\t\t<div class=\"elementor-element elementor-element-c912546 e-flex e-con-boxed e-con e-parent\" data-id=\"c912546\" data-element_type=\"container\" data-e-type=\"container\">\n\t\t\t\t\t<div class=\"e-con-inner\">\n\t\t\t\t<div class=\"elementor-element elementor-element-f44716f elementor-widget elementor-widget-text-editor\" data-id=\"f44716f\" data-element_type=\"widget\" data-e-type=\"widget\" data-widget_type=\"text-editor.default\">\n\t\t\t\t\t\t\t\t\t<p>Se voc\u00ea tem algo a dizer, podemos escrever sua mensagem de uma maneira criativa e eficaz que ir\u00e1 capturar seu mercado, usando nossa experi\u00eancia e conhecimento. A equipe da Writing Sense combina ampla experi\u00eancia em escrita e marketing para produzir c\u00f3pias originais e criativas para qualquer t\u00f3pico ou nicho.<\/p>\n<p>Temos os recursos para criar uma landing page simples, escrever um site completo ou construir uma grande rede de SEO que exija conte\u00fado em massa. Uma equipe separada verifica todas as c\u00f3pias quanto \u00e0 exclusividade e as revisa para garantir os mais altos padr\u00f5es por meio de um rigoroso processo de controle de qualidade.<\/p>\n<p>Voc\u00ea precisa de c\u00f3pias em outros idiomas al\u00e9m do ingl\u00eas?<\/p>\n<p>Por favor, informe-nos sobre nosso grupo de escritores qualificados em v\u00e1rios idiomas, incluindo russo, alem\u00e3o, italiano e muito mais.<\/p>\n<p>Por que voc\u00ea deve nos escolher?<\/p>\n<p>Tenho mais de 15 anos de experi\u00eancia.<\/p>\n<p>LSA GLOBAL produz todo o trabalho como original 100%.<\/p>\n<p>N\u00f3s garantimos a qualidade do nosso trabalho.<\/p>\n<p>Oferecemos servi\u00e7os profissionais de reda\u00e7\u00e3o e edi\u00e7\u00e3o.<\/p>\n<p>LSA GLOBAL proporciona tempos de resposta r\u00e1pidos.<\/p>\n<p>Garantimos que nosso conte\u00fado seja otimizado para SEO.<\/p>\n<p>A LSA GLOBAL tem ampla experi\u00eancia em marketing.<\/p>\n<p>Oferecemos servi\u00e7os de classe mundial.<\/p>\t\t\t\t\t\t\t\t<\/div>\n\t\t\t\t<div class=\"elementor-element elementor-element-572d20d elementor-widget elementor-widget-heading\" data-id=\"572d20d\" data-element_type=\"widget\" data-e-type=\"widget\" data-widget_type=\"heading.default\">\n\t\t\t\t\t<h3 class=\"elementor-heading-title elementor-size-default\">OUTROS ASPECTOS DA REDA\u00c7\u00c3O<\/h3>\t\t\t\t<\/div>\n\t\t\t\t<div class=\"elementor-element elementor-element-eaacaf0 elementor-widget elementor-widget-heading\" data-id=\"eaacaf0\" data-element_type=\"widget\" data-e-type=\"widget\" data-widget_type=\"heading.default\">\n\t\t\t\t\t<h3 class=\"elementor-heading-title elementor-size-default\">o-que-significa-copywriting&quot; <\/h3>\t\t\t\t<\/div>\n\t\t\t\t<div class=\"elementor-element elementor-element-e653048 elementor-widget elementor-widget-text-editor\" data-id=\"e653048\" data-element_type=\"widget\" data-e-type=\"widget\" data-widget_type=\"text-editor.default\">\n\t\t\t\t\t\t\t\t\t<p>O redator tem como objetivo levar o leitor a tomar uma decis\u00e3o, fazer uma compra ou realizar outra a\u00e7\u00e3o por meio de conte\u00fado de qualidade. De fato, o texto desempenha um papel muito importante, seja um spot publicit\u00e1rio ou conte\u00fado online. Um discurso apropriado \u00e9 necess\u00e1rio para que as imagens mais sensacionais na publicidade televisiva tenham o efeito desejado.<\/p>\n<p>O marketing originou o conceito de copywriting, que diz respeito \u00e0 escrita profissional de textos publicit\u00e1rios. Claro, \u201cedi\u00e7\u00e3o\u201d corresponde a \u201cescrita\u201d, com \u201ctexto\u201d sendo designado como \u201cc\u00f3pia\u201d na linguagem da publica\u00e7\u00e3o, jornalismo e publicidade. Em franc\u00eas, \u201ceditor advertising\u201d ou \u201cdesigner-editor\u201d \u00e9 dado.<\/p>\n<p><strong><span style=\"color: #000000;\">Perceber<\/span><\/strong><br \/>O copywriting tem como objetivo atrair aten\u00e7\u00e3o, despertar interesse, estimular desejos e incitar a\u00e7\u00f5es. Diferentes m\u00e9todos de copywriting podem atingir isso dependendo dos grupos-alvo.<\/p>\t\t\t\t\t\t\t\t<\/div>\n\t\t\t\t<div class=\"elementor-element elementor-element-790ab59 elementor-widget elementor-widget-heading\" data-id=\"790ab59\" data-element_type=\"widget\" data-e-type=\"widget\" data-widget_type=\"heading.default\">\n\t\t\t\t\t<h3 class=\"elementor-heading-title elementor-size-default\">um redator escreve<\/h3>\t\t\t\t<\/div>\n\t\t\t\t<div class=\"elementor-element elementor-element-b64ba85 elementor-widget elementor-widget-text-editor\" data-id=\"b64ba85\" data-element_type=\"widget\" data-e-type=\"widget\" data-widget_type=\"text-editor.default\">\n\t\t\t\t\t\t\t\t\t<p>Os redatores podem escrever um ou mais textos para uma \u00fanica campanha, dependendo do tipo de produto ou servi\u00e7o que voc\u00ea deseja promover. Voc\u00ea deve determinar o conte\u00fado, o tom e o p\u00fablico-alvo apropriados. Garantir uma boa coer\u00eancia de toda a mensagem, textos e gr\u00e1ficos combinados tamb\u00e9m \u00e9 necess\u00e1rio. O redator deve demonstrar criatividade e disposi\u00e7\u00e3o para se interessar por um campo que ele pode n\u00e3o necessariamente conhecer. De fato, dependendo do produto ou servi\u00e7o, \u00e9 preciso saber como adotar o tom necess\u00e1rio, que pode variar de s\u00e9rio a bem-humorado.<\/p>\t\t\t\t\t\t\t\t<\/div>\n\t\t\t\t<div class=\"elementor-element elementor-element-a01a430 elementor-widget elementor-widget-heading\" data-id=\"a01a430\" data-element_type=\"widget\" data-e-type=\"widget\" data-widget_type=\"heading.default\">\n\t\t\t\t\t<h3 class=\"elementor-heading-title elementor-size-default\">como-posso-me-tornar-um-bom-redator<\/h3>\t\t\t\t<\/div>\n\t\t\t\t<div class=\"elementor-element elementor-element-48ad830 elementor-widget elementor-widget-text-editor\" data-id=\"48ad830\" data-element_type=\"widget\" data-e-type=\"widget\" data-widget_type=\"text-editor.default\">\n\t\t\t\t\t\t\t\t\t<p>Treinamento espec\u00edfico n\u00e3o \u00e9 necessariamente necess\u00e1rio para uma posi\u00e7\u00e3o de redator. Muitas pessoas receberam treinamento &quot;no trabalho&quot; em ag\u00eancias. No entanto, seguir um treinamento para reda\u00e7\u00e3o \u00e9 vantajoso de muitos pontos de vista. O treinamento lhe ensinar\u00e1 como pensar estrategicamente, como encontrar ideias e, claro, como dominar os fundamentos necess\u00e1rios, como em ci\u00eancia da computa\u00e7\u00e3o. Al\u00e9m disso, o treinamento de trabalho-estudo fornece experi\u00eancia de campo insubstitu\u00edvel. O redator se beneficiar\u00e1 de ter as seguintes habilidades e capacidades, independentemente de sua forma\u00e7\u00e3o.<\/p>\n<p>Ter boa flu\u00eancia lingu\u00edstica. Eu demonstro criatividade e fantasia. Deve possuir amplo conhecimento geral. Deve ter curiosidade. Deve estar pronto para aprender. Ser capaz de fazer pesquisas.<\/p>\t\t\t\t\t\t\t\t<\/div>\n\t\t\t\t\t<\/div>\n\t\t\t\t<\/div>\n\t\t<div class=\"elementor-element elementor-element-7e25bd8 e-flex e-con-boxed e-con e-parent\" data-id=\"7e25bd8\" data-element_type=\"container\" data-e-type=\"container\">\n\t\t\t\t\t<div class=\"e-con-inner\">\n\t\t\t\t<div class=\"elementor-element elementor-element-071772f elementor-widget elementor-widget-heading\" data-id=\"071772f\" data-element_type=\"widget\" data-e-type=\"widget\" data-widget_type=\"heading.default\">\n\t\t\t\t\t<h3 class=\"elementor-heading-title elementor-size-default\">como desencadear uma a\u00e7\u00e3o<\/h3>\t\t\t\t<\/div>\n\t\t\t\t<div class=\"elementor-element elementor-element-21420eb elementor-widget elementor-widget-text-editor\" data-id=\"21420eb\" data-element_type=\"widget\" data-e-type=\"widget\" data-widget_type=\"text-editor.default\">\n\t\t\t\t\t\t\t\t\t<p>A efic\u00e1cia de um redator \u00e9 medida pelo n\u00famero de a\u00e7\u00f5es desencadeadas pela campanha de marketing (falamos sobre taxa de convers\u00e3o). Para desencadear explicitamente uma a\u00e7\u00e3o em um consumidor potencial, escreveremos uma frase como \u201cPe\u00e7a agora\u201d ou \u201cVisite nossa loja online\u201d. Essas s\u00e3o chamadas para a\u00e7\u00e3o (CTA, call to action). Preste aten\u00e7\u00e3o aos tr\u00eas pontos a seguir para desencadear uma rea\u00e7\u00e3o do leitor:<\/p>\n<p>Voc\u00ea precisa definir com anteced\u00eancia quem voc\u00ea quer atingir com seu conte\u00fado e abordar ativamente seu p\u00fablico-alvo.<br \/>Voc\u00ea tem que convencer o destinat\u00e1rio do produto ou servi\u00e7o destacando sua vantagem \u00fanica, em ingl\u00eas sua USP (unique selling proposal). Ao mesmo tempo, isso responde \u00e0 pergunta sobre o que diferencia o produto ou servi\u00e7o da concorr\u00eancia.<\/p>\n<p>Para o leitor, executar uma a\u00e7\u00e3o deve ser o mais simples poss\u00edvel. Se voc\u00ea quer que o leitor assista a um v\u00eddeo do produto, voc\u00ea tem que ativamente solicit\u00e1-lo a faz\u00ea-lo: \u201cClique no v\u00eddeo para descobrir os recursos exclusivos do produto\u201d.<\/p>\n<p><strong><span style=\"color: #000000;\">Conselho<\/span><\/strong><br \/>Clientes satisfeitos podem fornecer recomenda\u00e7\u00f5es ou depoimentos, o que aumentar\u00e1 sua credibilidade.<\/p>\t\t\t\t\t\t\t\t<\/div>\n\t\t\t\t<div class=\"elementor-element elementor-element-1985047 elementor-widget elementor-widget-heading\" data-id=\"1985047\" data-element_type=\"widget\" data-e-type=\"widget\" data-widget_type=\"heading.default\">\n\t\t\t\t\t<h3 class=\"elementor-heading-title elementor-size-default\">quais-s\u00e3o-os-tipos-de-copywriting<\/h3>\t\t\t\t<\/div>\n\t\t\t\t<div class=\"elementor-element elementor-element-5ef4cac elementor-widget elementor-widget-text-editor\" data-id=\"5ef4cac\" data-element_type=\"widget\" data-e-type=\"widget\" data-widget_type=\"text-editor.default\">\n\t\t\t\t\t\t\t\t\t<p>No total, h\u00e1 27 milh\u00f5es de pe\u00e7as de conte\u00fado online compartilhadas por dia (estat\u00edsticas de 2016). Ent\u00e3o, como garantimos que a mensagem publicit\u00e1ria que transmitimos n\u00e3o se perca nessa massa de informa\u00e7\u00f5es? As empresas est\u00e3o cada vez mais recorrendo a redatores especialistas para obter melhores coloca\u00e7\u00f5es nas pesquisas do Google, para expandir sua base de clientes e, finalmente, para se promoverem como uma marca com conte\u00fado altamente individualizado que entrega valor agregado. Existem diferentes tipos de reda\u00e7\u00e3o, dependendo dos objetivos. Aqui est\u00e3o os principais.<\/p>\t\t\t\t\t\t\t\t<\/div>\n\t\t\t\t<div class=\"elementor-element elementor-element-4e81041 elementor-widget elementor-widget-heading\" data-id=\"4e81041\" data-element_type=\"widget\" data-e-type=\"widget\" data-widget_type=\"heading.default\">\n\t\t\t\t\t<h3 class=\"elementor-heading-title elementor-size-default\">Eu escrevo textos de SEO para fins de SEO<\/h3>\t\t\t\t<\/div>\n\t\t\t\t<div class=\"elementor-element elementor-element-4653aea elementor-widget elementor-widget-text-editor\" data-id=\"4653aea\" data-element_type=\"widget\" data-e-type=\"widget\" data-widget_type=\"text-editor.default\">\n\t\t\t\t\t\t\t\t\t<p>Escrever conte\u00fado otimizado para mecanismos de busca utiliza palavras-chave que ajudam a obter uma boa coloca\u00e7\u00e3o nas buscas do Google, independentemente de o texto ser primariamente publicit\u00e1rio ou informativo. Incluir as palavras-chave correspondentes ao produto de forma eficaz \u00e9 a principal preocupa\u00e7\u00e3o nos textos. Usar essas palavras-chave para definir claramente o tema da p\u00e1gina n\u00e3o \u00e9 mais uma quest\u00e3o de multiplicar seu uso. Nesse contexto, o marketing de conte\u00fado tem enfatizado cada vez mais a import\u00e2ncia do conte\u00fado informativo dos textos de otimiza\u00e7\u00e3o. O redator deve se adaptar a todos esses desenvolvimentos, que cada vez mais exigem que ele escreva textos de um determinado tamanho.<\/p>\n<p><strong><span style=\"color: #000000;\">Conselho<\/span><\/strong><br \/>Nosso guia fornece dez dicas para otimizar seu conte\u00fado para mecanismos de busca.<\/p>\t\t\t\t\t\t\t\t<\/div>\n\t\t\t\t<div class=\"elementor-element elementor-element-c6822b9 elementor-widget elementor-widget-heading\" data-id=\"c6822b9\" data-element_type=\"widget\" data-e-type=\"widget\" data-widget_type=\"heading.default\">\n\t\t\t\t\t<h3 class=\"elementor-heading-title elementor-size-default\">escrever-c\u00f3pia-para-incentivar-compras<\/h3>\t\t\t\t<\/div>\n\t\t\t\t<div class=\"elementor-element elementor-element-3893b77 elementor-widget elementor-widget-text-editor\" data-id=\"3893b77\" data-element_type=\"widget\" data-e-type=\"widget\" data-widget_type=\"text-editor.default\">\n\t\t\t\t\t\t\t\t\t<p>O redator enfrenta o desafio de convencer o leitor das qualidades de um produto ou servi\u00e7o e, finalmente, incentiv\u00e1-lo a comprar por meio de copywriting de incentivo \u00e0 compra. Fazer isso \u00e9 mais f\u00e1cil dizer do que fazer. Especialistas em marketing geralmente possuem habilidades criativas e conhecimento profundo, que s\u00e3o essenciais al\u00e9m de um estilo convincente. Recomendamos a seguinte estrat\u00e9gia para desencadear o ato de compra do leitor.<\/p>\n<p>Por favor, direcione sua mensagem claramente ao alvo e dirija-se a ele diretamente.<\/p>\n<p>Identifique o problema que o produto ou servi\u00e7o resolve. O cliente potencial deve apresentar o problema de forma colorida e envolvente para despertar interesse e inspirar confian\u00e7a.<\/p>\n<p>Explique por que ningu\u00e9m realmente havia resolvido o problema antes.<\/p>\n<p>Conte como voc\u00ea descobriu que realmente poderia resolver o problema.<\/p>\n<p>Ent\u00e3o voc\u00ea deve dizer ao leitor como ele tamb\u00e9m pode obter o produto ou servi\u00e7o e assim resolver seu problema.<\/p>\t\t\t\t\t\t\t\t<\/div>\n\t\t\t\t\t<\/div>\n\t\t\t\t<\/div>\n\t\t<div class=\"elementor-element elementor-element-1a2cf00 e-flex e-con-boxed e-con e-parent\" data-id=\"1a2cf00\" data-element_type=\"container\" data-e-type=\"container\">\n\t\t\t\t\t<div class=\"e-con-inner\">\n\t\t\t\t<div class=\"elementor-element elementor-element-c4912f4 elementor-widget elementor-widget-heading\" data-id=\"c4912f4\" data-element_type=\"widget\" data-e-type=\"widget\" data-widget_type=\"heading.default\">\n\t\t\t\t\t<h3 class=\"elementor-heading-title elementor-size-default\">Eu escrevo textos t\u00e9cnicos<\/h3>\t\t\t\t<\/div>\n\t\t\t\t<div class=\"elementor-element elementor-element-048ce3b elementor-widget elementor-widget-text-editor\" data-id=\"048ce3b\" data-element_type=\"widget\" data-e-type=\"widget\" data-widget_type=\"text-editor.default\">\n\t\t\t\t\t\t\t\t\t<p>Reda\u00e7\u00e3o t\u00e9cnica refere-se ao ato de escrever textos que focam em um tema ou setor espec\u00edfico e exigem conhecimento t\u00e9cnico genu\u00edno. O objetivo \u00e9 agregar valor ao leitor fornecendo conhecimento t\u00e9cnico. Redatores profissionais geralmente n\u00e3o s\u00e3o redatores t\u00e9cnicos, mas especialistas em sua \u00e1rea. De fato, confiar a reda\u00e7\u00e3o de um texto sobre a titula\u00e7\u00e3o de \u00e1cido clor\u00eddrico a um qu\u00edmico \u00e9 melhor do que confi\u00e1-lo a um anunciante. O editor enfrenta o desafio de direcionar textos para especialistas. Os conte\u00fados devem ser factualmente precisos e detalhados. Redatores t\u00e9cnicos podem escrever contribui\u00e7\u00f5es, como blogs, artigos de revistas ou manuais do usu\u00e1rio, al\u00e9m de conte\u00fado publicit\u00e1rio.<\/p>\t\t\t\t\t\t\t\t<\/div>\n\t\t\t\t<div class=\"elementor-element elementor-element-817e488 elementor-widget elementor-widget-heading\" data-id=\"817e488\" data-element_type=\"widget\" data-e-type=\"widget\" data-widget_type=\"heading.default\">\n\t\t\t\t\t<h3 class=\"elementor-heading-title elementor-size-default\">Eu escrevo-conte\u00fado-c\u00f3pias<\/h3>\t\t\t\t<\/div>\n\t\t\t\t<div class=\"elementor-element elementor-element-fd7decf elementor-widget elementor-widget-text-editor\" data-id=\"fd7decf\" data-element_type=\"widget\" data-e-type=\"widget\" data-widget_type=\"text-editor.default\">\n\t\t\t\t\t\t\t\t\t<p>Os redatores de conte\u00fado criam conte\u00fado para sites, com foco em um t\u00f3pico espec\u00edfico. Os sites fornecem aos usu\u00e1rios informa\u00e7\u00f5es sobre esses assuntos e os mant\u00eam informados sobre as \u00faltimas not\u00edcias. Como redatores de conte\u00fado, frequentemente escrevemos artigos que explicam como fazer as coisas, acompanhando os usu\u00e1rios passo a passo. Ao compor textos, \u00e9 importante criar conte\u00fado atraente e interessante. De fato, podemos esperar que um cliente em potencial decida comprar se achar uma contribui\u00e7\u00e3o divertida e informativa.<\/p>\n<p>\u00a0<\/p>\t\t\t\t\t\t\t\t<\/div>\n\t\t\t\t<div class=\"elementor-element elementor-element-8bb855e elementor-widget elementor-widget-heading\" data-id=\"8bb855e\" data-element_type=\"widget\" data-e-type=\"widget\" data-widget_type=\"heading.default\">\n\t\t\t\t\t<h3 class=\"elementor-heading-title elementor-size-default\">Eu me envolvo em reda\u00e7\u00e3o criativa<\/h3>\t\t\t\t<\/div>\n\t\t\t\t<div class=\"elementor-element elementor-element-919255c elementor-widget elementor-widget-text-editor\" data-id=\"919255c\" data-element_type=\"widget\" data-e-type=\"widget\" data-widget_type=\"text-editor.default\">\n\t\t\t\t\t\t\t\t\t<p>Bons escritores criativos escolhem um tema e discutem produtos ou servi\u00e7os espec\u00edficos em suas contribui\u00e7\u00f5es. A reda\u00e7\u00e3o criativa se aproxima da reda\u00e7\u00e3o de incentivo \u00e0 compra porque ambas visam convencer clientes em potencial das qualidades de um produto ou servi\u00e7o. Grandes redatores criativos geralmente geram slogans para empresas, criam manchetes e desenvolvem conceitos. Uma forma\u00e7\u00e3o em marketing \u00e9 comum entre muitos escritores criativos, enquanto outros possuem um talento natural para apresentar um t\u00f3pico de forma atraente.<\/p>\t\t\t\t\t\t\t\t<\/div>\n\t\t\t\t\t<\/div>\n\t\t\t\t<\/div>\n\t\t<div class=\"elementor-element elementor-element-3609ca8 e-flex e-con-boxed e-con e-parent\" data-id=\"3609ca8\" data-element_type=\"container\" data-e-type=\"container\">\n\t\t\t\t\t<div class=\"e-con-inner\">\n\t\t\t\t<div class=\"elementor-element elementor-element-b64a06b elementor-widget elementor-widget-heading\" data-id=\"b64a06b\" data-element_type=\"widget\" data-e-type=\"widget\" data-widget_type=\"heading.default\">\n\t\t\t\t\t<h3 class=\"elementor-heading-title elementor-size-default\">para resumir<\/h3>\t\t\t\t<\/div>\n\t\t\t\t<div class=\"elementor-element elementor-element-5e07ee1 elementor-widget elementor-widget-text-editor\" data-id=\"5e07ee1\" data-element_type=\"widget\" data-e-type=\"widget\" data-widget_type=\"text-editor.default\">\n\t\t\t\t\t\t\t\t\t<p>Os redatores transmitem mensagens claras que permitem que um an\u00fancio se destaque da multid\u00e3o e n\u00e3o se misture com a multid\u00e3o, seja na m\u00eddia impressa, na televis\u00e3o, no r\u00e1dio ou na Internet. Os redatores vivenciam diferentes dias de trabalho. Ele escreve um discurso publicit\u00e1rio ou imagina um slogan um dia; ele escreve um texto para um v\u00eddeo de demonstra\u00e7\u00e3o no dia seguinte. No final, as rea\u00e7\u00f5es que ele desencadeou medem o sucesso de seu trabalho.<\/p>\t\t\t\t\t\t\t\t<\/div>\n\t\t\t\t<div class=\"elementor-element elementor-element-1d45493 elementor-widget elementor-widget-heading\" data-id=\"1d45493\" data-element_type=\"widget\" data-e-type=\"widget\" data-widget_type=\"heading.default\">\n\t\t\t\t\t<h3 class=\"elementor-heading-title elementor-size-default\">Indo al\u00e9m<\/h3>\t\t\t\t<\/div>\n\t\t\t\t<div class=\"elementor-element elementor-element-185a9ef elementor-widget elementor-widget-text-editor\" data-id=\"185a9ef\" data-element_type=\"widget\" data-e-type=\"widget\" data-widget_type=\"text-editor.default\">\n\t\t\t\t\t\t\t\t\t<h5><span style=\"color: #000000;\"><a style=\"color: #000000;\" href=\"https:\/\/lsaglobal-translate.co.uk\/services\/translation-services\/\" target=\"_blank\" rel=\"noopener\">Tradu\u00e7\u00e3o Pro.<\/a><\/span><\/h5>\t\t\t\t\t\t\t\t<\/div>\n\t\t\t\t<div class=\"elementor-element elementor-element-2c4a82d elementor-widget elementor-widget-text-editor\" data-id=\"2c4a82d\" data-element_type=\"widget\" data-e-type=\"widget\" data-widget_type=\"text-editor.default\">\n\t\t\t\t\t\t\t\t\t<h5><a href=\"https:\/\/lsa-global.com\/pt\/precos-e-termos-de-traducao\/\"><span style=\"color: #ff0000;\"><span style=\"color: #000000;\">Planos de pre\u00e7os e mais<\/span><\/span><\/a><\/h5>\t\t\t\t\t\t\t\t<\/div>\n\t\t\t\t<div class=\"elementor-element elementor-element-de280f4 elementor-widget elementor-widget-text-editor\" data-id=\"de280f4\" data-element_type=\"widget\" data-e-type=\"widget\" data-widget_type=\"text-editor.default\">\n\t\t\t\t\t\t\t\t\t<h5><span style=\"color: #000000;\"><a style=\"color: #000000;\" href=\"https:\/\/lsa-global.com\/pt\/aprender-a-lingua-alema\/\">Or\u00e7amento Gratuito<\/a><\/span><\/h5>\t\t\t\t\t\t\t\t<\/div>\n\t\t\t\t\t<\/div>\n\t\t\t\t<\/div>\n\t\t\t\t<\/div>","protected":false},"excerpt":{"rendered":"<p>Professional Copywriting Services If you have something to say, we can write your message in a creative and effective manner&hellip;<\/p>","protected":false},"author":1,"featured_media":29200,"parent":0,"menu_order":0,"comment_status":"closed","ping_status":"closed","template":"","meta":{"jetpack_post_was_ever_published":false,"footnotes":""},"class_list":["post-3525","page","type-page","status-publish","has-post-thumbnail","hentry"],"jetpack_sharing_enabled":true,"jetpack_likes_enabled":true,"jetpack-related-posts":[],"jetpack_shortlink":"https:\/\/wp.me\/PerFda-UR","_links":{"self":[{"href":"https:\/\/lsa-global.com\/pt\/wp-json\/wp\/v2\/pages\/3525","targetHints":{"allow":["GET"]}}],"collection":[{"href":"https:\/\/lsa-global.com\/pt\/wp-json\/wp\/v2\/pages"}],"about":[{"href":"https:\/\/lsa-global.com\/pt\/wp-json\/wp\/v2\/types\/page"}],"author":[{"embeddable":true,"href":"https:\/\/lsa-global.com\/pt\/wp-json\/wp\/v2\/users\/1"}],"replies":[{"embeddable":true,"href":"https:\/\/lsa-global.com\/pt\/wp-json\/wp\/v2\/comments?post=3525"}],"version-history":[{"count":0,"href":"https:\/\/lsa-global.com\/pt\/wp-json\/wp\/v2\/pages\/3525\/revisions"}],"wp:featuredmedia":[{"embeddable":true,"href":"https:\/\/lsa-global.com\/pt\/wp-json\/wp\/v2\/media\/29200"}],"wp:attachment":[{"href":"https:\/\/lsa-global.com\/pt\/wp-json\/wp\/v2\/media?parent=3525"}],"curies":[{"name":"wp","href":"https:\/\/api.w.org\/{rel}","templated":true}]}}