{"id":3521,"date":"2022-08-27T09:43:51","date_gmt":"2022-08-27T09:43:51","guid":{"rendered":"https:\/\/lsa-global.com\/?page_id=3521"},"modified":"2025-08-20T19:43:01","modified_gmt":"2025-08-20T18:43:01","slug":"locucoes","status":"publish","type":"page","link":"https:\/\/lsa-global.com\/pt\/locucoes\/","title":{"rendered":"NARRA\u00c7\u00d5ES"},"content":{"rendered":"<div data-elementor-type=\"wp-page\" data-elementor-id=\"3521\" class=\"elementor elementor-3521\" data-elementor-post-type=\"page\">\n\t\t\t\t<div class=\"elementor-element elementor-element-6bc7151f e-flex e-con-boxed e-con e-parent\" data-id=\"6bc7151f\" data-element_type=\"container\" data-e-type=\"container\">\n\t\t\t\t\t<div class=\"e-con-inner\">\n\t\t\t\t<div class=\"elementor-element elementor-element-52bccad elementor-widget elementor-widget-image\" data-id=\"52bccad\" data-element_type=\"widget\" data-e-type=\"widget\" data-widget_type=\"image.default\">\n\t\t\t\t\t\t\t\t\t\t\t\t\t\t\t<img fetchpriority=\"high\" decoding=\"async\" data-attachment-id=\"32412\" data-permalink=\"https:\/\/lsa-global.com\/voice-overs\/voice-over\/\" data-orig-file=\"https:\/\/i0.wp.com\/lsa-global.com\/wp-content\/uploads\/2023\/12\/Voice-over.jpg?fit=275%2C183&amp;ssl=1\" data-orig-size=\"275,183\" data-comments-opened=\"0\" data-image-meta=\"{&quot;aperture&quot;:&quot;0&quot;,&quot;credit&quot;:&quot;&quot;,&quot;camera&quot;:&quot;&quot;,&quot;caption&quot;:&quot;&quot;,&quot;created_timestamp&quot;:&quot;0&quot;,&quot;copyright&quot;:&quot;&quot;,&quot;focal_length&quot;:&quot;0&quot;,&quot;iso&quot;:&quot;0&quot;,&quot;shutter_speed&quot;:&quot;0&quot;,&quot;title&quot;:&quot;&quot;,&quot;orientation&quot;:&quot;0&quot;}\" data-image-title=\"Voice-over\" data-image-description=\"&lt;p&gt;Voice-over&lt;\/p&gt;\" data-image-caption=\"\" data-large-file=\"https:\/\/i0.wp.com\/lsa-global.com\/wp-content\/uploads\/2023\/12\/Voice-over.jpg?fit=275%2C183&amp;ssl=1\" width=\"275\" height=\"183\" src=\"https:\/\/i0.wp.com\/lsa-global.com\/wp-content\/uploads\/2023\/12\/Voice-over.jpg?fit=275%2C183&amp;ssl=1\" class=\"attachment-medium size-medium wp-image-32412\" alt=\"Voice-over\" title=\"\">\t\t\t\t\t\t\t\t\t\t\t\t\t\t\t<\/div>\n\t\t\t\t<div class=\"elementor-element elementor-element-b6cbef1 elementor-widget elementor-widget-heading\" data-id=\"b6cbef1\" data-element_type=\"widget\" data-e-type=\"widget\" data-widget_type=\"heading.default\">\n\t\t\t\t\t<h3 class=\"elementor-heading-title elementor-size-default\">Narra\u00e7\u00e3o<\/h3>\t\t\t\t<\/div>\n\t\t\t\t<div class=\"elementor-element elementor-element-0aacf8a elementor-widget elementor-widget-heading\" data-id=\"0aacf8a\" data-element_type=\"widget\" data-e-type=\"widget\" data-widget_type=\"heading.default\">\n\t\t\t\t\t<h6 class=\"elementor-heading-title elementor-size-default\">Uma mensagem e uma voz.<\/h6>\t\t\t\t<\/div>\n\t\t\t\t<div class=\"elementor-element elementor-element-72dce4e elementor-widget elementor-widget-text-editor\" data-id=\"72dce4e\" data-element_type=\"widget\" data-e-type=\"widget\" data-widget_type=\"text-editor.default\">\n\t\t\t\t\t\t\t\t\t<p><span style=\"color: #ff0000;\">Acreditamos que cada iniciativa tem uma voz. \u00c9 por isso que fazemos quest\u00e3o de selecionar o melhor dublador para cada mensagem e hist\u00f3ria. Isso \u00e9 verdade, seja a narra\u00e7\u00e3o para eLearning, an\u00fancios, secret\u00e1rias eletr\u00f4nicas, v\u00eddeos ou jogos de computador, e independentemente de qual dos mais de 150 idiomas oferecemos. Temos dubladores incr\u00edveis em todo o mundo, ent\u00e3o voc\u00ea pode descobrir a voz perfeita para o seu neg\u00f3cio.<\/span><\/p>\n<p><span style=\"color: #ff0000;\">A VoiceArchive \u00e9 especializada em locu\u00e7\u00f5es e tem mais de 20 anos de experi\u00eancia na ind\u00fastria. Quando trabalhamos com voc\u00ea para encontrar a voz perfeita, focamos na mensagem, no grupo-alvo e na empresa para que voc\u00ea tenha o som adequado na primeira vez.<\/span><\/p>\t\t\t\t\t\t\t\t<\/div>\n\t\t\t\t<div class=\"elementor-element elementor-element-38c8a41 elementor-widget elementor-widget-heading\" data-id=\"38c8a41\" data-element_type=\"widget\" data-e-type=\"widget\" data-widget_type=\"heading.default\">\n\t\t\t\t\t<h3 class=\"elementor-heading-title elementor-size-default\">Por que voc\u00ea precisa de uma narra\u00e7\u00e3o?<\/h3>\t\t\t\t<\/div>\n\t\t\t\t<div class=\"elementor-element elementor-element-b870670 elementor-widget elementor-widget-text-editor\" data-id=\"b870670\" data-element_type=\"widget\" data-e-type=\"widget\" data-widget_type=\"text-editor.default\">\n\t\t\t\t\t\t\t\t\t<p>Hoje, uma das formas mais bem-sucedidas para as empresas atingirem seu p\u00fablico-alvo \u00e9 por meio de conte\u00fado em v\u00eddeo. No entanto, o que \u00e9 exibido na tela raramente \u00e9 suficiente para garantir que a mensagem seja entendida pelo destinat\u00e1rio. Nesse caso, usar a narra\u00e7\u00e3o pode ser ben\u00e9fico tanto na tela quanto fora dela\u2026<\/p>\n<p>Em videogames, com o aumento e a melhoria da experi\u00eancia de jogo em v\u00eddeos de e-learning para garantir uma melhor compreens\u00e3o do que \u00e9 ensinado em v\u00eddeos, filmes e document\u00e1rios para melhorar a narrativa em videogames, expandindo e melhorando a experi\u00eancia de jogo.<\/p>\n<p>Mas ter uma voz \u00e9 uma coisa; ter a voz correta \u00e9 outra. Se seu material for entregue de forma envolvente, ele deixar\u00e1 uma impress\u00e3o duradoura em seu p\u00fablico-alvo e tornar\u00e1 mais simples para eles lembrarem de sua mensagem e da marca por tr\u00e1s dela. Como resultado, \u00e9 essencial para o engajamento. Podemos localizar a voz ideal para sua produ\u00e7\u00e3o, n\u00e3o importa o estilo de narrador ou dublador que voc\u00ea precise.<\/p>\n<p>Continuaremos a ajudar voc\u00ea depois de encontrarmos a voz ou vozes certas para voc\u00ea. Isso abrange, por exemplo, consultoria, elenco\/audi\u00e7\u00f5es, produ\u00e7\u00e3o, p\u00f3s-produ\u00e7\u00e3o de \u00e1udio e entrega de arquivo, garantindo qualidade de alto n\u00edvel. Tamb\u00e9m podemos ajudar com dublagem, substitui\u00e7\u00e3o automatizada de di\u00e1logos e explica\u00e7\u00e3o de \u00e1udio, dando a voc\u00ea uma ampla gama de possibilidades para narra\u00e7\u00e3o.<\/p>\t\t\t\t\t\t\t\t<\/div>\n\t\t\t\t<div class=\"elementor-element elementor-element-db8c3f4 elementor-widget elementor-widget-heading\" data-id=\"db8c3f4\" data-element_type=\"widget\" data-e-type=\"widget\" data-widget_type=\"heading.default\">\n\t\t\t\t\t<h3 class=\"elementor-heading-title elementor-size-default\">Colabora\u00e7\u00e3o com nossos dubladores<\/h3>\t\t\t\t<\/div>\n\t\t\t\t<div class=\"elementor-element elementor-element-eb30bb8 elementor-widget elementor-widget-text-editor\" data-id=\"eb30bb8\" data-element_type=\"widget\" data-e-type=\"widget\" data-widget_type=\"text-editor.default\">\n\t\t\t\t\t\t\t\t\t<p style=\"font-family: Helvetica, serif; font-size: 16px; font-weight: 400; font-style: normal;\"><span style=\"color: #ff0000;\">Nosso prop\u00f3sito \u00e9 fornecer aos nossos clientes locu\u00e7\u00f5es de alta qualidade a um pre\u00e7o razo\u00e1vel. No entanto, para fazer isso, nossos dubladores devem ter as circunst\u00e2ncias e ferramentas de trabalho adequadas. Isso implica, entre outras coisas\u2026<\/span><\/p><p style=\"box-sizing: border-box; margin: 0em 0px 1em; padding: 0px; font-family: Helvetica, serif; font-size: 16px; line-height: inherit; font-weight: 400; font-style: normal; outline: 0px; overflow-wrap: break-word; color: #3f354d; font-variant-ligatures: normal; font-variant-caps: normal; letter-spacing: normal; orphans: 2; text-align: start; text-indent: 0px; text-transform: none; widows: 2; word-spacing: 0px; -webkit-text-stroke-width: 0px; white-space: normal; background-color: #ffffff;\"><span style=\"color: #ff0000;\">N\u00e3o cobramos nenhuma taxa dos artistas para estarem em nosso banco de dados, como \u00e9 costume no setor.<\/span><br style=\"box-sizing: border-box; margin: 0px; padding: 0px;\" \/><span style=\"color: #ff0000;\">Ao oferecer pre\u00e7os fixos ou pre\u00e7os pr\u00f3prios, voc\u00ea pode garantir pre\u00e7os competitivos e justos para compradores e artistas.<\/span><br style=\"box-sizing: border-box; margin: 0px; padding: 0px;\" \/><span style=\"color: #ff0000;\">Auxiliar na garantia da qualidade do som e do projeto para que sempre seja dada alta qualidade<\/span><br style=\"box-sizing: border-box; margin: 0px; padding: 0px;\" \/><span style=\"color: #ff0000;\">Isso nos permite manter nossa qualidade de lideran\u00e7a no setor, ao mesmo tempo em que entregamos projetos de forma mais r\u00e1pida e barata, al\u00e9m de fornecer seguran\u00e7a para nossos clientes e artistas.<\/span>.<\/p>\t\t\t\t\t\t\t\t<\/div>\n\t\t\t\t<div class=\"elementor-element elementor-element-e81193b elementor-widget elementor-widget-heading\" data-id=\"e81193b\" data-element_type=\"widget\" data-e-type=\"widget\" data-widget_type=\"heading.default\">\n\t\t\t\t\t<h3 class=\"elementor-heading-title elementor-size-default\">Servi\u00e7os de P\u00f3s-Produ\u00e7\u00e3o e Mixagem<\/h3>\t\t\t\t<\/div>\n\t\t\t\t<div class=\"elementor-element elementor-element-16db476 elementor-widget elementor-widget-text-editor\" data-id=\"16db476\" data-element_type=\"widget\" data-e-type=\"widget\" data-widget_type=\"text-editor.default\">\n\t\t\t\t\t\t\t\t\t<p style=\"font-family: Helvetica, serif; font-size: 16px; font-weight: 400; font-style: normal;\"><span style=\"color: #ff0000;\">H\u00e1 uma distin\u00e7\u00e3o entre mixar som para um cinema, um document\u00e1rio de r\u00e1dio, um comercial de televis\u00e3o e um v\u00eddeo do YouTube. H\u00e1 uma diferen\u00e7a enorme, por exemplo, entre se o som deve ser claro nos fones de ouvido do seu smartphone ou em um cinema que usa Dolby Surround. Todas as plataformas e apresentadores podem ter seus discursos, locu\u00e7\u00f5es e grava\u00e7\u00f5es de \u00e1udio modificados e adaptados.<\/span><\/p><p style=\"font-family: Helvetica, serif; font-size: 16px; font-weight: 400; font-style: normal;\"><span style=\"color: #ff0000;\">Podemos adaptar nossos produtos aos padr\u00f5es locais e globais de arquivos de \u00e1udio para todas as formas de m\u00eddia. Al\u00e9m disso, ajudaremos voc\u00ea a atender a todos os crit\u00e9rios t\u00e9cnicos aplic\u00e1veis, independentemente de onde no mundo ou em qual meio voc\u00ea precisa que ele seja entregue.<\/span><\/p><p style=\"margin-top: 0em; margin-bottom: 1em; font-family: Helvetica, serif; font-size: 16px; font-weight: 400; font-style: normal;\"><span style=\"color: #ff0000;\">Edi\u00e7\u00e3o que \u00e9 tanto t\u00e9cnica quanto pr\u00e1tica<\/span><br \/><span style=\"color: #ff0000;\">Edi\u00e7\u00e3o para fins t\u00e9cnicos<\/span><br \/><span style=\"color: #ff0000;\">Limpeza de \u00e1udio de estalos de boca, plosivas e respira\u00e7\u00e3o<\/span><br \/><span style=\"color: #ff0000;\">Alterando o volume e a equaliza\u00e7\u00e3o para tornar o arquivo mais f\u00e1cil de trabalhar na p\u00f3s-produ\u00e7\u00e3o.<\/span><br \/><span style=\"color: #ff0000;\">Altere o volume e a equaliza\u00e7\u00e3o dependendo do meio e da plataforma que voc\u00ea deseja usar.<\/span><br \/><span style=\"color: #ff0000;\">Grandes produ\u00e7\u00f5es exigem separa\u00e7\u00e3o e nomea\u00e7\u00e3o de arquivos.<\/span><br \/><span style=\"color: #ff0000;\">Convers\u00e3o de Formatos<\/span><br \/><span style=\"color: #ff0000;\">Tempo e sincroniza\u00e7\u00e3o<\/span><\/p>\t\t\t\t\t\t\t\t<\/div>\n\t\t\t\t<div class=\"elementor-element elementor-element-dac0b04 elementor-widget elementor-widget-heading\" data-id=\"dac0b04\" data-element_type=\"widget\" data-e-type=\"widget\" data-widget_type=\"heading.default\">\n\t\t\t\t\t<h3 class=\"elementor-heading-title elementor-size-default\">Indo al\u00e9m<\/h3>\t\t\t\t<\/div>\n\t\t\t\t<div class=\"elementor-element elementor-element-b49bcf2 elementor-widget elementor-widget-text-editor\" data-id=\"b49bcf2\" data-element_type=\"widget\" data-e-type=\"widget\" data-widget_type=\"text-editor.default\">\n\t\t\t\t\t\t\t\t\t<h5><a href=\"https:\/\/lsaglobal-translate.co.uk\/services\/translation-services\/\" target=\"_blank\" rel=\"noopener\"><span style=\"color: #ff0000;\">Tradu\u00e7\u00e3o Pro.<\/span><\/a><\/h5>\t\t\t\t\t\t\t\t<\/div>\n\t\t\t\t<div class=\"elementor-element elementor-element-6afe994 elementor-widget elementor-widget-text-editor\" data-id=\"6afe994\" data-element_type=\"widget\" data-e-type=\"widget\" data-widget_type=\"text-editor.default\">\n\t\t\t\t\t\t\t\t\t<h5><a href=\"https:\/\/lsa-global.com\/pt\/precos-e-termos-de-traducao\/\"><span style=\"color: #ff0000;\">Planos de pre\u00e7os e mais<\/span><\/a><\/h5>\t\t\t\t\t\t\t\t<\/div>\n\t\t\t\t<div class=\"elementor-element elementor-element-836d139 elementor-widget elementor-widget-text-editor\" data-id=\"836d139\" data-element_type=\"widget\" data-e-type=\"widget\" data-widget_type=\"text-editor.default\">\n\t\t\t\t\t\t\t\t\t<h5><a href=\"https:\/\/lsa-global.com\/pt\/aprender-a-lingua-alema\/\"><span style=\"color: #ff0000;\">Or\u00e7amento Gratuito<\/span><\/a><\/h5>\t\t\t\t\t\t\t\t<\/div>\n\t\t\t\t\t<\/div>\n\t\t\t\t<\/div>\n\t\t\t\t<\/div>","protected":false},"excerpt":{"rendered":"<p>Voice-Over One message and one voice. We think that every initiative has a voice. That is why we make it&hellip;<\/p>","protected":false},"author":1,"featured_media":32412,"parent":0,"menu_order":0,"comment_status":"closed","ping_status":"closed","template":"","meta":{"jetpack_post_was_ever_published":false,"footnotes":""},"class_list":["post-3521","page","type-page","status-publish","has-post-thumbnail","hentry"],"jetpack_sharing_enabled":true,"jetpack_likes_enabled":true,"jetpack-related-posts":[],"jetpack_shortlink":"https:\/\/wp.me\/PerFda-UN","_links":{"self":[{"href":"https:\/\/lsa-global.com\/pt\/wp-json\/wp\/v2\/pages\/3521","targetHints":{"allow":["GET"]}}],"collection":[{"href":"https:\/\/lsa-global.com\/pt\/wp-json\/wp\/v2\/pages"}],"about":[{"href":"https:\/\/lsa-global.com\/pt\/wp-json\/wp\/v2\/types\/page"}],"author":[{"embeddable":true,"href":"https:\/\/lsa-global.com\/pt\/wp-json\/wp\/v2\/users\/1"}],"replies":[{"embeddable":true,"href":"https:\/\/lsa-global.com\/pt\/wp-json\/wp\/v2\/comments?post=3521"}],"version-history":[{"count":0,"href":"https:\/\/lsa-global.com\/pt\/wp-json\/wp\/v2\/pages\/3521\/revisions"}],"wp:featuredmedia":[{"embeddable":true,"href":"https:\/\/lsa-global.com\/pt\/wp-json\/wp\/v2\/media\/32412"}],"wp:attachment":[{"href":"https:\/\/lsa-global.com\/pt\/wp-json\/wp\/v2\/media?parent=3521"}],"curies":[{"name":"wp","href":"https:\/\/api.w.org\/{rel}","templated":true}]}}