{"id":32514,"date":"2023-12-21T20:27:20","date_gmt":"2023-12-21T19:27:20","guid":{"rendered":"https:\/\/lsa-global.com\/?page_id=32514"},"modified":"2025-04-02T16:58:34","modified_gmt":"2025-04-02T15:58:34","slug":"torne-se-um-professor-lsa-global","status":"publish","type":"page","link":"https:\/\/lsa-global.com\/pt\/torne-se-um-professor-lsa-global\/","title":{"rendered":"Torne-se um professor"},"content":{"rendered":"<div data-elementor-type=\"wp-page\" data-elementor-id=\"32514\" class=\"elementor elementor-32514\" data-elementor-post-type=\"page\">\n\t\t\t\t<div class=\"elementor-element elementor-element-148dcccd e-flex e-con-boxed e-con e-parent\" data-id=\"148dcccd\" data-element_type=\"container\" data-e-type=\"container\">\n\t\t\t\t\t<div class=\"e-con-inner\">\n\t\t\t\t<div class=\"elementor-element elementor-element-8bc1245 elementor-widget elementor-widget-heading\" data-id=\"8bc1245\" data-element_type=\"widget\" data-e-type=\"widget\" data-widget_type=\"heading.default\">\n\t\t\t\t\t<h2 class=\"elementor-heading-title elementor-size-default\">Torne-se um professor: preencha o formul\u00e1rio.<\/h2>\t\t\t\t<\/div>\n\t\t\t\t<div class=\"elementor-element elementor-element-606f3d75 elementor-widget elementor-widget-text-editor\" data-id=\"606f3d75\" data-element_type=\"widget\" data-e-type=\"widget\" data-widget_type=\"text-editor.default\">\n\t\t\t\t\t\t\t\t\t<div class=\"wp-block-image\">\n<figure class=\"aligncenter size-full is-resized\"><img fetchpriority=\"high\" decoding=\"async\" width=\"612\" height=\"408\" data-attachment-id=\"2987\" data-permalink=\"https:\/\/lsa-global.com\/pt\/istockphoto-1279092857-612x612\/\" data-orig-file=\"https:\/\/i0.wp.com\/lsa-global.com\/wp-content\/uploads\/2022\/08\/istockphoto-1279092857-612x612-2.jpg?fit=612%2C408&amp;ssl=1\" data-orig-size=\"612,408\" data-comments-opened=\"1\" data-image-meta=\"{&quot;aperture&quot;:&quot;0&quot;,&quot;credit&quot;:&quot;Getty Images&quot;,&quot;camera&quot;:&quot;&quot;,&quot;caption&quot;:&quot;young business woman student teacher tutor wear wireless headset video conference calling on laptop computer talk by webcam learn teach in online chat, distance webinar online teaching concept&quot;,&quot;created_timestamp&quot;:&quot;0&quot;,&quot;copyright&quot;:&quot;&quot;,&quot;focal_length&quot;:&quot;0&quot;,&quot;iso&quot;:&quot;0&quot;,&quot;shutter_speed&quot;:&quot;0&quot;,&quot;title&quot;:&quot;&quot;,&quot;orientation&quot;:&quot;0&quot;}\" data-image-title=\"\" data-image-description=\"\" data-image-caption=\"\" data-large-file=\"https:\/\/i0.wp.com\/lsa-global.com\/wp-content\/uploads\/2022\/08\/istockphoto-1279092857-612x612-2.jpg?fit=612%2C408&amp;ssl=1\" data-recalc-dims=\"1\" class=\"wp-image-2987\" style=\"width: 712px; height: auto;\" src=\"https:\/\/i0.wp.com\/lsa-global.com\/wp-content\/uploads\/2022\/08\/istockphoto-1279092857-612x612-2.jpg?w=1280&#038;ssl=1\" alt=\"Torne-se nosso instrutor\" title=\"\" srcset=\"https:\/\/i0.wp.com\/lsa-global.com\/wp-content\/uploads\/2022\/08\/istockphoto-1279092857-612x612-2.jpg?w=612&amp;ssl=1 612w, https:\/\/i0.wp.com\/lsa-global.com\/wp-content\/uploads\/2022\/08\/istockphoto-1279092857-612x612-2.jpg?resize=600%2C400&amp;ssl=1 600w, https:\/\/i0.wp.com\/lsa-global.com\/wp-content\/uploads\/2022\/08\/istockphoto-1279092857-612x612-2.jpg?resize=300%2C200&amp;ssl=1 300w, https:\/\/i0.wp.com\/lsa-global.com\/wp-content\/uploads\/2022\/08\/istockphoto-1279092857-612x612-2.jpg?resize=370%2C247&amp;ssl=1 370w\" sizes=\"(max-width: 612px) 100vw, 612px\" \/><\/figure>\n<\/div>\n<p>\u00a0<\/p>\n\t\t\t\t\t\t\t\t<\/div>\n\t\t\t\t<div class=\"elementor-element elementor-element-3c0a6aa sc_fly_static elementor-widget elementor-widget-learnpress_become_a_teacher\" data-id=\"3c0a6aa\" data-element_type=\"widget\" data-e-type=\"widget\" data-widget_type=\"learnpress_become_a_teacher.default\">\n\t\t\t\t<div class=\"elementor-widget-container\">\n\t\t\t\t\t<div class=\"learnpress\">\r\n\t\t\t\t\t\t\t\t\t<div class=\"learn-press-message success\" >\r\n\t\t\t\t Please <strong><a href=\"https:\/\/lsa-global.com\/pt\/centro-estudantil\/\">Conecte-se<\/a><\/strong> to send your request!\t\t\t<\/div>\r\n\r\n\t\t\r\n\t\r\n<\/div>\t\t\t\t<\/div>\n\t\t\t\t<\/div>\n\t\t\t\t<div class=\"elementor-element elementor-element-33ee116 elementor-widget elementor-widget-heading\" data-id=\"33ee116\" data-element_type=\"widget\" data-e-type=\"widget\" data-widget_type=\"heading.default\">\n\t\t\t\t\t<h4 class=\"elementor-heading-title elementor-size-default\">Pr\u00e9-requisitos para ensinar na maioria das disciplinas.<\/h4>\t\t\t\t<\/div>\n\t\t\t\t\t<\/div>\n\t\t\t\t<\/div>\n\t\t<div class=\"elementor-element elementor-element-fa44a7c e-flex e-con-boxed e-con e-parent\" data-id=\"fa44a7c\" data-element_type=\"container\" data-e-type=\"container\">\n\t\t\t\t\t<div class=\"e-con-inner\">\n\t\t<div class=\"elementor-element elementor-element-4bf742f e-con-full e-flex e-con e-child\" data-id=\"4bf742f\" data-element_type=\"container\" data-e-type=\"container\">\n\t\t\t\t<div class=\"elementor-element elementor-element-7ed5865 elementor-widget elementor-widget-text-editor\" data-id=\"7ed5865\" data-element_type=\"widget\" data-e-type=\"widget\" data-widget_type=\"text-editor.default\">\n\t\t\t\t\t\t\t\t\t<h6><span style=\"color: #000080; font-weight: normal;\">Torne-se um professor.<\/span><\/h6>\n<p><span style=\"font-size: 16px;\">Avaliando a adequa\u00e7\u00e3o para uma Carreira de Ensino Ilustra\u00e7\u00e3o de um professor interagindo com um aluno. Uma profiss\u00e3o em educa\u00e7\u00e3o pode oferecer tanto gratifica\u00e7\u00e3o quanto complexidade. Educadores competentes t\u00eam uma influ\u00eancia significativa na vida de jovens indiv\u00edduos regularmente.&nbsp;<\/span><\/p><p><span style=\"font-size: 16px;\">Os educadores transmitem n\u00e3o apenas aptid\u00e3o escolar aos seus alunos, mas tamb\u00e9m instilam conduta adequada, ensinam habilidades interpessoais eficazes e cultivam uma forte \u00e9tica de trabalho para atingir objetivos. Se voc\u00ea aspira seguir uma profiss\u00e3o que lhe permita contribuir ativamente para a sociedade e ter um impacto tang\u00edvel no mundo, ent\u00e3o o campo do ensino pode valer a pena ser considerado.<\/span><\/p>\n<p><!-- \/wp:paragraph --><!-- wp:paragraph --><\/p>\n<p>Muitas pessoas que seguem uma carreira em educa\u00e7\u00e3o vivenciam jornadas profissionais longas e satisfat\u00f3rias, enquanto h\u00e1 algumas que abandonam o campo prematuramente em busca de emprego alternativo devido a v\u00e1rias causas. Antes de investir seu tempo e esfor\u00e7o na obten\u00e7\u00e3o da certifica\u00e7\u00e3o e da educa\u00e7\u00e3o necess\u00e1ria para garantir uma carreira de ensino, \u00e9 crucial garantir que voc\u00ea possua as qualifica\u00e7\u00f5es adequadas para o trabalho e que o trabalho esteja alinhado com sua adequa\u00e7\u00e3o pessoal.<\/p>\n<p><!-- \/wp:paragraph --><!-- wp:paragraph --><\/p>\n<p><\/p>\t\t\t\t\t\t\t\t<\/div>\n\t\t\t\t<\/div>\n\t\t<div class=\"elementor-element elementor-element-9a400a5 e-con-full e-flex e-con e-child\" data-id=\"9a400a5\" data-element_type=\"container\" data-e-type=\"container\">\n\t\t\t\t<div class=\"elementor-element elementor-element-70423e1 elementor-widget elementor-widget-text-editor\" data-id=\"70423e1\" data-element_type=\"widget\" data-e-type=\"widget\" data-widget_type=\"text-editor.default\">\n\t\t\t\t\t\t\t\t\t<p>Os professores interagem com indiv\u00edduos de v\u00e1rias faixas et\u00e1rias, crian\u00e7as ou adultos, dentro de ambientes educacionais, como salas de aula ou outros ambientes de aprendizagem.<\/p>\n<p>\u00a0Os ambientes educacionais abrangem v\u00e1rias op\u00e7\u00f5es, como escolas p\u00fablicas ou privadas, escolas charter ou magnet, escolas internacionais ou escolas espec\u00edficas de idiomas para pessoas que n\u00e3o falam ingl\u00eas, tanto em contextos nacionais quanto internacionais. Instrutores de ensino fundamental, m\u00e9dio e superior t\u00eam um impacto crucial no desenvolvimento e nas perspectivas das crian\u00e7as, fornecendo instru\u00e7\u00f5es em disciplinas acad\u00eamicas como artes da linguagem e aritm\u00e9tica, bem como transmitindo qualidades pessoais como comportamento e disciplina.\u00a0<\/p>\n<p><span style=\"font-size: 16px;\">Os professores devem possuir um profundo conhecimento de sua \u00e1rea de especializa\u00e7\u00e3o e ter a habilidade de transmitir seus conhecimentos com profici\u00eancia aos outros.\u00a0<\/span><span style=\"font-size: 16px;\">Um dos mais\u00a0<\/span><span style=\"font-size: 16px;\">qualidades importantes de um bom professor \u00e9 o amor pelo aprendizado. Os professores devem\u00a0<\/span><span style=\"font-size: 16px;\">nunca pare de aprender coisas novas, pois eles podem transmitir esse conhecimento aos seus\u00a0<\/span><span style=\"font-size: 16px;\">alunos. A aprendizagem tamb\u00e9m ajuda os professores a se manterem atualizados sobre as \u00faltimas novidades em ensino\u00a0<\/span><span style=\"font-size: 16px;\">m\u00e9todos e tend\u00eancias.<\/span><\/p>\n<p><span style=\"font-size: 16px;\">Um professor tem a op\u00e7\u00e3o de instruir em todas as disciplinas acad\u00eamicas ou focar em uma \u00e1rea espec\u00edfica de especializa\u00e7\u00e3o. Professores de jardim de inf\u00e2ncia e escola prim\u00e1ria frequentemente educam um \u00fanico grupo de alunos em uma ampla gama de disciplinas, abrangendo leitura, ci\u00eancias e matem\u00e1tica.\u00a0<\/span><\/p>\n<p><span style=\"font-size: 16px;\">Normalmente, professores do ensino fundamental e m\u00e9dio concentram sua aten\u00e7\u00e3o em uma ou duas disciplinas especializadas, como matem\u00e1tica ou ci\u00eancias. Dentro desses dom\u00ednios mais amplos, um professor pode dar instru\u00e7\u00f5es para v\u00e1rios cursos. Por exemplo, um educador do ensino m\u00e9dio com experi\u00eancia na \u00e1rea de ci\u00eancias pode dar aulas de Qu\u00edmica, Biologia e F\u00edsica. Um diploma e certifica\u00e7\u00e3o estadual na \u00e1rea de endosso espec\u00edfica s\u00e3o necess\u00e1rios.<\/span><\/p>\t\t\t\t\t\t\t\t<\/div>\n\t\t\t\t<\/div>\n\t\t\t\t\t<\/div>\n\t\t\t\t<\/div>\n\t\t<div class=\"elementor-element elementor-element-32c4750 e-flex e-con-boxed e-con e-parent\" data-id=\"32c4750\" data-element_type=\"container\" data-e-type=\"container\">\n\t\t\t\t\t<div class=\"e-con-inner\">\n\t\t\t\t<div class=\"elementor-element elementor-element-64dffe2 elementor-widget elementor-widget-heading\" data-id=\"64dffe2\" data-element_type=\"widget\" data-e-type=\"widget\" data-widget_type=\"heading.default\">\n\t\t\t\t\t<h2 class=\"elementor-heading-title elementor-size-default\">Indo al\u00e9m<\/h2>\t\t\t\t<\/div>\n\t\t\t\t<div class=\"elementor-element elementor-element-7bdfd45 elementor-widget elementor-widget-text-editor\" data-id=\"7bdfd45\" data-element_type=\"widget\" data-e-type=\"widget\" data-widget_type=\"text-editor.default\">\n\t\t\t\t\t\t\t\t\t<h5><a href=\"https:\/\/lsaglobal-translate.co.uk\/services\/translation-services\/\" target=\"_blank\" rel=\"noopener\"><span style=\"color: #ff0000;\">Tradu\u00e7\u00e3o Pro.<\/span><\/a><\/h5>\t\t\t\t\t\t\t\t<\/div>\n\t\t\t\t<div class=\"elementor-element elementor-element-5408329 elementor-widget elementor-widget-text-editor\" data-id=\"5408329\" data-element_type=\"widget\" data-e-type=\"widget\" data-widget_type=\"text-editor.default\">\n\t\t\t\t\t\t\t\t\t<h5><a href=\"https:\/\/lsa-global.com\/pt\/precos-e-termos-de-traducao\/\"><span style=\"color: #ff0000;\">Planos de pre\u00e7os e mais<\/span><\/a><\/h5>\t\t\t\t\t\t\t\t<\/div>\n\t\t\t\t<div class=\"elementor-element elementor-element-7e37d8a elementor-widget elementor-widget-text-editor\" data-id=\"7e37d8a\" data-element_type=\"widget\" data-e-type=\"widget\" data-widget_type=\"text-editor.default\">\n\t\t\t\t\t\t\t\t\t<h5><a href=\"https:\/\/lsa-global.com\/pt\/aprender-a-lingua-alema\/\"><span style=\"color: #ff0000;\">Or\u00e7amento Gratuito<\/span><\/a><\/h5>\t\t\t\t\t\t\t\t<\/div>\n\t\t\t\t\t<\/div>\n\t\t\t\t<\/div>\n\t\t\t\t<\/div>","protected":false},"excerpt":{"rendered":"<p>Become a Teacher: fill in the form. \u00a0 You are a teacher! Prerequisites For Teaching in Most Disciplines. Become a&hellip;<\/p>","protected":false},"author":1,"featured_media":3025,"parent":0,"menu_order":0,"comment_status":"closed","ping_status":"closed","template":"","meta":{"jetpack_post_was_ever_published":false,"footnotes":""},"class_list":["post-32514","page","type-page","status-publish","has-post-thumbnail","hentry"],"jetpack_sharing_enabled":true,"jetpack_likes_enabled":true,"jetpack-related-posts":[],"jetpack_shortlink":"https:\/\/wp.me\/PerFda-8sq","_links":{"self":[{"href":"https:\/\/lsa-global.com\/pt\/wp-json\/wp\/v2\/pages\/32514","targetHints":{"allow":["GET"]}}],"collection":[{"href":"https:\/\/lsa-global.com\/pt\/wp-json\/wp\/v2\/pages"}],"about":[{"href":"https:\/\/lsa-global.com\/pt\/wp-json\/wp\/v2\/types\/page"}],"author":[{"embeddable":true,"href":"https:\/\/lsa-global.com\/pt\/wp-json\/wp\/v2\/users\/1"}],"replies":[{"embeddable":true,"href":"https:\/\/lsa-global.com\/pt\/wp-json\/wp\/v2\/comments?post=32514"}],"version-history":[{"count":0,"href":"https:\/\/lsa-global.com\/pt\/wp-json\/wp\/v2\/pages\/32514\/revisions"}],"wp:featuredmedia":[{"embeddable":true,"href":"https:\/\/lsa-global.com\/pt\/wp-json\/wp\/v2\/media\/3025"}],"wp:attachment":[{"href":"https:\/\/lsa-global.com\/pt\/wp-json\/wp\/v2\/media?parent=32514"}],"curies":[{"name":"wp","href":"https:\/\/api.w.org\/{rel}","templated":true}]}}