{"id":25717,"date":"2023-06-06T15:09:52","date_gmt":"2023-06-06T14:09:52","guid":{"rendered":"https:\/\/lsa-global.com\/?page_id=25717"},"modified":"2025-04-24T13:05:04","modified_gmt":"2025-04-24T12:05:04","slug":"obtenha-um-orcamento-gratuito-lsa-global","status":"publish","type":"page","link":"https:\/\/lsa-global.com\/pt\/obtenha-um-orcamento-gratuito-lsa-global\/","title":{"rendered":"Obtenha um or\u00e7amento gratuito"},"content":{"rendered":"<div data-elementor-type=\"wp-page\" data-elementor-id=\"25717\" class=\"elementor elementor-25717\" data-elementor-post-type=\"page\">\n\t\t\t\t<div class=\"elementor-element elementor-element-b1bef50 e-flex e-con-boxed e-con e-parent\" data-id=\"b1bef50\" data-element_type=\"container\" data-e-type=\"container\">\n\t\t\t\t\t<div class=\"e-con-inner\">\n\t\t\t\t<div class=\"elementor-element elementor-element-4bb1e54 elementor-widget elementor-widget-heading\" data-id=\"4bb1e54\" data-element_type=\"widget\" data-e-type=\"widget\" data-widget_type=\"heading.default\">\n\t\t\t\t\t<h2 class=\"elementor-heading-title elementor-size-default\">Obtenha seu or\u00e7amento GR\u00c1TIS agora!<\/h2>\t\t\t\t<\/div>\n\t\t\t\t<div class=\"elementor-element elementor-element-b8da902 elementor-widget elementor-widget-image\" data-id=\"b8da902\" data-element_type=\"widget\" data-e-type=\"widget\" data-widget_type=\"image.default\">\n\t\t\t\t\t\t\t\t\t\t\t\t\t\t\t<img fetchpriority=\"high\" decoding=\"async\" data-attachment-id=\"25718\" data-permalink=\"https:\/\/lsa-global.com\/zh\/%e8%8e%b7%e5%8f%96%e5%85%8d%e8%b4%b9%e6%8a%a5%e4%bb%b7-lsa-global\/quote\/\" data-orig-file=\"https:\/\/i0.wp.com\/lsa-global.com\/wp-content\/uploads\/2023\/06\/quote.jpg?fit=346%2C235&amp;ssl=1\" data-orig-size=\"346,235\" data-comments-opened=\"1\" data-image-meta=\"{&quot;aperture&quot;:&quot;0&quot;,&quot;credit&quot;:&quot;&quot;,&quot;camera&quot;:&quot;&quot;,&quot;caption&quot;:&quot;&quot;,&quot;created_timestamp&quot;:&quot;0&quot;,&quot;copyright&quot;:&quot;&quot;,&quot;focal_length&quot;:&quot;0&quot;,&quot;iso&quot;:&quot;0&quot;,&quot;shutter_speed&quot;:&quot;0&quot;,&quot;title&quot;:&quot;&quot;,&quot;orientation&quot;:&quot;0&quot;}\" data-image-title=\"Get a Free Quote\" data-image-description=\"&lt;p&gt;Get a Free Quote &lt;\/p&gt;\" data-image-caption=\"\" data-large-file=\"https:\/\/i0.wp.com\/lsa-global.com\/wp-content\/uploads\/2023\/06\/quote.jpg?fit=346%2C235&amp;ssl=1\" width=\"300\" height=\"204\" src=\"https:\/\/i0.wp.com\/lsa-global.com\/wp-content\/uploads\/2023\/06\/quote.jpg?fit=300%2C204&amp;ssl=1\" class=\"attachment-medium size-medium wp-image-25718\" alt=\"Obtenha um or\u00e7amento gratuito\" srcset=\"https:\/\/i0.wp.com\/lsa-global.com\/wp-content\/uploads\/2023\/06\/quote.jpg?w=346&amp;ssl=1 346w, https:\/\/i0.wp.com\/lsa-global.com\/wp-content\/uploads\/2023\/06\/quote.jpg?resize=300%2C204&amp;ssl=1 300w\" sizes=\"(max-width: 300px) 100vw, 300px\" title=\"\">\t\t\t\t\t\t\t\t\t\t\t\t\t\t\t<\/div>\n\t\t\t\t<div class=\"elementor-element elementor-element-cbea5e6 elementor-widget elementor-widget-text-editor\" data-id=\"cbea5e6\" data-element_type=\"widget\" data-e-type=\"widget\" data-widget_type=\"text-editor.default\">\n\t\t\t\t\t\t\t\t\t<h6><span style=\"color: #0000ff;\">Obtenha um or\u00e7amento gratuito<\/span><\/h6>\t\t\t\t\t\t\t\t<\/div>\n\t\t\t\t\t<\/div>\n\t\t\t\t<\/div>\n\t\t<div class=\"elementor-element elementor-element-7151d58 e-flex e-con-boxed e-con e-parent\" data-id=\"7151d58\" data-element_type=\"container\" data-e-type=\"container\">\n\t\t\t\t\t<div class=\"e-con-inner\">\n\t\t\t\t<div class=\"elementor-element elementor-element-0a3765c elementor-widget elementor-widget-heading\" data-id=\"0a3765c\" data-element_type=\"widget\" data-e-type=\"widget\" data-widget_type=\"heading.default\">\n\t\t\t\t\t<h4 class=\"elementor-heading-title elementor-size-default\">Obtenha seu or\u00e7amento de tradu\u00e7\u00e3o gratuito instantaneamente com LSA.GLOBAL<\/h4>\t\t\t\t<\/div>\n\t\t\t\t\t<\/div>\n\t\t\t\t<\/div>\n\t\t<div class=\"elementor-element elementor-element-40aaea4 e-flex e-con-boxed e-con e-parent\" data-id=\"40aaea4\" data-element_type=\"container\" data-e-type=\"container\">\n\t\t\t\t\t<div class=\"e-con-inner\">\n\t\t\t\t<div class=\"elementor-element elementor-element-0c80cac elementor-widget elementor-widget-text-editor\" data-id=\"0c80cac\" data-element_type=\"widget\" data-e-type=\"widget\" data-widget_type=\"text-editor.default\">\n\t\t\t\t\t\t\t\t\t<p>Voc\u00ea est\u00e1 procurando um servi\u00e7o de tradu\u00e7\u00e3o confi\u00e1vel e superior que possa atender a todas as suas necessidades, sejam elas documentos, arquivos de \u00e1udio ou conte\u00fado de v\u00eddeo? N\u00e3o procure mais, a LSA.GLOBAL \u00e9 a solu\u00e7\u00e3o! Oferecemos uma plataforma simples e f\u00e1cil de usar que permite que voc\u00ea solicite um or\u00e7amento sem nenhuma amarra. Tudo o que voc\u00ea precisa fazer \u00e9 enviar seus arquivos, e nossa equipe dedicada fornecer\u00e1 um or\u00e7amento personalizado que se alinha perfeitamente com seus requisitos espec\u00edficos de tradu\u00e7\u00e3o.<\/p>\t\t\t\t\t\t\t\t<\/div>\n\t\t\t\t<div class=\"elementor-element elementor-element-261a234 elementor-widget elementor-widget-heading\" data-id=\"261a234\" data-element_type=\"widget\" data-e-type=\"widget\" data-widget_type=\"heading.default\">\n\t\t\t\t\t<h3 class=\"elementor-heading-title elementor-size-default\">Processo de solicita\u00e7\u00e3o de cota\u00e7\u00e3o simplificado<\/h3>\t\t\t\t<\/div>\n\t\t\t\t<div class=\"elementor-element elementor-element-ebe2518 elementor-widget elementor-widget-text-editor\" data-id=\"ebe2518\" data-element_type=\"widget\" data-e-type=\"widget\" data-widget_type=\"text-editor.default\">\n\t\t\t\t\t\t\t\t\t<p>Na LSA.GLOBAL, obter um or\u00e7amento de tradu\u00e7\u00e3o \u00e9 incrivelmente simples. Aqui est\u00e1 uma vis\u00e3o detalhada de como nosso processo funciona para garantir que voc\u00ea tenha uma experi\u00eancia perfeita:<\/p><ol><li><p><strong><span style=\"color: #0000ff;\">Compartilhe seus arquivos:\u00a0<\/span><\/strong>Tornamos extremamente conveniente para voc\u00ea carregar seus documentos, grava\u00e7\u00f5es de \u00e1udio ou materiais de v\u00eddeo diretamente na plataforma LSA.GLOBAL. Nosso sistema suporta uma gama diversificada de formatos de arquivo, dando a voc\u00ea a flexibilidade de escolher o formato que melhor se adapta \u00e0s suas necessidades.<\/p><\/li><li><p><strong><span style=\"color: #0000ff;\">Obtenha sua cota\u00e7\u00e3o:\u00a0<\/span><\/strong>Ap\u00f3s enviar seus arquivos, nossa equipe de especialistas avaliar\u00e1 meticulosamente o conte\u00fado, os pares de idiomas necess\u00e1rios e a complexidade do seu projeto de tradu\u00e7\u00e3o. Ap\u00f3s concluir uma an\u00e1lise completa, entregaremos um or\u00e7amento abrangente e transparente diretamente para voc\u00ea em tempo h\u00e1bil.<\/p><\/li><\/ol><p>Na LSA.GLOBAL, nos orgulhamos de nossa estrutura de pre\u00e7os transparente e competitiva. Nossos or\u00e7amentos detalhados esclarecer\u00e3o os custos envolvidos, capacitando voc\u00ea a tomar decis\u00f5es bem informadas sobre os servi\u00e7os de tradu\u00e7\u00e3o que melhor atendem \u00e0s suas necessidades. Estamos comprometidos em manter a transpar\u00eancia em todas as etapas do processo, garantindo que voc\u00ea saiba exatamente o que esperar.<\/p><p>Lorem ipsum dolor sit amet, consectetur adipiscing elit. Ut elit Tellus, luctus nec ullamcorper mattis, pulvinar dapibus leo.<\/p>\t\t\t\t\t\t\t\t<\/div>\n\t\t\t\t<div class=\"elementor-element elementor-element-2aabe7c elementor-widget elementor-widget-heading\" data-id=\"2aabe7c\" data-element_type=\"widget\" data-e-type=\"widget\" data-widget_type=\"heading.default\">\n\t\t\t\t\t<h3 class=\"elementor-heading-title elementor-size-default\">O que diferencia a LSA.GLOBAL para suas necessidades de tradu\u00e7\u00e3o?<\/h3>\t\t\t\t<\/div>\n\t\t\t\t<div class=\"elementor-element elementor-element-1b6643c elementor-widget elementor-widget-text-editor\" data-id=\"1b6643c\" data-element_type=\"widget\" data-e-type=\"widget\" data-widget_type=\"text-editor.default\">\n\t\t\t\t\t\t\t\t\t<p>Ao escolher a LSA.GLOBAL para seus projetos de tradu\u00e7\u00e3o, voc\u00ea ganha acesso a:<\/p><ul><li><p><strong><span style=\"color: #0000ff;\">Estimativas r\u00e1pidas e precisas:\u00a0<\/span><\/strong>Fornecemos or\u00e7amentos gratuitos e instant\u00e2neos, permitindo que voc\u00ea avalie rapidamente os custos associados ao seu projeto de tradu\u00e7\u00e3o sem qualquer compromisso de sua parte. Isso significa que voc\u00ea pode ter uma r\u00e1pida compreens\u00e3o do aspecto financeiro enquanto planeja seus pr\u00f3ximos passos.<\/p><\/li><li><p><strong><span style=\"color: #0000ff;\">Diversas op\u00e7\u00f5es de idiomas:<\/span><\/strong>\u00a0Nossos servi\u00e7os de tradu\u00e7\u00e3o abrangem uma ampla variedade de pares de idiomas, o que significa que podemos atender \u00e0s suas necessidades lingu\u00edsticas espec\u00edficas, n\u00e3o importa qu\u00e3o \u00fanicas ou especializadas elas sejam.<\/p><\/li><li><p><strong><span style=\"color: #0000ff;\">Tradutores experientes e qualificados:<\/span><\/strong>\u00a0Nossa equipe \u00e9 composta por tradutores altamente qualificados com ampla experi\u00eancia em v\u00e1rios campos e ind\u00fastrias. Sua profundidade de conhecimento garante que suas tradu\u00e7\u00f5es n\u00e3o ser\u00e3o apenas precisas, mas tamb\u00e9m culturalmente sens\u00edveis, levando em conta nuances e contextos regionais.<\/p><\/li><li><p><strong><span style=\"color: #0000ff;\">Compromisso com a Seguran\u00e7a e Confidencialidade:<\/span><\/strong>\u00a0Priorizamos a seguran\u00e7a e a confidencialidade dos seus documentos e informa\u00e7\u00f5es sens\u00edveis durante todo o processo de tradu\u00e7\u00e3o. Voc\u00ea pode ter certeza de que seus dados est\u00e3o protegidos o tempo todo.<\/p><\/li><li><p><strong><span style=\"color: #0000ff;\">Sele\u00e7\u00e3o diversificada de formatos de arquivo:<\/span><\/strong>\u00a0Nossa plataforma permite o envio f\u00e1cil de v\u00e1rios tipos de documentos, garantindo que voc\u00ea tenha a flexibilidade necess\u00e1ria ao enviar arquivos.<\/p><\/li><\/ul>\t\t\t\t\t\t\t\t<\/div>\n\t\t\t\t<div class=\"elementor-element elementor-element-51d03b1 elementor-widget elementor-widget-heading\" data-id=\"51d03b1\" data-element_type=\"widget\" data-e-type=\"widget\" data-widget_type=\"heading.default\">\n\t\t\t\t\t<h3 class=\"elementor-heading-title elementor-size-default\">D\u00ea o primeiro passo em dire\u00e7\u00e3o aos seus objetivos hoje mesmo!<\/h3>\t\t\t\t<\/div>\n\t\t\t\t<div class=\"elementor-element elementor-element-75ff027 elementor-widget elementor-widget-text-editor\" data-id=\"75ff027\" data-element_type=\"widget\" data-e-type=\"widget\" data-widget_type=\"text-editor.default\">\n\t\t\t\t\t\t\t\t\t<p>N\u00e3o deixe que as barreiras lingu\u00edsticas o impe\u00e7am por mais tempo. Prepare-se para alcan\u00e7ar comunica\u00e7\u00e3o e sucesso cont\u00ednuos em todos os seus empreendimentos comerciais. Visite a LSA.GLOBAL para receber um or\u00e7amento gratuito para suas necessidades de tradu\u00e7\u00e3o. Nossa principal prioridade \u00e9 entregar servi\u00e7os de tradu\u00e7\u00e3o excelentes, personalizados para atender \u00e0s suas necessidades e prazos exclusivos.<\/p><p>Explore as vastas oportunidades que v\u00eam com a comunica\u00e7\u00e3o clara entre idiomas visitando o LSA.GLOBAL hoje mesmo.<\/p>\t\t\t\t\t\t\t\t<\/div>\n\t\t\t\t<div class=\"elementor-element elementor-element-a84fc2f elementor-widget elementor-widget-heading\" data-id=\"a84fc2f\" data-element_type=\"widget\" data-e-type=\"widget\" data-widget_type=\"heading.default\">\n\t\t\t\t\t<h3 class=\"elementor-heading-title elementor-size-default\">Considera\u00e7\u00f5es adicionais<\/h3>\t\t\t\t<\/div>\n\t\t\t\t<div class=\"elementor-element elementor-element-2bb428c elementor-widget elementor-widget-text-editor\" data-id=\"2bb428c\" data-element_type=\"widget\" data-e-type=\"widget\" data-widget_type=\"text-editor.default\">\n\t\t\t\t\t\t\t\t\t<p>Tenha em mente que este artigo \u00e9 apenas uma amostra e pode ser adaptado ainda mais com detalhes mais espec\u00edficos sobre a LSA.GLOBAL. Seria vantajoso expandir a expertise dispon\u00edvel em v\u00e1rios setores, como tradu\u00e7\u00f5es jur\u00eddicas, m\u00e9dicas, t\u00e9cnicas e de marketing, bem como destacar quaisquer \u00e1reas especializadas de servi\u00e7os de tradu\u00e7\u00e3o oferecidos. Isso fornecer\u00e1 aos clientes em potencial uma compreens\u00e3o mais abrangente de como a LSA.GLOBAL se destaca no cen\u00e1rio competitivo de tradu\u00e7\u00e3o.<\/p>\t\t\t\t\t\t\t\t<\/div>\n\t\t\t\t<div class=\"elementor-element elementor-element-092dc7f elementor-widget elementor-widget-heading\" data-id=\"092dc7f\" data-element_type=\"widget\" data-e-type=\"widget\" data-widget_type=\"heading.default\">\n\t\t\t\t\t<h3 class=\"elementor-heading-title elementor-size-default\">Indo al\u00e9m<\/h3>\t\t\t\t<\/div>\n\t\t\t\t<div class=\"elementor-element elementor-element-e233ff5 elementor-widget elementor-widget-text-editor\" data-id=\"e233ff5\" data-element_type=\"widget\" data-e-type=\"widget\" data-widget_type=\"text-editor.default\">\n\t\t\t\t\t\t\t\t\t<h5><a href=\"https:\/\/lsa-global.com\/pt\/precos-e-termos-de-traducao\/\"><span style=\"color: #ff0000;\">Planos de pre\u00e7os e mais<\/span><\/a><\/h5>\t\t\t\t\t\t\t\t<\/div>\n\t\t\t\t<div class=\"elementor-element elementor-element-5c6d37a elementor-widget elementor-widget-text-editor\" data-id=\"5c6d37a\" data-element_type=\"widget\" data-e-type=\"widget\" data-widget_type=\"text-editor.default\">\n\t\t\t\t\t\t\t\t\t<h5><a href=\"https:\/\/lsa-global.com\/pt\/aprender-a-lingua-alema\/\"><span style=\"color: #ff0000;\">Or\u00e7amento Gratuito<\/span><\/a><\/h5>\t\t\t\t\t\t\t\t<\/div>\n\t\t\t\t<div class=\"elementor-element elementor-element-0e931a7 elementor-widget elementor-widget-text-editor\" data-id=\"0e931a7\" data-element_type=\"widget\" data-e-type=\"widget\" data-widget_type=\"text-editor.default\">\n\t\t\t\t\t\t\t\t\t<h5><a href=\"https:\/\/lsa-global.com\/pt\/postagens\/\"><span style=\"color: #ff0000;\">Mais Posts<\/span><\/a><\/h5>\t\t\t\t\t\t\t\t<\/div>\n\t\t\t\t<div class=\"elementor-element elementor-element-6cc2d03 elementor-widget elementor-widget-text-editor\" data-id=\"6cc2d03\" data-element_type=\"widget\" data-e-type=\"widget\" data-widget_type=\"text-editor.default\">\n\t\t\t\t\t\t\t\t\t<h5><a href=\"https:\/\/lsaglobal-translate.co.uk\/services\/translation-services\/\" target=\"_blank\" rel=\"noopener\"><span style=\"color: #ff0000;\">Tradu\u00e7\u00e3o Pro.<\/span><\/a><\/h5>\t\t\t\t\t\t\t\t<\/div>\n\t\t\t\t<div class=\"elementor-element elementor-element-e8b35e7 elementor-widget elementor-widget-text-editor\" data-id=\"e8b35e7\" data-element_type=\"widget\" data-e-type=\"widget\" data-widget_type=\"text-editor.default\">\n\t\t\t\t\t\t\t\t\t<h4><span style=\"color: #000080;\"><span style=\"color: #ff0000;\">Visite o site LSAGLOBAL-Translate para mais informa\u00e7\u00f5es<\/span><\/span><\/h4>\t\t\t\t\t\t\t\t<\/div>\n\t\t\t\t\t<\/div>\n\t\t\t\t<\/div>\n\t\t\t\t<\/div>","protected":false},"excerpt":{"rendered":"<p>Get your FREE quote now! Get a free quote Get Your Free Translation Quote Instantly with LSA.GLOBAL Are you searching&hellip;<\/p>","protected":false},"author":1,"featured_media":37237,"parent":0,"menu_order":0,"comment_status":"closed","ping_status":"closed","template":"","meta":{"jetpack_post_was_ever_published":false,"footnotes":""},"class_list":["post-25717","page","type-page","status-publish","has-post-thumbnail","hentry"],"jetpack_sharing_enabled":true,"jetpack_likes_enabled":true,"jetpack-related-posts":[],"jetpack_shortlink":"https:\/\/wp.me\/PerFda-6GN","_links":{"self":[{"href":"https:\/\/lsa-global.com\/pt\/wp-json\/wp\/v2\/pages\/25717","targetHints":{"allow":["GET"]}}],"collection":[{"href":"https:\/\/lsa-global.com\/pt\/wp-json\/wp\/v2\/pages"}],"about":[{"href":"https:\/\/lsa-global.com\/pt\/wp-json\/wp\/v2\/types\/page"}],"author":[{"embeddable":true,"href":"https:\/\/lsa-global.com\/pt\/wp-json\/wp\/v2\/users\/1"}],"replies":[{"embeddable":true,"href":"https:\/\/lsa-global.com\/pt\/wp-json\/wp\/v2\/comments?post=25717"}],"version-history":[{"count":0,"href":"https:\/\/lsa-global.com\/pt\/wp-json\/wp\/v2\/pages\/25717\/revisions"}],"wp:featuredmedia":[{"embeddable":true,"href":"https:\/\/lsa-global.com\/pt\/wp-json\/wp\/v2\/media\/37237"}],"wp:attachment":[{"href":"https:\/\/lsa-global.com\/pt\/wp-json\/wp\/v2\/media?parent=25717"}],"curies":[{"name":"wp","href":"https:\/\/api.w.org\/{rel}","templated":true}]}}