{"id":43340,"date":"2025-03-18T14:57:10","date_gmt":"2025-03-18T13:57:10","guid":{"rendered":"https:\/\/lsa-global.com\/?page_id=43340"},"modified":"2025-04-25T13:11:56","modified_gmt":"2025-04-25T12:11:56","slug":"servizi-di-traduzione-professionale-in-thailandese-accurati","status":"publish","type":"page","link":"https:\/\/lsa-global.com\/it\/servizi-di-traduzione-professionale-in-thailandese-accurati\/","title":{"rendered":"Servizi di traduzione professionale in tailandese: accurati e certificati"},"content":{"rendered":"<div data-elementor-type=\"wp-page\" data-elementor-id=\"43340\" class=\"elementor elementor-43340\" data-elementor-post-type=\"page\">\n\t\t\t\t<div class=\"elementor-element elementor-element-86af190 e-flex e-con-boxed e-con e-parent\" data-id=\"86af190\" data-element_type=\"container\" data-e-type=\"container\">\n\t\t\t\t\t<div class=\"e-con-inner\">\n\t\t\t\t<div class=\"elementor-element elementor-element-5d1ab4b elementor-widget elementor-widget-heading\" data-id=\"5d1ab4b\" data-element_type=\"widget\" data-e-type=\"widget\" data-widget_type=\"heading.default\">\n\t\t\t\t\t<h2 class=\"elementor-heading-title elementor-size-default\">Servizi di traduzione professionale in tailandese: accurati e certificati<\/h2>\t\t\t\t<\/div>\n\t\t\t\t<div class=\"elementor-element elementor-element-47130c6 elementor-widget elementor-widget-image\" data-id=\"47130c6\" data-element_type=\"widget\" data-e-type=\"widget\" data-widget_type=\"image.default\">\n\t\t\t\t\t\t\t\t\t\t\t\t\t\t\t<img fetchpriority=\"high\" decoding=\"async\" data-attachment-id=\"43578\" data-permalink=\"https:\/\/lsa-global.com\/zh\/%e4%b8%93%e4%b8%9a%e6%b3%b0%e8%af%ad%e7%bf%bb%e8%af%91%e6%9c%8d%e5%8a%a1%e5%87%86%e7%a1%ae\/thai\/\" data-orig-file=\"https:\/\/i0.wp.com\/lsa-global.com\/wp-content\/uploads\/2025\/03\/Thai.png?fit=2560%2C1707&amp;ssl=1\" data-orig-size=\"2560,1707\" data-comments-opened=\"0\" data-image-meta=\"{&quot;aperture&quot;:&quot;0&quot;,&quot;credit&quot;:&quot;&quot;,&quot;camera&quot;:&quot;&quot;,&quot;caption&quot;:&quot;&quot;,&quot;created_timestamp&quot;:&quot;0&quot;,&quot;copyright&quot;:&quot;&quot;,&quot;focal_length&quot;:&quot;0&quot;,&quot;iso&quot;:&quot;0&quot;,&quot;shutter_speed&quot;:&quot;0&quot;,&quot;title&quot;:&quot;&quot;,&quot;orientation&quot;:&quot;0&quot;}\" data-image-title=\"Thai Translations Services\" data-image-description=\"&lt;p&gt;Thai Translations Services&lt;\/p&gt;\" data-image-caption=\"\" data-medium-file=\"https:\/\/i0.wp.com\/lsa-global.com\/wp-content\/uploads\/2025\/03\/Thai.png?fit=300%2C200&amp;ssl=1\" data-large-file=\"https:\/\/i0.wp.com\/lsa-global.com\/wp-content\/uploads\/2025\/03\/Thai.png?fit=1024%2C683&amp;ssl=1\" width=\"300\" height=\"200\" src=\"https:\/\/i0.wp.com\/lsa-global.com\/wp-content\/uploads\/2025\/03\/Thai.png?fit=300%2C200&amp;ssl=1\" class=\"attachment-medium size-medium wp-image-43578\" alt=\"Servizi di traduzione in tailandese\" srcset=\"https:\/\/i0.wp.com\/lsa-global.com\/wp-content\/uploads\/2025\/03\/Thai.png?w=2560&amp;ssl=1 2560w, https:\/\/i0.wp.com\/lsa-global.com\/wp-content\/uploads\/2025\/03\/Thai.png?resize=300%2C200&amp;ssl=1 300w, https:\/\/i0.wp.com\/lsa-global.com\/wp-content\/uploads\/2025\/03\/Thai.png?resize=1024%2C683&amp;ssl=1 1024w, https:\/\/i0.wp.com\/lsa-global.com\/wp-content\/uploads\/2025\/03\/Thai.png?resize=150%2C100&amp;ssl=1 150w, https:\/\/i0.wp.com\/lsa-global.com\/wp-content\/uploads\/2025\/03\/Thai.png?resize=768%2C512&amp;ssl=1 768w, https:\/\/i0.wp.com\/lsa-global.com\/wp-content\/uploads\/2025\/03\/Thai.png?resize=1536%2C1024&amp;ssl=1 1536w, https:\/\/i0.wp.com\/lsa-global.com\/wp-content\/uploads\/2025\/03\/Thai.png?resize=2048%2C1366&amp;ssl=1 2048w, https:\/\/i0.wp.com\/lsa-global.com\/wp-content\/uploads\/2025\/03\/Thai.png?resize=18%2C12&amp;ssl=1 18w, https:\/\/i0.wp.com\/lsa-global.com\/wp-content\/uploads\/2025\/03\/Thai.png?resize=370%2C247&amp;ssl=1 370w, https:\/\/i0.wp.com\/lsa-global.com\/wp-content\/uploads\/2025\/03\/Thai.png?resize=760%2C507&amp;ssl=1 760w\" sizes=\"(max-width: 300px) 100vw, 300px\" title=\"\">\t\t\t\t\t\t\t\t\t\t\t\t\t\t\t<\/div>\n\t\t\t\t<div class=\"elementor-element elementor-element-e4b827c elementor-widget elementor-widget-heading\" data-id=\"e4b827c\" data-element_type=\"widget\" data-e-type=\"widget\" data-widget_type=\"heading.default\">\n\t\t\t\t\t<h3 class=\"elementor-heading-title elementor-size-default\">Servizi di traduzione in tailandese specializzati per aziende e privati<\/h3>\t\t\t\t<\/div>\n\t\t\t\t<div class=\"elementor-element elementor-element-daef147 elementor-widget elementor-widget-text-editor\" data-id=\"daef147\" data-element_type=\"widget\" data-e-type=\"widget\" data-widget_type=\"text-editor.default\">\n\t\t\t\t\t\t\t\t\t<p>Cerchi servizi di traduzione in thailandese di alta qualit\u00e0? Il nostro team di traduttori professionisti \u00e8 specializzato nel fornire traduzioni accurate, adattate culturalmente e su misura per il pubblico di lingua thailandese. Offriamo una gamma completa di servizi, tra cui traduzione di documenti, localizzazione di siti web, traduzioni tecniche e altro ancora, garantendo che i tuoi contenuti siano in linea con il tuo mercato di riferimento.<\/p>\t\t\t\t\t\t\t\t<\/div>\n\t\t\t\t<div class=\"elementor-element elementor-element-dc32e44 elementor-widget elementor-widget-heading\" data-id=\"dc32e44\" data-element_type=\"widget\" data-e-type=\"widget\" data-widget_type=\"heading.default\">\n\t\t\t\t\t<h3 class=\"elementor-heading-title elementor-size-default\">Perch\u00e9 scegliere i nostri servizi di traduzione in tailandese?<\/h3>\t\t\t\t<\/div>\n\t\t\t\t<div class=\"elementor-element elementor-element-1f864fe elementor-widget elementor-widget-text-editor\" data-id=\"1f864fe\" data-element_type=\"widget\" data-e-type=\"widget\" data-widget_type=\"text-editor.default\">\n\t\t\t\t\t\t\t\t\t<ul><li><p>Traduttori madrelingua thailandesi: i nostri traduttori sono madrelingua thailandesi con anni di esperienza a tempo pieno, garantendo traduzioni precise e contestualizzate. Traduzioni certificate: forniamo traduzioni certificate accettate da agenzie governative e istituzioni legali, garantendo conformit\u00e0 e autenticit\u00e0.<\/p><\/li><li><p>Contenuti ottimizzati per SEO: le nostre traduzioni incorporano le migliori pratiche SEO, aiutando il tuo sito web a ottenere un posizionamento pi\u00f9 alto nei motori di ricerca come Google e Bing.\u00a0<\/p><\/li><li><p>Tempi di consegna rapidi e prezzi competitivi: forniamo traduzioni di alta qualit\u00e0 in tempi rapidi e a prezzi competitivi, rispettando le scadenze e il budget.<\/p><\/li><li><p>Competenza settoriale: i nostri traduttori possiedono conoscenze specialistiche in vari settori, tra cui quello legale, medico, tecnico e commerciale.<\/p><\/li><li><p>Adattamento culturale e localizzazione:<\/p><p class=\"\" data-start=\"1952\" data-end=\"2259\">L&#039;uso della lingua thailandese \u00e8 profondamente legato alla cultura, alla gerarchia e alla formalit\u00e0. Andiamo oltre la traduzione letterale per localizzare i vostri contenuti, assicurandoci che siano in linea con le norme culturali e le aspettative del pubblico di lingua thailandese, un aspetto essenziale per il marketing, la comunicazione con i clienti e i contenuti rivolti al pubblico.<\/p><\/li><li><p class=\"\" data-start=\"1952\" data-end=\"2259\">Processo di garanzia della qualit\u00e0:<\/p><p class=\"\" data-start=\"2296\" data-end=\"2541\">Ogni progetto \u00e8 sottoposto a un processo di controllo qualit\u00e0 in pi\u00f9 fasi, che include traduzione, editing, correzione di bozze e revisione finale. Utilizziamo anche strumenti di memoria di traduzione e database terminologici per garantire la coerenza tra tutti i documenti.<\/p><\/li><\/ul>\t\t\t\t\t\t\t\t<\/div>\n\t\t\t\t<div class=\"elementor-element elementor-element-eb98c3c elementor-widget elementor-widget-heading\" data-id=\"eb98c3c\" data-element_type=\"widget\" data-e-type=\"widget\" data-widget_type=\"heading.default\">\n\t\t\t\t\t<h3 class=\"elementor-heading-title elementor-size-default\">I nostri servizi di traduzione in tailandese<\/h3>\t\t\t\t<\/div>\n\t\t\t\t<div class=\"elementor-element elementor-element-b75e45c elementor-widget elementor-widget-heading\" data-id=\"b75e45c\" data-element_type=\"widget\" data-e-type=\"widget\" data-widget_type=\"heading.default\">\n\t\t\t\t\t<h5 class=\"elementor-heading-title elementor-size-default\">1. Traduzione certificata dei documenti<\/h5>\t\t\t\t<\/div>\n\t\t\t\t<div class=\"elementor-element elementor-element-f5fdfa8 elementor-widget elementor-widget-text-editor\" data-id=\"f5fdfa8\" data-element_type=\"widget\" data-e-type=\"widget\" data-widget_type=\"text-editor.default\">\n\t\t\t\t\t\t\t\t\t<p>Offriamo traduzioni certificate per una variet\u00e0 di documenti, garantendo l&#039;accuratezza e l&#039;accettazione da parte degli enti ufficiali:<\/p><ul><li><p>Documenti legali: contratti, accordi, atti giudiziari.<\/p><\/li><li><p>Documenti personali: certificati di nascita, certificati di matrimonio, certificati accademici.<\/p><\/li><li><p>Documenti aziendali: licenze, bilanci finanziari, relazioni aziendali.<\/p><\/li><\/ul>\t\t\t\t\t\t\t\t<\/div>\n\t\t\t\t<div class=\"elementor-element elementor-element-01b3be5 elementor-widget elementor-widget-heading\" data-id=\"01b3be5\" data-element_type=\"widget\" data-e-type=\"widget\" data-widget_type=\"heading.default\">\n\t\t\t\t\t<h5 class=\"elementor-heading-title elementor-size-default\">2. Localizzazione di siti web e app<\/h5>\t\t\t\t<\/div>\n\t\t\t\t<div class=\"elementor-element elementor-element-deeb78e elementor-widget elementor-widget-text-editor\" data-id=\"deeb78e\" data-element_type=\"widget\" data-e-type=\"widget\" data-widget_type=\"text-editor.default\">\n\t\t\t\t\t\t\t\t\t<p>Espandi la tua presenza digitale nei mercati di lingua thailandese con i nostri servizi di localizzazione:<\/p><ul><li><p>Localizzazione del sito web: adattamento del contenuto del tuo sito web alle sfumature e alle preferenze culturali.<\/p><\/li><li><p>Localizzazione delle app: garantiamo che le tue applicazioni mobili siano facili da usare per gli utenti di lingua tailandese.<\/p><\/li><li><p>Ottimizzazione SEO: implementazione di parole chiave localizzate e meta tag per migliorare il posizionamento nei motori di ricerca.<\/p><\/li><\/ul>\t\t\t\t\t\t\t\t<\/div>\n\t\t\t\t<div class=\"elementor-element elementor-element-fd0ea6e elementor-widget elementor-widget-heading\" data-id=\"fd0ea6e\" data-element_type=\"widget\" data-e-type=\"widget\" data-widget_type=\"heading.default\">\n\t\t\t\t\t<h5 class=\"elementor-heading-title elementor-size-default\">3. Traduzioni tecniche e mediche<\/h5>\t\t\t\t<\/div>\n\t\t\t\t<div class=\"elementor-element elementor-element-3a6b8c8 elementor-widget elementor-widget-text-editor\" data-id=\"3a6b8c8\" data-element_type=\"widget\" data-e-type=\"widget\" data-widget_type=\"text-editor.default\">\n\t\t\t\t\t\t\t\t\t<p>I nostri esperti gestiscono con precisione documenti tecnici e medici complessi:<\/p><ul><li><p>Manuali tecnici: guide utente, manuali di prodotto, specifiche tecniche.<\/p><\/li><li><p>Documenti medici: referti clinici, informazioni farmaceutiche, articoli di ricerca medica<\/p><\/li><\/ul>\t\t\t\t\t\t\t\t<\/div>\n\t\t\t\t<div class=\"elementor-element elementor-element-2f2f2bb elementor-widget elementor-widget-heading\" data-id=\"2f2f2bb\" data-element_type=\"widget\" data-e-type=\"widget\" data-widget_type=\"heading.default\">\n\t\t\t\t\t<h5 class=\"elementor-heading-title elementor-size-default\">4. Traduzioni aziendali e di marketing<\/h5>\t\t\t\t<\/div>\n\t\t\t\t<div class=\"elementor-element elementor-element-b468d70 elementor-widget elementor-widget-text-editor\" data-id=\"b468d70\" data-element_type=\"widget\" data-e-type=\"widget\" data-widget_type=\"text-editor.default\">\n\t\t\t\t\t\t\t\t\t<p>Comunica in modo efficace il messaggio del tuo marchio al pubblico di lingua thailandese:<\/p><ul><li><p>Materiali di marketing: brochure, pubblicit\u00e0, comunicati stampa.<\/p><\/li><li><p>Comunicazioni aziendali: presentazioni, e-mail, comunicazioni aziendali.<\/p><\/li><\/ul>\t\t\t\t\t\t\t\t<\/div>\n\t\t\t\t<div class=\"elementor-element elementor-element-4d51d68 elementor-widget elementor-widget-heading\" data-id=\"4d51d68\" data-element_type=\"widget\" data-e-type=\"widget\" data-widget_type=\"heading.default\">\n\t\t\t\t\t<h3 class=\"elementor-heading-title elementor-size-default\">Settori in cui operiamo<\/h3>\t\t\t\t<\/div>\n\t\t\t\t<div class=\"elementor-element elementor-element-77b50db elementor-widget elementor-widget-text-editor\" data-id=\"77b50db\" data-element_type=\"widget\" data-e-type=\"widget\" data-widget_type=\"text-editor.default\">\n\t\t\t\t\t\t\t\t\t<p>Ci rivolgiamo a un&#039;ampia gamma di settori, tra cui:<\/p><ul><li><p>Legale e governativo: fornitura di traduzioni per procedimenti legali e comunicazioni governative.<\/p><\/li><li><p>Sanit\u00e0 e prodotti farmaceutici: traduzione di cartelle cliniche, articoli di ricerca e documenti farmaceutici.<\/p><\/li><li><p>Tecnologia e IT: Localizzazione di software, manuali utente e documentazione tecnica.<\/p><\/li><li><p>Finanza e banche: traduzione di report finanziari, documenti di investimento e materiale bancario.<\/p><\/li><li><p>E-commerce e vendita al dettaglio: localizzazione di descrizioni di prodotti, recensioni dei clienti e contenuti di marketing.<\/p><\/li><\/ul>\t\t\t\t\t\t\t\t<\/div>\n\t\t\t\t<div class=\"elementor-element elementor-element-1f4d98c elementor-widget elementor-widget-heading\" data-id=\"1f4d98c\" data-element_type=\"widget\" data-e-type=\"widget\" data-widget_type=\"heading.default\">\n\t\t\t\t\t<h3 class=\"elementor-heading-title elementor-size-default\">Perch\u00e9 la traduzione professionale in tailandese \u00e8 importante<\/h3>\t\t\t\t<\/div>\n\t\t\t\t<div class=\"elementor-element elementor-element-da857d8 elementor-widget elementor-widget-text-editor\" data-id=\"da857d8\" data-element_type=\"widget\" data-e-type=\"widget\" data-widget_type=\"text-editor.default\">\n\t\t\t\t\t\t\t\t\t<p>Il tailandese \u00e8 parlato da milioni di persone in tutto il mondo, il che lo rende essenziale per aziende e organizzazioni che desiderano entrare in contatto con un pubblico di lingua tailandese. Una traduzione professionale garantisce:<\/p><ul><li><p>Rilevanza culturale: traduzioni accurate che risuonano con la cultura e le usanze locali.<\/p><\/li><li><p>Conformit\u00e0 legale: garantire che i documenti rispettino gli standard e i requisiti legali regionali.<\/p><\/li><li><p>Credibilit\u00e0 del marchio: presentare la tua attivit\u00e0 in modo professionale al pubblico di lingua thailandese.<\/p><\/li><\/ul>\t\t\t\t\t\t\t\t<\/div>\n\t\t\t\t<div class=\"elementor-element elementor-element-154e454 elementor-widget elementor-widget-heading\" data-id=\"154e454\" data-element_type=\"widget\" data-e-type=\"widget\" data-widget_type=\"heading.default\">\n\t\t\t\t\t<h3 class=\"elementor-heading-title elementor-size-default\">Servizi di traduzione in tailandese ottimizzati per SEO<\/h3>\t\t\t\t<\/div>\n\t\t\t\t<div class=\"elementor-element elementor-element-846d8f0 elementor-widget elementor-widget-text-editor\" data-id=\"846d8f0\" data-element_type=\"widget\" data-e-type=\"widget\" data-widget_type=\"text-editor.default\">\n\t\t\t\t\t\t\t\t\t<p>Le nostre traduzioni sono progettate con le migliori pratiche SEO per migliorare la tua visibilit\u00e0 online:<\/p><ul><li><p>Parole chiave localizzate: integrazione di termini di ricerca specifici per regione per migliorare il posizionamento.\u00a0<\/p><\/li><li><p>Ottimizzazione dei meta tag: traduzione e ottimizzazione delle meta descrizioni e dei titoli per ottenere percentuali di clic migliori.<\/p><\/li><li><p>URL intuitivi: creazione di URL leggibili e pertinenti in tailandese.<\/p><\/li><\/ul>\t\t\t\t\t\t\t\t<\/div>\n\t\t\t\t<div class=\"elementor-element elementor-element-663c8fb elementor-widget elementor-widget-heading\" data-id=\"663c8fb\" data-element_type=\"widget\" data-e-type=\"widget\" data-widget_type=\"heading.default\">\n\t\t\t\t\t<h3 class=\"elementor-heading-title elementor-size-default\">Richiedi un preventivo gratuito per i servizi di traduzione in tailandese<\/h3>\t\t\t\t<\/div>\n\t\t\t\t<div class=\"elementor-element elementor-element-ff690b0 elementor-widget elementor-widget-text-editor\" data-id=\"ff690b0\" data-element_type=\"widget\" data-e-type=\"widget\" data-widget_type=\"text-editor.default\">\n\t\t\t\t\t\t\t\t\t<p>Hai bisogno di servizi di traduzione professionali in tailandese? <a href=\"https:\/\/lsa-global.com\/it\/ottieni-un-preventivo-gratuito-lsa-global\/\"><strong><span style=\"color: #333399;\">Contattaci oggi per un preventivo gratuito<\/span><\/strong><\/a>Garantiamo traduzioni rapide, precise e riservate per tutte le vostre esigenze.<\/p>\t\t\t\t\t\t\t\t<\/div>\n\t\t\t\t<div class=\"elementor-element elementor-element-9f7831f elementor-widget elementor-widget-heading\" data-id=\"9f7831f\" data-element_type=\"widget\" data-e-type=\"widget\" data-widget_type=\"heading.default\">\n\t\t\t\t\t<h3 class=\"elementor-heading-title elementor-size-default\">Andare oltre<\/h3>\t\t\t\t<\/div>\n\t\t\t\t<div class=\"elementor-element elementor-element-58dc1a0 elementor-widget elementor-widget-text-editor\" data-id=\"58dc1a0\" data-element_type=\"widget\" data-e-type=\"widget\" data-widget_type=\"text-editor.default\">\n\t\t\t\t\t\t\t\t\t<h5><a href=\"https:\/\/lsa-global.com\/it\/prezzi-e-termini-di-traduzione\/\"><span style=\"color: #ff0000;\">Piani tariffari e altro<\/span><\/a><\/h5>\t\t\t\t\t\t\t\t<\/div>\n\t\t\t\t<div class=\"elementor-element elementor-element-cc04e2b elementor-widget elementor-widget-text-editor\" data-id=\"cc04e2b\" data-element_type=\"widget\" data-e-type=\"widget\" data-widget_type=\"text-editor.default\">\n\t\t\t\t\t\t\t\t\t<h5><a href=\"https:\/\/lsa-global.com\/it\/imparare-la-lingua-tedesca\/\"><span style=\"color: #ff0000;\">Preventivo gratuito<\/span><\/a><\/h5>\t\t\t\t\t\t\t\t<\/div>\n\t\t\t\t<div class=\"elementor-element elementor-element-1618692 elementor-widget elementor-widget-text-editor\" data-id=\"1618692\" data-element_type=\"widget\" data-e-type=\"widget\" data-widget_type=\"text-editor.default\">\n\t\t\t\t\t\t\t\t\t<h5><a href=\"https:\/\/lsaglobal-translate.co.uk\/services\/translation-services\/\" target=\"_blank\" rel=\"noopener\"><span style=\"color: #ff0000;\">Esperto di traduzione.<\/span><\/a><\/h5>\t\t\t\t\t\t\t\t<\/div>\n\t\t\t\t<div class=\"elementor-element elementor-element-1ea8cb9 elementor-widget elementor-widget-image\" data-id=\"1ea8cb9\" data-element_type=\"widget\" data-e-type=\"widget\" data-widget_type=\"image.default\">\n\t\t\t\t\t\t\t\t\t\t\t\t\t\t\t<img fetchpriority=\"high\" decoding=\"async\" data-attachment-id=\"43578\" data-permalink=\"https:\/\/lsa-global.com\/zh\/%e4%b8%93%e4%b8%9a%e6%b3%b0%e8%af%ad%e7%bf%bb%e8%af%91%e6%9c%8d%e5%8a%a1%e5%87%86%e7%a1%ae\/thai\/\" data-orig-file=\"https:\/\/i0.wp.com\/lsa-global.com\/wp-content\/uploads\/2025\/03\/Thai.png?fit=2560%2C1707&amp;ssl=1\" data-orig-size=\"2560,1707\" data-comments-opened=\"0\" data-image-meta=\"{&quot;aperture&quot;:&quot;0&quot;,&quot;credit&quot;:&quot;&quot;,&quot;camera&quot;:&quot;&quot;,&quot;caption&quot;:&quot;&quot;,&quot;created_timestamp&quot;:&quot;0&quot;,&quot;copyright&quot;:&quot;&quot;,&quot;focal_length&quot;:&quot;0&quot;,&quot;iso&quot;:&quot;0&quot;,&quot;shutter_speed&quot;:&quot;0&quot;,&quot;title&quot;:&quot;&quot;,&quot;orientation&quot;:&quot;0&quot;}\" data-image-title=\"Thai Translations Services\" data-image-description=\"&lt;p&gt;Thai Translations Services&lt;\/p&gt;\" data-image-caption=\"\" data-medium-file=\"https:\/\/i0.wp.com\/lsa-global.com\/wp-content\/uploads\/2025\/03\/Thai.png?fit=300%2C200&amp;ssl=1\" data-large-file=\"https:\/\/i0.wp.com\/lsa-global.com\/wp-content\/uploads\/2025\/03\/Thai.png?fit=1024%2C683&amp;ssl=1\" width=\"300\" height=\"200\" src=\"https:\/\/i0.wp.com\/lsa-global.com\/wp-content\/uploads\/2025\/03\/Thai.png?fit=300%2C200&amp;ssl=1\" class=\"attachment-medium size-medium wp-image-43578\" alt=\"Servizi di traduzione in tailandese\" srcset=\"https:\/\/i0.wp.com\/lsa-global.com\/wp-content\/uploads\/2025\/03\/Thai.png?w=2560&amp;ssl=1 2560w, https:\/\/i0.wp.com\/lsa-global.com\/wp-content\/uploads\/2025\/03\/Thai.png?resize=300%2C200&amp;ssl=1 300w, https:\/\/i0.wp.com\/lsa-global.com\/wp-content\/uploads\/2025\/03\/Thai.png?resize=1024%2C683&amp;ssl=1 1024w, https:\/\/i0.wp.com\/lsa-global.com\/wp-content\/uploads\/2025\/03\/Thai.png?resize=150%2C100&amp;ssl=1 150w, https:\/\/i0.wp.com\/lsa-global.com\/wp-content\/uploads\/2025\/03\/Thai.png?resize=768%2C512&amp;ssl=1 768w, https:\/\/i0.wp.com\/lsa-global.com\/wp-content\/uploads\/2025\/03\/Thai.png?resize=1536%2C1024&amp;ssl=1 1536w, https:\/\/i0.wp.com\/lsa-global.com\/wp-content\/uploads\/2025\/03\/Thai.png?resize=2048%2C1366&amp;ssl=1 2048w, https:\/\/i0.wp.com\/lsa-global.com\/wp-content\/uploads\/2025\/03\/Thai.png?resize=18%2C12&amp;ssl=1 18w, https:\/\/i0.wp.com\/lsa-global.com\/wp-content\/uploads\/2025\/03\/Thai.png?resize=370%2C247&amp;ssl=1 370w, https:\/\/i0.wp.com\/lsa-global.com\/wp-content\/uploads\/2025\/03\/Thai.png?resize=760%2C507&amp;ssl=1 760w\" sizes=\"(max-width: 300px) 100vw, 300px\" title=\"\">\t\t\t\t\t\t\t\t\t\t\t\t\t\t\t<\/div>\n\t\t\t\t\t<\/div>\n\t\t\t\t<\/div>\n\t\t\t\t<\/div>","protected":false},"excerpt":{"rendered":"<p>Professional Thai Translation Services \u2013 Accurate and Certified Expert Thai Translation Services for Businesses and Individuals Are you seeking high-quality&hellip;<\/p>","protected":false},"author":1,"featured_media":44085,"parent":0,"menu_order":0,"comment_status":"closed","ping_status":"closed","template":"","meta":{"jetpack_post_was_ever_published":false,"footnotes":""},"class_list":["post-43340","page","type-page","status-publish","has-post-thumbnail","hentry"],"jetpack_sharing_enabled":true,"jetpack_likes_enabled":true,"jetpack-related-posts":[],"jetpack_shortlink":"https:\/\/wp.me\/PerFda-bh2","_links":{"self":[{"href":"https:\/\/lsa-global.com\/it\/wp-json\/wp\/v2\/pages\/43340","targetHints":{"allow":["GET"]}}],"collection":[{"href":"https:\/\/lsa-global.com\/it\/wp-json\/wp\/v2\/pages"}],"about":[{"href":"https:\/\/lsa-global.com\/it\/wp-json\/wp\/v2\/types\/page"}],"author":[{"embeddable":true,"href":"https:\/\/lsa-global.com\/it\/wp-json\/wp\/v2\/users\/1"}],"replies":[{"embeddable":true,"href":"https:\/\/lsa-global.com\/it\/wp-json\/wp\/v2\/comments?post=43340"}],"version-history":[{"count":0,"href":"https:\/\/lsa-global.com\/it\/wp-json\/wp\/v2\/pages\/43340\/revisions"}],"wp:featuredmedia":[{"embeddable":true,"href":"https:\/\/lsa-global.com\/it\/wp-json\/wp\/v2\/media\/44085"}],"wp:attachment":[{"href":"https:\/\/lsa-global.com\/it\/wp-json\/wp\/v2\/media?parent=43340"}],"curies":[{"name":"wp","href":"https:\/\/api.w.org\/{rel}","templated":true}]}}