{"id":41860,"date":"2024-09-05T19:38:14","date_gmt":"2024-09-05T18:38:14","guid":{"rendered":"https:\/\/lsa-global.com\/?page_id=41860"},"modified":"2025-04-23T14:38:35","modified_gmt":"2025-04-23T13:38:35","slug":"competenza-nei-servizi-di-traduzione-intersettoriali","status":"publish","type":"page","link":"https:\/\/lsa-global.com\/it\/competenza-nei-servizi-di-traduzione-intersettoriali\/","title":{"rendered":"Competenza nei servizi di traduzione intersettoriale: eccellente e accurata"},"content":{"rendered":"<div data-elementor-type=\"wp-page\" data-elementor-id=\"41860\" class=\"elementor elementor-41860\" data-elementor-post-type=\"page\">\n\t\t\t\t<div class=\"elementor-element elementor-element-5bbeb3ac e-flex e-con-boxed e-con e-parent\" data-id=\"5bbeb3ac\" data-element_type=\"container\" data-e-type=\"container\">\n\t\t\t\t\t<div class=\"e-con-inner\">\n\t\t\t\t<div class=\"elementor-element elementor-element-17eb75a2 elementor-widget elementor-widget-text-editor\" data-id=\"17eb75a2\" data-element_type=\"widget\" data-e-type=\"widget\" data-widget_type=\"text-editor.default\">\n\t\t\t\t\t\t\t\t\t\n<p>Competenza nei servizi di traduzione intersettoriali<\/p>\n\n<p>\u00a0<\/p>\n\n<p>La competenza nei servizi di traduzione intersettoriali \u00e8 fondamentale nell&#039;attuale panorama aziendale globalizzato. Con la crescente necessit\u00e0 di una comunicazione efficace tra diversi settori e culture, le organizzazioni richiedono soluzioni linguistiche complete che soddisfino i loro requisiti specifici. Il nostro team di traduttori altamente qualificati possiede una vasta esperienza in un&#039;ampia gamma di settori, garantendo traduzioni accurate e culturalmente appropriate in vari settori come finanza, tecnologia, sanit\u00e0, legale e altro ancora.<\/p>\n\n<p>Grazie alla profonda comprensione delle sfumature e delle complessit\u00e0 di ogni settore, garantiamo traduzioni precise e contestualmente pertinenti che mantengono la professionalit\u00e0 e la credibilit\u00e0 dei tuoi contenuti. Affidati alla nostra competenza nei servizi di traduzione intersettoriali per superare le barriere linguistiche e facilitare una comunicazione fluida in un mondo sempre pi\u00f9 interconnesso.<\/p>\n\n<p>Il nostro team di traduttori esperti \u00e8 esperto nel fornire traduzioni di alta qualit\u00e0 in diversi settori. Comprendiamo l&#039;importanza di una comunicazione accurata e culturalmente sensibile nell&#039;attuale contesto aziendale globale. Che si tratti di finanza, tecnologia, sanit\u00e0, legale o altri settori, garantiamo traduzioni precise e contestualmente appropriate.<\/p>\n\n<p>Con i nostri servizi di traduzione intersettoriali, puoi superare con sicurezza le barriere linguistiche e facilitare una comunicazione fluida in un mondo interconnesso. Le nostre traduzioni precise e contestualmente pertinenti garantiscono la professionalit\u00e0 e la credibilit\u00e0 dei tuoi contenuti in diversi settori. Affidati alla nostra competenza per <span style=\"color: #000000;\">superare le barriere linguistiche e consentire una comunicazione fluida in un mondo interconnesso.<\/span><\/p>\n<p><span style=\"color: #000000;\"><\/span><\/p>\n<p><span style=\"color: #000000;\">Il nostro team di traduttori esperti fornisce traduzioni di alta qualit\u00e0 nei settori finanziario, tecnologico, sanitario, legale e altri. Comprendiamo l&#039;importanza di una comunicazione accurata e culturalmente sensibile nell&#039;attuale contesto aziendale globale. Con i nostri servizi di traduzione intersettoriali, colma con sicurezza le lacune linguistiche e facilita una comunicazione fluida.<\/span><\/p>\n<p><span style=\"color: #000000;\"><\/span><\/p>\n<p><span style=\"color: #000000;\">Come qualsiasi altra agenzia di traduzione professionale, abbiamo le nostre specializzazioni settoriali. Anche LSA.GLOBAL copre un&#039;ampia gamma di settori e nicchie di mercato.<\/span><\/p>\n<p><span style=\"color: #000000;\"><\/span><\/p>\n<p><span style=\"color: #000000;\">Ampia esperienza di traduzione in diversi settori.<\/span><br \/><span style=\"color: #000000;\">La nostra vasta esperienza e competenza in vari settori commerciali impegnativi, che vanno dall&#039;ingegneria e dalla finanza ai media e ai viaggi, ci hanno preparato a eccellere anche in molti altri. Indipendentemente dal settore, applichiamo costantemente un approccio rigoroso a tutto ci\u00f2 che facciamo, che si tratti di automotive, legale, editoria, vendita al dettaglio o qualsiasi altro campo. Abbiamo una profonda conoscenza della tua attivit\u00e0 e ci impegniamo a fornirti i servizi di traduzione di alta qualit\u00e0 necessari per il tuo successo nei mercati internazionali.<\/span><\/p>\n<p><span style=\"color: #000000;\"><\/span><\/p>\n<p><span style=\"color: #000000;\">Servizi di traduzione flessibili.<\/span><br \/><span style=\"color: #000000;\">Abbiamo una vasta gamma di competenze e abilit\u00e0. Che tu abbia bisogno di traduzione multilingue, transcreazione, localizzazione o lavorazione artistica, abbiamo quello che fa per te. La precisione \u00e8 garantita per qualsiasi lingua e qualsiasi tipo di progetto, che sia digitale o cartaceo. Possiamo eliminare le barriere linguistiche che la tua azienda incontra in qualsiasi settore e in qualsiasi paese. Tutto ci\u00f2 di cui hai bisogno \u00e8 il partner perfetto dell&#039;agenzia di traduzione.<\/span><\/p>\n<p><span style=\"color: #000000;\"><\/span><\/p>\n<p><span style=\"color: #000000;\">Abbiamo le competenze per assisterti con:<\/span><br \/><span style=\"color: #000000;\">\u2013 Campagne pubblicitarie<\/span><br \/><span style=\"color: #000000;\">\u2013 Informazioni cliniche Documentazione per sperimentazioni cliniche<\/span><br \/><span style=\"color: #000000;\">\u2013 Guide per i consumatori<\/span><br \/><span style=\"color: #000000;\">\u2013 Presentazioni<\/span><br \/><span style=\"color: #000000;\">\u2013 Vendita al dettaglio online<\/span><br \/><span style=\"color: #000000;\">\u2013 Apprendimento online<\/span><br \/><span style=\"color: #000000;\">\u2013 Linee guida per l\u2019utilizzo<\/span><br \/><span style=\"color: #000000;\">\u2013 Comunicazioni interne<\/span><br \/><span style=\"color: #000000;\">\u2013 Manuali di istruzioni e riviste accademiche<\/span><br \/><span style=\"color: #000000;\">\u2013 Fluente in pi\u00f9 lingue Search engine marketing (SEM)<\/span><br \/><span style=\"color: #000000;\">\u2013 Monografie<\/span><br \/><span style=\"color: #000000;\">- Confezione<\/span><br \/><span style=\"color: #000000;\">\u2013 Comunicazioni ai media<\/span><br \/><span style=\"color: #000000;\">\u2013 Campagne di informazione pubblica<\/span><br \/><span style=\"color: #000000;\">\u2013 File di registrazione<\/span><br \/><span style=\"color: #000000;\">\u2013 Documentazione normativa<\/span><br \/><span style=\"color: #000000;\">\u2013 Rapporti<\/span><br \/><span style=\"color: #000000;\">\u2013 Articoli di ricerca accademica<\/span><br \/><span style=\"color: #000000;\">\u2013 Social media e blog<\/span><br \/><span style=\"color: #000000;\">\u2013 Software per sottotitoli e voiceover<\/span><br \/><span style=\"color: #000000;\">\u2013 Libri di testo<\/span><br \/><span style=\"color: #000000;\">\u2013 Avvisi cautelativi<\/span><br \/><span style=\"color: #000000;\">\u2013 Siti web<\/span><br \/><span style=\"color: #000000;\">\u2013 Documenti informativi.<\/span><\/p>\n<p><span style=\"color: #000000;\"><\/span><\/p>\n<p><span style=\"color: #000000;\">In conclusione, i servizi di traduzione intersettoriali svolgono un ruolo fondamentale nel migliorare la comunicazione e la comprensione tra diversi settori. Dall&#039;elaborazione di campagne pubblicitarie accattivanti alla garanzia di chiarezza nella documentazione degli studi clinici, questi servizi colmano lacune linguistiche e culturali. Sono essenziali per creare guide informative per i consumatori, fornire presentazioni di impatto e supportare iniziative di vendita al dettaglio e apprendimento online.<\/span><\/p>\n<p><span style=\"color: #000000;\"><\/span><\/p>\n<p><span style=\"color: #000000;\">Inoltre, traduzioni efficaci di linee guida di utilizzo, comunicazioni interne e manuali di istruzioni contribuiscono all&#039;efficienza operativa e alla diffusione della conoscenza. La capacit\u00e0 di navigare fluentemente in pi\u00f9 lingue consente alle organizzazioni di ottimizzare le strategie di marketing sui motori di ricerca, pubblicare monografie accademiche e produrre packaging e annunci sui media precisi. In definitiva, i servizi di traduzione intersettoriali non solo facilitano le campagne di informazione pubblica e gestiscono i file di registrazione, ma promuovono anche una comunit\u00e0 globale pi\u00f9 interconnessa, rendendo la traduzione esperta indispensabile nel panorama multiforme di oggi.<\/span><\/p>\n\t\t\t\t\t\t\t\t<\/div>\n\t\t\t\t<div class=\"elementor-element elementor-element-6f1c86c elementor-widget elementor-widget-heading\" data-id=\"6f1c86c\" data-element_type=\"widget\" data-e-type=\"widget\" data-widget_type=\"heading.default\">\n\t\t\t\t\t<h3 class=\"elementor-heading-title elementor-size-default\">Andare oltre<\/h3>\t\t\t\t<\/div>\n\t\t\t\t<div class=\"elementor-element elementor-element-a0ab4c8 elementor-widget elementor-widget-text-editor\" data-id=\"a0ab4c8\" data-element_type=\"widget\" data-e-type=\"widget\" data-widget_type=\"text-editor.default\">\n\t\t\t\t\t\t\t\t\t<h5><a href=\"https:\/\/lsa-global.com\/it\/imparare-la-lingua-tedesca\/\"><span style=\"color: #ff0000;\">Preventivo gratuito<\/span><\/a><\/h5>\t\t\t\t\t\t\t\t<\/div>\n\t\t\t\t<div class=\"elementor-element elementor-element-60424aa elementor-widget elementor-widget-text-editor\" data-id=\"60424aa\" data-element_type=\"widget\" data-e-type=\"widget\" data-widget_type=\"text-editor.default\">\n\t\t\t\t\t\t\t\t\t<h5><a href=\"https:\/\/lsa-global.com\/it\/messaggi\/\"><span style=\"color: #ff0000;\">Altri post<\/span><\/a><\/h5>\t\t\t\t\t\t\t\t<\/div>\n\t\t\t\t<div class=\"elementor-element elementor-element-9c1ba53 elementor-widget elementor-widget-text-editor\" data-id=\"9c1ba53\" data-element_type=\"widget\" data-e-type=\"widget\" data-widget_type=\"text-editor.default\">\n\t\t\t\t\t\t\t\t\t<h5><a href=\"https:\/\/lsaglobal-translate.co.uk\/services\/translation-services\/\" target=\"_blank\" rel=\"noopener\"><span style=\"color: #ff0000;\">Esperto di traduzione.<\/span><\/a><\/h5>\t\t\t\t\t\t\t\t<\/div>\n\t\t\t\t\t<\/div>\n\t\t\t\t<\/div>\n\t\t\t\t<\/div>","protected":false},"excerpt":{"rendered":"<p>Cross-industry translation services expertise \u00a0 Cross-industry translation services expertise is crucial in today&#8217;s globalized business landscape. With the increasing need&hellip;<\/p>","protected":false},"author":1,"featured_media":36943,"parent":0,"menu_order":0,"comment_status":"closed","ping_status":"closed","template":"","meta":{"jetpack_post_was_ever_published":false,"footnotes":""},"class_list":["post-41860","page","type-page","status-publish","has-post-thumbnail","hentry"],"jetpack_sharing_enabled":true,"jetpack_likes_enabled":true,"jetpack-related-posts":[],"jetpack_shortlink":"https:\/\/wp.me\/PerFda-aTa","_links":{"self":[{"href":"https:\/\/lsa-global.com\/it\/wp-json\/wp\/v2\/pages\/41860","targetHints":{"allow":["GET"]}}],"collection":[{"href":"https:\/\/lsa-global.com\/it\/wp-json\/wp\/v2\/pages"}],"about":[{"href":"https:\/\/lsa-global.com\/it\/wp-json\/wp\/v2\/types\/page"}],"author":[{"embeddable":true,"href":"https:\/\/lsa-global.com\/it\/wp-json\/wp\/v2\/users\/1"}],"replies":[{"embeddable":true,"href":"https:\/\/lsa-global.com\/it\/wp-json\/wp\/v2\/comments?post=41860"}],"version-history":[{"count":0,"href":"https:\/\/lsa-global.com\/it\/wp-json\/wp\/v2\/pages\/41860\/revisions"}],"wp:featuredmedia":[{"embeddable":true,"href":"https:\/\/lsa-global.com\/it\/wp-json\/wp\/v2\/media\/36943"}],"wp:attachment":[{"href":"https:\/\/lsa-global.com\/it\/wp-json\/wp\/v2\/media?parent=41860"}],"curies":[{"name":"wp","href":"https:\/\/api.w.org\/{rel}","templated":true}]}}