{"id":36414,"date":"2024-04-04T20:57:52","date_gmt":"2024-04-04T19:57:52","guid":{"rendered":"https:\/\/lsa-global.com\/login\/"},"modified":"2025-06-24T18:35:45","modified_gmt":"2025-06-24T17:35:45","slug":"politica-sui-cookie-lsa-global","status":"publish","type":"page","link":"https:\/\/lsa-global.com\/it\/politica-sui-cookie-lsa-global\/","title":{"rendered":"Politica sui cookie"},"content":{"rendered":"<div data-elementor-type=\"wp-page\" data-elementor-id=\"36414\" class=\"elementor elementor-36414\" data-elementor-post-type=\"page\">\n\t\t\t\t<div class=\"elementor-element elementor-element-200315b5 e-flex e-con-boxed e-con e-parent\" data-id=\"200315b5\" data-element_type=\"container\" data-e-type=\"container\">\n\t\t\t\t\t<div class=\"e-con-inner\">\n\t\t\t\t<div class=\"elementor-element elementor-element-30d9b183 elementor-widget elementor-widget-text-editor\" data-id=\"30d9b183\" data-element_type=\"widget\" data-e-type=\"widget\" data-widget_type=\"text-editor.default\">\n\t\t\t\t\t\t\t\t\t<div class=\"wp-block-image\">\n<figure class=\"aligncenter size-full\"><img fetchpriority=\"high\" decoding=\"async\" width=\"1024\" height=\"512\" data-attachment-id=\"36458\" data-permalink=\"https:\/\/lsa-global.com\/it\/politica-sui-cookie-lsa-global\/cookie-policy-2\/\" data-orig-file=\"https:\/\/i0.wp.com\/lsa-global.com\/wp-content\/uploads\/2024\/04\/cookie-policy.jpg?fit=1024%2C512&amp;ssl=1\" data-orig-size=\"1024,512\" data-comments-opened=\"0\" data-image-meta=\"{&quot;aperture&quot;:&quot;0&quot;,&quot;credit&quot;:&quot;&quot;,&quot;camera&quot;:&quot;&quot;,&quot;caption&quot;:&quot;&quot;,&quot;created_timestamp&quot;:&quot;0&quot;,&quot;copyright&quot;:&quot;&quot;,&quot;focal_length&quot;:&quot;0&quot;,&quot;iso&quot;:&quot;0&quot;,&quot;shutter_speed&quot;:&quot;0&quot;,&quot;title&quot;:&quot;&quot;,&quot;orientation&quot;:&quot;1&quot;}\" data-image-title=\"cookie-policy\" data-image-description=\"&lt;p&gt;Cookie policy&lt;\/p&gt;\" data-image-caption=\"\" data-large-file=\"https:\/\/i0.wp.com\/lsa-global.com\/wp-content\/uploads\/2024\/04\/cookie-policy.jpg?fit=1024%2C512&amp;ssl=1\" data-recalc-dims=\"1\" class=\"wp-image-36458\" src=\"https:\/\/i0.wp.com\/lsa-global.com\/wp-content\/uploads\/2024\/04\/cookie-policy.jpg?w=1280&#038;ssl=1\" alt=\"politica sui cookie\" title=\"\" srcset=\"https:\/\/i0.wp.com\/lsa-global.com\/wp-content\/uploads\/2024\/04\/cookie-policy.jpg?w=1024&amp;ssl=1 1024w, https:\/\/i0.wp.com\/lsa-global.com\/wp-content\/uploads\/2024\/04\/cookie-policy.jpg?resize=300%2C150&amp;ssl=1 300w, https:\/\/i0.wp.com\/lsa-global.com\/wp-content\/uploads\/2024\/04\/cookie-policy.jpg?resize=150%2C75&amp;ssl=1 150w, https:\/\/i0.wp.com\/lsa-global.com\/wp-content\/uploads\/2024\/04\/cookie-policy.jpg?resize=768%2C384&amp;ssl=1 768w, https:\/\/i0.wp.com\/lsa-global.com\/wp-content\/uploads\/2024\/04\/cookie-policy.jpg?resize=370%2C185&amp;ssl=1 370w, https:\/\/i0.wp.com\/lsa-global.com\/wp-content\/uploads\/2024\/04\/cookie-policy.jpg?resize=760%2C380&amp;ssl=1 760w\" sizes=\"(max-width: 1024px) 100vw, 1024px\" \/><\/figure>\n<\/div>\n<p>Politica sui cookie<\/p>\n\n<p>Aggiornato il 2024-04-06<\/p>\n\n<p>Informativa sui cookie: <strong>Definizioni e termini chiave<\/strong><\/p>\n\n<p>Per aiutare a spiegare le cose nel modo pi\u00f9 chiaro possibile nella presente Politica sui cookie, ogni volta che si fa riferimento a uno qualsiasi di questi termini, questi sono rigorosamente definiti come:<\/p>\n\n<p>\u00a0 -Cookie:\u00a0small amount of data generated by a website and saved by your web browser. It is used to identify your browser, provide analytics, remember information about you such as your language preference or login information.<\/p>\n\n<p>\u00a0 -Societ\u00e0: quando questa politica menziona &quot;Societ\u00e0&quot;, &quot;noi&quot;, &quot;ci&quot; o &quot;nostro&quot;, si riferisce a LSA.GLOBAL Language Service Academy, che \u00e8 responsabile delle tue informazioni ai sensi della presente Politica sui cookie.<\/p>\n\n<p>\u00a0 -Device:\u00a0any internet connected device such as a phone, tablet, computer or any other device that can be used to visit LSA.GLOBAL Language Service Academy and use the services.<\/p>\n\n<p>\u00a0 -Dato personale: qualunque informazione che, direttamente o indirettamente, anche in collegamento con qualsiasi altra informazione, ivi compreso un numero di identificazione personale, renda identificata o identificabile una persona fisica.<\/p>\n\n<p>\u00a0 -Servizio: si riferisce al servizio fornito da LSA.GLOBAL Language Service Academy come descritto nei relativi termini (se disponibili) e su questa piattaforma.<\/p>\n\n<p>\u00a0 -Third-party service:\u00a0refers to advertisers, contest sponsors, promotional and marketing partners, and others who provide our content or whose products or services we think may interest you.<\/p>\n\n<p>\u00a0 -Sito web: sito di LSA.GLOBAL Language Service Academy.\u201d, a cui si pu\u00f2 accedere tramite questo URL: lsaglobal-translate.co.uk<\/p>\n\n<p>\u00a0 - Tu: una persona o entit\u00e0 registrata presso LSA.GLOBAL Language Service Academy per utilizzare i Servizi.<\/p>\n\n<p>Informativa sui cookie: <strong>Introduzione<\/strong><\/p>\n\n<p>Questa Politica sui cookie spiega come LSA.GLOBAL Language Service Academy e le sue affiliate (collettivamente &quot;LSA.GLOBAL Language Service Academy&quot;, &quot;noi&quot;, &quot;ci&quot; e &quot;nostro&quot;), utilizzano cookie e tecnologie simili per riconoscerti quando visiti il nostro sito Web, inclusi senza limitazioni lsaglobal-translate.co.uk e tutti gli URL correlati, versioni mobili o localizzate e domini \/ sottodomini correlati (&quot;Siti Web&quot;). Spiega cosa sono queste tecnologie e perch\u00e9 le utilizziamo, nonch\u00e9 le scelte su come controllarle.<\/p>\n\n<p>Che cosa \u00e8 un cookie?<\/p>\n\n<p>Un cookie \u00e8 un piccolo file di testo che viene memorizzato sul tuo computer o altro dispositivo connesso a Internet per identificare il tuo browser, fornire analisi, ricordare informazioni su di te come la tua preferenza di lingua o le informazioni di accesso. Sono completamente sicuri e non possono essere utilizzati per eseguire programmi o inviare virus al tuo dispositivo.<\/p>\n\n<p><strong>Perch\u00e9 utilizziamo i cookie?<\/strong><\/p>\n\n<p>Utilizziamo cookie proprietari e\/o di terze parti sul nostro sito web per vari scopi, tra cui:<\/p>\n\n<p>\u00a0 - Per facilitare il funzionamento e la funzionalit\u00e0 del nostro sito web;<\/p>\n\n<p>\u00a0 - Per migliorare la tua esperienza sul nostro sito web e rendere la navigazione al suo interno pi\u00f9 rapida e semplice;<\/p>\n\n<p>\u00a0 - Per consentirci di creare un&#039;esperienza utente personalizzata per te e di capire cosa \u00e8 utile o di tuo interesse;<\/p>\n\n<p>\u00a0 - Per analizzare come viene utilizzato il nostro sito web e come possiamo personalizzarlo al meglio;<\/p>\n\n<p>\u00a0 - Per identificare potenziali clienti futuri e personalizzare le interazioni di marketing e vendita con essi;<\/p>\n\n<p>\u00a0 - Per adattare la pubblicit\u00e0 online ai tuoi interessi.<\/p>\n\n<p>Che tipo di cookie utilizza LSA.GLOBAL Language Service Academy?<\/p>\n\n<p>I cookie possono essere cookie di sessione o cookie persistenti. Un cookie di sessione scade automaticamente quando chiudi il browser. Un cookie persistente rimarr\u00e0 finch\u00e9 non scade o non elimini i cookie. Le date di scadenza sono impostate nei cookie stessi; alcuni possono scadere dopo pochi minuti, mentre altri possono scadere dopo diversi anni. I cookie inseriti dal sito Web che stai visitando sono chiamati &quot;cookie di prima parte&quot;.<\/p>\n\n<p>I cookie strettamente necessari sono necessari per il funzionamento del nostro sito Web e non possono essere disattivati nei nostri sistemi. Sono essenziali per consentirti di navigare nel sito Web e utilizzare le sue funzionalit\u00e0. Se rimuovi o disabiliti questi cookie, non possiamo garantire che sarai in grado di utilizzare il nostro sito Web.<\/p>\n\n<p>Utilizziamo i seguenti tipi di cookie nel nostro sito web:<\/p>\n\n<p><strong>Esclusione di responsabilit\u00e0 per errori e omissioni<\/strong><\/p>\n\n<p>LSA.GLOBAL Language Service Academy non \u00e8 responsabile per alcun contenuto, codice o qualsiasi altra imprecisione.<\/p>\n\n<p>LSA.GLOBAL Language Service Academy non fornisce garanzie o assicurazioni.<\/p>\n\n<p>In nessun caso LSA.GLOBAL Language Service Academy sar\u00e0 ritenuta responsabile per danni speciali, diretti, indiretti, consequenziali o incidentali o per qualsiasi altro danno, sia in un&#039;azione contrattuale, negligenza o altro illecito civile, derivante da o in connessione con l&#039;uso del Servizio o dei contenuti del Servizio. LSA.GLOBAL Language Service Academy si riserva il diritto di apportare aggiunte, eliminazioni o modifiche ai contenuti del Servizio in qualsiasi momento e senza preavviso.<\/p>\n\n<p><strong>Disclaimer generale<\/strong><\/p>\n\n<p>Il Servizio LSA.GLOBAL Language Service Academy e i suoi contenuti sono forniti &quot;cos\u00ec come sono&quot; e &quot;come disponibili&quot; senza alcuna garanzia o dichiarazione di alcun tipo, espressa o implicita. LSA.GLOBAL Language Service Academy \u00e8 un distributore e non un editore dei contenuti forniti da terze parti; in quanto tale, LSA.GLOBAL Language Service Academy non esercita alcun controllo editoriale su tali contenuti e non rilascia alcuna garanzia o dichiarazione circa l&#039;accuratezza, l&#039;affidabilit\u00e0 o l&#039;attualit\u00e0 di qualsiasi informazione, contenuto, servizio o merce forniti tramite o accessibili tramite il Servizio LSA.GLOBAL Language Service Academy.<\/p>\n\n<p>Fatto salvo quanto precede, LSA.GLOBAL Language Service Academy declina espressamente ogni garanzia e dichiarazione in merito a qualsiasi contenuto trasmesso sul Servizio LSA.GLOBAL Language Service Academy o in connessione con esso o su siti che possono apparire come link sul Servizio LSA.GLOBAL Language Service Academy, o nei prodotti forniti come parte del Servizio LSA.GLOBAL Language Service Academy o altrimenti in connessione con esso, comprese, senza limitazioni, tutte le garanzie di commerciabilit\u00e0, idoneit\u00e0 per uno scopo particolare o non violazione dei diritti di terzi.<\/p>\n\n<p>Nessun consiglio orale o informazione scritta fornita da LSA.GLOBAL Language Service Academy o da uno qualsiasi dei suoi affiliati, dipendenti, funzionari, direttori, agenti o simili creer\u00e0 una garanzia. Le informazioni su prezzi e disponibilit\u00e0 sono soggette a modifica senza preavviso. Senza limitare quanto sopra, LSA.GLOBAL Language Service Academy non garantisce che il Servizio LSA.GLOBAL Language Service Academy sar\u00e0 ininterrotto, non corrotto, tempestivo o privo di errori.<\/p>\n\n<p><strong>Cookie essenziali<\/strong><\/p>\n\n<p>Utilizziamo cookie essenziali per far funzionare il nostro sito web. Questi cookie sono strettamente necessari per abilitare funzionalit\u00e0 di base come sicurezza, gestione della rete, preferenze sui cookie e accessibilit\u00e0. Senza di essi non saresti in grado di utilizzare i servizi di base. Puoi disattivarli modificando le impostazioni del tuo browser, ma ci\u00f2 potrebbe influire sul funzionamento dei siti web.<\/p>\n\n<p>Cookie di prestazione e funzionalit\u00e0<\/p>\n\n<p>Questi cookie vengono utilizzati per migliorare le prestazioni e la funzionalit\u00e0 del nostro sito Web, ma non sono essenziali per il loro utilizzo. Tuttavia, senza questi cookie, alcune funzionalit\u00e0 come i video potrebbero non essere disponibili o ti verrebbe richiesto di inserire i tuoi dati di accesso ogni volta che visiti il sito Web, poich\u00e9 non saremmo in grado di ricordare che hai effettuato l&#039;accesso in precedenza.<\/p>\n\n<p>Cookie di marketing<\/p>\n\n<p>Questi cookie di marketing basati sugli account ci consentono di identificare potenziali clienti futuri e di personalizzare con loro le interazioni di vendita e marketing.<\/p>\n\n<p><strong>Cookie di analisi e personalizzazione<\/strong><\/p>\n\n<p>Questi cookie raccolgono informazioni che vengono utilizzate per aiutarci a capire come viene utilizzato il nostro sito web o quanto sono efficaci le nostre campagne di marketing, oppure per aiutarci a personalizzare il nostro sito web per te.<\/p>\n\n<p>We use cookies served by Google Analytics to collect limited data directly from end-user browsers to enable us to better understand your use of our website. Further information on how Google collects and uses this data can be found at:\u00a0https:\/\/www.google.com\/policies\/privacy\/partners\/. You can opt-out of all Google supported analytics on our Websites by visiting:\u00a0https:\/\/tools.google.com\/dlpage\/gaoptout.<\/p>\n\n<p>Cookie pubblicitari<\/p>\n\n<p>Questi cookie raccolgono informazioni nel tempo sulla tua attivit\u00e0 online sul sito Web e altri servizi online per rendere gli annunci pubblicitari online pi\u00f9 pertinenti ed efficaci per te. Questo \u00e8 noto come pubblicit\u00e0 basata sugli interessi. Svolgono anche funzioni come impedire che lo stesso annuncio venga ripresentato continuamente e garantire che gli annunci vengano visualizzati correttamente per gli inserzionisti. Senza cookie, \u00e8 davvero difficile per un inserzionista raggiungere il suo pubblico o sapere quanti annunci sono stati mostrati e quanti clic hanno ricevuto.<\/p>\n\n<p><strong>Cookie dei social media<\/strong><\/p>\n\n<p>Questi cookie vengono utilizzati quando condividi informazioni utilizzando un pulsante di condivisione sui social media o un pulsante &quot;mi piace&quot; sul nostro sito o colleghi il tuo account o interagisci con i nostri contenuti su o tramite un sito Web di social network come Facebook, Twitter o Google+. Il social network registrer\u00e0 che hai fatto ci\u00f2. Questi cookie possono anche includere un certo codice che \u00e8 stato inserito sulla piattaforma per aiutare a tracciare le conversioni dagli annunci, ottimizzare gli annunci in base ai dati raccolti, creare un pubblico mirato per annunci futuri e fare remarketing a utenti qualificati che hanno gi\u00e0 eseguito determinate azioni sulla piattaforma.<\/p>\n\n<p>Cookie di terze parti<\/p>\n\n<p>Alcuni cookie che sono stati impostati sul nostro sito Web non sono impostati su base di prima parte da LSA.GLOBAL Language Service Academy. I siti Web possono essere incorporati con contenuti di terze parti per servire pubblicit\u00e0. Questi fornitori di servizi di terze parti possono impostare i propri cookie sul tuo browser Web. I fornitori di servizi di terze parti controllano molti dei cookie di prestazioni e funzionalit\u00e0, pubblicit\u00e0, marketing e analisi descritti sopra. Non controlliamo l&#039;uso di questi cookie di terze parti poich\u00e9 i cookie sono accessibili solo dalla terza parte che li ha impostati originariamente.<\/p>\n\n<p>Come puoi gestire i cookie?<\/p>\n\n<p>La maggior parte dei browser consente di controllare i cookie tramite le preferenze delle &quot;impostazioni&quot;. Tuttavia, se si limita la capacit\u00e0 dei siti Web di impostare i cookie, si potrebbe peggiorare l&#039;esperienza utente complessiva, poich\u00e9 non sar\u00e0 pi\u00f9 personalizzata per te. Potrebbe anche impedirti di salvare impostazioni personalizzate come le informazioni di accesso. I produttori di browser forniscono pagine di aiuto relative alla gestione dei cookie nei loro prodotti.<\/p>\n\n<p>I produttori di browser forniscono pagine di aiuto relative alla gestione dei cookie nei loro prodotti. Per maggiori informazioni, vedere di seguito.<\/p>\n\n<p>\u00a0 -Google Chrome<\/p>\n\n<p>\u00a0 -Internet Explorer<\/p>\n\n<p>\u00a0 -Mozilla Firefox<\/p>\n\n<p>\u00a0 -Safari (Desktop)<\/p>\n\n<p>\u00a0 -Safari (cellulare)<\/p>\n\n<p>\u00a0 -Browser Android<\/p>\n\n<p>\u00a0 -Opera<\/p>\n\n<p>\u00a0 -Opera Mobile<\/p>\n\n<p>Blocco e disabilitazione dei cookie e tecnologie simili<\/p>\n\n<p>Ovunque ti trovi, puoi anche impostare il tuo browser per bloccare i cookie e tecnologie simili, ma questa azione potrebbe bloccare i nostri cookie essenziali e impedire al nostro sito Web di funzionare correttamente e potresti non essere in grado di utilizzare appieno tutte le sue funzionalit\u00e0 e servizi. Dovresti anche essere consapevole che potresti anche perdere alcune informazioni salvate (ad esempio dettagli di accesso salvati, preferenze del sito) se blocchi i cookie sul tuo browser. Diversi browser mettono a tua disposizione controlli diversi. La disattivazione di un cookie o di una categoria di cookie non elimina il cookie dal tuo browser, dovrai farlo tu stesso dal tuo browser, dovresti visitare il menu della guida del tuo browser per maggiori informazioni.<\/p>\n\n<p><strong>Modifiche alla nostra politica sui cookie<\/strong><\/p>\n\n<p>Potremmo modificare il nostro Servizio e le nostre politiche e potremmo dover apportare modifiche alla presente Politica sui cookie in modo che riflettano accuratamente il nostro Servizio e le nostre politiche. Salvo diversamente richiesto dalla legge, ti informeremo (ad esempio, tramite il nostro Servizio) prima di apportare modifiche alla presente Politica sui cookie e ti daremo l&#039;opportunit\u00e0 di esaminarle prima che entrino in vigore. Quindi, se continui a utilizzare il Servizio, sarai vincolato dalla Politica sui cookie aggiornata. Se non desideri accettare questa o qualsiasi Politica sui cookie aggiornata, puoi eliminare il tuo account.<\/p>\n\n<p>Il tuo consenso<\/p>\n\n<p>Utilizzando il nostro sito web, registrando un account o effettuando un acquisto, acconsenti alla nostra Politica sui cookie e accetti i relativi termini.<\/p>\n\n<p><strong>Contattaci<\/strong><\/p>\n\n<p>Non esitate a contattarci per qualsiasi domanda riguardante la nostra Politica sui cookie.<\/p>\n<p>United States of America:<\/p>\n<p>Office 91, 254 Chapman Rd, Suite 101-B, Newark, Delaware, 19702, USA,<\/p>\n<p>lsa-global.com<\/p>\n<p>contacts@lsa-global.com<\/p>\n<p>Office Phone: +1 3156 540 253<\/p>\n<p>O<\/p>\n\n<p>\u00a0-Via Email:\u00a0 infos@lsaglobal-translate.co.uk<\/p>\n\n<p>\u00a0-Via Phone Number:\u00a0 07378461403<\/p>\n\n<p>\u00a0-Via this Link:\u00a0 lsaglobal-translate.co.uk<\/p>\n\n<p>\u00a0-Tramite questo indirizzo: 182-184 High Street North East Ham London E6 2JA<\/p>\n\n<figure class=\"wp-block-image size-full\"><img fetchpriority=\"high\" decoding=\"async\" width=\"1024\" height=\"512\" data-attachment-id=\"36458\" data-permalink=\"https:\/\/lsa-global.com\/it\/politica-sui-cookie-lsa-global\/cookie-policy-2\/\" data-orig-file=\"https:\/\/i0.wp.com\/lsa-global.com\/wp-content\/uploads\/2024\/04\/cookie-policy.jpg?fit=1024%2C512&amp;ssl=1\" data-orig-size=\"1024,512\" data-comments-opened=\"0\" data-image-meta=\"{&quot;aperture&quot;:&quot;0&quot;,&quot;credit&quot;:&quot;&quot;,&quot;camera&quot;:&quot;&quot;,&quot;caption&quot;:&quot;&quot;,&quot;created_timestamp&quot;:&quot;0&quot;,&quot;copyright&quot;:&quot;&quot;,&quot;focal_length&quot;:&quot;0&quot;,&quot;iso&quot;:&quot;0&quot;,&quot;shutter_speed&quot;:&quot;0&quot;,&quot;title&quot;:&quot;&quot;,&quot;orientation&quot;:&quot;1&quot;}\" data-image-title=\"cookie-policy\" data-image-description=\"&lt;p&gt;Cookie policy&lt;\/p&gt;\" data-image-caption=\"\" data-large-file=\"https:\/\/i0.wp.com\/lsa-global.com\/wp-content\/uploads\/2024\/04\/cookie-policy.jpg?fit=1024%2C512&amp;ssl=1\" data-recalc-dims=\"1\" class=\"wp-image-36458\" src=\"https:\/\/i0.wp.com\/lsa-global.com\/wp-content\/uploads\/2024\/04\/cookie-policy.jpg?w=1280&#038;ssl=1\" alt=\"politica sui cookie\" title=\"\" srcset=\"https:\/\/i0.wp.com\/lsa-global.com\/wp-content\/uploads\/2024\/04\/cookie-policy.jpg?w=1024&amp;ssl=1 1024w, https:\/\/i0.wp.com\/lsa-global.com\/wp-content\/uploads\/2024\/04\/cookie-policy.jpg?resize=300%2C150&amp;ssl=1 300w, https:\/\/i0.wp.com\/lsa-global.com\/wp-content\/uploads\/2024\/04\/cookie-policy.jpg?resize=150%2C75&amp;ssl=1 150w, https:\/\/i0.wp.com\/lsa-global.com\/wp-content\/uploads\/2024\/04\/cookie-policy.jpg?resize=768%2C384&amp;ssl=1 768w, https:\/\/i0.wp.com\/lsa-global.com\/wp-content\/uploads\/2024\/04\/cookie-policy.jpg?resize=370%2C185&amp;ssl=1 370w, https:\/\/i0.wp.com\/lsa-global.com\/wp-content\/uploads\/2024\/04\/cookie-policy.jpg?resize=760%2C380&amp;ssl=1 760w\" sizes=\"(max-width: 1024px) 100vw, 1024px\" \/><figcaption><\/figcaption><\/figure>\n\t\t\t\t\t\t\t\t<\/div>\n\t\t\t\t<div class=\"elementor-element elementor-element-df8d495 elementor-widget elementor-widget-heading\" data-id=\"df8d495\" data-element_type=\"widget\" data-e-type=\"widget\" data-widget_type=\"heading.default\">\n\t\t\t\t\t<h2 class=\"elementor-heading-title elementor-size-default\">Andare oltre<\/h2>\t\t\t\t<\/div>\n\t\t\t\t<div class=\"elementor-element elementor-element-06eb239 elementor-widget elementor-widget-text-editor\" data-id=\"06eb239\" data-element_type=\"widget\" data-e-type=\"widget\" data-widget_type=\"text-editor.default\">\n\t\t\t\t\t\t\t\t\t<h5><a href=\"https:\/\/lsa-global.com\/it\/imparare-la-lingua-tedesca\/\"><span style=\"color: #ff0000;\">Corso di tedesco<\/span><\/a><\/h5>\t\t\t\t\t\t\t\t<\/div>\n\t\t\t\t<div class=\"elementor-element elementor-element-2cc24b5 elementor-widget elementor-widget-text-editor\" data-id=\"2cc24b5\" data-element_type=\"widget\" data-e-type=\"widget\" data-widget_type=\"text-editor.default\">\n\t\t\t\t\t\t\t\t\t<h5><a href=\"https:\/\/lsa-global.com\/it\/imparare-la-lingua-tedesca\/\"><span style=\"color: #ff0000;\">Preventivo gratuito<\/span><\/a><\/h5>\t\t\t\t\t\t\t\t<\/div>\n\t\t\t\t<div class=\"elementor-element elementor-element-d6c8b96 elementor-widget elementor-widget-text-editor\" data-id=\"d6c8b96\" data-element_type=\"widget\" data-e-type=\"widget\" data-widget_type=\"text-editor.default\">\n\t\t\t\t\t\t\t\t\t<h5><a href=\"https:\/\/lsaglobal-translate.co.uk\/services\/translation-services\/\" target=\"_blank\" rel=\"noopener\"><span style=\"color: #ff0000;\">Esperto di traduzione.<\/span><\/a><\/h5>\t\t\t\t\t\t\t\t<\/div>\n\t\t\t\t\t<\/div>\n\t\t\t\t<\/div>\n\t\t\t\t<\/div>","protected":false},"excerpt":{"rendered":"<p>Cookie Policy Updated at 2024-04-06 Cookie Policy: Definitions and key terms To help explain things as clearly as possible in&hellip;<\/p>","protected":false},"author":1,"featured_media":36458,"parent":0,"menu_order":0,"comment_status":"closed","ping_status":"closed","template":"","meta":{"jetpack_post_was_ever_published":false,"footnotes":""},"class_list":["post-36414","page","type-page","status-publish","has-post-thumbnail","hentry"],"jetpack_sharing_enabled":true,"jetpack_likes_enabled":true,"jetpack-related-posts":[],"jetpack_shortlink":"https:\/\/wp.me\/PerFda-9tk","_links":{"self":[{"href":"https:\/\/lsa-global.com\/it\/wp-json\/wp\/v2\/pages\/36414","targetHints":{"allow":["GET"]}}],"collection":[{"href":"https:\/\/lsa-global.com\/it\/wp-json\/wp\/v2\/pages"}],"about":[{"href":"https:\/\/lsa-global.com\/it\/wp-json\/wp\/v2\/types\/page"}],"author":[{"embeddable":true,"href":"https:\/\/lsa-global.com\/it\/wp-json\/wp\/v2\/users\/1"}],"replies":[{"embeddable":true,"href":"https:\/\/lsa-global.com\/it\/wp-json\/wp\/v2\/comments?post=36414"}],"version-history":[{"count":0,"href":"https:\/\/lsa-global.com\/it\/wp-json\/wp\/v2\/pages\/36414\/revisions"}],"wp:featuredmedia":[{"embeddable":true,"href":"https:\/\/lsa-global.com\/it\/wp-json\/wp\/v2\/media\/36458"}],"wp:attachment":[{"href":"https:\/\/lsa-global.com\/it\/wp-json\/wp\/v2\/media?parent=36414"}],"curies":[{"name":"wp","href":"https:\/\/api.w.org\/{rel}","templated":true}]}}