{"id":3525,"date":"2022-08-27T09:44:57","date_gmt":"2022-08-27T09:44:57","guid":{"rendered":"https:\/\/lsa-global.com\/?page_id=3525"},"modified":"2025-04-25T12:09:49","modified_gmt":"2025-04-25T11:09:49","slug":"servizi-di-copywriting-professionale","status":"publish","type":"page","link":"https:\/\/lsa-global.com\/it\/servizi-di-copywriting-professionale\/","title":{"rendered":"SERVIZI DI COPYWRITING PROFESSIONALE"},"content":{"rendered":"<div data-elementor-type=\"wp-page\" data-elementor-id=\"3525\" class=\"elementor elementor-3525\" data-elementor-post-type=\"page\">\n\t\t\t\t<div class=\"elementor-element elementor-element-3aaba105 e-flex e-con-boxed e-con e-parent\" data-id=\"3aaba105\" data-element_type=\"container\" data-e-type=\"container\">\n\t\t\t\t\t<div class=\"e-con-inner\">\n\t\t\t\t<div class=\"elementor-element elementor-element-8af65ab elementor-widget elementor-widget-image\" data-id=\"8af65ab\" data-element_type=\"widget\" data-e-type=\"widget\" data-widget_type=\"image.default\">\n\t\t\t\t\t\t\t\t\t\t\t\t\t\t\t<img fetchpriority=\"high\" decoding=\"async\" data-attachment-id=\"29200\" data-permalink=\"https:\/\/lsa-global.com\/professional-copywriting-services\/photo-by-mailchimp\/\" data-orig-file=\"https:\/\/i0.wp.com\/lsa-global.com\/wp-content\/uploads\/2023\/07\/lax4e6gl06s.jpg?fit=960%2C1200&amp;ssl=1\" data-orig-size=\"960,1200\" data-comments-opened=\"0\" data-image-meta=\"{&quot;aperture&quot;:&quot;0&quot;,&quot;credit&quot;:&quot;&quot;,&quot;camera&quot;:&quot;&quot;,&quot;caption&quot;:&quot;&quot;,&quot;created_timestamp&quot;:&quot;0&quot;,&quot;copyright&quot;:&quot;&quot;,&quot;focal_length&quot;:&quot;0&quot;,&quot;iso&quot;:&quot;0&quot;,&quot;shutter_speed&quot;:&quot;0&quot;,&quot;title&quot;:&quot;&quot;,&quot;orientation&quot;:&quot;0&quot;}\" data-image-title=\"Professional Copywriting Services\" data-image-description=\"\" data-image-caption=\"\" data-large-file=\"https:\/\/i0.wp.com\/lsa-global.com\/wp-content\/uploads\/2023\/07\/lax4e6gl06s.jpg?fit=819%2C1024&amp;ssl=1\" width=\"240\" height=\"300\" src=\"https:\/\/i0.wp.com\/lsa-global.com\/wp-content\/uploads\/2023\/07\/lax4e6gl06s.jpg?fit=240%2C300&amp;ssl=1\" class=\"attachment-medium size-medium wp-image-29200\" alt=\"Servizi di copywriting professionale\" srcset=\"https:\/\/i0.wp.com\/lsa-global.com\/wp-content\/uploads\/2023\/07\/lax4e6gl06s.jpg?w=960&amp;ssl=1 960w, https:\/\/i0.wp.com\/lsa-global.com\/wp-content\/uploads\/2023\/07\/lax4e6gl06s.jpg?resize=240%2C300&amp;ssl=1 240w, https:\/\/i0.wp.com\/lsa-global.com\/wp-content\/uploads\/2023\/07\/lax4e6gl06s.jpg?resize=819%2C1024&amp;ssl=1 819w, https:\/\/i0.wp.com\/lsa-global.com\/wp-content\/uploads\/2023\/07\/lax4e6gl06s.jpg?resize=768%2C960&amp;ssl=1 768w, https:\/\/i0.wp.com\/lsa-global.com\/wp-content\/uploads\/2023\/07\/lax4e6gl06s.jpg?resize=370%2C463&amp;ssl=1 370w, https:\/\/i0.wp.com\/lsa-global.com\/wp-content\/uploads\/2023\/07\/lax4e6gl06s.jpg?resize=760%2C950&amp;ssl=1 760w\" sizes=\"(max-width: 240px) 100vw, 240px\" title=\"\">\t\t\t\t\t\t\t\t\t\t\t\t\t\t\t<\/div>\n\t\t\t\t\t<\/div>\n\t\t\t\t<\/div>\n\t\t<div class=\"elementor-element elementor-element-dfe6f6b e-flex e-con-boxed e-con e-parent\" data-id=\"dfe6f6b\" data-element_type=\"container\" data-e-type=\"container\">\n\t\t\t\t\t<div class=\"e-con-inner\">\n\t\t\t\t<div class=\"elementor-element elementor-element-b88ff39 elementor-widget elementor-widget-heading\" data-id=\"b88ff39\" data-element_type=\"widget\" data-e-type=\"widget\" data-widget_type=\"heading.default\">\n\t\t\t\t\t<h2 class=\"elementor-heading-title elementor-size-default\">Servizi di copywriting professionale<\/h2>\t\t\t\t<\/div>\n\t\t\t\t\t<\/div>\n\t\t\t\t<\/div>\n\t\t<div class=\"elementor-element elementor-element-c912546 e-flex e-con-boxed e-con e-parent\" data-id=\"c912546\" data-element_type=\"container\" data-e-type=\"container\">\n\t\t\t\t\t<div class=\"e-con-inner\">\n\t\t\t\t<div class=\"elementor-element elementor-element-f44716f elementor-widget elementor-widget-text-editor\" data-id=\"f44716f\" data-element_type=\"widget\" data-e-type=\"widget\" data-widget_type=\"text-editor.default\">\n\t\t\t\t\t\t\t\t\t<p>Se hai qualcosa da dire, possiamo scrivere il tuo messaggio in modo creativo ed efficace che catturer\u00e0 il tuo mercato, utilizzando la nostra esperienza e conoscenza. Il team di Writing Sense unisce una vasta esperienza in scrittura e marketing per produrre testi originali e creativi per qualsiasi argomento o nicchia.<\/p>\n<p>Abbiamo le risorse per creare una semplice landing page, scrivere un sito web completo o costruire una grande rete SEO che richiede contenuti in blocco. Un team separato controlla tutte le copie per verificarne l&#039;unicit\u00e0 e le corregge per garantire gli standard pi\u00f9 elevati attraverso un rigoroso processo di controllo qualit\u00e0.<\/p>\n<p>Hai bisogno di copie in lingue diverse dall&#039;inglese?<\/p>\n<p>Vi preghiamo di segnalarci il nostro gruppo di scrittori qualificati in numerose lingue, tra cui russo, tedesco, italiano e altre ancora.<\/p>\n<p>Perch\u00e9 dovresti scegliere noi?<\/p>\n<p>Ho pi\u00f9 di 15 anni di esperienza.<\/p>\n<p>LSA GLOBAL produce tutto il lavoro come l&#039;originale 100%.<\/p>\n<p>Garantiamo la qualit\u00e0 del nostro lavoro.<\/p>\n<p>Offriamo servizi di scrittura e editing professionali.<\/p>\n<p>LSA GLOBAL garantisce tempi di consegna rapidi.<\/p>\n<p>Garantiamo che i nostri contenuti siano SEO-friendly.<\/p>\n<p>LSA GLOBAL ha una vasta esperienza nel marketing.<\/p>\n<p>Offriamo un servizio di prima classe.<\/p>\t\t\t\t\t\t\t\t<\/div>\n\t\t\t\t<div class=\"elementor-element elementor-element-572d20d elementor-widget elementor-widget-heading\" data-id=\"572d20d\" data-element_type=\"widget\" data-e-type=\"widget\" data-widget_type=\"heading.default\">\n\t\t\t\t\t<h3 class=\"elementor-heading-title elementor-size-default\">ULTERIORI ASPETTI DEL COPYWRITING<\/h3>\t\t\t\t<\/div>\n\t\t\t\t<div class=\"elementor-element elementor-element-eaacaf0 elementor-widget elementor-widget-heading\" data-id=\"eaacaf0\" data-element_type=\"widget\" data-e-type=\"widget\" data-widget_type=\"heading.default\">\n\t\t\t\t\t<h3 class=\"elementor-heading-title elementor-size-default\">cosa-significa-copywriting&quot; <\/h3>\t\t\t\t<\/div>\n\t\t\t\t<div class=\"elementor-element elementor-element-e653048 elementor-widget elementor-widget-text-editor\" data-id=\"e653048\" data-element_type=\"widget\" data-e-type=\"widget\" data-widget_type=\"text-editor.default\">\n\t\t\t\t\t\t\t\t\t<p>Il copywriter mira a spingere il lettore a prendere una decisione, a fare un acquisto o a compiere un&#039;altra azione attraverso contenuti di qualit\u00e0. In effetti, il testo gioca un ruolo importantissimo, che si tratti di uno spot pubblicitario o di un contenuto online. Un discorso appropriato \u00e8 necessario affinch\u00e9 le immagini pi\u00f9 sensazionali nella pubblicit\u00e0 televisiva abbiano l&#039;effetto desiderato.<\/p>\n<p>Il marketing ha dato origine al concetto di copywriting, che riguarda la scrittura professionale di testi pubblicitari. Naturalmente, &quot;editing&quot; corrisponde a &quot;scrittura&quot;, con &quot;testo&quot; designato come &quot;copia&quot; nel linguaggio dell&#039;editoria, del giornalismo e della pubblicit\u00e0. In francese, si dice &quot;editor advertising&quot; o &quot;designer-editor&quot;.<\/p>\n<p><strong><span style=\"color: #000000;\">Avviso<\/span><\/strong><br \/>Il copywriting mira ad attrarre attenzione, suscitare interesse, stimolare desideri e sollecitare azioni. Diversi metodi di copywriting possono raggiungere questo obiettivo a seconda dei gruppi target.<\/p>\t\t\t\t\t\t\t\t<\/div>\n\t\t\t\t<div class=\"elementor-element elementor-element-790ab59 elementor-widget elementor-widget-heading\" data-id=\"790ab59\" data-element_type=\"widget\" data-e-type=\"widget\" data-widget_type=\"heading.default\">\n\t\t\t\t\t<h3 class=\"elementor-heading-title elementor-size-default\">un copywriter scrive<\/h3>\t\t\t\t<\/div>\n\t\t\t\t<div class=\"elementor-element elementor-element-b64ba85 elementor-widget elementor-widget-text-editor\" data-id=\"b64ba85\" data-element_type=\"widget\" data-e-type=\"widget\" data-widget_type=\"text-editor.default\">\n\t\t\t\t\t\t\t\t\t<p>I copywriter possono scrivere uno o pi\u00f9 testi per una singola campagna, a seconda del tipo di prodotto o servizio che si desidera promuovere. \u00c8 necessario determinare il contenuto, il tono e il pubblico di destinazione appropriati. \u00c8 anche necessario garantire una buona coerenza dell&#039;intero messaggio, dei testi e della grafica combinati. Il copywriter deve dimostrare creativit\u00e0 e la volont\u00e0 di interessarsi da vicino a un campo che potrebbe non conoscere necessariamente. Infatti, a seconda del prodotto o del servizio, si deve sapere come adottare il tono necessario, che pu\u00f2 variare da serio a umoristico.<\/p>\t\t\t\t\t\t\t\t<\/div>\n\t\t\t\t<div class=\"elementor-element elementor-element-a01a430 elementor-widget elementor-widget-heading\" data-id=\"a01a430\" data-element_type=\"widget\" data-e-type=\"widget\" data-widget_type=\"heading.default\">\n\t\t\t\t\t<h3 class=\"elementor-heading-title elementor-size-default\">come posso diventare un buon copywriter<\/h3>\t\t\t\t<\/div>\n\t\t\t\t<div class=\"elementor-element elementor-element-48ad830 elementor-widget elementor-widget-text-editor\" data-id=\"48ad830\" data-element_type=\"widget\" data-e-type=\"widget\" data-widget_type=\"text-editor.default\">\n\t\t\t\t\t\t\t\t\t<p>Non \u00e8 necessariamente richiesta una formazione specifica per una posizione di copywriter. Molte persone hanno ricevuto una formazione &quot;sul lavoro&quot; in agenzie. Tuttavia, seguire una formazione per il copywriting \u00e8 vantaggioso da molti punti di vista. La formazione ti insegner\u00e0 come pensare in modo strategico, come trovare idee e, naturalmente, come padroneggiare le basi necessarie, come nell&#039;informatica. Inoltre, la formazione studio-lavoro fornisce un&#039;esperienza sul campo insostituibile. Il copywriter trarr\u00e0 vantaggio dall&#039;avere le seguenti competenze e abilit\u00e0, indipendentemente dal suo background.<\/p>\n<p>Avere una buona padronanza linguistica. Dimostro creativit\u00e0 e fantasia. Devo possedere una vasta cultura generale. Devo avere curiosit\u00e0. Devo essere pronto a imparare. Essere in grado di fare ricerca.<\/p>\t\t\t\t\t\t\t\t<\/div>\n\t\t\t\t\t<\/div>\n\t\t\t\t<\/div>\n\t\t<div class=\"elementor-element elementor-element-7e25bd8 e-flex e-con-boxed e-con e-parent\" data-id=\"7e25bd8\" data-element_type=\"container\" data-e-type=\"container\">\n\t\t\t\t\t<div class=\"e-con-inner\">\n\t\t\t\t<div class=\"elementor-element elementor-element-071772f elementor-widget elementor-widget-heading\" data-id=\"071772f\" data-element_type=\"widget\" data-e-type=\"widget\" data-widget_type=\"heading.default\">\n\t\t\t\t\t<h3 class=\"elementor-heading-title elementor-size-default\">come innescare un&#039;azione<\/h3>\t\t\t\t<\/div>\n\t\t\t\t<div class=\"elementor-element elementor-element-21420eb elementor-widget elementor-widget-text-editor\" data-id=\"21420eb\" data-element_type=\"widget\" data-e-type=\"widget\" data-widget_type=\"text-editor.default\">\n\t\t\t\t\t\t\t\t\t<p>L&#039;efficacia di un copywriter si misura in base al numero di azioni innescate dalla campagna di marketing (si parla di tasso di conversione). Per innescare esplicitamente un&#039;azione in un potenziale consumatore, scriveremo una frase come &quot;Ordina ora&quot; o &quot;Visita il nostro negozio online&quot;. Si tratta di inviti all&#039;azione (CTA, call to action). Presta attenzione ai seguenti tre punti per innescare una reazione nel lettore:<\/p>\n<p>Devi definire in anticipo chi vuoi raggiungere con i tuoi contenuti e rivolgerti attivamente al tuo target.<br \/>Bisogna convincere il destinatario del prodotto o del servizio evidenziandone il vantaggio unico, in inglese la sua USP (unique selling proposition). Allo stesso tempo, questo risponde alla domanda su cosa differenzia il prodotto o il servizio dalla concorrenza.<\/p>\n<p>Per il lettore, eseguire un&#039;azione deve essere il pi\u00f9 semplice possibile. Se vuoi che il lettore guardi un video del prodotto, devi sollecitarlo attivamente a farlo: &quot;Clicca sul video per scoprire le caratteristiche uniche del prodotto&quot;.<\/p>\n<p><strong><span style=\"color: #000000;\">Consiglio<\/span><\/strong><br \/>I clienti soddisfatti possono fornire raccomandazioni o testimonianze, che aumenteranno la tua credibilit\u00e0.<\/p>\t\t\t\t\t\t\t\t<\/div>\n\t\t\t\t<div class=\"elementor-element elementor-element-1985047 elementor-widget elementor-widget-heading\" data-id=\"1985047\" data-element_type=\"widget\" data-e-type=\"widget\" data-widget_type=\"heading.default\">\n\t\t\t\t\t<h3 class=\"elementor-heading-title elementor-size-default\">quali-sono-i-tipi-di-copywriting<\/h3>\t\t\t\t<\/div>\n\t\t\t\t<div class=\"elementor-element elementor-element-5ef4cac elementor-widget elementor-widget-text-editor\" data-id=\"5ef4cac\" data-element_type=\"widget\" data-e-type=\"widget\" data-widget_type=\"text-editor.default\">\n\t\t\t\t\t\t\t\t\t<p>In totale, ogni giorno vengono condivisi 27 milioni di contenuti online (statistiche del 2016). Quindi, come possiamo garantire che il messaggio pubblicitario che trasmettiamo non si perda in questa massa di informazioni? Le aziende si rivolgono sempre pi\u00f9 a copywriter esperti per ottenere posizionamenti pi\u00f9 elevati nei risultati di ricerca di Google, per espandere la propria base di clienti e, in ultima analisi, per marchiarsi come un marchio con contenuti altamente personalizzati che offrono valore aggiunto. Esistono diversi tipi di copywriting a seconda degli obiettivi. Ecco i principali.<\/p>\t\t\t\t\t\t\t\t<\/div>\n\t\t\t\t<div class=\"elementor-element elementor-element-4e81041 elementor-widget elementor-widget-heading\" data-id=\"4e81041\" data-element_type=\"widget\" data-e-type=\"widget\" data-widget_type=\"heading.default\">\n\t\t\t\t\t<h3 class=\"elementor-heading-title elementor-size-default\">Scrivo testi SEO per scopi SEO<\/h3>\t\t\t\t<\/div>\n\t\t\t\t<div class=\"elementor-element elementor-element-4653aea elementor-widget elementor-widget-text-editor\" data-id=\"4653aea\" data-element_type=\"widget\" data-e-type=\"widget\" data-widget_type=\"text-editor.default\">\n\t\t\t\t\t\t\t\t\t<p>La scrittura di contenuti ottimizzati per i motori di ricerca utilizza parole chiave che aiutano a ottenere un buon posizionamento nelle ricerche di Google, indipendentemente dal fatto che il testo sia principalmente pubblicitario o informativo. Includere le parole chiave corrispondenti al prodotto in modo efficace \u00e8 la preoccupazione principale nei testi. Utilizzare queste parole chiave per definire chiaramente il tema della pagina non \u00e8 pi\u00f9 una questione di moltiplicarne l&#039;uso. In questo contesto, il content marketing ha sempre pi\u00f9 sottolineato l&#039;importanza del contenuto informativo dei testi di ottimizzazione. Il copywriter deve adattarsi a tutti questi sviluppi, che sempre pi\u00f9 gli richiedono di scrivere testi di una certa lunghezza.<\/p>\n<p><strong><span style=\"color: #000000;\">Consiglio<\/span><\/strong><br \/>La nostra guida fornisce dieci suggerimenti per ottimizzare i tuoi contenuti per i motori di ricerca.<\/p>\t\t\t\t\t\t\t\t<\/div>\n\t\t\t\t<div class=\"elementor-element elementor-element-c6822b9 elementor-widget elementor-widget-heading\" data-id=\"c6822b9\" data-element_type=\"widget\" data-e-type=\"widget\" data-widget_type=\"heading.default\">\n\t\t\t\t\t<h3 class=\"elementor-heading-title elementor-size-default\">scrivere-copie-per-incentivare-gli-acquisti<\/h3>\t\t\t\t<\/div>\n\t\t\t\t<div class=\"elementor-element elementor-element-3893b77 elementor-widget elementor-widget-text-editor\" data-id=\"3893b77\" data-element_type=\"widget\" data-e-type=\"widget\" data-widget_type=\"text-editor.default\">\n\t\t\t\t\t\t\t\t\t<p>Il copywriter affronta la sfida di convincere il lettore delle qualit\u00e0 di un prodotto o servizio e, in ultima analisi, di incoraggiarlo ad acquistare tramite copywriting di incentivi all&#039;acquisto. Farlo \u00e8 pi\u00f9 facile a dirsi che a farsi. Gli esperti di marketing spesso possiedono capacit\u00e0 creative e conoscenze approfondite, che sono essenziali oltre a uno stile convincente. Consigliamo la seguente strategia per innescare l&#039;atto di acquisto del lettore.<\/p>\n<p>Si prega di indirizzare il messaggio in modo chiaro al destinatario e di rivolgersi direttamente a lui.<\/p>\n<p>Identifica il problema che il prodotto o il servizio risolve. Il potenziale cliente dovrebbe presentare il problema in modo colorito e coinvolgente per suscitare interesse e ispirare fiducia.<\/p>\n<p>Spiega perch\u00e9 nessuno aveva ancora risolto il problema.<\/p>\n<p>Racconta come hai scoperto che potevi davvero risolvere il problema.<\/p>\n<p>Poi dovresti spiegare al lettore come pu\u00f2 ottenere il prodotto o il servizio e quindi risolvere il suo problema.<\/p>\t\t\t\t\t\t\t\t<\/div>\n\t\t\t\t\t<\/div>\n\t\t\t\t<\/div>\n\t\t<div class=\"elementor-element elementor-element-1a2cf00 e-flex e-con-boxed e-con e-parent\" data-id=\"1a2cf00\" data-element_type=\"container\" data-e-type=\"container\">\n\t\t\t\t\t<div class=\"e-con-inner\">\n\t\t\t\t<div class=\"elementor-element elementor-element-c4912f4 elementor-widget elementor-widget-heading\" data-id=\"c4912f4\" data-element_type=\"widget\" data-e-type=\"widget\" data-widget_type=\"heading.default\">\n\t\t\t\t\t<h3 class=\"elementor-heading-title elementor-size-default\">Scrivo testi tecnici<\/h3>\t\t\t\t<\/div>\n\t\t\t\t<div class=\"elementor-element elementor-element-048ce3b elementor-widget elementor-widget-text-editor\" data-id=\"048ce3b\" data-element_type=\"widget\" data-e-type=\"widget\" data-widget_type=\"text-editor.default\">\n\t\t\t\t\t\t\t\t\t<p>Il copywriting tecnico si riferisce all&#039;atto di scrivere testi che si concentrano su un tema o un settore specifico e richiedono una vera conoscenza tecnica. L&#039;obiettivo \u00e8 aggiungere valore al lettore fornendo conoscenza tecnica. I copywriter professionisti di solito non sono copywriter tecnici, ma esperti nel loro campo. Infatti, affidare la scrittura di un testo sulla titolazione dell&#039;acido cloridrico a un chimico \u00e8 meglio che affidarla a un inserzionista. L&#039;editor affronta la sfida di indirizzare i testi a specialisti. I contenuti devono essere fattualmente accurati e dettagliati. I copywriter tecnici possono scrivere contributi, come blog, articoli di riviste o manuali utente, oltre a contenuti pubblicitari.<\/p>\t\t\t\t\t\t\t\t<\/div>\n\t\t\t\t<div class=\"elementor-element elementor-element-817e488 elementor-widget elementor-widget-heading\" data-id=\"817e488\" data-element_type=\"widget\" data-e-type=\"widget\" data-widget_type=\"heading.default\">\n\t\t\t\t\t<h3 class=\"elementor-heading-title elementor-size-default\">Scrivo-copie-di-contenuti<\/h3>\t\t\t\t<\/div>\n\t\t\t\t<div class=\"elementor-element elementor-element-fd7decf elementor-widget elementor-widget-text-editor\" data-id=\"fd7decf\" data-element_type=\"widget\" data-e-type=\"widget\" data-widget_type=\"text-editor.default\">\n\t\t\t\t\t\t\t\t\t<p>I content writer creano contenuti per siti web, concentrandosi su un argomento specifico. I siti forniscono agli utenti informazioni su questi argomenti e li tengono informati sulle ultime novit\u00e0. Come content writer, scriviamo spesso articoli che spiegano come fare le cose, accompagnando gli utenti passo dopo passo. Quando si compongono testi, \u00e8 importante creare contenuti accattivanti e interessanti. Infatti, possiamo sperare che un potenziale cliente decida di acquistare se trova un contributo sia divertente che informativo.<\/p>\n<p>\u00a0<\/p>\t\t\t\t\t\t\t\t<\/div>\n\t\t\t\t<div class=\"elementor-element elementor-element-8bb855e elementor-widget elementor-widget-heading\" data-id=\"8bb855e\" data-element_type=\"widget\" data-e-type=\"widget\" data-widget_type=\"heading.default\">\n\t\t\t\t\t<h3 class=\"elementor-heading-title elementor-size-default\">Mi occupo di copywriting creativo<\/h3>\t\t\t\t<\/div>\n\t\t\t\t<div class=\"elementor-element elementor-element-919255c elementor-widget elementor-widget-text-editor\" data-id=\"919255c\" data-element_type=\"widget\" data-e-type=\"widget\" data-widget_type=\"text-editor.default\">\n\t\t\t\t\t\t\t\t\t<p>I buoni scrittori creativi scelgono un tema e discutono prodotti o servizi specifici nei loro contributi. Il copywriting creativo \u00e8 pi\u00f9 vicino al copywriting di incentivo all&#039;acquisto perch\u00e9 entrambi mirano a convincere i potenziali clienti delle qualit\u00e0 di un prodotto o servizio. I grandi copywriter creativi spesso generano slogan per le aziende, creano titoli e sviluppano concetti. Un background nel marketing \u00e8 comune tra molti scrittori creativi, mentre altri possiedono un talento naturale per presentare un argomento in modo accattivante.<\/p>\t\t\t\t\t\t\t\t<\/div>\n\t\t\t\t\t<\/div>\n\t\t\t\t<\/div>\n\t\t<div class=\"elementor-element elementor-element-3609ca8 e-flex e-con-boxed e-con e-parent\" data-id=\"3609ca8\" data-element_type=\"container\" data-e-type=\"container\">\n\t\t\t\t\t<div class=\"e-con-inner\">\n\t\t\t\t<div class=\"elementor-element elementor-element-b64a06b elementor-widget elementor-widget-heading\" data-id=\"b64a06b\" data-element_type=\"widget\" data-e-type=\"widget\" data-widget_type=\"heading.default\">\n\t\t\t\t\t<h3 class=\"elementor-heading-title elementor-size-default\">riassumere<\/h3>\t\t\t\t<\/div>\n\t\t\t\t<div class=\"elementor-element elementor-element-5e07ee1 elementor-widget elementor-widget-text-editor\" data-id=\"5e07ee1\" data-element_type=\"widget\" data-e-type=\"widget\" data-widget_type=\"text-editor.default\">\n\t\t\t\t\t\t\t\t\t<p>I copywriter trasmettono messaggi chiari che consentono a un annuncio pubblicitario di distinguersi dalla massa e di non confondersi con la massa, sia su carta stampata, in televisione, in radio o su Internet. I copywriter hanno giornate di lavoro diverse. Un giorno scrive un pitch pubblicitario o immagina uno slogan; il giorno dopo scrive un testo per un video dimostrativo. Alla fine, le reazioni che ha innescato misurano il successo del suo lavoro.<\/p>\t\t\t\t\t\t\t\t<\/div>\n\t\t\t\t<div class=\"elementor-element elementor-element-1d45493 elementor-widget elementor-widget-heading\" data-id=\"1d45493\" data-element_type=\"widget\" data-e-type=\"widget\" data-widget_type=\"heading.default\">\n\t\t\t\t\t<h3 class=\"elementor-heading-title elementor-size-default\">Andare oltre<\/h3>\t\t\t\t<\/div>\n\t\t\t\t<div class=\"elementor-element elementor-element-185a9ef elementor-widget elementor-widget-text-editor\" data-id=\"185a9ef\" data-element_type=\"widget\" data-e-type=\"widget\" data-widget_type=\"text-editor.default\">\n\t\t\t\t\t\t\t\t\t<h5><span style=\"color: #000000;\"><a style=\"color: #000000;\" href=\"https:\/\/lsaglobal-translate.co.uk\/services\/translation-services\/\" target=\"_blank\" rel=\"noopener\">Esperto di traduzione.<\/a><\/span><\/h5>\t\t\t\t\t\t\t\t<\/div>\n\t\t\t\t<div class=\"elementor-element elementor-element-2c4a82d elementor-widget elementor-widget-text-editor\" data-id=\"2c4a82d\" data-element_type=\"widget\" data-e-type=\"widget\" data-widget_type=\"text-editor.default\">\n\t\t\t\t\t\t\t\t\t<h5><a href=\"https:\/\/lsa-global.com\/it\/prezzi-e-termini-di-traduzione\/\"><span style=\"color: #ff0000;\"><span style=\"color: #000000;\">Piani tariffari e altro<\/span><\/span><\/a><\/h5>\t\t\t\t\t\t\t\t<\/div>\n\t\t\t\t<div class=\"elementor-element elementor-element-de280f4 elementor-widget elementor-widget-text-editor\" data-id=\"de280f4\" data-element_type=\"widget\" data-e-type=\"widget\" data-widget_type=\"text-editor.default\">\n\t\t\t\t\t\t\t\t\t<h5><span style=\"color: #000000;\"><a style=\"color: #000000;\" href=\"https:\/\/lsa-global.com\/it\/imparare-la-lingua-tedesca\/\">Preventivo gratuito<\/a><\/span><\/h5>\t\t\t\t\t\t\t\t<\/div>\n\t\t\t\t\t<\/div>\n\t\t\t\t<\/div>\n\t\t\t\t<\/div>","protected":false},"excerpt":{"rendered":"<p>Professional Copywriting Services If you have something to say, we can write your message in a creative and effective manner&hellip;<\/p>","protected":false},"author":1,"featured_media":29200,"parent":0,"menu_order":0,"comment_status":"closed","ping_status":"closed","template":"","meta":{"jetpack_post_was_ever_published":false,"footnotes":""},"class_list":["post-3525","page","type-page","status-publish","has-post-thumbnail","hentry"],"jetpack_sharing_enabled":true,"jetpack_likes_enabled":true,"jetpack-related-posts":[],"jetpack_shortlink":"https:\/\/wp.me\/PerFda-UR","_links":{"self":[{"href":"https:\/\/lsa-global.com\/it\/wp-json\/wp\/v2\/pages\/3525","targetHints":{"allow":["GET"]}}],"collection":[{"href":"https:\/\/lsa-global.com\/it\/wp-json\/wp\/v2\/pages"}],"about":[{"href":"https:\/\/lsa-global.com\/it\/wp-json\/wp\/v2\/types\/page"}],"author":[{"embeddable":true,"href":"https:\/\/lsa-global.com\/it\/wp-json\/wp\/v2\/users\/1"}],"replies":[{"embeddable":true,"href":"https:\/\/lsa-global.com\/it\/wp-json\/wp\/v2\/comments?post=3525"}],"version-history":[{"count":0,"href":"https:\/\/lsa-global.com\/it\/wp-json\/wp\/v2\/pages\/3525\/revisions"}],"wp:featuredmedia":[{"embeddable":true,"href":"https:\/\/lsa-global.com\/it\/wp-json\/wp\/v2\/media\/29200"}],"wp:attachment":[{"href":"https:\/\/lsa-global.com\/it\/wp-json\/wp\/v2\/media?parent=3525"}],"curies":[{"name":"wp","href":"https:\/\/api.w.org\/{rel}","templated":true}]}}