{"id":3521,"date":"2022-08-27T09:43:51","date_gmt":"2022-08-27T09:43:51","guid":{"rendered":"https:\/\/lsa-global.com\/?page_id=3521"},"modified":"2025-08-20T19:43:01","modified_gmt":"2025-08-20T18:43:01","slug":"voci-fuori-campo","status":"publish","type":"page","link":"https:\/\/lsa-global.com\/it\/voci-fuori-campo\/","title":{"rendered":"VOCI FUORI CAMPO"},"content":{"rendered":"<div data-elementor-type=\"wp-page\" data-elementor-id=\"3521\" class=\"elementor elementor-3521\" data-elementor-post-type=\"page\">\n\t\t\t\t<div class=\"elementor-element elementor-element-6bc7151f e-flex e-con-boxed e-con e-parent\" data-id=\"6bc7151f\" data-element_type=\"container\" data-e-type=\"container\">\n\t\t\t\t\t<div class=\"e-con-inner\">\n\t\t\t\t<div class=\"elementor-element elementor-element-52bccad elementor-widget elementor-widget-image\" data-id=\"52bccad\" data-element_type=\"widget\" data-e-type=\"widget\" data-widget_type=\"image.default\">\n\t\t\t\t\t\t\t\t\t\t\t\t\t\t\t<img fetchpriority=\"high\" decoding=\"async\" data-attachment-id=\"32412\" data-permalink=\"https:\/\/lsa-global.com\/fr\/voix-off\/voice-over\/\" data-orig-file=\"https:\/\/i0.wp.com\/lsa-global.com\/wp-content\/uploads\/2023\/12\/Voice-over.jpg?fit=275%2C183&amp;ssl=1\" data-orig-size=\"275,183\" data-comments-opened=\"0\" data-image-meta=\"{&quot;aperture&quot;:&quot;0&quot;,&quot;credit&quot;:&quot;&quot;,&quot;camera&quot;:&quot;&quot;,&quot;caption&quot;:&quot;&quot;,&quot;created_timestamp&quot;:&quot;0&quot;,&quot;copyright&quot;:&quot;&quot;,&quot;focal_length&quot;:&quot;0&quot;,&quot;iso&quot;:&quot;0&quot;,&quot;shutter_speed&quot;:&quot;0&quot;,&quot;title&quot;:&quot;&quot;,&quot;orientation&quot;:&quot;0&quot;}\" data-image-title=\"Voice-over\" data-image-description=\"&lt;p&gt;Voice-over&lt;\/p&gt;\" data-image-caption=\"\" data-large-file=\"https:\/\/i0.wp.com\/lsa-global.com\/wp-content\/uploads\/2023\/12\/Voice-over.jpg?fit=275%2C183&amp;ssl=1\" width=\"275\" height=\"183\" src=\"https:\/\/i0.wp.com\/lsa-global.com\/wp-content\/uploads\/2023\/12\/Voice-over.jpg?fit=275%2C183&amp;ssl=1\" class=\"attachment-medium size-medium wp-image-32412\" alt=\"Voice-over\" title=\"\">\t\t\t\t\t\t\t\t\t\t\t\t\t\t\t<\/div>\n\t\t\t\t<div class=\"elementor-element elementor-element-b6cbef1 elementor-widget elementor-widget-heading\" data-id=\"b6cbef1\" data-element_type=\"widget\" data-e-type=\"widget\" data-widget_type=\"heading.default\">\n\t\t\t\t\t<h3 class=\"elementor-heading-title elementor-size-default\">Voce fuori campo<\/h3>\t\t\t\t<\/div>\n\t\t\t\t<div class=\"elementor-element elementor-element-0aacf8a elementor-widget elementor-widget-heading\" data-id=\"0aacf8a\" data-element_type=\"widget\" data-e-type=\"widget\" data-widget_type=\"heading.default\">\n\t\t\t\t\t<h6 class=\"elementor-heading-title elementor-size-default\">Un messaggio e una voce.<\/h6>\t\t\t\t<\/div>\n\t\t\t\t<div class=\"elementor-element elementor-element-72dce4e elementor-widget elementor-widget-text-editor\" data-id=\"72dce4e\" data-element_type=\"widget\" data-e-type=\"widget\" data-widget_type=\"text-editor.default\">\n\t\t\t\t\t\t\t\t\t<p><span style=\"color: #ff0000;\">Pensiamo che ogni iniziativa abbia una voce. Ecco perch\u00e9 ci teniamo a selezionare il miglior doppiatore per ogni messaggio e storia. Questo vale sia che la voce fuori campo sia per eLearning, pubblicit\u00e0, segreterie telefoniche, video o giochi per computer, e indipendentemente da quale delle oltre 150 lingue che offriamo. Abbiamo fantastici doppiatori in tutto il mondo, cos\u00ec potresti scoprire la voce perfetta per la tua attivit\u00e0.<\/span><\/p>\n<p><span style=\"color: #ff0000;\">VoiceArchive \u00e8 specializzata in voice-over e vanta oltre 20 anni di esperienza nel settore. Quando lavoriamo con te per trovare la voce perfetta, ci concentriamo sul messaggio, sul gruppo target e sull&#039;azienda in modo che tu ottenga il suono giusto la prima volta.<\/span><\/p>\t\t\t\t\t\t\t\t<\/div>\n\t\t\t\t<div class=\"elementor-element elementor-element-38c8a41 elementor-widget elementor-widget-heading\" data-id=\"38c8a41\" data-element_type=\"widget\" data-e-type=\"widget\" data-widget_type=\"heading.default\">\n\t\t\t\t\t<h3 class=\"elementor-heading-title elementor-size-default\">Perch\u00e9 \u00e8 necessaria una voce narrante?<\/h3>\t\t\t\t<\/div>\n\t\t\t\t<div class=\"elementor-element elementor-element-b870670 elementor-widget elementor-widget-text-editor\" data-id=\"b870670\" data-element_type=\"widget\" data-e-type=\"widget\" data-widget_type=\"text-editor.default\">\n\t\t\t\t\t\t\t\t\t<p>Oggi, uno dei modi pi\u00f9 efficaci per le aziende di raggiungere il loro pubblico target \u00e8 attraverso i contenuti video. Tuttavia, ci\u00f2 che viene visualizzato sullo schermo \u00e8 raramente sufficiente a garantire che il messaggio venga compreso dal destinatario. In questo caso, usare la voce fuori campo pu\u00f2 essere utile sia sullo schermo che fuori\u2026<\/p>\n<p>Nei videogiochi, con l&#039;aumento e il miglioramento dell&#039;esperienza di gioco nei video di e-learning per garantire una migliore comprensione di ci\u00f2 che viene insegnato in video, film e documentari per migliorare la narrazione nei videogiochi, ampliando e migliorando l&#039;esperienza di gioco.<\/p>\n<p>Ma avere una voce \u00e8 una cosa; avere la voce giusta \u00e8 un&#039;altra. Se il tuo materiale viene trasmesso in modo coinvolgente, lascer\u00e0 un&#039;impressione duratura sul tuo pubblico di riferimento e render\u00e0 pi\u00f9 semplice per loro ricordare il tuo messaggio e il marchio dietro di esso. Di conseguenza, \u00e8 fondamentale per il coinvolgimento. Possiamo trovare la voce ideale per la tua produzione, indipendentemente dallo stile di narratore o doppiatore di cui hai bisogno.<\/p>\n<p>Continueremo ad assisterti dopo aver trovato la voce o le voci giuste per te. Copre, ad esempio, consulenza, casting\/audizioni, produzione, post-produzione audio e consegna dei file, assicurando un&#039;elevata qualit\u00e0. Possiamo anche aiutarti con il doppiaggio, la sostituzione automatica dei dialoghi e la spiegazione audio, offrendoti un&#039;ampia gamma di possibilit\u00e0 per la voce fuori campo.<\/p>\t\t\t\t\t\t\t\t<\/div>\n\t\t\t\t<div class=\"elementor-element elementor-element-db8c3f4 elementor-widget elementor-widget-heading\" data-id=\"db8c3f4\" data-element_type=\"widget\" data-e-type=\"widget\" data-widget_type=\"heading.default\">\n\t\t\t\t\t<h3 class=\"elementor-heading-title elementor-size-default\">Collaborazione con i nostri doppiatori<\/h3>\t\t\t\t<\/div>\n\t\t\t\t<div class=\"elementor-element elementor-element-eb30bb8 elementor-widget elementor-widget-text-editor\" data-id=\"eb30bb8\" data-element_type=\"widget\" data-e-type=\"widget\" data-widget_type=\"text-editor.default\">\n\t\t\t\t\t\t\t\t\t<p style=\"font-family: Helvetica, serif; font-size: 16px; font-weight: 400; font-style: normal;\"><span style=\"color: #ff0000;\">Il nostro scopo \u00e8 quello di fornire ai nostri clienti voice-over di alta qualit\u00e0 a un prezzo ragionevole. Tuttavia, per farlo, i nostri doppiatori devono avere le giuste circostanze e gli strumenti di lavoro adeguati. Ci\u00f2 implica, tra le altre cose\u2026<\/span><\/p><p style=\"box-sizing: border-box; margin: 0em 0px 1em; padding: 0px; font-family: Helvetica, serif; font-size: 16px; line-height: inherit; font-weight: 400; font-style: normal; outline: 0px; overflow-wrap: break-word; color: #3f354d; font-variant-ligatures: normal; font-variant-caps: normal; letter-spacing: normal; orphans: 2; text-align: start; text-indent: 0px; text-transform: none; widows: 2; word-spacing: 0px; -webkit-text-stroke-width: 0px; white-space: normal; background-color: #ffffff;\"><span style=\"color: #ff0000;\">Come \u00e8 consuetudine nel settore, non addebitiamo alcun compenso agli artisti per essere inseriti nel nostro database.<\/span><br style=\"box-sizing: border-box; margin: 0px; padding: 0px;\" \/><span style=\"color: #ff0000;\">Offrendo prezzi fissi o prezzi personalizzati, puoi garantire prezzi competitivi e giusti sia per gli acquirenti che per gli artisti.<\/span><br style=\"box-sizing: border-box; margin: 0px; padding: 0px;\" \/><span style=\"color: #ff0000;\">Assistenza nella garanzia della qualit\u00e0 del suono e del progetto in modo che venga sempre fornita un&#039;elevata qualit\u00e0<\/span><br style=\"box-sizing: border-box; margin: 0px; padding: 0px;\" \/><span style=\"color: #ff0000;\">Ci\u00f2 ci consente di mantenere la nostra qualit\u00e0 leader nel settore, consegnando progetti in modo pi\u00f9 rapido ed economico, oltre a garantire sicurezza ai nostri clienti e artisti.<\/span>.<\/p>\t\t\t\t\t\t\t\t<\/div>\n\t\t\t\t<div class=\"elementor-element elementor-element-e81193b elementor-widget elementor-widget-heading\" data-id=\"e81193b\" data-element_type=\"widget\" data-e-type=\"widget\" data-widget_type=\"heading.default\">\n\t\t\t\t\t<h3 class=\"elementor-heading-title elementor-size-default\">Servizi di Post-Produzione e Mixaggio<\/h3>\t\t\t\t<\/div>\n\t\t\t\t<div class=\"elementor-element elementor-element-16db476 elementor-widget elementor-widget-text-editor\" data-id=\"16db476\" data-element_type=\"widget\" data-e-type=\"widget\" data-widget_type=\"text-editor.default\">\n\t\t\t\t\t\t\t\t\t<p style=\"font-family: Helvetica, serif; font-size: 16px; font-weight: 400; font-style: normal;\"><span style=\"color: #ff0000;\">C&#039;\u00e8 una distinzione tra il mixaggio dell&#039;audio per un cinema, un documentario radiofonico, uno spot televisivo e un video di YouTube. C&#039;\u00e8 un&#039;enorme differenza, ad esempio, tra il fatto che l&#039;audio debba essere nitido nelle cuffie del tuo smartphone o in un cinema che usa Dolby Surround. Tutte le piattaforme e i presentatori possono modificare e adattare i loro discorsi, le voci fuori campo e le registrazioni audio.<\/span><\/p><p style=\"font-family: Helvetica, serif; font-size: 16px; font-weight: 400; font-style: normal;\"><span style=\"color: #ff0000;\">Possiamo adattare i nostri prodotti agli standard di file audio locali e globali per tutte le forme di media. Inoltre, ti aiuteremo a soddisfare tutti i criteri tecnici applicabili, indipendentemente da dove nel mondo o su quale supporto desideri che venga consegnato.<\/span><\/p><p style=\"margin-top: 0em; margin-bottom: 1em; font-family: Helvetica, serif; font-size: 16px; font-weight: 400; font-style: normal;\"><span style=\"color: #ff0000;\">Editing sia tecnico che pratico<\/span><br \/><span style=\"color: #ff0000;\">Modifica per scopi tecnici<\/span><br \/><span style=\"color: #ff0000;\">Pulizia audio di schiocchi della bocca, occlusive e respirazione<\/span><br \/><span style=\"color: #ff0000;\">Modifica del volume e dell&#039;equalizzazione per rendere il file pi\u00f9 facile da elaborare in post-produzione.<\/span><br \/><span style=\"color: #ff0000;\">Modifica del volume e dell&#039;equalizzazione a seconda del mezzo e della piattaforma che si desidera utilizzare.<\/span><br \/><span style=\"color: #ff0000;\">Le produzioni di grandi dimensioni richiedono la separazione e la denominazione dei file.<\/span><br \/><span style=\"color: #ff0000;\">Conversione dei formati<\/span><br \/><span style=\"color: #ff0000;\">Tempistica e sincronizzazione<\/span><\/p>\t\t\t\t\t\t\t\t<\/div>\n\t\t\t\t<div class=\"elementor-element elementor-element-dac0b04 elementor-widget elementor-widget-heading\" data-id=\"dac0b04\" data-element_type=\"widget\" data-e-type=\"widget\" data-widget_type=\"heading.default\">\n\t\t\t\t\t<h3 class=\"elementor-heading-title elementor-size-default\">Andare oltre<\/h3>\t\t\t\t<\/div>\n\t\t\t\t<div class=\"elementor-element elementor-element-b49bcf2 elementor-widget elementor-widget-text-editor\" data-id=\"b49bcf2\" data-element_type=\"widget\" data-e-type=\"widget\" data-widget_type=\"text-editor.default\">\n\t\t\t\t\t\t\t\t\t<h5><a href=\"https:\/\/lsaglobal-translate.co.uk\/services\/translation-services\/\" target=\"_blank\" rel=\"noopener\"><span style=\"color: #ff0000;\">Esperto di traduzione.<\/span><\/a><\/h5>\t\t\t\t\t\t\t\t<\/div>\n\t\t\t\t<div class=\"elementor-element elementor-element-6afe994 elementor-widget elementor-widget-text-editor\" data-id=\"6afe994\" data-element_type=\"widget\" data-e-type=\"widget\" data-widget_type=\"text-editor.default\">\n\t\t\t\t\t\t\t\t\t<h5><a href=\"https:\/\/lsa-global.com\/it\/prezzi-e-termini-di-traduzione\/\"><span style=\"color: #ff0000;\">Piani tariffari e altro<\/span><\/a><\/h5>\t\t\t\t\t\t\t\t<\/div>\n\t\t\t\t<div class=\"elementor-element elementor-element-836d139 elementor-widget elementor-widget-text-editor\" data-id=\"836d139\" data-element_type=\"widget\" data-e-type=\"widget\" data-widget_type=\"text-editor.default\">\n\t\t\t\t\t\t\t\t\t<h5><a href=\"https:\/\/lsa-global.com\/it\/imparare-la-lingua-tedesca\/\"><span style=\"color: #ff0000;\">Preventivo gratuito<\/span><\/a><\/h5>\t\t\t\t\t\t\t\t<\/div>\n\t\t\t\t\t<\/div>\n\t\t\t\t<\/div>\n\t\t\t\t<\/div>","protected":false},"excerpt":{"rendered":"<p>Voice-Over One message and one voice. We think that every initiative has a voice. That is why we make it&hellip;<\/p>","protected":false},"author":1,"featured_media":32412,"parent":0,"menu_order":0,"comment_status":"closed","ping_status":"closed","template":"","meta":{"jetpack_post_was_ever_published":false,"footnotes":""},"class_list":["post-3521","page","type-page","status-publish","has-post-thumbnail","hentry"],"jetpack_sharing_enabled":true,"jetpack_likes_enabled":true,"jetpack-related-posts":[],"jetpack_shortlink":"https:\/\/wp.me\/PerFda-UN","_links":{"self":[{"href":"https:\/\/lsa-global.com\/it\/wp-json\/wp\/v2\/pages\/3521","targetHints":{"allow":["GET"]}}],"collection":[{"href":"https:\/\/lsa-global.com\/it\/wp-json\/wp\/v2\/pages"}],"about":[{"href":"https:\/\/lsa-global.com\/it\/wp-json\/wp\/v2\/types\/page"}],"author":[{"embeddable":true,"href":"https:\/\/lsa-global.com\/it\/wp-json\/wp\/v2\/users\/1"}],"replies":[{"embeddable":true,"href":"https:\/\/lsa-global.com\/it\/wp-json\/wp\/v2\/comments?post=3521"}],"version-history":[{"count":0,"href":"https:\/\/lsa-global.com\/it\/wp-json\/wp\/v2\/pages\/3521\/revisions"}],"wp:featuredmedia":[{"embeddable":true,"href":"https:\/\/lsa-global.com\/it\/wp-json\/wp\/v2\/media\/32412"}],"wp:attachment":[{"href":"https:\/\/lsa-global.com\/it\/wp-json\/wp\/v2\/media?parent=3521"}],"curies":[{"name":"wp","href":"https:\/\/api.w.org\/{rel}","templated":true}]}}