{"id":3512,"date":"2022-08-27T09:25:28","date_gmt":"2022-08-27T09:25:28","guid":{"rendered":"https:\/\/lsa-global.com\/?page_id=3512"},"modified":"2025-04-25T12:36:09","modified_gmt":"2025-04-25T11:36:09","slug":"servizi-di-interpretariato-professionale","status":"publish","type":"page","link":"https:\/\/lsa-global.com\/it\/servizi-di-interpretariato-professionale\/","title":{"rendered":"Servizi di interpretazione professionale"},"content":{"rendered":"<div data-elementor-type=\"wp-page\" data-elementor-id=\"3512\" class=\"elementor elementor-3512\" data-elementor-post-type=\"page\">\n\t\t\t\t<div class=\"elementor-element elementor-element-5affa3c e-flex e-con-boxed e-con e-parent\" data-id=\"5affa3c\" data-element_type=\"container\" data-e-type=\"container\">\n\t\t\t\t\t<div class=\"e-con-inner\">\n\t\t\t\t<div class=\"elementor-element elementor-element-7a656d9 elementor-widget elementor-widget-image\" data-id=\"7a656d9\" data-element_type=\"widget\" data-e-type=\"widget\" data-widget_type=\"image.default\">\n\t\t\t\t\t\t\t\t\t\t\t\t\t\t\t<img decoding=\"async\" data-attachment-id=\"24861\" data-permalink=\"https:\/\/lsa-global.com\/professional-localization-services\/translation-agency-3\/\" data-orig-file=\"https:\/\/i0.wp.com\/lsa-global.com\/wp-content\/uploads\/2023\/05\/Translation-Agency-3-scaled.jpg?fit=2560%2C1279&amp;ssl=1\" data-orig-size=\"2560,1279\" data-comments-opened=\"1\" data-image-meta=\"{&quot;aperture&quot;:&quot;0&quot;,&quot;credit&quot;:&quot;&quot;,&quot;camera&quot;:&quot;&quot;,&quot;caption&quot;:&quot;&quot;,&quot;created_timestamp&quot;:&quot;0&quot;,&quot;copyright&quot;:&quot;&quot;,&quot;focal_length&quot;:&quot;0&quot;,&quot;iso&quot;:&quot;0&quot;,&quot;shutter_speed&quot;:&quot;0&quot;,&quot;title&quot;:&quot;&quot;,&quot;orientation&quot;:&quot;0&quot;}\" data-image-title=\"Translation Services\" data-image-description=\"&lt;p&gt;LSA GLOBAL is a well regarded Translation Agency, providing cutting-edge translation, interpretation, editing, proofreading, localization, subtitling, and voice-over services. We manage language solutions for both large and small enterprises or clients. We provide rapid, flexible, and inexpensive services that meet your needs. Furthermore, as a renowned language academy, LSA GLOBAL as a Language School in Africa offers language courses prior to a placement test, both in-class and online, using up-to-date ICT tools and materials, adapting and tailoring the pedagogy to meet your needs and expectations for globalization.&lt;\/p&gt;\" data-image-caption=\"\" data-large-file=\"https:\/\/i0.wp.com\/lsa-global.com\/wp-content\/uploads\/2023\/05\/Translation-Agency-3-scaled.jpg?fit=1024%2C512&amp;ssl=1\" width=\"300\" height=\"150\" src=\"https:\/\/i0.wp.com\/lsa-global.com\/wp-content\/uploads\/2023\/05\/Translation-Agency-3-scaled.jpg?fit=300%2C150&amp;ssl=1\" class=\"attachment-medium size-medium wp-image-24861\" alt=\"Servizi di traduzione\" srcset=\"https:\/\/i0.wp.com\/lsa-global.com\/wp-content\/uploads\/2023\/05\/Translation-Agency-3-scaled.jpg?w=2560&amp;ssl=1 2560w, https:\/\/i0.wp.com\/lsa-global.com\/wp-content\/uploads\/2023\/05\/Translation-Agency-3-scaled.jpg?resize=300%2C150&amp;ssl=1 300w, https:\/\/i0.wp.com\/lsa-global.com\/wp-content\/uploads\/2023\/05\/Translation-Agency-3-scaled.jpg?resize=1024%2C512&amp;ssl=1 1024w, https:\/\/i0.wp.com\/lsa-global.com\/wp-content\/uploads\/2023\/05\/Translation-Agency-3-scaled.jpg?resize=768%2C384&amp;ssl=1 768w, https:\/\/i0.wp.com\/lsa-global.com\/wp-content\/uploads\/2023\/05\/Translation-Agency-3-scaled.jpg?resize=1536%2C768&amp;ssl=1 1536w, https:\/\/i0.wp.com\/lsa-global.com\/wp-content\/uploads\/2023\/05\/Translation-Agency-3-scaled.jpg?resize=2048%2C1023&amp;ssl=1 2048w, https:\/\/i0.wp.com\/lsa-global.com\/wp-content\/uploads\/2023\/05\/Translation-Agency-3-scaled.jpg?resize=370%2C185&amp;ssl=1 370w, https:\/\/i0.wp.com\/lsa-global.com\/wp-content\/uploads\/2023\/05\/Translation-Agency-3-scaled.jpg?resize=760%2C380&amp;ssl=1 760w, https:\/\/i0.wp.com\/lsa-global.com\/wp-content\/uploads\/2023\/05\/Translation-Agency-3-scaled.jpg?resize=805%2C400&amp;ssl=1 805w, https:\/\/i0.wp.com\/lsa-global.com\/wp-content\/uploads\/2023\/05\/Translation-Agency-3-scaled.jpg?resize=600%2C300&amp;ssl=1 600w\" sizes=\"(max-width: 300px) 100vw, 300px\" title=\"\">\t\t\t\t\t\t\t\t\t\t\t\t\t\t\t<\/div>\n\t\t\t\t\t<\/div>\n\t\t\t\t<\/div>\n\t\t<div class=\"elementor-element elementor-element-c4eeebf e-flex e-con-boxed e-con e-parent\" data-id=\"c4eeebf\" data-element_type=\"container\" data-e-type=\"container\">\n\t\t\t\t\t<div class=\"e-con-inner\">\n\t\t\t\t<div class=\"elementor-element elementor-element-f970eb5 elementor-widget elementor-widget-heading\" data-id=\"f970eb5\" data-element_type=\"widget\" data-e-type=\"widget\" data-widget_type=\"heading.default\">\n\t\t\t\t\t<h3 class=\"elementor-heading-title elementor-size-default\">Servizi di interpretazione professionale<\/h3>\t\t\t\t<\/div>\n\t\t\t\t\t<\/div>\n\t\t\t\t<\/div>\n\t\t<div class=\"elementor-element elementor-element-4715a41 e-flex e-con-boxed e-con e-parent\" data-id=\"4715a41\" data-element_type=\"container\" data-e-type=\"container\">\n\t\t\t\t\t<div class=\"e-con-inner\">\n\t\t\t\t<div class=\"elementor-element elementor-element-81bbd8e elementor-widget elementor-widget-text-editor\" data-id=\"81bbd8e\" data-element_type=\"widget\" data-e-type=\"widget\" data-widget_type=\"text-editor.default\">\n\t\t\t\t\t\t\t\t\t<p>LSA GLOBAL fornisce servizi di interpretariato professionale completi. Interpretiamo per privati, aziende, societ\u00e0 e organizzazioni internazionali. I nostri interpreti possono aiutare te e la tua azienda a raggiungere l&#039;eccellenza nella comunicazione. L&#039;interpretazione professionale \u00e8 fornita da linguisti certificati e altamente esperti, specializzati in tutte le discipline e lingue. I nostri servizi di interpretariato stabiliscono lo standard di professionalit\u00e0, tempestivit\u00e0 e precisione. LSA GLOBAL fornisce servizi di interpretariato nel Regno Unito utilizzando un vasto elenco di interpreti. Interpretiamo in pi\u00f9 di 120 lingue e forniamo una variet\u00e0 di servizi di interpretariato.<\/p><p>Attraverso i nostri servizi di interpretariato professionale, possiamo aiutarti a comunicare efficacemente con chi non parla inglese. Le persone richiedono servizi di interpretariato in una variet\u00e0 di contesti, tra cui riunioni, conferenze e conversazioni individuali tra individui con origini linguistiche diverse. Selezioniamo personalmente gli interpreti per specifici incarichi di interpretariato in base alla loro esperienza e alle coppie di lingue in cui hanno competenza. LSA GLOBAL aspira a diventare uno dei principali fornitori di servizi di interpretariato in Africa.<\/p><p>I nostri interpreti sono disponibili per una variet\u00e0 di incarichi, tra cui incarichi una tantum, iniziative a breve termine e contratti a lungo termine. Determiniamo la tariffa per ogni incarico di interpretazione in base alla sua durata e alla sua sede. Aderiamo a una politica di prezzi equa e ci impegniamo a fornire i servizi di interpretazione pi\u00f9 convenienti ed economici. Attraverso i nostri servizi di interpretazione, ci assicuriamo di trasmettere il tuo messaggio in qualsiasi lingua in modo culturalmente appropriato. Una barriera linguistica non causer\u00e0 mai confusione.<\/p>\t\t\t\t\t\t\t\t<\/div>\n\t\t\t\t\t<\/div>\n\t\t\t\t<\/div>\n\t\t<div class=\"elementor-element elementor-element-ae7c8a4 e-flex e-con-boxed e-con e-parent\" data-id=\"ae7c8a4\" data-element_type=\"container\" data-e-type=\"container\">\n\t\t\t\t\t<div class=\"e-con-inner\">\n\t\t\t\t<div class=\"elementor-element elementor-element-dcae44f elementor-widget elementor-widget-heading\" data-id=\"dcae44f\" data-element_type=\"widget\" data-e-type=\"widget\" data-widget_type=\"heading.default\">\n\t\t\t\t\t<h3 class=\"elementor-heading-title elementor-size-default\">Perch\u00e9 scegliere i nostri servizi di interpretariato?<\/h3>\t\t\t\t<\/div>\n\t\t\t\t\t<\/div>\n\t\t\t\t<\/div>\n\t\t<div class=\"elementor-element elementor-element-85eff5e e-flex e-con-boxed e-con e-parent\" data-id=\"85eff5e\" data-element_type=\"container\" data-e-type=\"container\">\n\t\t\t\t\t<div class=\"e-con-inner\">\n\t\t\t\t<div class=\"elementor-element elementor-element-59bf7ae elementor-widget elementor-widget-text-editor\" data-id=\"59bf7ae\" data-element_type=\"widget\" data-e-type=\"widget\" data-widget_type=\"text-editor.default\">\n\t\t\t\t\t\t\t\t\t<p>I nostri servizi di interpretariato forniscono assistenza esperta e di alta qualit\u00e0 per le vostre esigenze di interpretariato a prezzi ragionevoli. Possiamo aiutarvi a coordinare appuntamenti, riunioni, conferenze, udienze in tribunale, appuntamenti medici e altro ancora.<\/p>\t\t\t\t\t\t\t\t<\/div>\n\t\t\t\t\t<\/div>\n\t\t\t\t<\/div>\n\t\t<div class=\"elementor-element elementor-element-1ee444e e-flex e-con-boxed e-con e-parent\" data-id=\"1ee444e\" data-element_type=\"container\" data-e-type=\"container\">\n\t\t\t\t\t<div class=\"e-con-inner\">\n\t\t\t\t<div class=\"elementor-element elementor-element-735c5cb elementor-widget elementor-widget-heading\" data-id=\"735c5cb\" data-element_type=\"widget\" data-e-type=\"widget\" data-widget_type=\"heading.default\">\n\t\t\t\t\t<h3 class=\"elementor-heading-title elementor-size-default\">Servizi di interpretazione consecutiva <\/h3>\t\t\t\t<\/div>\n\t\t\t\t\t<\/div>\n\t\t\t\t<\/div>\n\t\t<div class=\"elementor-element elementor-element-9422c8a e-flex e-con-boxed e-con e-parent\" data-id=\"9422c8a\" data-element_type=\"container\" data-e-type=\"container\">\n\t\t\t\t\t<div class=\"e-con-inner\">\n\t\t\t\t<div class=\"elementor-element elementor-element-755958a elementor-widget elementor-widget-text-editor\" data-id=\"755958a\" data-element_type=\"widget\" data-e-type=\"widget\" data-widget_type=\"text-editor.default\">\n\t\t\t\t\t\t\t\t\t<p>LSA GLOBAL fornisce servizi di interpretazione consecutiva online in oltre 75 lingue. In contesti individuali o di piccoli gruppi, si impiega l&#039;interpretazione consecutiva. I nostri interpreti devono rispettare rigorosi standard di professionalit\u00e0. Dopo un ritardo, l&#039;interprete ripete le osservazioni dell&#039;oratore nella lingua di destinazione. Raramente sono richiesti apparati specializzati per l&#039;interpretazione consecutiva. I nostri interpreti hanno una straordinaria comprensione dei requisiti linguistici e culturali dei nostri clienti. Per eseguire l&#039;interpretazione consecutiva, i linguisti che aspirano a diventare interpreti professionisti devono possedere eccellenza linguistica e forti capacit\u00e0 comunicative. Impieghiamo solo interpreti professionisti altamente qualificati che possano rappresentare il nostro marchio e i nostri servizi.<\/p><p>L&#039;interpretazione consecutiva \u00e8 appropriata per appuntamenti medici, appuntamenti per l&#039;immigrazione, colloqui di polizia, riunioni aziendali di piccoli gruppi, appuntamenti in tribunale e legali, attivit\u00e0 di formazione e molti altri incontri individuali che coinvolgono due o pi\u00f9 individui che non possono comunicare in una sola lingua. Gli interpreti consecutivi richiedono competenze linguistiche avanzate, forti capacit\u00e0 di comunicazione interpersonale ed esperienza specialistica nel campo in cui interpretano. Selezioniamo gli interpreti pi\u00f9 qualificati in modo che tu e la tua azienda possiate comunicare efficacemente in una variet\u00e0 di situazioni.<\/p>\t\t\t\t\t\t\t\t<\/div>\n\t\t\t\t\t<\/div>\n\t\t\t\t<\/div>\n\t\t<div class=\"elementor-element elementor-element-d0779fb e-flex e-con-boxed e-con e-parent\" data-id=\"d0779fb\" data-element_type=\"container\" data-e-type=\"container\">\n\t\t\t\t\t<div class=\"e-con-inner\">\n\t\t\t\t<div class=\"elementor-element elementor-element-2a4fe30 elementor-widget elementor-widget-heading\" data-id=\"2a4fe30\" data-element_type=\"widget\" data-e-type=\"widget\" data-widget_type=\"heading.default\">\n\t\t\t\t\t<h3 class=\"elementor-heading-title elementor-size-default\">Perch\u00e9 scegliere i nostri servizi di interpretazione consecutiva?<\/h3>\t\t\t\t<\/div>\n\t\t\t\t<div class=\"elementor-element elementor-element-801dfef elementor-widget elementor-widget-text-editor\" data-id=\"801dfef\" data-element_type=\"widget\" data-e-type=\"widget\" data-widget_type=\"text-editor.default\">\n\t\t\t\t\t\t\t\t\t<p>Vi forniamo servizi di interpretariato consecutivo superbi, personalizzati e a prezzi ragionevoli. I nostri interpreti qualificati sono disponibili per appuntamenti, riunioni, conferenze, udienze in tribunale, appuntamenti medici e qualsiasi altra occasione.<\/p>\t\t\t\t\t\t\t\t<\/div>\n\t\t\t\t\t<\/div>\n\t\t\t\t<\/div>\n\t\t<div class=\"elementor-element elementor-element-e3f5802 e-flex e-con-boxed e-con e-parent\" data-id=\"e3f5802\" data-element_type=\"container\" data-e-type=\"container\">\n\t\t\t\t\t<div class=\"e-con-inner\">\n\t\t\t\t<div class=\"elementor-element elementor-element-ca6a46b elementor-widget elementor-widget-heading\" data-id=\"ca6a46b\" data-element_type=\"widget\" data-e-type=\"widget\" data-widget_type=\"heading.default\">\n\t\t\t\t\t<h3 class=\"elementor-heading-title elementor-size-default\">Fornitore di servizi di interpretazione simultanea<\/h3>\t\t\t\t<\/div>\n\t\t\t\t<div class=\"elementor-element elementor-element-1a0e7d4 elementor-widget elementor-widget-text-editor\" data-id=\"1a0e7d4\" data-element_type=\"widget\" data-e-type=\"widget\" data-widget_type=\"text-editor.default\">\n\t\t\t\t\t\t\t\t\t<p>LSA GLOBAL offre servizi di interpretariato simultaneo da esperti. Le persone in genere utilizzano l&#039;interpretazione simultanea in grandi riunioni e conferenze in cui si parlano pi\u00f9 lingue. Per l&#039;interpretazione simultanea, che \u00e8 una forma complessa di interpretazione, \u00e8 richiesto un interprete che possa ascoltare l&#039;oratore e interpretare allo stesso tempo. Gli interpreti interpretano in un microfono mentre ascoltano l&#039;oratore tramite un auricolare in un cubicolo insonorizzato. Il microfono trasmette l&#039;interpretazione agli auricolari indossati da coloro tra il pubblico che hanno bisogno di comprendere quella lingua. Grandi conferenze in tutto il mondo utilizzano servizi di interpretariato simultaneo, con le Nazioni Unite che servono come esempio principale. A seconda della natura della conferenza e delle esigenze di interpretazione dei nostri clienti, designiamo un interprete qualificato.<\/p><p>L&#039;interpretazione simultanea richiede anni di esperienza e conoscenza sia dell&#039;argomento che del pubblico. Gli eventi che richiedono servizi di interpretariato richiedono una pianificazione avanzata e attrezzature specializzate. Valutiamo spesso l&#039;allestimento e l&#039;apparecchiatura con giorni di anticipo nella maggior parte delle sedi delle conferenze. Utilizzando tecnologie di interpretazione all&#039;avanguardia, superiamo le aspettative dei nostri clienti. Certifichiamo ed eseguiamo controlli dei precedenti sui nostri traduttori.<\/p>\t\t\t\t\t\t\t\t<\/div>\n\t\t\t\t<div class=\"elementor-element elementor-element-4d5ed9d elementor-widget elementor-widget-heading\" data-id=\"4d5ed9d\" data-element_type=\"widget\" data-e-type=\"widget\" data-widget_type=\"heading.default\">\n\t\t\t\t\t<h3 class=\"elementor-heading-title elementor-size-default\">Perch\u00e9 scegliere i nostri servizi di interpretazione simultanea?<\/h3>\t\t\t\t<\/div>\n\t\t\t\t<div class=\"elementor-element elementor-element-cf3be1b elementor-widget elementor-widget-text-editor\" data-id=\"cf3be1b\" data-element_type=\"widget\" data-e-type=\"widget\" data-widget_type=\"text-editor.default\">\n\t\t\t\t\t\t\t\t\t<p>Il nostro team fornisce servizi di interpretariato simultaneo eccezionali e personalizzati a prezzi ragionevoli. Possiamo assistervi con tutti gli incarichi di interpretariato, inclusi meeting e conferenze di medie e grandi dimensioni. La nostra organizzazione fornisce interpreti professionisti altamente qualificati che utilizzano la tecnologia di interpretariato pi\u00f9 avanzata.<\/p>\t\t\t\t\t\t\t\t<\/div>\n\t\t\t\t<div class=\"elementor-element elementor-element-a4081e4 elementor-widget elementor-widget-heading\" data-id=\"a4081e4\" data-element_type=\"widget\" data-e-type=\"widget\" data-widget_type=\"heading.default\">\n\t\t\t\t\t<h3 class=\"elementor-heading-title elementor-size-default\">Fornitore di servizi di interpretariato telefonico<\/h3>\t\t\t\t<\/div>\n\t\t\t\t<div class=\"elementor-element elementor-element-efa3e30 elementor-widget elementor-widget-text-editor\" data-id=\"efa3e30\" data-element_type=\"widget\" data-e-type=\"widget\" data-widget_type=\"text-editor.default\">\n\t\t\t\t\t\t\t\t\t<p>LSA GLOBAL fornisce servizi OPI in oltre 75 lingue, consentendo ai clienti di ricevere assistenza linguistica quando e dove ne hanno bisogno. Come nel caso di tutti i servizi di interpretariato, OPI richiede linguisti altamente qualificati che comprendano i requisiti linguistici delle persone per cui interpretano. I nostri clienti richiedono linguisti che siano disponibili in ogni momento per l&#039;interpretazione telefonica. Garantiamo che tu abbia accesso all&#039;interprete appropriato in ogni momento.<\/p><p>Utilizziamo la pi\u00f9 recente tecnologia di interpretazione telefonica. Utilizzando la nostra soluzione di interpretazione intuitiva, puoi connetterti in modo sicuro in pochi secondi, 24 ore al giorno, sette giorni alla settimana, su qualsiasi rete telefonica. Come cliente di File Translations, puoi contattare un numero verde e noi raccoglieremo le informazioni fondamentali del tuo account e la lingua di cui hai bisogno. Puoi iniziare a interpretare in pochi minuti. Puoi sempre trovare assistenza quando ne hai bisogno.<\/p><p>Gli interpreti certificati sono professionisti. Impieghiamo interpreti altamente qualificati e professionisti con esperienza nelle lingue dei tuoi clienti. Forniamo supporto per otto delle lingue pi\u00f9 parlate al mondo. In qualsiasi momento specifico, oltre 500 interpreti professionisti sono impiegati per tradurre documenti.<\/p><p>Conoscere la cultura dei tuoi consumatori \u00e8 spesso insufficiente per una comunicazione efficace. Ci assicuriamo che i nostri interpreti abbiano l&#039;attitudine culturale richiesta per fornire servizi di interpretariato culturalmente appropriati, poich\u00e9 il mondo \u00e8 culturalmente diversificato ed \u00e8 essenziale trasmettere messaggi in un modo culturalmente appropriato.<\/p>\t\t\t\t\t\t\t\t<\/div>\n\t\t\t\t<div class=\"elementor-element elementor-element-657c005 elementor-widget elementor-widget-heading\" data-id=\"657c005\" data-element_type=\"widget\" data-e-type=\"widget\" data-widget_type=\"heading.default\">\n\t\t\t\t\t<h4 class=\"elementor-heading-title elementor-size-default\">INTERPRETAZIONE E TRADUZIONI SIMULTANEE<\/h4>\t\t\t\t<\/div>\n\t\t\t\t<div class=\"elementor-element elementor-element-01ee5f1 elementor-widget elementor-widget-text-editor\" data-id=\"01ee5f1\" data-element_type=\"widget\" data-e-type=\"widget\" data-widget_type=\"text-editor.default\">\n\t\t\t\t\t\t\t\t\t<p>Contattaci oggi stesso; faremo del nostro meglio per offrirti un servizio di interpretariato personalizzato che soddisfi le tue esigenze personali e aziendali. Ti risponderemo al pi\u00f9 presto. Il nostro team \u00e8 a tua disposizione, pronto ad assisterti 24 ore su 24, 7 giorni su 7, in qualsiasi momento.<\/p>\t\t\t\t\t\t\t\t<\/div>\n\t\t\t\t\t<\/div>\n\t\t\t\t<\/div>\n\t\t<div class=\"elementor-element elementor-element-4df1e41 e-flex e-con-boxed e-con e-parent\" data-id=\"4df1e41\" data-element_type=\"container\" data-e-type=\"container\">\n\t\t\t\t\t<div class=\"e-con-inner\">\n\t\t\t\t<div class=\"elementor-element elementor-element-691e89c elementor-widget elementor-widget-heading\" data-id=\"691e89c\" data-element_type=\"widget\" data-e-type=\"widget\" data-widget_type=\"heading.default\">\n\t\t\t\t\t<h4 class=\"elementor-heading-title elementor-size-default\"><a href=\"https:\/\/lsa-global.com\/it\/ottieni-un-preventivo-gratuito-lsa-global\/\">Richiedi subito un preventivo gratuito<\/a><\/h4>\t\t\t\t<\/div>\n\t\t\t\t\t<\/div>\n\t\t\t\t<\/div>\n\t\t<div class=\"elementor-element elementor-element-5a162ad e-flex e-con-boxed e-con e-parent\" data-id=\"5a162ad\" data-element_type=\"container\" data-e-type=\"container\">\n\t\t\t\t\t<div class=\"e-con-inner\">\n\t\t\t\t<div class=\"elementor-element elementor-element-6983b60 elementor-widget elementor-widget-heading\" data-id=\"6983b60\" data-element_type=\"widget\" data-e-type=\"widget\" data-widget_type=\"heading.default\">\n\t\t\t\t\t<h3 class=\"elementor-heading-title elementor-size-default\">Andare oltre<\/h3>\t\t\t\t<\/div>\n\t\t\t\t<div class=\"elementor-element elementor-element-23bf6c0 elementor-widget elementor-widget-text-editor\" data-id=\"23bf6c0\" data-element_type=\"widget\" data-e-type=\"widget\" data-widget_type=\"text-editor.default\">\n\t\t\t\t\t\t\t\t\t<h5><span style=\"color: #ff0000;\"><a style=\"color: #ff0000;\" href=\"https:\/\/lsa-global.com\/it\/prezzi-e-termini-di-traduzione\/\">Piani tariffari e altro<\/a><\/span><\/h5>\t\t\t\t\t\t\t\t<\/div>\n\t\t\t\t<div class=\"elementor-element elementor-element-7d12202 elementor-widget elementor-widget-text-editor\" data-id=\"7d12202\" data-element_type=\"widget\" data-e-type=\"widget\" data-widget_type=\"text-editor.default\">\n\t\t\t\t\t\t\t\t\t<h5><span style=\"color: #ff0000;\"><a style=\"color: #ff0000;\" href=\"https:\/\/lsa-global.com\/it\/imparare-la-lingua-tedesca\/\">Corso di tedesco<\/a><\/span><\/h5>\t\t\t\t\t\t\t\t<\/div>\n\t\t\t\t<div class=\"elementor-element elementor-element-65298c7 elementor-widget elementor-widget-text-editor\" data-id=\"65298c7\" data-element_type=\"widget\" data-e-type=\"widget\" data-widget_type=\"text-editor.default\">\n\t\t\t\t\t\t\t\t\t<h5><span style=\"color: #ff0000;\"><a style=\"color: #ff0000;\" href=\"https:\/\/lsa-global.com\/it\/imparare-la-lingua-tedesca\/\">Preventivo gratuito<\/a><\/span><\/h5>\t\t\t\t\t\t\t\t<\/div>\n\t\t\t\t<div class=\"elementor-element elementor-element-5798509 elementor-widget elementor-widget-text-editor\" data-id=\"5798509\" data-element_type=\"widget\" data-e-type=\"widget\" data-widget_type=\"text-editor.default\">\n\t\t\t\t\t\t\t\t\t<h5><span style=\"color: #ff0000;\"><a style=\"color: #ff0000;\" href=\"https:\/\/lsa-global.com\/it\/messaggi\/\">Altri post<\/a><\/span><\/h5>\t\t\t\t\t\t\t\t<\/div>\n\t\t\t\t<div class=\"elementor-element elementor-element-acd5393 elementor-widget elementor-widget-text-editor\" data-id=\"acd5393\" data-element_type=\"widget\" data-e-type=\"widget\" data-widget_type=\"text-editor.default\">\n\t\t\t\t\t\t\t\t\t<h5><span style=\"color: #ff0000;\"><a style=\"color: #ff0000;\" href=\"https:\/\/lsaglobal-translate.co.uk\/services\/translation-services\/\" target=\"_blank\" rel=\"noopener\">Esperto di traduzione.<\/a><\/span><\/h5>\t\t\t\t\t\t\t\t<\/div>\n\t\t\t\t\t<\/div>\n\t\t\t\t<\/div>\n\t\t<div class=\"elementor-element elementor-element-0472a2c e-flex e-con-boxed e-con e-parent\" data-id=\"0472a2c\" data-element_type=\"container\" data-e-type=\"container\">\n\t\t\t\t\t<div class=\"e-con-inner\">\n\t\t\t\t<div class=\"elementor-element elementor-element-ddfb94c elementor-widget elementor-widget-image\" data-id=\"ddfb94c\" data-element_type=\"widget\" data-e-type=\"widget\" data-widget_type=\"image.default\">\n\t\t\t\t\t\t\t\t\t\t\t\t\t\t\t<img decoding=\"async\" data-attachment-id=\"23100\" data-permalink=\"https:\/\/lsa-global.com\/call-center-operator-global-international-communications-concept\/\" data-orig-file=\"https:\/\/i0.wp.com\/lsa-global.com\/wp-content\/uploads\/2023\/04\/istockphoto-484021710-612x612-1.jpg?fit=612%2C197&amp;ssl=1\" data-orig-size=\"612,197\" data-comments-opened=\"1\" data-image-meta=\"{&quot;aperture&quot;:&quot;0&quot;,&quot;credit&quot;:&quot;Getty Images\/iStockphoto&quot;,&quot;camera&quot;:&quot;&quot;,&quot;caption&quot;:&quot;call center operator global international communications concept&quot;,&quot;created_timestamp&quot;:&quot;0&quot;,&quot;copyright&quot;:&quot;Visivasnc&quot;,&quot;focal_length&quot;:&quot;0&quot;,&quot;iso&quot;:&quot;0&quot;,&quot;shutter_speed&quot;:&quot;0&quot;,&quot;title&quot;:&quot;call center operator global international communications concept&quot;,&quot;orientation&quot;:&quot;0&quot;}\" data-image-title=\"\" data-image-description=\"\" data-image-caption=\"&lt;p&gt;LSA GLOBAL call center operator global international &lt;\/p&gt;\" data-large-file=\"https:\/\/i0.wp.com\/lsa-global.com\/wp-content\/uploads\/2023\/04\/istockphoto-484021710-612x612-1.jpg?fit=612%2C197&amp;ssl=1\" width=\"300\" height=\"97\" src=\"https:\/\/i0.wp.com\/lsa-global.com\/wp-content\/uploads\/2023\/04\/istockphoto-484021710-612x612-1.jpg?fit=300%2C97&amp;ssl=1\" class=\"attachment-medium size-medium wp-image-23100\" alt=\"Servizi di interpretazione LSA\" srcset=\"https:\/\/i0.wp.com\/lsa-global.com\/wp-content\/uploads\/2023\/04\/istockphoto-484021710-612x612-1.jpg?w=612&amp;ssl=1 612w, https:\/\/i0.wp.com\/lsa-global.com\/wp-content\/uploads\/2023\/04\/istockphoto-484021710-612x612-1.jpg?resize=300%2C97&amp;ssl=1 300w, https:\/\/i0.wp.com\/lsa-global.com\/wp-content\/uploads\/2023\/04\/istockphoto-484021710-612x612-1.jpg?resize=370%2C119&amp;ssl=1 370w, https:\/\/i0.wp.com\/lsa-global.com\/wp-content\/uploads\/2023\/04\/istockphoto-484021710-612x612-1.jpg?resize=600%2C193&amp;ssl=1 600w\" sizes=\"(max-width: 300px) 100vw, 300px\" title=\"\">\t\t\t\t\t\t\t\t\t\t\t\t\t\t\t<\/div>\n\t\t\t\t\t<\/div>\n\t\t\t\t<\/div>\n\t\t\t\t<\/div>","protected":false},"excerpt":{"rendered":"<p>Professional Interpretation Services LSA GLOBAL provides comprehensive professional interpretation services. We interpret for international individuals, enterprises, corporations, and organizations. Our&hellip;<\/p>","protected":false},"author":1,"featured_media":2983,"parent":0,"menu_order":0,"comment_status":"closed","ping_status":"closed","template":"","meta":{"jetpack_post_was_ever_published":false,"footnotes":""},"class_list":["post-3512","page","type-page","status-publish","has-post-thumbnail","hentry"],"jetpack_sharing_enabled":true,"jetpack_likes_enabled":true,"jetpack-related-posts":[],"jetpack_shortlink":"https:\/\/wp.me\/PerFda-UE","_links":{"self":[{"href":"https:\/\/lsa-global.com\/it\/wp-json\/wp\/v2\/pages\/3512","targetHints":{"allow":["GET"]}}],"collection":[{"href":"https:\/\/lsa-global.com\/it\/wp-json\/wp\/v2\/pages"}],"about":[{"href":"https:\/\/lsa-global.com\/it\/wp-json\/wp\/v2\/types\/page"}],"author":[{"embeddable":true,"href":"https:\/\/lsa-global.com\/it\/wp-json\/wp\/v2\/users\/1"}],"replies":[{"embeddable":true,"href":"https:\/\/lsa-global.com\/it\/wp-json\/wp\/v2\/comments?post=3512"}],"version-history":[{"count":0,"href":"https:\/\/lsa-global.com\/it\/wp-json\/wp\/v2\/pages\/3512\/revisions"}],"wp:featuredmedia":[{"embeddable":true,"href":"https:\/\/lsa-global.com\/it\/wp-json\/wp\/v2\/media\/2983"}],"wp:attachment":[{"href":"https:\/\/lsa-global.com\/it\/wp-json\/wp\/v2\/media?parent=3512"}],"curies":[{"name":"wp","href":"https:\/\/api.w.org\/{rel}","templated":true}]}}