{"id":25717,"date":"2023-06-06T15:09:52","date_gmt":"2023-06-06T14:09:52","guid":{"rendered":"https:\/\/lsa-global.com\/?page_id=25717"},"modified":"2025-04-24T13:05:04","modified_gmt":"2025-04-24T12:05:04","slug":"ottieni-un-preventivo-gratuito-lsa-global","status":"publish","type":"page","link":"https:\/\/lsa-global.com\/it\/ottieni-un-preventivo-gratuito-lsa-global\/","title":{"rendered":"Richiedi un preventivo gratuito"},"content":{"rendered":"<div data-elementor-type=\"wp-page\" data-elementor-id=\"25717\" class=\"elementor elementor-25717\" data-elementor-post-type=\"page\">\n\t\t\t\t<div class=\"elementor-element elementor-element-b1bef50 e-flex e-con-boxed e-con e-parent\" data-id=\"b1bef50\" data-element_type=\"container\" data-e-type=\"container\">\n\t\t\t\t\t<div class=\"e-con-inner\">\n\t\t\t\t<div class=\"elementor-element elementor-element-4bb1e54 elementor-widget elementor-widget-heading\" data-id=\"4bb1e54\" data-element_type=\"widget\" data-e-type=\"widget\" data-widget_type=\"heading.default\">\n\t\t\t\t\t<h2 class=\"elementor-heading-title elementor-size-default\">Richiedi subito il tuo preventivo GRATUITO!<\/h2>\t\t\t\t<\/div>\n\t\t\t\t<div class=\"elementor-element elementor-element-b8da902 elementor-widget elementor-widget-image\" data-id=\"b8da902\" data-element_type=\"widget\" data-e-type=\"widget\" data-widget_type=\"image.default\">\n\t\t\t\t\t\t\t\t\t\t\t\t\t\t\t<img fetchpriority=\"high\" decoding=\"async\" data-attachment-id=\"25718\" data-permalink=\"https:\/\/lsa-global.com\/zh\/%e8%8e%b7%e5%8f%96%e5%85%8d%e8%b4%b9%e6%8a%a5%e4%bb%b7-lsa-global\/quote\/\" data-orig-file=\"https:\/\/i0.wp.com\/lsa-global.com\/wp-content\/uploads\/2023\/06\/quote.jpg?fit=346%2C235&amp;ssl=1\" data-orig-size=\"346,235\" data-comments-opened=\"1\" data-image-meta=\"{&quot;aperture&quot;:&quot;0&quot;,&quot;credit&quot;:&quot;&quot;,&quot;camera&quot;:&quot;&quot;,&quot;caption&quot;:&quot;&quot;,&quot;created_timestamp&quot;:&quot;0&quot;,&quot;copyright&quot;:&quot;&quot;,&quot;focal_length&quot;:&quot;0&quot;,&quot;iso&quot;:&quot;0&quot;,&quot;shutter_speed&quot;:&quot;0&quot;,&quot;title&quot;:&quot;&quot;,&quot;orientation&quot;:&quot;0&quot;}\" data-image-title=\"Get a Free Quote\" data-image-description=\"&lt;p&gt;Get a Free Quote &lt;\/p&gt;\" data-image-caption=\"\" data-large-file=\"https:\/\/i0.wp.com\/lsa-global.com\/wp-content\/uploads\/2023\/06\/quote.jpg?fit=346%2C235&amp;ssl=1\" width=\"300\" height=\"204\" src=\"https:\/\/i0.wp.com\/lsa-global.com\/wp-content\/uploads\/2023\/06\/quote.jpg?fit=300%2C204&amp;ssl=1\" class=\"attachment-medium size-medium wp-image-25718\" alt=\"Richiedi un preventivo gratuito\" srcset=\"https:\/\/i0.wp.com\/lsa-global.com\/wp-content\/uploads\/2023\/06\/quote.jpg?w=346&amp;ssl=1 346w, https:\/\/i0.wp.com\/lsa-global.com\/wp-content\/uploads\/2023\/06\/quote.jpg?resize=300%2C204&amp;ssl=1 300w\" sizes=\"(max-width: 300px) 100vw, 300px\" title=\"\">\t\t\t\t\t\t\t\t\t\t\t\t\t\t\t<\/div>\n\t\t\t\t<div class=\"elementor-element elementor-element-cbea5e6 elementor-widget elementor-widget-text-editor\" data-id=\"cbea5e6\" data-element_type=\"widget\" data-e-type=\"widget\" data-widget_type=\"text-editor.default\">\n\t\t\t\t\t\t\t\t\t<h6><span style=\"color: #0000ff;\">Ottieni un preventivo gratuito<\/span><\/h6>\t\t\t\t\t\t\t\t<\/div>\n\t\t\t\t\t<\/div>\n\t\t\t\t<\/div>\n\t\t<div class=\"elementor-element elementor-element-7151d58 e-flex e-con-boxed e-con e-parent\" data-id=\"7151d58\" data-element_type=\"container\" data-e-type=\"container\">\n\t\t\t\t\t<div class=\"e-con-inner\">\n\t\t\t\t<div class=\"elementor-element elementor-element-0a3765c elementor-widget elementor-widget-heading\" data-id=\"0a3765c\" data-element_type=\"widget\" data-e-type=\"widget\" data-widget_type=\"heading.default\">\n\t\t\t\t\t<h4 class=\"elementor-heading-title elementor-size-default\">Ottieni subito il tuo preventivo di traduzione gratuito con LSA.GLOBAL<\/h4>\t\t\t\t<\/div>\n\t\t\t\t\t<\/div>\n\t\t\t\t<\/div>\n\t\t<div class=\"elementor-element elementor-element-40aaea4 e-flex e-con-boxed e-con e-parent\" data-id=\"40aaea4\" data-element_type=\"container\" data-e-type=\"container\">\n\t\t\t\t\t<div class=\"e-con-inner\">\n\t\t\t\t<div class=\"elementor-element elementor-element-0c80cac elementor-widget elementor-widget-text-editor\" data-id=\"0c80cac\" data-element_type=\"widget\" data-e-type=\"widget\" data-widget_type=\"text-editor.default\">\n\t\t\t\t\t\t\t\t\t<p>Stai cercando un servizio di traduzione affidabile e di qualit\u00e0 superiore che possa soddisfare tutte le tue esigenze, che si tratti di documenti, file audio o contenuti video? Non cercare oltre, LSA.GLOBAL \u00e8 la soluzione che fa per te! Offriamo una piattaforma semplice e intuitiva che ti consente di richiedere un preventivo senza vincoli. Tutto ci\u00f2 che devi fare \u00e8 caricare i tuoi file e il nostro team dedicato ti fornir\u00e0 un preventivo personalizzato che si allinea perfettamente ai tuoi requisiti di traduzione specifici.<\/p>\t\t\t\t\t\t\t\t<\/div>\n\t\t\t\t<div class=\"elementor-element elementor-element-261a234 elementor-widget elementor-widget-heading\" data-id=\"261a234\" data-element_type=\"widget\" data-e-type=\"widget\" data-widget_type=\"heading.default\">\n\t\t\t\t\t<h3 class=\"elementor-heading-title elementor-size-default\">Processo di richiesta preventivo semplificato<\/h3>\t\t\t\t<\/div>\n\t\t\t\t<div class=\"elementor-element elementor-element-ebe2518 elementor-widget elementor-widget-text-editor\" data-id=\"ebe2518\" data-element_type=\"widget\" data-e-type=\"widget\" data-widget_type=\"text-editor.default\">\n\t\t\t\t\t\t\t\t\t<p>Presso LSA.GLOBAL, ottenere un preventivo di traduzione \u00e8 incredibilmente semplice. Ecco uno sguardo dettagliato a come funziona il nostro processo per garantire un&#039;esperienza impeccabile:<\/p><ol><li><p><strong><span style=\"color: #0000ff;\">Condividi i tuoi file:\u00a0<\/span><\/strong>Abbiamo reso estremamente comodo per te caricare i tuoi documenti, registrazioni audio o materiali video direttamente sulla piattaforma LSA.GLOBAL. Il nostro sistema supporta una vasta gamma di formati di file, dandoti la flessibilit\u00e0 di scegliere il formato che meglio si adatta alle tue esigenze.<\/p><\/li><li><p><strong><span style=\"color: #0000ff;\">Ottieni il tuo preventivo:\u00a0<\/span><\/strong>Una volta inviati i file, il nostro team di esperti valuter\u00e0 meticolosamente il contenuto, le coppie di lingue richieste e la complessit\u00e0 del tuo progetto di traduzione. Dopo aver completato un&#039;analisi approfondita, ti invieremo un preventivo completo e trasparente direttamente a te in modo tempestivo.<\/p><\/li><\/ol><p>In LSA.GLOBAL, siamo orgogliosi della nostra struttura tariffaria trasparente e competitiva. I nostri preventivi dettagliati chiariranno i costi coinvolti, consentendoti di prendere decisioni consapevoli sui servizi di traduzione pi\u00f9 adatti alle tue esigenze. Ci impegniamo a mantenere la trasparenza in ogni fase del processo, assicurandoti di sapere esattamente cosa aspettarti.<\/p><p>Lorem ipsum dolor sit amet, consectetur adipiscing elit. Ut elit tellus, luctus nec ullamcorper mattis, pulvinar dapibus leo.<\/p>\t\t\t\t\t\t\t\t<\/div>\n\t\t\t\t<div class=\"elementor-element elementor-element-2aabe7c elementor-widget elementor-widget-heading\" data-id=\"2aabe7c\" data-element_type=\"widget\" data-e-type=\"widget\" data-widget_type=\"heading.default\">\n\t\t\t\t\t<h3 class=\"elementor-heading-title elementor-size-default\">Cosa distingue LSA.GLOBAL per le tue esigenze di traduzione?<\/h3>\t\t\t\t<\/div>\n\t\t\t\t<div class=\"elementor-element elementor-element-1b6643c elementor-widget elementor-widget-text-editor\" data-id=\"1b6643c\" data-element_type=\"widget\" data-e-type=\"widget\" data-widget_type=\"text-editor.default\">\n\t\t\t\t\t\t\t\t\t<p>Scegliendo LSA.GLOBAL per i tuoi progetti di traduzione, avrai accesso a:<\/p><ul><li><p><strong><span style=\"color: #0000ff;\">Stime rapide e precise:\u00a0<\/span><\/strong>Forniamo preventivi gratuiti e immediati, consentendoti di valutare rapidamente i costi associati al tuo progetto di traduzione senza alcun impegno da parte tua. Ci\u00f2 significa che puoi avere una rapida comprensione dell&#039;aspetto finanziario mentre pianifichi i tuoi prossimi passi.<\/p><\/li><li><p><strong><span style=\"color: #0000ff;\">Diverse opzioni linguistiche:<\/span><\/strong>\u00a0I nostri servizi di traduzione abbracciano un&#039;ampia gamma di combinazioni linguistiche, il che significa che possiamo soddisfare le vostre specifiche esigenze linguistiche, indipendentemente da quanto siano uniche o specializzate.<\/p><\/li><li><p><strong><span style=\"color: #0000ff;\">Traduttori esperti e qualificati:<\/span><\/strong>\u00a0Il nostro team \u00e8 composto da traduttori altamente qualificati con una vasta esperienza in numerosi campi e settori. La loro profonda conoscenza garantisce che le tue traduzioni non saranno solo accurate, ma anche culturalmente sensibili, tenendo conto delle sfumature e del contesto regionali.<\/p><\/li><li><p><strong><span style=\"color: #0000ff;\">Impegno per la sicurezza e la riservatezza:<\/span><\/strong>\u00a0Diamo priorit\u00e0 alla sicurezza e alla riservatezza dei tuoi documenti e delle tue informazioni sensibili durante tutto il processo di traduzione. Puoi stare certo che i tuoi dati saranno sempre protetti.<\/p><\/li><li><p><strong><span style=\"color: #0000ff;\">Ampia selezione di formati di file:<\/span><\/strong>\u00a0La nostra piattaforma consente di inviare facilmente vari tipi di documenti, garantendoti la flessibilit\u00e0 necessaria nel caricamento dei file.<\/p><\/li><\/ul>\t\t\t\t\t\t\t\t<\/div>\n\t\t\t\t<div class=\"elementor-element elementor-element-51d03b1 elementor-widget elementor-widget-heading\" data-id=\"51d03b1\" data-element_type=\"widget\" data-e-type=\"widget\" data-widget_type=\"heading.default\">\n\t\t\t\t\t<h3 class=\"elementor-heading-title elementor-size-default\">Fai oggi stesso il primo passo verso i tuoi obiettivi!<\/h3>\t\t\t\t<\/div>\n\t\t\t\t<div class=\"elementor-element elementor-element-75ff027 elementor-widget elementor-widget-text-editor\" data-id=\"75ff027\" data-element_type=\"widget\" data-e-type=\"widget\" data-widget_type=\"text-editor.default\">\n\t\t\t\t\t\t\t\t\t<p>Non lasciare che le barriere linguistiche ti trattengano pi\u00f9 a lungo. Preparati a raggiungere una comunicazione fluida e il successo in tutte le tue iniziative aziendali. Visita LSA.GLOBAL per ricevere un preventivo gratuito per le tue esigenze di traduzione. La nostra priorit\u00e0 principale \u00e8 fornire servizi di traduzione eccezionali, personalizzati per soddisfare le tue esigenze e i tuoi tempi unici.<\/p><p>Esplora le grandi opportunit\u00e0 che derivano da una comunicazione chiara in pi\u00f9 lingue visitando LSA.GLOBAL oggi stesso.<\/p>\t\t\t\t\t\t\t\t<\/div>\n\t\t\t\t<div class=\"elementor-element elementor-element-a84fc2f elementor-widget elementor-widget-heading\" data-id=\"a84fc2f\" data-element_type=\"widget\" data-e-type=\"widget\" data-widget_type=\"heading.default\">\n\t\t\t\t\t<h3 class=\"elementor-heading-title elementor-size-default\">Considerazioni aggiuntive<\/h3>\t\t\t\t<\/div>\n\t\t\t\t<div class=\"elementor-element elementor-element-2bb428c elementor-widget elementor-widget-text-editor\" data-id=\"2bb428c\" data-element_type=\"widget\" data-e-type=\"widget\" data-widget_type=\"text-editor.default\">\n\t\t\t\t\t\t\t\t\t<p>Si prega di tenere presente che questo articolo \u00e8 solo un esempio e pu\u00f2 essere ulteriormente personalizzato con dettagli pi\u00f9 specifici su LSA.GLOBAL. Sarebbe vantaggioso ampliare le competenze disponibili in vari settori, come le traduzioni legali, mediche, tecniche e di marketing, nonch\u00e9 evidenziare eventuali aree specializzate dei servizi di traduzione offerti. Ci\u00f2 fornir\u00e0 ai potenziali clienti una comprensione pi\u00f9 completa di come LSA.GLOBAL si distingue nel panorama competitivo delle traduzioni.<\/p>\t\t\t\t\t\t\t\t<\/div>\n\t\t\t\t<div class=\"elementor-element elementor-element-092dc7f elementor-widget elementor-widget-heading\" data-id=\"092dc7f\" data-element_type=\"widget\" data-e-type=\"widget\" data-widget_type=\"heading.default\">\n\t\t\t\t\t<h3 class=\"elementor-heading-title elementor-size-default\">Andare oltre<\/h3>\t\t\t\t<\/div>\n\t\t\t\t<div class=\"elementor-element elementor-element-e233ff5 elementor-widget elementor-widget-text-editor\" data-id=\"e233ff5\" data-element_type=\"widget\" data-e-type=\"widget\" data-widget_type=\"text-editor.default\">\n\t\t\t\t\t\t\t\t\t<h5><a href=\"https:\/\/lsa-global.com\/it\/prezzi-e-termini-di-traduzione\/\"><span style=\"color: #ff0000;\">Piani tariffari e altro<\/span><\/a><\/h5>\t\t\t\t\t\t\t\t<\/div>\n\t\t\t\t<div class=\"elementor-element elementor-element-5c6d37a elementor-widget elementor-widget-text-editor\" data-id=\"5c6d37a\" data-element_type=\"widget\" data-e-type=\"widget\" data-widget_type=\"text-editor.default\">\n\t\t\t\t\t\t\t\t\t<h5><a href=\"https:\/\/lsa-global.com\/it\/imparare-la-lingua-tedesca\/\"><span style=\"color: #ff0000;\">Preventivo gratuito<\/span><\/a><\/h5>\t\t\t\t\t\t\t\t<\/div>\n\t\t\t\t<div class=\"elementor-element elementor-element-0e931a7 elementor-widget elementor-widget-text-editor\" data-id=\"0e931a7\" data-element_type=\"widget\" data-e-type=\"widget\" data-widget_type=\"text-editor.default\">\n\t\t\t\t\t\t\t\t\t<h5><a href=\"https:\/\/lsa-global.com\/it\/messaggi\/\"><span style=\"color: #ff0000;\">Altri post<\/span><\/a><\/h5>\t\t\t\t\t\t\t\t<\/div>\n\t\t\t\t<div class=\"elementor-element elementor-element-6cc2d03 elementor-widget elementor-widget-text-editor\" data-id=\"6cc2d03\" data-element_type=\"widget\" data-e-type=\"widget\" data-widget_type=\"text-editor.default\">\n\t\t\t\t\t\t\t\t\t<h5><a href=\"https:\/\/lsaglobal-translate.co.uk\/services\/translation-services\/\" target=\"_blank\" rel=\"noopener\"><span style=\"color: #ff0000;\">Esperto di traduzione.<\/span><\/a><\/h5>\t\t\t\t\t\t\t\t<\/div>\n\t\t\t\t<div class=\"elementor-element elementor-element-e8b35e7 elementor-widget elementor-widget-text-editor\" data-id=\"e8b35e7\" data-element_type=\"widget\" data-e-type=\"widget\" data-widget_type=\"text-editor.default\">\n\t\t\t\t\t\t\t\t\t<h4><span style=\"color: #000080;\"><span style=\"color: #ff0000;\">Visita il sito web LSAGLOBAL-Translate per maggiori informazioni<\/span><\/span><\/h4>\t\t\t\t\t\t\t\t<\/div>\n\t\t\t\t\t<\/div>\n\t\t\t\t<\/div>\n\t\t\t\t<\/div>","protected":false},"excerpt":{"rendered":"<p>Get your FREE quote now! Get a free quote Get Your Free Translation Quote Instantly with LSA.GLOBAL Are you searching&hellip;<\/p>","protected":false},"author":1,"featured_media":37237,"parent":0,"menu_order":0,"comment_status":"closed","ping_status":"closed","template":"","meta":{"jetpack_post_was_ever_published":false,"footnotes":""},"class_list":["post-25717","page","type-page","status-publish","has-post-thumbnail","hentry"],"jetpack_sharing_enabled":true,"jetpack_likes_enabled":true,"jetpack-related-posts":[],"jetpack_shortlink":"https:\/\/wp.me\/PerFda-6GN","_links":{"self":[{"href":"https:\/\/lsa-global.com\/it\/wp-json\/wp\/v2\/pages\/25717","targetHints":{"allow":["GET"]}}],"collection":[{"href":"https:\/\/lsa-global.com\/it\/wp-json\/wp\/v2\/pages"}],"about":[{"href":"https:\/\/lsa-global.com\/it\/wp-json\/wp\/v2\/types\/page"}],"author":[{"embeddable":true,"href":"https:\/\/lsa-global.com\/it\/wp-json\/wp\/v2\/users\/1"}],"replies":[{"embeddable":true,"href":"https:\/\/lsa-global.com\/it\/wp-json\/wp\/v2\/comments?post=25717"}],"version-history":[{"count":0,"href":"https:\/\/lsa-global.com\/it\/wp-json\/wp\/v2\/pages\/25717\/revisions"}],"wp:featuredmedia":[{"embeddable":true,"href":"https:\/\/lsa-global.com\/it\/wp-json\/wp\/v2\/media\/37237"}],"wp:attachment":[{"href":"https:\/\/lsa-global.com\/it\/wp-json\/wp\/v2\/media?parent=25717"}],"curies":[{"name":"wp","href":"https:\/\/api.w.org\/{rel}","templated":true}]}}