{"id":43879,"date":"2025-03-21T19:44:38","date_gmt":"2025-03-21T18:44:38","guid":{"rendered":"https:\/\/lsa-global.com\/?page_id=43879"},"modified":"2025-04-25T16:33:35","modified_gmt":"2025-04-25T15:33:35","slug":"merci-lsa-global","status":"publish","type":"page","link":"https:\/\/lsa-global.com\/fr\/merci-lsa-global\/","title":{"rendered":"Merci Page Language School"},"content":{"rendered":"<div data-elementor-type=\"wp-page\" data-elementor-id=\"43879\" class=\"elementor elementor-43879\" data-elementor-post-type=\"page\">\n\t\t\t\t<div class=\"elementor-element elementor-element-be8d67c e-flex e-con-boxed e-con e-parent\" data-id=\"be8d67c\" data-element_type=\"container\" data-e-type=\"container\">\n\t\t\t\t\t<div class=\"e-con-inner\">\n\t\t\t\t<div class=\"elementor-element elementor-element-931789e elementor-widget elementor-widget-heading\" data-id=\"931789e\" data-element_type=\"widget\" data-e-type=\"widget\" data-widget_type=\"heading.default\">\n\t\t\t\t\t<h2 class=\"elementor-heading-title elementor-size-default\">MERCI<\/h2>\t\t\t\t<\/div>\n\t\t\t\t<div class=\"elementor-element elementor-element-b80099a elementor-widget elementor-widget-image\" data-id=\"b80099a\" data-element_type=\"widget\" data-e-type=\"widget\" data-widget_type=\"image.default\">\n\t\t\t\t\t\t\t\t\t\t\t\t\t\t\t<img decoding=\"async\" data-attachment-id=\"45326\" data-permalink=\"https:\/\/lsa-global.com\/thank-you-lsa-global\/thank-you\/\" data-orig-file=\"https:\/\/i0.wp.com\/lsa-global.com\/wp-content\/uploads\/2025\/04\/thank-you.jpg?fit=235%2C156&amp;ssl=1\" data-orig-size=\"235,156\" data-comments-opened=\"0\" data-image-meta=\"{&quot;aperture&quot;:&quot;0&quot;,&quot;credit&quot;:&quot;&quot;,&quot;camera&quot;:&quot;&quot;,&quot;caption&quot;:&quot;&quot;,&quot;created_timestamp&quot;:&quot;0&quot;,&quot;copyright&quot;:&quot;&quot;,&quot;focal_length&quot;:&quot;0&quot;,&quot;iso&quot;:&quot;0&quot;,&quot;shutter_speed&quot;:&quot;0&quot;,&quot;title&quot;:&quot;&quot;,&quot;orientation&quot;:&quot;0&quot;}\" data-image-title=\"thank you\" data-image-description=\"&lt;p&gt;thank you&lt;\/p&gt;\" data-image-caption=\"\" data-medium-file=\"https:\/\/i0.wp.com\/lsa-global.com\/wp-content\/uploads\/2025\/04\/thank-you.jpg?fit=235%2C156&amp;ssl=1\" data-large-file=\"https:\/\/i0.wp.com\/lsa-global.com\/wp-content\/uploads\/2025\/04\/thank-you.jpg?fit=235%2C156&amp;ssl=1\" width=\"235\" height=\"156\" src=\"https:\/\/i0.wp.com\/lsa-global.com\/wp-content\/uploads\/2025\/04\/thank-you.jpg?fit=235%2C156&amp;ssl=1\" class=\"attachment-medium size-medium wp-image-45326\" alt=\"thank you\" srcset=\"https:\/\/i0.wp.com\/lsa-global.com\/wp-content\/uploads\/2025\/04\/thank-you.jpg?w=235&amp;ssl=1 235w, https:\/\/i0.wp.com\/lsa-global.com\/wp-content\/uploads\/2025\/04\/thank-you.jpg?resize=150%2C100&amp;ssl=1 150w, https:\/\/i0.wp.com\/lsa-global.com\/wp-content\/uploads\/2025\/04\/thank-you.jpg?resize=18%2C12&amp;ssl=1 18w\" sizes=\"(max-width: 235px) 100vw, 235px\" title=\"\">\t\t\t\t\t\t\t\t\t\t\t\t\t\t\t<\/div>\n\t\t\t\t<div class=\"elementor-element elementor-element-3ea8017 elementor-widget elementor-widget-heading\" data-id=\"3ea8017\" data-element_type=\"widget\" data-e-type=\"widget\" data-widget_type=\"heading.default\">\n\t\t\t\t\t<h3 class=\"elementor-heading-title elementor-size-default\">F\u00e9licitations!<\/h3>\t\t\t\t<\/div>\n\t\t\t\t<div class=\"elementor-element elementor-element-130c012 elementor-widget elementor-widget-heading\" data-id=\"130c012\" data-element_type=\"widget\" data-e-type=\"widget\" data-widget_type=\"heading.default\">\n\t\t\t\t\t<h3 class=\"elementor-heading-title elementor-size-default\">Bien re\u00e7u avec remerciements<\/h3>\t\t\t\t<\/div>\n\t\t\t\t<div class=\"elementor-element elementor-element-d69239f elementor-widget elementor-widget-image\" data-id=\"d69239f\" data-element_type=\"widget\" data-e-type=\"widget\" data-widget_type=\"image.default\">\n\t\t\t\t\t\t\t\t\t\t\t\t\t\t\t<img decoding=\"async\" data-attachment-id=\"24007\" data-permalink=\"https:\/\/lsa-global.com\/register-now-2\/green-glass-check-mark-symbol-part-of-a-series\/\" data-orig-file=\"https:\/\/i0.wp.com\/lsa-global.com\/wp-content\/uploads\/2023\/05\/check.jpg?fit=612%2C612&amp;ssl=1\" data-orig-size=\"612,612\" data-comments-opened=\"1\" data-image-meta=\"{&quot;aperture&quot;:&quot;0&quot;,&quot;credit&quot;:&quot;Getty Images\/iStockphoto&quot;,&quot;camera&quot;:&quot;&quot;,&quot;caption&quot;:&quot;Green glass check mark symbol. Part of a series.&quot;,&quot;created_timestamp&quot;:&quot;0&quot;,&quot;copyright&quot;:&quot;VCTStyle&quot;,&quot;focal_length&quot;:&quot;0&quot;,&quot;iso&quot;:&quot;0&quot;,&quot;shutter_speed&quot;:&quot;0&quot;,&quot;title&quot;:&quot;Green glass check mark symbol. Part of a series.&quot;,&quot;orientation&quot;:&quot;0&quot;}\" data-image-title=\"Account Verification\" data-image-description=\"&lt;p&gt;Account Verification&lt;\/p&gt;\" data-image-caption=\"\" data-medium-file=\"https:\/\/i0.wp.com\/lsa-global.com\/wp-content\/uploads\/2023\/05\/check.jpg?fit=300%2C300&amp;ssl=1\" data-large-file=\"https:\/\/i0.wp.com\/lsa-global.com\/wp-content\/uploads\/2023\/05\/check.jpg?fit=612%2C612&amp;ssl=1\" width=\"150\" height=\"150\" src=\"https:\/\/i0.wp.com\/lsa-global.com\/wp-content\/uploads\/2023\/05\/check.jpg?fit=150%2C150&amp;ssl=1\" class=\"attachment-thumbnail size-thumbnail wp-image-24007\" alt=\"confirmez votre email\" srcset=\"https:\/\/i0.wp.com\/lsa-global.com\/wp-content\/uploads\/2023\/05\/check.jpg?w=612&amp;ssl=1 612w, https:\/\/i0.wp.com\/lsa-global.com\/wp-content\/uploads\/2023\/05\/check.jpg?resize=300%2C300&amp;ssl=1 300w, https:\/\/i0.wp.com\/lsa-global.com\/wp-content\/uploads\/2023\/05\/check.jpg?resize=150%2C150&amp;ssl=1 150w, https:\/\/i0.wp.com\/lsa-global.com\/wp-content\/uploads\/2023\/05\/check.jpg?resize=75%2C75&amp;ssl=1 75w, https:\/\/i0.wp.com\/lsa-global.com\/wp-content\/uploads\/2023\/05\/check.jpg?resize=370%2C370&amp;ssl=1 370w, https:\/\/i0.wp.com\/lsa-global.com\/wp-content\/uploads\/2023\/05\/check.jpg?resize=90%2C90&amp;ssl=1 90w, https:\/\/i0.wp.com\/lsa-global.com\/wp-content\/uploads\/2023\/05\/check.jpg?resize=112%2C112&amp;ssl=1 112w, https:\/\/i0.wp.com\/lsa-global.com\/wp-content\/uploads\/2023\/05\/check.jpg?resize=148%2C148&amp;ssl=1 148w, https:\/\/i0.wp.com\/lsa-global.com\/wp-content\/uploads\/2023\/05\/check.jpg?resize=600%2C600&amp;ssl=1 600w, https:\/\/i0.wp.com\/lsa-global.com\/wp-content\/uploads\/2023\/05\/check.jpg?resize=100%2C100&amp;ssl=1 100w\" sizes=\"(max-width: 150px) 100vw, 150px\" title=\"\">\t\t\t\t\t\t\t\t\t\t\t\t\t\t\t<\/div>\n\t\t\t\t<div class=\"elementor-element elementor-element-60f75f4 elementor-widget elementor-widget-text-editor\" data-id=\"60f75f4\" data-element_type=\"widget\" data-e-type=\"widget\" data-widget_type=\"text-editor.default\">\n\t\t\t\t\t\t\t\t\t<p style=\"text-align: center;\"><strong>\u00a0<\/strong><\/p><p style=\"text-align: center;\"><strong><span style=\"color: #0c7007;\">\ud83c\udf93 Merci de votre int\u00e9r\u00eat pour les programmes linguistiques LSA.GLOBAL\u00a0!<\/span><\/strong><\/p><p style=\"text-align: center;\" data-start=\"1190\" data-end=\"1402\"><br data-start=\"1199\" data-end=\"1202\" \/><strong><span style=\"color: #0c7007;\">Nous avons re\u00e7u votre soumission et sommes ravis de vous guider dans votre parcours d&#039;apprentissage des langues.<\/span><\/strong><br data-start=\"1297\" data-end=\"1300\" \/><strong><span style=\"color: #0c7007;\">Un membre de notre \u00e9quipe acad\u00e9mique vous contactera dans un d\u00e9lai de 1 \u00e0 2 jours ouvrables pour discuter des prochaines \u00e9tapes.<\/span><\/strong><\/p><p style=\"text-align: center;\" data-start=\"1404\" data-end=\"1431\"><strong><span style=\"color: #0c7007;\">Voici ce qui arrive :<\/span><\/strong><\/p><p style=\"text-align: center;\"><strong><span style=\"color: #0c7007;\">\ud83d\udcde Un appel ou un e-mail de suivi pour r\u00e9pondre \u00e0 vos questions<\/span><\/strong><\/p><p style=\"text-align: center;\"><strong><span style=\"color: #0c7007;\">\ud83d\uddd3 Assistance dans le choix du cours adapt\u00e9 \u00e0 vos objectifs<\/span><\/strong><\/p><p style=\"text-align: center;\"><strong><span style=\"color: #0c7007;\">\u270d\ufe0f Instructions d&#039;inscription faciles pour commencer<\/span><\/strong><\/p><p style=\"text-align: center;\" data-start=\"1603\" data-end=\"1672\"><span style=\"color: #008000;\">En attendant, n&#039;h\u00e9sitez pas \u00e0 explorer nos programmes ou les t\u00e9moignages d&#039;\u00e9tudiants :<\/span><\/p><p style=\"text-align: center;\" data-start=\"1674\" data-end=\"1738\"><span style=\"color: #0c7007;\"><strong>\ud83d\udcd8 <a style=\"color: #0c7007;\" href=\"https:\/\/lsa-global.com\/fr\/cours-de-lacademie-mondiale-de-services-linguistiques-de-lsa\/\" rel=\"noopener\" data-start=\"1677\" data-end=\"1705\">Parcourir les cours de langues<\/a> | \ud83d\udcac <a style=\"color: #0c7007;\" href=\"https:\/\/lsa-global.com\/fr\/temoignages\/\" rel=\"noopener\" data-start=\"1711\" data-end=\"1738\">\u00c9coutez nos \u00e9tudiants<\/a><\/strong><\/span><\/p>\t\t\t\t\t\t\t\t<\/div>\n\t\t\t\t<div class=\"elementor-element elementor-element-f3d2b64 elementor-widget elementor-widget-heading\" data-id=\"f3d2b64\" data-element_type=\"widget\" data-e-type=\"widget\" data-widget_type=\"heading.default\">\n\t\t\t\t\t<h3 class=\"elementor-heading-title elementor-size-default\">Aller au-del\u00e0<\/h3>\t\t\t\t<\/div>\n\t\t\t\t<div class=\"elementor-element elementor-element-31090ee elementor-widget elementor-widget-text-editor\" data-id=\"31090ee\" data-element_type=\"widget\" data-e-type=\"widget\" data-widget_type=\"text-editor.default\">\n\t\t\t\t\t\t\t\t\t<h5><a href=\"https:\/\/lsa-global.com\/fr\/tarifs-et-conditions-de-traduction\/\"><span style=\"color: #ff0000;\">Plans tarifaires et plus<\/span><\/a><\/h5>\t\t\t\t\t\t\t\t<\/div>\n\t\t\t\t<div class=\"elementor-element elementor-element-5ee1037 elementor-widget elementor-widget-text-editor\" data-id=\"5ee1037\" data-element_type=\"widget\" data-e-type=\"widget\" data-widget_type=\"text-editor.default\">\n\t\t\t\t\t\t\t\t\t<h5><a href=\"https:\/\/lsa-global.com\/fr\/articles\/\"><span style=\"color: #ff0000;\">Plus de messages<\/span><\/a><\/h5>\t\t\t\t\t\t\t\t<\/div>\n\t\t\t\t<div class=\"elementor-element elementor-element-28e9454 elementor-widget elementor-widget-text-editor\" data-id=\"28e9454\" data-element_type=\"widget\" data-e-type=\"widget\" data-widget_type=\"text-editor.default\">\n\t\t\t\t\t\t\t\t\t<h5><a href=\"https:\/\/lsaglobal-translate.co.uk\/services\/translation-services\/\" target=\"_blank\" rel=\"noopener\"><span style=\"color: #ff0000;\">Traduction Pro.<\/span><\/a><\/h5>\t\t\t\t\t\t\t\t<\/div>\n\t\t\t\t\t<\/div>\n\t\t\t\t<\/div>\n\t\t\t\t<\/div>","protected":false},"excerpt":{"rendered":"<p>THANK YOU Congratulations! Well Received With Thanks \u00a0 \ud83c\udf93 Thanks for Your Interest in LSA.GLOBAL Language Programs! We\u2019ve received your&hellip;<\/p>","protected":false},"author":1,"featured_media":45326,"parent":0,"menu_order":0,"comment_status":"closed","ping_status":"closed","template":"","meta":{"jetpack_post_was_ever_published":false,"footnotes":""},"class_list":["post-43879","page","type-page","status-publish","has-post-thumbnail","hentry"],"jetpack_sharing_enabled":true,"jetpack_likes_enabled":true,"jetpack-related-posts":[],"jetpack_shortlink":"https:\/\/wp.me\/PerFda-bpJ","_links":{"self":[{"href":"https:\/\/lsa-global.com\/fr\/wp-json\/wp\/v2\/pages\/43879","targetHints":{"allow":["GET"]}}],"collection":[{"href":"https:\/\/lsa-global.com\/fr\/wp-json\/wp\/v2\/pages"}],"about":[{"href":"https:\/\/lsa-global.com\/fr\/wp-json\/wp\/v2\/types\/page"}],"author":[{"embeddable":true,"href":"https:\/\/lsa-global.com\/fr\/wp-json\/wp\/v2\/users\/1"}],"replies":[{"embeddable":true,"href":"https:\/\/lsa-global.com\/fr\/wp-json\/wp\/v2\/comments?post=43879"}],"version-history":[{"count":0,"href":"https:\/\/lsa-global.com\/fr\/wp-json\/wp\/v2\/pages\/43879\/revisions"}],"wp:featuredmedia":[{"embeddable":true,"href":"https:\/\/lsa-global.com\/fr\/wp-json\/wp\/v2\/media\/45326"}],"wp:attachment":[{"href":"https:\/\/lsa-global.com\/fr\/wp-json\/wp\/v2\/media?parent=43879"}],"curies":[{"name":"wp","href":"https:\/\/api.w.org\/{rel}","templated":true}]}}