{"id":43416,"date":"2025-03-18T16:38:35","date_gmt":"2025-03-18T15:38:35","guid":{"rendered":"https:\/\/lsa-global.com\/?page_id=43416"},"modified":"2025-04-25T11:34:13","modified_gmt":"2025-04-25T10:34:13","slug":"dari-translation-services-accurate-certified","status":"publish","type":"page","link":"https:\/\/lsa-global.com\/fr\/dari-translation-services-accurate-certified\/","title":{"rendered":"Services de traduction professionnels en dari \u2013 pr\u00e9cis et certifi\u00e9s"},"content":{"rendered":"<div data-elementor-type=\"wp-page\" data-elementor-id=\"43416\" class=\"elementor elementor-43416\" data-elementor-post-type=\"page\">\n\t\t\t\t<div class=\"elementor-element elementor-element-c13e760 e-flex e-con-boxed e-con e-parent\" data-id=\"c13e760\" data-element_type=\"container\" data-e-type=\"container\">\n\t\t\t\t\t<div class=\"e-con-inner\">\n\t\t\t\t<div class=\"elementor-element elementor-element-6256867 elementor-widget elementor-widget-heading\" data-id=\"6256867\" data-element_type=\"widget\" data-e-type=\"widget\" data-widget_type=\"heading.default\">\n\t\t\t\t\t<h2 class=\"elementor-heading-title elementor-size-default\">Professional Dari Translation Services \u2013 Accurate &amp; Certified<\/h2>\t\t\t\t<\/div>\n\t\t\t\t<div class=\"elementor-element elementor-element-455ffa9 elementor-widget elementor-widget-image\" data-id=\"455ffa9\" data-element_type=\"widget\" data-e-type=\"widget\" data-widget_type=\"image.default\">\n\t\t\t\t\t\t\t\t\t\t\t\t\t\t\t<img fetchpriority=\"high\" decoding=\"async\" data-attachment-id=\"43715\" data-permalink=\"https:\/\/lsa-global.com\/zh\/dari-translation-services-accurate-certified\/dari\/\" data-orig-file=\"https:\/\/i0.wp.com\/lsa-global.com\/wp-content\/uploads\/2025\/03\/Dari.png?fit=2560%2C1707&amp;ssl=1\" data-orig-size=\"2560,1707\" data-comments-opened=\"0\" data-image-meta=\"{&quot;aperture&quot;:&quot;0&quot;,&quot;credit&quot;:&quot;&quot;,&quot;camera&quot;:&quot;&quot;,&quot;caption&quot;:&quot;&quot;,&quot;created_timestamp&quot;:&quot;0&quot;,&quot;copyright&quot;:&quot;&quot;,&quot;focal_length&quot;:&quot;0&quot;,&quot;iso&quot;:&quot;0&quot;,&quot;shutter_speed&quot;:&quot;0&quot;,&quot;title&quot;:&quot;&quot;,&quot;orientation&quot;:&quot;0&quot;}\" data-image-title=\"Dari translation Services\" data-image-description=\"&lt;p&gt;Dari translation Services&lt;\/p&gt;\" data-image-caption=\"\" data-large-file=\"https:\/\/i0.wp.com\/lsa-global.com\/wp-content\/uploads\/2025\/03\/Dari.png?fit=1024%2C683&amp;ssl=1\" width=\"300\" height=\"200\" src=\"https:\/\/i0.wp.com\/lsa-global.com\/wp-content\/uploads\/2025\/03\/Dari.png?fit=300%2C200&amp;ssl=1\" class=\"attachment-medium size-medium wp-image-43715\" alt=\"Dari translation Services\" srcset=\"https:\/\/i0.wp.com\/lsa-global.com\/wp-content\/uploads\/2025\/03\/Dari.png?w=2560&amp;ssl=1 2560w, https:\/\/i0.wp.com\/lsa-global.com\/wp-content\/uploads\/2025\/03\/Dari.png?resize=300%2C200&amp;ssl=1 300w, https:\/\/i0.wp.com\/lsa-global.com\/wp-content\/uploads\/2025\/03\/Dari.png?resize=1024%2C683&amp;ssl=1 1024w, https:\/\/i0.wp.com\/lsa-global.com\/wp-content\/uploads\/2025\/03\/Dari.png?resize=150%2C100&amp;ssl=1 150w, https:\/\/i0.wp.com\/lsa-global.com\/wp-content\/uploads\/2025\/03\/Dari.png?resize=768%2C512&amp;ssl=1 768w, https:\/\/i0.wp.com\/lsa-global.com\/wp-content\/uploads\/2025\/03\/Dari.png?resize=1536%2C1024&amp;ssl=1 1536w, https:\/\/i0.wp.com\/lsa-global.com\/wp-content\/uploads\/2025\/03\/Dari.png?resize=2048%2C1366&amp;ssl=1 2048w, https:\/\/i0.wp.com\/lsa-global.com\/wp-content\/uploads\/2025\/03\/Dari.png?resize=18%2C12&amp;ssl=1 18w, https:\/\/i0.wp.com\/lsa-global.com\/wp-content\/uploads\/2025\/03\/Dari.png?resize=370%2C247&amp;ssl=1 370w, https:\/\/i0.wp.com\/lsa-global.com\/wp-content\/uploads\/2025\/03\/Dari.png?resize=760%2C507&amp;ssl=1 760w\" sizes=\"(max-width: 300px) 100vw, 300px\" title=\"\">\t\t\t\t\t\t\t\t\t\t\t\t\t\t\t<\/div>\n\t\t\t\t<div class=\"elementor-element elementor-element-6e364d7 elementor-widget elementor-widget-heading\" data-id=\"6e364d7\" data-element_type=\"widget\" data-e-type=\"widget\" data-widget_type=\"heading.default\">\n\t\t\t\t\t<h3 class=\"elementor-heading-title elementor-size-default\">Expert Dari Translation Services for Businesses &amp; Individuals<\/h3>\t\t\t\t<\/div>\n\t\t\t\t<div class=\"elementor-element elementor-element-f73f19a elementor-widget elementor-widget-text-editor\" data-id=\"f73f19a\" data-element_type=\"widget\" data-e-type=\"widget\" data-widget_type=\"text-editor.default\">\n\t\t\t\t\t\t\t\t\t<p>Are you seeking high-quality\u00a0Dari translation services? Our team of professional translators specializes in delivering accurate, culturally adapted translations tailored to Dari-speaking audiences. We offer a comprehensive range of services, including\u00a0document translation,\u00a0website localization,\u00a0technical translations, and more, ensuring your content resonates with your target market.<\/p>\t\t\t\t\t\t\t\t<\/div>\n\t\t\t\t<div class=\"elementor-element elementor-element-9244206 elementor-widget elementor-widget-heading\" data-id=\"9244206\" data-element_type=\"widget\" data-e-type=\"widget\" data-widget_type=\"heading.default\">\n\t\t\t\t\t<h3 class=\"elementor-heading-title elementor-size-default\">Why Choose Our Dari Translation Services?<\/h3>\t\t\t\t<\/div>\n\t\t\t\t<div class=\"elementor-element elementor-element-b2a8722 elementor-widget elementor-widget-text-editor\" data-id=\"b2a8722\" data-element_type=\"widget\" data-e-type=\"widget\" data-widget_type=\"text-editor.default\">\n\t\t\t\t\t\t\t\t\t<ul><li><p>Native Dari Translators: Our translators are native Dari speakers with years of full-time experience, ensuring precise and contextually appropriate translations.\u00a0<\/p><\/li><li><p>Traductions certifi\u00e9es : Nous fournissons des traductions certifi\u00e9es accept\u00e9es par les agences gouvernementales et les institutions juridiques, garantissant ainsi la conformit\u00e9 et l&#039;authenticit\u00e9.\u00a0<\/p><\/li><li><p>SEO-Optimized Content: Our translations incorporate SEO best practices, helping your website rank higher on search engines like Google and Bing.\u00a0lsaglobal-translate.co.uk<\/p><\/li><li><p>D\u00e9lai d&#039;ex\u00e9cution rapide et prix comp\u00e9titifs : nous livrons des traductions de haute qualit\u00e9 rapidement et \u00e0 des tarifs comp\u00e9titifs, en respectant vos d\u00e9lais et vos exigences budg\u00e9taires.\u00a0<\/p><\/li><li><p>Expertise sectorielle : Nos traducteurs poss\u00e8dent des connaissances sp\u00e9cialis\u00e9es dans divers secteurs, notamment les secteurs juridique, m\u00e9dical, technique et commercial.\u00a0<\/p><\/li><\/ul>\t\t\t\t\t\t\t\t<\/div>\n\t\t\t\t<div class=\"elementor-element elementor-element-68e26fe elementor-widget elementor-widget-heading\" data-id=\"68e26fe\" data-element_type=\"widget\" data-e-type=\"widget\" data-widget_type=\"heading.default\">\n\t\t\t\t\t<h3 class=\"elementor-heading-title elementor-size-default\">Our Dari Translation Services<\/h3>\t\t\t\t<\/div>\n\t\t\t\t<div class=\"elementor-element elementor-element-7d0a95c elementor-widget elementor-widget-heading\" data-id=\"7d0a95c\" data-element_type=\"widget\" data-e-type=\"widget\" data-widget_type=\"heading.default\">\n\t\t\t\t\t<h5 class=\"elementor-heading-title elementor-size-default\">1. Traduction certifi\u00e9e de documents<\/h5>\t\t\t\t<\/div>\n\t\t\t\t<div class=\"elementor-element elementor-element-dbdb874 elementor-widget elementor-widget-text-editor\" data-id=\"dbdb874\" data-element_type=\"widget\" data-e-type=\"widget\" data-widget_type=\"text-editor.default\">\n\t\t\t\t\t\t\t\t\t<p>Nous proposons des traductions certifi\u00e9es pour une vari\u00e9t\u00e9 de documents, garantissant l&#039;exactitude et l&#039;acceptation par les entit\u00e9s officielles :<\/p><ul><li><p>Documents juridiques : Contrats, accords, documents judiciaires.<\/p><\/li><li><p>Documents personnels : Actes de naissance, actes de mariage, relev\u00e9s de notes.<\/p><\/li><li><p>Documents commerciaux : Licences, \u00e9tats financiers, rapports d&#039;entreprise.<\/p><\/li><\/ul>\t\t\t\t\t\t\t\t<\/div>\n\t\t\t\t<div class=\"elementor-element elementor-element-b39d8d7 elementor-widget elementor-widget-heading\" data-id=\"b39d8d7\" data-element_type=\"widget\" data-e-type=\"widget\" data-widget_type=\"heading.default\">\n\t\t\t\t\t<h5 class=\"elementor-heading-title elementor-size-default\">2. Localisation de sites Web et d&#039;applications<\/h5>\t\t\t\t<\/div>\n\t\t\t\t<div class=\"elementor-element elementor-element-091aacb elementor-widget elementor-widget-text-editor\" data-id=\"091aacb\" data-element_type=\"widget\" data-e-type=\"widget\" data-widget_type=\"text-editor.default\">\n\t\t\t\t\t\t\t\t\t<p>Expand your digital presence in Dari-speaking markets with our localization services:<\/p><ul><li><p>Localisation de sites Web : adaptation du contenu de votre site Web aux nuances et pr\u00e9f\u00e9rences culturelles.<\/p><\/li><li><p>App Localization: Ensuring your mobile applications are user-friendly for Dari-speaking users.<\/p><\/li><li><p>Optimisation SEO : mise en \u0153uvre de mots-cl\u00e9s localis\u00e9s et de balises m\u00e9ta pour am\u00e9liorer le classement des moteurs de recherche.\u00a0<\/p><\/li><\/ul>\t\t\t\t\t\t\t\t<\/div>\n\t\t\t\t<div class=\"elementor-element elementor-element-24f4890 elementor-widget elementor-widget-heading\" data-id=\"24f4890\" data-element_type=\"widget\" data-e-type=\"widget\" data-widget_type=\"heading.default\">\n\t\t\t\t\t<h5 class=\"elementor-heading-title elementor-size-default\">3. Traductions techniques et m\u00e9dicales<\/h5>\t\t\t\t<\/div>\n\t\t\t\t<div class=\"elementor-element elementor-element-034b56e elementor-widget elementor-widget-text-editor\" data-id=\"034b56e\" data-element_type=\"widget\" data-e-type=\"widget\" data-widget_type=\"text-editor.default\">\n\t\t\t\t\t\t\t\t\t<p>Nos experts traitent avec pr\u00e9cision des documents techniques et m\u00e9dicaux complexes :<\/p><ul><li><p>Manuels techniques : Guides d&#039;utilisation, manuels de produits, sp\u00e9cifications techniques.<\/p><\/li><li><p>Documents m\u00e9dicaux : rapports cliniques, informations pharmaceutiques, articles de recherche m\u00e9dicale.<\/p><\/li><\/ul>\t\t\t\t\t\t\t\t<\/div>\n\t\t\t\t<div class=\"elementor-element elementor-element-3742f8a elementor-widget elementor-widget-heading\" data-id=\"3742f8a\" data-element_type=\"widget\" data-e-type=\"widget\" data-widget_type=\"heading.default\">\n\t\t\t\t\t<h5 class=\"elementor-heading-title elementor-size-default\">4. Traductions commerciales et marketing<\/h5>\t\t\t\t<\/div>\n\t\t\t\t<div class=\"elementor-element elementor-element-589ab8c elementor-widget elementor-widget-text-editor\" data-id=\"589ab8c\" data-element_type=\"widget\" data-e-type=\"widget\" data-widget_type=\"text-editor.default\">\n\t\t\t\t\t\t\t\t\t<p>Effectively communicate your brand message to Dari-speaking audiences:<\/p><ul><li><p>Supports marketing : Brochures, publicit\u00e9s, communiqu\u00e9s de presse.<\/p><\/li><li><p>Communications d&#039;entreprise : Pr\u00e9sentations, courriels, communications d&#039;entreprise.<\/p><\/li><\/ul><p>Lorem ipsum dolor sit amet, consectetur adipiscing elit. Ut elit tellus, luctus nec ullamcorper mattis, pulvinar dapibus leo.<\/p>\t\t\t\t\t\t\t\t<\/div>\n\t\t\t\t<div class=\"elementor-element elementor-element-125d688 elementor-widget elementor-widget-heading\" data-id=\"125d688\" data-element_type=\"widget\" data-e-type=\"widget\" data-widget_type=\"heading.default\">\n\t\t\t\t\t<h3 class=\"elementor-heading-title elementor-size-default\">Industries que nous servons<\/h3>\t\t\t\t<\/div>\n\t\t\t\t\t<\/div>\n\t\t\t\t<\/div>\n\t\t<div class=\"elementor-element elementor-element-bda3c3f e-flex e-con-boxed e-con e-parent\" data-id=\"bda3c3f\" data-element_type=\"container\" data-e-type=\"container\">\n\t\t\t\t\t<div class=\"e-con-inner\">\n\t\t\t\t<div class=\"elementor-element elementor-element-cf7ea85 elementor-widget elementor-widget-text-editor\" data-id=\"cf7ea85\" data-element_type=\"widget\" data-e-type=\"widget\" data-widget_type=\"text-editor.default\">\n\t\t\t\t\t\t\t\t\t<p>Nous intervenons aupr\u00e8s d&#039;un large \u00e9ventail d&#039;industries, notamment :<\/p><ul><li><p>Juridique et gouvernemental : Fourniture de traductions pour les proc\u00e9dures judiciaires et les communications gouvernementales.<\/p><\/li><li><p>Sant\u00e9 et produits pharmaceutiques : traduction de dossiers m\u00e9dicaux, de documents de recherche et de documents pharmaceutiques.<\/p><\/li><li><p>Technologie et informatique : localisation de logiciels, de manuels d&#039;utilisation et de documentation technique.<\/p><\/li><li><p>Finance et banque : Traduction de rapports financiers, de documents d\u2019investissement et de documents bancaires.<\/p><\/li><li><p>E-commerce et vente au d\u00e9tail : localisation des descriptions de produits, des avis clients et du contenu marketing.<\/p><\/li><\/ul>\t\t\t\t\t\t\t\t<\/div>\n\t\t\t\t<div class=\"elementor-element elementor-element-8358eab elementor-widget elementor-widget-heading\" data-id=\"8358eab\" data-element_type=\"widget\" data-e-type=\"widget\" data-widget_type=\"heading.default\">\n\t\t\t\t\t<h3 class=\"elementor-heading-title elementor-size-default\"> Why Professional Dari Translation Matters<\/h3>\t\t\t\t<\/div>\n\t\t\t\t<div class=\"elementor-element elementor-element-25aff06 elementor-widget elementor-widget-text-editor\" data-id=\"25aff06\" data-element_type=\"widget\" data-e-type=\"widget\" data-widget_type=\"text-editor.default\">\n\t\t\t\t\t\t\t\t\t<p>Dari is spoken by millions of people worldwide, making it essential for businesses and organizations aiming to connect with Dari-speaking audiences. Professional translation ensures:<\/p><ul><li><p>Pertinence culturelle : des traductions pr\u00e9cises qui r\u00e9sonnent avec la culture et les coutumes locales.<\/p><\/li><li><p>Conformit\u00e9 juridique : garantir que les documents r\u00e9pondent aux normes et exigences juridiques r\u00e9gionales.<\/p><\/li><li><p>Brand Credibility: Presenting your business professionally to Dari-speaking audiences.<\/p><\/li><\/ul>\t\t\t\t\t\t\t\t<\/div>\n\t\t\t\t<div class=\"elementor-element elementor-element-21fa38e elementor-widget elementor-widget-heading\" data-id=\"21fa38e\" data-element_type=\"widget\" data-e-type=\"widget\" data-widget_type=\"heading.default\">\n\t\t\t\t\t<h3 class=\"elementor-heading-title elementor-size-default\">SEO-Optimized Dari Translation Services<\/h3>\t\t\t\t<\/div>\n\t\t\t\t<div class=\"elementor-element elementor-element-d2211b4 elementor-widget elementor-widget-text-editor\" data-id=\"d2211b4\" data-element_type=\"widget\" data-e-type=\"widget\" data-widget_type=\"text-editor.default\">\n\t\t\t\t\t\t\t\t\t<p><span style=\"color: #008000;\">\u00a0<span style=\"font-size: 16px;\">Nos traductions sont con\u00e7ues avec les meilleures pratiques SEO pour am\u00e9liorer votre visibilit\u00e9 en ligne :<\/span><\/span><\/p><ul><li><p>Mots-cl\u00e9s localis\u00e9s\u00a0: int\u00e9gration de termes de recherche sp\u00e9cifiques \u00e0 une r\u00e9gion pour am\u00e9liorer les classements.\u00a0<\/p><\/li><li><p>Meta Tag Optimization: Translating and optimizing meta descriptions and titles for better click-through rate.<\/p><\/li><li><p>User-Friendly URLs: Creating URLs that are readable and relevant in Dari.\u00a0<\/p><\/li><\/ul>\t\t\t\t\t\t\t\t<\/div>\n\t\t\t\t<div class=\"elementor-element elementor-element-6808f36 elementor-widget elementor-widget-heading\" data-id=\"6808f36\" data-element_type=\"widget\" data-e-type=\"widget\" data-widget_type=\"heading.default\">\n\t\t\t\t\t<h3 class=\"elementor-heading-title elementor-size-default\">Get a Free Quote for Dari Translation Services<\/h3>\t\t\t\t<\/div>\n\t\t\t\t<div class=\"elementor-element elementor-element-5da02fd elementor-widget elementor-widget-text-editor\" data-id=\"5da02fd\" data-element_type=\"widget\" data-e-type=\"widget\" data-widget_type=\"text-editor.default\">\n\t\t\t\t\t\t\t\t\t<p>Need professional translation services? Contact us today for a free quote. We ensure fast, precise, and confidential translations for all your needs.<\/p><h3><span style=\"color: #008000;\">Contactez-nous aujourd&#039;hui!<\/span><\/h3><p>Service mondial \u2013 Disponible dans le monde entier<\/p>\t\t\t\t\t\t\t\t<\/div>\n\t\t\t\t<div class=\"elementor-element elementor-element-b52bb80 elementor-widget elementor-widget-heading\" data-id=\"b52bb80\" data-element_type=\"widget\" data-e-type=\"widget\" data-widget_type=\"heading.default\">\n\t\t\t\t\t<h3 class=\"elementor-heading-title elementor-size-default\">Aller au-del\u00e0<\/h3>\t\t\t\t<\/div>\n\t\t\t\t<div class=\"elementor-element elementor-element-29bfc7b elementor-widget elementor-widget-text-editor\" data-id=\"29bfc7b\" data-element_type=\"widget\" data-e-type=\"widget\" data-widget_type=\"text-editor.default\">\n\t\t\t\t\t\t\t\t\t<h5><span style=\"color: #008000;\"><a style=\"color: #008000;\" href=\"https:\/\/lsa-global.com\/fr\/apprendre-la-langue-allemande\/\">Devis gratuit<\/a><\/span><\/h5>\t\t\t\t\t\t\t\t<\/div>\n\t\t\t\t<div class=\"elementor-element elementor-element-cced5a9 elementor-widget elementor-widget-text-editor\" data-id=\"cced5a9\" data-element_type=\"widget\" data-e-type=\"widget\" data-widget_type=\"text-editor.default\">\n\t\t\t\t\t\t\t\t\t<h5><span style=\"color: #008000;\"><a style=\"color: #008000;\" href=\"https:\/\/lsa-global.com\/fr\/articles\/\">Plus de messages<\/a><\/span><\/h5>\t\t\t\t\t\t\t\t<\/div>\n\t\t\t\t<div class=\"elementor-element elementor-element-3a34557 elementor-widget elementor-widget-text-editor\" data-id=\"3a34557\" data-element_type=\"widget\" data-e-type=\"widget\" data-widget_type=\"text-editor.default\">\n\t\t\t\t\t\t\t\t\t<h5><span style=\"color: #008000;\"><a style=\"color: #008000;\" href=\"https:\/\/lsaglobal-translate.co.uk\/services\/translation-services\/\" target=\"_blank\" rel=\"noopener\">Traduction Pro.<\/a><\/span><\/h5>\t\t\t\t\t\t\t\t<\/div>\n\t\t\t\t<div class=\"elementor-element elementor-element-867bb73 elementor-widget elementor-widget-image\" data-id=\"867bb73\" data-element_type=\"widget\" data-e-type=\"widget\" data-widget_type=\"image.default\">\n\t\t\t\t\t\t\t\t\t\t\t\t\t\t\t<img fetchpriority=\"high\" decoding=\"async\" data-attachment-id=\"43715\" data-permalink=\"https:\/\/lsa-global.com\/zh\/dari-translation-services-accurate-certified\/dari\/\" data-orig-file=\"https:\/\/i0.wp.com\/lsa-global.com\/wp-content\/uploads\/2025\/03\/Dari.png?fit=2560%2C1707&amp;ssl=1\" data-orig-size=\"2560,1707\" data-comments-opened=\"0\" data-image-meta=\"{&quot;aperture&quot;:&quot;0&quot;,&quot;credit&quot;:&quot;&quot;,&quot;camera&quot;:&quot;&quot;,&quot;caption&quot;:&quot;&quot;,&quot;created_timestamp&quot;:&quot;0&quot;,&quot;copyright&quot;:&quot;&quot;,&quot;focal_length&quot;:&quot;0&quot;,&quot;iso&quot;:&quot;0&quot;,&quot;shutter_speed&quot;:&quot;0&quot;,&quot;title&quot;:&quot;&quot;,&quot;orientation&quot;:&quot;0&quot;}\" data-image-title=\"Dari translation Services\" data-image-description=\"&lt;p&gt;Dari translation Services&lt;\/p&gt;\" data-image-caption=\"\" data-large-file=\"https:\/\/i0.wp.com\/lsa-global.com\/wp-content\/uploads\/2025\/03\/Dari.png?fit=1024%2C683&amp;ssl=1\" width=\"300\" height=\"200\" src=\"https:\/\/i0.wp.com\/lsa-global.com\/wp-content\/uploads\/2025\/03\/Dari.png?fit=300%2C200&amp;ssl=1\" class=\"attachment-medium size-medium wp-image-43715\" alt=\"Dari translation Services\" srcset=\"https:\/\/i0.wp.com\/lsa-global.com\/wp-content\/uploads\/2025\/03\/Dari.png?w=2560&amp;ssl=1 2560w, https:\/\/i0.wp.com\/lsa-global.com\/wp-content\/uploads\/2025\/03\/Dari.png?resize=300%2C200&amp;ssl=1 300w, https:\/\/i0.wp.com\/lsa-global.com\/wp-content\/uploads\/2025\/03\/Dari.png?resize=1024%2C683&amp;ssl=1 1024w, https:\/\/i0.wp.com\/lsa-global.com\/wp-content\/uploads\/2025\/03\/Dari.png?resize=150%2C100&amp;ssl=1 150w, https:\/\/i0.wp.com\/lsa-global.com\/wp-content\/uploads\/2025\/03\/Dari.png?resize=768%2C512&amp;ssl=1 768w, https:\/\/i0.wp.com\/lsa-global.com\/wp-content\/uploads\/2025\/03\/Dari.png?resize=1536%2C1024&amp;ssl=1 1536w, https:\/\/i0.wp.com\/lsa-global.com\/wp-content\/uploads\/2025\/03\/Dari.png?resize=2048%2C1366&amp;ssl=1 2048w, https:\/\/i0.wp.com\/lsa-global.com\/wp-content\/uploads\/2025\/03\/Dari.png?resize=18%2C12&amp;ssl=1 18w, https:\/\/i0.wp.com\/lsa-global.com\/wp-content\/uploads\/2025\/03\/Dari.png?resize=370%2C247&amp;ssl=1 370w, https:\/\/i0.wp.com\/lsa-global.com\/wp-content\/uploads\/2025\/03\/Dari.png?resize=760%2C507&amp;ssl=1 760w\" sizes=\"(max-width: 300px) 100vw, 300px\" title=\"\">\t\t\t\t\t\t\t\t\t\t\t\t\t\t\t<\/div>\n\t\t\t\t\t<\/div>\n\t\t\t\t<\/div>\n\t\t\t\t<\/div>","protected":false},"excerpt":{"rendered":"<p>Professional Dari Translation Services \u2013 Accurate &amp; Certified Expert Dari Translation Services for Businesses &amp; Individuals Are you seeking high-quality\u00a0Dari&hellip;<\/p>","protected":false},"author":1,"featured_media":43715,"parent":0,"menu_order":0,"comment_status":"closed","ping_status":"closed","template":"","meta":{"jetpack_post_was_ever_published":false,"footnotes":""},"class_list":["post-43416","page","type-page","status-publish","has-post-thumbnail","hentry"],"jetpack_sharing_enabled":true,"jetpack_likes_enabled":true,"jetpack-related-posts":[],"jetpack_shortlink":"https:\/\/wp.me\/PerFda-big","_links":{"self":[{"href":"https:\/\/lsa-global.com\/fr\/wp-json\/wp\/v2\/pages\/43416","targetHints":{"allow":["GET"]}}],"collection":[{"href":"https:\/\/lsa-global.com\/fr\/wp-json\/wp\/v2\/pages"}],"about":[{"href":"https:\/\/lsa-global.com\/fr\/wp-json\/wp\/v2\/types\/page"}],"author":[{"embeddable":true,"href":"https:\/\/lsa-global.com\/fr\/wp-json\/wp\/v2\/users\/1"}],"replies":[{"embeddable":true,"href":"https:\/\/lsa-global.com\/fr\/wp-json\/wp\/v2\/comments?post=43416"}],"version-history":[{"count":0,"href":"https:\/\/lsa-global.com\/fr\/wp-json\/wp\/v2\/pages\/43416\/revisions"}],"wp:featuredmedia":[{"embeddable":true,"href":"https:\/\/lsa-global.com\/fr\/wp-json\/wp\/v2\/media\/43715"}],"wp:attachment":[{"href":"https:\/\/lsa-global.com\/fr\/wp-json\/wp\/v2\/media?parent=43416"}],"curies":[{"name":"wp","href":"https:\/\/api.w.org\/{rel}","templated":true}]}}