{"id":43354,"date":"2025-03-18T15:14:35","date_gmt":"2025-03-18T14:14:35","guid":{"rendered":"https:\/\/lsa-global.com\/?page_id=43354"},"modified":"2025-04-25T11:37:26","modified_gmt":"2025-04-25T10:37:26","slug":"danish-translation-services-accurate-certified","status":"publish","type":"page","link":"https:\/\/lsa-global.com\/fr\/danish-translation-services-accurate-certified\/","title":{"rendered":"Services de traduction professionnels en danois \u2013 Pr\u00e9cis et certifi\u00e9s"},"content":{"rendered":"<div data-elementor-type=\"wp-page\" data-elementor-id=\"43354\" class=\"elementor elementor-43354\" data-elementor-post-type=\"page\">\n\t\t\t\t<div class=\"elementor-element elementor-element-520bcd51 e-flex e-con-boxed e-con e-parent\" data-id=\"520bcd51\" data-element_type=\"container\" data-e-type=\"container\">\n\t\t\t\t\t<div class=\"e-con-inner\">\n\t\t\t\t<div class=\"elementor-element elementor-element-0c1efaf elementor-widget elementor-widget-heading\" data-id=\"0c1efaf\" data-element_type=\"widget\" data-e-type=\"widget\" data-widget_type=\"heading.default\">\n\t\t\t\t\t<h2 class=\"elementor-heading-title elementor-size-default\">Services de traduction professionnels en danois \u2013 Pr\u00e9cis et certifi\u00e9s<\/h2>\t\t\t\t<\/div>\n\t\t\t\t<div class=\"elementor-element elementor-element-1e599e7 elementor-widget elementor-widget-image\" data-id=\"1e599e7\" data-element_type=\"widget\" data-e-type=\"widget\" data-widget_type=\"image.default\">\n\t\t\t\t\t\t\t\t\t\t\t\t\t\t\t<img fetchpriority=\"high\" decoding=\"async\" data-attachment-id=\"43708\" data-permalink=\"https:\/\/lsa-global.com\/danish-translation-services-accurate-certified\/danish\/\" data-orig-file=\"https:\/\/i0.wp.com\/lsa-global.com\/wp-content\/uploads\/2025\/03\/Danish.png?fit=2560%2C1937&amp;ssl=1\" data-orig-size=\"2560,1937\" data-comments-opened=\"0\" data-image-meta=\"{&quot;aperture&quot;:&quot;0&quot;,&quot;credit&quot;:&quot;&quot;,&quot;camera&quot;:&quot;&quot;,&quot;caption&quot;:&quot;&quot;,&quot;created_timestamp&quot;:&quot;0&quot;,&quot;copyright&quot;:&quot;&quot;,&quot;focal_length&quot;:&quot;0&quot;,&quot;iso&quot;:&quot;0&quot;,&quot;shutter_speed&quot;:&quot;0&quot;,&quot;title&quot;:&quot;&quot;,&quot;orientation&quot;:&quot;0&quot;}\" data-image-title=\"Danish translation Services\" data-image-description=\"&lt;p&gt;Danish translation Services&lt;\/p&gt;\" data-image-caption=\"\" data-medium-file=\"https:\/\/i0.wp.com\/lsa-global.com\/wp-content\/uploads\/2025\/03\/Danish.png?fit=300%2C227&amp;ssl=1\" data-large-file=\"https:\/\/i0.wp.com\/lsa-global.com\/wp-content\/uploads\/2025\/03\/Danish.png?fit=1024%2C775&amp;ssl=1\" width=\"300\" height=\"227\" src=\"https:\/\/i0.wp.com\/lsa-global.com\/wp-content\/uploads\/2025\/03\/Danish.png?fit=300%2C227&amp;ssl=1\" class=\"attachment-medium size-medium wp-image-43708\" alt=\"Danish translation Services\" srcset=\"https:\/\/i0.wp.com\/lsa-global.com\/wp-content\/uploads\/2025\/03\/Danish.png?w=2560&amp;ssl=1 2560w, https:\/\/i0.wp.com\/lsa-global.com\/wp-content\/uploads\/2025\/03\/Danish.png?resize=300%2C227&amp;ssl=1 300w, https:\/\/i0.wp.com\/lsa-global.com\/wp-content\/uploads\/2025\/03\/Danish.png?resize=1024%2C775&amp;ssl=1 1024w, https:\/\/i0.wp.com\/lsa-global.com\/wp-content\/uploads\/2025\/03\/Danish.png?resize=150%2C113&amp;ssl=1 150w, https:\/\/i0.wp.com\/lsa-global.com\/wp-content\/uploads\/2025\/03\/Danish.png?resize=768%2C581&amp;ssl=1 768w, https:\/\/i0.wp.com\/lsa-global.com\/wp-content\/uploads\/2025\/03\/Danish.png?resize=1536%2C1162&amp;ssl=1 1536w, https:\/\/i0.wp.com\/lsa-global.com\/wp-content\/uploads\/2025\/03\/Danish.png?resize=2048%2C1550&amp;ssl=1 2048w, https:\/\/i0.wp.com\/lsa-global.com\/wp-content\/uploads\/2025\/03\/Danish.png?resize=16%2C12&amp;ssl=1 16w, https:\/\/i0.wp.com\/lsa-global.com\/wp-content\/uploads\/2025\/03\/Danish.png?resize=370%2C280&amp;ssl=1 370w, https:\/\/i0.wp.com\/lsa-global.com\/wp-content\/uploads\/2025\/03\/Danish.png?resize=760%2C575&amp;ssl=1 760w\" sizes=\"(max-width: 300px) 100vw, 300px\" title=\"\">\t\t\t\t\t\t\t\t\t\t\t\t\t\t\t<\/div>\n\t\t\t\t<div class=\"elementor-element elementor-element-4d92add2 elementor-widget elementor-widget-text-editor\" data-id=\"4d92add2\" data-element_type=\"widget\" data-e-type=\"widget\" data-widget_type=\"text-editor.default\">\n\t\t\t\t\t\t\t\t\t\n<h2 class=\"wp-block-heading\"><\/h2>\n\t\t\t\t\t\t\t\t<\/div>\n\t\t\t\t<div class=\"elementor-element elementor-element-ff72dd5 elementor-widget elementor-widget-heading\" data-id=\"ff72dd5\" data-element_type=\"widget\" data-e-type=\"widget\" data-widget_type=\"heading.default\">\n\t\t\t\t\t<h3 class=\"elementor-heading-title elementor-size-default\">Services de traduction danoise experts pour entreprises et particuliers<\/h3>\t\t\t\t<\/div>\n\t\t\t\t\t<\/div>\n\t\t\t\t<\/div>\n\t\t<div class=\"elementor-element elementor-element-99a6683 e-flex e-con-boxed e-con e-parent\" data-id=\"99a6683\" data-element_type=\"container\" data-e-type=\"container\">\n\t\t\t\t\t<div class=\"e-con-inner\">\n\t\t\t\t<div class=\"elementor-element elementor-element-e9d0e92 elementor-widget elementor-widget-text-editor\" data-id=\"e9d0e92\" data-element_type=\"widget\" data-e-type=\"widget\" data-widget_type=\"text-editor.default\">\n\t\t\t\t\t\t\t\t\t<p><span style=\"font-size: 16px; color: #be0505; text-align: var(--text-align);\">Vous recherchez une qualit\u00e9 sup\u00e9rieure <\/span>Services de traduction en danois<span style=\"font-size: 16px; color: #be0505; text-align: var(--text-align);\">Notre \u00e9quipe de traducteurs professionnels est sp\u00e9cialis\u00e9e dans la traduction pr\u00e9cise et culturellement adapt\u00e9e aux publics danophones. Nous proposons une gamme compl\u00e8te de services, notamment\u00a0: <\/span>traduction de documents<span style=\"font-size: 16px; color: #be0505; text-align: var(--text-align);\">, <\/span>localisation de sites Web<span style=\"font-size: 16px; color: #be0505; text-align: var(--text-align);\">, <\/span>traductions techniques<span style=\"font-size: 16px; color: #be0505; text-align: var(--text-align);\">, et plus encore, en veillant \u00e0 ce que votre contenu r\u00e9sonne aupr\u00e8s de votre march\u00e9 cible.<\/span><\/p>\t\t\t\t\t\t\t\t<\/div>\n\t\t\t\t<div class=\"elementor-element elementor-element-e691102 elementor-widget elementor-widget-heading\" data-id=\"e691102\" data-element_type=\"widget\" data-e-type=\"widget\" data-widget_type=\"heading.default\">\n\t\t\t\t\t<h3 class=\"elementor-heading-title elementor-size-default\">Pourquoi choisir nos services de traduction en danois ?<\/h3>\t\t\t\t<\/div>\n\t\t\t\t<div class=\"elementor-element elementor-element-40c9a1b elementor-widget elementor-widget-text-editor\" data-id=\"40c9a1b\" data-element_type=\"widget\" data-e-type=\"widget\" data-widget_type=\"text-editor.default\">\n\t\t\t\t\t\t\t\t\t<ul>\n<li>\n<p>Native Danish Translators: Our translators are native Danish speakers with years of full-time experience, ensuring precise and contextually appropriate translations.\u00a0<\/p>\n<\/li>\n<li>\n<p>Traductions certifi\u00e9es : Nous fournissons des traductions certifi\u00e9es accept\u00e9es par les agences gouvernementales et les institutions juridiques, garantissant ainsi la conformit\u00e9 et l&#039;authenticit\u00e9.\u00a0<\/p>\n<\/li>\n<li>\n<p>Contenu optimis\u00e9 pour le r\u00e9f\u00e9rencement : nos traductions int\u00e8grent les meilleures pratiques de r\u00e9f\u00e9rencement, aidant votre site Web \u00e0 se classer plus haut sur les moteurs de recherche comme Google et Bing.\u00a0<\/p>\n<\/li>\n<li>\n<p>D\u00e9lai d&#039;ex\u00e9cution rapide et prix comp\u00e9titifs : nous livrons des traductions de haute qualit\u00e9 rapidement et \u00e0 des tarifs comp\u00e9titifs, en respectant vos d\u00e9lais et vos exigences budg\u00e9taires.\u00a0<\/p>\n<\/li>\n<li>\n<p>Expertise sectorielle : Nos traducteurs poss\u00e8dent des connaissances sp\u00e9cialis\u00e9es dans divers secteurs, notamment les secteurs juridique, m\u00e9dical, technique et commercial.\u00a0<\/p>\n<\/li>\n<\/ul>\t\t\t\t\t\t\t\t<\/div>\n\t\t\t\t<div class=\"elementor-element elementor-element-5556f1f elementor-widget elementor-widget-heading\" data-id=\"5556f1f\" data-element_type=\"widget\" data-e-type=\"widget\" data-widget_type=\"heading.default\">\n\t\t\t\t\t<h3 class=\"elementor-heading-title elementor-size-default\">Nos services de traduction en danois<\/h3>\t\t\t\t<\/div>\n\t\t\t\t<div class=\"elementor-element elementor-element-ce8d13e elementor-widget elementor-widget-heading\" data-id=\"ce8d13e\" data-element_type=\"widget\" data-e-type=\"widget\" data-widget_type=\"heading.default\">\n\t\t\t\t\t<h5 class=\"elementor-heading-title elementor-size-default\">1. Traduction certifi\u00e9e de documents<\/h5>\t\t\t\t<\/div>\n\t\t\t\t<div class=\"elementor-element elementor-element-77babc4 elementor-widget elementor-widget-text-editor\" data-id=\"77babc4\" data-element_type=\"widget\" data-e-type=\"widget\" data-widget_type=\"text-editor.default\">\n\t\t\t\t\t\t\t\t\t<p>Nous proposons des traductions certifi\u00e9es pour une vari\u00e9t\u00e9 de documents, garantissant l&#039;exactitude et l&#039;acceptation par les entit\u00e9s officielles :<\/p>\n<ul>\n<li>\n<p>Documents juridiques : Contrats, accords, documents judiciaires.<\/p>\n<\/li>\n<li>\n<p>Documents personnels : Actes de naissance, actes de mariage, relev\u00e9s de notes.<\/p>\n<\/li>\n<li>\n<p>Documents commerciaux : Licences, \u00e9tats financiers, rapports d&#039;entreprise.<\/p>\n<\/li>\n<\/ul>\t\t\t\t\t\t\t\t<\/div>\n\t\t\t\t<div class=\"elementor-element elementor-element-a054ba1 elementor-widget elementor-widget-heading\" data-id=\"a054ba1\" data-element_type=\"widget\" data-e-type=\"widget\" data-widget_type=\"heading.default\">\n\t\t\t\t\t<h5 class=\"elementor-heading-title elementor-size-default\">2. Localisation de sites Web et d&#039;applications<\/h5>\t\t\t\t<\/div>\n\t\t\t\t<div class=\"elementor-element elementor-element-36d1492 elementor-widget elementor-widget-text-editor\" data-id=\"36d1492\" data-element_type=\"widget\" data-e-type=\"widget\" data-widget_type=\"text-editor.default\">\n\t\t\t\t\t\t\t\t\t<p>D\u00e9veloppez votre pr\u00e9sence num\u00e9rique sur les march\u00e9s danois avec nos services de localisation :<\/p>\n<ul>\n<li>\n<p>Localisation de sites Web : adaptation du contenu de votre site Web aux nuances et pr\u00e9f\u00e9rences culturelles.<\/p>\n<\/li>\n<li>\n<p>App Localization: Ensuring your mobile applications are user-friendly for Danish-speaking users.<\/p>\n<\/li>\n<li>\n<p>Optimisation SEO : mise en \u0153uvre de mots-cl\u00e9s localis\u00e9s et de balises m\u00e9ta pour am\u00e9liorer le classement des moteurs de recherche.\u00a0<\/p>\n<\/li>\n<\/ul>\t\t\t\t\t\t\t\t<\/div>\n\t\t\t\t<div class=\"elementor-element elementor-element-746cab3 elementor-widget elementor-widget-heading\" data-id=\"746cab3\" data-element_type=\"widget\" data-e-type=\"widget\" data-widget_type=\"heading.default\">\n\t\t\t\t\t<h5 class=\"elementor-heading-title elementor-size-default\">3. Traductions techniques et m\u00e9dicales<\/h5>\t\t\t\t<\/div>\n\t\t\t\t<div class=\"elementor-element elementor-element-9d8d35d elementor-widget elementor-widget-text-editor\" data-id=\"9d8d35d\" data-element_type=\"widget\" data-e-type=\"widget\" data-widget_type=\"text-editor.default\">\n\t\t\t\t\t\t\t\t\t<p>Nos experts traitent avec pr\u00e9cision des documents techniques et m\u00e9dicaux complexes :<\/p>\n<ul>\n<li>\n<p>Manuels techniques : Guides d&#039;utilisation, manuels de produits, sp\u00e9cifications techniques.<\/p>\n<\/li>\n<li>\n<p>Documents m\u00e9dicaux : rapports cliniques, informations pharmaceutiques, articles de recherche m\u00e9dicale.<\/p>\n<\/li>\n<\/ul>\t\t\t\t\t\t\t\t<\/div>\n\t\t\t\t<div class=\"elementor-element elementor-element-5775ede elementor-widget elementor-widget-heading\" data-id=\"5775ede\" data-element_type=\"widget\" data-e-type=\"widget\" data-widget_type=\"heading.default\">\n\t\t\t\t\t<h5 class=\"elementor-heading-title elementor-size-default\">4. Traductions commerciales et marketing<\/h5>\t\t\t\t<\/div>\n\t\t\t\t<div class=\"elementor-element elementor-element-c91bb46 elementor-widget elementor-widget-text-editor\" data-id=\"c91bb46\" data-element_type=\"widget\" data-e-type=\"widget\" data-widget_type=\"text-editor.default\">\n\t\t\t\t\t\t\t\t\t<p>Communiquez efficacement le message de votre marque aux publics danophones :<\/p>\n<ul>\n<li>\n<p>Supports marketing : Brochures, publicit\u00e9s, communiqu\u00e9s de presse.<\/p>\n<\/li>\n<li>\n<p>Communications d&#039;entreprise : Pr\u00e9sentations, courriels, communications d&#039;entreprise.<\/p>\n<\/li>\n<\/ul>\t\t\t\t\t\t\t\t<\/div>\n\t\t\t\t<div class=\"elementor-element elementor-element-7266a28 elementor-widget elementor-widget-heading\" data-id=\"7266a28\" data-element_type=\"widget\" data-e-type=\"widget\" data-widget_type=\"heading.default\">\n\t\t\t\t\t<h3 class=\"elementor-heading-title elementor-size-default\">Industries que nous servons<\/h3>\t\t\t\t<\/div>\n\t\t\t\t<div class=\"elementor-element elementor-element-0538ba6 elementor-widget elementor-widget-text-editor\" data-id=\"0538ba6\" data-element_type=\"widget\" data-e-type=\"widget\" data-widget_type=\"text-editor.default\">\n\t\t\t\t\t\t\t\t\t<p>Nous intervenons aupr\u00e8s d&#039;un large \u00e9ventail d&#039;industries, notamment :<\/p>\n<ul>\n<li>\n<p>Juridique et gouvernemental : Fourniture de traductions pour les proc\u00e9dures judiciaires et les communications gouvernementales.<\/p>\n<\/li>\n<li>\n<p>Sant\u00e9 et produits pharmaceutiques : traduction de dossiers m\u00e9dicaux, de documents de recherche et de documents pharmaceutiques.<\/p>\n<\/li>\n<li>\n<p>Technologie et informatique : localisation de logiciels, de manuels d&#039;utilisation et de documentation technique.<\/p>\n<\/li>\n<li>\n<p>Finance et banque : Traduction de rapports financiers, de documents d\u2019investissement et de documents bancaires.<\/p>\n<\/li>\n<li>\n<p>E-commerce et vente au d\u00e9tail : localisation des descriptions de produits, des avis clients et du contenu marketing.<\/p>\n<\/li>\n<\/ul>\t\t\t\t\t\t\t\t<\/div>\n\t\t\t\t<div class=\"elementor-element elementor-element-6e2e607 elementor-widget elementor-widget-heading\" data-id=\"6e2e607\" data-element_type=\"widget\" data-e-type=\"widget\" data-widget_type=\"heading.default\">\n\t\t\t\t\t<h3 class=\"elementor-heading-title elementor-size-default\">Pourquoi la traduction professionnelle en danois est importante<\/h3>\t\t\t\t<\/div>\n\t\t\t\t<div class=\"elementor-element elementor-element-6be7e9f elementor-widget elementor-widget-text-editor\" data-id=\"6be7e9f\" data-element_type=\"widget\" data-e-type=\"widget\" data-widget_type=\"text-editor.default\">\n\t\t\t\t\t\t\t\t\t<p>Le danois est parl\u00e9 par des millions de personnes dans le monde, ce qui en fait un outil essentiel pour les entreprises et les organisations souhaitant communiquer avec des publics danophones. Une traduction professionnelle garantit\u00a0:<\/p>\n<ul>\n<li>\n<p>Pertinence culturelle : des traductions pr\u00e9cises qui r\u00e9sonnent avec la culture et les coutumes locales.<\/p>\n<\/li>\n<li>\n<p>Conformit\u00e9 juridique : garantir que les documents r\u00e9pondent aux normes et exigences juridiques r\u00e9gionales.<\/p>\n<\/li>\n<li>\n<p>Brand Credibility: Presenting your business professionally to Danish-speaking audiences.<\/p>\n<\/li>\n<\/ul>\n<p>Lorem ipsum dolor sit amet, consectetur adipiscing elit. Ut elit tellus, luctus nec ullamcorper mattis, pulvinar dapibus leo.<\/p>\t\t\t\t\t\t\t\t<\/div>\n\t\t\t\t<div class=\"elementor-element elementor-element-4fa23c6 elementor-widget elementor-widget-heading\" data-id=\"4fa23c6\" data-element_type=\"widget\" data-e-type=\"widget\" data-widget_type=\"heading.default\">\n\t\t\t\t\t<h3 class=\"elementor-heading-title elementor-size-default\">Services de traduction danois optimis\u00e9s pour le r\u00e9f\u00e9rencement<\/h3>\t\t\t\t<\/div>\n\t\t\t\t<div class=\"elementor-element elementor-element-bcd3b6f elementor-widget elementor-widget-text-editor\" data-id=\"bcd3b6f\" data-element_type=\"widget\" data-e-type=\"widget\" data-widget_type=\"text-editor.default\">\n\t\t\t\t\t\t\t\t\t<p>Nos traductions sont con\u00e7ues avec les meilleures pratiques SEO pour am\u00e9liorer votre visibilit\u00e9 en ligne :<\/p>\n<ul>\n<li>\n<p>Mots-cl\u00e9s localis\u00e9s\u00a0: int\u00e9gration de termes de recherche sp\u00e9cifiques \u00e0 une r\u00e9gion pour am\u00e9liorer les classements.<\/p>\n<\/li>\n<li>\n<p>Optimisation des m\u00e9ta-balises\u00a0: traduction et optimisation des m\u00e9ta-descriptions et des titres pour de meilleurs taux de clics.\u00a0<\/p>\n<\/li>\n<li>\n<p>User-Friendly URLs: Creating URLs that are readable and relevant in Danish.\u00a0<\/p>\n<\/li>\n<\/ul>\t\t\t\t\t\t\t\t<\/div>\n\t\t\t\t<div class=\"elementor-element elementor-element-c63f1b3 elementor-widget elementor-widget-heading\" data-id=\"c63f1b3\" data-element_type=\"widget\" data-e-type=\"widget\" data-widget_type=\"heading.default\">\n\t\t\t\t\t<h3 class=\"elementor-heading-title elementor-size-default\">Get a Free Quote For Czech Translation Services<\/h3>\t\t\t\t<\/div>\n\t\t\t\t<div class=\"elementor-element elementor-element-879f9b8 elementor-widget elementor-widget-text-editor\" data-id=\"879f9b8\" data-element_type=\"widget\" data-e-type=\"widget\" data-widget_type=\"text-editor.default\">\n\t\t\t\t\t\t\t\t\t<p>Besoin de services de traduction professionnelle en tch\u00e8que\u00a0? Contactez-nous d\u00e8s aujourd&#039;hui pour un devis gratuit. Nous garantissons des traductions rapides, pr\u00e9cises et confidentielles pour tous vos besoins.<\/p>\n<h3><span style=\"color: #ff0000;\">Contactez-nous aujourd&#039;hui!<\/span><\/h3>\n<p>Service mondial \u2013 Disponible dans le monde entier<\/p>\t\t\t\t\t\t\t\t<\/div>\n\t\t\t\t<div class=\"elementor-element elementor-element-76a05f4 elementor-widget elementor-widget-heading\" data-id=\"76a05f4\" data-element_type=\"widget\" data-e-type=\"widget\" data-widget_type=\"heading.default\">\n\t\t\t\t\t<h2 class=\"elementor-heading-title elementor-size-default\">Aller au-del\u00e0<\/h2>\t\t\t\t<\/div>\n\t\t\t\t<div class=\"elementor-element elementor-element-abd0ff3 elementor-widget elementor-widget-text-editor\" data-id=\"abd0ff3\" data-element_type=\"widget\" data-e-type=\"widget\" data-widget_type=\"text-editor.default\">\n\t\t\t\t\t\t\t\t\t<h5><a href=\"https:\/\/lsa-global.com\/fr\/tarifs-et-conditions-de-traduction\/\"><span style=\"color: #ff0000;\">Plans tarifaires et plus<\/span><\/a><\/h5>\t\t\t\t\t\t\t\t<\/div>\n\t\t\t\t<div class=\"elementor-element elementor-element-271fa40 elementor-widget elementor-widget-text-editor\" data-id=\"271fa40\" data-element_type=\"widget\" data-e-type=\"widget\" data-widget_type=\"text-editor.default\">\n\t\t\t\t\t\t\t\t\t<h5><a href=\"https:\/\/lsa-global.com\/fr\/articles\/\"><span style=\"color: #ff0000;\">Plus de messages<\/span><\/a><\/h5>\t\t\t\t\t\t\t\t<\/div>\n\t\t\t\t<div class=\"elementor-element elementor-element-df9b3a4 elementor-widget elementor-widget-text-editor\" data-id=\"df9b3a4\" data-element_type=\"widget\" data-e-type=\"widget\" data-widget_type=\"text-editor.default\">\n\t\t\t\t\t\t\t\t\t<h5><a href=\"https:\/\/lsaglobal-translate.co.uk\/services\/translation-services\/\" target=\"_blank\" rel=\"noopener\"><span style=\"color: #ff0000;\">Traduction Pro.<\/span><\/a><\/h5>\t\t\t\t\t\t\t\t<\/div>\n\t\t\t\t<div class=\"elementor-element elementor-element-69c6e8a elementor-widget elementor-widget-image\" data-id=\"69c6e8a\" data-element_type=\"widget\" data-e-type=\"widget\" data-widget_type=\"image.default\">\n\t\t\t\t\t\t\t\t\t\t\t\t\t\t\t<img fetchpriority=\"high\" decoding=\"async\" data-attachment-id=\"43708\" data-permalink=\"https:\/\/lsa-global.com\/danish-translation-services-accurate-certified\/danish\/\" data-orig-file=\"https:\/\/i0.wp.com\/lsa-global.com\/wp-content\/uploads\/2025\/03\/Danish.png?fit=2560%2C1937&amp;ssl=1\" data-orig-size=\"2560,1937\" data-comments-opened=\"0\" data-image-meta=\"{&quot;aperture&quot;:&quot;0&quot;,&quot;credit&quot;:&quot;&quot;,&quot;camera&quot;:&quot;&quot;,&quot;caption&quot;:&quot;&quot;,&quot;created_timestamp&quot;:&quot;0&quot;,&quot;copyright&quot;:&quot;&quot;,&quot;focal_length&quot;:&quot;0&quot;,&quot;iso&quot;:&quot;0&quot;,&quot;shutter_speed&quot;:&quot;0&quot;,&quot;title&quot;:&quot;&quot;,&quot;orientation&quot;:&quot;0&quot;}\" data-image-title=\"Danish translation Services\" data-image-description=\"&lt;p&gt;Danish translation Services&lt;\/p&gt;\" data-image-caption=\"\" data-medium-file=\"https:\/\/i0.wp.com\/lsa-global.com\/wp-content\/uploads\/2025\/03\/Danish.png?fit=300%2C227&amp;ssl=1\" data-large-file=\"https:\/\/i0.wp.com\/lsa-global.com\/wp-content\/uploads\/2025\/03\/Danish.png?fit=1024%2C775&amp;ssl=1\" width=\"300\" height=\"227\" src=\"https:\/\/i0.wp.com\/lsa-global.com\/wp-content\/uploads\/2025\/03\/Danish.png?fit=300%2C227&amp;ssl=1\" class=\"attachment-medium size-medium wp-image-43708\" alt=\"Danish translation Services\" srcset=\"https:\/\/i0.wp.com\/lsa-global.com\/wp-content\/uploads\/2025\/03\/Danish.png?w=2560&amp;ssl=1 2560w, https:\/\/i0.wp.com\/lsa-global.com\/wp-content\/uploads\/2025\/03\/Danish.png?resize=300%2C227&amp;ssl=1 300w, https:\/\/i0.wp.com\/lsa-global.com\/wp-content\/uploads\/2025\/03\/Danish.png?resize=1024%2C775&amp;ssl=1 1024w, https:\/\/i0.wp.com\/lsa-global.com\/wp-content\/uploads\/2025\/03\/Danish.png?resize=150%2C113&amp;ssl=1 150w, https:\/\/i0.wp.com\/lsa-global.com\/wp-content\/uploads\/2025\/03\/Danish.png?resize=768%2C581&amp;ssl=1 768w, https:\/\/i0.wp.com\/lsa-global.com\/wp-content\/uploads\/2025\/03\/Danish.png?resize=1536%2C1162&amp;ssl=1 1536w, https:\/\/i0.wp.com\/lsa-global.com\/wp-content\/uploads\/2025\/03\/Danish.png?resize=2048%2C1550&amp;ssl=1 2048w, https:\/\/i0.wp.com\/lsa-global.com\/wp-content\/uploads\/2025\/03\/Danish.png?resize=16%2C12&amp;ssl=1 16w, https:\/\/i0.wp.com\/lsa-global.com\/wp-content\/uploads\/2025\/03\/Danish.png?resize=370%2C280&amp;ssl=1 370w, https:\/\/i0.wp.com\/lsa-global.com\/wp-content\/uploads\/2025\/03\/Danish.png?resize=760%2C575&amp;ssl=1 760w\" sizes=\"(max-width: 300px) 100vw, 300px\" title=\"\">\t\t\t\t\t\t\t\t\t\t\t\t\t\t\t<\/div>\n\t\t\t\t\t<\/div>\n\t\t\t\t<\/div>\n\t\t\t\t<\/div>","protected":false},"excerpt":{"rendered":"<p>Professional Danish Translation Services \u2013 Accurate &amp; Certified Expert Danish Translation Services for Businesses &amp; Individuals Are you seeking high-quality&hellip;<\/p>","protected":false},"author":1,"featured_media":43708,"parent":0,"menu_order":0,"comment_status":"closed","ping_status":"closed","template":"","meta":{"jetpack_post_was_ever_published":false,"footnotes":""},"class_list":["post-43354","page","type-page","status-publish","has-post-thumbnail","hentry"],"jetpack_sharing_enabled":true,"jetpack_likes_enabled":true,"jetpack-related-posts":[],"jetpack_shortlink":"https:\/\/wp.me\/PerFda-bhg","_links":{"self":[{"href":"https:\/\/lsa-global.com\/fr\/wp-json\/wp\/v2\/pages\/43354","targetHints":{"allow":["GET"]}}],"collection":[{"href":"https:\/\/lsa-global.com\/fr\/wp-json\/wp\/v2\/pages"}],"about":[{"href":"https:\/\/lsa-global.com\/fr\/wp-json\/wp\/v2\/types\/page"}],"author":[{"embeddable":true,"href":"https:\/\/lsa-global.com\/fr\/wp-json\/wp\/v2\/users\/1"}],"replies":[{"embeddable":true,"href":"https:\/\/lsa-global.com\/fr\/wp-json\/wp\/v2\/comments?post=43354"}],"version-history":[{"count":0,"href":"https:\/\/lsa-global.com\/fr\/wp-json\/wp\/v2\/pages\/43354\/revisions"}],"wp:featuredmedia":[{"embeddable":true,"href":"https:\/\/lsa-global.com\/fr\/wp-json\/wp\/v2\/media\/43708"}],"wp:attachment":[{"href":"https:\/\/lsa-global.com\/fr\/wp-json\/wp\/v2\/media?parent=43354"}],"curies":[{"name":"wp","href":"https:\/\/api.w.org\/{rel}","templated":true}]}}