{"id":43290,"date":"2025-03-18T14:12:57","date_gmt":"2025-03-18T13:12:57","guid":{"rendered":"https:\/\/lsa-global.com\/?page_id=43290"},"modified":"2025-04-25T13:07:10","modified_gmt":"2025-04-25T12:07:10","slug":"services-de-traduction-professionnels-en-slovene","status":"publish","type":"page","link":"https:\/\/lsa-global.com\/fr\/services-de-traduction-professionnels-en-slovene\/","title":{"rendered":"Services de traduction professionnels en slov\u00e8ne \u2013 Pr\u00e9cis et certifi\u00e9s"},"content":{"rendered":"<div data-elementor-type=\"wp-page\" data-elementor-id=\"43290\" class=\"elementor elementor-43290\" data-elementor-post-type=\"page\">\n\t\t\t\t<div class=\"elementor-element elementor-element-5b79227 e-flex e-con-boxed e-con e-parent\" data-id=\"5b79227\" data-element_type=\"container\" data-e-type=\"container\">\n\t\t\t\t\t<div class=\"e-con-inner\">\n\t\t\t\t<div class=\"elementor-element elementor-element-02788d0 elementor-widget elementor-widget-heading\" data-id=\"02788d0\" data-element_type=\"widget\" data-e-type=\"widget\" data-widget_type=\"heading.default\">\n\t\t\t\t\t<h2 class=\"elementor-heading-title elementor-size-default\">Services de traduction professionnels en slov\u00e8ne \u2013 Pr\u00e9cis et certifi\u00e9s<\/h2>\t\t\t\t<\/div>\n\t\t\t\t<div class=\"elementor-element elementor-element-ec95e52 elementor-widget elementor-widget-image\" data-id=\"ec95e52\" data-element_type=\"widget\" data-e-type=\"widget\" data-widget_type=\"image.default\">\n\t\t\t\t\t\t\t\t\t\t\t\t\t\t\t<img decoding=\"async\" data-attachment-id=\"43553\" data-permalink=\"https:\/\/lsa-global.com\/professional-slovenian-translation-services\/slovenian\/\" data-orig-file=\"https:\/\/i0.wp.com\/lsa-global.com\/wp-content\/uploads\/2025\/03\/Slovenian.png?fit=2560%2C1280&amp;ssl=1\" data-orig-size=\"2560,1280\" data-comments-opened=\"0\" data-image-meta=\"{&quot;aperture&quot;:&quot;0&quot;,&quot;credit&quot;:&quot;&quot;,&quot;camera&quot;:&quot;&quot;,&quot;caption&quot;:&quot;&quot;,&quot;created_timestamp&quot;:&quot;0&quot;,&quot;copyright&quot;:&quot;&quot;,&quot;focal_length&quot;:&quot;0&quot;,&quot;iso&quot;:&quot;0&quot;,&quot;shutter_speed&quot;:&quot;0&quot;,&quot;title&quot;:&quot;&quot;,&quot;orientation&quot;:&quot;0&quot;}\" data-image-title=\"Professional Slovenian Translations Services\" data-image-description=\"&lt;p&gt;Professional Slovenian Translations Services&lt;\/p&gt;\" data-image-caption=\"\" data-large-file=\"https:\/\/i0.wp.com\/lsa-global.com\/wp-content\/uploads\/2025\/03\/Slovenian.png?fit=1024%2C512&amp;ssl=1\" width=\"300\" height=\"150\" src=\"https:\/\/i0.wp.com\/lsa-global.com\/wp-content\/uploads\/2025\/03\/Slovenian.png?fit=300%2C150&amp;ssl=1\" class=\"attachment-medium size-medium wp-image-43553\" alt=\"Services de traduction professionnels en slov\u00e8ne\" srcset=\"https:\/\/i0.wp.com\/lsa-global.com\/wp-content\/uploads\/2025\/03\/Slovenian.png?w=2560&amp;ssl=1 2560w, https:\/\/i0.wp.com\/lsa-global.com\/wp-content\/uploads\/2025\/03\/Slovenian.png?resize=300%2C150&amp;ssl=1 300w, https:\/\/i0.wp.com\/lsa-global.com\/wp-content\/uploads\/2025\/03\/Slovenian.png?resize=1024%2C512&amp;ssl=1 1024w, https:\/\/i0.wp.com\/lsa-global.com\/wp-content\/uploads\/2025\/03\/Slovenian.png?resize=150%2C75&amp;ssl=1 150w, https:\/\/i0.wp.com\/lsa-global.com\/wp-content\/uploads\/2025\/03\/Slovenian.png?resize=768%2C384&amp;ssl=1 768w, https:\/\/i0.wp.com\/lsa-global.com\/wp-content\/uploads\/2025\/03\/Slovenian.png?resize=1536%2C768&amp;ssl=1 1536w, https:\/\/i0.wp.com\/lsa-global.com\/wp-content\/uploads\/2025\/03\/Slovenian.png?resize=2048%2C1024&amp;ssl=1 2048w, https:\/\/i0.wp.com\/lsa-global.com\/wp-content\/uploads\/2025\/03\/Slovenian.png?resize=18%2C9&amp;ssl=1 18w, https:\/\/i0.wp.com\/lsa-global.com\/wp-content\/uploads\/2025\/03\/Slovenian.png?resize=370%2C185&amp;ssl=1 370w, https:\/\/i0.wp.com\/lsa-global.com\/wp-content\/uploads\/2025\/03\/Slovenian.png?resize=760%2C380&amp;ssl=1 760w, https:\/\/i0.wp.com\/lsa-global.com\/wp-content\/uploads\/2025\/03\/Slovenian.png?resize=805%2C400&amp;ssl=1 805w\" sizes=\"(max-width: 300px) 100vw, 300px\" title=\"\">\t\t\t\t\t\t\t\t\t\t\t\t\t\t\t<\/div>\n\t\t\t\t<div class=\"elementor-element elementor-element-8ce67be elementor-widget elementor-widget-heading\" data-id=\"8ce67be\" data-element_type=\"widget\" data-e-type=\"widget\" data-widget_type=\"heading.default\">\n\t\t\t\t\t<h3 class=\"elementor-heading-title elementor-size-default\">Services de traduction sp\u00e9cialis\u00e9s en slov\u00e8ne pour les entreprises et les particuliers<\/h3>\t\t\t\t<\/div>\n\t\t\t\t<div class=\"elementor-element elementor-element-5801803 elementor-widget elementor-widget-text-editor\" data-id=\"5801803\" data-element_type=\"widget\" data-e-type=\"widget\" data-widget_type=\"text-editor.default\">\n\t\t\t\t\t\t\t\t\t<p>Vous recherchez des services de traduction slov\u00e8ne de haute qualit\u00e9\u00a0? Notre \u00e9quipe de traducteurs professionnels est sp\u00e9cialis\u00e9e dans la traduction pr\u00e9cise et culturellement adapt\u00e9e aux publics slov\u00e8nes. Nous proposons une gamme compl\u00e8te de services, incluant la traduction de documents, la localisation de sites web, les traductions techniques et bien plus encore, pour garantir que votre contenu trouve un \u00e9cho aupr\u00e8s de votre march\u00e9 cible.\u00a0<\/p>\t\t\t\t\t\t\t\t<\/div>\n\t\t\t\t<div class=\"elementor-element elementor-element-1d87cc1 elementor-widget elementor-widget-heading\" data-id=\"1d87cc1\" data-element_type=\"widget\" data-e-type=\"widget\" data-widget_type=\"heading.default\">\n\t\t\t\t\t<h3 class=\"elementor-heading-title elementor-size-default\">Pourquoi choisir nos services de traduction en slov\u00e8ne\u00a0?<\/h3>\t\t\t\t<\/div>\n\t\t\t\t<div class=\"elementor-element elementor-element-ccd911f elementor-widget elementor-widget-text-editor\" data-id=\"ccd911f\" data-element_type=\"widget\" data-e-type=\"widget\" data-widget_type=\"text-editor.default\">\n\t\t\t\t\t\t\t\t\t<ul>\n<li>\n<p>Traducteurs natifs slov\u00e8nes : Nos traducteurs sont des locuteurs natifs slov\u00e8nes avec des ann\u00e9es d&#039;exp\u00e9rience \u00e0 temps plein, garantissant des traductions pr\u00e9cises et contextuellement appropri\u00e9es.\u00a0<\/p>\n<\/li>\n<li>\n<p>Traductions certifi\u00e9es : Nous fournissons des traductions certifi\u00e9es accept\u00e9es par les agences gouvernementales et les institutions juridiques, garantissant ainsi la conformit\u00e9 et l&#039;authenticit\u00e9.\u00a0<\/p>\n<\/li>\n<li>\n<p>Contenu optimis\u00e9 pour le r\u00e9f\u00e9rencement : nos traductions int\u00e8grent les meilleures pratiques de r\u00e9f\u00e9rencement, aidant votre site Web \u00e0 se classer plus haut sur les moteurs de recherche comme Google et Bing.\u00a0<\/p>\n<\/li>\n<li>\n<p>D\u00e9lai d&#039;ex\u00e9cution rapide et prix comp\u00e9titifs : nous livrons des traductions de haute qualit\u00e9 rapidement et \u00e0 des tarifs comp\u00e9titifs, en respectant vos d\u00e9lais et vos exigences budg\u00e9taires.\u00a0<\/p>\n<\/li>\n<li>\n<p>Expertise sectorielle : Nos traducteurs poss\u00e8dent des connaissances sp\u00e9cialis\u00e9es dans divers secteurs, notamment les secteurs juridique, m\u00e9dical, technique et commercial.<\/p>\n<\/li>\n<li>\n<p>Localisation et adaptation culturelles<\/p>\n<p class=\"\" data-start=\"2229\" data-end=\"2486\">La traduction ne se r\u00e9sume pas aux mots\u00a0: elle est aussi une question de sens, de ton et de pertinence culturelle. Nos traducteurs slov\u00e8nes localisent le contenu pour refl\u00e9ter les pr\u00e9f\u00e9rences, les attentes et les coutumes de votre public cible en Slov\u00e9nie. Ceci est particuli\u00e8rement important pour\u00a0:<\/p>\n<ul data-start=\"2488\" data-end=\"2623\">\n<li class=\"\" data-start=\"2488\" data-end=\"2511\">\n<p class=\"\" data-start=\"2490\" data-end=\"2511\">Mat\u00e9riel de marketing<\/p>\n<\/li>\n<li class=\"\" data-start=\"2512\" data-end=\"2533\">\n<p class=\"\" data-start=\"2514\" data-end=\"2533\">Sites Web et applications<\/p>\n<\/li>\n<li class=\"\" data-start=\"2534\" data-end=\"2575\">\n<p class=\"\" data-start=\"2536\" data-end=\"2575\">Descriptions de produits et manuels d&#039;utilisation<\/p>\n<\/li>\n<li class=\"\" data-start=\"2576\" data-end=\"2623\">\n<p class=\"\" data-start=\"2578\" data-end=\"2623\">Contenu multim\u00e9dia et messagerie sur les r\u00e9seaux sociaux<\/p>\n<\/li>\n<\/ul>\n<p class=\"\" data-start=\"2625\" data-end=\"2727\">Nous garantissons que votre message soit authentique et naturel en slov\u00e8ne, quel que soit le support ou la plateforme.<\/p>\n<\/li>\n<li>\n<p class=\"\" data-start=\"2625\" data-end=\"2727\">\u00a0Assurance qualit\u00e9 rigoureuse<\/p>\n<p class=\"\" data-start=\"2765\" data-end=\"2866\">Chaque projet de traduction chez LSA GLOBAL est soumis \u00e0 un processus complet de contr\u00f4le qualit\u00e9, comprenant :<\/p>\n<ul data-start=\"2868\" data-end=\"3028\">\n<li class=\"\" data-start=\"2868\" data-end=\"2914\">\n<p class=\"\" data-start=\"2870\" data-end=\"2914\">Traduction par un linguiste natif qualifi\u00e9<\/p>\n<\/li>\n<li class=\"\" data-start=\"2915\" data-end=\"2955\">\n<p class=\"\" data-start=\"2917\" data-end=\"2955\">\u00c9dition et relecture ind\u00e9pendantes<\/p>\n<\/li>\n<li class=\"\" data-start=\"2956\" data-end=\"2990\">\n<p class=\"\" data-start=\"2958\" data-end=\"2990\">V\u00e9rifications de coh\u00e9rence terminologique<\/p>\n<\/li>\n<li class=\"\" data-start=\"2991\" data-end=\"3028\">\n<p class=\"\" data-start=\"2993\" data-end=\"3028\">Mise en forme finale et contr\u00f4le qualit\u00e9<\/p>\n<\/li>\n<\/ul>\n<p class=\"\" data-start=\"3030\" data-end=\"3153\">Ce processus m\u00e9ticuleux garantit que toutes les traductions slov\u00e8nes sont exactes, coh\u00e9rentes et pr\u00e9sent\u00e9es de mani\u00e8re professionnelle.<\/p>\n<\/li>\n<\/ul>\t\t\t\t\t\t\t\t<\/div>\n\t\t\t\t<div class=\"elementor-element elementor-element-be9dbb9 elementor-widget elementor-widget-heading\" data-id=\"be9dbb9\" data-element_type=\"widget\" data-e-type=\"widget\" data-widget_type=\"heading.default\">\n\t\t\t\t\t<h3 class=\"elementor-heading-title elementor-size-default\">Nos services de traduction en slov\u00e8ne<\/h3>\t\t\t\t<\/div>\n\t\t\t\t<div class=\"elementor-element elementor-element-c088b14 elementor-widget elementor-widget-heading\" data-id=\"c088b14\" data-element_type=\"widget\" data-e-type=\"widget\" data-widget_type=\"heading.default\">\n\t\t\t\t\t<h5 class=\"elementor-heading-title elementor-size-default\">1. Traduction certifi\u00e9e de documents<\/h5>\t\t\t\t<\/div>\n\t\t\t\t<div class=\"elementor-element elementor-element-856e272 elementor-widget elementor-widget-text-editor\" data-id=\"856e272\" data-element_type=\"widget\" data-e-type=\"widget\" data-widget_type=\"text-editor.default\">\n\t\t\t\t\t\t\t\t\t<p><span style=\"color: #0000ff; font-family: Roboto, sans-serif; font-size: 16px; font-weight: normal;\">Nous proposons des traductions certifi\u00e9es pour une vari\u00e9t\u00e9 de documents, garantissant l&#039;exactitude et l&#039;acceptation par les entit\u00e9s officielles :<\/span><\/p>\n<ul>\n<li>\n<p>Documents juridiques : Contrats, accords, documents judiciaires.<\/p>\n<\/li>\n<li>\n<p>Documents personnels : Actes de naissance, actes de mariage, relev\u00e9s de notes.<\/p>\n<\/li>\n<li>\n<p>Documents commerciaux : Licences, \u00e9tats financiers, rapports d&#039;entreprise.<\/p>\n<\/li>\n<\/ul>\t\t\t\t\t\t\t\t<\/div>\n\t\t\t\t<div class=\"elementor-element elementor-element-f02531a elementor-widget elementor-widget-heading\" data-id=\"f02531a\" data-element_type=\"widget\" data-e-type=\"widget\" data-widget_type=\"heading.default\">\n\t\t\t\t\t<h5 class=\"elementor-heading-title elementor-size-default\">2. Localisation de sites Web et d&#039;applications<\/h5>\t\t\t\t<\/div>\n\t\t\t\t<div class=\"elementor-element elementor-element-cb03fe0 elementor-widget elementor-widget-text-editor\" data-id=\"cb03fe0\" data-element_type=\"widget\" data-e-type=\"widget\" data-widget_type=\"text-editor.default\">\n\t\t\t\t\t\t\t\t\t<p>D\u00e9veloppez votre pr\u00e9sence num\u00e9rique sur les march\u00e9s slov\u00e8nes gr\u00e2ce \u00e0 nos services de localisation :<\/p>\n<ul>\n<li>\n<p>Localisation de sites Web : adaptation du contenu de votre site Web aux nuances et pr\u00e9f\u00e9rences culturelles.<\/p>\n<\/li>\n<li>\n<p>Localisation d&#039;applications : garantir que vos applications mobiles sont conviviales pour les utilisateurs parlant slov\u00e8ne.<\/p>\n<\/li>\n<li>\n<p>Optimisation SEO\u00a0: mise en \u0153uvre de mots-cl\u00e9s localis\u00e9s et de balises m\u00e9ta pour am\u00e9liorer la recherche<\/p>\n<\/li>\n<\/ul>\t\t\t\t\t\t\t\t<\/div>\n\t\t\t\t<div class=\"elementor-element elementor-element-14e89d5 elementor-widget elementor-widget-heading\" data-id=\"14e89d5\" data-element_type=\"widget\" data-e-type=\"widget\" data-widget_type=\"heading.default\">\n\t\t\t\t\t<h5 class=\"elementor-heading-title elementor-size-default\">3. Traductions techniques et m\u00e9dicales<\/h5>\t\t\t\t<\/div>\n\t\t\t\t<div class=\"elementor-element elementor-element-ed0063f elementor-widget elementor-widget-text-editor\" data-id=\"ed0063f\" data-element_type=\"widget\" data-e-type=\"widget\" data-widget_type=\"text-editor.default\">\n\t\t\t\t\t\t\t\t\t<p>Nos experts traitent avec pr\u00e9cision des documents techniques et m\u00e9dicaux complexes :<\/p>\n<ul>\n<li>\n<p>Manuels techniques : Guides d&#039;utilisation, manuels de produits, sp\u00e9cifications techniques.<\/p>\n<\/li>\n<li>\n<p>Documents m\u00e9dicaux : rapports cliniques, informations pharmaceutiques, articles de recherche m\u00e9dicale<\/p>\n<\/li>\n<\/ul>\t\t\t\t\t\t\t\t<\/div>\n\t\t\t\t<div class=\"elementor-element elementor-element-2a659f7 elementor-widget elementor-widget-heading\" data-id=\"2a659f7\" data-element_type=\"widget\" data-e-type=\"widget\" data-widget_type=\"heading.default\">\n\t\t\t\t\t<h5 class=\"elementor-heading-title elementor-size-default\">4. Traductions commerciales et marketing<\/h5>\t\t\t\t<\/div>\n\t\t\t\t<div class=\"elementor-element elementor-element-0c090c3 elementor-widget elementor-widget-text-editor\" data-id=\"0c090c3\" data-element_type=\"widget\" data-e-type=\"widget\" data-widget_type=\"text-editor.default\">\n\t\t\t\t\t\t\t\t\t<p>Communiquez efficacement le message de votre marque aux publics slov\u00e8nes :<\/p>\n<ul>\n<li>\n<p>Supports marketing : Brochures, publicit\u00e9s, communiqu\u00e9s de presse.<\/p>\n<\/li>\n<li>\n<p>Communications d&#039;entreprise : Pr\u00e9sentations, courriels, communications d&#039;entreprise.<\/p>\n<\/li>\n<\/ul>\t\t\t\t\t\t\t\t<\/div>\n\t\t\t\t<div class=\"elementor-element elementor-element-a360402 elementor-widget elementor-widget-heading\" data-id=\"a360402\" data-element_type=\"widget\" data-e-type=\"widget\" data-widget_type=\"heading.default\">\n\t\t\t\t\t<h3 class=\"elementor-heading-title elementor-size-default\">Industries que nous servons<\/h3>\t\t\t\t<\/div>\n\t\t\t\t<div class=\"elementor-element elementor-element-5642a8c elementor-widget elementor-widget-text-editor\" data-id=\"5642a8c\" data-element_type=\"widget\" data-e-type=\"widget\" data-widget_type=\"text-editor.default\">\n\t\t\t\t\t\t\t\t\t<p>Nous intervenons aupr\u00e8s d&#039;un large \u00e9ventail d&#039;industries, notamment :<\/p>\n<ul>\n<li>\n<p>Juridique et gouvernemental : Fourniture de traductions pour les proc\u00e9dures judiciaires et les communications gouvernementales.<\/p>\n<\/li>\n<li>\n<p>Sant\u00e9 et produits pharmaceutiques : traduction de dossiers m\u00e9dicaux, de documents de recherche et de documents pharmaceutiques.<\/p>\n<\/li>\n<li>\n<p>Technologie et informatique : localisation de logiciels, de manuels d&#039;utilisation et de documentation technique.<\/p>\n<\/li>\n<li>\n<p>Finance et banque : Traduction de rapports financiers, de documents d&#039;investissement et de documents bancaires<\/p>\n<\/li>\n<li>\n<p>E-commerce et vente au d\u00e9tail : localisation des descriptions de produits, des avis clients et du contenu marketing.\u00a0<\/p>\n<\/li>\n<\/ul>\t\t\t\t\t\t\t\t<\/div>\n\t\t\t\t<div class=\"elementor-element elementor-element-48a3b6c elementor-widget elementor-widget-heading\" data-id=\"48a3b6c\" data-element_type=\"widget\" data-e-type=\"widget\" data-widget_type=\"heading.default\">\n\t\t\t\t\t<h3 class=\"elementor-heading-title elementor-size-default\">Pourquoi la traduction professionnelle en slov\u00e8ne est importante<\/h3>\t\t\t\t<\/div>\n\t\t\t\t\t<\/div>\n\t\t\t\t<\/div>\n\t\t<div class=\"elementor-element elementor-element-d632369 e-flex e-con-boxed e-con e-parent\" data-id=\"d632369\" data-element_type=\"container\" data-e-type=\"container\">\n\t\t\t\t\t<div class=\"e-con-inner\">\n\t\t\t\t<div class=\"elementor-element elementor-element-27209f3 elementor-widget elementor-widget-text-editor\" data-id=\"27209f3\" data-element_type=\"widget\" data-e-type=\"widget\" data-widget_type=\"text-editor.default\">\n\t\t\t\t\t\t\t\t\t<p><span style=\"color: #0000ff; font-family: Roboto, sans-serif; font-size: 16px;\">Le slov\u00e8ne est parl\u00e9 par des millions de personnes dans le monde, ce qui en fait une langue essentielle pour les entreprises et les organisations souhaitant communiquer avec des publics slov\u00e9nophones. Une traduction professionnelle garantit\u00a0:<\/span><\/p>\n<ul>\n<li>\n<p>Pertinence culturelle : des traductions pr\u00e9cises qui r\u00e9sonnent avec la culture et les coutumes locales.<\/p>\n<\/li>\n<li>\n<p>Conformit\u00e9 juridique : garantir que les documents r\u00e9pondent aux normes et exigences juridiques r\u00e9gionales.<\/p>\n<\/li>\n<li>\n<p>Cr\u00e9dibilit\u00e9 de la marque : pr\u00e9senter votre entreprise de mani\u00e8re professionnelle \u00e0 un public slov\u00e8ne.<\/p>\n<\/li>\n<\/ul>\t\t\t\t\t\t\t\t<\/div>\n\t\t\t\t<div class=\"elementor-element elementor-element-338bcb0 elementor-widget elementor-widget-heading\" data-id=\"338bcb0\" data-element_type=\"widget\" data-e-type=\"widget\" data-widget_type=\"heading.default\">\n\t\t\t\t\t<h3 class=\"elementor-heading-title elementor-size-default\">Services de traduction slov\u00e8ne optimis\u00e9s pour le r\u00e9f\u00e9rencement<\/h3>\t\t\t\t<\/div>\n\t\t\t\t<div class=\"elementor-element elementor-element-d3491aa elementor-widget elementor-widget-text-editor\" data-id=\"d3491aa\" data-element_type=\"widget\" data-e-type=\"widget\" data-widget_type=\"text-editor.default\">\n\t\t\t\t\t\t\t\t\t<p>Nos traductions sont con\u00e7ues avec les meilleures pratiques SEO pour am\u00e9liorer votre visibilit\u00e9 en ligne :<\/p>\n<ul>\n<li>\n<p>Mots-cl\u00e9s localis\u00e9s\u00a0: int\u00e9gration de termes de recherche sp\u00e9cifiques \u00e0 une r\u00e9gion pour am\u00e9liorer les classements.<\/p>\n<\/li>\n<li>\n<p>Optimisation des m\u00e9ta-balises\u00a0: traduction et optimisation des m\u00e9ta-descriptions et des titres pour de meilleurs taux de clics.<\/p>\n<\/li>\n<li>\n<p>URL conviviales : cr\u00e9ation d&#039;URL lisibles et pertinentes en slov\u00e8ne.\u00a0<\/p>\n<\/li>\n<\/ul>\t\t\t\t\t\t\t\t<\/div>\n\t\t\t\t<div class=\"elementor-element elementor-element-8974ce6 elementor-widget elementor-widget-heading\" data-id=\"8974ce6\" data-element_type=\"widget\" data-e-type=\"widget\" data-widget_type=\"heading.default\">\n\t\t\t\t\t<h3 class=\"elementor-heading-title elementor-size-default\">Obtenez un devis gratuit pour vos services de traduction en slov\u00e8ne<\/h3>\t\t\t\t<\/div>\n\t\t\t\t<div class=\"elementor-element elementor-element-7223382 elementor-widget elementor-widget-text-editor\" data-id=\"7223382\" data-element_type=\"widget\" data-e-type=\"widget\" data-widget_type=\"text-editor.default\">\n\t\t\t\t\t\t\t\t\t<p>Besoin de services de traduction professionnels en slov\u00e8ne ? <a href=\"https:\/\/lsa-global.com\/fr\/obtenir-un-devis-gratuit-lsa-global\/\"><strong><span style=\"color: #000080;\">Contactez-nous d\u00e8s aujourd&#039;hui pour un devis gratuit.<\/span><\/strong><\/a> Nous assurons des traductions rapides, pr\u00e9cises et confidentielles pour tous vos besoins.<\/p>\t\t\t\t\t\t\t\t<\/div>\n\t\t\t\t<div class=\"elementor-element elementor-element-726eff2 elementor-widget elementor-widget-heading\" data-id=\"726eff2\" data-element_type=\"widget\" data-e-type=\"widget\" data-widget_type=\"heading.default\">\n\t\t\t\t\t<h2 class=\"elementor-heading-title elementor-size-default\">Aller au-del\u00e0<\/h2>\t\t\t\t<\/div>\n\t\t\t\t<div class=\"elementor-element elementor-element-9dd1023 elementor-widget elementor-widget-text-editor\" data-id=\"9dd1023\" data-element_type=\"widget\" data-e-type=\"widget\" data-widget_type=\"text-editor.default\">\n\t\t\t\t\t\t\t\t\t<h5><a href=\"https:\/\/lsa-global.com\/fr\/tarifs-et-conditions-de-traduction\/\"><span style=\"color: #ff0000;\">Plans tarifaires et plus<\/span><\/a><\/h5>\t\t\t\t\t\t\t\t<\/div>\n\t\t\t\t<div class=\"elementor-element elementor-element-cc85090 elementor-widget elementor-widget-text-editor\" data-id=\"cc85090\" data-element_type=\"widget\" data-e-type=\"widget\" data-widget_type=\"text-editor.default\">\n\t\t\t\t\t\t\t\t\t<h5><a href=\"https:\/\/lsa-global.com\/fr\/apprendre-la-langue-allemande\/\"><span style=\"color: #ff0000;\">Devis gratuit<\/span><\/a><\/h5>\t\t\t\t\t\t\t\t<\/div>\n\t\t\t\t<div class=\"elementor-element elementor-element-a1026ff elementor-widget elementor-widget-text-editor\" data-id=\"a1026ff\" data-element_type=\"widget\" data-e-type=\"widget\" data-widget_type=\"text-editor.default\">\n\t\t\t\t\t\t\t\t\t<h5><a href=\"https:\/\/lsaglobal-translate.co.uk\/services\/translation-services\/\" target=\"_blank\" rel=\"noopener\"><span style=\"color: #ff0000;\">Traduction Pro.<\/span><\/a><\/h5>\t\t\t\t\t\t\t\t<\/div>\n\t\t\t\t<div class=\"elementor-element elementor-element-4b72036 elementor-widget elementor-widget-image\" data-id=\"4b72036\" data-element_type=\"widget\" data-e-type=\"widget\" data-widget_type=\"image.default\">\n\t\t\t\t\t\t\t\t\t\t\t\t\t\t\t<img decoding=\"async\" data-attachment-id=\"43553\" data-permalink=\"https:\/\/lsa-global.com\/professional-slovenian-translation-services\/slovenian\/\" data-orig-file=\"https:\/\/i0.wp.com\/lsa-global.com\/wp-content\/uploads\/2025\/03\/Slovenian.png?fit=2560%2C1280&amp;ssl=1\" data-orig-size=\"2560,1280\" data-comments-opened=\"0\" data-image-meta=\"{&quot;aperture&quot;:&quot;0&quot;,&quot;credit&quot;:&quot;&quot;,&quot;camera&quot;:&quot;&quot;,&quot;caption&quot;:&quot;&quot;,&quot;created_timestamp&quot;:&quot;0&quot;,&quot;copyright&quot;:&quot;&quot;,&quot;focal_length&quot;:&quot;0&quot;,&quot;iso&quot;:&quot;0&quot;,&quot;shutter_speed&quot;:&quot;0&quot;,&quot;title&quot;:&quot;&quot;,&quot;orientation&quot;:&quot;0&quot;}\" data-image-title=\"Professional Slovenian Translations Services\" data-image-description=\"&lt;p&gt;Professional Slovenian Translations Services&lt;\/p&gt;\" data-image-caption=\"\" data-large-file=\"https:\/\/i0.wp.com\/lsa-global.com\/wp-content\/uploads\/2025\/03\/Slovenian.png?fit=1024%2C512&amp;ssl=1\" width=\"300\" height=\"150\" src=\"https:\/\/i0.wp.com\/lsa-global.com\/wp-content\/uploads\/2025\/03\/Slovenian.png?fit=300%2C150&amp;ssl=1\" class=\"attachment-medium size-medium wp-image-43553\" alt=\"Services de traduction professionnels en slov\u00e8ne\" srcset=\"https:\/\/i0.wp.com\/lsa-global.com\/wp-content\/uploads\/2025\/03\/Slovenian.png?w=2560&amp;ssl=1 2560w, https:\/\/i0.wp.com\/lsa-global.com\/wp-content\/uploads\/2025\/03\/Slovenian.png?resize=300%2C150&amp;ssl=1 300w, https:\/\/i0.wp.com\/lsa-global.com\/wp-content\/uploads\/2025\/03\/Slovenian.png?resize=1024%2C512&amp;ssl=1 1024w, https:\/\/i0.wp.com\/lsa-global.com\/wp-content\/uploads\/2025\/03\/Slovenian.png?resize=150%2C75&amp;ssl=1 150w, https:\/\/i0.wp.com\/lsa-global.com\/wp-content\/uploads\/2025\/03\/Slovenian.png?resize=768%2C384&amp;ssl=1 768w, https:\/\/i0.wp.com\/lsa-global.com\/wp-content\/uploads\/2025\/03\/Slovenian.png?resize=1536%2C768&amp;ssl=1 1536w, https:\/\/i0.wp.com\/lsa-global.com\/wp-content\/uploads\/2025\/03\/Slovenian.png?resize=2048%2C1024&amp;ssl=1 2048w, https:\/\/i0.wp.com\/lsa-global.com\/wp-content\/uploads\/2025\/03\/Slovenian.png?resize=18%2C9&amp;ssl=1 18w, https:\/\/i0.wp.com\/lsa-global.com\/wp-content\/uploads\/2025\/03\/Slovenian.png?resize=370%2C185&amp;ssl=1 370w, https:\/\/i0.wp.com\/lsa-global.com\/wp-content\/uploads\/2025\/03\/Slovenian.png?resize=760%2C380&amp;ssl=1 760w, https:\/\/i0.wp.com\/lsa-global.com\/wp-content\/uploads\/2025\/03\/Slovenian.png?resize=805%2C400&amp;ssl=1 805w\" sizes=\"(max-width: 300px) 100vw, 300px\" title=\"\">\t\t\t\t\t\t\t\t\t\t\t\t\t\t\t<\/div>\n\t\t\t\t\t<\/div>\n\t\t\t\t<\/div>\n\t\t\t\t<\/div>","protected":false},"excerpt":{"rendered":"<p>Professional Slovenian Translation Services \u2013 Accurate and Certified Expert Slovenian Translation Services for Businesses and Individuals Are you seeking high-quality&hellip;<\/p>","protected":false},"author":1,"featured_media":44092,"parent":0,"menu_order":0,"comment_status":"closed","ping_status":"closed","template":"","meta":{"jetpack_post_was_ever_published":false,"footnotes":""},"class_list":["post-43290","page","type-page","status-publish","has-post-thumbnail","hentry"],"jetpack_sharing_enabled":true,"jetpack_likes_enabled":true,"jetpack-related-posts":[],"jetpack_shortlink":"https:\/\/wp.me\/PerFda-bge","_links":{"self":[{"href":"https:\/\/lsa-global.com\/fr\/wp-json\/wp\/v2\/pages\/43290","targetHints":{"allow":["GET"]}}],"collection":[{"href":"https:\/\/lsa-global.com\/fr\/wp-json\/wp\/v2\/pages"}],"about":[{"href":"https:\/\/lsa-global.com\/fr\/wp-json\/wp\/v2\/types\/page"}],"author":[{"embeddable":true,"href":"https:\/\/lsa-global.com\/fr\/wp-json\/wp\/v2\/users\/1"}],"replies":[{"embeddable":true,"href":"https:\/\/lsa-global.com\/fr\/wp-json\/wp\/v2\/comments?post=43290"}],"version-history":[{"count":0,"href":"https:\/\/lsa-global.com\/fr\/wp-json\/wp\/v2\/pages\/43290\/revisions"}],"wp:featuredmedia":[{"embeddable":true,"href":"https:\/\/lsa-global.com\/fr\/wp-json\/wp\/v2\/media\/44092"}],"wp:attachment":[{"href":"https:\/\/lsa-global.com\/fr\/wp-json\/wp\/v2\/media?parent=43290"}],"curies":[{"name":"wp","href":"https:\/\/api.w.org\/{rel}","templated":true}]}}