{"id":43280,"date":"2025-03-18T14:08:57","date_gmt":"2025-03-18T13:08:57","guid":{"rendered":"https:\/\/lsa-global.com\/?page_id=43280"},"modified":"2025-04-25T13:04:58","modified_gmt":"2025-04-25T12:04:58","slug":"services-de-traduction-professionnels-en-slovaque-precis","status":"publish","type":"page","link":"https:\/\/lsa-global.com\/fr\/services-de-traduction-professionnels-en-slovaque-precis\/","title":{"rendered":"Services de traduction professionnels en slovaque \u2013 Pr\u00e9cis et certifi\u00e9s"},"content":{"rendered":"<div data-elementor-type=\"wp-page\" data-elementor-id=\"43280\" class=\"elementor elementor-43280\" data-elementor-post-type=\"page\">\n\t\t\t\t<div class=\"elementor-element elementor-element-37813cb e-flex e-con-boxed e-con e-parent\" data-id=\"37813cb\" data-element_type=\"container\" data-e-type=\"container\">\n\t\t\t\t\t<div class=\"e-con-inner\">\n\t\t\t\t<div class=\"elementor-element elementor-element-5b29593 elementor-widget elementor-widget-heading\" data-id=\"5b29593\" data-element_type=\"widget\" data-e-type=\"widget\" data-widget_type=\"heading.default\">\n\t\t\t\t\t<h2 class=\"elementor-heading-title elementor-size-default\"><span style=\"font-family: Helvetica, monospace;font-size: 45px;font-style: normal;font-weight: 800;text-align: var(--text-align)\">Services de traduction professionnels en slovaque \u2013 Pr\u00e9cis et certifi\u00e9s<\/span><\/h2>\t\t\t\t<\/div>\n\t\t\t\t<div class=\"elementor-element elementor-element-0f60f37 elementor-widget elementor-widget-image\" data-id=\"0f60f37\" data-element_type=\"widget\" data-e-type=\"widget\" data-widget_type=\"image.default\">\n\t\t\t\t\t\t\t\t\t\t\t\t\t\t\t<img fetchpriority=\"high\" decoding=\"async\" data-attachment-id=\"43530\" data-permalink=\"https:\/\/lsa-global.com\/de\/professionelle-slowakische-ubersetzungsdienste-prazise\/slovak\/\" data-orig-file=\"https:\/\/i0.wp.com\/lsa-global.com\/wp-content\/uploads\/2025\/03\/Slovak.png?fit=2560%2C1707&amp;ssl=1\" data-orig-size=\"2560,1707\" data-comments-opened=\"0\" data-image-meta=\"{&quot;aperture&quot;:&quot;0&quot;,&quot;credit&quot;:&quot;&quot;,&quot;camera&quot;:&quot;&quot;,&quot;caption&quot;:&quot;&quot;,&quot;created_timestamp&quot;:&quot;0&quot;,&quot;copyright&quot;:&quot;&quot;,&quot;focal_length&quot;:&quot;0&quot;,&quot;iso&quot;:&quot;0&quot;,&quot;shutter_speed&quot;:&quot;0&quot;,&quot;title&quot;:&quot;&quot;,&quot;orientation&quot;:&quot;0&quot;}\" data-image-title=\"Professional Slovak Translations Services\" data-image-description=\"&lt;p&gt;Professional Slovak Translations Services&lt;\/p&gt;\" data-image-caption=\"\" data-large-file=\"https:\/\/i0.wp.com\/lsa-global.com\/wp-content\/uploads\/2025\/03\/Slovak.png?fit=1024%2C683&amp;ssl=1\" width=\"300\" height=\"200\" src=\"https:\/\/i0.wp.com\/lsa-global.com\/wp-content\/uploads\/2025\/03\/Slovak.png?fit=300%2C200&amp;ssl=1\" class=\"attachment-medium size-medium wp-image-43530\" alt=\"Services de traduction professionnelle en slovaque\" srcset=\"https:\/\/i0.wp.com\/lsa-global.com\/wp-content\/uploads\/2025\/03\/Slovak.png?w=2560&amp;ssl=1 2560w, https:\/\/i0.wp.com\/lsa-global.com\/wp-content\/uploads\/2025\/03\/Slovak.png?resize=300%2C200&amp;ssl=1 300w, https:\/\/i0.wp.com\/lsa-global.com\/wp-content\/uploads\/2025\/03\/Slovak.png?resize=1024%2C683&amp;ssl=1 1024w, https:\/\/i0.wp.com\/lsa-global.com\/wp-content\/uploads\/2025\/03\/Slovak.png?resize=150%2C100&amp;ssl=1 150w, https:\/\/i0.wp.com\/lsa-global.com\/wp-content\/uploads\/2025\/03\/Slovak.png?resize=768%2C512&amp;ssl=1 768w, https:\/\/i0.wp.com\/lsa-global.com\/wp-content\/uploads\/2025\/03\/Slovak.png?resize=1536%2C1024&amp;ssl=1 1536w, https:\/\/i0.wp.com\/lsa-global.com\/wp-content\/uploads\/2025\/03\/Slovak.png?resize=2048%2C1366&amp;ssl=1 2048w, https:\/\/i0.wp.com\/lsa-global.com\/wp-content\/uploads\/2025\/03\/Slovak.png?resize=18%2C12&amp;ssl=1 18w, https:\/\/i0.wp.com\/lsa-global.com\/wp-content\/uploads\/2025\/03\/Slovak.png?resize=370%2C247&amp;ssl=1 370w, https:\/\/i0.wp.com\/lsa-global.com\/wp-content\/uploads\/2025\/03\/Slovak.png?resize=760%2C507&amp;ssl=1 760w\" sizes=\"(max-width: 300px) 100vw, 300px\" title=\"\">\t\t\t\t\t\t\t\t\t\t\t\t\t\t\t<\/div>\n\t\t\t\t<div class=\"elementor-element elementor-element-b4fb764 elementor-widget elementor-widget-heading\" data-id=\"b4fb764\" data-element_type=\"widget\" data-e-type=\"widget\" data-widget_type=\"heading.default\">\n\t\t\t\t\t<h3 class=\"elementor-heading-title elementor-size-default\">Services de traduction sp\u00e9cialis\u00e9s en slovaque pour les entreprises et les particuliers<\/h3>\t\t\t\t<\/div>\n\t\t\t\t<div class=\"elementor-element elementor-element-dc65aa6 elementor-widget elementor-widget-text-editor\" data-id=\"dc65aa6\" data-element_type=\"widget\" data-e-type=\"widget\" data-widget_type=\"text-editor.default\">\n\t\t\t\t\t\t\t\t\t<p>Vous recherchez des services de traduction slovaque de haute qualit\u00e9\u00a0? Notre \u00e9quipe de traducteurs professionnels est sp\u00e9cialis\u00e9e dans la traduction pr\u00e9cise et culturellement adapt\u00e9e aux publics slovaques. Nous proposons une gamme compl\u00e8te de services, incluant la traduction de documents, la localisation de sites web, les traductions techniques et bien plus encore, pour garantir que votre contenu trouve un \u00e9cho aupr\u00e8s de votre march\u00e9 cible.<\/p>\t\t\t\t\t\t\t\t<\/div>\n\t\t\t\t<div class=\"elementor-element elementor-element-137118f elementor-widget elementor-widget-heading\" data-id=\"137118f\" data-element_type=\"widget\" data-e-type=\"widget\" data-widget_type=\"heading.default\">\n\t\t\t\t\t<h3 class=\"elementor-heading-title elementor-size-default\">Pourquoi choisir nos services de traduction en slovaque ?<\/h3>\t\t\t\t<\/div>\n\t\t\t\t<div class=\"elementor-element elementor-element-6009c18 elementor-widget elementor-widget-text-editor\" data-id=\"6009c18\" data-element_type=\"widget\" data-e-type=\"widget\" data-widget_type=\"text-editor.default\">\n\t\t\t\t\t\t\t\t\t<ul><li>Traducteurs slovaques natifs : Nos traducteurs sont des locuteurs natifs slovaques avec des ann\u00e9es d&#039;exp\u00e9rience \u00e0 temps plein, garantissant des traductions pr\u00e9cises et contextuellement appropri\u00e9es.<\/li><li>Traductions certifi\u00e9es : Nous fournissons des traductions certifi\u00e9es accept\u00e9es par les agences gouvernementales et les institutions juridiques, garantissant ainsi la conformit\u00e9 et l&#039;authenticit\u00e9.\u00a0<\/li><li>Contenu optimis\u00e9 pour le r\u00e9f\u00e9rencement : nos traductions int\u00e8grent les meilleures pratiques de r\u00e9f\u00e9rencement, aidant votre site Web \u00e0 se classer plus haut sur les moteurs de recherche comme Google et Bing.<\/li><li>D\u00e9lai d&#039;ex\u00e9cution rapide et prix comp\u00e9titifs : nous livrons des traductions de haute qualit\u00e9 rapidement et \u00e0 des tarifs comp\u00e9titifs, en respectant vos d\u00e9lais et vos exigences budg\u00e9taires.\u00a0<\/li><li>Expertise sectorielle : Nos traducteurs poss\u00e8dent des connaissances sp\u00e9cialis\u00e9es dans divers secteurs, notamment les secteurs juridique, m\u00e9dical, technique et commercial. Localisation culturelle et linguistique<br \/><p class=\"\" data-start=\"2113\" data-end=\"2452\">La traduction ne se limite pas \u00e0 convertir des mots\u00a0: il s\u2019agit de transmettre du sens d\u2019une mani\u00e8re qui r\u00e9sonne aupr\u00e8s du public cible. Nos sp\u00e9cialistes de la localisation slovaque adaptent le ton, le vocabulaire et la mise en forme \u00e0 vos besoins. <span data-start=\"2312\" data-end=\"2365\">r\u00e9pondre aux attentes culturelles des lecteurs slovaques<\/span>, que vous traduisiez une campagne marketing, une brochure produit ou une interface utilisateur.<\/p><\/li><li><p class=\"\" data-start=\"2113\" data-end=\"2452\">Confidentialit\u00e9 stricte et s\u00e9curit\u00e9 des donn\u00e9es<\/p><p class=\"\" data-start=\"3263\" data-end=\"3535\">Nous comprenons l&#039;importance de la confidentialit\u00e9 et de la s\u00e9curit\u00e9 lors du traitement de contenus sensibles. Tous les projets sont g\u00e9r\u00e9s par <span data-start=\"3382\" data-end=\"3402\">plateformes s\u00e9curis\u00e9es<\/span>, et <span data-start=\"3408\" data-end=\"3444\">accords de non-divulgation (NDA)<\/span> sont disponibles. Vos informations sont toujours trait\u00e9es avec <span data-start=\"3500\" data-end=\"3534\">professionnalisme et discr\u00e9tion<\/span>.<\/p><\/li><\/ul>\t\t\t\t\t\t\t\t<\/div>\n\t\t\t\t<div class=\"elementor-element elementor-element-8737e72 elementor-widget elementor-widget-heading\" data-id=\"8737e72\" data-element_type=\"widget\" data-e-type=\"widget\" data-widget_type=\"heading.default\">\n\t\t\t\t\t<h3 class=\"elementor-heading-title elementor-size-default\">Nos services de traduction en slovaque<\/h3>\t\t\t\t<\/div>\n\t\t\t\t<div class=\"elementor-element elementor-element-8fc0e96 elementor-widget elementor-widget-heading\" data-id=\"8fc0e96\" data-element_type=\"widget\" data-e-type=\"widget\" data-widget_type=\"heading.default\">\n\t\t\t\t\t<h5 class=\"elementor-heading-title elementor-size-default\">1. Traduction certifi\u00e9e de documents<\/h5>\t\t\t\t<\/div>\n\t\t\t\t<div class=\"elementor-element elementor-element-ac2afce elementor-widget elementor-widget-text-editor\" data-id=\"ac2afce\" data-element_type=\"widget\" data-e-type=\"widget\" data-widget_type=\"text-editor.default\">\n\t\t\t\t\t\t\t\t\t<p>Nous proposons des traductions certifi\u00e9es pour une vari\u00e9t\u00e9 de documents, garantissant l&#039;exactitude et l&#039;acceptation par les entit\u00e9s officielles :<\/p><ul><li><p>Documents juridiques : Contrats, accords, documents judiciaires.<\/p><\/li><li><p>Documents personnels : Actes de naissance, actes de mariage, relev\u00e9s de notes.<\/p><\/li><li><p>Documents commerciaux : Licences, \u00e9tats financiers, rapports d&#039;entreprise.<\/p><\/li><\/ul>\t\t\t\t\t\t\t\t<\/div>\n\t\t\t\t<div class=\"elementor-element elementor-element-ffa5504 elementor-widget elementor-widget-heading\" data-id=\"ffa5504\" data-element_type=\"widget\" data-e-type=\"widget\" data-widget_type=\"heading.default\">\n\t\t\t\t\t<h5 class=\"elementor-heading-title elementor-size-default\">2. Localisation de sites Web et d&#039;applications<\/h5>\t\t\t\t<\/div>\n\t\t\t\t<div class=\"elementor-element elementor-element-9b6edb6 elementor-widget elementor-widget-text-editor\" data-id=\"9b6edb6\" data-element_type=\"widget\" data-e-type=\"widget\" data-widget_type=\"text-editor.default\">\n\t\t\t\t\t\t\t\t\t<p>D\u00e9veloppez votre pr\u00e9sence num\u00e9rique sur les march\u00e9s slovaques gr\u00e2ce \u00e0 nos services de localisation :<\/p><ul><li><p>Localisation de sites Web : adaptation du contenu de votre site Web aux nuances et pr\u00e9f\u00e9rences culturelles.<\/p><\/li><li><p>Localisation d&#039;applications : garantir que vos applications mobiles sont conviviales pour les utilisateurs parlant slovaque.<\/p><\/li><li><p>Optimisation SEO : mise en \u0153uvre de mots-cl\u00e9s localis\u00e9s et de balises m\u00e9ta pour am\u00e9liorer le classement des moteurs de recherche.<\/p><\/li><\/ul>\t\t\t\t\t\t\t\t<\/div>\n\t\t\t\t<div class=\"elementor-element elementor-element-f18a389 elementor-widget elementor-widget-heading\" data-id=\"f18a389\" data-element_type=\"widget\" data-e-type=\"widget\" data-widget_type=\"heading.default\">\n\t\t\t\t\t<h5 class=\"elementor-heading-title elementor-size-default\">3. Traductions techniques et m\u00e9dicales<\/h5>\t\t\t\t<\/div>\n\t\t\t\t<div class=\"elementor-element elementor-element-933a1a2 elementor-widget elementor-widget-text-editor\" data-id=\"933a1a2\" data-element_type=\"widget\" data-e-type=\"widget\" data-widget_type=\"text-editor.default\">\n\t\t\t\t\t\t\t\t\t<p>Nos experts traitent avec pr\u00e9cision des documents techniques et m\u00e9dicaux complexes :<\/p><ul><li><p>Manuels techniques : Guides d&#039;utilisation, manuels de produits, sp\u00e9cifications techniques.<\/p><\/li><li><p>Documents m\u00e9dicaux : rapports cliniques, informations pharmaceutiques, articles de recherche m\u00e9dicale.<\/p><\/li><\/ul>\t\t\t\t\t\t\t\t<\/div>\n\t\t\t\t<div class=\"elementor-element elementor-element-0f69989 elementor-widget elementor-widget-heading\" data-id=\"0f69989\" data-element_type=\"widget\" data-e-type=\"widget\" data-widget_type=\"heading.default\">\n\t\t\t\t\t<h5 class=\"elementor-heading-title elementor-size-default\">4. Traductions commerciales et marketing<\/h5>\t\t\t\t<\/div>\n\t\t\t\t<div class=\"elementor-element elementor-element-b37d70d elementor-widget elementor-widget-text-editor\" data-id=\"b37d70d\" data-element_type=\"widget\" data-e-type=\"widget\" data-widget_type=\"text-editor.default\">\n\t\t\t\t\t\t\t\t\t<p>Communiquez efficacement le message de votre marque aux publics slovaques :<\/p><ul><li><p>Supports marketing : Brochures, publicit\u00e9s, communiqu\u00e9s de presse.<\/p><\/li><li><p>Communications d&#039;entreprise : Pr\u00e9sentations, courriels, communications d&#039;entreprise.<\/p><\/li><\/ul>\t\t\t\t\t\t\t\t<\/div>\n\t\t\t\t<div class=\"elementor-element elementor-element-7d85658 elementor-widget elementor-widget-heading\" data-id=\"7d85658\" data-element_type=\"widget\" data-e-type=\"widget\" data-widget_type=\"heading.default\">\n\t\t\t\t\t<h3 class=\"elementor-heading-title elementor-size-default\">Industries que nous servons<\/h3>\t\t\t\t<\/div>\n\t\t\t\t<div class=\"elementor-element elementor-element-8e72dd0 elementor-widget elementor-widget-text-editor\" data-id=\"8e72dd0\" data-element_type=\"widget\" data-e-type=\"widget\" data-widget_type=\"text-editor.default\">\n\t\t\t\t\t\t\t\t\t<p>Nous intervenons aupr\u00e8s d&#039;un large \u00e9ventail d&#039;industries, notamment :<\/p><ul><li><p>Juridique et gouvernemental : Fourniture de traductions pour les proc\u00e9dures judiciaires et les communications gouvernementales.<\/p><\/li><li><p>Sant\u00e9 et produits pharmaceutiques : traduction de dossiers m\u00e9dicaux, de documents de recherche et de documents pharmaceutiques.<\/p><\/li><li><p>Technologie et informatique : localisation de logiciels, de manuels d\u2019utilisation et de documentation technique.\ue206<\/p><\/li><li><p>Finance et banque : Traduction de rapports financiers, de documents d\u2019investissement et de documents bancaires.<\/p><\/li><li><p>E-commerce et vente au d\u00e9tail : localisation des descriptions de produits, des avis clients et du contenu marketing.<\/p><\/li><\/ul>\t\t\t\t\t\t\t\t<\/div>\n\t\t\t\t<div class=\"elementor-element elementor-element-a0a89cf elementor-widget elementor-widget-heading\" data-id=\"a0a89cf\" data-element_type=\"widget\" data-e-type=\"widget\" data-widget_type=\"heading.default\">\n\t\t\t\t\t<h3 class=\"elementor-heading-title elementor-size-default\">Pourquoi la traduction professionnelle en slovaque est importante<\/h3>\t\t\t\t<\/div>\n\t\t\t\t<div class=\"elementor-element elementor-element-0fe6717 elementor-widget elementor-widget-text-editor\" data-id=\"0fe6717\" data-element_type=\"widget\" data-e-type=\"widget\" data-widget_type=\"text-editor.default\">\n\t\t\t\t\t\t\t\t\t<p>Nous intervenons aupr\u00e8s d&#039;un large \u00e9ventail d&#039;industries, notamment :<\/p><ul><li><p>Juridique et gouvernemental : Fourniture de traductions pour les proc\u00e9dures judiciaires et les communications gouvernementales.<\/p><\/li><\/ul><p>Le slovaque est parl\u00e9 par des millions de personnes dans le monde, ce qui en fait un outil essentiel pour les entreprises et les organisations souhaitant communiquer avec des publics slovaques. Une traduction professionnelle garantit\u00a0:<\/p><ul><li><p>Pertinence culturelle : des traductions pr\u00e9cises qui r\u00e9sonnent avec la culture et les coutumes locales.<\/p><\/li><li><p>Conformit\u00e9 juridique : garantir que les documents r\u00e9pondent aux normes et exigences juridiques r\u00e9gionales.<\/p><\/li><li><p>Cr\u00e9dibilit\u00e9 de la marque : pr\u00e9senter votre entreprise de mani\u00e8re professionnelle \u00e0 un public parlant slovaque.<\/p><\/li><\/ul>\t\t\t\t\t\t\t\t<\/div>\n\t\t\t\t<div class=\"elementor-element elementor-element-065faba elementor-widget elementor-widget-heading\" data-id=\"065faba\" data-element_type=\"widget\" data-e-type=\"widget\" data-widget_type=\"heading.default\">\n\t\t\t\t\t<h3 class=\"elementor-heading-title elementor-size-default\">Services de traduction slovaque optimis\u00e9s pour le r\u00e9f\u00e9rencement<\/h3>\t\t\t\t<\/div>\n\t\t\t\t<div class=\"elementor-element elementor-element-cb3580e elementor-widget elementor-widget-text-editor\" data-id=\"cb3580e\" data-element_type=\"widget\" data-e-type=\"widget\" data-widget_type=\"text-editor.default\">\n\t\t\t\t\t\t\t\t\t<p>Nos traductions sont con\u00e7ues avec les meilleures pratiques SEO pour am\u00e9liorer votre visibilit\u00e9 en ligne :<\/p><ul><li><p>Mots-cl\u00e9s localis\u00e9s\u00a0: int\u00e9gration de termes de recherche sp\u00e9cifiques \u00e0 une r\u00e9gion pour am\u00e9liorer les classements.\u00a0<\/p><\/li><li><p>Optimisation des m\u00e9ta-balises\u00a0: traduction et optimisation des m\u00e9ta-descriptions et des titres pour de meilleurs taux de clics.\u00a0<\/p><\/li><li><p>URL conviviales : cr\u00e9ation d&#039;URL lisibles et pertinentes en slovaque.<\/p><\/li><\/ul>\t\t\t\t\t\t\t\t<\/div>\n\t\t\t\t<div class=\"elementor-element elementor-element-9913fc8 elementor-widget elementor-widget-heading\" data-id=\"9913fc8\" data-element_type=\"widget\" data-e-type=\"widget\" data-widget_type=\"heading.default\">\n\t\t\t\t\t<h3 class=\"elementor-heading-title elementor-size-default\">Obtenez un devis gratuit pour vos services de traduction en slovaque<\/h3>\t\t\t\t<\/div>\n\t\t\t\t<div class=\"elementor-element elementor-element-99c47d6 elementor-widget elementor-widget-text-editor\" data-id=\"99c47d6\" data-element_type=\"widget\" data-e-type=\"widget\" data-widget_type=\"text-editor.default\">\n\t\t\t\t\t\t\t\t\t<p>Besoin de services de traduction professionnels en slovaque ? <a href=\"https:\/\/lsa-global.com\/fr\/obtenir-un-devis-gratuit-lsa-global\/\"><strong><span style=\"color: #ff0000;\">Contactez-nous aujourd&#039;hui pour un devis gratuit<\/span><\/strong><\/a>Nous assurons des traductions rapides, pr\u00e9cises et confidentielles pour tous vos besoins.<\/p>\t\t\t\t\t\t\t\t<\/div>\n\t\t\t\t<div class=\"elementor-element elementor-element-494b2fc elementor-widget elementor-widget-heading\" data-id=\"494b2fc\" data-element_type=\"widget\" data-e-type=\"widget\" data-widget_type=\"heading.default\">\n\t\t\t\t\t<h3 class=\"elementor-heading-title elementor-size-default\">Aller au-del\u00e0<\/h3>\t\t\t\t<\/div>\n\t\t\t\t<div class=\"elementor-element elementor-element-d2822f8 elementor-widget elementor-widget-text-editor\" data-id=\"d2822f8\" data-element_type=\"widget\" data-e-type=\"widget\" data-widget_type=\"text-editor.default\">\n\t\t\t\t\t\t\t\t\t<h5><a href=\"https:\/\/lsa-global.com\/fr\/tarifs-et-conditions-de-traduction\/\"><span style=\"color: #ff0000;\">Plans tarifaires et plus<\/span><\/a><\/h5>\t\t\t\t\t\t\t\t<\/div>\n\t\t\t\t<div class=\"elementor-element elementor-element-1a2b3b3 elementor-widget elementor-widget-text-editor\" data-id=\"1a2b3b3\" data-element_type=\"widget\" data-e-type=\"widget\" data-widget_type=\"text-editor.default\">\n\t\t\t\t\t\t\t\t\t<h5><a href=\"https:\/\/lsa-global.com\/fr\/apprendre-la-langue-allemande\/\"><span style=\"color: #ff0000;\">Devis gratuit<\/span><\/a><\/h5>\t\t\t\t\t\t\t\t<\/div>\n\t\t\t\t<div class=\"elementor-element elementor-element-c65f480 elementor-widget elementor-widget-text-editor\" data-id=\"c65f480\" data-element_type=\"widget\" data-e-type=\"widget\" data-widget_type=\"text-editor.default\">\n\t\t\t\t\t\t\t\t\t<h5><a href=\"https:\/\/lsaglobal-translate.co.uk\/services\/translation-services\/\" target=\"_blank\" rel=\"noopener\"><span style=\"color: #ff0000;\">Traduction Pro.<\/span><\/a><\/h5>\t\t\t\t\t\t\t\t<\/div>\n\t\t\t\t<div class=\"elementor-element elementor-element-9d3dfab elementor-widget elementor-widget-image\" data-id=\"9d3dfab\" data-element_type=\"widget\" data-e-type=\"widget\" data-widget_type=\"image.default\">\n\t\t\t\t\t\t\t\t\t\t\t\t\t\t\t<img decoding=\"async\" data-attachment-id=\"44067\" data-permalink=\"https:\/\/lsa-global.com\/de\/professionelle-slowakische-ubersetzungsdienste-prazise\/slovak-2\/\" data-orig-file=\"https:\/\/i0.wp.com\/lsa-global.com\/wp-content\/uploads\/2025\/03\/Slovak-1.png?fit=2560%2C1707&amp;ssl=1\" data-orig-size=\"2560,1707\" data-comments-opened=\"0\" data-image-meta=\"{&quot;aperture&quot;:&quot;0&quot;,&quot;credit&quot;:&quot;&quot;,&quot;camera&quot;:&quot;&quot;,&quot;caption&quot;:&quot;&quot;,&quot;created_timestamp&quot;:&quot;0&quot;,&quot;copyright&quot;:&quot;&quot;,&quot;focal_length&quot;:&quot;0&quot;,&quot;iso&quot;:&quot;0&quot;,&quot;shutter_speed&quot;:&quot;0&quot;,&quot;title&quot;:&quot;&quot;,&quot;orientation&quot;:&quot;0&quot;}\" data-image-title=\"Professional Slovak Translations Services\" data-image-description=\"&lt;p&gt;Professional Slovak Translations Services&lt;\/p&gt;\" data-image-caption=\"\" data-large-file=\"https:\/\/i0.wp.com\/lsa-global.com\/wp-content\/uploads\/2025\/03\/Slovak-1.png?fit=1024%2C683&amp;ssl=1\" width=\"300\" height=\"200\" src=\"https:\/\/i0.wp.com\/lsa-global.com\/wp-content\/uploads\/2025\/03\/Slovak-1.png?fit=300%2C200&amp;ssl=1\" class=\"attachment-medium size-medium wp-image-44067\" alt=\"Services de traduction professionnelle en slovaque\" srcset=\"https:\/\/i0.wp.com\/lsa-global.com\/wp-content\/uploads\/2025\/03\/Slovak-1.png?w=2560&amp;ssl=1 2560w, https:\/\/i0.wp.com\/lsa-global.com\/wp-content\/uploads\/2025\/03\/Slovak-1.png?resize=300%2C200&amp;ssl=1 300w, https:\/\/i0.wp.com\/lsa-global.com\/wp-content\/uploads\/2025\/03\/Slovak-1.png?resize=1024%2C683&amp;ssl=1 1024w, https:\/\/i0.wp.com\/lsa-global.com\/wp-content\/uploads\/2025\/03\/Slovak-1.png?resize=150%2C100&amp;ssl=1 150w, https:\/\/i0.wp.com\/lsa-global.com\/wp-content\/uploads\/2025\/03\/Slovak-1.png?resize=768%2C512&amp;ssl=1 768w, https:\/\/i0.wp.com\/lsa-global.com\/wp-content\/uploads\/2025\/03\/Slovak-1.png?resize=1536%2C1024&amp;ssl=1 1536w, https:\/\/i0.wp.com\/lsa-global.com\/wp-content\/uploads\/2025\/03\/Slovak-1.png?resize=2048%2C1366&amp;ssl=1 2048w, https:\/\/i0.wp.com\/lsa-global.com\/wp-content\/uploads\/2025\/03\/Slovak-1.png?resize=18%2C12&amp;ssl=1 18w, https:\/\/i0.wp.com\/lsa-global.com\/wp-content\/uploads\/2025\/03\/Slovak-1.png?resize=370%2C247&amp;ssl=1 370w, https:\/\/i0.wp.com\/lsa-global.com\/wp-content\/uploads\/2025\/03\/Slovak-1.png?resize=760%2C507&amp;ssl=1 760w\" sizes=\"(max-width: 300px) 100vw, 300px\" title=\"\">\t\t\t\t\t\t\t\t\t\t\t\t\t\t\t<\/div>\n\t\t\t\t\t<\/div>\n\t\t\t\t<\/div>\n\t\t\t\t<\/div>","protected":false},"excerpt":{"rendered":"<p>Professional Slovak Translation Services \u2013 Accurate &amp; Certified Expert Slovak Translation Services for Businesses and Individuals Are you seeking high-quality&hellip;<\/p>","protected":false},"author":1,"featured_media":44067,"parent":0,"menu_order":0,"comment_status":"closed","ping_status":"closed","template":"","meta":{"jetpack_post_was_ever_published":false,"footnotes":""},"class_list":["post-43280","page","type-page","status-publish","has-post-thumbnail","hentry"],"jetpack_sharing_enabled":true,"jetpack_likes_enabled":true,"jetpack-related-posts":[],"jetpack_shortlink":"https:\/\/wp.me\/PerFda-bg4","_links":{"self":[{"href":"https:\/\/lsa-global.com\/fr\/wp-json\/wp\/v2\/pages\/43280","targetHints":{"allow":["GET"]}}],"collection":[{"href":"https:\/\/lsa-global.com\/fr\/wp-json\/wp\/v2\/pages"}],"about":[{"href":"https:\/\/lsa-global.com\/fr\/wp-json\/wp\/v2\/types\/page"}],"author":[{"embeddable":true,"href":"https:\/\/lsa-global.com\/fr\/wp-json\/wp\/v2\/users\/1"}],"replies":[{"embeddable":true,"href":"https:\/\/lsa-global.com\/fr\/wp-json\/wp\/v2\/comments?post=43280"}],"version-history":[{"count":0,"href":"https:\/\/lsa-global.com\/fr\/wp-json\/wp\/v2\/pages\/43280\/revisions"}],"wp:featuredmedia":[{"embeddable":true,"href":"https:\/\/lsa-global.com\/fr\/wp-json\/wp\/v2\/media\/44067"}],"wp:attachment":[{"href":"https:\/\/lsa-global.com\/fr\/wp-json\/wp\/v2\/media?parent=43280"}],"curies":[{"name":"wp","href":"https:\/\/api.w.org\/{rel}","templated":true}]}}