{"id":43187,"date":"2025-03-18T12:58:10","date_gmt":"2025-03-18T11:58:10","guid":{"rendered":"https:\/\/lsa-global.com\/?page_id=43187"},"modified":"2025-04-25T15:08:00","modified_gmt":"2025-04-25T14:08:00","slug":"services-de-traduction-portugais-europeens-precis","status":"publish","type":"page","link":"https:\/\/lsa-global.com\/fr\/services-de-traduction-portugais-europeens-precis\/","title":{"rendered":"Services de traduction professionnels en portugais europ\u00e9en \u2013 Pr\u00e9cis et certifi\u00e9s"},"content":{"rendered":"<div data-elementor-type=\"wp-page\" data-elementor-id=\"43187\" class=\"elementor elementor-43187\" data-elementor-post-type=\"page\">\n\t\t\t\t<div class=\"elementor-element elementor-element-6848194b e-flex e-con-boxed e-con e-parent\" data-id=\"6848194b\" data-element_type=\"container\" data-e-type=\"container\">\n\t\t\t\t\t<div class=\"e-con-inner\">\n\t\t\t\t<div class=\"elementor-element elementor-element-b717535 elementor-widget elementor-widget-heading\" data-id=\"b717535\" data-element_type=\"widget\" data-e-type=\"widget\" data-widget_type=\"heading.default\">\n\t\t\t\t\t<h2 class=\"elementor-heading-title elementor-size-default\">Services de traduction professionnels en portugais europ\u00e9en \u2013 Pr\u00e9cis et certifi\u00e9s<\/h2>\t\t\t\t<\/div>\n\t\t\t\t\t<\/div>\n\t\t\t\t<\/div>\n\t\t<div class=\"elementor-element elementor-element-5d39a32 e-flex e-con-boxed e-con e-parent\" data-id=\"5d39a32\" data-element_type=\"container\" data-e-type=\"container\">\n\t\t\t\t\t<div class=\"e-con-inner\">\n\t\t\t\t<div class=\"elementor-element elementor-element-cc92b7f elementor-widget elementor-widget-image\" data-id=\"cc92b7f\" data-element_type=\"widget\" data-e-type=\"widget\" data-widget_type=\"image.default\">\n\t\t\t\t\t\t\t\t\t\t\t\t\t\t\t<img fetchpriority=\"high\" decoding=\"async\" data-attachment-id=\"43698\" data-permalink=\"https:\/\/lsa-global.com\/es\/servicios-de-traduccion-al-portugues-europeo-precisos\/portuguese-portugal\/\" data-orig-file=\"https:\/\/i0.wp.com\/lsa-global.com\/wp-content\/uploads\/2025\/03\/Portuguese-Portugal.png?fit=2560%2C1707&amp;ssl=1\" data-orig-size=\"2560,1707\" data-comments-opened=\"0\" data-image-meta=\"{&quot;aperture&quot;:&quot;0&quot;,&quot;credit&quot;:&quot;&quot;,&quot;camera&quot;:&quot;&quot;,&quot;caption&quot;:&quot;&quot;,&quot;created_timestamp&quot;:&quot;0&quot;,&quot;copyright&quot;:&quot;&quot;,&quot;focal_length&quot;:&quot;0&quot;,&quot;iso&quot;:&quot;0&quot;,&quot;shutter_speed&quot;:&quot;0&quot;,&quot;title&quot;:&quot;&quot;,&quot;orientation&quot;:&quot;0&quot;}\" data-image-title=\"Portuguese (Portugal) Translations\" data-image-description=\"&lt;p&gt;Portuguese (Portugal) Translations&lt;\/p&gt;\" data-image-caption=\"\" data-medium-file=\"https:\/\/i0.wp.com\/lsa-global.com\/wp-content\/uploads\/2025\/03\/Portuguese-Portugal.png?fit=300%2C200&amp;ssl=1\" data-large-file=\"https:\/\/i0.wp.com\/lsa-global.com\/wp-content\/uploads\/2025\/03\/Portuguese-Portugal.png?fit=1024%2C683&amp;ssl=1\" width=\"300\" height=\"200\" src=\"https:\/\/i0.wp.com\/lsa-global.com\/wp-content\/uploads\/2025\/03\/Portuguese-Portugal.png?fit=300%2C200&amp;ssl=1\" class=\"attachment-medium size-medium wp-image-43698\" alt=\"Traductions en portugais (Portugal)\" srcset=\"https:\/\/i0.wp.com\/lsa-global.com\/wp-content\/uploads\/2025\/03\/Portuguese-Portugal.png?w=2560&amp;ssl=1 2560w, https:\/\/i0.wp.com\/lsa-global.com\/wp-content\/uploads\/2025\/03\/Portuguese-Portugal.png?resize=300%2C200&amp;ssl=1 300w, https:\/\/i0.wp.com\/lsa-global.com\/wp-content\/uploads\/2025\/03\/Portuguese-Portugal.png?resize=1024%2C683&amp;ssl=1 1024w, https:\/\/i0.wp.com\/lsa-global.com\/wp-content\/uploads\/2025\/03\/Portuguese-Portugal.png?resize=150%2C100&amp;ssl=1 150w, https:\/\/i0.wp.com\/lsa-global.com\/wp-content\/uploads\/2025\/03\/Portuguese-Portugal.png?resize=768%2C512&amp;ssl=1 768w, https:\/\/i0.wp.com\/lsa-global.com\/wp-content\/uploads\/2025\/03\/Portuguese-Portugal.png?resize=1536%2C1024&amp;ssl=1 1536w, https:\/\/i0.wp.com\/lsa-global.com\/wp-content\/uploads\/2025\/03\/Portuguese-Portugal.png?resize=2048%2C1366&amp;ssl=1 2048w, https:\/\/i0.wp.com\/lsa-global.com\/wp-content\/uploads\/2025\/03\/Portuguese-Portugal.png?resize=18%2C12&amp;ssl=1 18w, https:\/\/i0.wp.com\/lsa-global.com\/wp-content\/uploads\/2025\/03\/Portuguese-Portugal.png?resize=370%2C247&amp;ssl=1 370w, https:\/\/i0.wp.com\/lsa-global.com\/wp-content\/uploads\/2025\/03\/Portuguese-Portugal.png?resize=760%2C507&amp;ssl=1 760w\" sizes=\"(max-width: 300px) 100vw, 300px\" title=\"\">\t\t\t\t\t\t\t\t\t\t\t\t\t\t\t<\/div>\n\t\t\t\t<div class=\"elementor-element elementor-element-137a457 elementor-widget elementor-widget-heading\" data-id=\"137a457\" data-element_type=\"widget\" data-e-type=\"widget\" data-widget_type=\"heading.default\">\n\t\t\t\t\t<h3 class=\"elementor-heading-title elementor-size-default\">Services de traduction experts en portugais europ\u00e9en pour entreprises et particuliers<\/h3>\t\t\t\t<\/div>\n\t\t\t\t<div class=\"elementor-element elementor-element-c217c06 elementor-widget elementor-widget-text-editor\" data-id=\"c217c06\" data-element_type=\"widget\" data-e-type=\"widget\" data-widget_type=\"text-editor.default\">\n\t\t\t\t\t\t\t\t\t<p>Vous recherchez des services de traduction de haute qualit\u00e9 en portugais europ\u00e9en\u00a0? Notre \u00e9quipe de traducteurs professionnels est sp\u00e9cialis\u00e9e dans la traduction pr\u00e9cise et culturellement adapt\u00e9e aux publics lusophones europ\u00e9ens. Nous proposons une gamme compl\u00e8te de services, incluant la traduction de documents, la localisation de sites web, les traductions techniques et bien plus encore, pour garantir que votre contenu trouve un \u00e9cho aupr\u00e8s de votre march\u00e9 cible.<\/p>\t\t\t\t\t\t\t\t<\/div>\n\t\t\t\t<div class=\"elementor-element elementor-element-e0e1689 elementor-widget elementor-widget-heading\" data-id=\"e0e1689\" data-element_type=\"widget\" data-e-type=\"widget\" data-widget_type=\"heading.default\">\n\t\t\t\t\t<h3 class=\"elementor-heading-title elementor-size-default\">Pourquoi choisir nos services de traduction portugaise europ\u00e9enne ?<\/h3>\t\t\t\t<\/div>\n\t\t\t\t<div class=\"elementor-element elementor-element-86a1094 elementor-widget elementor-widget-text-editor\" data-id=\"86a1094\" data-element_type=\"widget\" data-e-type=\"widget\" data-widget_type=\"text-editor.default\">\n\t\t\t\t\t\t\t\t\t<ul><li><p><span style=\"color: #ff0000;\">Traducteurs portugais natifs europ\u00e9ens : Nos traducteurs sont des locuteurs natifs portugais europ\u00e9ens avec des ann\u00e9es d&#039;exp\u00e9rience \u00e0 temps plein, garantissant des traductions pr\u00e9cises et contextuellement appropri\u00e9es.\u00a0<\/span><\/p><\/li><li><p><span style=\"color: #ff0000;\">Traductions certifi\u00e9es : Nous fournissons des traductions certifi\u00e9es accept\u00e9es par les agences gouvernementales et les institutions juridiques, garantissant ainsi la conformit\u00e9 et l&#039;authenticit\u00e9.\u00a0<\/span><\/p><\/li><li><p><span style=\"color: #ff0000;\">Contenu optimis\u00e9 pour le r\u00e9f\u00e9rencement : nos traductions int\u00e8grent les meilleures pratiques de r\u00e9f\u00e9rencement, aidant votre site Web \u00e0 se classer plus haut sur les moteurs de recherche comme Google et Bing.<\/span><\/p><\/li><li><p><span style=\"color: #ff0000;\">D\u00e9lai d&#039;ex\u00e9cution rapide et prix comp\u00e9titifs : nous livrons des traductions de haute qualit\u00e9 rapidement et \u00e0 des tarifs comp\u00e9titifs, en respectant vos d\u00e9lais et vos exigences budg\u00e9taires.\u00a0<\/span><\/p><\/li><li><p><span style=\"color: #ff0000;\">Expertise sectorielle : Nos traducteurs poss\u00e8dent des connaissances sp\u00e9cialis\u00e9es dans divers secteurs, notamment les secteurs juridique, m\u00e9dical, technique et commercial.\u00a0<\/span><\/p><\/li><\/ul><p><span style=\"color: #ff0000;\">Lorem ipsum dolor sit amet, consectetur adipiscing elit. Ut elit tellus, luctus nec ullamcorper mattis, pulvinar dapibus leo.<\/span><\/p>\t\t\t\t\t\t\t\t<\/div>\n\t\t\t\t<div class=\"elementor-element elementor-element-b8d521d elementor-widget elementor-widget-heading\" data-id=\"b8d521d\" data-element_type=\"widget\" data-e-type=\"widget\" data-widget_type=\"heading.default\">\n\t\t\t\t\t<h3 class=\"elementor-heading-title elementor-size-default\">Nos services de traduction portugaise europ\u00e9enne<\/h3>\t\t\t\t<\/div>\n\t\t\t\t<div class=\"elementor-element elementor-element-0707227 elementor-widget elementor-widget-heading\" data-id=\"0707227\" data-element_type=\"widget\" data-e-type=\"widget\" data-widget_type=\"heading.default\">\n\t\t\t\t\t<h5 class=\"elementor-heading-title elementor-size-default\">1. Traduction certifi\u00e9e de documents<\/h5>\t\t\t\t<\/div>\n\t\t\t\t<div class=\"elementor-element elementor-element-1e85a8d elementor-widget elementor-widget-text-editor\" data-id=\"1e85a8d\" data-element_type=\"widget\" data-e-type=\"widget\" data-widget_type=\"text-editor.default\">\n\t\t\t\t\t\t\t\t\t<p style=\"font-family: Helvetica, serif; font-size: 16px; font-weight: 400; font-style: normal; color: #e41d1d;\">Nous proposons des traductions certifi\u00e9es pour une vari\u00e9t\u00e9 de documents, garantissant l&#039;exactitude et l&#039;acceptation par les entit\u00e9s officielles :<\/p>\n<ul style=\"margin-bottom: 1em; font-family: Helvetica, serif; font-size: 16px; font-weight: 400; font-style: normal; color: #e41d1d;\">\n<li style=\"font-size: 16px;\">\n<p style=\"font-size: 16px;\">Documents juridiques : Contrats, accords, documents judiciaires.<\/p>\n<\/li>\n<li style=\"font-size: 16px;\">\n<p style=\"font-size: 16px;\">Documents personnels : Actes de naissance, actes de mariage, relev\u00e9s de notes.<\/p>\n<\/li>\n<li style=\"font-size: 16px;\">\n<p style=\"font-size: 16px;\">Documents commerciaux : Licences, \u00e9tats financiers, rapports d&#039;entreprise<\/p>\n<\/li>\n<\/ul>\t\t\t\t\t\t\t\t<\/div>\n\t\t\t\t<div class=\"elementor-element elementor-element-b1e584b elementor-widget elementor-widget-heading\" data-id=\"b1e584b\" data-element_type=\"widget\" data-e-type=\"widget\" data-widget_type=\"heading.default\">\n\t\t\t\t\t<h5 class=\"elementor-heading-title elementor-size-default\">2. Localisation de sites Web et d&#039;applications<\/h5>\t\t\t\t<\/div>\n\t\t\t\t<div class=\"elementor-element elementor-element-28321c0 elementor-widget elementor-widget-text-editor\" data-id=\"28321c0\" data-element_type=\"widget\" data-e-type=\"widget\" data-widget_type=\"text-editor.default\">\n\t\t\t\t\t\t\t\t\t<p>D\u00e9veloppez votre pr\u00e9sence num\u00e9rique sur les march\u00e9s europ\u00e9ens lusophones gr\u00e2ce \u00e0 nos services de localisation :<\/p>\n<ul>\n<li>\n<p>Localisation de sites Web : adaptation du contenu de votre site Web aux nuances et pr\u00e9f\u00e9rences culturelles.<\/p>\n<\/li>\n<li>\n<p>Localisation d&#039;applications\u00a0: garantir que vos applications mobiles sont conviviales pour les utilisateurs europ\u00e9ens lusophones<\/p>\n<\/li>\n<li>\n<p>Optimisation SEO : mise en \u0153uvre de mots-cl\u00e9s localis\u00e9s et de balises m\u00e9ta pour am\u00e9liorer le classement des moteurs de recherche.\u00a0<\/p>\n<\/li>\n<\/ul>\t\t\t\t\t\t\t\t<\/div>\n\t\t\t\t<div class=\"elementor-element elementor-element-fcbccf9 elementor-widget elementor-widget-heading\" data-id=\"fcbccf9\" data-element_type=\"widget\" data-e-type=\"widget\" data-widget_type=\"heading.default\">\n\t\t\t\t\t<h5 class=\"elementor-heading-title elementor-size-default\">3. Traduction technique et m\u00e9dicale<\/h5>\t\t\t\t<\/div>\n\t\t\t\t<div class=\"elementor-element elementor-element-44f63cf elementor-widget elementor-widget-text-editor\" data-id=\"44f63cf\" data-element_type=\"widget\" data-e-type=\"widget\" data-widget_type=\"text-editor.default\">\n\t\t\t\t\t\t\t\t\t<p>Nos experts traitent avec pr\u00e9cision des documents techniques et m\u00e9dicaux complexes :Manuels techniques : Guides d&#039;utilisation, manuels de produits, sp\u00e9cifications techniques.\ue206<\/p>\n<ul>\n<li>\n<p>Documents m\u00e9dicaux : rapports cliniques, informations pharmaceutiques, articles de recherche m\u00e9dicale.\ue206<\/p>\n<\/li>\n<\/ul>\t\t\t\t\t\t\t\t<\/div>\n\t\t\t\t<div class=\"elementor-element elementor-element-9c59844 elementor-widget elementor-widget-heading\" data-id=\"9c59844\" data-element_type=\"widget\" data-e-type=\"widget\" data-widget_type=\"heading.default\">\n\t\t\t\t\t<h5 class=\"elementor-heading-title elementor-size-default\">4. Traductions commerciales et marketing<\/h5>\t\t\t\t<\/div>\n\t\t\t\t<div class=\"elementor-element elementor-element-f772dd8 elementor-widget elementor-widget-text-editor\" data-id=\"f772dd8\" data-element_type=\"widget\" data-e-type=\"widget\" data-widget_type=\"text-editor.default\">\n\t\t\t\t\t\t\t\t\t<p>Communiquez efficacement le message de votre marque aux publics lusophones europ\u00e9ens :<\/p><ul><li><p>Supports marketing : Brochures, publicit\u00e9s, communiqu\u00e9s de presse.<\/p><\/li><li><p>Communications d&#039;entreprise : Pr\u00e9sentations, courriels, communications d&#039;entreprise.<\/p><\/li><\/ul>\t\t\t\t\t\t\t\t<\/div>\n\t\t\t\t<div class=\"elementor-element elementor-element-f0c342a elementor-widget elementor-widget-heading\" data-id=\"f0c342a\" data-element_type=\"widget\" data-e-type=\"widget\" data-widget_type=\"heading.default\">\n\t\t\t\t\t<h3 class=\"elementor-heading-title elementor-size-default\">Industries que nous servons<\/h3>\t\t\t\t<\/div>\n\t\t\t\t<div class=\"elementor-element elementor-element-3f3d7b9 elementor-widget elementor-widget-text-editor\" data-id=\"3f3d7b9\" data-element_type=\"widget\" data-e-type=\"widget\" data-widget_type=\"text-editor.default\">\n\t\t\t\t\t\t\t\t\t<p><span style=\"color: #ff0000;\">Nous intervenons aupr\u00e8s d&#039;un large \u00e9ventail d&#039;industries, notamment :<\/span><\/p><ul><li><p><span style=\"color: #ff0000;\">Juridique et gouvernemental : Fourniture de traductions pour les proc\u00e9dures judiciaires et les communications gouvernementales.<\/span><\/p><\/li><li><p><span style=\"color: #ff0000;\">Sant\u00e9 et produits pharmaceutiques : traduction de dossiers m\u00e9dicaux, de documents de recherche et de documents pharmaceutiques.<\/span><\/p><\/li><li><p><span style=\"color: #ff0000;\">Technologie et informatique : localisation de logiciels, de manuels d&#039;utilisation et de documentation technique.<\/span><\/p><\/li><li><p><span style=\"color: #ff0000;\">Finance et banque : Traduction de rapports financiers, de documents d\u2019investissement et de documents bancaires.<\/span><\/p><\/li><li><p><span style=\"color: #ff0000;\">E-commerce et vente au d\u00e9tail : localisation des descriptions de produits, des avis clients et du contenu marketing.<\/span><\/p><\/li><\/ul>\t\t\t\t\t\t\t\t<\/div>\n\t\t\t\t<div class=\"elementor-element elementor-element-f05d1ea elementor-widget elementor-widget-heading\" data-id=\"f05d1ea\" data-element_type=\"widget\" data-e-type=\"widget\" data-widget_type=\"heading.default\">\n\t\t\t\t\t<h3 class=\"elementor-heading-title elementor-size-default\">Pourquoi la traduction professionnelle en portugais europ\u00e9en est importante<\/h3>\t\t\t\t<\/div>\n\t\t\t\t<div class=\"elementor-element elementor-element-d3ff52c elementor-widget elementor-widget-text-editor\" data-id=\"d3ff52c\" data-element_type=\"widget\" data-e-type=\"widget\" data-widget_type=\"text-editor.default\">\n\t\t\t\t\t\t\t\t\t<p>Le portugais europ\u00e9en est parl\u00e9 par des millions de personnes dans le monde, ce qui en fait un outil essentiel pour les entreprises et les organisations souhaitant communiquer avec les publics lusophones europ\u00e9ens. Une traduction professionnelle garantit\u00a0:<\/p>\n<ul>\n<li>\n<p>Pertinence culturelle : des traductions pr\u00e9cises qui r\u00e9sonnent avec la culture et les coutumes locales.<\/p>\n<\/li>\n<li>\n<p>Conformit\u00e9 juridique : garantir que les documents r\u00e9pondent aux normes et exigences juridiques r\u00e9gionales.<\/p>\n<\/li>\n<li>\n<p>Cr\u00e9dibilit\u00e9 de la marque : pr\u00e9senter votre entreprise de mani\u00e8re professionnelle au public lusophone europ\u00e9en.<\/p>\n<\/li>\n<\/ul>\t\t\t\t\t\t\t\t<\/div>\n\t\t\t\t<div class=\"elementor-element elementor-element-5654d1a elementor-widget elementor-widget-heading\" data-id=\"5654d1a\" data-element_type=\"widget\" data-e-type=\"widget\" data-widget_type=\"heading.default\">\n\t\t\t\t\t<h3 class=\"elementor-heading-title elementor-size-default\">Services de traduction en portugais europ\u00e9en optimis\u00e9s pour le r\u00e9f\u00e9rencement<\/h3>\t\t\t\t<\/div>\n\t\t\t\t<div class=\"elementor-element elementor-element-eff3e44 elementor-widget elementor-widget-text-editor\" data-id=\"eff3e44\" data-element_type=\"widget\" data-e-type=\"widget\" data-widget_type=\"text-editor.default\">\n\t\t\t\t\t\t\t\t\t<p style=\"font-family: Helvetica, serif; font-size: 16px; font-weight: 400; font-style: normal; color: #e41d1d;\"><span style=\"color: #ff0000;\">Nos traductions sont con\u00e7ues avec les meilleures pratiques SEO pour am\u00e9liorer votre visibilit\u00e9 en ligne :<\/span><\/p><ul style=\"margin-bottom: 1em; font-family: Helvetica, serif; font-size: 16px; font-weight: 400; font-style: normal; color: #e41d1d;\"><li style=\"font-size: 16px;\"><p style=\"font-size: 16px;\"><span style=\"color: #ff0000;\">Mots-cl\u00e9s localis\u00e9s\u00a0: int\u00e9gration de termes de recherche sp\u00e9cifiques \u00e0 une r\u00e9gion pour am\u00e9liorer les classements.\u00a0<\/span><\/p><\/li><li style=\"font-size: 16px;\"><p style=\"font-size: 16px;\"><span style=\"color: #ff0000;\">Optimisation des m\u00e9ta-balises\u00a0: traduction et optimisation des m\u00e9ta-descriptions et des titres pour de meilleurs taux de clics.\u00a0<\/span><\/p><\/li><li style=\"font-size: 16px;\"><p style=\"font-size: 16px;\"><span style=\"color: #ff0000;\">URL conviviales : cr\u00e9ation d&#039;URL lisibles et pertinentes en portugais europ\u00e9en.\u00a0<\/span><\/p><\/li><\/ul>\t\t\t\t\t\t\t\t<\/div>\n\t\t\t\t<div class=\"elementor-element elementor-element-086d2c3 elementor-widget elementor-widget-heading\" data-id=\"086d2c3\" data-element_type=\"widget\" data-e-type=\"widget\" data-widget_type=\"heading.default\">\n\t\t\t\t\t<h3 class=\"elementor-heading-title elementor-size-default\">Obtenez un devis gratuit pour vos services de traduction en portugais europ\u00e9en<\/h3>\t\t\t\t<\/div>\n\t\t\t\t<div class=\"elementor-element elementor-element-5a01811 elementor-widget elementor-widget-text-editor\" data-id=\"5a01811\" data-element_type=\"widget\" data-e-type=\"widget\" data-widget_type=\"text-editor.default\">\n\t\t\t\t\t\t\t\t\t<p>Besoin de services de traduction professionnels en portugais europ\u00e9en\u00a0? Contactez-nous d\u00e8s aujourd&#039;hui pour un devis gratuit. Nous garantissons des traductions rapides, pr\u00e9cises et confidentielles pour tous vos besoins.<\/p><h4><a href=\"https:\/\/lsa-global.com\/fr\/obtenir-un-devis-gratuit-lsa-global\/\"><span style=\"color: #ff0000;\">Contactez-nous aujourd&#039;hui!<\/span><\/a><\/h4><p>Service mondial \u2013 Disponible dans le monde entier<\/p><p>\u00c9largissez votre port\u00e9e gr\u00e2ce \u00e0 une traduction experte en portugais europ\u00e9en\u00a0! Contactez-nous d\u00e8s maintenant pour discuter de votre projet.<\/p>\t\t\t\t\t\t\t\t<\/div>\n\t\t\t\t<div class=\"elementor-element elementor-element-c245744 elementor-widget elementor-widget-heading\" data-id=\"c245744\" data-element_type=\"widget\" data-e-type=\"widget\" data-widget_type=\"heading.default\">\n\t\t\t\t\t<h3 class=\"elementor-heading-title elementor-size-default\">Aller au-del\u00e0<\/h3>\t\t\t\t<\/div>\n\t\t\t\t\t<\/div>\n\t\t\t\t<\/div>\n\t\t<div class=\"elementor-element elementor-element-d5e7460 e-flex e-con-boxed e-con e-parent\" data-id=\"d5e7460\" data-element_type=\"container\" data-e-type=\"container\">\n\t\t\t\t\t<div class=\"e-con-inner\">\n\t\t\t\t<div class=\"elementor-element elementor-element-4ce5e72 elementor-widget elementor-widget-text-editor\" data-id=\"4ce5e72\" data-element_type=\"widget\" data-e-type=\"widget\" data-widget_type=\"text-editor.default\">\n\t\t\t\t\t\t\t\t\t<h5><a href=\"https:\/\/lsa-global.com\/fr\/tarifs-et-conditions-de-traduction\/\"><span style=\"color: #ff0000;\">Plans tarifaires et plus<\/span><\/a><\/h5>\t\t\t\t\t\t\t\t<\/div>\n\t\t\t\t<div class=\"elementor-element elementor-element-56eac28 elementor-widget elementor-widget-text-editor\" data-id=\"56eac28\" data-element_type=\"widget\" data-e-type=\"widget\" data-widget_type=\"text-editor.default\">\n\t\t\t\t\t\t\t\t\t<h5><a href=\"https:\/\/lsa-global.com\/fr\/articles\/\"><span style=\"color: #ff0000;\">Plus de messages<\/span><\/a><\/h5>\t\t\t\t\t\t\t\t<\/div>\n\t\t\t\t<div class=\"elementor-element elementor-element-a2ce3eb elementor-widget elementor-widget-text-editor\" data-id=\"a2ce3eb\" data-element_type=\"widget\" data-e-type=\"widget\" data-widget_type=\"text-editor.default\">\n\t\t\t\t\t\t\t\t\t<h5><a href=\"https:\/\/lsaglobal-translate.co.uk\/services\/translation-services\/\" target=\"_blank\" rel=\"noopener\"><span style=\"color: #ff0000;\">Traduction Pro.<\/span><\/a><\/h5>\t\t\t\t\t\t\t\t<\/div>\n\t\t\t\t<div class=\"elementor-element elementor-element-fb59af0 elementor-widget elementor-widget-image\" data-id=\"fb59af0\" data-element_type=\"widget\" data-e-type=\"widget\" data-widget_type=\"image.default\">\n\t\t\t\t\t\t\t\t\t\t\t\t\t\t\t<img fetchpriority=\"high\" decoding=\"async\" data-attachment-id=\"43698\" data-permalink=\"https:\/\/lsa-global.com\/es\/servicios-de-traduccion-al-portugues-europeo-precisos\/portuguese-portugal\/\" data-orig-file=\"https:\/\/i0.wp.com\/lsa-global.com\/wp-content\/uploads\/2025\/03\/Portuguese-Portugal.png?fit=2560%2C1707&amp;ssl=1\" data-orig-size=\"2560,1707\" data-comments-opened=\"0\" data-image-meta=\"{&quot;aperture&quot;:&quot;0&quot;,&quot;credit&quot;:&quot;&quot;,&quot;camera&quot;:&quot;&quot;,&quot;caption&quot;:&quot;&quot;,&quot;created_timestamp&quot;:&quot;0&quot;,&quot;copyright&quot;:&quot;&quot;,&quot;focal_length&quot;:&quot;0&quot;,&quot;iso&quot;:&quot;0&quot;,&quot;shutter_speed&quot;:&quot;0&quot;,&quot;title&quot;:&quot;&quot;,&quot;orientation&quot;:&quot;0&quot;}\" data-image-title=\"Portuguese (Portugal) Translations\" data-image-description=\"&lt;p&gt;Portuguese (Portugal) Translations&lt;\/p&gt;\" data-image-caption=\"\" data-medium-file=\"https:\/\/i0.wp.com\/lsa-global.com\/wp-content\/uploads\/2025\/03\/Portuguese-Portugal.png?fit=300%2C200&amp;ssl=1\" data-large-file=\"https:\/\/i0.wp.com\/lsa-global.com\/wp-content\/uploads\/2025\/03\/Portuguese-Portugal.png?fit=1024%2C683&amp;ssl=1\" width=\"300\" height=\"200\" src=\"https:\/\/i0.wp.com\/lsa-global.com\/wp-content\/uploads\/2025\/03\/Portuguese-Portugal.png?fit=300%2C200&amp;ssl=1\" class=\"attachment-medium size-medium wp-image-43698\" alt=\"Traductions en portugais (Portugal)\" srcset=\"https:\/\/i0.wp.com\/lsa-global.com\/wp-content\/uploads\/2025\/03\/Portuguese-Portugal.png?w=2560&amp;ssl=1 2560w, https:\/\/i0.wp.com\/lsa-global.com\/wp-content\/uploads\/2025\/03\/Portuguese-Portugal.png?resize=300%2C200&amp;ssl=1 300w, https:\/\/i0.wp.com\/lsa-global.com\/wp-content\/uploads\/2025\/03\/Portuguese-Portugal.png?resize=1024%2C683&amp;ssl=1 1024w, https:\/\/i0.wp.com\/lsa-global.com\/wp-content\/uploads\/2025\/03\/Portuguese-Portugal.png?resize=150%2C100&amp;ssl=1 150w, https:\/\/i0.wp.com\/lsa-global.com\/wp-content\/uploads\/2025\/03\/Portuguese-Portugal.png?resize=768%2C512&amp;ssl=1 768w, https:\/\/i0.wp.com\/lsa-global.com\/wp-content\/uploads\/2025\/03\/Portuguese-Portugal.png?resize=1536%2C1024&amp;ssl=1 1536w, https:\/\/i0.wp.com\/lsa-global.com\/wp-content\/uploads\/2025\/03\/Portuguese-Portugal.png?resize=2048%2C1366&amp;ssl=1 2048w, https:\/\/i0.wp.com\/lsa-global.com\/wp-content\/uploads\/2025\/03\/Portuguese-Portugal.png?resize=18%2C12&amp;ssl=1 18w, https:\/\/i0.wp.com\/lsa-global.com\/wp-content\/uploads\/2025\/03\/Portuguese-Portugal.png?resize=370%2C247&amp;ssl=1 370w, https:\/\/i0.wp.com\/lsa-global.com\/wp-content\/uploads\/2025\/03\/Portuguese-Portugal.png?resize=760%2C507&amp;ssl=1 760w\" sizes=\"(max-width: 300px) 100vw, 300px\" title=\"\">\t\t\t\t\t\t\t\t\t\t\t\t\t\t\t<\/div>\n\t\t\t\t\t<\/div>\n\t\t\t\t<\/div>\n\t\t\t\t<\/div>","protected":false},"excerpt":{"rendered":"<p>Professional European Portuguese Translation Services \u2013 Accurate &amp; Certified Expert European Portuguese Translation Services for Businesses &amp; Individuals Are you&hellip;<\/p>","protected":false},"author":1,"featured_media":43999,"parent":0,"menu_order":0,"comment_status":"closed","ping_status":"closed","template":"","meta":{"jetpack_post_was_ever_published":false,"footnotes":""},"class_list":["post-43187","page","type-page","status-publish","has-post-thumbnail","hentry"],"jetpack_sharing_enabled":true,"jetpack_likes_enabled":true,"jetpack-related-posts":[],"jetpack_shortlink":"https:\/\/wp.me\/PerFda-bez","_links":{"self":[{"href":"https:\/\/lsa-global.com\/fr\/wp-json\/wp\/v2\/pages\/43187","targetHints":{"allow":["GET"]}}],"collection":[{"href":"https:\/\/lsa-global.com\/fr\/wp-json\/wp\/v2\/pages"}],"about":[{"href":"https:\/\/lsa-global.com\/fr\/wp-json\/wp\/v2\/types\/page"}],"author":[{"embeddable":true,"href":"https:\/\/lsa-global.com\/fr\/wp-json\/wp\/v2\/users\/1"}],"replies":[{"embeddable":true,"href":"https:\/\/lsa-global.com\/fr\/wp-json\/wp\/v2\/comments?post=43187"}],"version-history":[{"count":0,"href":"https:\/\/lsa-global.com\/fr\/wp-json\/wp\/v2\/pages\/43187\/revisions"}],"wp:featuredmedia":[{"embeddable":true,"href":"https:\/\/lsa-global.com\/fr\/wp-json\/wp\/v2\/media\/43999"}],"wp:attachment":[{"href":"https:\/\/lsa-global.com\/fr\/wp-json\/wp\/v2\/media?parent=43187"}],"curies":[{"name":"wp","href":"https:\/\/api.w.org\/{rel}","templated":true}]}}