{"id":41689,"date":"2024-09-04T20:41:15","date_gmt":"2024-09-04T19:41:15","guid":{"rendered":"https:\/\/lsa-global.com\/?page_id=41689"},"modified":"2025-04-24T13:08:33","modified_gmt":"2025-04-24T12:08:33","slug":"traduction-dans-le-domaine-des-soins-de-sante","status":"publish","type":"page","link":"https:\/\/lsa-global.com\/fr\/traduction-dans-le-domaine-des-soins-de-sante\/","title":{"rendered":"Traduction dans le domaine de la sant\u00e9"},"content":{"rendered":"<div data-elementor-type=\"wp-page\" data-elementor-id=\"41689\" class=\"elementor elementor-41689\" data-elementor-post-type=\"page\">\n\t\t\t\t<div class=\"elementor-element elementor-element-22cf88a e-flex e-con-boxed e-con e-parent\" data-id=\"22cf88a\" data-element_type=\"container\" data-e-type=\"container\">\n\t\t\t\t\t<div class=\"e-con-inner\">\n\t\t\t\t<div class=\"elementor-element elementor-element-4db346f elementor-widget elementor-widget-heading\" data-id=\"4db346f\" data-element_type=\"widget\" data-e-type=\"widget\" data-widget_type=\"heading.default\">\n\t\t\t\t\t<h2 class=\"elementor-heading-title elementor-size-default\">Traduction dans le domaine de la sant\u00e9<\/h2>\t\t\t\t<\/div>\n\t\t\t\t<div class=\"elementor-element elementor-element-292a647c elementor-widget elementor-widget-text-editor\" data-id=\"292a647c\" data-element_type=\"widget\" data-e-type=\"widget\" data-widget_type=\"text-editor.default\">\n\t\t\t\t\t\t\t\t\t\n<p>\u00a0<\/p>\n\n<figure class=\"wp-block-image size-full\"><img fetchpriority=\"high\" decoding=\"async\" width=\"281\" height=\"180\" data-attachment-id=\"41690\" data-permalink=\"https:\/\/lsa-global.com\/fr\/traduction-dans-le-domaine-des-soins-de-sante\/image-13\/\" data-orig-file=\"https:\/\/i0.wp.com\/lsa-global.com\/wp-content\/uploads\/2024\/09\/image-5.png?fit=281%2C180&amp;ssl=1\" data-orig-size=\"281,180\" data-comments-opened=\"0\" data-image-meta=\"{&quot;aperture&quot;:&quot;0&quot;,&quot;credit&quot;:&quot;&quot;,&quot;camera&quot;:&quot;&quot;,&quot;caption&quot;:&quot;&quot;,&quot;created_timestamp&quot;:&quot;0&quot;,&quot;copyright&quot;:&quot;&quot;,&quot;focal_length&quot;:&quot;0&quot;,&quot;iso&quot;:&quot;0&quot;,&quot;shutter_speed&quot;:&quot;0&quot;,&quot;title&quot;:&quot;&quot;,&quot;orientation&quot;:&quot;0&quot;}\" data-image-title=\"Healthcare Translation\" data-image-description=\"\" data-image-caption=\"\" data-large-file=\"https:\/\/i0.wp.com\/lsa-global.com\/wp-content\/uploads\/2024\/09\/image-5.png?fit=281%2C180&amp;ssl=1\" data-recalc-dims=\"1\" class=\"wp-image-41690\" src=\"https:\/\/i0.wp.com\/lsa-global.com\/wp-content\/uploads\/2024\/09\/image-5.png?w=1280&#038;ssl=1\" alt=\"medical translation\" title=\"\" srcset=\"https:\/\/i0.wp.com\/lsa-global.com\/wp-content\/uploads\/2024\/09\/image-5.png?w=281&amp;ssl=1 281w, https:\/\/i0.wp.com\/lsa-global.com\/wp-content\/uploads\/2024\/09\/image-5.png?resize=150%2C96&amp;ssl=1 150w\" sizes=\"(max-width: 281px) 100vw, 281px\" \/><figcaption><\/figcaption><\/figure>\n\n<p>Healthcare Translation;<\/p>\n\n<p>Chez LSA.GLOBAL Translation, nous comprenons l\u2019importance de l\u2019exp\u00e9rience directe et poss\u00e9dons une expertise consid\u00e9rable dans la fourniture d\u2019un service de traduction m\u00e9dicale de la plus haute qualit\u00e9.<\/p>\n\n<p>Que sont les services de traduction m\u00e9dicale et de sant\u00e9 ?<\/p>\n\n<p>Les services de traduction m\u00e9dicale et de sant\u00e9 incluent la traduction et l&#039;interpr\u00e9tation d&#039;une grande vari\u00e9t\u00e9 d&#039;informations m\u00e9dicales, telles que des supports marketing (y compris des sites web), des documents d&#039;essais cliniques, des monographies m\u00e9dicales, des articles de recherche et des codes de conduite. Les agences de traduction m\u00e9dicale travaillent avec des entreprises m\u00e9dicales publiques et priv\u00e9es, des organismes de sant\u00e9, des associations caritatives, des organisations et des soci\u00e9t\u00e9s pharmaceutiques internationales.<\/p>\n\n<p>La m\u00e9decine est une industrie mondiale, avec des essais cliniques, des conf\u00e9rences, des activit\u00e9s de r\u00e9seautage et d&#039;autres \u00e9v\u00e9nements importants organis\u00e9s dans de nombreux pays. Il est essentiel que les professionnels de sant\u00e9 et les professionnels du secteur de la sant\u00e9 soient capables de comprendre les communications \u00e9crites, audio et vid\u00e9o sur des sujets allant des monographies de m\u00e9dicaments et des supports marketing aux supports de formation en ligne, entre autres.<\/p>\n\n<p>Nous sommes certifi\u00e9s pour fournir des traductions m\u00e9dicales<\/p>\n\n<p>Pour les entreprises internationales du secteur de la sant\u00e9 qui produisent des produits pharmaceutiques et des \u00e9quipements m\u00e9dicaux de pointe, la pr\u00e9cision des traductions est essentielle. Chez LSA.GLOBAL Translation, nous comprenons l&#039;importance de l&#039;exp\u00e9rience directe et poss\u00e9dons une expertise consid\u00e9rable pour fournir des services de traduction de haute qualit\u00e9 dans le domaine de la sant\u00e9.<\/p>\n\n<p>Nos traducteurs ne sont pas seulement des traducteurs professionnels, ils sont \u00e9galement qualifi\u00e9s dans une discipline technique connexe et ont travaill\u00e9 dans le secteur de la sant\u00e9 ; que ce soit dans le domaine m\u00e9dical, pharmaceutique ou de la technologie m\u00e9dicale.<\/p>\n\n<p>Nous comprenons que la m\u00e9decine et les soins de sant\u00e9 sont des domaines extr\u00eamement sensibles. Nos traducteurs m\u00e9dicaux professionnels suivent des proc\u00e9dures strictes pour garantir \u00e0 nos clients un service s\u00e9curis\u00e9 et de qualit\u00e9 constante.<\/p>\n\n<p>Traduction soign\u00e9e<\/p>\n\n<p>Bien entendu, la port\u00e9e mondiale des entreprises pharmaceutiques ou de dispositifs m\u00e9dicaux, conjugu\u00e9e \u00e0 la n\u00e9cessit\u00e9 de disposer d&#039;un large \u00e9ventail de supports produits et de supports marketing complexes, implique des investissements importants en traduction. Et comme pour toute d\u00e9pense importante, le rapport qualit\u00e9-prix est primordial.<\/p>\n\n<p>LSA.GLOBAL optimise donc ses flux de traduction pour s&#039;adapter parfaitement \u00e0 vos processus administratifs, vous faire gagner du temps et des efforts, et optimiser l&#039;efficacit\u00e9 de vos traductions m\u00e9dicales, sans compromettre la qualit\u00e9. Soyez rassur\u00e9.<\/p>\n\n<p>Confidentialit\u00e9 assur\u00e9e<\/p>\n\n<p>Comme dans tout autre secteur d\u2019activit\u00e9 dynamique et ax\u00e9 sur l\u2019innovation, la confidentialit\u00e9 dans notre travail dans le domaine de la sant\u00e9 est primordiale, qu\u2019il s\u2019agisse de traductions pour des soci\u00e9t\u00e9s pharmaceutiques ou de traductions pour des fabricants de dispositifs m\u00e9dicaux.<\/p>\n\n<p>Quelles que soient vos exigences en mati\u00e8re de s\u00e9curit\u00e9 des donn\u00e9es, LSA.GLOBAL Traduction garantit une conformit\u00e9 totale. Confiez-nous la s\u00e9curit\u00e9 de vos informations.<\/p>\n\n<p>Nos services de traduction m\u00e9dicale certifi\u00e9e couvrent les domaines suivants\u2026<\/p>\n\n<p>Les traductions m\u00e9dicales couvrent un large \u00e9ventail de secteurs et de sp\u00e9cialisations. Les secteurs couverts par le terme \u00ab\u00a0traduction m\u00e9dicale\u00a0\u00bb comprennent les documents de recherche, les supports marketing, les informations sur les dispositifs m\u00e9dicaux et bien plus encore. Nos traducteurs experts poss\u00e8dent une vaste exp\u00e9rience du secteur et couvrent un large \u00e9ventail de documents li\u00e9s \u00e0 la m\u00e9decine, notamment\u00a0:<\/p>\n\n<p>Campagnes publicitaires<\/p>\n\n<p>Informations cliniques<\/p>\n\n<p>Documentation des essais cliniques<\/p>\n\n<p>Guides du consommateur<\/p>\n\n<p>Aides d\u00e9taill\u00e9es<\/p>\n\n<p>Commerce \u00e9lectronique<\/p>\n\n<p>Apprentissage en ligne<\/p>\n\n<p>Mode d&#039;emploi<\/p>\n\n<p>Communications internes<\/p>\n\n<p>Manuels et revues<\/p>\n\n<p>SEM multilingue<\/p>\n\n<p>Articles m\u00e9dicaux<\/p>\n\n<p>questionnaires m\u00e9dicaux<\/p>\n\n<p>Transcription m\u00e9dicale<\/p>\n\n<p>Pr\u00e9sentations de formation m\u00e9dicale<\/p>\n\n<p>Monographies<\/p>\n\n<p>Conditionnement<\/p>\n\n<p>Communiqu\u00e9s de presse<\/p>\n\n<p>Campagnes d&#039;information publique<\/p>\n\n<p>Dossiers d&#039;enregistrement<\/p>\n\n<p>Documentation r\u00e9glementaire<\/p>\n\n<p>Rapports<\/p>\n\n<p>Publications scientifiques<\/p>\n\n<p>M\u00e9dias sociaux\/blogs<\/p>\n\n<p>Logiciel<\/p>\n\n<p>Manuels scolaires<\/p>\n\n<p>Avertissements<\/p>\n\n<p>Sites Web et sites mobiles<\/p>\n\n<p>Livres blancs<\/p>\n\n<p>Pourquoi nous choisir pour vos besoins de traduction dans le domaine de la sant\u00e9 ?<\/p>\n\n<p>Plus de 1000 clients nous font confiance pour des traductions sp\u00e9cialis\u00e9es de haute qualit\u00e9<\/p>\n\n<p>Relecture m\u00e9ticuleuse pour plus de coh\u00e9rence et d&#039;exactitude<\/p>\n\n<p>Des sp\u00e9cialistes en la mati\u00e8re pour g\u00e9rer chaque projet s\u00e9par\u00e9ment et avec efficacit\u00e9<\/p>\n\n<p>Proc\u00e9dures de contr\u00f4le qualit\u00e9 pour les normes les plus \u00e9lev\u00e9es de l&#039;industrie<\/p>\n\n<p>Des mesures de confidentialit\u00e9 strictes pour prot\u00e9ger la confidentialit\u00e9 de vos documents et dossiers<\/p>\n\n<p>Nous sommes \u00e0 votre \u00e9coute et serions ravis de r\u00e9pondre \u00e0 vos questions. Appelez-nous au +44 737 846 1403 ou envoyez-nous un e-mail \u00e0 infos@lsaglobal-translate.co.uk\u00a0; l&#039;un de nos responsables se fera un plaisir de r\u00e9pondre \u00e0 votre question. Pour obtenir un devis pour nos services de traduction m\u00e9dicale, veuillez remplir notre formulaire de devis gratuit sur notre site web et obtenir un devis instantan\u00e9.<\/p>\n\n<p>Nous poss\u00e9dons une vaste exp\u00e9rience dans le domaine m\u00e9dical et la gestion de documents m\u00e9dicaux et de sant\u00e9 sensibles. Nous comprenons l&#039;importance de la confidentialit\u00e9 des documents m\u00e9dicaux et nous avons veill\u00e9 \u00e0 ce que nos proc\u00e9dures de s\u00e9curit\u00e9 soient de la plus haute qualit\u00e9 et d\u00e9passent les attentes de nos clients. Nos traducteurs sont sp\u00e9cialis\u00e9s dans diff\u00e9rentes disciplines li\u00e9es \u00e0 la m\u00e9decine et \u00e0 la sant\u00e9, ce qui signifie qu&#039;ils comprennent les nuances et les d\u00e9tails du sujet et produisent des traductions. Outre notre pr\u00e9cision et notre efficacit\u00e9, nous sommes accessibles et amicaux et travaillerons en \u00e9troite collaboration avec vous pour identifier vos besoins, convenir d&#039;un d\u00e9lai et les respecter syst\u00e9matiquement.<\/p>\n\t\t\t\t\t\t\t\t<\/div>\n\t\t\t\t\t<\/div>\n\t\t\t\t<\/div>\n\t\t<div class=\"elementor-element elementor-element-d5b7410 e-flex e-con-boxed e-con e-parent\" data-id=\"d5b7410\" data-element_type=\"container\" data-e-type=\"container\">\n\t\t\t\t\t<div class=\"e-con-inner\">\n\t\t\t\t<div class=\"elementor-element elementor-element-923a9fd elementor-widget elementor-widget-heading\" data-id=\"923a9fd\" data-element_type=\"widget\" data-e-type=\"widget\" data-widget_type=\"heading.default\">\n\t\t\t\t\t<h3 class=\"elementor-heading-title elementor-size-default\">Aller au-del\u00e0<\/h3>\t\t\t\t<\/div>\n\t\t\t\t<div class=\"elementor-element elementor-element-29e0a8d elementor-widget elementor-widget-text-editor\" data-id=\"29e0a8d\" data-element_type=\"widget\" data-e-type=\"widget\" data-widget_type=\"text-editor.default\">\n\t\t\t\t\t\t\t\t\t<h5><a href=\"https:\/\/lsa-global.com\/fr\/tarifs-et-conditions-de-traduction\/\"><span style=\"color: #ff0000;\">Plans tarifaires et plus<\/span><\/a><\/h5>\t\t\t\t\t\t\t\t<\/div>\n\t\t\t\t<div class=\"elementor-element elementor-element-dc11cad elementor-widget elementor-widget-text-editor\" data-id=\"dc11cad\" data-element_type=\"widget\" data-e-type=\"widget\" data-widget_type=\"text-editor.default\">\n\t\t\t\t\t\t\t\t\t<h5><a href=\"https:\/\/lsa-global.com\/fr\/articles\/\"><span style=\"color: #ff0000;\">Plus de messages<\/span><\/a><\/h5>\t\t\t\t\t\t\t\t<\/div>\n\t\t\t\t<div class=\"elementor-element elementor-element-c12a1eb elementor-widget elementor-widget-text-editor\" data-id=\"c12a1eb\" data-element_type=\"widget\" data-e-type=\"widget\" data-widget_type=\"text-editor.default\">\n\t\t\t\t\t\t\t\t\t<h5><a href=\"https:\/\/lsaglobal-translate.co.uk\/services\/translation-services\/\" target=\"_blank\" rel=\"noopener\"><span style=\"color: #ff0000;\">Traduction Pro.<\/span><\/a><\/h5>\t\t\t\t\t\t\t\t<\/div>\n\t\t\t\t<div class=\"elementor-element elementor-element-4a3b209 elementor-widget elementor-widget-text-editor\" data-id=\"4a3b209\" data-element_type=\"widget\" data-e-type=\"widget\" data-widget_type=\"text-editor.default\">\n\t\t\t\t\t\t\t\t\t<h4><span style=\"color: #000080;\"><span style=\"color: #ff0000;\">Visitez le site Web LSAGLOBAL-Translate pour en savoir plus<\/span><\/span><\/h4>\t\t\t\t\t\t\t\t<\/div>\n\t\t\t\t\t<\/div>\n\t\t\t\t<\/div>\n\t\t\t\t<\/div>","protected":false},"excerpt":{"rendered":"<p>Healthcare Translation \u00a0 Healthcare Translation; At LSA.GLOBAL Translation we understand the importance of direct experience and have considerable expertise in&hellip;<\/p>","protected":false},"author":1,"featured_media":41690,"parent":0,"menu_order":0,"comment_status":"closed","ping_status":"closed","template":"","meta":{"jetpack_post_was_ever_published":false,"footnotes":""},"class_list":["post-41689","page","type-page","status-publish","has-post-thumbnail","hentry"],"jetpack_sharing_enabled":true,"jetpack_likes_enabled":true,"jetpack-related-posts":[],"jetpack_shortlink":"https:\/\/wp.me\/PerFda-aQp","_links":{"self":[{"href":"https:\/\/lsa-global.com\/fr\/wp-json\/wp\/v2\/pages\/41689","targetHints":{"allow":["GET"]}}],"collection":[{"href":"https:\/\/lsa-global.com\/fr\/wp-json\/wp\/v2\/pages"}],"about":[{"href":"https:\/\/lsa-global.com\/fr\/wp-json\/wp\/v2\/types\/page"}],"author":[{"embeddable":true,"href":"https:\/\/lsa-global.com\/fr\/wp-json\/wp\/v2\/users\/1"}],"replies":[{"embeddable":true,"href":"https:\/\/lsa-global.com\/fr\/wp-json\/wp\/v2\/comments?post=41689"}],"version-history":[{"count":0,"href":"https:\/\/lsa-global.com\/fr\/wp-json\/wp\/v2\/pages\/41689\/revisions"}],"wp:featuredmedia":[{"embeddable":true,"href":"https:\/\/lsa-global.com\/fr\/wp-json\/wp\/v2\/media\/41690"}],"wp:attachment":[{"href":"https:\/\/lsa-global.com\/fr\/wp-json\/wp\/v2\/media?parent=41689"}],"curies":[{"name":"wp","href":"https:\/\/api.w.org\/{rel}","templated":true}]}}