{"id":41670,"date":"2024-09-04T19:18:20","date_gmt":"2024-09-04T18:18:20","guid":{"rendered":"https:\/\/lsa-global.com\/?page_id=41670"},"modified":"2025-04-25T15:38:10","modified_gmt":"2025-04-25T14:38:10","slug":"services-de-traduction-en-ingenierie-et-en-fabrication","status":"publish","type":"page","link":"https:\/\/lsa-global.com\/fr\/services-de-traduction-en-ingenierie-et-en-fabrication\/","title":{"rendered":"Ing\u00e9nierie et fabrication"},"content":{"rendered":"<div data-elementor-type=\"wp-page\" data-elementor-id=\"41670\" class=\"elementor elementor-41670\" data-elementor-post-type=\"page\">\n\t\t\t\t<div class=\"elementor-element elementor-element-1f49a16d e-flex e-con-boxed e-con e-parent\" data-id=\"1f49a16d\" data-element_type=\"container\" data-e-type=\"container\">\n\t\t\t\t\t<div class=\"e-con-inner\">\n\t\t\t\t<div class=\"elementor-element elementor-element-6d6f764 elementor-widget elementor-widget-heading\" data-id=\"6d6f764\" data-element_type=\"widget\" data-e-type=\"widget\" data-widget_type=\"heading.default\">\n\t\t\t\t\t<h2 class=\"elementor-heading-title elementor-size-default\">Services linguistiques d&#039;ing\u00e9nierie et de fabrication<\/h2>\t\t\t\t<\/div>\n\t\t\t\t<div class=\"elementor-element elementor-element-d68a1d4 elementor-widget elementor-widget-heading\" data-id=\"d68a1d4\" data-element_type=\"widget\" data-e-type=\"widget\" data-widget_type=\"heading.default\">\n\t\t\t\t\t<h6 class=\"elementor-heading-title elementor-size-default\">Ing\u00e9nierie et fabrication<\/h6>\t\t\t\t<\/div>\n\t\t\t\t<div class=\"elementor-element elementor-element-b6dad13 elementor-widget elementor-widget-image\" data-id=\"b6dad13\" data-element_type=\"widget\" data-e-type=\"widget\" data-widget_type=\"image.default\">\n\t\t\t\t\t\t\t\t\t\t\t\t\t\t\t<img decoding=\"async\" data-attachment-id=\"41672\" data-permalink=\"https:\/\/lsa-global.com\/fr\/services-de-traduction-en-ingenierie-et-en-fabrication\/engineering-manufacturing-2\/\" data-orig-file=\"https:\/\/i0.wp.com\/lsa-global.com\/wp-content\/uploads\/2024\/09\/Engineering-Manufacturing-1.png?fit=310%2C162&amp;ssl=1\" data-orig-size=\"310,162\" data-comments-opened=\"0\" data-image-meta=\"{&quot;aperture&quot;:&quot;0&quot;,&quot;credit&quot;:&quot;&quot;,&quot;camera&quot;:&quot;&quot;,&quot;caption&quot;:&quot;&quot;,&quot;created_timestamp&quot;:&quot;0&quot;,&quot;copyright&quot;:&quot;&quot;,&quot;focal_length&quot;:&quot;0&quot;,&quot;iso&quot;:&quot;0&quot;,&quot;shutter_speed&quot;:&quot;0&quot;,&quot;title&quot;:&quot;&quot;,&quot;orientation&quot;:&quot;0&quot;}\" data-image-title=\"Engineering &amp;#038; Manufacturing\" data-image-description=\"\" data-image-caption=\"\" data-large-file=\"https:\/\/i0.wp.com\/lsa-global.com\/wp-content\/uploads\/2024\/09\/Engineering-Manufacturing-1.png?fit=310%2C162&amp;ssl=1\" width=\"300\" height=\"157\" src=\"https:\/\/i0.wp.com\/lsa-global.com\/wp-content\/uploads\/2024\/09\/Engineering-Manufacturing-1.png?fit=300%2C157&amp;ssl=1\" class=\"attachment-medium size-medium wp-image-41672\" alt=\"Engineering &amp; Manufacturing\" srcset=\"https:\/\/i0.wp.com\/lsa-global.com\/wp-content\/uploads\/2024\/09\/Engineering-Manufacturing-1.png?w=310&amp;ssl=1 310w, https:\/\/i0.wp.com\/lsa-global.com\/wp-content\/uploads\/2024\/09\/Engineering-Manufacturing-1.png?resize=300%2C157&amp;ssl=1 300w, https:\/\/i0.wp.com\/lsa-global.com\/wp-content\/uploads\/2024\/09\/Engineering-Manufacturing-1.png?resize=150%2C78&amp;ssl=1 150w\" sizes=\"(max-width: 300px) 100vw, 300px\" title=\"\">\t\t\t\t\t\t\t\t\t\t\t\t\t\t\t<\/div>\n\t\t\t\t<div class=\"elementor-element elementor-element-ecc77bf elementor-widget elementor-widget-text-editor\" data-id=\"ecc77bf\" data-element_type=\"widget\" data-e-type=\"widget\" data-widget_type=\"text-editor.default\">\n\t\t\t\t\t\t\t\t\t<p><span style=\"color: #0000ff;\">La pr\u00e9cision et la coh\u00e9rence sont essentielles pour les entreprises d&#039;ing\u00e9nierie et de fabrication. Cela vaut aussi bien pour la traduction de documents techniques et de supports commerciaux que pour le produit lui-m\u00eame.<\/span><\/p>\n<p><!-- \/wp:paragraph --><!-- wp:paragraph --><\/p>\n<p><strong><span style=\"color: #0000ff;\">Ing\u00e9nieurs qui traduisent des termes techniques<\/span><\/strong><\/p>\n<p><!-- \/wp:paragraph --><!-- wp:paragraph --><\/p>\n<p><span style=\"color: #0000ff;\">Le langage de l&#039;ing\u00e9nierie et de la fabrication comporte de nombreux termes et expressions techniques, ainsi que des diff\u00e9rences entre les pays. Votre traducteur ne peut pas vous fournir la pr\u00e9cision requise s&#039;il ne les comprend pas tous. C&#039;est pourquoi les traducteurs de LSA.GLOBAL ne sont pas seulement des traducteurs professionnels originaires du m\u00eame pays\u00a0; ils sont \u00e9galement form\u00e9s et exp\u00e9riment\u00e9s dans votre domaine d&#039;ing\u00e9nierie et de fabrication. Ils ma\u00eetrisent leur sujet et traduisent correctement du premier coup.<\/span><\/p>\n<p><!-- \/wp:paragraph --><!-- wp:paragraph --><\/p>\n<p><strong><span style=\"color: #0000ff;\">Dans votre style<\/span><\/strong><\/p>\n<p><!-- \/wp:paragraph --><!-- wp:paragraph --><\/p>\n<p><span style=\"color: #0000ff;\">Bien s\u00fbr, chacun a son propre style d&#039;\u00e9criture, et il est important que votre traduction technique ou industrielle refl\u00e8te la personnalit\u00e9 et la voix mondiale de votre entreprise, quelle que soit la langue. Alors, envoyez-nous un exemple de texte\u00a0; nous vous proposerons de choisir parmi des versions d&#039;essai r\u00e9alis\u00e9es par diff\u00e9rents traducteurs professionnels du r\u00e9seau LSA.GLOBAL Translation. Nous vous aiderons \u00e0 trouver la traduction qui vous convient.<\/span><\/p>\n<p class=\"\" data-start=\"397\" data-end=\"448\"><strong><span style=\"color: #0000ff;\">G\u00e9rez votre portail LSA GLOBAL en toute confiance<\/span><\/strong><\/p>\n<p class=\"\" data-start=\"450\" data-end=\"730\"><span style=\"color: #0000ff;\">Chez LSA GLOBAL, nous comprenons les besoins linguistiques sp\u00e9cifiques des secteurs de l&#039;ing\u00e9nierie et de la fabrication. Qu&#039;il s&#039;agisse de documentation technique complexe, de protocoles de s\u00e9curit\u00e9, de supports de formation, de manuels de conformit\u00e9 ou de sp\u00e9cifications de produits, des services linguistiques pr\u00e9cis sont essentiels.<\/span><\/p>\n<p class=\"\" data-start=\"732\" data-end=\"985\"><span style=\"color: #0000ff;\">Que vous soyez un fabricant exportant \u00e0 l&#039;\u00e9chelle mondiale, un cabinet d&#039;ing\u00e9nierie, un traducteur technique ou un \u00e9tudiant en langues sp\u00e9cialis\u00e9 dans les secteurs industriels, votre compte priv\u00e9 sur LSA GLOBAL est votre centre de contr\u00f4le pour tout.<\/span><\/p>\n<p class=\"\" data-start=\"987\" data-end=\"1139\"><span style=\"color: #0000ff;\">Bienvenue sur le portail des profils d&#039;ing\u00e9nierie et de fabrication, un espace con\u00e7u pour soutenir vos objectifs, garantir l&#039;exactitude et favoriser la clart\u00e9 dans toutes les langues.<\/span><\/p>\n<p><strong><span style=\"color: #0000ff;\">Efficacement<\/span><\/strong><\/p>\n<p><!-- \/wp:paragraph --><!-- wp:paragraph --><\/p>\n<p><span style=\"color: #0000ff;\">La qualit\u00e9 et la rapidit\u00e9 sont essentielles dans le processus de traduction, comme dans tout autre domaine d&#039;ing\u00e9nierie ou de production. LSA.GLOBAL est certifi\u00e9e ISO 9001. La traduction linguistique permet de gagner du temps et de ma\u00eetriser les co\u00fbts. Des processus de traduction s\u00fbrs et efficaces optimisent la productivit\u00e9. Les dictionnaires de termes techniques sont de plus en plus volumineux et les enregistrements de traduction dynamiques optimisent constamment le processus. Comme une machine bien huil\u00e9e.<\/span><\/p>\t\t\t\t\t\t\t\t<\/div>\n\t\t\t\t<div class=\"elementor-element elementor-element-6a6bc09 elementor-widget elementor-widget-heading\" data-id=\"6a6bc09\" data-element_type=\"widget\" data-e-type=\"widget\" data-widget_type=\"heading.default\">\n\t\t\t\t\t<h3 class=\"elementor-heading-title elementor-size-default\">Aller au-del\u00e0<\/h3>\t\t\t\t<\/div>\n\t\t\t\t<div class=\"elementor-element elementor-element-70ee437 elementor-widget elementor-widget-text-editor\" data-id=\"70ee437\" data-element_type=\"widget\" data-e-type=\"widget\" data-widget_type=\"text-editor.default\">\n\t\t\t\t\t\t\t\t\t<h5><a href=\"https:\/\/lsa-global.com\/fr\/apprendre-la-langue-allemande\/\"><span style=\"color: #ff0000;\">Devis gratuit<\/span><\/a><\/h5>\t\t\t\t\t\t\t\t<\/div>\n\t\t\t\t<div class=\"elementor-element elementor-element-5e2e700 elementor-widget elementor-widget-text-editor\" data-id=\"5e2e700\" data-element_type=\"widget\" data-e-type=\"widget\" data-widget_type=\"text-editor.default\">\n\t\t\t\t\t\t\t\t\t<h5><a href=\"https:\/\/lsa-global.com\/fr\/articles\/\"><span style=\"color: #ff0000;\">Plus de messages<\/span><\/a><\/h5>\t\t\t\t\t\t\t\t<\/div>\n\t\t\t\t<div class=\"elementor-element elementor-element-74540d1 elementor-widget elementor-widget-text-editor\" data-id=\"74540d1\" data-element_type=\"widget\" data-e-type=\"widget\" data-widget_type=\"text-editor.default\">\n\t\t\t\t\t\t\t\t\t<h5><a href=\"https:\/\/lsaglobal-translate.co.uk\/services\/translation-services\/\" target=\"_blank\" rel=\"noopener\"><span style=\"color: #ff0000;\">Traduction Pro.<\/span><\/a><\/h5>\t\t\t\t\t\t\t\t<\/div>\n\t\t\t\t\t<\/div>\n\t\t\t\t<\/div>\n\t\t\t\t<\/div>","protected":false},"excerpt":{"rendered":"<p>Engineering and Manufacturing Language Services Engineering and Manufacturing Precision and consistency are very important to engineering and manufacturing businesses. This&hellip;<\/p>","protected":false},"author":1,"featured_media":41672,"parent":0,"menu_order":0,"comment_status":"closed","ping_status":"closed","template":"","meta":{"jetpack_post_was_ever_published":false,"footnotes":""},"class_list":["post-41670","page","type-page","status-publish","has-post-thumbnail","hentry"],"jetpack_sharing_enabled":true,"jetpack_likes_enabled":true,"jetpack-related-posts":[],"jetpack_shortlink":"https:\/\/wp.me\/PerFda-aQ6","_links":{"self":[{"href":"https:\/\/lsa-global.com\/fr\/wp-json\/wp\/v2\/pages\/41670","targetHints":{"allow":["GET"]}}],"collection":[{"href":"https:\/\/lsa-global.com\/fr\/wp-json\/wp\/v2\/pages"}],"about":[{"href":"https:\/\/lsa-global.com\/fr\/wp-json\/wp\/v2\/types\/page"}],"author":[{"embeddable":true,"href":"https:\/\/lsa-global.com\/fr\/wp-json\/wp\/v2\/users\/1"}],"replies":[{"embeddable":true,"href":"https:\/\/lsa-global.com\/fr\/wp-json\/wp\/v2\/comments?post=41670"}],"version-history":[{"count":0,"href":"https:\/\/lsa-global.com\/fr\/wp-json\/wp\/v2\/pages\/41670\/revisions"}],"wp:featuredmedia":[{"embeddable":true,"href":"https:\/\/lsa-global.com\/fr\/wp-json\/wp\/v2\/media\/41672"}],"wp:attachment":[{"href":"https:\/\/lsa-global.com\/fr\/wp-json\/wp\/v2\/media?parent=41670"}],"curies":[{"name":"wp","href":"https:\/\/api.w.org\/{rel}","templated":true}]}}