{"id":36414,"date":"2024-04-04T20:57:52","date_gmt":"2024-04-04T19:57:52","guid":{"rendered":"https:\/\/lsa-global.com\/login\/"},"modified":"2025-06-24T18:35:45","modified_gmt":"2025-06-24T17:35:45","slug":"politique-de-cookies-lsa-global","status":"publish","type":"page","link":"https:\/\/lsa-global.com\/fr\/politique-de-cookies-lsa-global\/","title":{"rendered":"Politique de cookies"},"content":{"rendered":"<div data-elementor-type=\"wp-page\" data-elementor-id=\"36414\" class=\"elementor elementor-36414\" data-elementor-post-type=\"page\">\n\t\t\t\t<div class=\"elementor-element elementor-element-200315b5 e-flex e-con-boxed e-con e-parent\" data-id=\"200315b5\" data-element_type=\"container\" data-e-type=\"container\">\n\t\t\t\t\t<div class=\"e-con-inner\">\n\t\t\t\t<div class=\"elementor-element elementor-element-30d9b183 elementor-widget elementor-widget-text-editor\" data-id=\"30d9b183\" data-element_type=\"widget\" data-e-type=\"widget\" data-widget_type=\"text-editor.default\">\n\t\t\t\t\t\t\t\t\t<div class=\"wp-block-image\">\n<figure class=\"aligncenter size-full\"><img fetchpriority=\"high\" decoding=\"async\" width=\"1024\" height=\"512\" data-attachment-id=\"36458\" data-permalink=\"https:\/\/lsa-global.com\/fr\/politique-de-cookies-lsa-global\/cookie-policy-2\/\" data-orig-file=\"https:\/\/i0.wp.com\/lsa-global.com\/wp-content\/uploads\/2024\/04\/cookie-policy.jpg?fit=1024%2C512&amp;ssl=1\" data-orig-size=\"1024,512\" data-comments-opened=\"0\" data-image-meta=\"{&quot;aperture&quot;:&quot;0&quot;,&quot;credit&quot;:&quot;&quot;,&quot;camera&quot;:&quot;&quot;,&quot;caption&quot;:&quot;&quot;,&quot;created_timestamp&quot;:&quot;0&quot;,&quot;copyright&quot;:&quot;&quot;,&quot;focal_length&quot;:&quot;0&quot;,&quot;iso&quot;:&quot;0&quot;,&quot;shutter_speed&quot;:&quot;0&quot;,&quot;title&quot;:&quot;&quot;,&quot;orientation&quot;:&quot;1&quot;}\" data-image-title=\"cookie-policy\" data-image-description=\"&lt;p&gt;Cookie policy&lt;\/p&gt;\" data-image-caption=\"\" data-large-file=\"https:\/\/i0.wp.com\/lsa-global.com\/wp-content\/uploads\/2024\/04\/cookie-policy.jpg?fit=1024%2C512&amp;ssl=1\" data-recalc-dims=\"1\" class=\"wp-image-36458\" src=\"https:\/\/i0.wp.com\/lsa-global.com\/wp-content\/uploads\/2024\/04\/cookie-policy.jpg?w=1280&#038;ssl=1\" alt=\"politique de cookies\" title=\"\" srcset=\"https:\/\/i0.wp.com\/lsa-global.com\/wp-content\/uploads\/2024\/04\/cookie-policy.jpg?w=1024&amp;ssl=1 1024w, https:\/\/i0.wp.com\/lsa-global.com\/wp-content\/uploads\/2024\/04\/cookie-policy.jpg?resize=300%2C150&amp;ssl=1 300w, https:\/\/i0.wp.com\/lsa-global.com\/wp-content\/uploads\/2024\/04\/cookie-policy.jpg?resize=150%2C75&amp;ssl=1 150w, https:\/\/i0.wp.com\/lsa-global.com\/wp-content\/uploads\/2024\/04\/cookie-policy.jpg?resize=768%2C384&amp;ssl=1 768w, https:\/\/i0.wp.com\/lsa-global.com\/wp-content\/uploads\/2024\/04\/cookie-policy.jpg?resize=370%2C185&amp;ssl=1 370w, https:\/\/i0.wp.com\/lsa-global.com\/wp-content\/uploads\/2024\/04\/cookie-policy.jpg?resize=760%2C380&amp;ssl=1 760w\" sizes=\"(max-width: 1024px) 100vw, 1024px\" \/><\/figure>\n<\/div>\n<p>Politique de cookies<\/p>\n\n<p>Mis \u00e0 jour le 06\/04\/2024<\/p>\n\n<p>Politique relative aux cookies : <strong>D\u00e9finitions et termes cl\u00e9s<\/strong><\/p>\n\n<p>Afin d&#039;expliquer les choses aussi clairement que possible dans la pr\u00e9sente politique en mati\u00e8re de cookies, chaque fois que l&#039;un de ces termes est r\u00e9f\u00e9renc\u00e9, il est strictement d\u00e9fini comme suit :<\/p>\n\n<p>\u00a0 -Cookie:\u00a0small amount of data generated by a website and saved by your web browser. It is used to identify your browser, provide analytics, remember information about you such as your language preference or login information.<\/p>\n\n<p>\u00a0 -Entreprise : lorsque cette politique mentionne \u00ab Soci\u00e9t\u00e9 \u00bb, \u00ab nous \u00bb ou \u00ab notre \u00bb, elle fait r\u00e9f\u00e9rence \u00e0 LSA.GLOBAL Language Service Academy, qui est responsable de vos informations en vertu de la pr\u00e9sente politique relative aux cookies.<\/p>\n\n<p>\u00a0 -Device:\u00a0any internet connected device such as a phone, tablet, computer or any other device that can be used to visit LSA.GLOBAL Language Service Academy and use the services.<\/p>\n\n<p>\u00a0 -Donn\u00e9es personnelles : toute information qui, directement, indirectement ou en relation avec d\u2019autres informations \u2014 y compris un num\u00e9ro d\u2019identification personnel \u2014 permet l\u2019identification ou l\u2019identifiabilit\u00e9 d\u2019une personne physique.<\/p>\n\n<p>\u00a0 -Service : d\u00e9signe le service fourni par LSA.GLOBAL Language Service Academy tel que d\u00e9crit dans les conditions aff\u00e9rentes (si disponibles) et sur cette plateforme.<\/p>\n\n<p>\u00a0 -Third-party service:\u00a0refers to advertisers, contest sponsors, promotional and marketing partners, and others who provide our content or whose products or services we think may interest you.<\/p>\n\n<p>\u00a0 -Site Internet : Site de LSA.GLOBAL Language Service Academy.\u201d, accessible via cette URL : lsaglobal-translate.co.uk<\/p>\n\n<p>\u00a0 -Vous : une personne ou une entit\u00e9 inscrite aupr\u00e8s de LSA.GLOBAL Language Service Academy pour utiliser les Services.<\/p>\n\n<p>Politique relative aux cookies : <strong>Introduction<\/strong><\/p>\n\n<p>Cette politique de cookies explique comment LSA.GLOBAL Language Service Academy et ses soci\u00e9t\u00e9s affili\u00e9es (collectivement \u00ab LSA.GLOBAL Language Service Academy \u00bb, \u00ab nous \u00bb et \u00ab notre \u00bb) utilisent des cookies et des technologies similaires pour vous reconna\u00eetre lorsque vous visitez notre site Web, y compris, sans limitation, lsaglobal-translate.co.uk et toutes les URL associ\u00e9es, les versions mobiles ou localis\u00e9es et les domaines\/sous-domaines associ\u00e9s (\u00ab sites Web \u00bb). Elle explique ce que sont ces technologies et pourquoi nous les utilisons, ainsi que les choix permettant de les contr\u00f4ler.<\/p>\n\n<p>Qu&#039;est-ce qu&#039;un cookie ?<\/p>\n\n<p>Un cookie est un petit fichier texte qui est stock\u00e9 sur votre ordinateur ou autre appareil connect\u00e9 \u00e0 Internet afin d&#039;identifier votre navigateur, de fournir des analyses, de m\u00e9moriser des informations vous concernant telles que votre pr\u00e9f\u00e9rence linguistique ou vos informations de connexion. Ils sont totalement s\u00fbrs et ne peuvent pas \u00eatre utilis\u00e9s pour ex\u00e9cuter des programmes ou transmettre des virus \u00e0 votre appareil.<\/p>\n\n<p><strong>Pourquoi utilisons-nous des cookies ?<\/strong><\/p>\n\n<p>Nous utilisons des cookies propri\u00e9taires et\/ou tiers sur notre site Web \u00e0 diverses fins telles que :<\/p>\n\n<p>\u00a0 -Pour faciliter le fonctionnement et la fonctionnalit\u00e9 de notre site Web\u00a0;<\/p>\n\n<p>\u00a0 -Pour am\u00e9liorer votre exp\u00e9rience sur notre site Web et rendre la navigation sur celui-ci plus rapide et plus facile\u00a0;<\/p>\n\n<p>\u00a0 -Pour nous permettre de cr\u00e9er une exp\u00e9rience utilisateur sur mesure pour vous et de comprendre ce qui est utile ou int\u00e9ressant pour vous\u00a0;<\/p>\n\n<p>\u00a0 -Analyser la mani\u00e8re dont notre site Web est utilis\u00e9 et la meilleure fa\u00e7on de le personnaliser\u00a0;<\/p>\n\n<p>\u00a0 - Identifier les prospects futurs et personnaliser les interactions marketing et commerciales avec ceux-ci ;<\/p>\n\n<p>\u00a0 -Pour faciliter l\u2019adaptation de la publicit\u00e9 en ligne \u00e0 vos int\u00e9r\u00eats.<\/p>\n\n<p>Quel type de cookies LSA.GLOBAL Language Service Academy utilise-t-il ?<\/p>\n\n<p>Les cookies peuvent \u00eatre des cookies de session ou des cookies persistants. Un cookie de session expire automatiquement lorsque vous fermez votre navigateur. Un cookie persistant reste en place jusqu&#039;\u00e0 son expiration ou jusqu&#039;\u00e0 ce que vous supprimiez vos cookies. Les dates d&#039;expiration sont d\u00e9finies dans les cookies eux-m\u00eames ; certains peuvent expirer apr\u00e8s quelques minutes tandis que d&#039;autres peuvent expirer apr\u00e8s plusieurs ann\u00e9es. Les cookies plac\u00e9s par le site Web que vous visitez sont appel\u00e9s \u00ab cookies propri\u00e9taires \u00bb.<\/p>\n\n<p>Les cookies strictement n\u00e9cessaires sont indispensables au fonctionnement de notre site Web et ne peuvent pas \u00eatre d\u00e9sactiv\u00e9s dans nos syst\u00e8mes. Ils sont essentiels pour vous permettre de naviguer sur le site Web et d&#039;utiliser ses fonctionnalit\u00e9s. Si vous supprimez ou d\u00e9sactivez ces cookies, nous ne pouvons pas garantir que vous pourrez utiliser notre site Web.<\/p>\n\n<p>Nous utilisons les types de cookies suivants sur notre site Web :<\/p>\n\n<p><strong>Avis de non-responsabilit\u00e9 concernant les erreurs et omissions<\/strong><\/p>\n\n<p>LSA.GLOBAL Language Service Academy n&#039;est pas responsable de tout contenu, code ou toute autre impr\u00e9cision.<\/p>\n\n<p>LSA.GLOBAL Language Service Academy ne fournit aucune garantie.<\/p>\n\n<p>LSA.GLOBAL Language Service Academy ne pourra en aucun cas \u00eatre tenu responsable de dommages sp\u00e9ciaux, directs, indirects, cons\u00e9cutifs ou accessoires, ni de tout dommage quel qu&#039;il soit, que ce soit dans le cadre d&#039;une action contractuelle, d&#039;une n\u00e9gligence ou d&#039;un autre d\u00e9lit, d\u00e9coulant de ou en relation avec l&#039;utilisation du Service ou du contenu du Service. LSA.GLOBAL Language Service Academy se r\u00e9serve le droit d&#039;effectuer des ajouts, des suppressions ou des modifications au contenu du Service \u00e0 tout moment sans pr\u00e9avis.<\/p>\n\n<p><strong>Avis de non-responsabilit\u00e9 g\u00e9n\u00e9ral<\/strong><\/p>\n\n<p>Le Service LSA.GLOBAL Language Service Academy et son contenu sont fournis \u00ab tels quels \u00bb et \u00ab tels que disponibles \u00bb sans aucune garantie ni repr\u00e9sentation d&#039;aucune sorte, expresse ou implicite. LSA.GLOBAL Language Service Academy est un distributeur et non un \u00e9diteur du contenu fourni par des tiers ; en tant que tel, LSA.GLOBAL Language Service Academy n&#039;exerce aucun contr\u00f4le \u00e9ditorial sur ce contenu et ne fait aucune garantie ni repr\u00e9sentation quant \u00e0 l&#039;exactitude, la fiabilit\u00e9 ou l&#039;actualit\u00e9 de toute information, contenu, service ou marchandise fourni ou accessible via le Service LSA.GLOBAL Language Service Academy.<\/p>\n\n<p>Sans limiter ce qui pr\u00e9c\u00e8de, LSA.GLOBAL Language Service Academy d\u00e9cline sp\u00e9cifiquement toute garantie et repr\u00e9sentation dans tout contenu transmis sur ou en relation avec le Service LSA.GLOBAL Language Service Academy ou sur des sites pouvant appara\u00eetre sous forme de liens sur le Service LSA.GLOBAL Language Service Academy, ou dans les produits fournis dans le cadre de, ou autrement en relation avec, le Service LSA.GLOBAL Language Service Academy, y compris, sans limitation, toute garantie de qualit\u00e9 marchande, d&#039;ad\u00e9quation \u00e0 un usage particulier ou de non-violation des droits de tiers.<\/p>\n\n<p>Aucun conseil oral ni aucune information \u00e9crite donn\u00e9e par LSA.GLOBAL Language Service Academy ou l'une de ses soci\u00e9t\u00e9s affili\u00e9es, employ\u00e9s, dirigeants, administrateurs, agents ou autres ne constitue une garantie. Les informations sur les prix et la disponibilit\u00e9 sont susceptibles d'\u00eatre modifi\u00e9es sans pr\u00e9avis. Sans limiter ce qui pr\u00e9c\u00e8de, LSA.GLOBAL Language Service Academy ne garantit pas que le service LSA.GLOBAL Language Service Academy sera ininterrompu, non corrompu, en temps opportun ou sans erreur.<\/p>\n\n<p><strong>Cookies essentiels<\/strong><\/p>\n\n<p>Nous utilisons des cookies essentiels pour faire fonctionner notre site Web. Ces cookies sont strictement n\u00e9cessaires pour activer des fonctionnalit\u00e9s de base telles que la s\u00e9curit\u00e9, la gestion du r\u00e9seau, vos pr\u00e9f\u00e9rences en mati\u00e8re de cookies et l&#039;accessibilit\u00e9. Sans eux, vous ne pourriez pas utiliser les services de base. Vous pouvez les d\u00e9sactiver en modifiant les param\u00e8tres de votre navigateur, mais cela peut affecter le fonctionnement des sites Web.<\/p>\n\n<p>Cookies de performance et de fonctionnalit\u00e9<\/p>\n\n<p>Ces cookies sont utilis\u00e9s pour am\u00e9liorer les performances et les fonctionnalit\u00e9s de notre site Web, mais ne sont pas essentiels \u00e0 son utilisation. Cependant, sans ces cookies, certaines fonctionnalit\u00e9s telles que les vid\u00e9os peuvent devenir indisponibles ou vous devrez saisir vos informations de connexion \u00e0 chaque fois que vous visitez le site Web, car nous ne pourrions pas nous souvenir que vous vous \u00eates connect\u00e9 pr\u00e9c\u00e9demment.<\/p>\n\n<p>Cookies marketing<\/p>\n\n<p>Ces cookies marketing bas\u00e9s sur les comptes nous permettent d&#039;identifier les prospects futurs et de personnaliser les interactions de vente et de marketing avec eux.<\/p>\n\n<p><strong>Cookies d&#039;analyse et de personnalisation<\/strong><\/p>\n\n<p>Ces cookies collectent des informations qui sont utilis\u00e9es pour nous aider \u00e0 comprendre comment notre site Web est utilis\u00e9 ou \u00e0 quel point nos campagnes marketing sont efficaces, ou pour nous aider \u00e0 personnaliser notre site Web pour vous.<\/p>\n\n<p>We use cookies served by Google Analytics to collect limited data directly from end-user browsers to enable us to better understand your use of our website. Further information on how Google collects and uses this data can be found at:\u00a0https:\/\/www.google.com\/policies\/privacy\/partners\/. You can opt-out of all Google supported analytics on our Websites by visiting:\u00a0https:\/\/tools.google.com\/dlpage\/gaoptout.<\/p>\n\n<p>Cookies publicitaires<\/p>\n\n<p>Ces cookies collectent des informations au fil du temps sur votre activit\u00e9 en ligne sur le site Web et d&#039;autres services en ligne afin de rendre les publicit\u00e9s en ligne plus pertinentes et plus efficaces pour vous. C&#039;est ce qu&#039;on appelle la publicit\u00e9 bas\u00e9e sur les centres d&#039;int\u00e9r\u00eat. Ils remplissent \u00e9galement des fonctions telles que la pr\u00e9vention de la r\u00e9apparition continue de la m\u00eame publicit\u00e9 et la garantie que les publicit\u00e9s sont correctement affich\u00e9es pour les annonceurs. Sans cookies, il est tr\u00e8s difficile pour un annonceur d&#039;atteindre son public ou de savoir combien de publicit\u00e9s ont \u00e9t\u00e9 diffus\u00e9es et combien de clics elles ont re\u00e7us.<\/p>\n\n<p><strong>Cookies des r\u00e9seaux sociaux<\/strong><\/p>\n\n<p>Ces cookies sont utilis\u00e9s lorsque vous partagez des informations \u00e0 l&#039;aide d&#039;un bouton de partage de m\u00e9dias sociaux ou d&#039;un bouton \u00ab J&#039;aime \u00bb sur notre Site ou lorsque vous liez votre compte ou interagissez avec notre contenu sur ou via un site Web de r\u00e9seau social tel que Facebook, Twitter ou Google+. Le r\u00e9seau social enregistrera que vous avez fait cela. Ces cookies peuvent \u00e9galement inclure certains codes qui ont \u00e9t\u00e9 plac\u00e9s sur la plateforme pour aider \u00e0 suivre les conversions des publicit\u00e9s, optimiser les publicit\u00e9s en fonction des donn\u00e9es collect\u00e9es, cr\u00e9er des audiences cibl\u00e9es pour les futures publicit\u00e9s et recibler les utilisateurs qualifi\u00e9s qui ont d\u00e9j\u00e0 effectu\u00e9 certaines actions sur la plateforme.<\/p>\n\n<p>Cookies tiers<\/p>\n\n<p>Certains cookies install\u00e9s sur notre site Web ne sont pas install\u00e9s par LSA.GLOBAL Language Service Academy. Les sites Web peuvent \u00eatre int\u00e9gr\u00e9s \u00e0 du contenu provenant de tiers pour diffuser de la publicit\u00e9. Ces fournisseurs de services tiers peuvent installer leurs propres cookies sur votre navigateur Web. Les fournisseurs de services tiers contr\u00f4lent de nombreux cookies de performance et de fonctionnalit\u00e9, de publicit\u00e9, de marketing et d&#039;analyse d\u00e9crits ci-dessus. Nous ne contr\u00f4lons pas l&#039;utilisation de ces cookies tiers, car les cookies ne sont accessibles que par le tiers qui les a initialement install\u00e9s.<\/p>\n\n<p>Comment pouvez-vous g\u00e9rer les cookies ?<\/p>\n\n<p>La plupart des navigateurs vous permettent de contr\u00f4ler les cookies via leurs pr\u00e9f\u00e9rences \u00ab\u00a0param\u00e8tres\u00a0\u00bb. Cependant, si vous limitez la capacit\u00e9 des sites Web \u00e0 d\u00e9finir des cookies, vous risquez de d\u00e9grader votre exp\u00e9rience utilisateur globale, car elle ne sera plus personnalis\u00e9e. Cela peut \u00e9galement vous emp\u00eacher d&#039;enregistrer des param\u00e8tres personnalis\u00e9s tels que les informations de connexion. Les fabricants de navigateurs fournissent des pages d&#039;aide relatives \u00e0 la gestion des cookies dans leurs produits.<\/p>\n\n<p>Les fabricants de navigateurs proposent des pages d&#039;aide relatives \u00e0 la gestion des cookies dans leurs produits. Veuillez consulter ci-dessous pour plus d&#039;informations.<\/p>\n\n<p>\u00a0 -Google Chrome<\/p>\n\n<p>\u00a0 -Internet Explorer<\/p>\n\n<p>\u00a0 -Mozilla Firefox<\/p>\n\n<p>\u00a0 -Safari (Bureau)<\/p>\n\n<p>\u00a0 -Safari (T\u00e9l\u00e9phone portable)<\/p>\n\n<p>\u00a0 -Navigateur Android<\/p>\n\n<p>\u00a0 -Op\u00e9ra<\/p>\n\n<p>\u00a0 -Op\u00e9ra Mobile<\/p>\n\n<p>Blocage et d\u00e9sactivation des cookies et technologies similaires<\/p>\n\n<p>O\u00f9 que vous soyez, vous pouvez \u00e9galement configurer votre navigateur pour bloquer les cookies et technologies similaires, mais cette action peut bloquer nos cookies essentiels et emp\u00eacher notre site Web de fonctionner correctement, et vous ne pourrez peut-\u00eatre pas utiliser pleinement toutes ses fonctionnalit\u00e9s et services. Vous devez \u00e9galement savoir que vous risquez \u00e9galement de perdre certaines informations enregistr\u00e9es (par exemple, les informations de connexion enregistr\u00e9es, les pr\u00e9f\u00e9rences du site) si vous bloquez les cookies sur votre navigateur. Diff\u00e9rents navigateurs mettent \u00e0 votre disposition diff\u00e9rents contr\u00f4les. La d\u00e9sactivation d&#039;un cookie ou d&#039;une cat\u00e9gorie de cookie ne supprime pas le cookie de votre navigateur, vous devrez le faire vous-m\u00eame \u00e0 partir de votre navigateur, vous devez visiter le menu d&#039;aide de votre navigateur pour plus d&#039;informations.<\/p>\n\n<p><strong>Modifications de notre politique en mati\u00e8re de cookies<\/strong><\/p>\n\n<p>Nous pouvons  modifier notre Service et nos politiques, et \u00e0 apporter des modifications \u00e0 la pr\u00e9sente Politique relative aux cookies afin qu'elles refl\u00e8tent pr\u00e9cis\u00e9ment notre Service et nos politiques. Sauf disposition contraire de la loi, nous vous informerons (par exemple, via notre Service) avant d'apporter des modifications \u00e0 la pr\u00e9sente Politique relative aux cookies et vous donnerons la possibilit\u00e9 de les consulter avant leur entr\u00e9e en vigueur. Ensuite, si vous continuez \u00e0 utiliser le Service, vous serez li\u00e9 par la Politique de cookies mise \u00e0 jour. Si vous ne souhaitez pas accepter cette Politique relative aux cookies ou toute autre Politique relative aux cookies mise \u00e0 jour, vous pouvez supprimer votre compte.<\/p>\n\n<p>Votre consentement<\/p>\n\n<p>En utilisant notre site Web, en cr\u00e9ant un compte ou en effectuant un achat, vous consentez par la pr\u00e9sente \u00e0 notre politique en mati\u00e8re de cookies et acceptez ses conditions.<\/p>\n\n<p><strong>Contactez-nous<\/strong><\/p>\n\n<p>N&#039;h\u00e9sitez pas \u00e0 nous contacter si vous avez des questions concernant notre politique en mati\u00e8re de cookies.<\/p>\n<p>United States of America:<\/p>\n<p>Office 91, 254 Chapman Rd, Suite 101-B, Newark, Delaware, 19702, USA,<\/p>\n<p>lsa-global.com<\/p>\n<p>contacts@lsa-global.com<\/p>\n<p>Office Phone: +1 3156 540 253<\/p>\n<p>or<\/p>\n\n<p>\u00a0-Via Email:\u00a0 infos@lsaglobal-translate.co.uk<\/p>\n\n<p>\u00a0-Via Phone Number:\u00a0 07378461403<\/p>\n\n<p>\u00a0-Via this Link:\u00a0 lsaglobal-translate.co.uk<\/p>\n\n<p>\u00a0-Via cette adresse : 182-184 High Street North East Ham London E6 2JA<\/p>\n\n<figure class=\"wp-block-image size-full\"><img fetchpriority=\"high\" decoding=\"async\" width=\"1024\" height=\"512\" data-attachment-id=\"36458\" data-permalink=\"https:\/\/lsa-global.com\/fr\/politique-de-cookies-lsa-global\/cookie-policy-2\/\" data-orig-file=\"https:\/\/i0.wp.com\/lsa-global.com\/wp-content\/uploads\/2024\/04\/cookie-policy.jpg?fit=1024%2C512&amp;ssl=1\" data-orig-size=\"1024,512\" data-comments-opened=\"0\" data-image-meta=\"{&quot;aperture&quot;:&quot;0&quot;,&quot;credit&quot;:&quot;&quot;,&quot;camera&quot;:&quot;&quot;,&quot;caption&quot;:&quot;&quot;,&quot;created_timestamp&quot;:&quot;0&quot;,&quot;copyright&quot;:&quot;&quot;,&quot;focal_length&quot;:&quot;0&quot;,&quot;iso&quot;:&quot;0&quot;,&quot;shutter_speed&quot;:&quot;0&quot;,&quot;title&quot;:&quot;&quot;,&quot;orientation&quot;:&quot;1&quot;}\" data-image-title=\"cookie-policy\" data-image-description=\"&lt;p&gt;Cookie policy&lt;\/p&gt;\" data-image-caption=\"\" data-large-file=\"https:\/\/i0.wp.com\/lsa-global.com\/wp-content\/uploads\/2024\/04\/cookie-policy.jpg?fit=1024%2C512&amp;ssl=1\" data-recalc-dims=\"1\" class=\"wp-image-36458\" src=\"https:\/\/i0.wp.com\/lsa-global.com\/wp-content\/uploads\/2024\/04\/cookie-policy.jpg?w=1280&#038;ssl=1\" alt=\"politique de cookies\" title=\"\" srcset=\"https:\/\/i0.wp.com\/lsa-global.com\/wp-content\/uploads\/2024\/04\/cookie-policy.jpg?w=1024&amp;ssl=1 1024w, https:\/\/i0.wp.com\/lsa-global.com\/wp-content\/uploads\/2024\/04\/cookie-policy.jpg?resize=300%2C150&amp;ssl=1 300w, https:\/\/i0.wp.com\/lsa-global.com\/wp-content\/uploads\/2024\/04\/cookie-policy.jpg?resize=150%2C75&amp;ssl=1 150w, https:\/\/i0.wp.com\/lsa-global.com\/wp-content\/uploads\/2024\/04\/cookie-policy.jpg?resize=768%2C384&amp;ssl=1 768w, https:\/\/i0.wp.com\/lsa-global.com\/wp-content\/uploads\/2024\/04\/cookie-policy.jpg?resize=370%2C185&amp;ssl=1 370w, https:\/\/i0.wp.com\/lsa-global.com\/wp-content\/uploads\/2024\/04\/cookie-policy.jpg?resize=760%2C380&amp;ssl=1 760w\" sizes=\"(max-width: 1024px) 100vw, 1024px\" \/><figcaption><\/figcaption><\/figure>\n\t\t\t\t\t\t\t\t<\/div>\n\t\t\t\t<div class=\"elementor-element elementor-element-df8d495 elementor-widget elementor-widget-heading\" data-id=\"df8d495\" data-element_type=\"widget\" data-e-type=\"widget\" data-widget_type=\"heading.default\">\n\t\t\t\t\t<h2 class=\"elementor-heading-title elementor-size-default\">Aller au-del\u00e0<\/h2>\t\t\t\t<\/div>\n\t\t\t\t<div class=\"elementor-element elementor-element-06eb239 elementor-widget elementor-widget-text-editor\" data-id=\"06eb239\" data-element_type=\"widget\" data-e-type=\"widget\" data-widget_type=\"text-editor.default\">\n\t\t\t\t\t\t\t\t\t<h5><a href=\"https:\/\/lsa-global.com\/fr\/apprendre-la-langue-allemande\/\"><span style=\"color: #ff0000;\">Cours d&#039;allemand<\/span><\/a><\/h5>\t\t\t\t\t\t\t\t<\/div>\n\t\t\t\t<div class=\"elementor-element elementor-element-2cc24b5 elementor-widget elementor-widget-text-editor\" data-id=\"2cc24b5\" data-element_type=\"widget\" data-e-type=\"widget\" data-widget_type=\"text-editor.default\">\n\t\t\t\t\t\t\t\t\t<h5><a href=\"https:\/\/lsa-global.com\/fr\/apprendre-la-langue-allemande\/\"><span style=\"color: #ff0000;\">Devis gratuit<\/span><\/a><\/h5>\t\t\t\t\t\t\t\t<\/div>\n\t\t\t\t<div class=\"elementor-element elementor-element-d6c8b96 elementor-widget elementor-widget-text-editor\" data-id=\"d6c8b96\" data-element_type=\"widget\" data-e-type=\"widget\" data-widget_type=\"text-editor.default\">\n\t\t\t\t\t\t\t\t\t<h5><a href=\"https:\/\/lsaglobal-translate.co.uk\/services\/translation-services\/\" target=\"_blank\" rel=\"noopener\"><span style=\"color: #ff0000;\">Traduction Pro.<\/span><\/a><\/h5>\t\t\t\t\t\t\t\t<\/div>\n\t\t\t\t\t<\/div>\n\t\t\t\t<\/div>\n\t\t\t\t<\/div>","protected":false},"excerpt":{"rendered":"<p>Cookie Policy Updated at 2024-04-06 Cookie Policy: Definitions and key terms To help explain things as clearly as possible in&hellip;<\/p>","protected":false},"author":1,"featured_media":36458,"parent":0,"menu_order":0,"comment_status":"closed","ping_status":"closed","template":"","meta":{"jetpack_post_was_ever_published":false,"footnotes":""},"class_list":["post-36414","page","type-page","status-publish","has-post-thumbnail","hentry"],"jetpack_sharing_enabled":true,"jetpack_likes_enabled":true,"jetpack-related-posts":[],"jetpack_shortlink":"https:\/\/wp.me\/PerFda-9tk","_links":{"self":[{"href":"https:\/\/lsa-global.com\/fr\/wp-json\/wp\/v2\/pages\/36414","targetHints":{"allow":["GET"]}}],"collection":[{"href":"https:\/\/lsa-global.com\/fr\/wp-json\/wp\/v2\/pages"}],"about":[{"href":"https:\/\/lsa-global.com\/fr\/wp-json\/wp\/v2\/types\/page"}],"author":[{"embeddable":true,"href":"https:\/\/lsa-global.com\/fr\/wp-json\/wp\/v2\/users\/1"}],"replies":[{"embeddable":true,"href":"https:\/\/lsa-global.com\/fr\/wp-json\/wp\/v2\/comments?post=36414"}],"version-history":[{"count":0,"href":"https:\/\/lsa-global.com\/fr\/wp-json\/wp\/v2\/pages\/36414\/revisions"}],"wp:featuredmedia":[{"embeddable":true,"href":"https:\/\/lsa-global.com\/fr\/wp-json\/wp\/v2\/media\/36458"}],"wp:attachment":[{"href":"https:\/\/lsa-global.com\/fr\/wp-json\/wp\/v2\/media?parent=36414"}],"curies":[{"name":"wp","href":"https:\/\/api.w.org\/{rel}","templated":true}]}}