{"id":3525,"date":"2022-08-27T09:44:57","date_gmt":"2022-08-27T09:44:57","guid":{"rendered":"https:\/\/lsa-global.com\/?page_id=3525"},"modified":"2025-04-25T12:09:49","modified_gmt":"2025-04-25T11:09:49","slug":"services-de-redaction-professionnels","status":"publish","type":"page","link":"https:\/\/lsa-global.com\/fr\/services-de-redaction-professionnels\/","title":{"rendered":"SERVICES DE R\u00c9DACTION PROFESSIONNELS"},"content":{"rendered":"<div data-elementor-type=\"wp-page\" data-elementor-id=\"3525\" class=\"elementor elementor-3525\" data-elementor-post-type=\"page\">\n\t\t\t\t<div class=\"elementor-element elementor-element-3aaba105 e-flex e-con-boxed e-con e-parent\" data-id=\"3aaba105\" data-element_type=\"container\" data-e-type=\"container\">\n\t\t\t\t\t<div class=\"e-con-inner\">\n\t\t\t\t<div class=\"elementor-element elementor-element-8af65ab elementor-widget elementor-widget-image\" data-id=\"8af65ab\" data-element_type=\"widget\" data-e-type=\"widget\" data-widget_type=\"image.default\">\n\t\t\t\t\t\t\t\t\t\t\t\t\t\t\t<img fetchpriority=\"high\" decoding=\"async\" data-attachment-id=\"29200\" data-permalink=\"https:\/\/lsa-global.com\/professional-copywriting-services\/photo-by-mailchimp\/\" data-orig-file=\"https:\/\/i0.wp.com\/lsa-global.com\/wp-content\/uploads\/2023\/07\/lax4e6gl06s.jpg?fit=960%2C1200&amp;ssl=1\" data-orig-size=\"960,1200\" data-comments-opened=\"0\" data-image-meta=\"{&quot;aperture&quot;:&quot;0&quot;,&quot;credit&quot;:&quot;&quot;,&quot;camera&quot;:&quot;&quot;,&quot;caption&quot;:&quot;&quot;,&quot;created_timestamp&quot;:&quot;0&quot;,&quot;copyright&quot;:&quot;&quot;,&quot;focal_length&quot;:&quot;0&quot;,&quot;iso&quot;:&quot;0&quot;,&quot;shutter_speed&quot;:&quot;0&quot;,&quot;title&quot;:&quot;&quot;,&quot;orientation&quot;:&quot;0&quot;}\" data-image-title=\"Professional Copywriting Services\" data-image-description=\"\" data-image-caption=\"\" data-large-file=\"https:\/\/i0.wp.com\/lsa-global.com\/wp-content\/uploads\/2023\/07\/lax4e6gl06s.jpg?fit=819%2C1024&amp;ssl=1\" width=\"240\" height=\"300\" src=\"https:\/\/i0.wp.com\/lsa-global.com\/wp-content\/uploads\/2023\/07\/lax4e6gl06s.jpg?fit=240%2C300&amp;ssl=1\" class=\"attachment-medium size-medium wp-image-29200\" alt=\"Services de r\u00e9daction professionnels\" srcset=\"https:\/\/i0.wp.com\/lsa-global.com\/wp-content\/uploads\/2023\/07\/lax4e6gl06s.jpg?w=960&amp;ssl=1 960w, https:\/\/i0.wp.com\/lsa-global.com\/wp-content\/uploads\/2023\/07\/lax4e6gl06s.jpg?resize=240%2C300&amp;ssl=1 240w, https:\/\/i0.wp.com\/lsa-global.com\/wp-content\/uploads\/2023\/07\/lax4e6gl06s.jpg?resize=819%2C1024&amp;ssl=1 819w, https:\/\/i0.wp.com\/lsa-global.com\/wp-content\/uploads\/2023\/07\/lax4e6gl06s.jpg?resize=768%2C960&amp;ssl=1 768w, https:\/\/i0.wp.com\/lsa-global.com\/wp-content\/uploads\/2023\/07\/lax4e6gl06s.jpg?resize=370%2C463&amp;ssl=1 370w, https:\/\/i0.wp.com\/lsa-global.com\/wp-content\/uploads\/2023\/07\/lax4e6gl06s.jpg?resize=760%2C950&amp;ssl=1 760w\" sizes=\"(max-width: 240px) 100vw, 240px\" title=\"\">\t\t\t\t\t\t\t\t\t\t\t\t\t\t\t<\/div>\n\t\t\t\t\t<\/div>\n\t\t\t\t<\/div>\n\t\t<div class=\"elementor-element elementor-element-dfe6f6b e-flex e-con-boxed e-con e-parent\" data-id=\"dfe6f6b\" data-element_type=\"container\" data-e-type=\"container\">\n\t\t\t\t\t<div class=\"e-con-inner\">\n\t\t\t\t<div class=\"elementor-element elementor-element-b88ff39 elementor-widget elementor-widget-heading\" data-id=\"b88ff39\" data-element_type=\"widget\" data-e-type=\"widget\" data-widget_type=\"heading.default\">\n\t\t\t\t\t<h2 class=\"elementor-heading-title elementor-size-default\">Services de r\u00e9daction professionnels<\/h2>\t\t\t\t<\/div>\n\t\t\t\t\t<\/div>\n\t\t\t\t<\/div>\n\t\t<div class=\"elementor-element elementor-element-c912546 e-flex e-con-boxed e-con e-parent\" data-id=\"c912546\" data-element_type=\"container\" data-e-type=\"container\">\n\t\t\t\t\t<div class=\"e-con-inner\">\n\t\t\t\t<div class=\"elementor-element elementor-element-f44716f elementor-widget elementor-widget-text-editor\" data-id=\"f44716f\" data-element_type=\"widget\" data-e-type=\"widget\" data-widget_type=\"text-editor.default\">\n\t\t\t\t\t\t\t\t\t<p>Si vous avez quelque chose \u00e0 dire, nous pouvons r\u00e9diger votre message de mani\u00e8re cr\u00e9ative et efficace, afin de capter votre attention sur votre march\u00e9, en utilisant notre exp\u00e9rience et nos connaissances. L&#039;\u00e9quipe de Writing Sense combine une vaste exp\u00e9rience en r\u00e9daction et en marketing pour produire des textes originaux et cr\u00e9atifs pour n&#039;importe quel sujet ou niche.<\/p>\n<p>Nous disposons des ressources n\u00e9cessaires pour cr\u00e9er une page de destination simple, r\u00e9diger un site Web complet ou cr\u00e9er un vaste r\u00e9seau SEO qui n\u00e9cessite un contenu volumineux. Une \u00e9quipe distincte v\u00e9rifie l&#039;unicit\u00e9 de toutes les copies et les relit pour garantir les normes les plus \u00e9lev\u00e9es gr\u00e2ce \u00e0 un processus de contr\u00f4le qualit\u00e9 rigoureux.<\/p>\n<p>Avez-vous besoin de copies dans d\u2019autres langues que l\u2019anglais ?<\/p>\n<p>Veuillez nous informer de notre bassin de r\u00e9dacteurs de qualit\u00e9 dans de nombreuses langues, notamment le russe, l&#039;allemand, l&#039;italien, etc.<\/p>\n<p>Pourquoi nous choisir ?<\/p>\n<p>J&#039;ai plus de 15 ans d&#039;exp\u00e9rience.<\/p>\n<p>LSA GLOBAL produit tous les travaux comme 100% original.<\/p>\n<p>Nous garantissons la qualit\u00e9 de notre travail.<\/p>\n<p>Nous offrons des services professionnels de r\u00e9daction et d\u2019\u00e9dition.<\/p>\n<p>LSA GLOBAL offre des d\u00e9lais d&#039;ex\u00e9cution rapides.<\/p>\n<p>Nous veillons \u00e0 ce que notre contenu soit optimis\u00e9 pour le r\u00e9f\u00e9rencement.<\/p>\n<p>LSA GLOBAL poss\u00e8de une vaste exp\u00e9rience en marketing.<\/p>\n<p>Nous offrons un service de classe mondiale.<\/p>\t\t\t\t\t\t\t\t<\/div>\n\t\t\t\t<div class=\"elementor-element elementor-element-572d20d elementor-widget elementor-widget-heading\" data-id=\"572d20d\" data-element_type=\"widget\" data-e-type=\"widget\" data-widget_type=\"heading.default\">\n\t\t\t\t\t<h3 class=\"elementor-heading-title elementor-size-default\">AUTRES ASPECTS DE LA R\u00c9DACTION<\/h3>\t\t\t\t<\/div>\n\t\t\t\t<div class=\"elementor-element elementor-element-eaacaf0 elementor-widget elementor-widget-heading\" data-id=\"eaacaf0\" data-element_type=\"widget\" data-e-type=\"widget\" data-widget_type=\"heading.default\">\n\t\t\t\t\t<h3 class=\"elementor-heading-title elementor-size-default\">que-signifie-copywriting&quot; <\/h3>\t\t\t\t<\/div>\n\t\t\t\t<div class=\"elementor-element elementor-element-e653048 elementor-widget elementor-widget-text-editor\" data-id=\"e653048\" data-element_type=\"widget\" data-e-type=\"widget\" data-widget_type=\"text-editor.default\">\n\t\t\t\t\t\t\t\t\t<p>Le copywriter a pour objectif de pousser le lecteur \u00e0 prendre une d\u00e9cision, \u00e0 r\u00e9aliser un achat ou \u00e0 entreprendre une autre action gr\u00e2ce \u00e0 un contenu de qualit\u00e9. En effet, le texte joue un r\u00f4le des plus importants, qu\u2019il s\u2019agisse d\u2019un spot publicitaire ou d\u2019un contenu en ligne. Un discours appropri\u00e9 est n\u00e9cessaire pour que les images les plus sensationnelles de la publicit\u00e9 t\u00e9l\u00e9vis\u00e9e aient l\u2019effet escompt\u00e9.<\/p>\n<p>Le marketing est \u00e0 l\u2019origine du concept de copywriting, qui se rapporte \u00e0 la r\u00e9daction professionnelle de textes publicitaires. Bien entendu, \u00ab \u00e9dition \u00bb correspond \u00e0 \u00ab r\u00e9daction \u00bb, le \u00ab texte \u00bb \u00e9tant d\u00e9sign\u00e9 par \u00ab copie \u00bb dans le langage de l\u2019\u00e9dition, du journalisme et de la publicit\u00e9. En fran\u00e7ais, on parle de \u00ab r\u00e9dacteur publicitaire \u00bb ou de \u00ab concepteur-r\u00e9dacteur \u00bb.<\/p>\n<p><strong><span style=\"color: #000000;\">Avis<\/span><\/strong><br \/>Le copywriting a pour objectif d&#039;attirer l&#039;attention, de susciter l&#039;int\u00e9r\u00eat, de stimuler les envies et d&#039;inciter \u00e0 l&#039;action. Diff\u00e9rentes m\u00e9thodes de copywriting peuvent y parvenir en fonction des groupes cibles.<\/p>\t\t\t\t\t\t\t\t<\/div>\n\t\t\t\t<div class=\"elementor-element elementor-element-790ab59 elementor-widget elementor-widget-heading\" data-id=\"790ab59\" data-element_type=\"widget\" data-e-type=\"widget\" data-widget_type=\"heading.default\">\n\t\t\t\t\t<h3 class=\"elementor-heading-title elementor-size-default\">un-r\u00e9dacteur-\u00e9crit<\/h3>\t\t\t\t<\/div>\n\t\t\t\t<div class=\"elementor-element elementor-element-b64ba85 elementor-widget elementor-widget-text-editor\" data-id=\"b64ba85\" data-element_type=\"widget\" data-e-type=\"widget\" data-widget_type=\"text-editor.default\">\n\t\t\t\t\t\t\t\t\t<p>Les copywriters peuvent r\u00e9diger un ou plusieurs textes pour une seule campagne, selon le type de produit ou de service que vous souhaitez promouvoir. Il faut d\u00e9terminer le contenu, le ton et le public cible appropri\u00e9s. Il faut \u00e9galement veiller \u00e0 une bonne coh\u00e9rence de l\u2019ensemble du message, textes et graphismes combin\u00e9s. Le copywriter doit faire preuve de cr\u00e9ativit\u00e9 et d\u2019une volont\u00e9 de s\u2019int\u00e9resser de pr\u00e8s \u00e0 un domaine qu\u2019il ne conna\u00eet pas forc\u00e9ment. En effet, selon le produit ou le service, il faut savoir adopter le ton n\u00e9cessaire, qui peut aller du s\u00e9rieux \u00e0 l\u2019humour.<\/p>\t\t\t\t\t\t\t\t<\/div>\n\t\t\t\t<div class=\"elementor-element elementor-element-a01a430 elementor-widget elementor-widget-heading\" data-id=\"a01a430\" data-element_type=\"widget\" data-e-type=\"widget\" data-widget_type=\"heading.default\">\n\t\t\t\t\t<h3 class=\"elementor-heading-title elementor-size-default\">comment-puis-je-devenir-un-bon-r\u00e9dacteur<\/h3>\t\t\t\t<\/div>\n\t\t\t\t<div class=\"elementor-element elementor-element-48ad830 elementor-widget elementor-widget-text-editor\" data-id=\"48ad830\" data-element_type=\"widget\" data-e-type=\"widget\" data-widget_type=\"text-editor.default\">\n\t\t\t\t\t\t\t\t\t<p>Une formation sp\u00e9cifique n\u2019est pas forc\u00e9ment requise pour un poste de copywriter. De nombreuses personnes ont suivi une formation \u00ab sur le tas \u00bb en agence. Cependant, suivre une formation de copywriter est avantageux \u00e0 bien des points de vue. La formation vous apprendra \u00e0 r\u00e9fl\u00e9chir de mani\u00e8re strat\u00e9gique, \u00e0 trouver des id\u00e9es et bien s\u00fbr \u00e0 ma\u00eetriser les bases n\u00e9cessaires, comme en informatique. De plus, la formation en alternance donne une exp\u00e9rience de terrain irrempla\u00e7able. Le copywriter aura int\u00e9r\u00eat \u00e0 poss\u00e9der les comp\u00e9tences et aptitudes suivantes, quel que soit son parcours.<\/p>\n<p>Avoir une bonne ma\u00eetrise linguistique. Je fais preuve de cr\u00e9ativit\u00e9 et de fantaisie. Dois poss\u00e9der de vastes connaissances g\u00e9n\u00e9rales. Dois avoir de la curiosit\u00e9. Doit \u00eatre pr\u00eat \u00e0 apprendre. \u00catre capable de faire des recherches.<\/p>\t\t\t\t\t\t\t\t<\/div>\n\t\t\t\t\t<\/div>\n\t\t\t\t<\/div>\n\t\t<div class=\"elementor-element elementor-element-7e25bd8 e-flex e-con-boxed e-con e-parent\" data-id=\"7e25bd8\" data-element_type=\"container\" data-e-type=\"container\">\n\t\t\t\t\t<div class=\"e-con-inner\">\n\t\t\t\t<div class=\"elementor-element elementor-element-071772f elementor-widget elementor-widget-heading\" data-id=\"071772f\" data-element_type=\"widget\" data-e-type=\"widget\" data-widget_type=\"heading.default\">\n\t\t\t\t\t<h3 class=\"elementor-heading-title elementor-size-default\">comment-d\u00e9clencher-une-action<\/h3>\t\t\t\t<\/div>\n\t\t\t\t<div class=\"elementor-element elementor-element-21420eb elementor-widget elementor-widget-text-editor\" data-id=\"21420eb\" data-element_type=\"widget\" data-e-type=\"widget\" data-widget_type=\"text-editor.default\">\n\t\t\t\t\t\t\t\t\t<p>L\u2019efficacit\u00e9 d\u2019un copywriter se mesure au nombre d\u2019actions d\u00e9clench\u00e9es par la campagne marketing (on parle de taux de conversion). Pour d\u00e9clencher explicitement une action chez un consommateur potentiel, on \u00e9crira une phrase telle que \u00ab Commandez maintenant \u00bb ou \u00ab Visitez notre boutique en ligne \u00bb. Il s\u2019agit d\u2019appels \u00e0 l\u2019action (CTA, call to action). Faites attention aux trois points suivants pour d\u00e9clencher une r\u00e9action du lecteur :<\/p>\n<p>Vous devez d\u00e9finir \u00e0 l\u2019avance qui vous souhaitez atteindre avec votre contenu, et vous adresser activement \u00e0 votre cible.<br \/>Il faut convaincre le destinataire du produit ou du service en mettant en avant son avantage unique, en anglais son USP (unique selling proposition). Cela r\u00e9pond en m\u00eame temps \u00e0 la question de savoir ce qui diff\u00e9rencie le produit ou le service de la concurrence.<\/p>\n<p>Pour le lecteur, r\u00e9aliser une action doit \u00eatre le plus simple possible. Si vous souhaitez que le lecteur regarde une vid\u00e9o du produit, vous devez le solliciter activement pour qu\u2019il le fasse : \u00ab Cliquez sur la vid\u00e9o pour d\u00e9couvrir les fonctionnalit\u00e9s uniques du produit \u00bb.<\/p>\n<p><strong><span style=\"color: #000000;\">Conseil<\/span><\/strong><br \/>Les clients satisfaits peuvent fournir des recommandations ou des t\u00e9moignages, ce qui renforcera votre cr\u00e9dibilit\u00e9.<\/p>\t\t\t\t\t\t\t\t<\/div>\n\t\t\t\t<div class=\"elementor-element elementor-element-1985047 elementor-widget elementor-widget-heading\" data-id=\"1985047\" data-element_type=\"widget\" data-e-type=\"widget\" data-widget_type=\"heading.default\">\n\t\t\t\t\t<h3 class=\"elementor-heading-title elementor-size-default\">quels-sont-les-types-de-r\u00e9daction<\/h3>\t\t\t\t<\/div>\n\t\t\t\t<div class=\"elementor-element elementor-element-5ef4cac elementor-widget elementor-widget-text-editor\" data-id=\"5ef4cac\" data-element_type=\"widget\" data-e-type=\"widget\" data-widget_type=\"text-editor.default\">\n\t\t\t\t\t\t\t\t\t<p>Au total, 27 millions de contenus en ligne sont partag\u00e9s chaque jour (statistiques 2016). Alors comment s\u2019assurer que le message publicitaire que l\u2019on diffuse ne se perde pas dans cette masse d\u2019informations ? Les entreprises se tournent de plus en plus vers des r\u00e9dacteurs experts pour obtenir un meilleur positionnement dans les recherches Google, pour \u00e9largir leur client\u00e8le et, finalement, pour se faire conna\u00eetre en tant que marque avec un contenu tr\u00e8s individualis\u00e9 qui apporte une valeur ajout\u00e9e. Il existe diff\u00e9rents types de r\u00e9daction en fonction des objectifs. En voici les principaux.<\/p>\t\t\t\t\t\t\t\t<\/div>\n\t\t\t\t<div class=\"elementor-element elementor-element-4e81041 elementor-widget elementor-widget-heading\" data-id=\"4e81041\" data-element_type=\"widget\" data-e-type=\"widget\" data-widget_type=\"heading.default\">\n\t\t\t\t\t<h3 class=\"elementor-heading-title elementor-size-default\">J&#039;\u00e9cris du contenu SEO \u00e0 des fins de r\u00e9f\u00e9rencement<\/h3>\t\t\t\t<\/div>\n\t\t\t\t<div class=\"elementor-element elementor-element-4653aea elementor-widget elementor-widget-text-editor\" data-id=\"4653aea\" data-element_type=\"widget\" data-e-type=\"widget\" data-widget_type=\"text-editor.default\">\n\t\t\t\t\t\t\t\t\t<p>La r\u00e9daction de contenu optimis\u00e9 pour les moteurs de recherche fait appel \u00e0 des mots-cl\u00e9s qui permettent d\u2019obtenir un bon positionnement dans les recherches Google, que le texte soit avant tout publicitaire ou informatif. Inclure les mots-cl\u00e9s correspondant au produit de mani\u00e8re efficace est la pr\u00e9occupation premi\u00e8re dans les textes. Utiliser ces mots-cl\u00e9s pour d\u00e9finir clairement le th\u00e8me de la page n\u2019est plus une question de multiplier leur utilisation. Dans ce contexte, le marketing de contenu a de plus en plus mis l\u2019accent sur l\u2019importance du contenu informatif des textes d\u2019optimisation. Le copywriter doit s\u2019adapter \u00e0 toutes ces \u00e9volutions qui l\u2019obligent de plus en plus \u00e0 r\u00e9diger des textes d\u2019une certaine longueur.<\/p>\n<p><strong><span style=\"color: #000000;\">Conseil<\/span><\/strong><br \/>Notre guide fournit dix conseils pour optimiser votre contenu pour les moteurs de recherche.<\/p>\t\t\t\t\t\t\t\t<\/div>\n\t\t\t\t<div class=\"elementor-element elementor-element-c6822b9 elementor-widget elementor-widget-heading\" data-id=\"c6822b9\" data-element_type=\"widget\" data-e-type=\"widget\" data-widget_type=\"heading.default\">\n\t\t\t\t\t<h3 class=\"elementor-heading-title elementor-size-default\">r\u00e9diger-un-texte-pour-inciter-aux-achats<\/h3>\t\t\t\t<\/div>\n\t\t\t\t<div class=\"elementor-element elementor-element-3893b77 elementor-widget elementor-widget-text-editor\" data-id=\"3893b77\" data-element_type=\"widget\" data-e-type=\"widget\" data-widget_type=\"text-editor.default\">\n\t\t\t\t\t\t\t\t\t<p>Le copywriter doit relever le d\u00e9fi de convaincre le lecteur des qualit\u00e9s d&#039;un produit ou d&#039;un service et, in fine, de l&#039;inciter \u00e0 acheter gr\u00e2ce \u00e0 la r\u00e9daction de textes incitatifs \u00e0 l&#039;achat. Cela est plus facile \u00e0 dire qu&#039;\u00e0 faire. Les experts en marketing poss\u00e8dent souvent des comp\u00e9tences cr\u00e9atives et des connaissances approfondies, qui sont essentielles en plus d&#039;un style convaincant. Nous recommandons la strat\u00e9gie suivante pour d\u00e9clencher l&#039;acte d&#039;achat du lecteur.<\/p>\n<p>Veuillez adresser clairement votre message \u00e0 la cible et vous adresser directement \u00e0 elle.<\/p>\n<p>Identifiez le probl\u00e8me que le produit ou le service r\u00e9sout. Le client potentiel doit pr\u00e9senter le probl\u00e8me de mani\u00e8re color\u00e9e et attrayante pour susciter son int\u00e9r\u00eat et inspirer confiance.<\/p>\n<p>Expliquez pourquoi personne n\u2019avait vraiment r\u00e9solu le probl\u00e8me auparavant.<\/p>\n<p>Expliquez comment vous avez d\u00e9couvert que vous pouviez r\u00e9ellement r\u00e9soudre le probl\u00e8me.<\/p>\n<p>Vous devez ensuite indiquer au lecteur comment il peut \u00e9galement obtenir le produit ou le service et ainsi r\u00e9soudre son probl\u00e8me.<\/p>\t\t\t\t\t\t\t\t<\/div>\n\t\t\t\t\t<\/div>\n\t\t\t\t<\/div>\n\t\t<div class=\"elementor-element elementor-element-1a2cf00 e-flex e-con-boxed e-con e-parent\" data-id=\"1a2cf00\" data-element_type=\"container\" data-e-type=\"container\">\n\t\t\t\t\t<div class=\"e-con-inner\">\n\t\t\t\t<div class=\"elementor-element elementor-element-c4912f4 elementor-widget elementor-widget-heading\" data-id=\"c4912f4\" data-element_type=\"widget\" data-e-type=\"widget\" data-widget_type=\"heading.default\">\n\t\t\t\t\t<h3 class=\"elementor-heading-title elementor-size-default\">J&#039;\u00e9cris des textes techniques<\/h3>\t\t\t\t<\/div>\n\t\t\t\t<div class=\"elementor-element elementor-element-048ce3b elementor-widget elementor-widget-text-editor\" data-id=\"048ce3b\" data-element_type=\"widget\" data-e-type=\"widget\" data-widget_type=\"text-editor.default\">\n\t\t\t\t\t\t\t\t\t<p>Le copywriting technique d\u00e9signe l\u2019acte de r\u00e9diger des textes qui portent sur un th\u00e8me ou un secteur pr\u00e9cis et qui n\u00e9cessitent de v\u00e9ritables connaissances techniques. L\u2019objectif est d\u2019apporter une valeur ajout\u00e9e au lecteur en lui fournissant des connaissances techniques. Les r\u00e9dacteurs professionnels ne sont g\u00e9n\u00e9ralement pas des r\u00e9dacteurs techniques, mais des experts dans leur domaine. En effet, confier la r\u00e9daction d\u2019un texte sur le titrage de l\u2019acide chlorhydrique \u00e0 un chimiste est mieux que de le confier \u00e0 un annonceur. L\u2019\u00e9diteur est confront\u00e9 au d\u00e9fi de cibler les textes sur des sp\u00e9cialistes. Les contenus doivent \u00eatre factuellement pr\u00e9cis et d\u00e9taill\u00e9s. Les r\u00e9dacteurs techniques peuvent r\u00e9diger des contributions, telles que des blogs, des articles de magazine ou des manuels d\u2019utilisation, en plus du contenu publicitaire.<\/p>\t\t\t\t\t\t\t\t<\/div>\n\t\t\t\t<div class=\"elementor-element elementor-element-817e488 elementor-widget elementor-widget-heading\" data-id=\"817e488\" data-element_type=\"widget\" data-e-type=\"widget\" data-widget_type=\"heading.default\">\n\t\t\t\t\t<h3 class=\"elementor-heading-title elementor-size-default\">J&#039;\u00e9cris des copies de contenu<\/h3>\t\t\t\t<\/div>\n\t\t\t\t<div class=\"elementor-element elementor-element-fd7decf elementor-widget elementor-widget-text-editor\" data-id=\"fd7decf\" data-element_type=\"widget\" data-e-type=\"widget\" data-widget_type=\"text-editor.default\">\n\t\t\t\t\t\t\t\t\t<p>Les r\u00e9dacteurs de contenu cr\u00e9ent du contenu de site Web, en se concentrant sur un sujet pr\u00e9cis. Les sites fournissent aux utilisateurs des informations sur ces sujets et les tiennent inform\u00e9s des derni\u00e8res actualit\u00e9s. En tant que r\u00e9dacteur de contenu, nous \u00e9crivons fr\u00e9quemment des articles qui expliquent comment faire les choses, en accompagnant les utilisateurs \u00e9tape par \u00e9tape. Lors de la r\u00e9daction de textes, il est important de cr\u00e9er un contenu attrayant et int\u00e9ressant. En effet, on peut esp\u00e9rer qu&#039;un client potentiel d\u00e9cidera d&#039;acheter s&#039;il trouve une contribution \u00e0 la fois divertissante et informative.<\/p>\n<p>\u00a0<\/p>\t\t\t\t\t\t\t\t<\/div>\n\t\t\t\t<div class=\"elementor-element elementor-element-8bb855e elementor-widget elementor-widget-heading\" data-id=\"8bb855e\" data-element_type=\"widget\" data-e-type=\"widget\" data-widget_type=\"heading.default\">\n\t\t\t\t\t<h3 class=\"elementor-heading-title elementor-size-default\">Je m&#039;engage dans la r\u00e9daction cr\u00e9ative<\/h3>\t\t\t\t<\/div>\n\t\t\t\t<div class=\"elementor-element elementor-element-919255c elementor-widget elementor-widget-text-editor\" data-id=\"919255c\" data-element_type=\"widget\" data-e-type=\"widget\" data-widget_type=\"text-editor.default\">\n\t\t\t\t\t\t\t\t\t<p>Les bons r\u00e9dacteurs cr\u00e9atifs choisissent un th\u00e8me et discutent de produits ou de services sp\u00e9cifiques dans leurs contributions. La r\u00e9daction cr\u00e9ative se rapproche de la r\u00e9daction d&#039;incitations \u00e0 l&#039;achat, car les deux visent \u00e0 convaincre les clients potentiels des qualit\u00e9s d&#039;un produit ou d&#039;un service. Les grands r\u00e9dacteurs cr\u00e9atifs g\u00e9n\u00e8rent souvent des slogans pour les entreprises, cr\u00e9ent des titres et d\u00e9veloppent des concepts. Une formation en marketing est courante chez de nombreux r\u00e9dacteurs cr\u00e9atifs, tandis que d&#039;autres poss\u00e8dent un talent naturel pour pr\u00e9senter un sujet de mani\u00e8re attrayante.<\/p>\t\t\t\t\t\t\t\t<\/div>\n\t\t\t\t\t<\/div>\n\t\t\t\t<\/div>\n\t\t<div class=\"elementor-element elementor-element-3609ca8 e-flex e-con-boxed e-con e-parent\" data-id=\"3609ca8\" data-element_type=\"container\" data-e-type=\"container\">\n\t\t\t\t\t<div class=\"e-con-inner\">\n\t\t\t\t<div class=\"elementor-element elementor-element-b64a06b elementor-widget elementor-widget-heading\" data-id=\"b64a06b\" data-element_type=\"widget\" data-e-type=\"widget\" data-widget_type=\"heading.default\">\n\t\t\t\t\t<h3 class=\"elementor-heading-title elementor-size-default\">pour r\u00e9sumer<\/h3>\t\t\t\t<\/div>\n\t\t\t\t<div class=\"elementor-element elementor-element-5e07ee1 elementor-widget elementor-widget-text-editor\" data-id=\"5e07ee1\" data-element_type=\"widget\" data-e-type=\"widget\" data-widget_type=\"text-editor.default\">\n\t\t\t\t\t\t\t\t\t<p>Le copywriter transmet des messages clairs qui permettent \u00e0 une publicit\u00e9 de se d\u00e9marquer et de ne pas se fondre dans la masse, que ce soit dans la presse \u00e9crite, \u00e0 la t\u00e9l\u00e9vision, \u00e0 la radio ou sur Internet. Le copywriter vit des journ\u00e9es de travail diff\u00e9rentes. Il r\u00e9dige un pitch publicitaire ou imagine un slogan un jour ; il \u00e9crit un texte pour une vid\u00e9o de d\u00e9monstration le lendemain. Au final, les r\u00e9actions qu&#039;il a suscit\u00e9es mesurent le succ\u00e8s de son travail.<\/p>\t\t\t\t\t\t\t\t<\/div>\n\t\t\t\t<div class=\"elementor-element elementor-element-1d45493 elementor-widget elementor-widget-heading\" data-id=\"1d45493\" data-element_type=\"widget\" data-e-type=\"widget\" data-widget_type=\"heading.default\">\n\t\t\t\t\t<h3 class=\"elementor-heading-title elementor-size-default\">Aller au-del\u00e0<\/h3>\t\t\t\t<\/div>\n\t\t\t\t<div class=\"elementor-element elementor-element-185a9ef elementor-widget elementor-widget-text-editor\" data-id=\"185a9ef\" data-element_type=\"widget\" data-e-type=\"widget\" data-widget_type=\"text-editor.default\">\n\t\t\t\t\t\t\t\t\t<h5><span style=\"color: #000000;\"><a style=\"color: #000000;\" href=\"https:\/\/lsaglobal-translate.co.uk\/services\/translation-services\/\" target=\"_blank\" rel=\"noopener\">Traduction Pro.<\/a><\/span><\/h5>\t\t\t\t\t\t\t\t<\/div>\n\t\t\t\t<div class=\"elementor-element elementor-element-2c4a82d elementor-widget elementor-widget-text-editor\" data-id=\"2c4a82d\" data-element_type=\"widget\" data-e-type=\"widget\" data-widget_type=\"text-editor.default\">\n\t\t\t\t\t\t\t\t\t<h5><a href=\"https:\/\/lsa-global.com\/fr\/tarifs-et-conditions-de-traduction\/\"><span style=\"color: #ff0000;\"><span style=\"color: #000000;\">Plans tarifaires et plus<\/span><\/span><\/a><\/h5>\t\t\t\t\t\t\t\t<\/div>\n\t\t\t\t<div class=\"elementor-element elementor-element-de280f4 elementor-widget elementor-widget-text-editor\" data-id=\"de280f4\" data-element_type=\"widget\" data-e-type=\"widget\" data-widget_type=\"text-editor.default\">\n\t\t\t\t\t\t\t\t\t<h5><span style=\"color: #000000;\"><a style=\"color: #000000;\" href=\"https:\/\/lsa-global.com\/fr\/apprendre-la-langue-allemande\/\">Devis gratuit<\/a><\/span><\/h5>\t\t\t\t\t\t\t\t<\/div>\n\t\t\t\t\t<\/div>\n\t\t\t\t<\/div>\n\t\t\t\t<\/div>","protected":false},"excerpt":{"rendered":"<p>Professional Copywriting Services If you have something to say, we can write your message in a creative and effective manner&hellip;<\/p>","protected":false},"author":1,"featured_media":29200,"parent":0,"menu_order":0,"comment_status":"closed","ping_status":"closed","template":"","meta":{"jetpack_post_was_ever_published":false,"footnotes":""},"class_list":["post-3525","page","type-page","status-publish","has-post-thumbnail","hentry"],"jetpack_sharing_enabled":true,"jetpack_likes_enabled":true,"jetpack-related-posts":[],"jetpack_shortlink":"https:\/\/wp.me\/PerFda-UR","_links":{"self":[{"href":"https:\/\/lsa-global.com\/fr\/wp-json\/wp\/v2\/pages\/3525","targetHints":{"allow":["GET"]}}],"collection":[{"href":"https:\/\/lsa-global.com\/fr\/wp-json\/wp\/v2\/pages"}],"about":[{"href":"https:\/\/lsa-global.com\/fr\/wp-json\/wp\/v2\/types\/page"}],"author":[{"embeddable":true,"href":"https:\/\/lsa-global.com\/fr\/wp-json\/wp\/v2\/users\/1"}],"replies":[{"embeddable":true,"href":"https:\/\/lsa-global.com\/fr\/wp-json\/wp\/v2\/comments?post=3525"}],"version-history":[{"count":0,"href":"https:\/\/lsa-global.com\/fr\/wp-json\/wp\/v2\/pages\/3525\/revisions"}],"wp:featuredmedia":[{"embeddable":true,"href":"https:\/\/lsa-global.com\/fr\/wp-json\/wp\/v2\/media\/29200"}],"wp:attachment":[{"href":"https:\/\/lsa-global.com\/fr\/wp-json\/wp\/v2\/media?parent=3525"}],"curies":[{"name":"wp","href":"https:\/\/api.w.org\/{rel}","templated":true}]}}