{"id":32514,"date":"2023-12-21T20:27:20","date_gmt":"2023-12-21T19:27:20","guid":{"rendered":"https:\/\/lsa-global.com\/?page_id=32514"},"modified":"2025-04-02T16:58:34","modified_gmt":"2025-04-02T15:58:34","slug":"devenir-enseignant-lsa-global","status":"publish","type":"page","link":"https:\/\/lsa-global.com\/fr\/devenir-enseignant-lsa-global\/","title":{"rendered":"Devenir professeur"},"content":{"rendered":"<div data-elementor-type=\"wp-page\" data-elementor-id=\"32514\" class=\"elementor elementor-32514\" data-elementor-post-type=\"page\">\n\t\t\t\t<div class=\"elementor-element elementor-element-148dcccd e-flex e-con-boxed e-con e-parent\" data-id=\"148dcccd\" data-element_type=\"container\" data-e-type=\"container\">\n\t\t\t\t\t<div class=\"e-con-inner\">\n\t\t\t\t<div class=\"elementor-element elementor-element-8bc1245 elementor-widget elementor-widget-heading\" data-id=\"8bc1245\" data-element_type=\"widget\" data-e-type=\"widget\" data-widget_type=\"heading.default\">\n\t\t\t\t\t<h2 class=\"elementor-heading-title elementor-size-default\">Devenez Professeur : remplissez le formulaire.<\/h2>\t\t\t\t<\/div>\n\t\t\t\t<div class=\"elementor-element elementor-element-606f3d75 elementor-widget elementor-widget-text-editor\" data-id=\"606f3d75\" data-element_type=\"widget\" data-e-type=\"widget\" data-widget_type=\"text-editor.default\">\n\t\t\t\t\t\t\t\t\t<div class=\"wp-block-image\">\n<figure class=\"aligncenter size-full is-resized\"><img fetchpriority=\"high\" decoding=\"async\" width=\"612\" height=\"408\" data-attachment-id=\"2987\" data-permalink=\"https:\/\/lsa-global.com\/fr\/istockphoto-1279092857-612x612\/\" data-orig-file=\"https:\/\/i0.wp.com\/lsa-global.com\/wp-content\/uploads\/2022\/08\/istockphoto-1279092857-612x612-2.jpg?fit=612%2C408&amp;ssl=1\" data-orig-size=\"612,408\" data-comments-opened=\"1\" data-image-meta=\"{&quot;aperture&quot;:&quot;0&quot;,&quot;credit&quot;:&quot;Getty Images&quot;,&quot;camera&quot;:&quot;&quot;,&quot;caption&quot;:&quot;young business woman student teacher tutor wear wireless headset video conference calling on laptop computer talk by webcam learn teach in online chat, distance webinar online teaching concept&quot;,&quot;created_timestamp&quot;:&quot;0&quot;,&quot;copyright&quot;:&quot;&quot;,&quot;focal_length&quot;:&quot;0&quot;,&quot;iso&quot;:&quot;0&quot;,&quot;shutter_speed&quot;:&quot;0&quot;,&quot;title&quot;:&quot;&quot;,&quot;orientation&quot;:&quot;0&quot;}\" data-image-title=\"\" data-image-description=\"\" data-image-caption=\"\" data-large-file=\"https:\/\/i0.wp.com\/lsa-global.com\/wp-content\/uploads\/2022\/08\/istockphoto-1279092857-612x612-2.jpg?fit=612%2C408&amp;ssl=1\" data-recalc-dims=\"1\" class=\"wp-image-2987\" style=\"width: 712px; height: auto;\" src=\"https:\/\/i0.wp.com\/lsa-global.com\/wp-content\/uploads\/2022\/08\/istockphoto-1279092857-612x612-2.jpg?w=1280&#038;ssl=1\" alt=\"Devenez notre instructeur\" title=\"\" srcset=\"https:\/\/i0.wp.com\/lsa-global.com\/wp-content\/uploads\/2022\/08\/istockphoto-1279092857-612x612-2.jpg?w=612&amp;ssl=1 612w, https:\/\/i0.wp.com\/lsa-global.com\/wp-content\/uploads\/2022\/08\/istockphoto-1279092857-612x612-2.jpg?resize=600%2C400&amp;ssl=1 600w, https:\/\/i0.wp.com\/lsa-global.com\/wp-content\/uploads\/2022\/08\/istockphoto-1279092857-612x612-2.jpg?resize=300%2C200&amp;ssl=1 300w, https:\/\/i0.wp.com\/lsa-global.com\/wp-content\/uploads\/2022\/08\/istockphoto-1279092857-612x612-2.jpg?resize=370%2C247&amp;ssl=1 370w\" sizes=\"(max-width: 612px) 100vw, 612px\" \/><\/figure>\n<\/div>\n<p>\u00a0<\/p>\n\t\t\t\t\t\t\t\t<\/div>\n\t\t\t\t<div class=\"elementor-element elementor-element-3c0a6aa sc_fly_static elementor-widget elementor-widget-learnpress_become_a_teacher\" data-id=\"3c0a6aa\" data-element_type=\"widget\" data-e-type=\"widget\" data-widget_type=\"learnpress_become_a_teacher.default\">\n\t\t\t\t<div class=\"elementor-widget-container\">\n\t\t\t\t\t<div class=\"learnpress\">\r\n\t\t\t\t\t\t\t\t\t<div class=\"learn-press-message success\" >\r\n\t\t\t\t Veuillez <strong><a href=\"https:\/\/lsa-global.com\/fr\/pole-etudiant\/\">connexion<\/a><\/strong> pour envoyer votre demande\u00a0!\t\t\t<\/div>\r\n\r\n\t\t\r\n\t\r\n<\/div>\t\t\t\t<\/div>\n\t\t\t\t<\/div>\n\t\t\t\t<div class=\"elementor-element elementor-element-33ee116 elementor-widget elementor-widget-heading\" data-id=\"33ee116\" data-element_type=\"widget\" data-e-type=\"widget\" data-widget_type=\"heading.default\">\n\t\t\t\t\t<h4 class=\"elementor-heading-title elementor-size-default\">Pr\u00e9requis pour l&#039;enseignement dans la plupart des disciplines.<\/h4>\t\t\t\t<\/div>\n\t\t\t\t\t<\/div>\n\t\t\t\t<\/div>\n\t\t<div class=\"elementor-element elementor-element-fa44a7c e-flex e-con-boxed e-con e-parent\" data-id=\"fa44a7c\" data-element_type=\"container\" data-e-type=\"container\">\n\t\t\t\t\t<div class=\"e-con-inner\">\n\t\t<div class=\"elementor-element elementor-element-4bf742f e-con-full e-flex e-con e-child\" data-id=\"4bf742f\" data-element_type=\"container\" data-e-type=\"container\">\n\t\t\t\t<div class=\"elementor-element elementor-element-7ed5865 elementor-widget elementor-widget-text-editor\" data-id=\"7ed5865\" data-element_type=\"widget\" data-e-type=\"widget\" data-widget_type=\"text-editor.default\">\n\t\t\t\t\t\t\t\t\t<h6><span style=\"color: #000080; font-weight: normal;\">Devenir professeur.<\/span><\/h6>\n<p><span style=\"font-size: 16px;\">\u00c9valuer l&#039;aptitude \u00e0 une carri\u00e8re d&#039;enseignant. Illustration d&#039;un enseignant interagissant avec un \u00e9l\u00e8ve. Une profession dans l&#039;\u00e9ducation peut \u00eatre \u00e0 la fois gratifiante et complexe. Les \u00e9ducateurs comp\u00e9tents ont une influence significative sur la vie des jeunes au quotidien.&nbsp;<\/span><\/p><p><span style=\"font-size: 16px;\">Les enseignants transmettent non seulement des aptitudes scolaires \u00e0 leurs \u00e9l\u00e8ves, mais aussi un comportement exemplaire, enseignent des comp\u00e9tences interpersonnelles efficaces et cultivent une solide \u00e9thique de travail pour atteindre leurs objectifs. Si vous aspirez \u00e0 une profession qui vous permette de contribuer activement \u00e0 la soci\u00e9t\u00e9 et d&#039;avoir un impact concret sur le monde, l&#039;enseignement pourrait \u00eatre un domaine int\u00e9ressant \u00e0 consid\u00e9rer.<\/span><\/p>\n<p><!-- \/wp:paragraph --><!-- wp:paragraph --><\/p>\n<p>De nombreuses personnes qui choisissent de faire carri\u00e8re dans l\u2019enseignement ont un parcours professionnel long et satisfaisant, tandis que d\u2019autres quittent pr\u00e9matur\u00e9ment le secteur \u00e0 la recherche d\u2019un autre emploi pour diverses raisons. Avant d\u2019investir votre temps et vos efforts dans l\u2019obtention d\u2019une certification et de la formation n\u00e9cessaire pour assurer une carri\u00e8re d\u2019enseignant, il est essentiel de vous assurer que vous poss\u00e9dez les qualifications appropri\u00e9es pour le travail et que le poste correspond \u00e0 vos aptitudes personnelles.<\/p>\n<p><!-- \/wp:paragraph --><!-- wp:paragraph --><\/p>\n<p><\/p>\t\t\t\t\t\t\t\t<\/div>\n\t\t\t\t<\/div>\n\t\t<div class=\"elementor-element elementor-element-9a400a5 e-con-full e-flex e-con e-child\" data-id=\"9a400a5\" data-element_type=\"container\" data-e-type=\"container\">\n\t\t\t\t<div class=\"elementor-element elementor-element-70423e1 elementor-widget elementor-widget-text-editor\" data-id=\"70423e1\" data-element_type=\"widget\" data-e-type=\"widget\" data-widget_type=\"text-editor.default\">\n\t\t\t\t\t\t\t\t\t<p>Les enseignants interagissent avec des individus de diff\u00e9rents groupes d\u2019\u00e2ge, enfants ou adultes, dans des environnements \u00e9ducatifs tels que des salles de classe ou d\u2019autres contextes d\u2019apprentissage.<\/p>\n<p>\u00a0Les environnements \u00e9ducatifs offrent plusieurs options, telles que les \u00e9coles publiques ou priv\u00e9es, les \u00e9coles \u00e0 charte ou \u00e0 vocation p\u00e9dagogique, les \u00e9coles internationales ou les \u00e9coles sp\u00e9cialis\u00e9es dans les langues \u00e9trang\u00e8res pour les non-anglophones, tant au niveau national qu&#039;international. Les enseignants du primaire, du coll\u00e8ge et du lyc\u00e9e jouent un r\u00f4le crucial dans le d\u00e9veloppement et les perspectives des enfants, en dispensant un enseignement dans des mati\u00e8res comme les arts du langage et le calcul, et en leur transmettant des qualit\u00e9s personnelles comme le comportement et la discipline.\u00a0<\/p>\n<p><span style=\"font-size: 16px;\">Les enseignants doivent poss\u00e9der une compr\u00e9hension approfondie de leur domaine d\u2019expertise et poss\u00e9der les comp\u00e9tences n\u00e9cessaires pour transmettre efficacement leurs connaissances aux autres.\u00a0<\/span><span style=\"font-size: 16px;\">L&#039;un des plus\u00a0<\/span><span style=\"font-size: 16px;\">L&#039;une des qualit\u00e9s importantes d&#039;un bon enseignant est l&#039;amour de l&#039;apprentissage. Les enseignants doivent\u00a0<\/span><span style=\"font-size: 16px;\">ne cessent jamais d\u2019apprendre de nouvelles choses car ils peuvent transmettre ces connaissances \u00e0 leurs\u00a0<\/span><span style=\"font-size: 16px;\">\u00e9tudiants. L&#039;apprentissage aide \u00e9galement les enseignants \u00e0 se tenir au courant des derni\u00e8res nouveaut\u00e9s p\u00e9dagogiques\u00a0<\/span><span style=\"font-size: 16px;\">m\u00e9thodes et tendances.<\/span><\/p>\n<p><span style=\"font-size: 16px;\">Un enseignant peut enseigner dans toutes les disciplines acad\u00e9miques ou se concentrer sur un domaine d&#039;expertise sp\u00e9cifique. Les enseignants de maternelle et d&#039;\u00e9cole primaire enseignent souvent \u00e0 une seule cohorte d&#039;\u00e9l\u00e8ves dans un large \u00e9ventail de disciplines, notamment la lecture, les sciences et les math\u00e9matiques.\u00a0<\/span><\/p>\n<p><span style=\"font-size: 16px;\">En g\u00e9n\u00e9ral, les enseignants du coll\u00e8ge et du lyc\u00e9e se concentrent sur une ou deux mati\u00e8res sp\u00e9cialis\u00e9es, comme les math\u00e9matiques ou les sciences. Dans ces domaines plus vastes, un enseignant peut dispenser des cours dans diff\u00e9rents domaines. Par exemple, un professeur de lyc\u00e9e sp\u00e9cialis\u00e9 dans le domaine scientifique peut donner des cours de chimie, de biologie et de physique. Un dipl\u00f4me et une certification d&#039;\u00c9tat dans le domaine concern\u00e9 sont requis.<\/span><\/p>\t\t\t\t\t\t\t\t<\/div>\n\t\t\t\t<\/div>\n\t\t\t\t\t<\/div>\n\t\t\t\t<\/div>\n\t\t<div class=\"elementor-element elementor-element-32c4750 e-flex e-con-boxed e-con e-parent\" data-id=\"32c4750\" data-element_type=\"container\" data-e-type=\"container\">\n\t\t\t\t\t<div class=\"e-con-inner\">\n\t\t\t\t<div class=\"elementor-element elementor-element-64dffe2 elementor-widget elementor-widget-heading\" data-id=\"64dffe2\" data-element_type=\"widget\" data-e-type=\"widget\" data-widget_type=\"heading.default\">\n\t\t\t\t\t<h2 class=\"elementor-heading-title elementor-size-default\">Aller au-del\u00e0<\/h2>\t\t\t\t<\/div>\n\t\t\t\t<div class=\"elementor-element elementor-element-7bdfd45 elementor-widget elementor-widget-text-editor\" data-id=\"7bdfd45\" data-element_type=\"widget\" data-e-type=\"widget\" data-widget_type=\"text-editor.default\">\n\t\t\t\t\t\t\t\t\t<h5><a href=\"https:\/\/lsaglobal-translate.co.uk\/services\/translation-services\/\" target=\"_blank\" rel=\"noopener\"><span style=\"color: #ff0000;\">Traduction Pro.<\/span><\/a><\/h5>\t\t\t\t\t\t\t\t<\/div>\n\t\t\t\t<div class=\"elementor-element elementor-element-5408329 elementor-widget elementor-widget-text-editor\" data-id=\"5408329\" data-element_type=\"widget\" data-e-type=\"widget\" data-widget_type=\"text-editor.default\">\n\t\t\t\t\t\t\t\t\t<h5><a href=\"https:\/\/lsa-global.com\/fr\/tarifs-et-conditions-de-traduction\/\"><span style=\"color: #ff0000;\">Plans tarifaires et plus<\/span><\/a><\/h5>\t\t\t\t\t\t\t\t<\/div>\n\t\t\t\t<div class=\"elementor-element elementor-element-7e37d8a elementor-widget elementor-widget-text-editor\" data-id=\"7e37d8a\" data-element_type=\"widget\" data-e-type=\"widget\" data-widget_type=\"text-editor.default\">\n\t\t\t\t\t\t\t\t\t<h5><a href=\"https:\/\/lsa-global.com\/fr\/apprendre-la-langue-allemande\/\"><span style=\"color: #ff0000;\">Devis gratuit<\/span><\/a><\/h5>\t\t\t\t\t\t\t\t<\/div>\n\t\t\t\t\t<\/div>\n\t\t\t\t<\/div>\n\t\t\t\t<\/div>","protected":false},"excerpt":{"rendered":"<p>Become a Teacher: fill in the form. \u00a0 You are a teacher! Prerequisites For Teaching in Most Disciplines. Become a&hellip;<\/p>","protected":false},"author":1,"featured_media":3025,"parent":0,"menu_order":0,"comment_status":"closed","ping_status":"closed","template":"","meta":{"jetpack_post_was_ever_published":false,"footnotes":""},"class_list":["post-32514","page","type-page","status-publish","has-post-thumbnail","hentry"],"jetpack_sharing_enabled":true,"jetpack_likes_enabled":true,"jetpack-related-posts":[],"jetpack_shortlink":"https:\/\/wp.me\/PerFda-8sq","_links":{"self":[{"href":"https:\/\/lsa-global.com\/fr\/wp-json\/wp\/v2\/pages\/32514","targetHints":{"allow":["GET"]}}],"collection":[{"href":"https:\/\/lsa-global.com\/fr\/wp-json\/wp\/v2\/pages"}],"about":[{"href":"https:\/\/lsa-global.com\/fr\/wp-json\/wp\/v2\/types\/page"}],"author":[{"embeddable":true,"href":"https:\/\/lsa-global.com\/fr\/wp-json\/wp\/v2\/users\/1"}],"replies":[{"embeddable":true,"href":"https:\/\/lsa-global.com\/fr\/wp-json\/wp\/v2\/comments?post=32514"}],"version-history":[{"count":0,"href":"https:\/\/lsa-global.com\/fr\/wp-json\/wp\/v2\/pages\/32514\/revisions"}],"wp:featuredmedia":[{"embeddable":true,"href":"https:\/\/lsa-global.com\/fr\/wp-json\/wp\/v2\/media\/3025"}],"wp:attachment":[{"href":"https:\/\/lsa-global.com\/fr\/wp-json\/wp\/v2\/media?parent=32514"}],"curies":[{"name":"wp","href":"https:\/\/api.w.org\/{rel}","templated":true}]}}