{"id":25717,"date":"2023-06-06T15:09:52","date_gmt":"2023-06-06T14:09:52","guid":{"rendered":"https:\/\/lsa-global.com\/?page_id=25717"},"modified":"2025-04-24T13:05:04","modified_gmt":"2025-04-24T12:05:04","slug":"obtenir-un-devis-gratuit-lsa-global","status":"publish","type":"page","link":"https:\/\/lsa-global.com\/fr\/obtenir-un-devis-gratuit-lsa-global\/","title":{"rendered":"Obtenez un devis gratuit"},"content":{"rendered":"<div data-elementor-type=\"wp-page\" data-elementor-id=\"25717\" class=\"elementor elementor-25717\" data-elementor-post-type=\"page\">\n\t\t\t\t<div class=\"elementor-element elementor-element-b1bef50 e-flex e-con-boxed e-con e-parent\" data-id=\"b1bef50\" data-element_type=\"container\" data-e-type=\"container\">\n\t\t\t\t\t<div class=\"e-con-inner\">\n\t\t\t\t<div class=\"elementor-element elementor-element-4bb1e54 elementor-widget elementor-widget-heading\" data-id=\"4bb1e54\" data-element_type=\"widget\" data-e-type=\"widget\" data-widget_type=\"heading.default\">\n\t\t\t\t\t<h2 class=\"elementor-heading-title elementor-size-default\">Obtenez votre devis GRATUIT maintenant !<\/h2>\t\t\t\t<\/div>\n\t\t\t\t<div class=\"elementor-element elementor-element-b8da902 elementor-widget elementor-widget-image\" data-id=\"b8da902\" data-element_type=\"widget\" data-e-type=\"widget\" data-widget_type=\"image.default\">\n\t\t\t\t\t\t\t\t\t\t\t\t\t\t\t<img fetchpriority=\"high\" decoding=\"async\" data-attachment-id=\"25718\" data-permalink=\"https:\/\/lsa-global.com\/fr\/obtenir-un-devis-gratuit-lsa-global\/quote\/\" data-orig-file=\"https:\/\/i0.wp.com\/lsa-global.com\/wp-content\/uploads\/2023\/06\/quote.jpg?fit=346%2C235&amp;ssl=1\" data-orig-size=\"346,235\" data-comments-opened=\"1\" data-image-meta=\"{&quot;aperture&quot;:&quot;0&quot;,&quot;credit&quot;:&quot;&quot;,&quot;camera&quot;:&quot;&quot;,&quot;caption&quot;:&quot;&quot;,&quot;created_timestamp&quot;:&quot;0&quot;,&quot;copyright&quot;:&quot;&quot;,&quot;focal_length&quot;:&quot;0&quot;,&quot;iso&quot;:&quot;0&quot;,&quot;shutter_speed&quot;:&quot;0&quot;,&quot;title&quot;:&quot;&quot;,&quot;orientation&quot;:&quot;0&quot;}\" data-image-title=\"Get a Free Quote\" data-image-description=\"&lt;p&gt;Get a Free Quote &lt;\/p&gt;\" data-image-caption=\"\" data-large-file=\"https:\/\/i0.wp.com\/lsa-global.com\/wp-content\/uploads\/2023\/06\/quote.jpg?fit=346%2C235&amp;ssl=1\" width=\"300\" height=\"204\" src=\"https:\/\/i0.wp.com\/lsa-global.com\/wp-content\/uploads\/2023\/06\/quote.jpg?fit=300%2C204&amp;ssl=1\" class=\"attachment-medium size-medium wp-image-25718\" alt=\"Obtenez un devis gratuit\" srcset=\"https:\/\/i0.wp.com\/lsa-global.com\/wp-content\/uploads\/2023\/06\/quote.jpg?w=346&amp;ssl=1 346w, https:\/\/i0.wp.com\/lsa-global.com\/wp-content\/uploads\/2023\/06\/quote.jpg?resize=300%2C204&amp;ssl=1 300w\" sizes=\"(max-width: 300px) 100vw, 300px\" title=\"\">\t\t\t\t\t\t\t\t\t\t\t\t\t\t\t<\/div>\n\t\t\t\t<div class=\"elementor-element elementor-element-cbea5e6 elementor-widget elementor-widget-text-editor\" data-id=\"cbea5e6\" data-element_type=\"widget\" data-e-type=\"widget\" data-widget_type=\"text-editor.default\">\n\t\t\t\t\t\t\t\t\t<h6><span style=\"color: #0000ff;\">Obtenez un devis gratuit<\/span><\/h6>\t\t\t\t\t\t\t\t<\/div>\n\t\t\t\t\t<\/div>\n\t\t\t\t<\/div>\n\t\t<div class=\"elementor-element elementor-element-7151d58 e-flex e-con-boxed e-con e-parent\" data-id=\"7151d58\" data-element_type=\"container\" data-e-type=\"container\">\n\t\t\t\t\t<div class=\"e-con-inner\">\n\t\t\t\t<div class=\"elementor-element elementor-element-0a3765c elementor-widget elementor-widget-heading\" data-id=\"0a3765c\" data-element_type=\"widget\" data-e-type=\"widget\" data-widget_type=\"heading.default\">\n\t\t\t\t\t<h4 class=\"elementor-heading-title elementor-size-default\">Obtenez votre devis de traduction gratuit instantan\u00e9ment avec LSA.GLOBAL<\/h4>\t\t\t\t<\/div>\n\t\t\t\t\t<\/div>\n\t\t\t\t<\/div>\n\t\t<div class=\"elementor-element elementor-element-40aaea4 e-flex e-con-boxed e-con e-parent\" data-id=\"40aaea4\" data-element_type=\"container\" data-e-type=\"container\">\n\t\t\t\t\t<div class=\"e-con-inner\">\n\t\t\t\t<div class=\"elementor-element elementor-element-0c80cac elementor-widget elementor-widget-text-editor\" data-id=\"0c80cac\" data-element_type=\"widget\" data-e-type=\"widget\" data-widget_type=\"text-editor.default\">\n\t\t\t\t\t\t\t\t\t<p>Vous recherchez un service de traduction fiable et de qualit\u00e9 sup\u00e9rieure capable de r\u00e9pondre \u00e0 tous vos besoins, qu&#039;il s&#039;agisse de documents, de fichiers audio ou de contenu vid\u00e9o ? Ne cherchez pas plus loin que LSA.GLOBAL ! Nous proposons une plateforme simple et conviviale qui vous permet de demander un devis sans engagement. Il vous suffit de t\u00e9l\u00e9charger vos fichiers et notre \u00e9quipe d\u00e9di\u00e9e vous fournira un devis personnalis\u00e9 qui correspond parfaitement \u00e0 vos besoins de traduction sp\u00e9cifiques.<\/p>\t\t\t\t\t\t\t\t<\/div>\n\t\t\t\t<div class=\"elementor-element elementor-element-261a234 elementor-widget elementor-widget-heading\" data-id=\"261a234\" data-element_type=\"widget\" data-e-type=\"widget\" data-widget_type=\"heading.default\">\n\t\t\t\t\t<h3 class=\"elementor-heading-title elementor-size-default\">Processus de demande de devis simplifi\u00e9<\/h3>\t\t\t\t<\/div>\n\t\t\t\t<div class=\"elementor-element elementor-element-ebe2518 elementor-widget elementor-widget-text-editor\" data-id=\"ebe2518\" data-element_type=\"widget\" data-e-type=\"widget\" data-widget_type=\"text-editor.default\">\n\t\t\t\t\t\t\t\t\t<p>Chez LSA.GLOBAL, obtenir un devis de traduction est extr\u00eamement simple. Voici un aper\u00e7u d\u00e9taill\u00e9 de la mani\u00e8re dont notre processus fonctionne pour vous garantir une exp\u00e9rience fluide :<\/p><ol><li><p><strong><span style=\"color: #0000ff;\">Partagez vos fichiers\u00a0:\u00a0<\/span><\/strong>Nous avons fait en sorte qu&#039;il soit extr\u00eamement pratique pour vous de t\u00e9l\u00e9charger vos documents, enregistrements audio ou supports vid\u00e9o directement sur la plateforme LSA.GLOBAL. Notre syst\u00e8me prend en charge une grande vari\u00e9t\u00e9 de formats de fichiers, vous offrant ainsi la possibilit\u00e9 de choisir le format qui correspond le mieux \u00e0 vos besoins.<\/p><\/li><li><p><strong><span style=\"color: #0000ff;\">Obtenez votre devis :\u00a0<\/span><\/strong>Une fois vos fichiers soumis, notre \u00e9quipe d&#039;experts \u00e9valuera minutieusement le contenu, les combinaisons de langues requises et la complexit\u00e9 de votre projet de traduction. Apr\u00e8s avoir effectu\u00e9 une analyse approfondie, nous vous remettrons un devis complet et transparent dans les meilleurs d\u00e9lais.<\/p><\/li><\/ol><p>Chez LSA.GLOBAL, nous sommes fiers de notre structure tarifaire transparente et comp\u00e9titive. Nos devis d\u00e9taill\u00e9s clarifieront les co\u00fbts impliqu\u00e9s, vous permettant de prendre des d\u00e9cisions \u00e9clair\u00e9es sur les services de traduction qui r\u00e9pondent le mieux \u00e0 vos besoins. Nous nous engageons \u00e0 maintenir la transparence \u00e0 chaque \u00e9tape du processus, afin que vous sachiez exactement \u00e0 quoi vous attendre.<\/p><p>Lorem ipsum dolor sit amet, consectetur adipiscing elit. Ut elit tellus, luctus nec ullamcorper mattis, pulvinar dapibus leo.<\/p>\t\t\t\t\t\t\t\t<\/div>\n\t\t\t\t<div class=\"elementor-element elementor-element-2aabe7c elementor-widget elementor-widget-heading\" data-id=\"2aabe7c\" data-element_type=\"widget\" data-e-type=\"widget\" data-widget_type=\"heading.default\">\n\t\t\t\t\t<h3 class=\"elementor-heading-title elementor-size-default\">Qu&#039;est-ce qui distingue LSA.GLOBAL pour vos besoins de traduction ?<\/h3>\t\t\t\t<\/div>\n\t\t\t\t<div class=\"elementor-element elementor-element-1b6643c elementor-widget elementor-widget-text-editor\" data-id=\"1b6643c\" data-element_type=\"widget\" data-e-type=\"widget\" data-widget_type=\"text-editor.default\">\n\t\t\t\t\t\t\t\t\t<p>En choisissant LSA.GLOBAL pour vos projets de traduction, vous avez acc\u00e8s \u00e0 :<\/p><ul><li><p><strong><span style=\"color: #0000ff;\">Estimations rapides et pr\u00e9cises :\u00a0<\/span><\/strong>Nous vous proposons des devis gratuits et instantan\u00e9s, vous permettant d&#039;\u00e9valuer rapidement les co\u00fbts associ\u00e9s \u00e0 votre projet de traduction sans aucun engagement de votre part. Vous pouvez ainsi avoir une id\u00e9e rapide de l&#039;aspect financier tout en planifiant vos prochaines \u00e9tapes.<\/p><\/li><li><p><strong><span style=\"color: #0000ff;\">Diverses options linguistiques :<\/span><\/strong>\u00a0Nos services de traduction couvrent une grande vari\u00e9t\u00e9 de paires de langues, ce qui signifie que nous pouvons r\u00e9pondre \u00e0 vos besoins linguistiques sp\u00e9cifiques, aussi uniques ou sp\u00e9cialis\u00e9s soient-ils.<\/p><\/li><li><p><strong><span style=\"color: #0000ff;\">Traducteurs exp\u00e9riment\u00e9s et qualifi\u00e9s :<\/span><\/strong>\u00a0Notre \u00e9quipe est compos\u00e9e de traducteurs hautement qualifi\u00e9s, dot\u00e9s d&#039;une vaste expertise dans de nombreux domaines et secteurs d&#039;activit\u00e9. Leurs connaissances approfondies garantissent que vos traductions seront non seulement pr\u00e9cises, mais \u00e9galement culturellement sensibles, en tenant compte des nuances et du contexte r\u00e9gionaux.<\/p><\/li><li><p><strong><span style=\"color: #0000ff;\">Engagement en mati\u00e8re de s\u00e9curit\u00e9 et de confidentialit\u00e9 :<\/span><\/strong>\u00a0Nous accordons la priorit\u00e9 \u00e0 la s\u00e9curit\u00e9 et \u00e0 la confidentialit\u00e9 de vos documents et informations sensibles tout au long du processus de traduction. Vous pouvez \u00eatre assur\u00e9 que vos donn\u00e9es sont prot\u00e9g\u00e9es \u00e0 tout moment.<\/p><\/li><li><p><strong><span style=\"color: #0000ff;\">S\u00e9lection diversifi\u00e9e de formats de fichiers\u00a0:<\/span><\/strong>\u00a0Notre plateforme permet la soumission facile de diff\u00e9rents types de documents, vous garantissant ainsi la flexibilit\u00e9 dont vous avez besoin lors du t\u00e9l\u00e9chargement de fichiers.<\/p><\/li><\/ul>\t\t\t\t\t\t\t\t<\/div>\n\t\t\t\t<div class=\"elementor-element elementor-element-51d03b1 elementor-widget elementor-widget-heading\" data-id=\"51d03b1\" data-element_type=\"widget\" data-e-type=\"widget\" data-widget_type=\"heading.default\">\n\t\t\t\t\t<h3 class=\"elementor-heading-title elementor-size-default\">Faites le premier pas vers vos objectifs d\u00e8s aujourd\u2019hui\u00a0!<\/h3>\t\t\t\t<\/div>\n\t\t\t\t<div class=\"elementor-element elementor-element-75ff027 elementor-widget elementor-widget-text-editor\" data-id=\"75ff027\" data-element_type=\"widget\" data-e-type=\"widget\" data-widget_type=\"text-editor.default\">\n\t\t\t\t\t\t\t\t\t<p>Ne laissez plus les barri\u00e8res linguistiques vous freiner. Pr\u00e9parez-vous \u00e0 une communication fluide et \u00e0 la r\u00e9ussite de toutes vos activit\u00e9s commerciales. Rendez-vous sur LSA.GLOBAL pour recevoir un devis gratuit pour vos besoins de traduction. Notre priorit\u00e9 absolue est de fournir des services de traduction exceptionnels, personnalis\u00e9s pour r\u00e9pondre \u00e0 vos besoins et \u00e0 vos d\u00e9lais sp\u00e9cifiques.<\/p><p>Explorez les vastes opportunit\u00e9s offertes par une communication claire entre les langues en visitant LSA.GLOBAL d\u00e8s aujourd&#039;hui.<\/p>\t\t\t\t\t\t\t\t<\/div>\n\t\t\t\t<div class=\"elementor-element elementor-element-a84fc2f elementor-widget elementor-widget-heading\" data-id=\"a84fc2f\" data-element_type=\"widget\" data-e-type=\"widget\" data-widget_type=\"heading.default\">\n\t\t\t\t\t<h3 class=\"elementor-heading-title elementor-size-default\">Consid\u00e9rations suppl\u00e9mentaires<\/h3>\t\t\t\t<\/div>\n\t\t\t\t<div class=\"elementor-element elementor-element-2bb428c elementor-widget elementor-widget-text-editor\" data-id=\"2bb428c\" data-element_type=\"widget\" data-e-type=\"widget\" data-widget_type=\"text-editor.default\">\n\t\t\t\t\t\t\t\t\t<p>Veuillez noter que cet article n&#039;est qu&#039;un exemple et qu&#039;il peut \u00eatre adapt\u00e9 en y ajoutant des d\u00e9tails plus sp\u00e9cifiques sur LSA.GLOBAL. Il serait int\u00e9ressant de d\u00e9velopper l&#039;expertise disponible dans divers secteurs, tels que les traductions juridiques, m\u00e9dicales, techniques et marketing, ainsi que de mettre en \u00e9vidence les domaines sp\u00e9cialis\u00e9s des services de traduction propos\u00e9s. Cela permettra aux clients potentiels d&#039;avoir une compr\u00e9hension plus compl\u00e8te de la mani\u00e8re dont LSA.GLOBAL se d\u00e9marque dans le paysage concurrentiel de la traduction.<\/p>\t\t\t\t\t\t\t\t<\/div>\n\t\t\t\t<div class=\"elementor-element elementor-element-092dc7f elementor-widget elementor-widget-heading\" data-id=\"092dc7f\" data-element_type=\"widget\" data-e-type=\"widget\" data-widget_type=\"heading.default\">\n\t\t\t\t\t<h3 class=\"elementor-heading-title elementor-size-default\">Aller au-del\u00e0<\/h3>\t\t\t\t<\/div>\n\t\t\t\t<div class=\"elementor-element elementor-element-e233ff5 elementor-widget elementor-widget-text-editor\" data-id=\"e233ff5\" data-element_type=\"widget\" data-e-type=\"widget\" data-widget_type=\"text-editor.default\">\n\t\t\t\t\t\t\t\t\t<h5><a href=\"https:\/\/lsa-global.com\/fr\/tarifs-et-conditions-de-traduction\/\"><span style=\"color: #ff0000;\">Plans tarifaires et plus<\/span><\/a><\/h5>\t\t\t\t\t\t\t\t<\/div>\n\t\t\t\t<div class=\"elementor-element elementor-element-5c6d37a elementor-widget elementor-widget-text-editor\" data-id=\"5c6d37a\" data-element_type=\"widget\" data-e-type=\"widget\" data-widget_type=\"text-editor.default\">\n\t\t\t\t\t\t\t\t\t<h5><a href=\"https:\/\/lsa-global.com\/fr\/apprendre-la-langue-allemande\/\"><span style=\"color: #ff0000;\">Devis gratuit<\/span><\/a><\/h5>\t\t\t\t\t\t\t\t<\/div>\n\t\t\t\t<div class=\"elementor-element elementor-element-0e931a7 elementor-widget elementor-widget-text-editor\" data-id=\"0e931a7\" data-element_type=\"widget\" data-e-type=\"widget\" data-widget_type=\"text-editor.default\">\n\t\t\t\t\t\t\t\t\t<h5><a href=\"https:\/\/lsa-global.com\/fr\/articles\/\"><span style=\"color: #ff0000;\">Plus de messages<\/span><\/a><\/h5>\t\t\t\t\t\t\t\t<\/div>\n\t\t\t\t<div class=\"elementor-element elementor-element-6cc2d03 elementor-widget elementor-widget-text-editor\" data-id=\"6cc2d03\" data-element_type=\"widget\" data-e-type=\"widget\" data-widget_type=\"text-editor.default\">\n\t\t\t\t\t\t\t\t\t<h5><a href=\"https:\/\/lsaglobal-translate.co.uk\/services\/translation-services\/\" target=\"_blank\" rel=\"noopener\"><span style=\"color: #ff0000;\">Traduction Pro.<\/span><\/a><\/h5>\t\t\t\t\t\t\t\t<\/div>\n\t\t\t\t<div class=\"elementor-element elementor-element-e8b35e7 elementor-widget elementor-widget-text-editor\" data-id=\"e8b35e7\" data-element_type=\"widget\" data-e-type=\"widget\" data-widget_type=\"text-editor.default\">\n\t\t\t\t\t\t\t\t\t<h4><span style=\"color: #000080;\"><span style=\"color: #ff0000;\">Visitez le site Web LSAGLOBAL-Translate pour en savoir plus<\/span><\/span><\/h4>\t\t\t\t\t\t\t\t<\/div>\n\t\t\t\t\t<\/div>\n\t\t\t\t<\/div>\n\t\t\t\t<\/div>","protected":false},"excerpt":{"rendered":"<p>Get your FREE quote now! Get a free quote Get Your Free Translation Quote Instantly with LSA.GLOBAL Are you searching&hellip;<\/p>","protected":false},"author":1,"featured_media":37237,"parent":0,"menu_order":0,"comment_status":"closed","ping_status":"closed","template":"","meta":{"jetpack_post_was_ever_published":false,"footnotes":""},"class_list":["post-25717","page","type-page","status-publish","has-post-thumbnail","hentry"],"jetpack_sharing_enabled":true,"jetpack_likes_enabled":true,"jetpack-related-posts":[],"jetpack_shortlink":"https:\/\/wp.me\/PerFda-6GN","_links":{"self":[{"href":"https:\/\/lsa-global.com\/fr\/wp-json\/wp\/v2\/pages\/25717","targetHints":{"allow":["GET"]}}],"collection":[{"href":"https:\/\/lsa-global.com\/fr\/wp-json\/wp\/v2\/pages"}],"about":[{"href":"https:\/\/lsa-global.com\/fr\/wp-json\/wp\/v2\/types\/page"}],"author":[{"embeddable":true,"href":"https:\/\/lsa-global.com\/fr\/wp-json\/wp\/v2\/users\/1"}],"replies":[{"embeddable":true,"href":"https:\/\/lsa-global.com\/fr\/wp-json\/wp\/v2\/comments?post=25717"}],"version-history":[{"count":0,"href":"https:\/\/lsa-global.com\/fr\/wp-json\/wp\/v2\/pages\/25717\/revisions"}],"wp:featuredmedia":[{"embeddable":true,"href":"https:\/\/lsa-global.com\/fr\/wp-json\/wp\/v2\/media\/37237"}],"wp:attachment":[{"href":"https:\/\/lsa-global.com\/fr\/wp-json\/wp\/v2\/media?parent=25717"}],"curies":[{"name":"wp","href":"https:\/\/api.w.org\/{rel}","templated":true}]}}