{"id":21774,"date":"2023-03-06T14:22:24","date_gmt":"2023-03-06T13:22:24","guid":{"rendered":"https:\/\/lsa-global.com\/welcome-to-lsa-global-language-service-academy\/"},"modified":"2025-04-03T17:28:36","modified_gmt":"2025-04-03T16:28:36","slug":"confirmez-votre-adresse-email-avec-lsa-global","status":"publish","type":"page","link":"https:\/\/lsa-global.com\/fr\/confirmez-votre-adresse-email-avec-lsa-global\/","title":{"rendered":"V\u00e9rification du compte"},"content":{"rendered":"<div data-elementor-type=\"wp-page\" data-elementor-id=\"21774\" class=\"elementor elementor-21774\" data-elementor-post-type=\"page\">\n\t\t\t\t<div class=\"elementor-element elementor-element-2e91d2b e-flex e-con-boxed e-con e-parent\" data-id=\"2e91d2b\" data-element_type=\"container\" data-e-type=\"container\">\n\t\t\t\t\t<div class=\"e-con-inner\">\n\t\t\t\t<div class=\"elementor-element elementor-element-13084d8 elementor-widget elementor-widget-image\" data-id=\"13084d8\" data-element_type=\"widget\" data-e-type=\"widget\" data-widget_type=\"image.default\">\n\t\t\t\t\t\t\t\t\t\t\t\t\t\t\t<img decoding=\"async\" data-attachment-id=\"24007\" data-permalink=\"https:\/\/lsa-global.com\/zh\/%e7%ab%8b%e5%8d%b3%e6%b3%a8%e5%86%8c-2\/green-glass-check-mark-symbol-part-of-a-series\/\" data-orig-file=\"https:\/\/i0.wp.com\/lsa-global.com\/wp-content\/uploads\/2023\/05\/check.jpg?fit=612%2C612&amp;ssl=1\" data-orig-size=\"612,612\" data-comments-opened=\"1\" data-image-meta=\"{&quot;aperture&quot;:&quot;0&quot;,&quot;credit&quot;:&quot;Getty Images\/iStockphoto&quot;,&quot;camera&quot;:&quot;&quot;,&quot;caption&quot;:&quot;Green glass check mark symbol. Part of a series.&quot;,&quot;created_timestamp&quot;:&quot;0&quot;,&quot;copyright&quot;:&quot;VCTStyle&quot;,&quot;focal_length&quot;:&quot;0&quot;,&quot;iso&quot;:&quot;0&quot;,&quot;shutter_speed&quot;:&quot;0&quot;,&quot;title&quot;:&quot;Green glass check mark symbol. Part of a series.&quot;,&quot;orientation&quot;:&quot;0&quot;}\" data-image-title=\"Account Verification\" data-image-description=\"&lt;p&gt;Account Verification&lt;\/p&gt;\" data-image-caption=\"\" data-medium-file=\"https:\/\/i0.wp.com\/lsa-global.com\/wp-content\/uploads\/2023\/05\/check.jpg?fit=300%2C300&amp;ssl=1\" data-large-file=\"https:\/\/i0.wp.com\/lsa-global.com\/wp-content\/uploads\/2023\/05\/check.jpg?fit=612%2C612&amp;ssl=1\" width=\"150\" height=\"150\" src=\"https:\/\/i0.wp.com\/lsa-global.com\/wp-content\/uploads\/2023\/05\/check.jpg?fit=150%2C150&amp;ssl=1\" class=\"attachment-thumbnail size-thumbnail wp-image-24007\" alt=\"confirmez votre email\" srcset=\"https:\/\/i0.wp.com\/lsa-global.com\/wp-content\/uploads\/2023\/05\/check.jpg?w=612&amp;ssl=1 612w, https:\/\/i0.wp.com\/lsa-global.com\/wp-content\/uploads\/2023\/05\/check.jpg?resize=300%2C300&amp;ssl=1 300w, https:\/\/i0.wp.com\/lsa-global.com\/wp-content\/uploads\/2023\/05\/check.jpg?resize=150%2C150&amp;ssl=1 150w, https:\/\/i0.wp.com\/lsa-global.com\/wp-content\/uploads\/2023\/05\/check.jpg?resize=75%2C75&amp;ssl=1 75w, https:\/\/i0.wp.com\/lsa-global.com\/wp-content\/uploads\/2023\/05\/check.jpg?resize=370%2C370&amp;ssl=1 370w, https:\/\/i0.wp.com\/lsa-global.com\/wp-content\/uploads\/2023\/05\/check.jpg?resize=90%2C90&amp;ssl=1 90w, https:\/\/i0.wp.com\/lsa-global.com\/wp-content\/uploads\/2023\/05\/check.jpg?resize=112%2C112&amp;ssl=1 112w, https:\/\/i0.wp.com\/lsa-global.com\/wp-content\/uploads\/2023\/05\/check.jpg?resize=148%2C148&amp;ssl=1 148w, https:\/\/i0.wp.com\/lsa-global.com\/wp-content\/uploads\/2023\/05\/check.jpg?resize=600%2C600&amp;ssl=1 600w, https:\/\/i0.wp.com\/lsa-global.com\/wp-content\/uploads\/2023\/05\/check.jpg?resize=100%2C100&amp;ssl=1 100w\" sizes=\"(max-width: 150px) 100vw, 150px\" title=\"\">\t\t\t\t\t\t\t\t\t\t\t\t\t\t\t<\/div>\n\t\t\t\t<div class=\"elementor-element elementor-element-d68310c elementor-widget elementor-widget-spacer\" data-id=\"d68310c\" data-element_type=\"widget\" data-e-type=\"widget\" data-widget_type=\"spacer.default\">\n\t\t\t\t\t\t\t<div class=\"elementor-spacer\">\n\t\t\t<div class=\"elementor-spacer-inner\"><\/div>\n\t\t<\/div>\n\t\t\t\t\t\t<\/div>\n\t\t\t\t<div class=\"elementor-element elementor-element-b7eae38 elementor-widget elementor-widget-heading\" data-id=\"b7eae38\" data-element_type=\"widget\" data-e-type=\"widget\" data-widget_type=\"heading.default\">\n\t\t\t\t\t<h2 class=\"elementor-heading-title elementor-size-default\">Compte v\u00e9rifi\u00e9 avec succ\u00e8s\u00a0!<\/h2>\t\t\t\t<\/div>\n\t\t\t\t<div class=\"elementor-element elementor-element-6334b4d0 elementor-widget elementor-widget-text-editor\" data-id=\"6334b4d0\" data-element_type=\"widget\" data-e-type=\"widget\" data-widget_type=\"text-editor.default\">\n\t\t\t\t\t\t\t\t\t\n<p>Confirmez votre email<\/p>\n\n<p class=\"has-text-align-center\">Votre adresse email a \u00e9t\u00e9 confirm\u00e9e avec succ\u00e8s.<\/p>\n\n<p class=\"has-text-align-center\">\u00a0Ceci est pour confirmer que votre adresse email a bien \u00e9t\u00e9 confirm\u00e9e. Vous pouvez avoir acc\u00e8s au contenu. Mais avant, veuillez vous rendre sur votre compte de messagerie et v\u00e9rifier que cette adresse email est la v\u00f4tre.<\/p>\n\n<p class=\"has-text-align-center\">Merci pour votre inscription !<\/p>\n\n<p><a href=\"https:\/\/lsa-global.com\/fr\/connecter\/\" target=\"_blank\" rel=\"noreferrer noopener\">Connectez-vous ici<\/a><\/p>\n\n<p><a href=\"https:\/\/lsa-global.com\/fr\/\" target=\"_blank\" rel=\"noreferrer noopener\">Page d'accueil<\/a><\/p>\n\t\t\t\t\t\t\t\t<\/div>\n\t\t\t\t<div class=\"elementor-element elementor-element-4fff061 elementor-widget elementor-widget-spacer\" data-id=\"4fff061\" data-element_type=\"widget\" data-e-type=\"widget\" data-widget_type=\"spacer.default\">\n\t\t\t\t\t\t\t<div class=\"elementor-spacer\">\n\t\t\t<div class=\"elementor-spacer-inner\"><\/div>\n\t\t<\/div>\n\t\t\t\t\t\t<\/div>\n\t\t\t\t<div class=\"elementor-element elementor-element-3965836 elementor-widget elementor-widget-heading\" data-id=\"3965836\" data-element_type=\"widget\" data-e-type=\"widget\" data-widget_type=\"heading.default\">\n\t\t\t\t\t<h3 class=\"elementor-heading-title elementor-size-default\">Aller au-del\u00e0<\/h3>\t\t\t\t<\/div>\n\t\t\t\t<div class=\"elementor-element elementor-element-21371aa elementor-widget elementor-widget-text-editor\" data-id=\"21371aa\" data-element_type=\"widget\" data-e-type=\"widget\" data-widget_type=\"text-editor.default\">\n\t\t\t\t\t\t\t\t\t<h5><a href=\"https:\/\/lsa-global.com\/fr\/tarifs-et-conditions-de-traduction\/\"><span style=\"color: #ff0000;\">Plans tarifaires et plus<\/span><\/a><\/h5>\t\t\t\t\t\t\t\t<\/div>\n\t\t\t\t<div class=\"elementor-element elementor-element-0ccd78a elementor-widget elementor-widget-text-editor\" data-id=\"0ccd78a\" data-element_type=\"widget\" data-e-type=\"widget\" data-widget_type=\"text-editor.default\">\n\t\t\t\t\t\t\t\t\t<h5><a href=\"https:\/\/lsa-global.com\/fr\/apprendre-la-langue-allemande\/\"><span style=\"color: #ff0000;\">Cours d&#039;allemand<\/span><\/a><\/h5>\t\t\t\t\t\t\t\t<\/div>\n\t\t\t\t<div class=\"elementor-element elementor-element-4ce8512 elementor-widget elementor-widget-text-editor\" data-id=\"4ce8512\" data-element_type=\"widget\" data-e-type=\"widget\" data-widget_type=\"text-editor.default\">\n\t\t\t\t\t\t\t\t\t<h5><a href=\"https:\/\/lsa-global.com\/fr\/apprendre-la-langue-allemande\/\"><span style=\"color: #ff0000;\">Devis gratuit<\/span><\/a><\/h5>\t\t\t\t\t\t\t\t<\/div>\n\t\t\t\t<div class=\"elementor-element elementor-element-658d5d8 elementor-widget elementor-widget-text-editor\" data-id=\"658d5d8\" data-element_type=\"widget\" data-e-type=\"widget\" data-widget_type=\"text-editor.default\">\n\t\t\t\t\t\t\t\t\t<h5><a href=\"https:\/\/lsa-global.com\/fr\/articles\/\"><span style=\"color: #ff0000;\">Plus de messages<\/span><\/a><\/h5>\t\t\t\t\t\t\t\t<\/div>\n\t\t\t\t<div class=\"elementor-element elementor-element-13ab6b5 elementor-widget elementor-widget-text-editor\" data-id=\"13ab6b5\" data-element_type=\"widget\" data-e-type=\"widget\" data-widget_type=\"text-editor.default\">\n\t\t\t\t\t\t\t\t\t<h5><a href=\"https:\/\/lsaglobal-translate.co.uk\/services\/translation-services\/\" target=\"_blank\" rel=\"noopener\"><span style=\"color: #ff0000;\">Traduction Pro.<\/span><\/a><\/h5>\t\t\t\t\t\t\t\t<\/div>\n\t\t\t\t<div class=\"elementor-element elementor-element-f462c0d elementor-widget elementor-widget-text-editor\" data-id=\"f462c0d\" data-element_type=\"widget\" data-e-type=\"widget\" data-widget_type=\"text-editor.default\">\n\t\t\t\t\t\t\t\t\t<h4><span style=\"color: #000080;\"><span style=\"color: #ff0000;\">Visitez le site Web LSAGLOBAL-Translate pour en savoir plus<\/span><\/span><\/h4>\t\t\t\t\t\t\t\t<\/div>\n\t\t\t\t\t<\/div>\n\t\t\t\t<\/div>\n\t\t\t\t<\/div>","protected":false},"excerpt":{"rendered":"<p>Account Verified Successfully! Confirm your email Your email address was successfully confirmed. \u00a0This is to confirm that your email address&hellip;<\/p>","protected":false},"author":1,"featured_media":24007,"parent":0,"menu_order":0,"comment_status":"closed","ping_status":"closed","template":"","meta":{"jetpack_post_was_ever_published":false,"footnotes":""},"class_list":["post-21774","page","type-page","status-publish","has-post-thumbnail","hentry"],"jetpack_sharing_enabled":true,"jetpack_likes_enabled":true,"jetpack-related-posts":[],"jetpack_shortlink":"https:\/\/wp.me\/PerFda-5Fc","_links":{"self":[{"href":"https:\/\/lsa-global.com\/fr\/wp-json\/wp\/v2\/pages\/21774","targetHints":{"allow":["GET"]}}],"collection":[{"href":"https:\/\/lsa-global.com\/fr\/wp-json\/wp\/v2\/pages"}],"about":[{"href":"https:\/\/lsa-global.com\/fr\/wp-json\/wp\/v2\/types\/page"}],"author":[{"embeddable":true,"href":"https:\/\/lsa-global.com\/fr\/wp-json\/wp\/v2\/users\/1"}],"replies":[{"embeddable":true,"href":"https:\/\/lsa-global.com\/fr\/wp-json\/wp\/v2\/comments?post=21774"}],"version-history":[{"count":0,"href":"https:\/\/lsa-global.com\/fr\/wp-json\/wp\/v2\/pages\/21774\/revisions"}],"wp:featuredmedia":[{"embeddable":true,"href":"https:\/\/lsa-global.com\/fr\/wp-json\/wp\/v2\/media\/24007"}],"wp:attachment":[{"href":"https:\/\/lsa-global.com\/fr\/wp-json\/wp\/v2\/media?parent=21774"}],"curies":[{"name":"wp","href":"https:\/\/api.w.org\/{rel}","templated":true}]}}