{"id":43449,"date":"2025-03-19T10:50:05","date_gmt":"2025-03-19T09:50:05","guid":{"rendered":"https:\/\/lsa-global.com\/?page_id=43449"},"modified":"2025-04-25T15:17:04","modified_gmt":"2025-04-25T14:17:04","slug":"servicios-de-traduccion-al-estonio-precisos-y-certificados","status":"publish","type":"page","link":"https:\/\/lsa-global.com\/es\/servicios-de-traduccion-al-estonio-precisos-y-certificados\/","title":{"rendered":"Servicios profesionales de traducci\u00f3n al estonio: precisos y certificados"},"content":{"rendered":"<div data-elementor-type=\"wp-page\" data-elementor-id=\"43449\" class=\"elementor elementor-43449\" data-elementor-post-type=\"page\">\n\t\t\t\t<div class=\"elementor-element elementor-element-d15e52c e-con-full e-flex e-con e-parent\" data-id=\"d15e52c\" data-element_type=\"container\" data-e-type=\"container\">\n\t\t\t\t<div class=\"elementor-element elementor-element-d90ac34 elementor-widget elementor-widget-heading\" data-id=\"d90ac34\" data-element_type=\"widget\" data-e-type=\"widget\" data-widget_type=\"heading.default\">\n\t\t\t\t\t<h2 class=\"elementor-heading-title elementor-size-default\">Servicios profesionales de traducci\u00f3n al estonio: precisos y certificados<\/h2>\t\t\t\t<\/div>\n\t\t\t\t<div class=\"elementor-element elementor-element-0cb5a7c elementor-widget elementor-widget-image\" data-id=\"0cb5a7c\" data-element_type=\"widget\" data-e-type=\"widget\" data-widget_type=\"image.default\">\n\t\t\t\t\t\t\t\t\t\t\t\t\t\t\t<img fetchpriority=\"high\" decoding=\"async\" data-attachment-id=\"43741\" data-permalink=\"https:\/\/lsa-global.com\/zh\/%e7%88%b1%e6%b2%99%e5%b0%bc%e4%ba%9a%e8%af%ad%e7%bf%bb%e8%af%91%e6%9c%8d%e5%8a%a1%e5%87%86%e7%a1%ae%e8%ae%a4%e8%af%81\/estonian\/\" data-orig-file=\"https:\/\/i0.wp.com\/lsa-global.com\/wp-content\/uploads\/2025\/03\/Estonian.png?fit=2560%2C1629&amp;ssl=1\" data-orig-size=\"2560,1629\" data-comments-opened=\"0\" data-image-meta=\"{&quot;aperture&quot;:&quot;0&quot;,&quot;credit&quot;:&quot;&quot;,&quot;camera&quot;:&quot;&quot;,&quot;caption&quot;:&quot;&quot;,&quot;created_timestamp&quot;:&quot;0&quot;,&quot;copyright&quot;:&quot;&quot;,&quot;focal_length&quot;:&quot;0&quot;,&quot;iso&quot;:&quot;0&quot;,&quot;shutter_speed&quot;:&quot;0&quot;,&quot;title&quot;:&quot;&quot;,&quot;orientation&quot;:&quot;0&quot;}\" data-image-title=\"Estonian translation Services\" data-image-description=\"&lt;p&gt;Estonian translation Services&lt;\/p&gt;\" data-image-caption=\"\" data-medium-file=\"https:\/\/i0.wp.com\/lsa-global.com\/wp-content\/uploads\/2025\/03\/Estonian.png?fit=300%2C191&amp;ssl=1\" data-large-file=\"https:\/\/i0.wp.com\/lsa-global.com\/wp-content\/uploads\/2025\/03\/Estonian.png?fit=1024%2C652&amp;ssl=1\" width=\"300\" height=\"191\" src=\"https:\/\/i0.wp.com\/lsa-global.com\/wp-content\/uploads\/2025\/03\/Estonian.png?fit=300%2C191&amp;ssl=1\" class=\"attachment-medium size-medium wp-image-43741\" alt=\"Servicios de traducci\u00f3n al estonio\" srcset=\"https:\/\/i0.wp.com\/lsa-global.com\/wp-content\/uploads\/2025\/03\/Estonian.png?w=2560&amp;ssl=1 2560w, https:\/\/i0.wp.com\/lsa-global.com\/wp-content\/uploads\/2025\/03\/Estonian.png?resize=300%2C191&amp;ssl=1 300w, https:\/\/i0.wp.com\/lsa-global.com\/wp-content\/uploads\/2025\/03\/Estonian.png?resize=1024%2C652&amp;ssl=1 1024w, https:\/\/i0.wp.com\/lsa-global.com\/wp-content\/uploads\/2025\/03\/Estonian.png?resize=150%2C95&amp;ssl=1 150w, https:\/\/i0.wp.com\/lsa-global.com\/wp-content\/uploads\/2025\/03\/Estonian.png?resize=768%2C489&amp;ssl=1 768w, https:\/\/i0.wp.com\/lsa-global.com\/wp-content\/uploads\/2025\/03\/Estonian.png?resize=1536%2C977&amp;ssl=1 1536w, https:\/\/i0.wp.com\/lsa-global.com\/wp-content\/uploads\/2025\/03\/Estonian.png?resize=2048%2C1303&amp;ssl=1 2048w, https:\/\/i0.wp.com\/lsa-global.com\/wp-content\/uploads\/2025\/03\/Estonian.png?resize=18%2C12&amp;ssl=1 18w, https:\/\/i0.wp.com\/lsa-global.com\/wp-content\/uploads\/2025\/03\/Estonian.png?resize=370%2C235&amp;ssl=1 370w, https:\/\/i0.wp.com\/lsa-global.com\/wp-content\/uploads\/2025\/03\/Estonian.png?resize=760%2C484&amp;ssl=1 760w\" sizes=\"(max-width: 300px) 100vw, 300px\" title=\"\">\t\t\t\t\t\t\t\t\t\t\t\t\t\t\t<\/div>\n\t\t\t\t<div class=\"elementor-element elementor-element-f5938c4 elementor-widget elementor-widget-heading\" data-id=\"f5938c4\" data-element_type=\"widget\" data-e-type=\"widget\" data-widget_type=\"heading.default\">\n\t\t\t\t\t<h3 class=\"elementor-heading-title elementor-size-default\">Servicios de traducci\u00f3n al estonio especializados para empresas y particulares<\/h3>\t\t\t\t<\/div>\n\t\t\t\t<div class=\"elementor-element elementor-element-d94e9c8 elementor-widget elementor-widget-text-editor\" data-id=\"d94e9c8\" data-element_type=\"widget\" data-e-type=\"widget\" data-widget_type=\"text-editor.default\">\n\t\t\t\t\t\t\t\t\t<p>\u00bfBusca servicios de traducci\u00f3n al estonio de alta calidad? Nuestro equipo de traductores profesionales se especializa en ofrecer traducciones precisas y adaptadas a la cultura del p\u00fablico estonio. Ofrecemos una amplia gama de servicios, que incluyen traducci\u00f3n de documentos, localizaci\u00f3n de sitios web, traducciones t\u00e9cnicas y m\u00e1s, para garantizar que su contenido conecte con su p\u00fablico objetivo.<\/p>\t\t\t\t\t\t\t\t<\/div>\n\t\t\t\t<div class=\"elementor-element elementor-element-d37731c elementor-widget elementor-widget-heading\" data-id=\"d37731c\" data-element_type=\"widget\" data-e-type=\"widget\" data-widget_type=\"heading.default\">\n\t\t\t\t\t<h3 class=\"elementor-heading-title elementor-size-default\">\u00bfPor qu\u00e9 elegir nuestros servicios de traducci\u00f3n al estonio?<\/h3>\t\t\t\t<\/div>\n\t\t\t\t<div class=\"elementor-element elementor-element-dd10f9a elementor-widget elementor-widget-text-editor\" data-id=\"dd10f9a\" data-element_type=\"widget\" data-e-type=\"widget\" data-widget_type=\"text-editor.default\">\n\t\t\t\t\t\t\t\t\t<ul><li><p>Traductores nativos de estonio: Nuestros traductores son hablantes nativos de estonio con a\u00f1os de experiencia a tiempo completo, lo que garantiza traducciones precisas y apropiadas al contexto.<\/p><\/li><li><p>Traducciones Certificadas: Ofrecemos traducciones certificadas aceptadas por agencias gubernamentales e instituciones legales, garantizando el cumplimiento y la autenticidad.<\/p><\/li><li><p>Contenido optimizado para SEO: Nuestras traducciones incorporan las mejores pr\u00e1cticas de SEO, lo que ayuda a que su sitio web tenga una mejor clasificaci\u00f3n en motores de b\u00fasqueda como Google y Bing.\u00a0<\/p><\/li><li><p>Entrega r\u00e1pida y precios competitivos: Entregamos traducciones de alta calidad con rapidez y a precios competitivos, cumpliendo con sus plazos y requisitos presupuestarios.<\/p><\/li><li><p>Experiencia en la industria: Nuestros traductores poseen conocimientos especializados en diversas industrias, incluidos los sectores legal, m\u00e9dico, t\u00e9cnico y comercial.<\/p><\/li><\/ul>\t\t\t\t\t\t\t\t<\/div>\n\t\t\t\t<div class=\"elementor-element elementor-element-e07dc3d elementor-widget elementor-widget-heading\" data-id=\"e07dc3d\" data-element_type=\"widget\" data-e-type=\"widget\" data-widget_type=\"heading.default\">\n\t\t\t\t\t<h3 class=\"elementor-heading-title elementor-size-default\">Nuestros servicios de traducci\u00f3n al estonio<\/h3>\t\t\t\t<\/div>\n\t\t\t\t<div class=\"elementor-element elementor-element-3ffc548 elementor-widget elementor-widget-heading\" data-id=\"3ffc548\" data-element_type=\"widget\" data-e-type=\"widget\" data-widget_type=\"heading.default\">\n\t\t\t\t\t<h5 class=\"elementor-heading-title elementor-size-default\">1. Traducci\u00f3n certificada de documentos<\/h5>\t\t\t\t<\/div>\n\t\t\t\t<div class=\"elementor-element elementor-element-cf24ded elementor-widget elementor-widget-text-editor\" data-id=\"cf24ded\" data-element_type=\"widget\" data-e-type=\"widget\" data-widget_type=\"text-editor.default\">\n\t\t\t\t\t\t\t\t\t<p>Ofrecemos traducciones certificadas para una variedad de documentos, garantizando precisi\u00f3n y aceptaci\u00f3n por parte de entidades oficiales:<\/p><ul><li><p>Documentos legales: contratos, acuerdos, documentos judiciales.<\/p><\/li><li><p>Documentos Personales: Actas de nacimiento, actas de matrimonio, transcripciones acad\u00e9micas.<\/p><\/li><li><p>Documentos Comerciales: Licencias, estados financieros, informes corporativos.<\/p><\/li><\/ul>\t\t\t\t\t\t\t\t<\/div>\n\t\t\t\t<div class=\"elementor-element elementor-element-80a0386 elementor-widget elementor-widget-heading\" data-id=\"80a0386\" data-element_type=\"widget\" data-e-type=\"widget\" data-widget_type=\"heading.default\">\n\t\t\t\t\t<h5 class=\"elementor-heading-title elementor-size-default\">2. Localizaci\u00f3n de sitios web y aplicaciones<\/h5>\t\t\t\t<\/div>\n\t\t\t\t<div class=\"elementor-element elementor-element-631d8d2 elementor-widget elementor-widget-text-editor\" data-id=\"631d8d2\" data-element_type=\"widget\" data-e-type=\"widget\" data-widget_type=\"text-editor.default\">\n\t\t\t\t\t\t\t\t\t<p>Ampl\u00ede su presencia digital en los mercados de habla estonia con nuestros servicios de localizaci\u00f3n:<\/p><ul><li><p>Localizaci\u00f3n de sitios web: adaptaci\u00f3n del contenido de su sitio web para ajustarlo a los matices y preferencias culturales.<\/p><\/li><li><p>Localizaci\u00f3n de aplicaciones: garantizamos que sus aplicaciones m\u00f3viles sean f\u00e1ciles de usar para los usuarios de habla estonia.<\/p><\/li><li><p>Optimizaci\u00f3n SEO: Implementaci\u00f3n de palabras clave localizadas y metaetiquetas para mejorar la clasificaci\u00f3n en los motores de b\u00fasqueda.<\/p><\/li><\/ul>\t\t\t\t\t\t\t\t<\/div>\n\t\t\t\t<div class=\"elementor-element elementor-element-4740347 elementor-widget elementor-widget-heading\" data-id=\"4740347\" data-element_type=\"widget\" data-e-type=\"widget\" data-widget_type=\"heading.default\">\n\t\t\t\t\t<h5 class=\"elementor-heading-title elementor-size-default\">3. Traducciones t\u00e9cnicas y m\u00e9dicas<\/h5>\t\t\t\t<\/div>\n\t\t\t\t<div class=\"elementor-element elementor-element-9418173 elementor-widget elementor-widget-text-editor\" data-id=\"9418173\" data-element_type=\"widget\" data-e-type=\"widget\" data-widget_type=\"text-editor.default\">\n\t\t\t\t\t\t\t\t\t<p>Nuestros expertos manejan documentos t\u00e9cnicos y m\u00e9dicos complejos con precisi\u00f3n:<\/p><ul><li><p>Manuales T\u00e9cnicos: Gu\u00edas de usuario, manuales de productos, especificaciones t\u00e9cnicas.<\/p><\/li><li><p>Documentos m\u00e9dicos: Informes cl\u00ednicos, informaci\u00f3n farmac\u00e9utica, art\u00edculos de investigaci\u00f3n m\u00e9dica.<\/p><\/li><\/ul>\t\t\t\t\t\t\t\t<\/div>\n\t\t\t\t<div class=\"elementor-element elementor-element-7a1f135 elementor-widget elementor-widget-heading\" data-id=\"7a1f135\" data-element_type=\"widget\" data-e-type=\"widget\" data-widget_type=\"heading.default\">\n\t\t\t\t\t<h5 class=\"elementor-heading-title elementor-size-default\">4. Traducciones comerciales y de marketing<\/h5>\t\t\t\t<\/div>\n\t\t\t\t<div class=\"elementor-element elementor-element-25f7717 elementor-widget elementor-widget-text-editor\" data-id=\"25f7717\" data-element_type=\"widget\" data-e-type=\"widget\" data-widget_type=\"text-editor.default\">\n\t\t\t\t\t\t\t\t\t<p>Comunique eficazmente el mensaje de su marca a las audiencias de habla estonia:<\/p><ul><li><p>Materiales de marketing: folletos, anuncios, comunicados de prensa.<\/p><\/li><li><p>Comunicaciones empresariales: Presentaciones, correos electr\u00f3nicos, comunicaciones corporativas.<\/p><\/li><\/ul>\t\t\t\t\t\t\t\t<\/div>\n\t\t\t\t<div class=\"elementor-element elementor-element-72386fd elementor-widget elementor-widget-heading\" data-id=\"72386fd\" data-element_type=\"widget\" data-e-type=\"widget\" data-widget_type=\"heading.default\">\n\t\t\t\t\t<h3 class=\"elementor-heading-title elementor-size-default\">Industrias a las que servimos<\/h3>\t\t\t\t<\/div>\n\t\t\t\t<div class=\"elementor-element elementor-element-6cc4ec2 elementor-widget elementor-widget-text-editor\" data-id=\"6cc4ec2\" data-element_type=\"widget\" data-e-type=\"widget\" data-widget_type=\"text-editor.default\">\n\t\t\t\t\t\t\t\t\t<p>Atendemos a una amplia gama de industrias, que incluyen:<\/p><ul><li><p>Legal y gubernamental: Ofrecemos traducciones para procedimientos legales y comunicaciones gubernamentales.<\/p><\/li><li><p>Atenci\u00f3n m\u00e9dica y productos farmac\u00e9uticos: traducci\u00f3n de registros m\u00e9dicos, art\u00edculos de investigaci\u00f3n y documentos farmac\u00e9uticos.<\/p><\/li><li><p>Tecnolog\u00eda y TI: localizaci\u00f3n de software, manuales de usuario y documentaci\u00f3n t\u00e9cnica.<\/p><\/li><li><p>Finanzas y banca: traducci\u00f3n de informes financieros, documentos de inversi\u00f3n y materiales bancarios.<\/p><\/li><li><p>Comercio electr\u00f3nico y venta minorista: localizaci\u00f3n de descripciones de productos, rese\u00f1as de clientes y contenido de marketing.<\/p><\/li><\/ul>\t\t\t\t\t\t\t\t<\/div>\n\t\t\t\t<div class=\"elementor-element elementor-element-57f5fd4 elementor-widget elementor-widget-heading\" data-id=\"57f5fd4\" data-element_type=\"widget\" data-e-type=\"widget\" data-widget_type=\"heading.default\">\n\t\t\t\t\t<h3 class=\"elementor-heading-title elementor-size-default\">Por qu\u00e9 es importante una traducci\u00f3n profesional al estonio<\/h3>\t\t\t\t<\/div>\n\t\t\t\t<div class=\"elementor-element elementor-element-b7a4d34 elementor-widget elementor-widget-text-editor\" data-id=\"b7a4d34\" data-element_type=\"widget\" data-e-type=\"widget\" data-widget_type=\"text-editor.default\">\n\t\t\t\t\t\t\t\t\t<p>El estonio lo hablan m\u00e1s de un mill\u00f3n de personas, lo que lo convierte en una herramienta esencial para empresas y organizaciones que buscan conectar con el p\u00fablico estonioparlante. La traducci\u00f3n profesional garantiza:<\/p><ul><li><p>Relevancia cultural: traducciones precisas que resuenan con la cultura y las costumbres locales.<\/p><\/li><li><p>Cumplimiento legal: garantizar que los documentos cumplan con los est\u00e1ndares y requisitos legales regionales.<\/p><\/li><li><p>Credibilidad de marca: presentar su negocio de manera profesional ante audiencias de habla estonia.<\/p><\/li><\/ul>\t\t\t\t\t\t\t\t<\/div>\n\t\t\t\t<div class=\"elementor-element elementor-element-2cba939 elementor-widget elementor-widget-heading\" data-id=\"2cba939\" data-element_type=\"widget\" data-e-type=\"widget\" data-widget_type=\"heading.default\">\n\t\t\t\t\t<h3 class=\"elementor-heading-title elementor-size-default\">Servicios de traducci\u00f3n al estonio optimizados para SEO<\/h3>\t\t\t\t<\/div>\n\t\t\t\t<div class=\"elementor-element elementor-element-74c77b6 elementor-widget elementor-widget-text-editor\" data-id=\"74c77b6\" data-element_type=\"widget\" data-e-type=\"widget\" data-widget_type=\"text-editor.default\">\n\t\t\t\t\t\t\t\t\t<p>Nuestras traducciones est\u00e1n dise\u00f1adas con las mejores pr\u00e1cticas de SEO para mejorar su visibilidad en l\u00ednea:<\/p><ul><li><p>Palabras clave localizadas: incorporaci\u00f3n de t\u00e9rminos de b\u00fasqueda espec\u00edficos de la regi\u00f3n para mejorar las clasificaciones.\u00a0<\/p><\/li><li><p>Optimizaci\u00f3n de metaetiquetas: traducci\u00f3n y optimizaci\u00f3n de meta descripciones y t\u00edtulos para obtener mejores tasas de clics.\u00a0<\/p><\/li><li><p>URL f\u00e1ciles de usar: creaci\u00f3n de URL que sean legibles y relevantes en estonio.\u00a0<\/p><\/li><\/ul>\t\t\t\t\t\t\t\t<\/div>\n\t\t\t\t<div class=\"elementor-element elementor-element-5d0c022 elementor-widget elementor-widget-heading\" data-id=\"5d0c022\" data-element_type=\"widget\" data-e-type=\"widget\" data-widget_type=\"heading.default\">\n\t\t\t\t\t<h3 class=\"elementor-heading-title elementor-size-default\">Obtenga un presupuesto gratuito para servicios de traducci\u00f3n al estonio<\/h3>\t\t\t\t<\/div>\n\t\t\t\t<div class=\"elementor-element elementor-element-bfe72f9 elementor-widget elementor-widget-text-editor\" data-id=\"bfe72f9\" data-element_type=\"widget\" data-e-type=\"widget\" data-widget_type=\"text-editor.default\">\n\t\t\t\t\t\t\t\t\t<p style=\"font-family: Helvetica, serif; font-size: 16px; font-weight: 400; font-style: normal; color: #2634ac;\">\u00bfNecesita servicios profesionales de traducci\u00f3n al estonio? Cont\u00e1ctenos hoy mismo para obtener un presupuesto gratuito. Garantizamos traducciones r\u00e1pidas, precisas y confidenciales para todas sus necesidades.<\/p><h3 style=\"letter-spacing: normal;\"><span style=\"color: #000000;\"><a style=\"color: #000000;\" href=\"https:\/\/lsa-global.com\/es\/obtenga-una-cotizacion-gratuita-de-lsa-global\/\">\u00a0\u00a1Cont\u00e1ctanos hoy!<\/a><\/span><\/h3><p style=\"font-family: Helvetica, serif; font-size: 16px; font-weight: 400; font-style: normal; color: #2634ac;\">\u00a0Servicio global: disponible en todo el mundo<\/p><p style=\"font-family: Helvetica, serif; font-size: 16px; font-weight: 400; font-style: normal; color: #2634ac;\">\u00a1Ampl\u00eda tu alcance con la traducci\u00f3n experta al estonio! Cont\u00e1ctanos ahora para hablar sobre tu proyecto.<\/p>\t\t\t\t\t\t\t\t<\/div>\n\t\t\t\t<div class=\"elementor-element elementor-element-8ff5b49 elementor-widget elementor-widget-heading\" data-id=\"8ff5b49\" data-element_type=\"widget\" data-e-type=\"widget\" data-widget_type=\"heading.default\">\n\t\t\t\t\t<h3 class=\"elementor-heading-title elementor-size-default\">Yendo m\u00e1s all\u00e1<\/h3>\t\t\t\t<\/div>\n\t\t\t\t<div class=\"elementor-element elementor-element-22bf98d elementor-widget elementor-widget-text-editor\" data-id=\"22bf98d\" data-element_type=\"widget\" data-e-type=\"widget\" data-widget_type=\"text-editor.default\">\n\t\t\t\t\t\t\t\t\t<h5><span style=\"color: #000080;\"><a style=\"color: #000080;\" href=\"https:\/\/lsa-global.com\/es\/precios-y-condiciones-de-traduccion\/\">Planes de precios y m\u00e1s<\/a><\/span><\/h5>\t\t\t\t\t\t\t\t<\/div>\n\t\t\t\t<div class=\"elementor-element elementor-element-fb279b2 elementor-widget elementor-widget-text-editor\" data-id=\"fb279b2\" data-element_type=\"widget\" data-e-type=\"widget\" data-widget_type=\"text-editor.default\">\n\t\t\t\t\t\t\t\t\t<h5><span style=\"color: #000080;\"><a style=\"color: #000080;\" href=\"https:\/\/lsa-global.com\/es\/aprender-el-idioma-aleman\/\">Cotizaci\u00f3n gratuita<\/a><\/span><\/h5>\t\t\t\t\t\t\t\t<\/div>\n\t\t\t\t<div class=\"elementor-element elementor-element-b3f2518 elementor-widget elementor-widget-text-editor\" data-id=\"b3f2518\" data-element_type=\"widget\" data-e-type=\"widget\" data-widget_type=\"text-editor.default\">\n\t\t\t\t\t\t\t\t\t<h5><span style=\"color: #000080;\"><a style=\"color: #000080;\" href=\"https:\/\/lsaglobal-translate.co.uk\/services\/translation-services\/\" target=\"_blank\" rel=\"noopener\">Traducci\u00f3n Pro.<\/a><\/span><\/h5>\t\t\t\t\t\t\t\t<\/div>\n\t\t\t\t<div class=\"elementor-element elementor-element-21f530a elementor-widget elementor-widget-image\" data-id=\"21f530a\" data-element_type=\"widget\" data-e-type=\"widget\" data-widget_type=\"image.default\">\n\t\t\t\t\t\t\t\t\t\t\t\t\t\t\t<img fetchpriority=\"high\" decoding=\"async\" data-attachment-id=\"43741\" data-permalink=\"https:\/\/lsa-global.com\/zh\/%e7%88%b1%e6%b2%99%e5%b0%bc%e4%ba%9a%e8%af%ad%e7%bf%bb%e8%af%91%e6%9c%8d%e5%8a%a1%e5%87%86%e7%a1%ae%e8%ae%a4%e8%af%81\/estonian\/\" data-orig-file=\"https:\/\/i0.wp.com\/lsa-global.com\/wp-content\/uploads\/2025\/03\/Estonian.png?fit=2560%2C1629&amp;ssl=1\" data-orig-size=\"2560,1629\" data-comments-opened=\"0\" data-image-meta=\"{&quot;aperture&quot;:&quot;0&quot;,&quot;credit&quot;:&quot;&quot;,&quot;camera&quot;:&quot;&quot;,&quot;caption&quot;:&quot;&quot;,&quot;created_timestamp&quot;:&quot;0&quot;,&quot;copyright&quot;:&quot;&quot;,&quot;focal_length&quot;:&quot;0&quot;,&quot;iso&quot;:&quot;0&quot;,&quot;shutter_speed&quot;:&quot;0&quot;,&quot;title&quot;:&quot;&quot;,&quot;orientation&quot;:&quot;0&quot;}\" data-image-title=\"Estonian translation Services\" data-image-description=\"&lt;p&gt;Estonian translation Services&lt;\/p&gt;\" data-image-caption=\"\" data-medium-file=\"https:\/\/i0.wp.com\/lsa-global.com\/wp-content\/uploads\/2025\/03\/Estonian.png?fit=300%2C191&amp;ssl=1\" data-large-file=\"https:\/\/i0.wp.com\/lsa-global.com\/wp-content\/uploads\/2025\/03\/Estonian.png?fit=1024%2C652&amp;ssl=1\" width=\"300\" height=\"191\" src=\"https:\/\/i0.wp.com\/lsa-global.com\/wp-content\/uploads\/2025\/03\/Estonian.png?fit=300%2C191&amp;ssl=1\" class=\"attachment-medium size-medium wp-image-43741\" alt=\"Servicios de traducci\u00f3n al estonio\" srcset=\"https:\/\/i0.wp.com\/lsa-global.com\/wp-content\/uploads\/2025\/03\/Estonian.png?w=2560&amp;ssl=1 2560w, https:\/\/i0.wp.com\/lsa-global.com\/wp-content\/uploads\/2025\/03\/Estonian.png?resize=300%2C191&amp;ssl=1 300w, https:\/\/i0.wp.com\/lsa-global.com\/wp-content\/uploads\/2025\/03\/Estonian.png?resize=1024%2C652&amp;ssl=1 1024w, https:\/\/i0.wp.com\/lsa-global.com\/wp-content\/uploads\/2025\/03\/Estonian.png?resize=150%2C95&amp;ssl=1 150w, https:\/\/i0.wp.com\/lsa-global.com\/wp-content\/uploads\/2025\/03\/Estonian.png?resize=768%2C489&amp;ssl=1 768w, https:\/\/i0.wp.com\/lsa-global.com\/wp-content\/uploads\/2025\/03\/Estonian.png?resize=1536%2C977&amp;ssl=1 1536w, https:\/\/i0.wp.com\/lsa-global.com\/wp-content\/uploads\/2025\/03\/Estonian.png?resize=2048%2C1303&amp;ssl=1 2048w, https:\/\/i0.wp.com\/lsa-global.com\/wp-content\/uploads\/2025\/03\/Estonian.png?resize=18%2C12&amp;ssl=1 18w, https:\/\/i0.wp.com\/lsa-global.com\/wp-content\/uploads\/2025\/03\/Estonian.png?resize=370%2C235&amp;ssl=1 370w, https:\/\/i0.wp.com\/lsa-global.com\/wp-content\/uploads\/2025\/03\/Estonian.png?resize=760%2C484&amp;ssl=1 760w\" sizes=\"(max-width: 300px) 100vw, 300px\" title=\"\">\t\t\t\t\t\t\t\t\t\t\t\t\t\t\t<\/div>\n\t\t\t\t<\/div>\n\t\t\t\t<\/div>","protected":false},"excerpt":{"rendered":"<p>Professional Estonian Translation Services \u2013 Accurate &#038; Certified Expert Estonian Translation Services for Businesses &amp; Individuals Are you seeking high-quality\u00a0Estonian&hellip;<\/p>","protected":false},"author":1,"featured_media":43741,"parent":0,"menu_order":0,"comment_status":"closed","ping_status":"closed","template":"","meta":{"jetpack_post_was_ever_published":false,"footnotes":""},"class_list":["post-43449","page","type-page","status-publish","has-post-thumbnail","hentry"],"jetpack_sharing_enabled":true,"jetpack_likes_enabled":true,"jetpack-related-posts":[],"jetpack_shortlink":"https:\/\/wp.me\/PerFda-biN","_links":{"self":[{"href":"https:\/\/lsa-global.com\/es\/wp-json\/wp\/v2\/pages\/43449","targetHints":{"allow":["GET"]}}],"collection":[{"href":"https:\/\/lsa-global.com\/es\/wp-json\/wp\/v2\/pages"}],"about":[{"href":"https:\/\/lsa-global.com\/es\/wp-json\/wp\/v2\/types\/page"}],"author":[{"embeddable":true,"href":"https:\/\/lsa-global.com\/es\/wp-json\/wp\/v2\/users\/1"}],"replies":[{"embeddable":true,"href":"https:\/\/lsa-global.com\/es\/wp-json\/wp\/v2\/comments?post=43449"}],"version-history":[{"count":0,"href":"https:\/\/lsa-global.com\/es\/wp-json\/wp\/v2\/pages\/43449\/revisions"}],"wp:featuredmedia":[{"embeddable":true,"href":"https:\/\/lsa-global.com\/es\/wp-json\/wp\/v2\/media\/43741"}],"wp:attachment":[{"href":"https:\/\/lsa-global.com\/es\/wp-json\/wp\/v2\/media?parent=43449"}],"curies":[{"name":"wp","href":"https:\/\/api.w.org\/{rel}","templated":true}]}}