{"id":43445,"date":"2025-03-19T10:39:51","date_gmt":"2025-03-19T09:39:51","guid":{"rendered":"https:\/\/lsa-global.com\/?page_id=43445"},"modified":"2025-04-25T10:44:50","modified_gmt":"2025-04-25T09:44:50","slug":"english-translation-services-accurate-certified","status":"publish","type":"page","link":"https:\/\/lsa-global.com\/es\/english-translation-services-accurate-certified\/","title":{"rendered":"Servicios profesionales de traducci\u00f3n al ingl\u00e9s: precisos y certificados"},"content":{"rendered":"<div data-elementor-type=\"wp-page\" data-elementor-id=\"43445\" class=\"elementor elementor-43445\" data-elementor-post-type=\"page\">\n\t\t\t\t<div class=\"elementor-element elementor-element-3aeec3f e-flex e-con-boxed e-con e-parent\" data-id=\"3aeec3f\" data-element_type=\"container\" data-e-type=\"container\">\n\t\t\t\t\t<div class=\"e-con-inner\">\n\t\t\t\t<div class=\"elementor-element elementor-element-a1b95e3 elementor-widget elementor-widget-heading\" data-id=\"a1b95e3\" data-element_type=\"widget\" data-e-type=\"widget\" data-widget_type=\"heading.default\">\n\t\t\t\t\t<h2 class=\"elementor-heading-title elementor-size-default\">Professional English Translation Services \u2013 Accurate &amp; Certified<\/h2>\t\t\t\t<\/div>\n\t\t\t\t<div class=\"elementor-element elementor-element-332a20d elementor-widget elementor-widget-image\" data-id=\"332a20d\" data-element_type=\"widget\" data-e-type=\"widget\" data-widget_type=\"image.default\">\n\t\t\t\t\t\t\t\t\t\t\t\t\t\t\t<img decoding=\"async\" data-attachment-id=\"43736\" data-permalink=\"https:\/\/lsa-global.com\/english-translation-services-accurate-certified\/english-2\/\" data-orig-file=\"https:\/\/i0.wp.com\/lsa-global.com\/wp-content\/uploads\/2025\/03\/English.png?fit=2560%2C1280&amp;ssl=1\" data-orig-size=\"2560,1280\" data-comments-opened=\"0\" data-image-meta=\"{&quot;aperture&quot;:&quot;0&quot;,&quot;credit&quot;:&quot;&quot;,&quot;camera&quot;:&quot;&quot;,&quot;caption&quot;:&quot;&quot;,&quot;created_timestamp&quot;:&quot;0&quot;,&quot;copyright&quot;:&quot;&quot;,&quot;focal_length&quot;:&quot;0&quot;,&quot;iso&quot;:&quot;0&quot;,&quot;shutter_speed&quot;:&quot;0&quot;,&quot;title&quot;:&quot;&quot;,&quot;orientation&quot;:&quot;0&quot;}\" data-image-title=\"English translation Services\" data-image-description=\"&lt;p&gt;English translation Services&lt;\/p&gt;\" data-image-caption=\"\" data-medium-file=\"https:\/\/i0.wp.com\/lsa-global.com\/wp-content\/uploads\/2025\/03\/English.png?fit=300%2C150&amp;ssl=1\" data-large-file=\"https:\/\/i0.wp.com\/lsa-global.com\/wp-content\/uploads\/2025\/03\/English.png?fit=1024%2C512&amp;ssl=1\" width=\"300\" height=\"150\" src=\"https:\/\/i0.wp.com\/lsa-global.com\/wp-content\/uploads\/2025\/03\/English.png?fit=300%2C150&amp;ssl=1\" class=\"attachment-medium size-medium wp-image-43736\" alt=\"English translation Services\" srcset=\"https:\/\/i0.wp.com\/lsa-global.com\/wp-content\/uploads\/2025\/03\/English.png?w=2560&amp;ssl=1 2560w, https:\/\/i0.wp.com\/lsa-global.com\/wp-content\/uploads\/2025\/03\/English.png?resize=300%2C150&amp;ssl=1 300w, https:\/\/i0.wp.com\/lsa-global.com\/wp-content\/uploads\/2025\/03\/English.png?resize=1024%2C512&amp;ssl=1 1024w, https:\/\/i0.wp.com\/lsa-global.com\/wp-content\/uploads\/2025\/03\/English.png?resize=150%2C75&amp;ssl=1 150w, https:\/\/i0.wp.com\/lsa-global.com\/wp-content\/uploads\/2025\/03\/English.png?resize=768%2C384&amp;ssl=1 768w, https:\/\/i0.wp.com\/lsa-global.com\/wp-content\/uploads\/2025\/03\/English.png?resize=1536%2C768&amp;ssl=1 1536w, https:\/\/i0.wp.com\/lsa-global.com\/wp-content\/uploads\/2025\/03\/English.png?resize=2048%2C1024&amp;ssl=1 2048w, https:\/\/i0.wp.com\/lsa-global.com\/wp-content\/uploads\/2025\/03\/English.png?resize=18%2C9&amp;ssl=1 18w, https:\/\/i0.wp.com\/lsa-global.com\/wp-content\/uploads\/2025\/03\/English.png?resize=370%2C185&amp;ssl=1 370w, https:\/\/i0.wp.com\/lsa-global.com\/wp-content\/uploads\/2025\/03\/English.png?resize=760%2C380&amp;ssl=1 760w, https:\/\/i0.wp.com\/lsa-global.com\/wp-content\/uploads\/2025\/03\/English.png?resize=805%2C400&amp;ssl=1 805w\" sizes=\"(max-width: 300px) 100vw, 300px\" title=\"\">\t\t\t\t\t\t\t\t\t\t\t\t\t\t\t<\/div>\n\t\t\t\t<div class=\"elementor-element elementor-element-e86161f elementor-widget elementor-widget-heading\" data-id=\"e86161f\" data-element_type=\"widget\" data-e-type=\"widget\" data-widget_type=\"heading.default\">\n\t\t\t\t\t<h3 class=\"elementor-heading-title elementor-size-default\">Servicios expertos de traducci\u00f3n al ingl\u00e9s para empresas y particulares<\/h3>\t\t\t\t<\/div>\n\t\t\t\t<div class=\"elementor-element elementor-element-e17785b elementor-widget elementor-widget-text-editor\" data-id=\"e17785b\" data-element_type=\"widget\" data-e-type=\"widget\" data-widget_type=\"text-editor.default\">\n\t\t\t\t\t\t\t\t\t<p>Are you seeking high-quality\u00a0English translation services? Our team of professional translators specializes in delivering accurate, culturally adapted translations tailored to English-speaking audiences. We offer a comprehensive range of services, including\u00a0document translation,\u00a0website localization,\u00a0technical translations, and more, ensuring your content resonates with your target market.<\/p>\t\t\t\t\t\t\t\t<\/div>\n\t\t\t\t<div class=\"elementor-element elementor-element-e7d7d8b elementor-widget elementor-widget-heading\" data-id=\"e7d7d8b\" data-element_type=\"widget\" data-e-type=\"widget\" data-widget_type=\"heading.default\">\n\t\t\t\t\t<h3 class=\"elementor-heading-title elementor-size-default\">\u00bfPor qu\u00e9 elegir nuestros servicios de traducci\u00f3n al ingl\u00e9s?<\/h3>\t\t\t\t<\/div>\n\t\t\t\t<div class=\"elementor-element elementor-element-778a817 elementor-widget elementor-widget-text-editor\" data-id=\"778a817\" data-element_type=\"widget\" data-e-type=\"widget\" data-widget_type=\"text-editor.default\">\n\t\t\t\t\t\t\t\t\t<ul><li><p>Certified Translators: Our translators are certified professionals, ensuring precise and contextually appropriate translations.<\/p><\/li><li><p>Contenido optimizado para SEO: Nuestras traducciones incorporan las mejores pr\u00e1cticas de SEO, lo que ayuda a que su sitio web tenga una mejor clasificaci\u00f3n en motores de b\u00fasqueda como Google y Bing.\u00a0<\/p><\/li><li><p>Entrega r\u00e1pida y precios competitivos: Entregamos traducciones de alta calidad con rapidez y a precios competitivos, cumpliendo con sus plazos y requisitos presupuestarios.<\/p><\/li><li><p>Experiencia en la industria: Nuestros traductores poseen conocimientos especializados en diversas industrias, incluidos los sectores legal, m\u00e9dico, t\u00e9cnico y comercial.<\/p><\/li><\/ul>\t\t\t\t\t\t\t\t<\/div>\n\t\t\t\t<div class=\"elementor-element elementor-element-ac6a03b elementor-widget elementor-widget-heading\" data-id=\"ac6a03b\" data-element_type=\"widget\" data-e-type=\"widget\" data-widget_type=\"heading.default\">\n\t\t\t\t\t<h3 class=\"elementor-heading-title elementor-size-default\">Nuestros servicios de traducci\u00f3n al ingl\u00e9s<\/h3>\t\t\t\t<\/div>\n\t\t\t\t<div class=\"elementor-element elementor-element-8e43b0d elementor-widget elementor-widget-heading\" data-id=\"8e43b0d\" data-element_type=\"widget\" data-e-type=\"widget\" data-widget_type=\"heading.default\">\n\t\t\t\t\t<h5 class=\"elementor-heading-title elementor-size-default\">1. Traducci\u00f3n certificada de documentos<\/h5>\t\t\t\t<\/div>\n\t\t\t\t<div class=\"elementor-element elementor-element-ca3d31f elementor-widget elementor-widget-text-editor\" data-id=\"ca3d31f\" data-element_type=\"widget\" data-e-type=\"widget\" data-widget_type=\"text-editor.default\">\n\t\t\t\t\t\t\t\t\t<p>Ofrecemos traducciones certificadas para una variedad de documentos, garantizando precisi\u00f3n y aceptaci\u00f3n por parte de entidades oficiales:<\/p><ul><li><p>Documentos legales: contratos, acuerdos, documentos judiciales.<\/p><\/li><li><p>Documentos Personales: Actas de nacimiento, actas de matrimonio, transcripciones acad\u00e9micas.<\/p><\/li><li><p>Documentos Comerciales: Licencias, estados financieros, informes corporativos.<\/p><\/li><\/ul>\t\t\t\t\t\t\t\t<\/div>\n\t\t\t\t<div class=\"elementor-element elementor-element-4076bdd elementor-widget elementor-widget-heading\" data-id=\"4076bdd\" data-element_type=\"widget\" data-e-type=\"widget\" data-widget_type=\"heading.default\">\n\t\t\t\t\t<h5 class=\"elementor-heading-title elementor-size-default\">2. Localizaci\u00f3n de sitios web y aplicaciones<\/h5>\t\t\t\t<\/div>\n\t\t\t\t<div class=\"elementor-element elementor-element-4de25b9 elementor-widget elementor-widget-text-editor\" data-id=\"4de25b9\" data-element_type=\"widget\" data-e-type=\"widget\" data-widget_type=\"text-editor.default\">\n\t\t\t\t\t\t\t\t\t<p>Ampl\u00ede su presencia digital en los mercados de habla inglesa con nuestros servicios de localizaci\u00f3n:<\/p><ul><li><p>Localizaci\u00f3n de sitios web: adaptaci\u00f3n del contenido de su sitio web para ajustarlo a los matices y preferencias culturales.<\/p><\/li><li><p>App Localization: Ensuring your mobile applications are user-friendly for English-speaking users.<\/p><\/li><li><p>Optimizaci\u00f3n SEO: implementaci\u00f3n de palabras clave localizadas y metaetiquetas para mejorar la clasificaci\u00f3n en los motores de b\u00fasqueda.\u00a0<\/p><\/li><\/ul>\t\t\t\t\t\t\t\t<\/div>\n\t\t\t\t<div class=\"elementor-element elementor-element-ac4d13f elementor-widget elementor-widget-heading\" data-id=\"ac4d13f\" data-element_type=\"widget\" data-e-type=\"widget\" data-widget_type=\"heading.default\">\n\t\t\t\t\t<h5 class=\"elementor-heading-title elementor-size-default\">3. Traducciones t\u00e9cnicas y m\u00e9dicas<\/h5>\t\t\t\t<\/div>\n\t\t\t\t<div class=\"elementor-element elementor-element-86b05fd elementor-widget elementor-widget-text-editor\" data-id=\"86b05fd\" data-element_type=\"widget\" data-e-type=\"widget\" data-widget_type=\"text-editor.default\">\n\t\t\t\t\t\t\t\t\t<p>Nuestros expertos manejan documentos t\u00e9cnicos y m\u00e9dicos complejos con precisi\u00f3n:<\/p><ul><li><p>Manuales T\u00e9cnicos: Gu\u00edas de usuario, manuales de productos, especificaciones t\u00e9cnicas.<\/p><\/li><li><p>Documentos m\u00e9dicos: Informes cl\u00ednicos, informaci\u00f3n farmac\u00e9utica, art\u00edculos de investigaci\u00f3n m\u00e9dica.<\/p><\/li><\/ul>\t\t\t\t\t\t\t\t<\/div>\n\t\t\t\t<div class=\"elementor-element elementor-element-0b7c6bb elementor-widget elementor-widget-heading\" data-id=\"0b7c6bb\" data-element_type=\"widget\" data-e-type=\"widget\" data-widget_type=\"heading.default\">\n\t\t\t\t\t<h5 class=\"elementor-heading-title elementor-size-default\">4. Traducciones comerciales y de marketing<\/h5>\t\t\t\t<\/div>\n\t\t\t\t<div class=\"elementor-element elementor-element-3fdf2dc elementor-widget elementor-widget-text-editor\" data-id=\"3fdf2dc\" data-element_type=\"widget\" data-e-type=\"widget\" data-widget_type=\"text-editor.default\">\n\t\t\t\t\t\t\t\t\t<p>Comunique eficazmente el mensaje de su marca a las audiencias de habla inglesa:<\/p><ul><li><p>Materiales de marketing: folletos, anuncios, comunicados de prensa.<\/p><\/li><li><p>Comunicaciones empresariales: Presentaciones, correos electr\u00f3nicos, comunicaciones corporativas.<\/p><\/li><\/ul>\t\t\t\t\t\t\t\t<\/div>\n\t\t\t\t<div class=\"elementor-element elementor-element-d364370 elementor-widget elementor-widget-heading\" data-id=\"d364370\" data-element_type=\"widget\" data-e-type=\"widget\" data-widget_type=\"heading.default\">\n\t\t\t\t\t<h3 class=\"elementor-heading-title elementor-size-default\">Industrias a las que servimos<\/h3>\t\t\t\t<\/div>\n\t\t\t\t<div class=\"elementor-element elementor-element-457ac96 elementor-widget elementor-widget-text-editor\" data-id=\"457ac96\" data-element_type=\"widget\" data-e-type=\"widget\" data-widget_type=\"text-editor.default\">\n\t\t\t\t\t\t\t\t\t<p>Atendemos a una amplia gama de industrias, que incluyen:<\/p><ul><li><p>Legal y gubernamental: Ofrecemos traducciones para procedimientos legales y comunicaciones gubernamentales.<\/p><\/li><li><p>Atenci\u00f3n m\u00e9dica y productos farmac\u00e9uticos: traducci\u00f3n de registros m\u00e9dicos, art\u00edculos de investigaci\u00f3n y documentos farmac\u00e9uticos.<\/p><\/li><li><p>Tecnolog\u00eda y TI: localizaci\u00f3n de software, manuales de usuario y documentaci\u00f3n t\u00e9cnica.<\/p><\/li><li><p>Finanzas y banca: traducci\u00f3n de informes financieros, documentos de inversi\u00f3n y materiales bancarios.<\/p><\/li><li><p>Comercio electr\u00f3nico y venta minorista: localizaci\u00f3n de descripciones de productos, rese\u00f1as de clientes y contenido de marketing.<\/p><\/li><\/ul>\t\t\t\t\t\t\t\t<\/div>\n\t\t\t\t<div class=\"elementor-element elementor-element-b570ff3 elementor-widget elementor-widget-heading\" data-id=\"b570ff3\" data-element_type=\"widget\" data-e-type=\"widget\" data-widget_type=\"heading.default\">\n\t\t\t\t\t<h3 class=\"elementor-heading-title elementor-size-default\">Por qu\u00e9 es importante la traducci\u00f3n profesional al ingl\u00e9s<\/h3>\t\t\t\t<\/div>\n\t\t\t\t<div class=\"elementor-element elementor-element-9ed5eb4 elementor-widget elementor-widget-text-editor\" data-id=\"9ed5eb4\" data-element_type=\"widget\" data-e-type=\"widget\" data-widget_type=\"text-editor.default\">\n\t\t\t\t\t\t\t\t\t<p><span style=\"color: #c21f1f; font-family: Helvetica, serif; font-size: 16px; font-style: normal; text-align: var(--text-align);\">Millones de personas en todo el mundo hablan ingl\u00e9s, lo que lo hace esencial para empresas y organizaciones que buscan conectar con el p\u00fablico angloparlante. La traducci\u00f3n profesional garantiza:<\/span><\/p><ul style=\"margin-bottom: 1em; font-family: Helvetica, serif; font-size: 16px; font-weight: 400; font-style: normal; color: #c21f1f;\"><li style=\"font-size: 16px;\"><p style=\"font-size: 16px;\">Relevancia cultural: traducciones precisas que resuenan con la cultura y las costumbres locales.<\/p><\/li><li style=\"font-size: 16px;\"><p style=\"font-size: 16px;\">Cumplimiento legal: garantizar que los documentos cumplan con los est\u00e1ndares y requisitos legales regionales.<\/p><\/li><li style=\"font-size: 16px;\"><p style=\"font-size: 16px;\">Brand Credibility: Presenting your business professionally to English-speaking audiences.<\/p><\/li><\/ul>\t\t\t\t\t\t\t\t<\/div>\n\t\t\t\t<div class=\"elementor-element elementor-element-4b94f0e elementor-widget elementor-widget-heading\" data-id=\"4b94f0e\" data-element_type=\"widget\" data-e-type=\"widget\" data-widget_type=\"heading.default\">\n\t\t\t\t\t<h3 class=\"elementor-heading-title elementor-size-default\">Servicios de traducci\u00f3n al ingl\u00e9s optimizados para SEO<\/h3>\t\t\t\t<\/div>\n\t\t\t\t<div class=\"elementor-element elementor-element-9bbb44d elementor-widget elementor-widget-text-editor\" data-id=\"9bbb44d\" data-element_type=\"widget\" data-e-type=\"widget\" data-widget_type=\"text-editor.default\">\n\t\t\t\t\t\t\t\t\t<p>Nuestras traducciones est\u00e1n dise\u00f1adas con las mejores pr\u00e1cticas de SEO para mejorar su visibilidad en l\u00ednea:<\/p><ul><li><p>Palabras clave localizadas: incorporaci\u00f3n de t\u00e9rminos de b\u00fasqueda espec\u00edficos de la regi\u00f3n para mejorar las clasificaciones.\u00a0<\/p><\/li><li><p>Optimizaci\u00f3n de metaetiquetas: traducci\u00f3n y optimizaci\u00f3n de meta descripciones y t\u00edtulos para obtener mejores tasas de clics.\u00a0<\/p><\/li><li><p>User-Friendly URLs: Creating URLs that are readable and relevant in English.\u00a0<\/p><\/li><\/ul>\t\t\t\t\t\t\t\t<\/div>\n\t\t\t\t<div class=\"elementor-element elementor-element-1baf8e5 elementor-widget elementor-widget-heading\" data-id=\"1baf8e5\" data-element_type=\"widget\" data-e-type=\"widget\" data-widget_type=\"heading.default\">\n\t\t\t\t\t<h3 class=\"elementor-heading-title elementor-size-default\">Obtenga una cotizaci\u00f3n gratuita para servicios de traducci\u00f3n al ingl\u00e9s<\/h3>\t\t\t\t<\/div>\n\t\t\t\t<div class=\"elementor-element elementor-element-5211eaa elementor-widget elementor-widget-text-editor\" data-id=\"5211eaa\" data-element_type=\"widget\" data-e-type=\"widget\" data-widget_type=\"text-editor.default\">\n\t\t\t\t\t\t\t\t\t<p>\u00bfNecesita servicios profesionales de traducci\u00f3n al ingl\u00e9s? Cont\u00e1ctenos hoy mismo para obtener un presupuesto gratuito. Garantizamos traducciones r\u00e1pidas, precisas y confidenciales para todas sus necesidades.<\/p><h3>\u00a0<span style=\"color: #993300;\">\u00a1Cont\u00e1ctanos hoy!<\/span><\/h3><p>Servicio global: disponible en todo el mundo<\/p><p>Expand your reach with expert English translation! \ue203Reach out now to discuss your project.<\/p>\t\t\t\t\t\t\t\t<\/div>\n\t\t\t\t<div class=\"elementor-element elementor-element-f7513e1 elementor-widget elementor-widget-heading\" data-id=\"f7513e1\" data-element_type=\"widget\" data-e-type=\"widget\" data-widget_type=\"heading.default\">\n\t\t\t\t\t<h3 class=\"elementor-heading-title elementor-size-default\">Yendo m\u00e1s all\u00e1<\/h3>\t\t\t\t<\/div>\n\t\t\t\t<div class=\"elementor-element elementor-element-07193ce elementor-widget elementor-widget-text-editor\" data-id=\"07193ce\" data-element_type=\"widget\" data-e-type=\"widget\" data-widget_type=\"text-editor.default\">\n\t\t\t\t\t\t\t\t\t<h5><a href=\"https:\/\/lsa-global.com\/es\/precios-y-condiciones-de-traduccion\/\"><span style=\"color: #ff0000;\">Planes de precios y m\u00e1s<\/span><\/a><\/h5>\t\t\t\t\t\t\t\t<\/div>\n\t\t\t\t<div class=\"elementor-element elementor-element-4740863 elementor-widget elementor-widget-text-editor\" data-id=\"4740863\" data-element_type=\"widget\" data-e-type=\"widget\" data-widget_type=\"text-editor.default\">\n\t\t\t\t\t\t\t\t\t<h5><a href=\"https:\/\/lsa-global.com\/es\/aprender-el-idioma-aleman\/\"><span style=\"color: #ff0000;\">Cotizaci\u00f3n gratuita<\/span><\/a><\/h5>\t\t\t\t\t\t\t\t<\/div>\n\t\t\t\t<div class=\"elementor-element elementor-element-b44b6c5 elementor-widget elementor-widget-text-editor\" data-id=\"b44b6c5\" data-element_type=\"widget\" data-e-type=\"widget\" data-widget_type=\"text-editor.default\">\n\t\t\t\t\t\t\t\t\t<h5><a href=\"https:\/\/lsaglobal-translate.co.uk\/services\/translation-services\/\" target=\"_blank\" rel=\"noopener\"><span style=\"color: #ff0000;\">Traducci\u00f3n Pro.<\/span><\/a><\/h5>\t\t\t\t\t\t\t\t<\/div>\n\t\t\t\t<div class=\"elementor-element elementor-element-8d311e6 elementor-widget elementor-widget-image\" data-id=\"8d311e6\" data-element_type=\"widget\" data-e-type=\"widget\" data-widget_type=\"image.default\">\n\t\t\t\t\t\t\t\t\t\t\t\t\t\t\t<img decoding=\"async\" data-attachment-id=\"43736\" data-permalink=\"https:\/\/lsa-global.com\/english-translation-services-accurate-certified\/english-2\/\" data-orig-file=\"https:\/\/i0.wp.com\/lsa-global.com\/wp-content\/uploads\/2025\/03\/English.png?fit=2560%2C1280&amp;ssl=1\" data-orig-size=\"2560,1280\" data-comments-opened=\"0\" data-image-meta=\"{&quot;aperture&quot;:&quot;0&quot;,&quot;credit&quot;:&quot;&quot;,&quot;camera&quot;:&quot;&quot;,&quot;caption&quot;:&quot;&quot;,&quot;created_timestamp&quot;:&quot;0&quot;,&quot;copyright&quot;:&quot;&quot;,&quot;focal_length&quot;:&quot;0&quot;,&quot;iso&quot;:&quot;0&quot;,&quot;shutter_speed&quot;:&quot;0&quot;,&quot;title&quot;:&quot;&quot;,&quot;orientation&quot;:&quot;0&quot;}\" data-image-title=\"English translation Services\" data-image-description=\"&lt;p&gt;English translation Services&lt;\/p&gt;\" data-image-caption=\"\" data-medium-file=\"https:\/\/i0.wp.com\/lsa-global.com\/wp-content\/uploads\/2025\/03\/English.png?fit=300%2C150&amp;ssl=1\" data-large-file=\"https:\/\/i0.wp.com\/lsa-global.com\/wp-content\/uploads\/2025\/03\/English.png?fit=1024%2C512&amp;ssl=1\" width=\"300\" height=\"150\" src=\"https:\/\/i0.wp.com\/lsa-global.com\/wp-content\/uploads\/2025\/03\/English.png?fit=300%2C150&amp;ssl=1\" class=\"attachment-medium size-medium wp-image-43736\" alt=\"English translation Services\" srcset=\"https:\/\/i0.wp.com\/lsa-global.com\/wp-content\/uploads\/2025\/03\/English.png?w=2560&amp;ssl=1 2560w, https:\/\/i0.wp.com\/lsa-global.com\/wp-content\/uploads\/2025\/03\/English.png?resize=300%2C150&amp;ssl=1 300w, https:\/\/i0.wp.com\/lsa-global.com\/wp-content\/uploads\/2025\/03\/English.png?resize=1024%2C512&amp;ssl=1 1024w, https:\/\/i0.wp.com\/lsa-global.com\/wp-content\/uploads\/2025\/03\/English.png?resize=150%2C75&amp;ssl=1 150w, https:\/\/i0.wp.com\/lsa-global.com\/wp-content\/uploads\/2025\/03\/English.png?resize=768%2C384&amp;ssl=1 768w, https:\/\/i0.wp.com\/lsa-global.com\/wp-content\/uploads\/2025\/03\/English.png?resize=1536%2C768&amp;ssl=1 1536w, https:\/\/i0.wp.com\/lsa-global.com\/wp-content\/uploads\/2025\/03\/English.png?resize=2048%2C1024&amp;ssl=1 2048w, https:\/\/i0.wp.com\/lsa-global.com\/wp-content\/uploads\/2025\/03\/English.png?resize=18%2C9&amp;ssl=1 18w, https:\/\/i0.wp.com\/lsa-global.com\/wp-content\/uploads\/2025\/03\/English.png?resize=370%2C185&amp;ssl=1 370w, https:\/\/i0.wp.com\/lsa-global.com\/wp-content\/uploads\/2025\/03\/English.png?resize=760%2C380&amp;ssl=1 760w, https:\/\/i0.wp.com\/lsa-global.com\/wp-content\/uploads\/2025\/03\/English.png?resize=805%2C400&amp;ssl=1 805w\" sizes=\"(max-width: 300px) 100vw, 300px\" title=\"\">\t\t\t\t\t\t\t\t\t\t\t\t\t\t\t<\/div>\n\t\t\t\t\t<\/div>\n\t\t\t\t<\/div>\n\t\t\t\t<\/div>","protected":false},"excerpt":{"rendered":"<p>Professional English Translation Services \u2013 Accurate &#038; Certified Expert English Translation Services for Businesses &amp; Individuals Are you seeking high-quality\u00a0English&hellip;<\/p>","protected":false},"author":1,"featured_media":43736,"parent":0,"menu_order":0,"comment_status":"closed","ping_status":"closed","template":"","meta":{"jetpack_post_was_ever_published":false,"footnotes":""},"class_list":["post-43445","page","type-page","status-publish","has-post-thumbnail","hentry"],"jetpack_sharing_enabled":true,"jetpack_likes_enabled":true,"jetpack-related-posts":[],"jetpack_shortlink":"https:\/\/wp.me\/PerFda-biJ","_links":{"self":[{"href":"https:\/\/lsa-global.com\/es\/wp-json\/wp\/v2\/pages\/43445","targetHints":{"allow":["GET"]}}],"collection":[{"href":"https:\/\/lsa-global.com\/es\/wp-json\/wp\/v2\/pages"}],"about":[{"href":"https:\/\/lsa-global.com\/es\/wp-json\/wp\/v2\/types\/page"}],"author":[{"embeddable":true,"href":"https:\/\/lsa-global.com\/es\/wp-json\/wp\/v2\/users\/1"}],"replies":[{"embeddable":true,"href":"https:\/\/lsa-global.com\/es\/wp-json\/wp\/v2\/comments?post=43445"}],"version-history":[{"count":0,"href":"https:\/\/lsa-global.com\/es\/wp-json\/wp\/v2\/pages\/43445\/revisions"}],"wp:featuredmedia":[{"embeddable":true,"href":"https:\/\/lsa-global.com\/es\/wp-json\/wp\/v2\/media\/43736"}],"wp:attachment":[{"href":"https:\/\/lsa-global.com\/es\/wp-json\/wp\/v2\/media?parent=43445"}],"curies":[{"name":"wp","href":"https:\/\/api.w.org\/{rel}","templated":true}]}}