{"id":43397,"date":"2025-03-18T16:05:24","date_gmt":"2025-03-18T15:05:24","guid":{"rendered":"https:\/\/lsa-global.com\/?page_id=43397"},"modified":"2025-04-25T14:44:52","modified_gmt":"2025-04-25T13:44:52","slug":"traduccion-profesional-al-chino-tradicional","status":"publish","type":"page","link":"https:\/\/lsa-global.com\/es\/traduccion-profesional-al-chino-tradicional\/","title":{"rendered":"Servicios profesionales de traducci\u00f3n al chino tradicional: precisos y"},"content":{"rendered":"<div data-elementor-type=\"wp-page\" data-elementor-id=\"43397\" class=\"elementor elementor-43397\" data-elementor-post-type=\"page\">\n\t\t\t\t<div class=\"elementor-element elementor-element-2762c47 e-flex e-con-boxed e-con e-parent\" data-id=\"2762c47\" data-element_type=\"container\" data-e-type=\"container\">\n\t\t\t\t\t<div class=\"e-con-inner\">\n\t\t\t\t<div class=\"elementor-element elementor-element-a45ab66 elementor-widget elementor-widget-heading\" data-id=\"a45ab66\" data-element_type=\"widget\" data-e-type=\"widget\" data-widget_type=\"heading.default\">\n\t\t\t\t\t<h2 class=\"elementor-heading-title elementor-size-default\">Servicios profesionales de traducci\u00f3n al chino tradicional: Precisos <\/h2>\t\t\t\t<\/div>\n\t\t\t\t<div class=\"elementor-element elementor-element-2042231 elementor-widget elementor-widget-image\" data-id=\"2042231\" data-element_type=\"widget\" data-e-type=\"widget\" data-widget_type=\"image.default\">\n\t\t\t\t\t\t\t\t\t\t\t\t\t\t\t<img fetchpriority=\"high\" decoding=\"async\" data-attachment-id=\"43840\" data-permalink=\"https:\/\/lsa-global.com\/zh\/%e4%b8%93%e4%b8%9a%e7%b9%81%e4%bd%93%e4%b8%ad%e6%96%87%e7%bf%bb%e8%af%91\/chinese-traditional\/\" data-orig-file=\"https:\/\/i0.wp.com\/lsa-global.com\/wp-content\/uploads\/2025\/03\/Chinese-Traditional.png?fit=2560%2C1707&amp;ssl=1\" data-orig-size=\"2560,1707\" data-comments-opened=\"0\" data-image-meta=\"{&quot;aperture&quot;:&quot;0&quot;,&quot;credit&quot;:&quot;&quot;,&quot;camera&quot;:&quot;&quot;,&quot;caption&quot;:&quot;&quot;,&quot;created_timestamp&quot;:&quot;0&quot;,&quot;copyright&quot;:&quot;&quot;,&quot;focal_length&quot;:&quot;0&quot;,&quot;iso&quot;:&quot;0&quot;,&quot;shutter_speed&quot;:&quot;0&quot;,&quot;title&quot;:&quot;&quot;,&quot;orientation&quot;:&quot;0&quot;}\" data-image-title=\"Chinese (Traditional) translations Services\" data-image-description=\"&lt;p&gt;Chinese (Traditional) translations Services&lt;\/p&gt;\" data-image-caption=\"\" data-medium-file=\"https:\/\/i0.wp.com\/lsa-global.com\/wp-content\/uploads\/2025\/03\/Chinese-Traditional.png?fit=300%2C200&amp;ssl=1\" data-large-file=\"https:\/\/i0.wp.com\/lsa-global.com\/wp-content\/uploads\/2025\/03\/Chinese-Traditional.png?fit=1024%2C683&amp;ssl=1\" width=\"300\" height=\"200\" src=\"https:\/\/i0.wp.com\/lsa-global.com\/wp-content\/uploads\/2025\/03\/Chinese-Traditional.png?fit=300%2C200&amp;ssl=1\" class=\"attachment-medium size-medium wp-image-43840\" alt=\"Servicios de traducci\u00f3n al chino (tradicional)\" srcset=\"https:\/\/i0.wp.com\/lsa-global.com\/wp-content\/uploads\/2025\/03\/Chinese-Traditional.png?w=2560&amp;ssl=1 2560w, https:\/\/i0.wp.com\/lsa-global.com\/wp-content\/uploads\/2025\/03\/Chinese-Traditional.png?resize=300%2C200&amp;ssl=1 300w, https:\/\/i0.wp.com\/lsa-global.com\/wp-content\/uploads\/2025\/03\/Chinese-Traditional.png?resize=1024%2C683&amp;ssl=1 1024w, https:\/\/i0.wp.com\/lsa-global.com\/wp-content\/uploads\/2025\/03\/Chinese-Traditional.png?resize=150%2C100&amp;ssl=1 150w, https:\/\/i0.wp.com\/lsa-global.com\/wp-content\/uploads\/2025\/03\/Chinese-Traditional.png?resize=768%2C512&amp;ssl=1 768w, https:\/\/i0.wp.com\/lsa-global.com\/wp-content\/uploads\/2025\/03\/Chinese-Traditional.png?resize=1536%2C1024&amp;ssl=1 1536w, https:\/\/i0.wp.com\/lsa-global.com\/wp-content\/uploads\/2025\/03\/Chinese-Traditional.png?resize=2048%2C1366&amp;ssl=1 2048w, https:\/\/i0.wp.com\/lsa-global.com\/wp-content\/uploads\/2025\/03\/Chinese-Traditional.png?resize=18%2C12&amp;ssl=1 18w, https:\/\/i0.wp.com\/lsa-global.com\/wp-content\/uploads\/2025\/03\/Chinese-Traditional.png?resize=370%2C247&amp;ssl=1 370w, https:\/\/i0.wp.com\/lsa-global.com\/wp-content\/uploads\/2025\/03\/Chinese-Traditional.png?resize=760%2C507&amp;ssl=1 760w\" sizes=\"(max-width: 300px) 100vw, 300px\" title=\"\">\t\t\t\t\t\t\t\t\t\t\t\t\t\t\t<\/div>\n\t\t\t\t<div class=\"elementor-element elementor-element-17fa170 elementor-widget elementor-widget-heading\" data-id=\"17fa170\" data-element_type=\"widget\" data-e-type=\"widget\" data-widget_type=\"heading.default\">\n\t\t\t\t\t<h3 class=\"elementor-heading-title elementor-size-default\">Servicios expertos de traducci\u00f3n al chino tradicional para empresas y particulares<\/h3>\t\t\t\t<\/div>\n\t\t\t\t<div class=\"elementor-element elementor-element-0b58f1e elementor-widget elementor-widget-text-editor\" data-id=\"0b58f1e\" data-element_type=\"widget\" data-e-type=\"widget\" data-widget_type=\"text-editor.default\">\n\t\t\t\t\t\t\t\t\t<p>\u00bfBusca servicios de traducci\u00f3n al chino tradicional de alta calidad? Nuestro equipo de traductores profesionales se especializa en ofrecer traducciones precisas y adaptadas a la cultura del p\u00fablico de habla china tradicional. Ofrecemos una amplia gama de servicios, que incluyen traducci\u00f3n de documentos, localizaci\u00f3n de sitios web, traducciones t\u00e9cnicas y m\u00e1s, para garantizar que su contenido conecte con su p\u00fablico objetivo.<\/p>\t\t\t\t\t\t\t\t<\/div>\n\t\t\t\t<div class=\"elementor-element elementor-element-7794294 elementor-widget elementor-widget-heading\" data-id=\"7794294\" data-element_type=\"widget\" data-e-type=\"widget\" data-widget_type=\"heading.default\">\n\t\t\t\t\t<h3 class=\"elementor-heading-title elementor-size-default\">\u00bfPor qu\u00e9 elegir nuestros servicios de traducci\u00f3n al chino tradicional?<\/h3>\t\t\t\t<\/div>\n\t\t\t\t<div class=\"elementor-element elementor-element-ff675df elementor-widget elementor-widget-text-editor\" data-id=\"ff675df\" data-element_type=\"widget\" data-e-type=\"widget\" data-widget_type=\"text-editor.default\">\n\t\t\t\t\t\t\t\t\t<ul><li><p>Traductores nativos de chino tradicional: Nuestros traductores son hablantes nativos con a\u00f1os de experiencia, lo que garantiza traducciones precisas y apropiadas al contexto.\u00a0<\/p><\/li><li><p>Traducciones Certificadas: Ofrecemos traducciones certificadas aceptadas por agencias gubernamentales e instituciones legales, garantizando el cumplimiento y la autenticidad.\u00a0<\/p><\/li><li><p>Contenido optimizado para SEO: Nuestras traducciones incorporan las mejores pr\u00e1cticas de SEO, lo que ayuda a que su sitio web tenga una mejor clasificaci\u00f3n en motores de b\u00fasqueda como Google y Bing.\u00a0<\/p><\/li><li><p>Entrega r\u00e1pida y precios competitivos: Entregamos traducciones de alta calidad con rapidez y a precios competitivos, cumpliendo con sus plazos y requisitos presupuestarios.\u00a0<\/p><\/li><li><p>Experiencia en la industria: Nuestros traductores poseen conocimientos especializados en diversas industrias, incluidos los sectores legal, m\u00e9dico, t\u00e9cnico y comercial.<\/p><\/li><li><p>Adaptaci\u00f3n cultural y localizaci\u00f3n:<\/p><p class=\"\" data-start=\"2897\" data-end=\"3152\">Nuestros servicios de traducci\u00f3n van m\u00e1s all\u00e1 de la simple conversi\u00f3n de palabras. Nos especializamos en la localizaci\u00f3n cultural, adaptando el lenguaje, el estilo y el tono para satisfacer las expectativas de los consumidores y profesionales de habla china tradicional. Esto es especialmente vital para:<\/p><ul data-start=\"3154\" data-end=\"3297\"><li class=\"\" data-start=\"3154\" data-end=\"3187\"><p class=\"\" data-start=\"3156\" data-end=\"3187\">Mensajes y marketing de marca<\/p><\/li><li class=\"\" data-start=\"3188\" data-end=\"3219\"><p class=\"\" data-start=\"3190\" data-end=\"3219\">Software UI\/UX y sitios web<\/p><\/li><li class=\"\" data-start=\"3220\" data-end=\"3257\"><p class=\"\" data-start=\"3222\" data-end=\"3257\">Materiales de formaci\u00f3n y aprendizaje electr\u00f3nico<\/p><\/li><li class=\"\" data-start=\"3258\" data-end=\"3297\"><p class=\"\" data-start=\"3260\" data-end=\"3297\">Campa\u00f1as de divulgaci\u00f3n del gobierno y de las ONG<\/p><\/li><\/ul><p class=\"\" data-start=\"3299\" data-end=\"3409\">Nos aseguramos de que cada palabra se alinee con los valores culturales, las normas y las sensibilidades de su mercado objetivo.<\/p><\/li><li><p class=\"\" data-start=\"3299\" data-end=\"3409\">Manejo seguro y confidencial<\/p><p class=\"\" data-start=\"4350\" data-end=\"4599\">La confidencialidad es fundamental al gestionar documentos sensibles. Utilizamos sistemas seguros de intercambio de archivos, cumplimos con los est\u00e1ndares globales de protecci\u00f3n de datos y firmamos acuerdos de confidencialidad (NDA) cuando se nos solicita. Su privacidad est\u00e1 siempre protegida.<\/p><\/li><li><p class=\"\" data-start=\"4350\" data-end=\"4599\">Servicios integrales de idioma chino tradicional<\/p><p class=\"\" data-start=\"4662\" data-end=\"4763\">Adem\u00e1s de la traducci\u00f3n, ofrecemos un conjunto completo de servicios de soporte en idioma chino tradicional:<\/p><ul data-start=\"4765\" data-end=\"5020\"><li class=\"\" data-start=\"4765\" data-end=\"4808\"><p class=\"\" data-start=\"4767\" data-end=\"4808\">Interpretaci\u00f3n (remota y presencial)<\/p><\/li><li class=\"\" data-start=\"4809\" data-end=\"4841\"><p class=\"\" data-start=\"4811\" data-end=\"4841\">Subt\u00edtulos y locuci\u00f3n<\/p><\/li><li class=\"\" data-start=\"4842\" data-end=\"4878\"><p class=\"\" data-start=\"4844\" data-end=\"4878\">Localizaci\u00f3n de sitios web y aplicaciones<\/p><\/li><li class=\"\" data-start=\"4879\" data-end=\"4924\"><p class=\"\" data-start=\"4881\" data-end=\"4924\">Autoedici\u00f3n multiling\u00fce (DTP)<\/p><\/li><li class=\"\" data-start=\"4925\" data-end=\"4969\"><p class=\"\" data-start=\"4927\" data-end=\"4969\">Transcreaci\u00f3n para campa\u00f1as creativas<\/p><\/li><li class=\"\" data-start=\"4970\" data-end=\"5020\"><p class=\"\" data-start=\"4972\" data-end=\"5020\">Gesti\u00f3n de terminolog\u00eda y creaci\u00f3n de glosarios<\/p><\/li><\/ul><p class=\"\" data-start=\"5022\" data-end=\"5104\">Apoyamos sus necesidades de comunicaci\u00f3n en todos los formatos, plataformas e industrias.<\/p><\/li><\/ul>\t\t\t\t\t\t\t\t<\/div>\n\t\t\t\t<div class=\"elementor-element elementor-element-6fad0aa elementor-widget elementor-widget-heading\" data-id=\"6fad0aa\" data-element_type=\"widget\" data-e-type=\"widget\" data-widget_type=\"heading.default\">\n\t\t\t\t\t<h3 class=\"elementor-heading-title elementor-size-default\">Nuestros servicios de traducci\u00f3n al chino tradicional<\/h3>\t\t\t\t<\/div>\n\t\t\t\t<div class=\"elementor-element elementor-element-4a24f1f elementor-widget elementor-widget-heading\" data-id=\"4a24f1f\" data-element_type=\"widget\" data-e-type=\"widget\" data-widget_type=\"heading.default\">\n\t\t\t\t\t<h5 class=\"elementor-heading-title elementor-size-default\">1. Traducci\u00f3n certificada de documentos<\/h5>\t\t\t\t<\/div>\n\t\t\t\t<div class=\"elementor-element elementor-element-c0008cd elementor-widget elementor-widget-text-editor\" data-id=\"c0008cd\" data-element_type=\"widget\" data-e-type=\"widget\" data-widget_type=\"text-editor.default\">\n\t\t\t\t\t\t\t\t\t<p>Ofrecemos traducciones certificadas para una variedad de documentos, garantizando precisi\u00f3n y aceptaci\u00f3n por parte de entidades oficiales:<\/p><ul><li><p>Documentos legales: contratos, acuerdos, documentos judiciales.<\/p><\/li><li><p>Documentos Personales: Actas de nacimiento, actas de matrimonio, transcripciones acad\u00e9micas.<\/p><\/li><li><p>Documentos Comerciales: Licencias, estados financieros, informes corporativos.<\/p><\/li><\/ul>\t\t\t\t\t\t\t\t<\/div>\n\t\t\t\t<div class=\"elementor-element elementor-element-bbceae1 elementor-widget elementor-widget-heading\" data-id=\"bbceae1\" data-element_type=\"widget\" data-e-type=\"widget\" data-widget_type=\"heading.default\">\n\t\t\t\t\t<h5 class=\"elementor-heading-title elementor-size-default\">2. Localizaci\u00f3n de sitios web y aplicaciones<\/h5>\t\t\t\t<\/div>\n\t\t\t\t<div class=\"elementor-element elementor-element-ffaede9 elementor-widget elementor-widget-text-editor\" data-id=\"ffaede9\" data-element_type=\"widget\" data-e-type=\"widget\" data-widget_type=\"text-editor.default\">\n\t\t\t\t\t\t\t\t\t<p>Ampl\u00ede su presencia digital en los mercados de habla china tradicional con nuestros servicios de localizaci\u00f3n:<\/p><ul><li><p>Localizaci\u00f3n de sitios web: adaptaci\u00f3n del contenido de su sitio web para ajustarlo a los matices y preferencias culturales.<\/p><\/li><li><p>Localizaci\u00f3n de aplicaciones: garantizamos que sus aplicaciones m\u00f3viles sean f\u00e1ciles de usar para los usuarios que hablan chino tradicional.<\/p><\/li><li><p>Optimizaci\u00f3n SEO: implementaci\u00f3n de palabras clave localizadas y metaetiquetas para mejorar la clasificaci\u00f3n en los motores de b\u00fasqueda.<\/p><\/li><\/ul>\t\t\t\t\t\t\t\t<\/div>\n\t\t\t\t<div class=\"elementor-element elementor-element-31623a1 elementor-widget elementor-widget-heading\" data-id=\"31623a1\" data-element_type=\"widget\" data-e-type=\"widget\" data-widget_type=\"heading.default\">\n\t\t\t\t\t<h5 class=\"elementor-heading-title elementor-size-default\">3. Traducciones t\u00e9cnicas y m\u00e9dicas<\/h5>\t\t\t\t<\/div>\n\t\t\t\t<div class=\"elementor-element elementor-element-50a457f elementor-widget elementor-widget-text-editor\" data-id=\"50a457f\" data-element_type=\"widget\" data-e-type=\"widget\" data-widget_type=\"text-editor.default\">\n\t\t\t\t\t\t\t\t\t<p>Nuestros expertos manejan documentos t\u00e9cnicos y m\u00e9dicos complejos con precisi\u00f3n:<\/p><ul><li><p>Manuales T\u00e9cnicos: Gu\u00edas de usuario, manuales de productos, especificaciones t\u00e9cnicas.<\/p><\/li><li><p>Documentos m\u00e9dicos: Informes cl\u00ednicos, informaci\u00f3n farmac\u00e9utica, art\u00edculos de investigaci\u00f3n m\u00e9dica.<\/p><\/li><\/ul>\t\t\t\t\t\t\t\t<\/div>\n\t\t\t\t<div class=\"elementor-element elementor-element-3122b17 elementor-widget elementor-widget-heading\" data-id=\"3122b17\" data-element_type=\"widget\" data-e-type=\"widget\" data-widget_type=\"heading.default\">\n\t\t\t\t\t<h5 class=\"elementor-heading-title elementor-size-default\">4. Traducciones comerciales y de marketing<\/h5>\t\t\t\t<\/div>\n\t\t\t\t<div class=\"elementor-element elementor-element-9240cc5 elementor-widget elementor-widget-text-editor\" data-id=\"9240cc5\" data-element_type=\"widget\" data-e-type=\"widget\" data-widget_type=\"text-editor.default\">\n\t\t\t\t\t\t\t\t\t<p>Comunique eficazmente el mensaje de su marca a las audiencias de habla china tradicional:<\/p><ul><li><p>Materiales de marketing: folletos, anuncios, comunicados de prensa.<\/p><\/li><li><p>Comunicaciones empresariales: Presentaciones, correos electr\u00f3nicos, comunicaciones corporativas.<\/p><\/li><\/ul>\t\t\t\t\t\t\t\t<\/div>\n\t\t\t\t<div class=\"elementor-element elementor-element-a2d9541 elementor-widget elementor-widget-heading\" data-id=\"a2d9541\" data-element_type=\"widget\" data-e-type=\"widget\" data-widget_type=\"heading.default\">\n\t\t\t\t\t<h3 class=\"elementor-heading-title elementor-size-default\">Industrias a las que servimos<\/h3>\t\t\t\t<\/div>\n\t\t\t\t<div class=\"elementor-element elementor-element-d9556e1 elementor-widget elementor-widget-text-editor\" data-id=\"d9556e1\" data-element_type=\"widget\" data-e-type=\"widget\" data-widget_type=\"text-editor.default\">\n\t\t\t\t\t\t\t\t\t<p>Atendemos a una amplia gama de industrias, que incluyen:<\/p>\n<ul>\n<li>\n<p>Legal y gubernamental: Ofrecemos traducciones para procedimientos legales y comunicaciones gubernamentales.<\/p>\n<\/li>\n<li>\n<p>Atenci\u00f3n m\u00e9dica y productos farmac\u00e9uticos: traducci\u00f3n de registros m\u00e9dicos, art\u00edculos de investigaci\u00f3n y documentos farmac\u00e9uticos.<\/p>\n<\/li>\n<li>\n<p>Tecnolog\u00eda y TI: localizaci\u00f3n de software, manuales de usuario y documentaci\u00f3n t\u00e9cnica.<\/p>\n<\/li>\n<li>\n<p>Finanzas y banca: traducci\u00f3n de informes financieros, documentos de inversi\u00f3n y materiales bancarios.<\/p>\n<\/li>\n<li>\n<p>Comercio electr\u00f3nico y venta minorista: localizaci\u00f3n de descripciones de productos, rese\u00f1as de clientes y contenido de marketing.<\/p>\n<\/li>\n<\/ul>\t\t\t\t\t\t\t\t<\/div>\n\t\t\t\t<div class=\"elementor-element elementor-element-8c165ec elementor-widget elementor-widget-heading\" data-id=\"8c165ec\" data-element_type=\"widget\" data-e-type=\"widget\" data-widget_type=\"heading.default\">\n\t\t\t\t\t<h3 class=\"elementor-heading-title elementor-size-default\">Por qu\u00e9 es importante la traducci\u00f3n profesional al chino tradicional<\/h3>\t\t\t\t<\/div>\n\t\t\t\t<div class=\"elementor-element elementor-element-e4175e6 elementor-widget elementor-widget-text-editor\" data-id=\"e4175e6\" data-element_type=\"widget\" data-e-type=\"widget\" data-widget_type=\"text-editor.default\">\n\t\t\t\t\t\t\t\t\t<p>Millones de personas en todo el mundo hablan chino tradicional, lo que lo hace esencial para empresas y organizaciones que buscan conectar con el p\u00fablico de habla china. La traducci\u00f3n profesional garantiza:<\/p><ul><li><p>Relevancia cultural: traducciones precisas que resuenan con la cultura y las costumbres locales.<\/p><\/li><li><p>Cumplimiento legal: garantizar que los documentos cumplan con los est\u00e1ndares y requisitos legales regionales.<\/p><\/li><li><p>Credibilidad de marca: presentar su negocio de manera profesional ante audiencias de habla china tradicional.<\/p><\/li><\/ul>\t\t\t\t\t\t\t\t<\/div>\n\t\t\t\t<div class=\"elementor-element elementor-element-f3a4a5e elementor-widget elementor-widget-heading\" data-id=\"f3a4a5e\" data-element_type=\"widget\" data-e-type=\"widget\" data-widget_type=\"heading.default\">\n\t\t\t\t\t<h3 class=\"elementor-heading-title elementor-size-default\">Servicios de traducci\u00f3n al chino tradicional optimizados para SEO<\/h3>\t\t\t\t<\/div>\n\t\t\t\t<div class=\"elementor-element elementor-element-3564975 elementor-widget elementor-widget-text-editor\" data-id=\"3564975\" data-element_type=\"widget\" data-e-type=\"widget\" data-widget_type=\"text-editor.default\">\n\t\t\t\t\t\t\t\t\t<p>Nuestras traducciones est\u00e1n dise\u00f1adas con las mejores pr\u00e1cticas de SEO para mejorar su visibilidad en l\u00ednea:<\/p><ul><li><p>Palabras clave localizadas: incorporaci\u00f3n de t\u00e9rminos de b\u00fasqueda espec\u00edficos de la regi\u00f3n para mejorar las clasificaciones.\u00a0<\/p><\/li><li><p>Optimizaci\u00f3n de metaetiquetas: traducci\u00f3n y optimizaci\u00f3n de meta descripciones y t\u00edtulos para obtener mejores tasas de clics.\u00a0<\/p><\/li><li><p>URL f\u00e1ciles de usar: creaci\u00f3n de URL que sean legibles y relevantes en chino tradicional.\u00a0<\/p><\/li><\/ul>\t\t\t\t\t\t\t\t<\/div>\n\t\t\t\t<div class=\"elementor-element elementor-element-8815d2d elementor-widget elementor-widget-heading\" data-id=\"8815d2d\" data-element_type=\"widget\" data-e-type=\"widget\" data-widget_type=\"heading.default\">\n\t\t\t\t\t<h3 class=\"elementor-heading-title elementor-size-default\">Obtenga un presupuesto gratuito para servicios de traducci\u00f3n al chino tradicional<\/h3>\t\t\t\t<\/div>\n\t\t\t\t<div class=\"elementor-element elementor-element-315b5c2 elementor-widget elementor-widget-text-editor\" data-id=\"315b5c2\" data-element_type=\"widget\" data-e-type=\"widget\" data-widget_type=\"text-editor.default\">\n\t\t\t\t\t\t\t\t\t<p>\u00bfNecesita servicios profesionales de traducci\u00f3n al chino tradicional? <span style=\"color: #ff0000;\"><strong><a style=\"color: #ff0000;\" href=\"https:\/\/lsa-global.com\/es\/obtenga-una-cotizacion-gratuita-de-lsa-global\/\">Cont\u00e1ctanos hoy para una cotizaci\u00f3n gratuita.<\/a><\/strong><\/span> Garantizamos traducciones r\u00e1pidas, precisas y confidenciales para todas sus necesidades.<\/p>\t\t\t\t\t\t\t\t<\/div>\n\t\t\t\t<div class=\"elementor-element elementor-element-f8c4f3a elementor-widget elementor-widget-heading\" data-id=\"f8c4f3a\" data-element_type=\"widget\" data-e-type=\"widget\" data-widget_type=\"heading.default\">\n\t\t\t\t\t<h2 class=\"elementor-heading-title elementor-size-default\">Yendo m\u00e1s all\u00e1<\/h2>\t\t\t\t<\/div>\n\t\t\t\t<div class=\"elementor-element elementor-element-5c31a8e elementor-widget elementor-widget-text-editor\" data-id=\"5c31a8e\" data-element_type=\"widget\" data-e-type=\"widget\" data-widget_type=\"text-editor.default\">\n\t\t\t\t\t\t\t\t\t<h5><a href=\"https:\/\/lsa-global.com\/es\/precios-y-condiciones-de-traduccion\/\"><span style=\"color: #ff0000;\">Planes de precios y m\u00e1s<\/span><\/a><\/h5>\t\t\t\t\t\t\t\t<\/div>\n\t\t\t\t<div class=\"elementor-element elementor-element-3030fbe elementor-widget elementor-widget-text-editor\" data-id=\"3030fbe\" data-element_type=\"widget\" data-e-type=\"widget\" data-widget_type=\"text-editor.default\">\n\t\t\t\t\t\t\t\t\t<h5><a href=\"https:\/\/lsa-global.com\/es\/aprender-el-idioma-aleman\/\"><span style=\"color: #ff0000;\">Cotizaci\u00f3n gratuita<\/span><\/a><\/h5>\t\t\t\t\t\t\t\t<\/div>\n\t\t\t\t<div class=\"elementor-element elementor-element-f7f5bfc elementor-widget elementor-widget-text-editor\" data-id=\"f7f5bfc\" data-element_type=\"widget\" data-e-type=\"widget\" data-widget_type=\"text-editor.default\">\n\t\t\t\t\t\t\t\t\t<h5><a href=\"https:\/\/lsa-global.com\/es\/publicaciones\/\"><span style=\"color: #ff0000;\">M\u00e1s publicaciones<\/span><\/a><\/h5>\t\t\t\t\t\t\t\t<\/div>\n\t\t\t\t<div class=\"elementor-element elementor-element-8a7c537 elementor-widget elementor-widget-text-editor\" data-id=\"8a7c537\" data-element_type=\"widget\" data-e-type=\"widget\" data-widget_type=\"text-editor.default\">\n\t\t\t\t\t\t\t\t\t<h5><a href=\"https:\/\/lsaglobal-translate.co.uk\/services\/translation-services\/\" target=\"_blank\" rel=\"noopener\"><span style=\"color: #ff0000;\">Traducci\u00f3n Pro.<\/span><\/a><\/h5>\t\t\t\t\t\t\t\t<\/div>\n\t\t\t\t<div class=\"elementor-element elementor-element-71ddc6a elementor-widget elementor-widget-image\" data-id=\"71ddc6a\" data-element_type=\"widget\" data-e-type=\"widget\" data-widget_type=\"image.default\">\n\t\t\t\t\t\t\t\t\t\t\t\t\t\t\t<img fetchpriority=\"high\" decoding=\"async\" data-attachment-id=\"43840\" data-permalink=\"https:\/\/lsa-global.com\/zh\/%e4%b8%93%e4%b8%9a%e7%b9%81%e4%bd%93%e4%b8%ad%e6%96%87%e7%bf%bb%e8%af%91\/chinese-traditional\/\" data-orig-file=\"https:\/\/i0.wp.com\/lsa-global.com\/wp-content\/uploads\/2025\/03\/Chinese-Traditional.png?fit=2560%2C1707&amp;ssl=1\" data-orig-size=\"2560,1707\" data-comments-opened=\"0\" data-image-meta=\"{&quot;aperture&quot;:&quot;0&quot;,&quot;credit&quot;:&quot;&quot;,&quot;camera&quot;:&quot;&quot;,&quot;caption&quot;:&quot;&quot;,&quot;created_timestamp&quot;:&quot;0&quot;,&quot;copyright&quot;:&quot;&quot;,&quot;focal_length&quot;:&quot;0&quot;,&quot;iso&quot;:&quot;0&quot;,&quot;shutter_speed&quot;:&quot;0&quot;,&quot;title&quot;:&quot;&quot;,&quot;orientation&quot;:&quot;0&quot;}\" data-image-title=\"Chinese (Traditional) translations Services\" data-image-description=\"&lt;p&gt;Chinese (Traditional) translations Services&lt;\/p&gt;\" data-image-caption=\"\" data-medium-file=\"https:\/\/i0.wp.com\/lsa-global.com\/wp-content\/uploads\/2025\/03\/Chinese-Traditional.png?fit=300%2C200&amp;ssl=1\" data-large-file=\"https:\/\/i0.wp.com\/lsa-global.com\/wp-content\/uploads\/2025\/03\/Chinese-Traditional.png?fit=1024%2C683&amp;ssl=1\" width=\"300\" height=\"200\" src=\"https:\/\/i0.wp.com\/lsa-global.com\/wp-content\/uploads\/2025\/03\/Chinese-Traditional.png?fit=300%2C200&amp;ssl=1\" class=\"attachment-medium size-medium wp-image-43840\" alt=\"Servicios de traducci\u00f3n al chino (tradicional)\" srcset=\"https:\/\/i0.wp.com\/lsa-global.com\/wp-content\/uploads\/2025\/03\/Chinese-Traditional.png?w=2560&amp;ssl=1 2560w, https:\/\/i0.wp.com\/lsa-global.com\/wp-content\/uploads\/2025\/03\/Chinese-Traditional.png?resize=300%2C200&amp;ssl=1 300w, https:\/\/i0.wp.com\/lsa-global.com\/wp-content\/uploads\/2025\/03\/Chinese-Traditional.png?resize=1024%2C683&amp;ssl=1 1024w, https:\/\/i0.wp.com\/lsa-global.com\/wp-content\/uploads\/2025\/03\/Chinese-Traditional.png?resize=150%2C100&amp;ssl=1 150w, https:\/\/i0.wp.com\/lsa-global.com\/wp-content\/uploads\/2025\/03\/Chinese-Traditional.png?resize=768%2C512&amp;ssl=1 768w, https:\/\/i0.wp.com\/lsa-global.com\/wp-content\/uploads\/2025\/03\/Chinese-Traditional.png?resize=1536%2C1024&amp;ssl=1 1536w, https:\/\/i0.wp.com\/lsa-global.com\/wp-content\/uploads\/2025\/03\/Chinese-Traditional.png?resize=2048%2C1366&amp;ssl=1 2048w, https:\/\/i0.wp.com\/lsa-global.com\/wp-content\/uploads\/2025\/03\/Chinese-Traditional.png?resize=18%2C12&amp;ssl=1 18w, https:\/\/i0.wp.com\/lsa-global.com\/wp-content\/uploads\/2025\/03\/Chinese-Traditional.png?resize=370%2C247&amp;ssl=1 370w, https:\/\/i0.wp.com\/lsa-global.com\/wp-content\/uploads\/2025\/03\/Chinese-Traditional.png?resize=760%2C507&amp;ssl=1 760w\" sizes=\"(max-width: 300px) 100vw, 300px\" title=\"\">\t\t\t\t\t\t\t\t\t\t\t\t\t\t\t<\/div>\n\t\t\t\t\t<\/div>\n\t\t\t\t<\/div>\n\t\t\t\t<\/div>","protected":false},"excerpt":{"rendered":"<p>Professional Traditional Chinese Translation Services \u2013 Accurate Expert Traditional Chinese Translation Services for Businesses and Individuals Are you seeking high-quality&hellip;<\/p>","protected":false},"author":1,"featured_media":44083,"parent":0,"menu_order":0,"comment_status":"closed","ping_status":"closed","template":"","meta":{"jetpack_post_was_ever_published":false,"footnotes":""},"class_list":["post-43397","page","type-page","status-publish","has-post-thumbnail","hentry"],"jetpack_sharing_enabled":true,"jetpack_likes_enabled":true,"jetpack-related-posts":[],"jetpack_shortlink":"https:\/\/wp.me\/PerFda-bhX","_links":{"self":[{"href":"https:\/\/lsa-global.com\/es\/wp-json\/wp\/v2\/pages\/43397","targetHints":{"allow":["GET"]}}],"collection":[{"href":"https:\/\/lsa-global.com\/es\/wp-json\/wp\/v2\/pages"}],"about":[{"href":"https:\/\/lsa-global.com\/es\/wp-json\/wp\/v2\/types\/page"}],"author":[{"embeddable":true,"href":"https:\/\/lsa-global.com\/es\/wp-json\/wp\/v2\/users\/1"}],"replies":[{"embeddable":true,"href":"https:\/\/lsa-global.com\/es\/wp-json\/wp\/v2\/comments?post=43397"}],"version-history":[{"count":0,"href":"https:\/\/lsa-global.com\/es\/wp-json\/wp\/v2\/pages\/43397\/revisions"}],"wp:featuredmedia":[{"embeddable":true,"href":"https:\/\/lsa-global.com\/es\/wp-json\/wp\/v2\/media\/44083"}],"wp:attachment":[{"href":"https:\/\/lsa-global.com\/es\/wp-json\/wp\/v2\/media?parent=43397"}],"curies":[{"name":"wp","href":"https:\/\/api.w.org\/{rel}","templated":true}]}}