{"id":43390,"date":"2025-03-18T15:51:45","date_gmt":"2025-03-18T14:51:45","guid":{"rendered":"https:\/\/lsa-global.com\/?page_id=43390"},"modified":"2025-04-25T11:29:21","modified_gmt":"2025-04-25T10:29:21","slug":"georgian-translation-services-accurate-certified","status":"publish","type":"page","link":"https:\/\/lsa-global.com\/es\/georgian-translation-services-accurate-certified\/","title":{"rendered":"Servicios profesionales de traducci\u00f3n al georgiano: precisos y certificados"},"content":{"rendered":"<div data-elementor-type=\"wp-page\" data-elementor-id=\"43390\" class=\"elementor elementor-43390\" data-elementor-post-type=\"page\">\n\t\t\t\t<div class=\"elementor-element elementor-element-1e1a94e e-con-full e-flex e-con e-parent\" data-id=\"1e1a94e\" data-element_type=\"container\" data-e-type=\"container\">\n\t\t\t\t<div class=\"elementor-element elementor-element-89c8d16 elementor-widget elementor-widget-heading\" data-id=\"89c8d16\" data-element_type=\"widget\" data-e-type=\"widget\" data-widget_type=\"heading.default\">\n\t\t\t\t\t<h2 class=\"elementor-heading-title elementor-size-default\">Servicios profesionales de traducci\u00f3n al georgiano: precisos y certificados<\/h2>\t\t\t\t<\/div>\n\t\t\t\t<div class=\"elementor-element elementor-element-bf95865 elementor-widget elementor-widget-image\" data-id=\"bf95865\" data-element_type=\"widget\" data-e-type=\"widget\" data-widget_type=\"image.default\">\n\t\t\t\t\t\t\t\t\t\t\t\t\t\t\t<img fetchpriority=\"high\" decoding=\"async\" data-attachment-id=\"43482\" data-permalink=\"https:\/\/lsa-global.com\/georgian-translation-services-accurate-certified\/georgian\/\" data-orig-file=\"https:\/\/i0.wp.com\/lsa-global.com\/wp-content\/uploads\/2025\/03\/Georgian.png?fit=2560%2C1707&amp;ssl=1\" data-orig-size=\"2560,1707\" data-comments-opened=\"0\" data-image-meta=\"{&quot;aperture&quot;:&quot;0&quot;,&quot;credit&quot;:&quot;&quot;,&quot;camera&quot;:&quot;&quot;,&quot;caption&quot;:&quot;&quot;,&quot;created_timestamp&quot;:&quot;0&quot;,&quot;copyright&quot;:&quot;&quot;,&quot;focal_length&quot;:&quot;0&quot;,&quot;iso&quot;:&quot;0&quot;,&quot;shutter_speed&quot;:&quot;0&quot;,&quot;title&quot;:&quot;&quot;,&quot;orientation&quot;:&quot;0&quot;}\" data-image-title=\"Georgian translation Services\" data-image-description=\"&lt;p&gt;Georgian translation Services&lt;\/p&gt;\" data-image-caption=\"\" data-medium-file=\"https:\/\/i0.wp.com\/lsa-global.com\/wp-content\/uploads\/2025\/03\/Georgian.png?fit=300%2C200&amp;ssl=1\" data-large-file=\"https:\/\/i0.wp.com\/lsa-global.com\/wp-content\/uploads\/2025\/03\/Georgian.png?fit=1024%2C683&amp;ssl=1\" width=\"300\" height=\"200\" src=\"https:\/\/i0.wp.com\/lsa-global.com\/wp-content\/uploads\/2025\/03\/Georgian.png?fit=300%2C200&amp;ssl=1\" class=\"attachment-medium size-medium wp-image-43482\" alt=\"Georgian translation Services\" srcset=\"https:\/\/i0.wp.com\/lsa-global.com\/wp-content\/uploads\/2025\/03\/Georgian.png?w=2560&amp;ssl=1 2560w, https:\/\/i0.wp.com\/lsa-global.com\/wp-content\/uploads\/2025\/03\/Georgian.png?resize=300%2C200&amp;ssl=1 300w, https:\/\/i0.wp.com\/lsa-global.com\/wp-content\/uploads\/2025\/03\/Georgian.png?resize=1024%2C683&amp;ssl=1 1024w, https:\/\/i0.wp.com\/lsa-global.com\/wp-content\/uploads\/2025\/03\/Georgian.png?resize=150%2C100&amp;ssl=1 150w, https:\/\/i0.wp.com\/lsa-global.com\/wp-content\/uploads\/2025\/03\/Georgian.png?resize=768%2C512&amp;ssl=1 768w, https:\/\/i0.wp.com\/lsa-global.com\/wp-content\/uploads\/2025\/03\/Georgian.png?resize=1536%2C1024&amp;ssl=1 1536w, https:\/\/i0.wp.com\/lsa-global.com\/wp-content\/uploads\/2025\/03\/Georgian.png?resize=2048%2C1366&amp;ssl=1 2048w, https:\/\/i0.wp.com\/lsa-global.com\/wp-content\/uploads\/2025\/03\/Georgian.png?resize=18%2C12&amp;ssl=1 18w, https:\/\/i0.wp.com\/lsa-global.com\/wp-content\/uploads\/2025\/03\/Georgian.png?resize=370%2C247&amp;ssl=1 370w, https:\/\/i0.wp.com\/lsa-global.com\/wp-content\/uploads\/2025\/03\/Georgian.png?resize=760%2C507&amp;ssl=1 760w\" sizes=\"(max-width: 300px) 100vw, 300px\" title=\"\">\t\t\t\t\t\t\t\t\t\t\t\t\t\t\t<\/div>\n\t\t\t\t<div class=\"elementor-element elementor-element-ed191de elementor-widget elementor-widget-heading\" data-id=\"ed191de\" data-element_type=\"widget\" data-e-type=\"widget\" data-widget_type=\"heading.default\">\n\t\t\t\t\t<h3 class=\"elementor-heading-title elementor-size-default\">Expert Georgian Translation Services for Businesses and Individuals<\/h3>\t\t\t\t<\/div>\n\t\t\t\t<div class=\"elementor-element elementor-element-db57333 elementor-widget elementor-widget-text-editor\" data-id=\"db57333\" data-element_type=\"widget\" data-e-type=\"widget\" data-widget_type=\"text-editor.default\">\n\t\t\t\t\t\t\t\t\t<p>Are you seeking high-quality\u00a0Georgian translation services? Our team of professional translators specializes in delivering accurate, culturally adapted translations tailored to Georgian-speaking audiences. We offer a comprehensive range of services, including\u00a0document translation,\u00a0website localization,\u00a0technical translations, and more, ensuring your content resonates with your target market.<\/p>\t\t\t\t\t\t\t\t<\/div>\n\t\t\t\t<div class=\"elementor-element elementor-element-cd66119 elementor-widget elementor-widget-heading\" data-id=\"cd66119\" data-element_type=\"widget\" data-e-type=\"widget\" data-widget_type=\"heading.default\">\n\t\t\t\t\t<h3 class=\"elementor-heading-title elementor-size-default\">\u00bfPor qu\u00e9 elegir nuestros servicios de traducci\u00f3n al georgiano?<\/h3>\t\t\t\t<\/div>\n\t\t\t\t<div class=\"elementor-element elementor-element-a60fc6f elementor-widget elementor-widget-text-editor\" data-id=\"a60fc6f\" data-element_type=\"widget\" data-e-type=\"widget\" data-widget_type=\"text-editor.default\">\n\t\t\t\t\t\t\t\t\t<ul>\n<li>\n<p>Native Georgian Translators: Our translators are native Georgian speakers with years of full-time experience, ensuring precise and contextually appropriate translations.\u00a0<\/p>\n<\/li>\n<li>\n<p>Traducciones Certificadas: Ofrecemos traducciones certificadas aceptadas por agencias gubernamentales e instituciones legales, garantizando el cumplimiento y la autenticidad.\u00a0<\/p>\n<\/li>\n<li>\n<p>Contenido optimizado para SEO: Nuestras traducciones incorporan las mejores pr\u00e1cticas de SEO, lo que ayuda a que su sitio web tenga una mejor clasificaci\u00f3n en motores de b\u00fasqueda como Google y Bing.<\/p>\n<\/li>\n<li>\n<p>Entrega r\u00e1pida y precios competitivos: Entregamos traducciones de alta calidad con rapidez y a precios competitivos, cumpliendo con sus plazos y requisitos presupuestarios.\u00a0<\/p>\n<\/li>\n<li>\n<p>Experiencia en la industria: Nuestros traductores poseen conocimientos especializados en diversas industrias, incluidos los sectores legal, m\u00e9dico, t\u00e9cnico y comercial.<\/p>\n<\/li>\n<\/ul>\t\t\t\t\t\t\t\t<\/div>\n\t\t\t\t<div class=\"elementor-element elementor-element-247e7cc elementor-widget elementor-widget-heading\" data-id=\"247e7cc\" data-element_type=\"widget\" data-e-type=\"widget\" data-widget_type=\"heading.default\">\n\t\t\t\t\t<h3 class=\"elementor-heading-title elementor-size-default\">Nuestros servicios de traducci\u00f3n al georgiano<\/h3>\t\t\t\t<\/div>\n\t\t\t\t<div class=\"elementor-element elementor-element-31a6e40 elementor-widget elementor-widget-heading\" data-id=\"31a6e40\" data-element_type=\"widget\" data-e-type=\"widget\" data-widget_type=\"heading.default\">\n\t\t\t\t\t<h5 class=\"elementor-heading-title elementor-size-default\">1. Traducci\u00f3n certificada de documentos<\/h5>\t\t\t\t<\/div>\n\t\t\t\t<div class=\"elementor-element elementor-element-96c80bb elementor-widget elementor-widget-text-editor\" data-id=\"96c80bb\" data-element_type=\"widget\" data-e-type=\"widget\" data-widget_type=\"text-editor.default\">\n\t\t\t\t\t\t\t\t\t<p>Ofrecemos traducciones certificadas para una variedad de documentos, garantizando precisi\u00f3n y aceptaci\u00f3n por parte de entidades oficiales:<\/p>\n<ul>\n<li>\n<p>Documentos legales: contratos, acuerdos, documentos judiciales.<\/p>\n<\/li>\n<li>\n<p>Documentos Personales: Actas de nacimiento, actas de matrimonio, transcripciones acad\u00e9micas.<\/p>\n<\/li>\n<li>\n<p>Documentos Comerciales: Licencias, estados financieros, informes corporativos.<\/p>\n<\/li>\n<\/ul>\t\t\t\t\t\t\t\t<\/div>\n\t\t\t\t<div class=\"elementor-element elementor-element-2dc00f4 elementor-widget elementor-widget-heading\" data-id=\"2dc00f4\" data-element_type=\"widget\" data-e-type=\"widget\" data-widget_type=\"heading.default\">\n\t\t\t\t\t<h5 class=\"elementor-heading-title elementor-size-default\">2. Localizaci\u00f3n de sitios web y aplicaciones<\/h5>\t\t\t\t<\/div>\n\t\t\t\t<div class=\"elementor-element elementor-element-c30482e elementor-widget elementor-widget-text-editor\" data-id=\"c30482e\" data-element_type=\"widget\" data-e-type=\"widget\" data-widget_type=\"text-editor.default\">\n\t\t\t\t\t\t\t\t\t<p style=\"font-family: Helvetica, serif; font-size: 16px; font-weight: 400; font-style: normal; color: #f87979;\"><span style=\"color: #ff0000;\">Expand your digital presence in Georgian-speaking markets with our localization services:<\/span><\/p>\n<ul style=\"margin-bottom: 1em; font-family: Helvetica, serif; font-size: 16px; font-weight: 400; font-style: normal; color: #f87979;\">\n<li style=\"font-size: 16px;\">\n<p style=\"font-size: 16px;\"><span style=\"color: #ff0000;\">Localizaci\u00f3n de sitios web: adaptaci\u00f3n del contenido de su sitio web para ajustarlo a los matices y preferencias culturales.<\/span><\/p>\n<\/li>\n<li style=\"font-size: 16px;\">\n<p style=\"font-size: 16px;\"><span style=\"color: #ff0000;\">App Localization: Ensuring your mobile applications are user-friendly for Georgian-speaking users.<\/span><\/p>\n<\/li>\n<li style=\"font-size: 16px;\">\n<p style=\"font-size: 16px;\"><span style=\"color: #ff0000;\">Optimizaci\u00f3n SEO: implementaci\u00f3n de palabras clave localizadas y metaetiquetas para mejorar la clasificaci\u00f3n en los motores de b\u00fasqueda.<\/span><\/p>\n<\/li>\n<\/ul>\t\t\t\t\t\t\t\t<\/div>\n\t\t\t\t<div class=\"elementor-element elementor-element-60aa31c elementor-widget elementor-widget-heading\" data-id=\"60aa31c\" data-element_type=\"widget\" data-e-type=\"widget\" data-widget_type=\"heading.default\">\n\t\t\t\t\t<h5 class=\"elementor-heading-title elementor-size-default\">3. Traducciones t\u00e9cnicas y m\u00e9dicas<\/h5>\t\t\t\t<\/div>\n\t\t\t\t<div class=\"elementor-element elementor-element-6063bb0 elementor-widget elementor-widget-text-editor\" data-id=\"6063bb0\" data-element_type=\"widget\" data-e-type=\"widget\" data-widget_type=\"text-editor.default\">\n\t\t\t\t\t\t\t\t\t<p>Nuestros expertos manejan documentos t\u00e9cnicos y m\u00e9dicos complejos con precisi\u00f3n:<\/p>\n<ul>\n<li>\n<p>Manuales T\u00e9cnicos: Gu\u00edas de usuario, manuales de productos, especificaciones t\u00e9cnicas.<\/p>\n<\/li>\n<li>\n<p>Documentos m\u00e9dicos: Informes cl\u00ednicos, informaci\u00f3n farmac\u00e9utica, art\u00edculos de investigaci\u00f3n m\u00e9dica.<\/p>\n<\/li>\n<\/ul>\t\t\t\t\t\t\t\t<\/div>\n\t\t\t\t<div class=\"elementor-element elementor-element-448b4ac elementor-widget elementor-widget-heading\" data-id=\"448b4ac\" data-element_type=\"widget\" data-e-type=\"widget\" data-widget_type=\"heading.default\">\n\t\t\t\t\t<h5 class=\"elementor-heading-title elementor-size-default\">4. Traducciones comerciales y de marketing<\/h5>\t\t\t\t<\/div>\n\t\t\t\t<div class=\"elementor-element elementor-element-19da728 elementor-widget elementor-widget-text-editor\" data-id=\"19da728\" data-element_type=\"widget\" data-e-type=\"widget\" data-widget_type=\"text-editor.default\">\n\t\t\t\t\t\t\t\t\t<p>Effectively communicate your brand message to Georgian-speaking audiences:<\/p>\n<ul>\n<li>\n<p>Materiales de marketing: folletos, anuncios, comunicados de prensa.<\/p>\n<\/li>\n<li>\n<p>Comunicaciones empresariales: Presentaciones, correos electr\u00f3nicos, comunicaciones corporativas.<\/p>\n<\/li>\n<\/ul>\t\t\t\t\t\t\t\t<\/div>\n\t\t\t\t<div class=\"elementor-element elementor-element-0af3a9f elementor-widget elementor-widget-heading\" data-id=\"0af3a9f\" data-element_type=\"widget\" data-e-type=\"widget\" data-widget_type=\"heading.default\">\n\t\t\t\t\t<h3 class=\"elementor-heading-title elementor-size-default\">Industrias a las que servimos<\/h3>\t\t\t\t<\/div>\n\t\t\t\t<div class=\"elementor-element elementor-element-f052695 elementor-widget elementor-widget-text-editor\" data-id=\"f052695\" data-element_type=\"widget\" data-e-type=\"widget\" data-widget_type=\"text-editor.default\">\n\t\t\t\t\t\t\t\t\t<p>Atendemos a una amplia gama de industrias, que incluyen:\ue206<\/p>\n<ul>\n<li>\n<p>Legal y gubernamental: Ofrecemos traducciones para procedimientos legales y comunicaciones gubernamentales.<\/p>\n<\/li>\n<li>\n<p>Atenci\u00f3n m\u00e9dica y productos farmac\u00e9uticos: traducci\u00f3n de registros m\u00e9dicos, art\u00edculos de investigaci\u00f3n y documentos farmac\u00e9uticos.<\/p>\n<\/li>\n<li>\n<p>Tecnolog\u00eda y TI: localizaci\u00f3n de software, manuales de usuario y documentaci\u00f3n t\u00e9cnica.<\/p>\n<\/li>\n<li>\n<p>Finanzas y banca: traducci\u00f3n de informes financieros, documentos de inversi\u00f3n y materiales bancarios.<\/p>\n<\/li>\n<li>\n<p>Comercio electr\u00f3nico y venta minorista: localizaci\u00f3n de descripciones de productos, rese\u00f1as de clientes y contenido de marketing.<\/p>\n<\/li>\n<\/ul>\t\t\t\t\t\t\t\t<\/div>\n\t\t\t\t<div class=\"elementor-element elementor-element-753b9c3 elementor-widget elementor-widget-heading\" data-id=\"753b9c3\" data-element_type=\"widget\" data-e-type=\"widget\" data-widget_type=\"heading.default\">\n\t\t\t\t\t<h3 class=\"elementor-heading-title elementor-size-default\">Por qu\u00e9 es importante una traducci\u00f3n profesional al georgiano<\/h3>\t\t\t\t<\/div>\n\t\t\t\t<div class=\"elementor-element elementor-element-4fe6b6b elementor-widget elementor-widget-text-editor\" data-id=\"4fe6b6b\" data-element_type=\"widget\" data-e-type=\"widget\" data-widget_type=\"text-editor.default\">\n\t\t\t\t\t\t\t\t\t<ul>\n<li>\n<p>Native Georgian Translators: Our translators are native Georgian speakers with years of full-time experience, ensuring precise and contextually appropriate translations.\u00a0<\/p>\n<\/li>\n<li>\n<p>Traducciones Certificadas: Ofrecemos traducciones certificadas aceptadas por agencias gubernamentales e instituciones legales, garantizando el cumplimiento y la autenticidad.\u00a0<\/p>\n<\/li>\n<li>\n<p>Contenido optimizado para SEO: Nuestras traducciones incorporan las mejores pr\u00e1cticas de SEO, lo que ayuda a que su sitio web tenga una mejor clasificaci\u00f3n en motores de b\u00fasqueda como Google y Bing.<\/p>\n<\/li>\n<li>\n<p>Entrega r\u00e1pida y precios competitivos: Entregamos traducciones de alta calidad con rapidez y a precios competitivos, cumpliendo con sus plazos y requisitos presupuestarios.\u00a0<\/p>\n<\/li>\n<li>\n<p>Experiencia en la industria: Nuestros traductores poseen conocimientos especializados en diversas industrias, incluidos los sectores legal, m\u00e9dico, t\u00e9cnico y comercial.<\/p>\n<\/li>\n<\/ul>\t\t\t\t\t\t\t\t<\/div>\n\t\t\t\t<div class=\"elementor-element elementor-element-f66903f elementor-widget elementor-widget-heading\" data-id=\"f66903f\" data-element_type=\"widget\" data-e-type=\"widget\" data-widget_type=\"heading.default\">\n\t\t\t\t\t<h3 class=\"elementor-heading-title elementor-size-default\">Servicios de traducci\u00f3n al georgiano optimizados para SEO<\/h3>\t\t\t\t<\/div>\n\t\t\t\t<div class=\"elementor-element elementor-element-d8e0b4b elementor-widget elementor-widget-text-editor\" data-id=\"d8e0b4b\" data-element_type=\"widget\" data-e-type=\"widget\" data-widget_type=\"text-editor.default\">\n\t\t\t\t\t\t\t\t\t<p>Nuestras traducciones est\u00e1n dise\u00f1adas con las mejores pr\u00e1cticas de SEO para mejorar su visibilidad en l\u00ednea:<\/p>\n<ul>\n<li>\n<p>Palabras clave localizadas: incorporaci\u00f3n de t\u00e9rminos de b\u00fasqueda espec\u00edficos de la regi\u00f3n para mejorar las clasificaciones.<\/p>\n<\/li>\n<li>\n<p>Optimizaci\u00f3n de metaetiquetas: traducci\u00f3n y optimizaci\u00f3n de meta descripciones y t\u00edtulos para obtener mejores tasas de clics.<\/p>\n<\/li>\n<li>\n<p>User-Friendly URLs: Creating URLs that are readable and relevant in Georgian.<\/p>\n<\/li>\n<\/ul>\t\t\t\t\t\t\t\t<\/div>\n\t\t\t\t<div class=\"elementor-element elementor-element-3d95909 elementor-widget elementor-widget-heading\" data-id=\"3d95909\" data-element_type=\"widget\" data-e-type=\"widget\" data-widget_type=\"heading.default\">\n\t\t\t\t\t<h3 class=\"elementor-heading-title elementor-size-default\">Obtenga un presupuesto gratuito para servicios de traducci\u00f3n al georgiano<\/h3>\t\t\t\t<\/div>\n\t\t\t\t<div class=\"elementor-element elementor-element-19ad640 elementor-widget elementor-widget-text-editor\" data-id=\"19ad640\" data-element_type=\"widget\" data-e-type=\"widget\" data-widget_type=\"text-editor.default\">\n\t\t\t\t\t\t\t\t\t<p>Need professional Georgian translation services? Contact us today for a free quote. We ensure fast, precise, and confidential translations for all your needs.<\/p><h4>\u00a0<a href=\"https:\/\/lsa-global.com\/es\/obtenga-una-cotizacion-gratuita-de-lsa-global\/\"><span style=\"color: #ff0000;\">\u00a1Cont\u00e1ctanos hoy!<\/span><\/a><\/h4><p><span style=\"color: #ff0000;\"><img decoding=\"async\" class=\"emoji\" role=\"img\" draggable=\"false\" src=\"https:\/\/s.w.org\/images\/core\/emoji\/15.0.3\/svg\/1f4cd.svg\" alt=\"\ud83d\udccd\" title=\"\">\u00a0Servicio global: disponible en todo el mundo<\/span><\/p><p><span style=\"color: #ff0000;\">Expand your reach with expert Georgian translation! \ue203Reach out now to discuss your project.<\/span><\/p>\t\t\t\t\t\t\t\t<\/div>\n\t\t\t\t<div class=\"elementor-element elementor-element-819e714 elementor-widget elementor-widget-heading\" data-id=\"819e714\" data-element_type=\"widget\" data-e-type=\"widget\" data-widget_type=\"heading.default\">\n\t\t\t\t\t<h3 class=\"elementor-heading-title elementor-size-default\">Yendo m\u00e1s all\u00e1<\/h3>\t\t\t\t<\/div>\n\t\t\t\t<div class=\"elementor-element elementor-element-cb3c61c elementor-widget elementor-widget-text-editor\" data-id=\"cb3c61c\" data-element_type=\"widget\" data-e-type=\"widget\" data-widget_type=\"text-editor.default\">\n\t\t\t\t\t\t\t\t\t<h5><a href=\"https:\/\/lsa-global.com\/es\/aprender-el-idioma-aleman\/\"><span style=\"color: #ff0000;\">Curso de alem\u00e1n<\/span><\/a><\/h5>\t\t\t\t\t\t\t\t<\/div>\n\t\t\t\t<div class=\"elementor-element elementor-element-1882d6f elementor-widget elementor-widget-text-editor\" data-id=\"1882d6f\" data-element_type=\"widget\" data-e-type=\"widget\" data-widget_type=\"text-editor.default\">\n\t\t\t\t\t\t\t\t\t<h5><a href=\"https:\/\/lsa-global.com\/es\/publicaciones\/\"><span style=\"color: #ff0000;\">M\u00e1s publicaciones<\/span><\/a><\/h5>\t\t\t\t\t\t\t\t<\/div>\n\t\t\t\t<div class=\"elementor-element elementor-element-4c9aeee elementor-widget elementor-widget-text-editor\" data-id=\"4c9aeee\" data-element_type=\"widget\" data-e-type=\"widget\" data-widget_type=\"text-editor.default\">\n\t\t\t\t\t\t\t\t\t<h5><a href=\"https:\/\/lsaglobal-translate.co.uk\/services\/translation-services\/\" target=\"_blank\" rel=\"noopener\"><span style=\"color: #ff0000;\">Traducci\u00f3n Pro.<\/span><\/a><\/h5>\t\t\t\t\t\t\t\t<\/div>\n\t\t\t\t<div class=\"elementor-element elementor-element-c2f0770 elementor-widget elementor-widget-image\" data-id=\"c2f0770\" data-element_type=\"widget\" data-e-type=\"widget\" data-widget_type=\"image.default\">\n\t\t\t\t\t\t\t\t\t\t\t\t\t\t\t<img fetchpriority=\"high\" decoding=\"async\" data-attachment-id=\"43482\" data-permalink=\"https:\/\/lsa-global.com\/georgian-translation-services-accurate-certified\/georgian\/\" data-orig-file=\"https:\/\/i0.wp.com\/lsa-global.com\/wp-content\/uploads\/2025\/03\/Georgian.png?fit=2560%2C1707&amp;ssl=1\" data-orig-size=\"2560,1707\" data-comments-opened=\"0\" data-image-meta=\"{&quot;aperture&quot;:&quot;0&quot;,&quot;credit&quot;:&quot;&quot;,&quot;camera&quot;:&quot;&quot;,&quot;caption&quot;:&quot;&quot;,&quot;created_timestamp&quot;:&quot;0&quot;,&quot;copyright&quot;:&quot;&quot;,&quot;focal_length&quot;:&quot;0&quot;,&quot;iso&quot;:&quot;0&quot;,&quot;shutter_speed&quot;:&quot;0&quot;,&quot;title&quot;:&quot;&quot;,&quot;orientation&quot;:&quot;0&quot;}\" data-image-title=\"Georgian translation Services\" data-image-description=\"&lt;p&gt;Georgian translation Services&lt;\/p&gt;\" data-image-caption=\"\" data-medium-file=\"https:\/\/i0.wp.com\/lsa-global.com\/wp-content\/uploads\/2025\/03\/Georgian.png?fit=300%2C200&amp;ssl=1\" data-large-file=\"https:\/\/i0.wp.com\/lsa-global.com\/wp-content\/uploads\/2025\/03\/Georgian.png?fit=1024%2C683&amp;ssl=1\" width=\"300\" height=\"200\" src=\"https:\/\/i0.wp.com\/lsa-global.com\/wp-content\/uploads\/2025\/03\/Georgian.png?fit=300%2C200&amp;ssl=1\" class=\"attachment-medium size-medium wp-image-43482\" alt=\"Georgian translation Services\" srcset=\"https:\/\/i0.wp.com\/lsa-global.com\/wp-content\/uploads\/2025\/03\/Georgian.png?w=2560&amp;ssl=1 2560w, https:\/\/i0.wp.com\/lsa-global.com\/wp-content\/uploads\/2025\/03\/Georgian.png?resize=300%2C200&amp;ssl=1 300w, https:\/\/i0.wp.com\/lsa-global.com\/wp-content\/uploads\/2025\/03\/Georgian.png?resize=1024%2C683&amp;ssl=1 1024w, https:\/\/i0.wp.com\/lsa-global.com\/wp-content\/uploads\/2025\/03\/Georgian.png?resize=150%2C100&amp;ssl=1 150w, https:\/\/i0.wp.com\/lsa-global.com\/wp-content\/uploads\/2025\/03\/Georgian.png?resize=768%2C512&amp;ssl=1 768w, https:\/\/i0.wp.com\/lsa-global.com\/wp-content\/uploads\/2025\/03\/Georgian.png?resize=1536%2C1024&amp;ssl=1 1536w, https:\/\/i0.wp.com\/lsa-global.com\/wp-content\/uploads\/2025\/03\/Georgian.png?resize=2048%2C1366&amp;ssl=1 2048w, https:\/\/i0.wp.com\/lsa-global.com\/wp-content\/uploads\/2025\/03\/Georgian.png?resize=18%2C12&amp;ssl=1 18w, https:\/\/i0.wp.com\/lsa-global.com\/wp-content\/uploads\/2025\/03\/Georgian.png?resize=370%2C247&amp;ssl=1 370w, https:\/\/i0.wp.com\/lsa-global.com\/wp-content\/uploads\/2025\/03\/Georgian.png?resize=760%2C507&amp;ssl=1 760w\" sizes=\"(max-width: 300px) 100vw, 300px\" title=\"\">\t\t\t\t\t\t\t\t\t\t\t\t\t\t\t<\/div>\n\t\t\t\t<\/div>\n\t\t\t\t<\/div>","protected":false},"excerpt":{"rendered":"<p>Professional Georgian Translation Services \u2013 Accurate &amp; Certified Expert Georgian Translation Services for Businesses and Individuals Are you seeking high-quality\u00a0Georgian&hellip;<\/p>","protected":false},"author":1,"featured_media":43482,"parent":0,"menu_order":0,"comment_status":"closed","ping_status":"closed","template":"","meta":{"jetpack_post_was_ever_published":false,"footnotes":""},"class_list":["post-43390","page","type-page","status-publish","has-post-thumbnail","hentry"],"jetpack_sharing_enabled":true,"jetpack_likes_enabled":true,"jetpack-related-posts":[],"jetpack_shortlink":"https:\/\/wp.me\/PerFda-bhQ","_links":{"self":[{"href":"https:\/\/lsa-global.com\/es\/wp-json\/wp\/v2\/pages\/43390","targetHints":{"allow":["GET"]}}],"collection":[{"href":"https:\/\/lsa-global.com\/es\/wp-json\/wp\/v2\/pages"}],"about":[{"href":"https:\/\/lsa-global.com\/es\/wp-json\/wp\/v2\/types\/page"}],"author":[{"embeddable":true,"href":"https:\/\/lsa-global.com\/es\/wp-json\/wp\/v2\/users\/1"}],"replies":[{"embeddable":true,"href":"https:\/\/lsa-global.com\/es\/wp-json\/wp\/v2\/comments?post=43390"}],"version-history":[{"count":0,"href":"https:\/\/lsa-global.com\/es\/wp-json\/wp\/v2\/pages\/43390\/revisions"}],"wp:featuredmedia":[{"embeddable":true,"href":"https:\/\/lsa-global.com\/es\/wp-json\/wp\/v2\/media\/43482"}],"wp:attachment":[{"href":"https:\/\/lsa-global.com\/es\/wp-json\/wp\/v2\/media?parent=43390"}],"curies":[{"name":"wp","href":"https:\/\/api.w.org\/{rel}","templated":true}]}}