{"id":43330,"date":"2025-03-18T14:41:02","date_gmt":"2025-03-18T13:41:02","guid":{"rendered":"https:\/\/lsa-global.com\/?page_id=43330"},"modified":"2025-04-25T13:09:54","modified_gmt":"2025-04-25T12:09:54","slug":"servicios-profesionales-de-traduccion-al-sueco-precisos","status":"publish","type":"page","link":"https:\/\/lsa-global.com\/es\/servicios-profesionales-de-traduccion-al-sueco-precisos\/","title":{"rendered":"Servicios profesionales de traducci\u00f3n al sueco: precisos y certificados"},"content":{"rendered":"<div data-elementor-type=\"wp-page\" data-elementor-id=\"43330\" class=\"elementor elementor-43330\" data-elementor-post-type=\"page\">\n\t\t\t\t<div class=\"elementor-element elementor-element-675623c e-flex e-con-boxed e-con e-parent\" data-id=\"675623c\" data-element_type=\"container\" data-e-type=\"container\">\n\t\t\t\t\t<div class=\"e-con-inner\">\n\t\t\t\t<div class=\"elementor-element elementor-element-10caf43 elementor-widget elementor-widget-heading\" data-id=\"10caf43\" data-element_type=\"widget\" data-e-type=\"widget\" data-widget_type=\"heading.default\">\n\t\t\t\t\t<h2 class=\"elementor-heading-title elementor-size-default\"><span style=\"font-family: Helvetica, monospace;font-size: 45px;font-style: normal;font-weight: 800;text-align: var(--text-align)\">Servicios profesionales de traducci\u00f3n al sueco: precisos y certificados<\/span><\/h2>\t\t\t\t<\/div>\n\t\t\t\t<div class=\"elementor-element elementor-element-6b40de0 elementor-widget elementor-widget-image\" data-id=\"6b40de0\" data-element_type=\"widget\" data-e-type=\"widget\" data-widget_type=\"image.default\">\n\t\t\t\t\t\t\t\t\t\t\t\t\t\t\t<img fetchpriority=\"high\" decoding=\"async\" data-attachment-id=\"43567\" data-permalink=\"https:\/\/lsa-global.com\/zh\/%e4%b8%93%e4%b8%9a%e7%91%9e%e5%85%b8%e8%af%ad%e7%bf%bb%e8%af%91%e6%9c%8d%e5%8a%a1%e5%87%86%e7%a1%ae\/swedish\/\" data-orig-file=\"https:\/\/i0.wp.com\/lsa-global.com\/wp-content\/uploads\/2025\/03\/Swedish.png?fit=2560%2C1600&amp;ssl=1\" data-orig-size=\"2560,1600\" data-comments-opened=\"0\" data-image-meta=\"{&quot;aperture&quot;:&quot;0&quot;,&quot;credit&quot;:&quot;&quot;,&quot;camera&quot;:&quot;&quot;,&quot;caption&quot;:&quot;&quot;,&quot;created_timestamp&quot;:&quot;0&quot;,&quot;copyright&quot;:&quot;&quot;,&quot;focal_length&quot;:&quot;0&quot;,&quot;iso&quot;:&quot;0&quot;,&quot;shutter_speed&quot;:&quot;0&quot;,&quot;title&quot;:&quot;&quot;,&quot;orientation&quot;:&quot;0&quot;}\" data-image-title=\"Swedish Translations Services\" data-image-description=\"&lt;p&gt;Swedish Translations Services&lt;\/p&gt;\" data-image-caption=\"\" data-medium-file=\"https:\/\/i0.wp.com\/lsa-global.com\/wp-content\/uploads\/2025\/03\/Swedish.png?fit=300%2C188&amp;ssl=1\" data-large-file=\"https:\/\/i0.wp.com\/lsa-global.com\/wp-content\/uploads\/2025\/03\/Swedish.png?fit=1024%2C640&amp;ssl=1\" width=\"300\" height=\"188\" src=\"https:\/\/i0.wp.com\/lsa-global.com\/wp-content\/uploads\/2025\/03\/Swedish.png?fit=300%2C188&amp;ssl=1\" class=\"attachment-medium size-medium wp-image-43567\" alt=\"Servicios de traducci\u00f3n al sueco\" srcset=\"https:\/\/i0.wp.com\/lsa-global.com\/wp-content\/uploads\/2025\/03\/Swedish.png?w=2560&amp;ssl=1 2560w, https:\/\/i0.wp.com\/lsa-global.com\/wp-content\/uploads\/2025\/03\/Swedish.png?resize=300%2C188&amp;ssl=1 300w, https:\/\/i0.wp.com\/lsa-global.com\/wp-content\/uploads\/2025\/03\/Swedish.png?resize=1024%2C640&amp;ssl=1 1024w, https:\/\/i0.wp.com\/lsa-global.com\/wp-content\/uploads\/2025\/03\/Swedish.png?resize=150%2C94&amp;ssl=1 150w, https:\/\/i0.wp.com\/lsa-global.com\/wp-content\/uploads\/2025\/03\/Swedish.png?resize=768%2C480&amp;ssl=1 768w, https:\/\/i0.wp.com\/lsa-global.com\/wp-content\/uploads\/2025\/03\/Swedish.png?resize=1536%2C960&amp;ssl=1 1536w, https:\/\/i0.wp.com\/lsa-global.com\/wp-content\/uploads\/2025\/03\/Swedish.png?resize=2048%2C1280&amp;ssl=1 2048w, https:\/\/i0.wp.com\/lsa-global.com\/wp-content\/uploads\/2025\/03\/Swedish.png?resize=18%2C12&amp;ssl=1 18w, https:\/\/i0.wp.com\/lsa-global.com\/wp-content\/uploads\/2025\/03\/Swedish.png?resize=370%2C231&amp;ssl=1 370w, https:\/\/i0.wp.com\/lsa-global.com\/wp-content\/uploads\/2025\/03\/Swedish.png?resize=760%2C475&amp;ssl=1 760w\" sizes=\"(max-width: 300px) 100vw, 300px\" title=\"\">\t\t\t\t\t\t\t\t\t\t\t\t\t\t\t<\/div>\n\t\t\t\t<div class=\"elementor-element elementor-element-fea0596 elementor-widget elementor-widget-heading\" data-id=\"fea0596\" data-element_type=\"widget\" data-e-type=\"widget\" data-widget_type=\"heading.default\">\n\t\t\t\t\t<h3 class=\"elementor-heading-title elementor-size-default\">Servicios expertos de traducci\u00f3n al sueco para empresas y particulares<\/h3>\t\t\t\t<\/div>\n\t\t\t\t<div class=\"elementor-element elementor-element-a62b48f elementor-widget elementor-widget-text-editor\" data-id=\"a62b48f\" data-element_type=\"widget\" data-e-type=\"widget\" data-widget_type=\"text-editor.default\">\n\t\t\t\t\t\t\t\t\t<p>\u00bfBusca servicios de traducci\u00f3n al sueco de alta calidad? Nuestro equipo de traductores profesionales se especializa en entregar traducciones precisas y adaptadas a la cultura del p\u00fablico sueco. Ofrecemos una amplia gama de servicios, que incluyen traducci\u00f3n de documentos, localizaci\u00f3n de sitios web, traducciones t\u00e9cnicas y m\u00e1s, para garantizar que su contenido conecte con su p\u00fablico objetivo.<\/p>\t\t\t\t\t\t\t\t<\/div>\n\t\t\t\t<div class=\"elementor-element elementor-element-571037a elementor-widget elementor-widget-heading\" data-id=\"571037a\" data-element_type=\"widget\" data-e-type=\"widget\" data-widget_type=\"heading.default\">\n\t\t\t\t\t<h3 class=\"elementor-heading-title elementor-size-default\">\u00bfPor qu\u00e9 elegir nuestros servicios de traducci\u00f3n al sueco?<\/h3>\t\t\t\t<\/div>\n\t\t\t\t<div class=\"elementor-element elementor-element-0ddeac5 elementor-widget elementor-widget-text-editor\" data-id=\"0ddeac5\" data-element_type=\"widget\" data-e-type=\"widget\" data-widget_type=\"text-editor.default\">\n\t\t\t\t\t\t\t\t\t<p>Traductores nativos de sueco: Nuestros traductores son hablantes nativos de sueco con a\u00f1os de experiencia a tiempo completo, lo que garantiza traducciones precisas y contextualizadas. Traducciones certificadas: Ofrecemos traducciones certificadas aceptadas por organismos gubernamentales e instituciones legales, lo que garantiza el cumplimiento normativo y la autenticidad.\u00a0<\/p><ul><li><p>Contenido optimizado para SEO: Nuestras traducciones incorporan las mejores pr\u00e1cticas de SEO, lo que ayuda a que su sitio web tenga una mejor clasificaci\u00f3n en motores de b\u00fasqueda como Google y Bing.<\/p><\/li><li><p>Entrega r\u00e1pida y precios competitivos: Entregamos traducciones de alta calidad con rapidez y a precios competitivos, cumpliendo con sus plazos y requisitos presupuestarios.\u00a0<\/p><\/li><li><p>Experiencia en la industria: Nuestros traductores poseen conocimientos especializados en diversas industrias, incluidos los sectores legal, m\u00e9dico, t\u00e9cnico y comercial.<\/p><\/li><li><ul data-start=\"2658\" data-end=\"2827\"><li class=\"\" data-start=\"2658\" data-end=\"2685\"><p class=\"\" data-start=\"2660\" data-end=\"2685\">Contenido del sitio web y la aplicaci\u00f3n<\/p><\/li><li class=\"\" data-start=\"2686\" data-end=\"2720\"><p class=\"\" data-start=\"2688\" data-end=\"2720\">Embalaje y etiquetado de productos<\/p><\/li><li class=\"\" data-start=\"2721\" data-end=\"2762\"><p class=\"\" data-start=\"2723\" data-end=\"2762\">Campa\u00f1as promocionales y publicitarias<\/p><\/li><li class=\"\" data-start=\"2763\" data-end=\"2798\"><p class=\"\" data-start=\"2765\" data-end=\"2798\">M\u00f3dulos de formaci\u00f3n y aprendizaje electr\u00f3nico<\/p><\/li><li class=\"\" data-start=\"2799\" data-end=\"2827\"><p class=\"\" data-start=\"2801\" data-end=\"2827\">Materiales de atenci\u00f3n al cliente.<\/p><\/li><li class=\"\" data-start=\"2799\" data-end=\"2827\"><p class=\"\" data-start=\"2801\" data-end=\"2827\">Sensibilidad cultural y localizaci\u00f3n<\/p><p class=\"\" data-start=\"2320\" data-end=\"2633\">Una comunicaci\u00f3n exitosa va m\u00e1s all\u00e1 de la traducci\u00f3n literal. Nuestros expertos en sueco se especializan en... <span data-start=\"2427\" data-end=\"2443\">localizaci\u00f3n<\/span>Adaptar el contenido para satisfacer las expectativas, el tono y las preferencias del p\u00fablico suecoparlante. Esto es especialmente valioso en marketing, dise\u00f1o de experiencia de usuario y comunicaci\u00f3n p\u00fablica.<\/p><p class=\"\" data-start=\"2635\" data-end=\"2656\">Le ayudamos a localizar:<\/p><\/li><\/ul><\/li><\/ul>\t\t\t\t\t\t\t\t<\/div>\n\t\t\t\t<div class=\"elementor-element elementor-element-52f6ca9 elementor-widget elementor-widget-heading\" data-id=\"52f6ca9\" data-element_type=\"widget\" data-e-type=\"widget\" data-widget_type=\"heading.default\">\n\t\t\t\t\t<h3 class=\"elementor-heading-title elementor-size-default\">Nuestros servicios de traducci\u00f3n al sueco<\/h3>\t\t\t\t<\/div>\n\t\t\t\t<div class=\"elementor-element elementor-element-7f8710c elementor-widget elementor-widget-heading\" data-id=\"7f8710c\" data-element_type=\"widget\" data-e-type=\"widget\" data-widget_type=\"heading.default\">\n\t\t\t\t\t<h5 class=\"elementor-heading-title elementor-size-default\">1. Traducci\u00f3n certificada de documentos<\/h5>\t\t\t\t<\/div>\n\t\t\t\t<div class=\"elementor-element elementor-element-4c35574 elementor-widget elementor-widget-text-editor\" data-id=\"4c35574\" data-element_type=\"widget\" data-e-type=\"widget\" data-widget_type=\"text-editor.default\">\n\t\t\t\t\t\t\t\t\t<p><span style=\"color: #0000ff; font-family: Roboto, sans-serif; font-size: 16px;\">Ofrecemos traducciones certificadas para una variedad de documentos, garantizando precisi\u00f3n y aceptaci\u00f3n por parte de entidades oficiales:<\/span><\/p><ul><li><p>Documentos legales: contratos, acuerdos, documentos judiciales.<\/p><\/li><li><p>Documentos Personales: Actas de nacimiento, actas de matrimonio, transcripciones acad\u00e9micas.<\/p><\/li><li><p>Documentos comerciales: Licencias, estados financieros, informes corporativos<\/p><\/li><\/ul><p>Lorem ipsum dolor sit amet, consectetur adipiscing elit. Ut elit tellus, luctus nec ullamcorper mattis, pulvinar dapibus leo.<\/p>\t\t\t\t\t\t\t\t<\/div>\n\t\t\t\t<div class=\"elementor-element elementor-element-89e1686 elementor-widget elementor-widget-heading\" data-id=\"89e1686\" data-element_type=\"widget\" data-e-type=\"widget\" data-widget_type=\"heading.default\">\n\t\t\t\t\t<h5 class=\"elementor-heading-title elementor-size-default\">2. Localizaci\u00f3n de sitios web y aplicaciones<\/h5>\t\t\t\t<\/div>\n\t\t\t\t<div class=\"elementor-element elementor-element-65be883 elementor-widget elementor-widget-text-editor\" data-id=\"65be883\" data-element_type=\"widget\" data-e-type=\"widget\" data-widget_type=\"text-editor.default\">\n\t\t\t\t\t\t\t\t\t<p>Ampl\u00ede su presencia digital en los mercados de habla sueca con nuestros servicios de localizaci\u00f3n:<\/p><ul><li><p>Localizaci\u00f3n de sitios web: adaptaci\u00f3n del contenido de su sitio web para ajustarlo a los matices y preferencias culturales.<\/p><\/li><li><p>Localizaci\u00f3n de aplicaciones: garantizamos que sus aplicaciones m\u00f3viles sean f\u00e1ciles de usar para los usuarios de habla sueca.<\/p><\/li><li><p>Optimizaci\u00f3n SEO<strong>norte<\/strong>:Implementaci\u00f3n de palabras clave localizadas y metaetiquetas para mejorar la clasificaci\u00f3n en los motores de b\u00fasqueda<\/p><\/li><\/ul>\t\t\t\t\t\t\t\t<\/div>\n\t\t\t\t<div class=\"elementor-element elementor-element-e95a6fc elementor-widget elementor-widget-heading\" data-id=\"e95a6fc\" data-element_type=\"widget\" data-e-type=\"widget\" data-widget_type=\"heading.default\">\n\t\t\t\t\t<h5 class=\"elementor-heading-title elementor-size-default\">3. Traducciones t\u00e9cnicas y m\u00e9dicas<\/h5>\t\t\t\t<\/div>\n\t\t\t\t<div class=\"elementor-element elementor-element-42891ed elementor-widget elementor-widget-text-editor\" data-id=\"42891ed\" data-element_type=\"widget\" data-e-type=\"widget\" data-widget_type=\"text-editor.default\">\n\t\t\t\t\t\t\t\t\t<p>Nuestros expertos manejan documentos t\u00e9cnicos y m\u00e9dicos complejos con precisi\u00f3n:<\/p>\n<ul>\n<li>\n<p><strong>Manuales t\u00e9cnicos<\/strong>:Gu\u00edas de usuario, manuales de productos, especificaciones t\u00e9cnicas.<\/p>\n<\/li>\n<li>\n<p><strong>Documentos m\u00e9dicos<\/strong>:Informes cl\u00ednicos, informaci\u00f3n farmac\u00e9utica, art\u00edculos de investigaci\u00f3n m\u00e9dica.<\/p>\n<\/li>\n<\/ul>\n<p>Lorem ipsum dolor sit amet, consectetur adipiscing elit. Ut elit tellus, luctus nec ullamcorper mattis, pulvinar dapibus leo.<\/p>\t\t\t\t\t\t\t\t<\/div>\n\t\t\t\t<div class=\"elementor-element elementor-element-76fdbd0 elementor-widget elementor-widget-heading\" data-id=\"76fdbd0\" data-element_type=\"widget\" data-e-type=\"widget\" data-widget_type=\"heading.default\">\n\t\t\t\t\t<h5 class=\"elementor-heading-title elementor-size-default\">4. Traducciones comerciales y de marketing<\/h5>\t\t\t\t<\/div>\n\t\t\t\t<div class=\"elementor-element elementor-element-666d73a elementor-widget elementor-widget-text-editor\" data-id=\"666d73a\" data-element_type=\"widget\" data-e-type=\"widget\" data-widget_type=\"text-editor.default\">\n\t\t\t\t\t\t\t\t\t<p>Comunique eficazmente el mensaje de su marca a las audiencias de habla sueca:<\/p><ul><li><p>Materiales de marketing: folletos, anuncios, comunicados de prensa.<\/p><\/li><li><p>Comunicaciones empresariales: Presentaciones, correos electr\u00f3nicos, comunicaciones corporativas.<\/p><\/li><\/ul>\t\t\t\t\t\t\t\t<\/div>\n\t\t\t\t<div class=\"elementor-element elementor-element-3ff9387 elementor-widget elementor-widget-heading\" data-id=\"3ff9387\" data-element_type=\"widget\" data-e-type=\"widget\" data-widget_type=\"heading.default\">\n\t\t\t\t\t<h3 class=\"elementor-heading-title elementor-size-default\">Industrias a las que servimos<\/h3>\t\t\t\t<\/div>\n\t\t\t\t<div class=\"elementor-element elementor-element-efbce69 elementor-widget elementor-widget-text-editor\" data-id=\"efbce69\" data-element_type=\"widget\" data-e-type=\"widget\" data-widget_type=\"text-editor.default\">\n\t\t\t\t\t\t\t\t\t<p>Atendemos a una amplia gama de industrias, que incluyen:<\/p><ul><li><p>Legal y gubernamental: Ofrecemos traducciones para procedimientos legales y comunicaciones gubernamentales.<\/p><\/li><li><p>Atenci\u00f3n m\u00e9dica y productos farmac\u00e9uticos: traducci\u00f3n de registros m\u00e9dicos, art\u00edculos de investigaci\u00f3n y documentos farmac\u00e9uticos.<\/p><\/li><li><p>Tecnolog\u00eda y TI: localizaci\u00f3n de software, manuales de usuario y documentaci\u00f3n t\u00e9cnica.<\/p><\/li><li><p>Finanzas y banca: traducci\u00f3n de informes financieros, documentos de inversi\u00f3n y materiales bancarios.<\/p><\/li><li><p>Comercio electr\u00f3nico y venta minorista: localizaci\u00f3n de descripciones de productos, rese\u00f1as de clientes y contenido de marketing.<\/p><\/li><\/ul>\t\t\t\t\t\t\t\t<\/div>\n\t\t\t\t<div class=\"elementor-element elementor-element-5cf6194 elementor-widget elementor-widget-heading\" data-id=\"5cf6194\" data-element_type=\"widget\" data-e-type=\"widget\" data-widget_type=\"heading.default\">\n\t\t\t\t\t<h3 class=\"elementor-heading-title elementor-size-default\">Por qu\u00e9 es importante una traducci\u00f3n profesional al sueco<\/h3>\t\t\t\t<\/div>\n\t\t\t\t<div class=\"elementor-element elementor-element-906f526 elementor-widget elementor-widget-text-editor\" data-id=\"906f526\" data-element_type=\"widget\" data-e-type=\"widget\" data-widget_type=\"text-editor.default\">\n\t\t\t\t\t\t\t\t\t<p>Millones de personas en todo el mundo hablan sueco, lo que lo convierte en un idioma esencial para empresas y organizaciones que buscan conectar con el p\u00fablico suecoparlante. La traducci\u00f3n profesional garantiza:<\/p><ul><li><p>Relevancia cultural: traducciones precisas que resuenan con la cultura y las costumbres locales.<\/p><\/li><li><p>Cumplimiento legal: garantizar que los documentos cumplan con los est\u00e1ndares y requisitos legales regionales.<\/p><\/li><li><p>Credibilidad de marca: presentar su negocio de manera profesional ante audiencias de habla sueca.<\/p><\/li><\/ul>\t\t\t\t\t\t\t\t<\/div>\n\t\t\t\t<div class=\"elementor-element elementor-element-9ff65f4 elementor-widget elementor-widget-heading\" data-id=\"9ff65f4\" data-element_type=\"widget\" data-e-type=\"widget\" data-widget_type=\"heading.default\">\n\t\t\t\t\t<h3 class=\"elementor-heading-title elementor-size-default\">Servicios de traducci\u00f3n al sueco optimizados para SEO<\/h3>\t\t\t\t<\/div>\n\t\t\t\t<div class=\"elementor-element elementor-element-65e337c elementor-widget elementor-widget-text-editor\" data-id=\"65e337c\" data-element_type=\"widget\" data-e-type=\"widget\" data-widget_type=\"text-editor.default\">\n\t\t\t\t\t\t\t\t\t<p>Nuestras traducciones est\u00e1n dise\u00f1adas con las mejores pr\u00e1cticas de SEO para mejorar su visibilidad en l\u00ednea:<\/p><ul><li><p>Palabras clave localizadas: incorporaci\u00f3n de t\u00e9rminos de b\u00fasqueda espec\u00edficos de la regi\u00f3n para mejorar las clasificaciones.\u00a0<\/p><\/li><li><p>Optimizaci\u00f3n de metaetiquetas: traducci\u00f3n y optimizaci\u00f3n de meta descripciones y t\u00edtulos para obtener mejores tasas de clics.\u00a0<\/p><\/li><li><p>URL f\u00e1ciles de usar: creaci\u00f3n de URL que sean legibles y relevantes en sueco.<\/p><\/li><\/ul>\t\t\t\t\t\t\t\t<\/div>\n\t\t\t\t<div class=\"elementor-element elementor-element-d3ff112 elementor-widget elementor-widget-heading\" data-id=\"d3ff112\" data-element_type=\"widget\" data-e-type=\"widget\" data-widget_type=\"heading.default\">\n\t\t\t\t\t<h3 class=\"elementor-heading-title elementor-size-default\">Obtenga un presupuesto gratuito para servicios de traducci\u00f3n al sueco<\/h3>\t\t\t\t<\/div>\n\t\t\t\t<div class=\"elementor-element elementor-element-4580b07 elementor-widget elementor-widget-text-editor\" data-id=\"4580b07\" data-element_type=\"widget\" data-e-type=\"widget\" data-widget_type=\"text-editor.default\">\n\t\t\t\t\t\t\t\t\t<p>\u00bfNecesita servicios profesionales de traducci\u00f3n al sueco? <a href=\"https:\/\/lsa-global.com\/es\/obtenga-una-cotizacion-gratuita-de-lsa-global\/\"><strong><span style=\"color: #333399;\">Cont\u00e1ctanos hoy para una cotizaci\u00f3n gratuita.<\/span><\/strong><\/a> Garantizamos traducciones r\u00e1pidas, precisas y confidenciales para todas sus necesidades.<\/p>\t\t\t\t\t\t\t\t<\/div>\n\t\t\t\t<div class=\"elementor-element elementor-element-dfe0794 elementor-widget elementor-widget-heading\" data-id=\"dfe0794\" data-element_type=\"widget\" data-e-type=\"widget\" data-widget_type=\"heading.default\">\n\t\t\t\t\t<h2 class=\"elementor-heading-title elementor-size-default\">Yendo m\u00e1s all\u00e1<\/h2>\t\t\t\t<\/div>\n\t\t\t\t<div class=\"elementor-element elementor-element-29a93dc elementor-widget elementor-widget-text-editor\" data-id=\"29a93dc\" data-element_type=\"widget\" data-e-type=\"widget\" data-widget_type=\"text-editor.default\">\n\t\t\t\t\t\t\t\t\t<h5><a href=\"https:\/\/lsa-global.com\/es\/precios-y-condiciones-de-traduccion\/\"><span style=\"color: #ff0000;\">Planes de precios y m\u00e1s<\/span><\/a><\/h5>\t\t\t\t\t\t\t\t<\/div>\n\t\t\t\t<div class=\"elementor-element elementor-element-b12fc56 elementor-widget elementor-widget-text-editor\" data-id=\"b12fc56\" data-element_type=\"widget\" data-e-type=\"widget\" data-widget_type=\"text-editor.default\">\n\t\t\t\t\t\t\t\t\t<h5><a href=\"https:\/\/lsa-global.com\/es\/aprender-el-idioma-aleman\/\"><span style=\"color: #ff0000;\">Cotizaci\u00f3n gratuita<\/span><\/a><\/h5>\t\t\t\t\t\t\t\t<\/div>\n\t\t\t\t<div class=\"elementor-element elementor-element-602dd73 elementor-widget elementor-widget-text-editor\" data-id=\"602dd73\" data-element_type=\"widget\" data-e-type=\"widget\" data-widget_type=\"text-editor.default\">\n\t\t\t\t\t\t\t\t\t<h5><a href=\"https:\/\/lsaglobal-translate.co.uk\/services\/translation-services\/\" target=\"_blank\" rel=\"noopener\"><span style=\"color: #ff0000;\">Traducci\u00f3n Pro.<\/span><\/a><\/h5>\t\t\t\t\t\t\t\t<\/div>\n\t\t\t\t<div class=\"elementor-element elementor-element-e93d084 elementor-widget elementor-widget-image\" data-id=\"e93d084\" data-element_type=\"widget\" data-e-type=\"widget\" data-widget_type=\"image.default\">\n\t\t\t\t\t\t\t\t\t\t\t\t\t\t\t<img decoding=\"async\" data-attachment-id=\"44089\" data-permalink=\"https:\/\/lsa-global.com\/zh\/%e4%b8%93%e4%b8%9a%e7%91%9e%e5%85%b8%e8%af%ad%e7%bf%bb%e8%af%91%e6%9c%8d%e5%8a%a1%e5%87%86%e7%a1%ae\/swedish-2\/\" data-orig-file=\"https:\/\/i0.wp.com\/lsa-global.com\/wp-content\/uploads\/2025\/03\/Swedish-1.png?fit=2560%2C1600&amp;ssl=1\" data-orig-size=\"2560,1600\" data-comments-opened=\"0\" data-image-meta=\"{&quot;aperture&quot;:&quot;0&quot;,&quot;credit&quot;:&quot;&quot;,&quot;camera&quot;:&quot;&quot;,&quot;caption&quot;:&quot;&quot;,&quot;created_timestamp&quot;:&quot;0&quot;,&quot;copyright&quot;:&quot;&quot;,&quot;focal_length&quot;:&quot;0&quot;,&quot;iso&quot;:&quot;0&quot;,&quot;shutter_speed&quot;:&quot;0&quot;,&quot;title&quot;:&quot;&quot;,&quot;orientation&quot;:&quot;0&quot;}\" data-image-title=\"Swedish Translations Services\" data-image-description=\"&lt;p&gt; Swedish Translations Services&lt;\/p&gt;\" data-image-caption=\"\" data-medium-file=\"https:\/\/i0.wp.com\/lsa-global.com\/wp-content\/uploads\/2025\/03\/Swedish-1.png?fit=300%2C188&amp;ssl=1\" data-large-file=\"https:\/\/i0.wp.com\/lsa-global.com\/wp-content\/uploads\/2025\/03\/Swedish-1.png?fit=1024%2C640&amp;ssl=1\" width=\"300\" height=\"188\" src=\"https:\/\/i0.wp.com\/lsa-global.com\/wp-content\/uploads\/2025\/03\/Swedish-1.png?fit=300%2C188&amp;ssl=1\" class=\"attachment-medium size-medium wp-image-44089\" alt=\"Servicios de traducci\u00f3n al sueco\" srcset=\"https:\/\/i0.wp.com\/lsa-global.com\/wp-content\/uploads\/2025\/03\/Swedish-1.png?w=2560&amp;ssl=1 2560w, https:\/\/i0.wp.com\/lsa-global.com\/wp-content\/uploads\/2025\/03\/Swedish-1.png?resize=300%2C188&amp;ssl=1 300w, https:\/\/i0.wp.com\/lsa-global.com\/wp-content\/uploads\/2025\/03\/Swedish-1.png?resize=1024%2C640&amp;ssl=1 1024w, https:\/\/i0.wp.com\/lsa-global.com\/wp-content\/uploads\/2025\/03\/Swedish-1.png?resize=150%2C94&amp;ssl=1 150w, https:\/\/i0.wp.com\/lsa-global.com\/wp-content\/uploads\/2025\/03\/Swedish-1.png?resize=768%2C480&amp;ssl=1 768w, https:\/\/i0.wp.com\/lsa-global.com\/wp-content\/uploads\/2025\/03\/Swedish-1.png?resize=1536%2C960&amp;ssl=1 1536w, https:\/\/i0.wp.com\/lsa-global.com\/wp-content\/uploads\/2025\/03\/Swedish-1.png?resize=2048%2C1280&amp;ssl=1 2048w, https:\/\/i0.wp.com\/lsa-global.com\/wp-content\/uploads\/2025\/03\/Swedish-1.png?resize=18%2C12&amp;ssl=1 18w, https:\/\/i0.wp.com\/lsa-global.com\/wp-content\/uploads\/2025\/03\/Swedish-1.png?resize=370%2C231&amp;ssl=1 370w, https:\/\/i0.wp.com\/lsa-global.com\/wp-content\/uploads\/2025\/03\/Swedish-1.png?resize=760%2C475&amp;ssl=1 760w\" sizes=\"(max-width: 300px) 100vw, 300px\" title=\"\">\t\t\t\t\t\t\t\t\t\t\t\t\t\t\t<\/div>\n\t\t\t\t\t<\/div>\n\t\t\t\t<\/div>\n\t\t\t\t<\/div>","protected":false},"excerpt":{"rendered":"<p>Professional Swedish Translation Services \u2013 Accurate &amp; Certified Expert Swedish Translation Services for Businesses and Individuals Are you seeking high-quality&hellip;<\/p>","protected":false},"author":1,"featured_media":44089,"parent":0,"menu_order":0,"comment_status":"closed","ping_status":"closed","template":"","meta":{"jetpack_post_was_ever_published":false,"footnotes":""},"class_list":["post-43330","page","type-page","status-publish","has-post-thumbnail","hentry"],"jetpack_sharing_enabled":true,"jetpack_likes_enabled":true,"jetpack-related-posts":[],"jetpack_shortlink":"https:\/\/wp.me\/PerFda-bgS","_links":{"self":[{"href":"https:\/\/lsa-global.com\/es\/wp-json\/wp\/v2\/pages\/43330","targetHints":{"allow":["GET"]}}],"collection":[{"href":"https:\/\/lsa-global.com\/es\/wp-json\/wp\/v2\/pages"}],"about":[{"href":"https:\/\/lsa-global.com\/es\/wp-json\/wp\/v2\/types\/page"}],"author":[{"embeddable":true,"href":"https:\/\/lsa-global.com\/es\/wp-json\/wp\/v2\/users\/1"}],"replies":[{"embeddable":true,"href":"https:\/\/lsa-global.com\/es\/wp-json\/wp\/v2\/comments?post=43330"}],"version-history":[{"count":0,"href":"https:\/\/lsa-global.com\/es\/wp-json\/wp\/v2\/pages\/43330\/revisions"}],"wp:featuredmedia":[{"embeddable":true,"href":"https:\/\/lsa-global.com\/es\/wp-json\/wp\/v2\/media\/44089"}],"wp:attachment":[{"href":"https:\/\/lsa-global.com\/es\/wp-json\/wp\/v2\/media?parent=43330"}],"curies":[{"name":"wp","href":"https:\/\/api.w.org\/{rel}","templated":true}]}}