{"id":43290,"date":"2025-03-18T14:12:57","date_gmt":"2025-03-18T13:12:57","guid":{"rendered":"https:\/\/lsa-global.com\/?page_id=43290"},"modified":"2025-04-25T13:07:10","modified_gmt":"2025-04-25T12:07:10","slug":"servicios-profesionales-de-traduccion-al-esloveno","status":"publish","type":"page","link":"https:\/\/lsa-global.com\/es\/servicios-profesionales-de-traduccion-al-esloveno\/","title":{"rendered":"Servicios profesionales de traducci\u00f3n al esloveno: precisos y certificados"},"content":{"rendered":"<div data-elementor-type=\"wp-page\" data-elementor-id=\"43290\" class=\"elementor elementor-43290\" data-elementor-post-type=\"page\">\n\t\t\t\t<div class=\"elementor-element elementor-element-5b79227 e-flex e-con-boxed e-con e-parent\" data-id=\"5b79227\" data-element_type=\"container\" data-e-type=\"container\">\n\t\t\t\t\t<div class=\"e-con-inner\">\n\t\t\t\t<div class=\"elementor-element elementor-element-02788d0 elementor-widget elementor-widget-heading\" data-id=\"02788d0\" data-element_type=\"widget\" data-e-type=\"widget\" data-widget_type=\"heading.default\">\n\t\t\t\t\t<h2 class=\"elementor-heading-title elementor-size-default\">Servicios profesionales de traducci\u00f3n al esloveno: precisos y certificados<\/h2>\t\t\t\t<\/div>\n\t\t\t\t<div class=\"elementor-element elementor-element-ec95e52 elementor-widget elementor-widget-image\" data-id=\"ec95e52\" data-element_type=\"widget\" data-e-type=\"widget\" data-widget_type=\"image.default\">\n\t\t\t\t\t\t\t\t\t\t\t\t\t\t\t<img decoding=\"async\" data-attachment-id=\"43553\" data-permalink=\"https:\/\/lsa-global.com\/professional-slovenian-translation-services\/slovenian\/\" data-orig-file=\"https:\/\/i0.wp.com\/lsa-global.com\/wp-content\/uploads\/2025\/03\/Slovenian.png?fit=2560%2C1280&amp;ssl=1\" data-orig-size=\"2560,1280\" data-comments-opened=\"0\" data-image-meta=\"{&quot;aperture&quot;:&quot;0&quot;,&quot;credit&quot;:&quot;&quot;,&quot;camera&quot;:&quot;&quot;,&quot;caption&quot;:&quot;&quot;,&quot;created_timestamp&quot;:&quot;0&quot;,&quot;copyright&quot;:&quot;&quot;,&quot;focal_length&quot;:&quot;0&quot;,&quot;iso&quot;:&quot;0&quot;,&quot;shutter_speed&quot;:&quot;0&quot;,&quot;title&quot;:&quot;&quot;,&quot;orientation&quot;:&quot;0&quot;}\" data-image-title=\"Professional Slovenian Translations Services\" data-image-description=\"&lt;p&gt;Professional Slovenian Translations Services&lt;\/p&gt;\" data-image-caption=\"\" data-large-file=\"https:\/\/i0.wp.com\/lsa-global.com\/wp-content\/uploads\/2025\/03\/Slovenian.png?fit=1024%2C512&amp;ssl=1\" width=\"300\" height=\"150\" src=\"https:\/\/i0.wp.com\/lsa-global.com\/wp-content\/uploads\/2025\/03\/Slovenian.png?fit=300%2C150&amp;ssl=1\" class=\"attachment-medium size-medium wp-image-43553\" alt=\"Servicios profesionales de traducci\u00f3n al esloveno\" srcset=\"https:\/\/i0.wp.com\/lsa-global.com\/wp-content\/uploads\/2025\/03\/Slovenian.png?w=2560&amp;ssl=1 2560w, https:\/\/i0.wp.com\/lsa-global.com\/wp-content\/uploads\/2025\/03\/Slovenian.png?resize=300%2C150&amp;ssl=1 300w, https:\/\/i0.wp.com\/lsa-global.com\/wp-content\/uploads\/2025\/03\/Slovenian.png?resize=1024%2C512&amp;ssl=1 1024w, https:\/\/i0.wp.com\/lsa-global.com\/wp-content\/uploads\/2025\/03\/Slovenian.png?resize=150%2C75&amp;ssl=1 150w, https:\/\/i0.wp.com\/lsa-global.com\/wp-content\/uploads\/2025\/03\/Slovenian.png?resize=768%2C384&amp;ssl=1 768w, https:\/\/i0.wp.com\/lsa-global.com\/wp-content\/uploads\/2025\/03\/Slovenian.png?resize=1536%2C768&amp;ssl=1 1536w, https:\/\/i0.wp.com\/lsa-global.com\/wp-content\/uploads\/2025\/03\/Slovenian.png?resize=2048%2C1024&amp;ssl=1 2048w, https:\/\/i0.wp.com\/lsa-global.com\/wp-content\/uploads\/2025\/03\/Slovenian.png?resize=18%2C9&amp;ssl=1 18w, https:\/\/i0.wp.com\/lsa-global.com\/wp-content\/uploads\/2025\/03\/Slovenian.png?resize=370%2C185&amp;ssl=1 370w, https:\/\/i0.wp.com\/lsa-global.com\/wp-content\/uploads\/2025\/03\/Slovenian.png?resize=760%2C380&amp;ssl=1 760w, https:\/\/i0.wp.com\/lsa-global.com\/wp-content\/uploads\/2025\/03\/Slovenian.png?resize=805%2C400&amp;ssl=1 805w\" sizes=\"(max-width: 300px) 100vw, 300px\" title=\"\">\t\t\t\t\t\t\t\t\t\t\t\t\t\t\t<\/div>\n\t\t\t\t<div class=\"elementor-element elementor-element-8ce67be elementor-widget elementor-widget-heading\" data-id=\"8ce67be\" data-element_type=\"widget\" data-e-type=\"widget\" data-widget_type=\"heading.default\">\n\t\t\t\t\t<h3 class=\"elementor-heading-title elementor-size-default\">Servicios de traducci\u00f3n al esloveno para empresas y particulares<\/h3>\t\t\t\t<\/div>\n\t\t\t\t<div class=\"elementor-element elementor-element-5801803 elementor-widget elementor-widget-text-editor\" data-id=\"5801803\" data-element_type=\"widget\" data-e-type=\"widget\" data-widget_type=\"text-editor.default\">\n\t\t\t\t\t\t\t\t\t<p>\u00bfBusca servicios de traducci\u00f3n al esloveno de alta calidad? Nuestro equipo de traductores profesionales se especializa en ofrecer traducciones precisas y adaptadas a la cultura eslovena, adaptadas al p\u00fablico esloveno. Ofrecemos una amplia gama de servicios, que incluyen traducci\u00f3n de documentos, localizaci\u00f3n de sitios web, traducciones t\u00e9cnicas y m\u00e1s, para garantizar que su contenido conecte con su p\u00fablico objetivo.\u00a0<\/p>\t\t\t\t\t\t\t\t<\/div>\n\t\t\t\t<div class=\"elementor-element elementor-element-1d87cc1 elementor-widget elementor-widget-heading\" data-id=\"1d87cc1\" data-element_type=\"widget\" data-e-type=\"widget\" data-widget_type=\"heading.default\">\n\t\t\t\t\t<h3 class=\"elementor-heading-title elementor-size-default\">\u00bfPor qu\u00e9 elegir nuestros servicios de traducci\u00f3n al esloveno?<\/h3>\t\t\t\t<\/div>\n\t\t\t\t<div class=\"elementor-element elementor-element-ccd911f elementor-widget elementor-widget-text-editor\" data-id=\"ccd911f\" data-element_type=\"widget\" data-e-type=\"widget\" data-widget_type=\"text-editor.default\">\n\t\t\t\t\t\t\t\t\t<ul>\n<li>\n<p>Traductores nativos de esloveno: Nuestros traductores son hablantes nativos de esloveno con a\u00f1os de experiencia a tiempo completo, lo que garantiza traducciones precisas y apropiadas al contexto.\u00a0<\/p>\n<\/li>\n<li>\n<p>Traducciones Certificadas: Ofrecemos traducciones certificadas aceptadas por agencias gubernamentales e instituciones legales, garantizando el cumplimiento y la autenticidad.\u00a0<\/p>\n<\/li>\n<li>\n<p>Contenido optimizado para SEO: Nuestras traducciones incorporan las mejores pr\u00e1cticas de SEO, lo que ayuda a que su sitio web tenga una mejor clasificaci\u00f3n en motores de b\u00fasqueda como Google y Bing.\u00a0<\/p>\n<\/li>\n<li>\n<p>Entrega r\u00e1pida y precios competitivos: Entregamos traducciones de alta calidad con rapidez y a precios competitivos, cumpliendo con sus plazos y requisitos presupuestarios.\u00a0<\/p>\n<\/li>\n<li>\n<p>Experiencia en la industria: Nuestros traductores poseen conocimientos especializados en diversas industrias, incluidos los sectores legal, m\u00e9dico, t\u00e9cnico y comercial.<\/p>\n<\/li>\n<li>\n<p>Localizaci\u00f3n y adaptaci\u00f3n cultural<\/p>\n<p class=\"\" data-start=\"2229\" data-end=\"2486\">La traducci\u00f3n no se trata solo de palabras, sino tambi\u00e9n de significado, tono y relevancia cultural. Nuestros traductores de esloveno localizan el contenido para reflejar las preferencias, expectativas y costumbres de su p\u00fablico objetivo en Eslovenia. Esto es especialmente importante para:<\/p>\n<ul data-start=\"2488\" data-end=\"2623\">\n<li class=\"\" data-start=\"2488\" data-end=\"2511\">\n<p class=\"\" data-start=\"2490\" data-end=\"2511\">Materiales de marketing<\/p>\n<\/li>\n<li class=\"\" data-start=\"2512\" data-end=\"2533\">\n<p class=\"\" data-start=\"2514\" data-end=\"2533\">Sitios web y aplicaciones<\/p>\n<\/li>\n<li class=\"\" data-start=\"2534\" data-end=\"2575\">\n<p class=\"\" data-start=\"2536\" data-end=\"2575\">Descripciones de productos y manuales de usuario<\/p>\n<\/li>\n<li class=\"\" data-start=\"2576\" data-end=\"2623\">\n<p class=\"\" data-start=\"2578\" data-end=\"2623\">Contenido multimedia y mensajes en redes sociales<\/p>\n<\/li>\n<\/ul>\n<p class=\"\" data-start=\"2625\" data-end=\"2727\">Nos aseguramos de que su mensaje se sienta aut\u00e9ntico y natural en esloveno, sin importar el medio o la plataforma.<\/p>\n<\/li>\n<li>\n<p class=\"\" data-start=\"2625\" data-end=\"2727\">\u00a0Garant\u00eda de calidad rigurosa<\/p>\n<p class=\"\" data-start=\"2765\" data-end=\"2866\">Cada proyecto de traducci\u00f3n en LSA GLOBAL se somete a un exhaustivo proceso de control de calidad, que incluye:<\/p>\n<ul data-start=\"2868\" data-end=\"3028\">\n<li class=\"\" data-start=\"2868\" data-end=\"2914\">\n<p class=\"\" data-start=\"2870\" data-end=\"2914\">Traducci\u00f3n realizada por un ling\u00fcista nativo cualificado<\/p>\n<\/li>\n<li class=\"\" data-start=\"2915\" data-end=\"2955\">\n<p class=\"\" data-start=\"2917\" data-end=\"2955\">Edici\u00f3n y correcci\u00f3n independiente<\/p>\n<\/li>\n<li class=\"\" data-start=\"2956\" data-end=\"2990\">\n<p class=\"\" data-start=\"2958\" data-end=\"2990\">Comprobaciones de coherencia terminol\u00f3gica<\/p>\n<\/li>\n<li class=\"\" data-start=\"2991\" data-end=\"3028\">\n<p class=\"\" data-start=\"2993\" data-end=\"3028\">Formato final y revisi\u00f3n de calidad<\/p>\n<\/li>\n<\/ul>\n<p class=\"\" data-start=\"3030\" data-end=\"3153\">Este meticuloso proceso garantiza que todas las traducciones al esloveno sean precisas, consistentes y presentadas de forma profesional.<\/p>\n<\/li>\n<\/ul>\t\t\t\t\t\t\t\t<\/div>\n\t\t\t\t<div class=\"elementor-element elementor-element-be9dbb9 elementor-widget elementor-widget-heading\" data-id=\"be9dbb9\" data-element_type=\"widget\" data-e-type=\"widget\" data-widget_type=\"heading.default\">\n\t\t\t\t\t<h3 class=\"elementor-heading-title elementor-size-default\">Nuestros servicios de traducci\u00f3n al esloveno<\/h3>\t\t\t\t<\/div>\n\t\t\t\t<div class=\"elementor-element elementor-element-c088b14 elementor-widget elementor-widget-heading\" data-id=\"c088b14\" data-element_type=\"widget\" data-e-type=\"widget\" data-widget_type=\"heading.default\">\n\t\t\t\t\t<h5 class=\"elementor-heading-title elementor-size-default\">1. Traducci\u00f3n certificada de documentos<\/h5>\t\t\t\t<\/div>\n\t\t\t\t<div class=\"elementor-element elementor-element-856e272 elementor-widget elementor-widget-text-editor\" data-id=\"856e272\" data-element_type=\"widget\" data-e-type=\"widget\" data-widget_type=\"text-editor.default\">\n\t\t\t\t\t\t\t\t\t<p><span style=\"color: #0000ff; font-family: Roboto, sans-serif; font-size: 16px; font-weight: normal;\">Ofrecemos traducciones certificadas para una variedad de documentos, garantizando precisi\u00f3n y aceptaci\u00f3n por parte de entidades oficiales:<\/span><\/p>\n<ul>\n<li>\n<p>Documentos legales: contratos, acuerdos, documentos judiciales.<\/p>\n<\/li>\n<li>\n<p>Documentos Personales: Actas de nacimiento, actas de matrimonio, transcripciones acad\u00e9micas.<\/p>\n<\/li>\n<li>\n<p>Documentos Comerciales: Licencias, estados financieros, informes corporativos.<\/p>\n<\/li>\n<\/ul>\t\t\t\t\t\t\t\t<\/div>\n\t\t\t\t<div class=\"elementor-element elementor-element-f02531a elementor-widget elementor-widget-heading\" data-id=\"f02531a\" data-element_type=\"widget\" data-e-type=\"widget\" data-widget_type=\"heading.default\">\n\t\t\t\t\t<h5 class=\"elementor-heading-title elementor-size-default\">2. Localizaci\u00f3n de sitios web y aplicaciones<\/h5>\t\t\t\t<\/div>\n\t\t\t\t<div class=\"elementor-element elementor-element-cb03fe0 elementor-widget elementor-widget-text-editor\" data-id=\"cb03fe0\" data-element_type=\"widget\" data-e-type=\"widget\" data-widget_type=\"text-editor.default\">\n\t\t\t\t\t\t\t\t\t<p>Ampl\u00ede su presencia digital en los mercados de habla eslovena con nuestros servicios de localizaci\u00f3n:<\/p>\n<ul>\n<li>\n<p>Localizaci\u00f3n de sitios web: adaptaci\u00f3n del contenido de su sitio web para ajustarlo a los matices y preferencias culturales.<\/p>\n<\/li>\n<li>\n<p>Localizaci\u00f3n de aplicaciones: garantizamos que sus aplicaciones m\u00f3viles sean f\u00e1ciles de usar para los usuarios de habla eslovena.<\/p>\n<\/li>\n<li>\n<p>Optimizaci\u00f3n SEO: Implementaci\u00f3n de palabras clave localizadas y metaetiquetas para mejorar la b\u00fasqueda<\/p>\n<\/li>\n<\/ul>\t\t\t\t\t\t\t\t<\/div>\n\t\t\t\t<div class=\"elementor-element elementor-element-14e89d5 elementor-widget elementor-widget-heading\" data-id=\"14e89d5\" data-element_type=\"widget\" data-e-type=\"widget\" data-widget_type=\"heading.default\">\n\t\t\t\t\t<h5 class=\"elementor-heading-title elementor-size-default\">3. Traducciones t\u00e9cnicas y m\u00e9dicas<\/h5>\t\t\t\t<\/div>\n\t\t\t\t<div class=\"elementor-element elementor-element-ed0063f elementor-widget elementor-widget-text-editor\" data-id=\"ed0063f\" data-element_type=\"widget\" data-e-type=\"widget\" data-widget_type=\"text-editor.default\">\n\t\t\t\t\t\t\t\t\t<p>Nuestros expertos manejan documentos t\u00e9cnicos y m\u00e9dicos complejos con precisi\u00f3n:<\/p>\n<ul>\n<li>\n<p>Manuales T\u00e9cnicos: Gu\u00edas de usuario, manuales de productos, especificaciones t\u00e9cnicas.<\/p>\n<\/li>\n<li>\n<p>Documentos m\u00e9dicos: informes cl\u00ednicos, informaci\u00f3n farmac\u00e9utica, art\u00edculos de investigaci\u00f3n m\u00e9dica<\/p>\n<\/li>\n<\/ul>\t\t\t\t\t\t\t\t<\/div>\n\t\t\t\t<div class=\"elementor-element elementor-element-2a659f7 elementor-widget elementor-widget-heading\" data-id=\"2a659f7\" data-element_type=\"widget\" data-e-type=\"widget\" data-widget_type=\"heading.default\">\n\t\t\t\t\t<h5 class=\"elementor-heading-title elementor-size-default\">4. Traducciones comerciales y de marketing<\/h5>\t\t\t\t<\/div>\n\t\t\t\t<div class=\"elementor-element elementor-element-0c090c3 elementor-widget elementor-widget-text-editor\" data-id=\"0c090c3\" data-element_type=\"widget\" data-e-type=\"widget\" data-widget_type=\"text-editor.default\">\n\t\t\t\t\t\t\t\t\t<p>Comunique eficazmente el mensaje de su marca al p\u00fablico de habla eslovena:<\/p>\n<ul>\n<li>\n<p>Materiales de marketing: folletos, anuncios, comunicados de prensa.<\/p>\n<\/li>\n<li>\n<p>Comunicaciones empresariales: Presentaciones, correos electr\u00f3nicos, comunicaciones corporativas.<\/p>\n<\/li>\n<\/ul>\t\t\t\t\t\t\t\t<\/div>\n\t\t\t\t<div class=\"elementor-element elementor-element-a360402 elementor-widget elementor-widget-heading\" data-id=\"a360402\" data-element_type=\"widget\" data-e-type=\"widget\" data-widget_type=\"heading.default\">\n\t\t\t\t\t<h3 class=\"elementor-heading-title elementor-size-default\">Industrias a las que servimos<\/h3>\t\t\t\t<\/div>\n\t\t\t\t<div class=\"elementor-element elementor-element-5642a8c elementor-widget elementor-widget-text-editor\" data-id=\"5642a8c\" data-element_type=\"widget\" data-e-type=\"widget\" data-widget_type=\"text-editor.default\">\n\t\t\t\t\t\t\t\t\t<p>Atendemos a una amplia gama de industrias, que incluyen:<\/p>\n<ul>\n<li>\n<p>Legal y gubernamental: Ofrecemos traducciones para procedimientos legales y comunicaciones gubernamentales.<\/p>\n<\/li>\n<li>\n<p>Atenci\u00f3n m\u00e9dica y productos farmac\u00e9uticos: traducci\u00f3n de registros m\u00e9dicos, art\u00edculos de investigaci\u00f3n y documentos farmac\u00e9uticos.<\/p>\n<\/li>\n<li>\n<p>Tecnolog\u00eda y TI: localizaci\u00f3n de software, manuales de usuario y documentaci\u00f3n t\u00e9cnica.<\/p>\n<\/li>\n<li>\n<p>Finanzas y banca: Traducci\u00f3n de informes financieros, documentos de inversi\u00f3n y materiales bancarios<\/p>\n<\/li>\n<li>\n<p>Comercio electr\u00f3nico y venta minorista: localizaci\u00f3n de descripciones de productos, rese\u00f1as de clientes y contenido de marketing.\u00a0<\/p>\n<\/li>\n<\/ul>\t\t\t\t\t\t\t\t<\/div>\n\t\t\t\t<div class=\"elementor-element elementor-element-48a3b6c elementor-widget elementor-widget-heading\" data-id=\"48a3b6c\" data-element_type=\"widget\" data-e-type=\"widget\" data-widget_type=\"heading.default\">\n\t\t\t\t\t<h3 class=\"elementor-heading-title elementor-size-default\">Por qu\u00e9 es importante una traducci\u00f3n profesional al esloveno<\/h3>\t\t\t\t<\/div>\n\t\t\t\t\t<\/div>\n\t\t\t\t<\/div>\n\t\t<div class=\"elementor-element elementor-element-d632369 e-flex e-con-boxed e-con e-parent\" data-id=\"d632369\" data-element_type=\"container\" data-e-type=\"container\">\n\t\t\t\t\t<div class=\"e-con-inner\">\n\t\t\t\t<div class=\"elementor-element elementor-element-27209f3 elementor-widget elementor-widget-text-editor\" data-id=\"27209f3\" data-element_type=\"widget\" data-e-type=\"widget\" data-widget_type=\"text-editor.default\">\n\t\t\t\t\t\t\t\t\t<p><span style=\"color: #0000ff; font-family: Roboto, sans-serif; font-size: 16px;\">Millones de personas en todo el mundo hablan esloveno, lo que lo convierte en un idioma esencial para empresas y organizaciones que buscan conectar con el p\u00fablico eslovenohablante. La traducci\u00f3n profesional garantiza:<\/span><\/p>\n<ul>\n<li>\n<p>Relevancia cultural: traducciones precisas que resuenan con la cultura y las costumbres locales.<\/p>\n<\/li>\n<li>\n<p>Cumplimiento legal: garantizar que los documentos cumplan con los est\u00e1ndares y requisitos legales regionales.<\/p>\n<\/li>\n<li>\n<p>Credibilidad de marca: presentar su negocio de manera profesional ante audiencias de habla eslovena.<\/p>\n<\/li>\n<\/ul>\t\t\t\t\t\t\t\t<\/div>\n\t\t\t\t<div class=\"elementor-element elementor-element-338bcb0 elementor-widget elementor-widget-heading\" data-id=\"338bcb0\" data-element_type=\"widget\" data-e-type=\"widget\" data-widget_type=\"heading.default\">\n\t\t\t\t\t<h3 class=\"elementor-heading-title elementor-size-default\">Servicios de traducci\u00f3n al esloveno optimizados para SEO<\/h3>\t\t\t\t<\/div>\n\t\t\t\t<div class=\"elementor-element elementor-element-d3491aa elementor-widget elementor-widget-text-editor\" data-id=\"d3491aa\" data-element_type=\"widget\" data-e-type=\"widget\" data-widget_type=\"text-editor.default\">\n\t\t\t\t\t\t\t\t\t<p>Nuestras traducciones est\u00e1n dise\u00f1adas con las mejores pr\u00e1cticas de SEO para mejorar su visibilidad en l\u00ednea:<\/p>\n<ul>\n<li>\n<p>Palabras clave localizadas: incorporaci\u00f3n de t\u00e9rminos de b\u00fasqueda espec\u00edficos de la regi\u00f3n para mejorar las clasificaciones.<\/p>\n<\/li>\n<li>\n<p>Optimizaci\u00f3n de metaetiquetas: traducci\u00f3n y optimizaci\u00f3n de meta descripciones y t\u00edtulos para obtener mejores tasas de clics.<\/p>\n<\/li>\n<li>\n<p>URL f\u00e1ciles de usar: creaci\u00f3n de URL que sean legibles y relevantes en esloveno.\u00a0<\/p>\n<\/li>\n<\/ul>\t\t\t\t\t\t\t\t<\/div>\n\t\t\t\t<div class=\"elementor-element elementor-element-8974ce6 elementor-widget elementor-widget-heading\" data-id=\"8974ce6\" data-element_type=\"widget\" data-e-type=\"widget\" data-widget_type=\"heading.default\">\n\t\t\t\t\t<h3 class=\"elementor-heading-title elementor-size-default\">Obtenga un presupuesto gratuito para servicios de traducci\u00f3n al esloveno<\/h3>\t\t\t\t<\/div>\n\t\t\t\t<div class=\"elementor-element elementor-element-7223382 elementor-widget elementor-widget-text-editor\" data-id=\"7223382\" data-element_type=\"widget\" data-e-type=\"widget\" data-widget_type=\"text-editor.default\">\n\t\t\t\t\t\t\t\t\t<p>\u00bfNecesita servicios profesionales de traducci\u00f3n al esloveno? <a href=\"https:\/\/lsa-global.com\/es\/obtenga-una-cotizacion-gratuita-de-lsa-global\/\"><strong><span style=\"color: #000080;\">Cont\u00e1ctanos hoy para una cotizaci\u00f3n gratuita.<\/span><\/strong><\/a> Garantizamos traducciones r\u00e1pidas, precisas y confidenciales para todas sus necesidades.<\/p>\t\t\t\t\t\t\t\t<\/div>\n\t\t\t\t<div class=\"elementor-element elementor-element-726eff2 elementor-widget elementor-widget-heading\" data-id=\"726eff2\" data-element_type=\"widget\" data-e-type=\"widget\" data-widget_type=\"heading.default\">\n\t\t\t\t\t<h2 class=\"elementor-heading-title elementor-size-default\">Yendo m\u00e1s all\u00e1<\/h2>\t\t\t\t<\/div>\n\t\t\t\t<div class=\"elementor-element elementor-element-9dd1023 elementor-widget elementor-widget-text-editor\" data-id=\"9dd1023\" data-element_type=\"widget\" data-e-type=\"widget\" data-widget_type=\"text-editor.default\">\n\t\t\t\t\t\t\t\t\t<h5><a href=\"https:\/\/lsa-global.com\/es\/precios-y-condiciones-de-traduccion\/\"><span style=\"color: #ff0000;\">Planes de precios y m\u00e1s<\/span><\/a><\/h5>\t\t\t\t\t\t\t\t<\/div>\n\t\t\t\t<div class=\"elementor-element elementor-element-cc85090 elementor-widget elementor-widget-text-editor\" data-id=\"cc85090\" data-element_type=\"widget\" data-e-type=\"widget\" data-widget_type=\"text-editor.default\">\n\t\t\t\t\t\t\t\t\t<h5><a href=\"https:\/\/lsa-global.com\/es\/aprender-el-idioma-aleman\/\"><span style=\"color: #ff0000;\">Cotizaci\u00f3n gratuita<\/span><\/a><\/h5>\t\t\t\t\t\t\t\t<\/div>\n\t\t\t\t<div class=\"elementor-element elementor-element-a1026ff elementor-widget elementor-widget-text-editor\" data-id=\"a1026ff\" data-element_type=\"widget\" data-e-type=\"widget\" data-widget_type=\"text-editor.default\">\n\t\t\t\t\t\t\t\t\t<h5><a href=\"https:\/\/lsaglobal-translate.co.uk\/services\/translation-services\/\" target=\"_blank\" rel=\"noopener\"><span style=\"color: #ff0000;\">Traducci\u00f3n Pro.<\/span><\/a><\/h5>\t\t\t\t\t\t\t\t<\/div>\n\t\t\t\t<div class=\"elementor-element elementor-element-4b72036 elementor-widget elementor-widget-image\" data-id=\"4b72036\" data-element_type=\"widget\" data-e-type=\"widget\" data-widget_type=\"image.default\">\n\t\t\t\t\t\t\t\t\t\t\t\t\t\t\t<img decoding=\"async\" data-attachment-id=\"43553\" data-permalink=\"https:\/\/lsa-global.com\/professional-slovenian-translation-services\/slovenian\/\" data-orig-file=\"https:\/\/i0.wp.com\/lsa-global.com\/wp-content\/uploads\/2025\/03\/Slovenian.png?fit=2560%2C1280&amp;ssl=1\" data-orig-size=\"2560,1280\" data-comments-opened=\"0\" data-image-meta=\"{&quot;aperture&quot;:&quot;0&quot;,&quot;credit&quot;:&quot;&quot;,&quot;camera&quot;:&quot;&quot;,&quot;caption&quot;:&quot;&quot;,&quot;created_timestamp&quot;:&quot;0&quot;,&quot;copyright&quot;:&quot;&quot;,&quot;focal_length&quot;:&quot;0&quot;,&quot;iso&quot;:&quot;0&quot;,&quot;shutter_speed&quot;:&quot;0&quot;,&quot;title&quot;:&quot;&quot;,&quot;orientation&quot;:&quot;0&quot;}\" data-image-title=\"Professional Slovenian Translations Services\" data-image-description=\"&lt;p&gt;Professional Slovenian Translations Services&lt;\/p&gt;\" data-image-caption=\"\" data-large-file=\"https:\/\/i0.wp.com\/lsa-global.com\/wp-content\/uploads\/2025\/03\/Slovenian.png?fit=1024%2C512&amp;ssl=1\" width=\"300\" height=\"150\" src=\"https:\/\/i0.wp.com\/lsa-global.com\/wp-content\/uploads\/2025\/03\/Slovenian.png?fit=300%2C150&amp;ssl=1\" class=\"attachment-medium size-medium wp-image-43553\" alt=\"Servicios profesionales de traducci\u00f3n al esloveno\" srcset=\"https:\/\/i0.wp.com\/lsa-global.com\/wp-content\/uploads\/2025\/03\/Slovenian.png?w=2560&amp;ssl=1 2560w, https:\/\/i0.wp.com\/lsa-global.com\/wp-content\/uploads\/2025\/03\/Slovenian.png?resize=300%2C150&amp;ssl=1 300w, https:\/\/i0.wp.com\/lsa-global.com\/wp-content\/uploads\/2025\/03\/Slovenian.png?resize=1024%2C512&amp;ssl=1 1024w, https:\/\/i0.wp.com\/lsa-global.com\/wp-content\/uploads\/2025\/03\/Slovenian.png?resize=150%2C75&amp;ssl=1 150w, https:\/\/i0.wp.com\/lsa-global.com\/wp-content\/uploads\/2025\/03\/Slovenian.png?resize=768%2C384&amp;ssl=1 768w, https:\/\/i0.wp.com\/lsa-global.com\/wp-content\/uploads\/2025\/03\/Slovenian.png?resize=1536%2C768&amp;ssl=1 1536w, https:\/\/i0.wp.com\/lsa-global.com\/wp-content\/uploads\/2025\/03\/Slovenian.png?resize=2048%2C1024&amp;ssl=1 2048w, https:\/\/i0.wp.com\/lsa-global.com\/wp-content\/uploads\/2025\/03\/Slovenian.png?resize=18%2C9&amp;ssl=1 18w, https:\/\/i0.wp.com\/lsa-global.com\/wp-content\/uploads\/2025\/03\/Slovenian.png?resize=370%2C185&amp;ssl=1 370w, https:\/\/i0.wp.com\/lsa-global.com\/wp-content\/uploads\/2025\/03\/Slovenian.png?resize=760%2C380&amp;ssl=1 760w, https:\/\/i0.wp.com\/lsa-global.com\/wp-content\/uploads\/2025\/03\/Slovenian.png?resize=805%2C400&amp;ssl=1 805w\" sizes=\"(max-width: 300px) 100vw, 300px\" title=\"\">\t\t\t\t\t\t\t\t\t\t\t\t\t\t\t<\/div>\n\t\t\t\t\t<\/div>\n\t\t\t\t<\/div>\n\t\t\t\t<\/div>","protected":false},"excerpt":{"rendered":"<p>Professional Slovenian Translation Services \u2013 Accurate and Certified Expert Slovenian Translation Services for Businesses and Individuals Are you seeking high-quality&hellip;<\/p>","protected":false},"author":1,"featured_media":44092,"parent":0,"menu_order":0,"comment_status":"closed","ping_status":"closed","template":"","meta":{"jetpack_post_was_ever_published":false,"footnotes":""},"class_list":["post-43290","page","type-page","status-publish","has-post-thumbnail","hentry"],"jetpack_sharing_enabled":true,"jetpack_likes_enabled":true,"jetpack-related-posts":[],"jetpack_shortlink":"https:\/\/wp.me\/PerFda-bge","_links":{"self":[{"href":"https:\/\/lsa-global.com\/es\/wp-json\/wp\/v2\/pages\/43290","targetHints":{"allow":["GET"]}}],"collection":[{"href":"https:\/\/lsa-global.com\/es\/wp-json\/wp\/v2\/pages"}],"about":[{"href":"https:\/\/lsa-global.com\/es\/wp-json\/wp\/v2\/types\/page"}],"author":[{"embeddable":true,"href":"https:\/\/lsa-global.com\/es\/wp-json\/wp\/v2\/users\/1"}],"replies":[{"embeddable":true,"href":"https:\/\/lsa-global.com\/es\/wp-json\/wp\/v2\/comments?post=43290"}],"version-history":[{"count":0,"href":"https:\/\/lsa-global.com\/es\/wp-json\/wp\/v2\/pages\/43290\/revisions"}],"wp:featuredmedia":[{"embeddable":true,"href":"https:\/\/lsa-global.com\/es\/wp-json\/wp\/v2\/media\/44092"}],"wp:attachment":[{"href":"https:\/\/lsa-global.com\/es\/wp-json\/wp\/v2\/media?parent=43290"}],"curies":[{"name":"wp","href":"https:\/\/api.w.org\/{rel}","templated":true}]}}