{"id":41860,"date":"2024-09-05T19:38:14","date_gmt":"2024-09-05T18:38:14","guid":{"rendered":"https:\/\/lsa-global.com\/?page_id=41860"},"modified":"2025-04-23T14:38:35","modified_gmt":"2025-04-23T13:38:35","slug":"experiencia-en-servicios-de-traduccion-intersectoriales","status":"publish","type":"page","link":"https:\/\/lsa-global.com\/es\/experiencia-en-servicios-de-traduccion-intersectoriales\/","title":{"rendered":"Experiencia en servicios de traducci\u00f3n intersectoriales: excelente y precisa"},"content":{"rendered":"<div data-elementor-type=\"wp-page\" data-elementor-id=\"41860\" class=\"elementor elementor-41860\" data-elementor-post-type=\"page\">\n\t\t\t\t<div class=\"elementor-element elementor-element-5bbeb3ac e-flex e-con-boxed e-con e-parent\" data-id=\"5bbeb3ac\" data-element_type=\"container\" data-e-type=\"container\">\n\t\t\t\t\t<div class=\"e-con-inner\">\n\t\t\t\t<div class=\"elementor-element elementor-element-17eb75a2 elementor-widget elementor-widget-text-editor\" data-id=\"17eb75a2\" data-element_type=\"widget\" data-e-type=\"widget\" data-widget_type=\"text-editor.default\">\n\t\t\t\t\t\t\t\t\t\n<p>Experiencia en servicios de traducci\u00f3n intersectoriales<\/p>\n\n<p>\u00a0<\/p>\n\n<p>La experiencia en servicios de traducci\u00f3n intersectoriales es crucial en el panorama empresarial globalizado actual. Con la creciente necesidad de una comunicaci\u00f3n eficaz entre diferentes industrias y culturas, las organizaciones requieren soluciones ling\u00fc\u00edsticas integrales que se adapten a sus requisitos espec\u00edficos. Nuestro equipo de traductores altamente calificados posee una amplia experiencia en una amplia gama de industrias, lo que garantiza traducciones precisas y culturalmente apropiadas en varios sectores, como finanzas, tecnolog\u00eda, atenci\u00f3n m\u00e9dica, legal y m\u00e1s.<\/p>\n\n<p>Al comprender a fondo los matices y las complejidades de cada industria, garantizamos traducciones precisas y contextualmente relevantes que mantienen el profesionalismo y la credibilidad de su contenido. Conf\u00ede en nuestra experiencia en servicios de traducci\u00f3n intersectoriales para superar las barreras ling\u00fc\u00edsticas y facilitar una comunicaci\u00f3n fluida en un mundo cada vez m\u00e1s interconectado.<\/p>\n\n<p>Nuestro equipo de traductores expertos tiene experiencia en la entrega de traducciones de alta calidad en diversas industrias. Comprendemos la importancia de una comunicaci\u00f3n precisa y culturalmente sensible en el entorno empresarial global actual. Ya sea que se trate de finanzas, tecnolog\u00eda, atenci\u00f3n m\u00e9dica, legal u otros sectores, garantizamos traducciones precisas y adecuadas al contexto.<\/p>\n\n<p>With our cross-industry translation services, you can confidently bridge language barriers and facilitate seamless communication in an interconnected world. Our precise and contextually relevant translations uphold the professionalism and credibility of your content across various industries. Trust our expertise to <span style=\"color: #000000;\">overcome language barriers and enable seamless communication in an interconnected world.<\/span><\/p>\n<p><span style=\"color: #000000;\"><\/span><\/p>\n<p><span style=\"color: #000000;\">Nuestro equipo de traductores experimentados ofrece traducciones de alta calidad en los sectores financiero, tecnol\u00f3gico, sanitario, jur\u00eddico y otros. Comprendemos la importancia de una comunicaci\u00f3n precisa y culturalmente sensible en el entorno empresarial global actual. Con nuestros servicios de traducci\u00f3n intersectoriales, supere con confianza las diferencias ling\u00fc\u00edsticas y facilite una comunicaci\u00f3n fluida.<\/span><\/p>\n<p><span style=\"color: #000000;\"><\/span><\/p>\n<p><span style=\"color: #000000;\">Al igual que cualquier otra agencia de traducci\u00f3n profesional, tenemos nuestras propias especialidades sectoriales. LSA.GLOBAL tambi\u00e9n cubre una amplia gama de industrias y nichos de mercado.<\/span><\/p>\n<p><span style=\"color: #000000;\"><\/span><\/p>\n<p><span style=\"color: #000000;\">Amplia experiencia en traducci\u00f3n en una variedad de campos.<\/span><br \/><span style=\"color: #000000;\">Nuestra amplia experiencia y conocimientos en diversos sectores empresariales complejos, desde ingenier\u00eda y finanzas hasta medios de comunicaci\u00f3n y viajes, nos han permitido destacarnos tambi\u00e9n en muchos otros. Sin importar el sector, aplicamos constantemente un enfoque riguroso en todo lo que hacemos, ya sea en el sector automotriz, legal, editorial, minorista o cualquier otro. Tenemos un profundo conocimiento de su negocio y estamos comprometidos a brindarle los servicios de traducci\u00f3n de alta calidad necesarios para su \u00e9xito en los mercados internacionales.<\/span><\/p>\n<p><span style=\"color: #000000;\"><\/span><\/p>\n<p><span style=\"color: #000000;\">Flexible translation services.<\/span><br \/><span style=\"color: #000000;\">Contamos con una amplia gama de habilidades y capacidades. Ya sea que necesite traducci\u00f3n multiling\u00fce, transcreaci\u00f3n, localizaci\u00f3n o trabajo art\u00edstico, lo tenemos cubierto. La precisi\u00f3n est\u00e1 garantizada para cualquier idioma y cualquier tipo de proyecto, ya sea digital o impreso. Podemos eliminar las barreras ling\u00fc\u00edsticas que su empresa encuentra en cualquier sector y en cualquier pa\u00eds. Todo lo que necesita es la agencia de traducci\u00f3n perfecta.<\/span><\/p>\n<p><span style=\"color: #000000;\"><\/span><\/p>\n<p><span style=\"color: #000000;\">Contamos con la experiencia para ayudarle con:<\/span><br \/><span style=\"color: #000000;\">\u2013 Campa\u00f1as publicitarias<\/span><br \/><span style=\"color: #000000;\">\u2013 Informaci\u00f3n cl\u00ednica Documentaci\u00f3n para ensayos cl\u00ednicos<\/span><br \/><span style=\"color: #000000;\">\u2013 Gu\u00edas para consumidores<\/span><br \/><span style=\"color: #000000;\">\u2013 Presentaciones<\/span><br \/><span style=\"color: #000000;\">\u2013 Venta minorista en l\u00ednea<\/span><br \/><span style=\"color: #000000;\">\u2013 Aprendizaje en l\u00ednea<\/span><br \/><span style=\"color: #000000;\">\u2013 Instrucciones de uso<\/span><br \/><span style=\"color: #000000;\">\u2013 Comunicaciones internas<\/span><br \/><span style=\"color: #000000;\">\u2013 Manuales de instrucciones y revistas acad\u00e9micas<\/span><br \/><span style=\"color: #000000;\">\u2013 Fluidez en varios idiomas Marketing de motores de b\u00fasqueda (SEM)<\/span><br \/><span style=\"color: #000000;\">\u2013 Monograf\u00edas<\/span><br \/><span style=\"color: #000000;\">\u2013 Embalaje<\/span><br \/><span style=\"color: #000000;\">\u2013 Anuncios a los medios de comunicaci\u00f3n<\/span><br \/><span style=\"color: #000000;\">\u2013 Campa\u00f1as de informaci\u00f3n p\u00fablica<\/span><br \/><span style=\"color: #000000;\">\u2013 Archivos de registro<\/span><br \/><span style=\"color: #000000;\">\u2013 Tr\u00e1mites reglamentarios<\/span><br \/><span style=\"color: #000000;\">\u2013 Informes<\/span><br \/><span style=\"color: #000000;\">\u2013 Art\u00edculos de investigaci\u00f3n acad\u00e9mica<\/span><br \/><span style=\"color: #000000;\">\u2013 Redes sociales y blogs<\/span><br \/><span style=\"color: #000000;\">\u2013 Software para subtitulado y locuci\u00f3n en off<\/span><br \/><span style=\"color: #000000;\">\u2013 Libros de texto<\/span><br \/><span style=\"color: #000000;\">\u2013 Avisos de precauci\u00f3n<\/span><br \/><span style=\"color: #000000;\">\u2013 Sitios web<\/span><br \/><span style=\"color: #000000;\">\u2013 Libros blancos.<\/span><\/p>\n<p><span style=\"color: #000000;\"><\/span><\/p>\n<p><span style=\"color: #000000;\">En conclusi\u00f3n, los servicios de traducci\u00f3n intersectorial desempe\u00f1an un papel fundamental a la hora de mejorar la comunicaci\u00f3n y la comprensi\u00f3n entre diversos sectores. Desde la creaci\u00f3n de campa\u00f1as publicitarias atractivas hasta la garant\u00eda de claridad en la documentaci\u00f3n de ensayos cl\u00ednicos, estos servicios salvan las brechas ling\u00fc\u00edsticas y culturales. Son esenciales para crear gu\u00edas informativas para los consumidores, ofrecer presentaciones impactantes y respaldar las iniciativas de aprendizaje y venta minorista en l\u00ednea.<\/span><\/p>\n<p><span style=\"color: #000000;\"><\/span><\/p>\n<p><span style=\"color: #000000;\">Adem\u00e1s, las traducciones eficaces de las pautas de uso, las comunicaciones internas y los manuales de instrucciones contribuyen a la eficiencia operativa y la difusi\u00f3n del conocimiento. La capacidad de navegar con fluidez en varios idiomas permite a las organizaciones optimizar las estrategias de marketing en motores de b\u00fasqueda, publicar monograf\u00edas acad\u00e9micas y producir paquetes y anuncios de prensa precisos. En \u00faltima instancia, los servicios de traducci\u00f3n intersectoriales no solo facilitan las campa\u00f1as de informaci\u00f3n p\u00fablica y la gesti\u00f3n de archivos de registro, sino que tambi\u00e9n fomentan una comunidad global m\u00e1s interconectada, lo que hace que la traducci\u00f3n experta sea indispensable en el panorama multifac\u00e9tico de hoy.<\/span><\/p>\n\t\t\t\t\t\t\t\t<\/div>\n\t\t\t\t<div class=\"elementor-element elementor-element-6f1c86c elementor-widget elementor-widget-heading\" data-id=\"6f1c86c\" data-element_type=\"widget\" data-e-type=\"widget\" data-widget_type=\"heading.default\">\n\t\t\t\t\t<h3 class=\"elementor-heading-title elementor-size-default\">Yendo m\u00e1s all\u00e1<\/h3>\t\t\t\t<\/div>\n\t\t\t\t<div class=\"elementor-element elementor-element-a0ab4c8 elementor-widget elementor-widget-text-editor\" data-id=\"a0ab4c8\" data-element_type=\"widget\" data-e-type=\"widget\" data-widget_type=\"text-editor.default\">\n\t\t\t\t\t\t\t\t\t<h5><a href=\"https:\/\/lsa-global.com\/es\/aprender-el-idioma-aleman\/\"><span style=\"color: #ff0000;\">Cotizaci\u00f3n gratuita<\/span><\/a><\/h5>\t\t\t\t\t\t\t\t<\/div>\n\t\t\t\t<div class=\"elementor-element elementor-element-60424aa elementor-widget elementor-widget-text-editor\" data-id=\"60424aa\" data-element_type=\"widget\" data-e-type=\"widget\" data-widget_type=\"text-editor.default\">\n\t\t\t\t\t\t\t\t\t<h5><a href=\"https:\/\/lsa-global.com\/es\/publicaciones\/\"><span style=\"color: #ff0000;\">M\u00e1s publicaciones<\/span><\/a><\/h5>\t\t\t\t\t\t\t\t<\/div>\n\t\t\t\t<div class=\"elementor-element elementor-element-9c1ba53 elementor-widget elementor-widget-text-editor\" data-id=\"9c1ba53\" data-element_type=\"widget\" data-e-type=\"widget\" data-widget_type=\"text-editor.default\">\n\t\t\t\t\t\t\t\t\t<h5><a href=\"https:\/\/lsaglobal-translate.co.uk\/services\/translation-services\/\" target=\"_blank\" rel=\"noopener\"><span style=\"color: #ff0000;\">Traducci\u00f3n Pro.<\/span><\/a><\/h5>\t\t\t\t\t\t\t\t<\/div>\n\t\t\t\t\t<\/div>\n\t\t\t\t<\/div>\n\t\t\t\t<\/div>","protected":false},"excerpt":{"rendered":"<p>Cross-industry translation services expertise \u00a0 Cross-industry translation services expertise is crucial in today&#8217;s globalized business landscape. With the increasing need&hellip;<\/p>","protected":false},"author":1,"featured_media":36943,"parent":0,"menu_order":0,"comment_status":"closed","ping_status":"closed","template":"","meta":{"jetpack_post_was_ever_published":false,"footnotes":""},"class_list":["post-41860","page","type-page","status-publish","has-post-thumbnail","hentry"],"jetpack_sharing_enabled":true,"jetpack_likes_enabled":true,"jetpack-related-posts":[],"jetpack_shortlink":"https:\/\/wp.me\/PerFda-aTa","_links":{"self":[{"href":"https:\/\/lsa-global.com\/es\/wp-json\/wp\/v2\/pages\/41860","targetHints":{"allow":["GET"]}}],"collection":[{"href":"https:\/\/lsa-global.com\/es\/wp-json\/wp\/v2\/pages"}],"about":[{"href":"https:\/\/lsa-global.com\/es\/wp-json\/wp\/v2\/types\/page"}],"author":[{"embeddable":true,"href":"https:\/\/lsa-global.com\/es\/wp-json\/wp\/v2\/users\/1"}],"replies":[{"embeddable":true,"href":"https:\/\/lsa-global.com\/es\/wp-json\/wp\/v2\/comments?post=41860"}],"version-history":[{"count":0,"href":"https:\/\/lsa-global.com\/es\/wp-json\/wp\/v2\/pages\/41860\/revisions"}],"wp:featuredmedia":[{"embeddable":true,"href":"https:\/\/lsa-global.com\/es\/wp-json\/wp\/v2\/media\/36943"}],"wp:attachment":[{"href":"https:\/\/lsa-global.com\/es\/wp-json\/wp\/v2\/media?parent=41860"}],"curies":[{"name":"wp","href":"https:\/\/api.w.org\/{rel}","templated":true}]}}