{"id":41670,"date":"2024-09-04T19:18:20","date_gmt":"2024-09-04T18:18:20","guid":{"rendered":"https:\/\/lsa-global.com\/?page_id=41670"},"modified":"2025-04-25T15:38:10","modified_gmt":"2025-04-25T14:38:10","slug":"servicios-de-traduccion-de-ingenieria-y-fabricacion","status":"publish","type":"page","link":"https:\/\/lsa-global.com\/es\/servicios-de-traduccion-de-ingenieria-y-fabricacion\/","title":{"rendered":"Ingenier\u00eda y fabricaci\u00f3n"},"content":{"rendered":"<div data-elementor-type=\"wp-page\" data-elementor-id=\"41670\" class=\"elementor elementor-41670\" data-elementor-post-type=\"page\">\n\t\t\t\t<div class=\"elementor-element elementor-element-1f49a16d e-flex e-con-boxed e-con e-parent\" data-id=\"1f49a16d\" data-element_type=\"container\" data-e-type=\"container\">\n\t\t\t\t\t<div class=\"e-con-inner\">\n\t\t\t\t<div class=\"elementor-element elementor-element-6d6f764 elementor-widget elementor-widget-heading\" data-id=\"6d6f764\" data-element_type=\"widget\" data-e-type=\"widget\" data-widget_type=\"heading.default\">\n\t\t\t\t\t<h2 class=\"elementor-heading-title elementor-size-default\">Servicios ling\u00fc\u00edsticos de ingenier\u00eda y fabricaci\u00f3n<\/h2>\t\t\t\t<\/div>\n\t\t\t\t<div class=\"elementor-element elementor-element-d68a1d4 elementor-widget elementor-widget-heading\" data-id=\"d68a1d4\" data-element_type=\"widget\" data-e-type=\"widget\" data-widget_type=\"heading.default\">\n\t\t\t\t\t<h6 class=\"elementor-heading-title elementor-size-default\">Ingenier\u00eda y fabricaci\u00f3n<\/h6>\t\t\t\t<\/div>\n\t\t\t\t<div class=\"elementor-element elementor-element-b6dad13 elementor-widget elementor-widget-image\" data-id=\"b6dad13\" data-element_type=\"widget\" data-e-type=\"widget\" data-widget_type=\"image.default\">\n\t\t\t\t\t\t\t\t\t\t\t\t\t\t\t<img decoding=\"async\" data-attachment-id=\"41672\" data-permalink=\"https:\/\/lsa-global.com\/fr\/services-de-traduction-en-ingenierie-et-en-fabrication\/engineering-manufacturing-2\/\" data-orig-file=\"https:\/\/i0.wp.com\/lsa-global.com\/wp-content\/uploads\/2024\/09\/Engineering-Manufacturing-1.png?fit=310%2C162&amp;ssl=1\" data-orig-size=\"310,162\" data-comments-opened=\"0\" data-image-meta=\"{&quot;aperture&quot;:&quot;0&quot;,&quot;credit&quot;:&quot;&quot;,&quot;camera&quot;:&quot;&quot;,&quot;caption&quot;:&quot;&quot;,&quot;created_timestamp&quot;:&quot;0&quot;,&quot;copyright&quot;:&quot;&quot;,&quot;focal_length&quot;:&quot;0&quot;,&quot;iso&quot;:&quot;0&quot;,&quot;shutter_speed&quot;:&quot;0&quot;,&quot;title&quot;:&quot;&quot;,&quot;orientation&quot;:&quot;0&quot;}\" data-image-title=\"Engineering &amp;#038; Manufacturing\" data-image-description=\"\" data-image-caption=\"\" data-medium-file=\"https:\/\/i0.wp.com\/lsa-global.com\/wp-content\/uploads\/2024\/09\/Engineering-Manufacturing-1.png?fit=300%2C157&amp;ssl=1\" data-large-file=\"https:\/\/i0.wp.com\/lsa-global.com\/wp-content\/uploads\/2024\/09\/Engineering-Manufacturing-1.png?fit=310%2C162&amp;ssl=1\" width=\"300\" height=\"157\" src=\"https:\/\/i0.wp.com\/lsa-global.com\/wp-content\/uploads\/2024\/09\/Engineering-Manufacturing-1.png?fit=300%2C157&amp;ssl=1\" class=\"attachment-medium size-medium wp-image-41672\" alt=\"Engineering &amp; Manufacturing\" srcset=\"https:\/\/i0.wp.com\/lsa-global.com\/wp-content\/uploads\/2024\/09\/Engineering-Manufacturing-1.png?w=310&amp;ssl=1 310w, https:\/\/i0.wp.com\/lsa-global.com\/wp-content\/uploads\/2024\/09\/Engineering-Manufacturing-1.png?resize=300%2C157&amp;ssl=1 300w, https:\/\/i0.wp.com\/lsa-global.com\/wp-content\/uploads\/2024\/09\/Engineering-Manufacturing-1.png?resize=150%2C78&amp;ssl=1 150w\" sizes=\"(max-width: 300px) 100vw, 300px\" title=\"\">\t\t\t\t\t\t\t\t\t\t\t\t\t\t\t<\/div>\n\t\t\t\t<div class=\"elementor-element elementor-element-ecc77bf elementor-widget elementor-widget-text-editor\" data-id=\"ecc77bf\" data-element_type=\"widget\" data-e-type=\"widget\" data-widget_type=\"text-editor.default\">\n\t\t\t\t\t\t\t\t\t<p><span style=\"color: #0000ff;\">La precisi\u00f3n y la consistencia son fundamentales para las empresas de ingenier\u00eda y fabricaci\u00f3n. Esto aplica tanto a la traducci\u00f3n de documentos t\u00e9cnicos y materiales de ventas como al producto en s\u00ed.<\/span><\/p>\n<p><!-- \/wp:paragraph --><!-- wp:paragraph --><\/p>\n<p><strong><span style=\"color: #0000ff;\">Ingenieros que traducen t\u00e9rminos t\u00e9cnicos<\/span><\/strong><\/p>\n<p><!-- \/wp:paragraph --><!-- wp:paragraph --><\/p>\n<p><span style=\"color: #0000ff;\">Existen muchas palabras t\u00e9cnicas, frases y diferencias entre pa\u00edses en el lenguaje de la ingenier\u00eda y la fabricaci\u00f3n. Su traductor no podr\u00e1 ofrecerle la precisi\u00f3n que necesita si no las comprende todas. Por eso, los traductores de LSA.GLOBAL no solo son traductores profesionales del mismo pa\u00eds; tambi\u00e9n cuentan con la formaci\u00f3n y experiencia necesarias en su campo espec\u00edfico de ingenier\u00eda y fabricaci\u00f3n. Saben lo que traducen y lo hacen bien a la primera.<\/span><\/p>\n<p><!-- \/wp:paragraph --><!-- wp:paragraph --><\/p>\n<p><strong><span style=\"color: #0000ff;\">En tu estilo<\/span><\/strong><\/p>\n<p><!-- \/wp:paragraph --><!-- wp:paragraph --><\/p>\n<p><span style=\"color: #0000ff;\">Por supuesto, cada persona tiene su propio estilo de escritura, y es importante que su traducci\u00f3n de ingenier\u00eda o fabricaci\u00f3n se mantenga fiel a la voz global y la personalidad de su empresa, sin importar el idioma. Env\u00edenos un texto de muestra y le permitiremos elegir entre versiones de prueba realizadas por diferentes traductores profesionales de la red de LSA.GLOBAL Translation. Le ayudaremos a encontrar la opci\u00f3n ideal.<\/span><\/p>\n<p class=\"\" data-start=\"397\" data-end=\"448\"><strong><span style=\"color: #0000ff;\">Administre su portal LSA GLOBAL con confianza<\/span><\/strong><\/p>\n<p class=\"\" data-start=\"450\" data-end=\"730\"><span style=\"color: #0000ff;\">En LSA GLOBAL, comprendemos las necesidades ling\u00fc\u00edsticas \u00fanicas de las industrias de ingenier\u00eda y manufactura. Desde documentaci\u00f3n t\u00e9cnica compleja y protocolos de seguridad hasta materiales de capacitaci\u00f3n, manuales de cumplimiento normativo y especificaciones de productos, la precisi\u00f3n de los servicios ling\u00fc\u00edsticos es fundamental.<\/span><\/p>\n<p class=\"\" data-start=\"732\" data-end=\"985\"><span style=\"color: #0000ff;\">Ya sea que sea un fabricante que exporta a nivel mundial, una consultor\u00eda de ingenier\u00eda, un traductor t\u00e9cnico o un estudiante de idiomas especializado en sectores industriales, su cuenta privada en LSA GLOBAL es su centro de control para todo.<\/span><\/p>\n<p class=\"\" data-start=\"987\" data-end=\"1139\"><span style=\"color: #0000ff;\">Bienvenido al Portal de perfiles de ingenier\u00eda y fabricaci\u00f3n, un espacio creado para respaldar sus objetivos, garantizar la precisi\u00f3n e impulsar la claridad en todos los idiomas.<\/span><\/p>\n<p><strong><span style=\"color: #0000ff;\">Eficazmente<\/span><\/strong><\/p>\n<p><!-- \/wp:paragraph --><!-- wp:paragraph --><\/p>\n<p><span style=\"color: #0000ff;\">La calidad y la velocidad son fundamentales en el proceso de traducci\u00f3n, al igual que en cualquier otro trabajo de ingenier\u00eda o fabricaci\u00f3n. LSA.GLOBAL cuenta con la certificaci\u00f3n ISO 9001. La traducci\u00f3n de idiomas ahorra tiempo y reduce los costes. Los procesos de traducci\u00f3n seguros y eficientes optimizan la producci\u00f3n. Los diccionarios de t\u00e9rminos t\u00e9cnicos son cada vez m\u00e1s numerosos, y los registros de traducci\u00f3n din\u00e1micos mejoran constantemente el proceso. Como una m\u00e1quina bien engrasada.<\/span><\/p>\t\t\t\t\t\t\t\t<\/div>\n\t\t\t\t<div class=\"elementor-element elementor-element-6a6bc09 elementor-widget elementor-widget-heading\" data-id=\"6a6bc09\" data-element_type=\"widget\" data-e-type=\"widget\" data-widget_type=\"heading.default\">\n\t\t\t\t\t<h3 class=\"elementor-heading-title elementor-size-default\">Yendo m\u00e1s all\u00e1<\/h3>\t\t\t\t<\/div>\n\t\t\t\t<div class=\"elementor-element elementor-element-70ee437 elementor-widget elementor-widget-text-editor\" data-id=\"70ee437\" data-element_type=\"widget\" data-e-type=\"widget\" data-widget_type=\"text-editor.default\">\n\t\t\t\t\t\t\t\t\t<h5><a href=\"https:\/\/lsa-global.com\/es\/aprender-el-idioma-aleman\/\"><span style=\"color: #ff0000;\">Cotizaci\u00f3n gratuita<\/span><\/a><\/h5>\t\t\t\t\t\t\t\t<\/div>\n\t\t\t\t<div class=\"elementor-element elementor-element-5e2e700 elementor-widget elementor-widget-text-editor\" data-id=\"5e2e700\" data-element_type=\"widget\" data-e-type=\"widget\" data-widget_type=\"text-editor.default\">\n\t\t\t\t\t\t\t\t\t<h5><a href=\"https:\/\/lsa-global.com\/es\/publicaciones\/\"><span style=\"color: #ff0000;\">M\u00e1s publicaciones<\/span><\/a><\/h5>\t\t\t\t\t\t\t\t<\/div>\n\t\t\t\t<div class=\"elementor-element elementor-element-74540d1 elementor-widget elementor-widget-text-editor\" data-id=\"74540d1\" data-element_type=\"widget\" data-e-type=\"widget\" data-widget_type=\"text-editor.default\">\n\t\t\t\t\t\t\t\t\t<h5><a href=\"https:\/\/lsaglobal-translate.co.uk\/services\/translation-services\/\" target=\"_blank\" rel=\"noopener\"><span style=\"color: #ff0000;\">Traducci\u00f3n Pro.<\/span><\/a><\/h5>\t\t\t\t\t\t\t\t<\/div>\n\t\t\t\t\t<\/div>\n\t\t\t\t<\/div>\n\t\t\t\t<\/div>","protected":false},"excerpt":{"rendered":"<p>Engineering and Manufacturing Language Services Engineering and Manufacturing Precision and consistency are very important to engineering and manufacturing businesses. This&hellip;<\/p>","protected":false},"author":1,"featured_media":41672,"parent":0,"menu_order":0,"comment_status":"closed","ping_status":"closed","template":"","meta":{"jetpack_post_was_ever_published":false,"footnotes":""},"class_list":["post-41670","page","type-page","status-publish","has-post-thumbnail","hentry"],"jetpack_sharing_enabled":true,"jetpack_likes_enabled":true,"jetpack-related-posts":[],"jetpack_shortlink":"https:\/\/wp.me\/PerFda-aQ6","_links":{"self":[{"href":"https:\/\/lsa-global.com\/es\/wp-json\/wp\/v2\/pages\/41670","targetHints":{"allow":["GET"]}}],"collection":[{"href":"https:\/\/lsa-global.com\/es\/wp-json\/wp\/v2\/pages"}],"about":[{"href":"https:\/\/lsa-global.com\/es\/wp-json\/wp\/v2\/types\/page"}],"author":[{"embeddable":true,"href":"https:\/\/lsa-global.com\/es\/wp-json\/wp\/v2\/users\/1"}],"replies":[{"embeddable":true,"href":"https:\/\/lsa-global.com\/es\/wp-json\/wp\/v2\/comments?post=41670"}],"version-history":[{"count":0,"href":"https:\/\/lsa-global.com\/es\/wp-json\/wp\/v2\/pages\/41670\/revisions"}],"wp:featuredmedia":[{"embeddable":true,"href":"https:\/\/lsa-global.com\/es\/wp-json\/wp\/v2\/media\/41672"}],"wp:attachment":[{"href":"https:\/\/lsa-global.com\/es\/wp-json\/wp\/v2\/media?parent=41670"}],"curies":[{"name":"wp","href":"https:\/\/api.w.org\/{rel}","templated":true}]}}