{"id":36414,"date":"2024-04-04T20:57:52","date_gmt":"2024-04-04T19:57:52","guid":{"rendered":"https:\/\/lsa-global.com\/login\/"},"modified":"2025-06-24T18:35:45","modified_gmt":"2025-06-24T17:35:45","slug":"politica-de-cookies-de-lsa-global","status":"publish","type":"page","link":"https:\/\/lsa-global.com\/es\/politica-de-cookies-de-lsa-global\/","title":{"rendered":"Pol\u00edtica de cookies"},"content":{"rendered":"<div data-elementor-type=\"wp-page\" data-elementor-id=\"36414\" class=\"elementor elementor-36414\" data-elementor-post-type=\"page\">\n\t\t\t\t<div class=\"elementor-element elementor-element-200315b5 e-flex e-con-boxed e-con e-parent\" data-id=\"200315b5\" data-element_type=\"container\" data-e-type=\"container\">\n\t\t\t\t\t<div class=\"e-con-inner\">\n\t\t\t\t<div class=\"elementor-element elementor-element-30d9b183 elementor-widget elementor-widget-text-editor\" data-id=\"30d9b183\" data-element_type=\"widget\" data-e-type=\"widget\" data-widget_type=\"text-editor.default\">\n\t\t\t\t\t\t\t\t\t<div class=\"wp-block-image\">\n<figure class=\"aligncenter size-full\"><img fetchpriority=\"high\" decoding=\"async\" width=\"1024\" height=\"512\" data-attachment-id=\"36458\" data-permalink=\"https:\/\/lsa-global.com\/es\/politica-de-cookies-de-lsa-global\/cookie-policy-2\/\" data-orig-file=\"https:\/\/i0.wp.com\/lsa-global.com\/wp-content\/uploads\/2024\/04\/cookie-policy.jpg?fit=1024%2C512&amp;ssl=1\" data-orig-size=\"1024,512\" data-comments-opened=\"0\" data-image-meta=\"{&quot;aperture&quot;:&quot;0&quot;,&quot;credit&quot;:&quot;&quot;,&quot;camera&quot;:&quot;&quot;,&quot;caption&quot;:&quot;&quot;,&quot;created_timestamp&quot;:&quot;0&quot;,&quot;copyright&quot;:&quot;&quot;,&quot;focal_length&quot;:&quot;0&quot;,&quot;iso&quot;:&quot;0&quot;,&quot;shutter_speed&quot;:&quot;0&quot;,&quot;title&quot;:&quot;&quot;,&quot;orientation&quot;:&quot;1&quot;}\" data-image-title=\"cookie-policy\" data-image-description=\"&lt;p&gt;Cookie policy&lt;\/p&gt;\" data-image-caption=\"\" data-large-file=\"https:\/\/i0.wp.com\/lsa-global.com\/wp-content\/uploads\/2024\/04\/cookie-policy.jpg?fit=1024%2C512&amp;ssl=1\" data-recalc-dims=\"1\" class=\"wp-image-36458\" src=\"https:\/\/i0.wp.com\/lsa-global.com\/wp-content\/uploads\/2024\/04\/cookie-policy.jpg?w=1280&#038;ssl=1\" alt=\"Pol\u00edtica de cookies\" title=\"\" srcset=\"https:\/\/i0.wp.com\/lsa-global.com\/wp-content\/uploads\/2024\/04\/cookie-policy.jpg?w=1024&amp;ssl=1 1024w, https:\/\/i0.wp.com\/lsa-global.com\/wp-content\/uploads\/2024\/04\/cookie-policy.jpg?resize=300%2C150&amp;ssl=1 300w, https:\/\/i0.wp.com\/lsa-global.com\/wp-content\/uploads\/2024\/04\/cookie-policy.jpg?resize=150%2C75&amp;ssl=1 150w, https:\/\/i0.wp.com\/lsa-global.com\/wp-content\/uploads\/2024\/04\/cookie-policy.jpg?resize=768%2C384&amp;ssl=1 768w, https:\/\/i0.wp.com\/lsa-global.com\/wp-content\/uploads\/2024\/04\/cookie-policy.jpg?resize=370%2C185&amp;ssl=1 370w, https:\/\/i0.wp.com\/lsa-global.com\/wp-content\/uploads\/2024\/04\/cookie-policy.jpg?resize=760%2C380&amp;ssl=1 760w\" sizes=\"(max-width: 1024px) 100vw, 1024px\" \/><\/figure>\n<\/div>\n<p>Pol\u00edtica de cookies<\/p>\n\n<p>Actualizado el 6 de abril de 2024<\/p>\n\n<p>Pol\u00edtica de cookies: <strong>Definiciones y t\u00e9rminos clave<\/strong><\/p>\n\n<p>Para ayudar a explicar las cosas lo m\u00e1s claramente posible en esta Pol\u00edtica de Cookies, cada vez que se haga referencia a cualquiera de estos t\u00e9rminos, se definen estrictamente como:<\/p>\n\n<p>\u00a0 -Cookie:\u00a0small amount of data generated by a website and saved by your web browser. It is used to identify your browser, provide analytics, remember information about you such as your language preference or login information.<\/p>\n\n<p>\u00a0 -Empresa: cuando esta pol\u00edtica menciona \u201cEmpresa\u201d, \u201cnosotros\u201d, \u201cnos\u201d o \u201cnuestro\u201d, se refiere a LSA.GLOBAL Language Service Academy, que es responsable de su informaci\u00f3n bajo esta Pol\u00edtica de Cookies.<\/p>\n\n<p>\u00a0 -Device:\u00a0any internet connected device such as a phone, tablet, computer or any other device that can be used to visit LSA.GLOBAL Language Service Academy and use the services.<\/p>\n\n<p>\u00a0 -Datos Personales: cualquier informaci\u00f3n que, directa, indirectamente o en conexi\u00f3n con otra informaci\u00f3n \u2014incluido un n\u00famero de identificaci\u00f3n personal\u2014 permita identificar o identificar a una persona f\u00edsica.<\/p>\n\n<p>\u00a0 -Servicio: se refiere al servicio proporcionado por LSA.GLOBAL Language Service Academy tal como se describe en los t\u00e9rminos relativos (si est\u00e1n disponibles) y en esta plataforma.<\/p>\n\n<p>\u00a0 -Third-party service:\u00a0refers to advertisers, contest sponsors, promotional and marketing partners, and others who provide our content or whose products or services we think may interest you.<\/p>\n\n<p>\u00a0 - Sitio web: el sitio de LSA.GLOBAL Language Service Academy\u201d, al que se puede acceder a trav\u00e9s de esta URL: lsaglobal-translate.co.uk<\/p>\n\n<p>\u00a0 -Usted: una persona o entidad que est\u00e1 registrada en LSA.GLOBAL Language Service Academy para utilizar los Servicios.<\/p>\n\n<p>Pol\u00edtica de cookies: <strong>Introducci\u00f3n<\/strong><\/p>\n\n<p>Esta Pol\u00edtica de cookies explica c\u00f3mo LSA.GLOBAL Language Service Academy y sus afiliados (colectivamente \u201cLSA.GLOBAL Language Service Academy\u201d, \u201cnosotros\u201d, \u201cnos\u201d y \u201cnuestro\u201d) utilizan cookies y tecnolog\u00edas similares para reconocerlo cuando visita nuestro sitio web, incluido, entre otros, lsaglobal-translate.co.uk y cualquier URL relacionada, versiones m\u00f3viles o localizadas y dominios\/subdominios relacionados (\u201cSitios web\u201d). Explica qu\u00e9 son estas tecnolog\u00edas y por qu\u00e9 las usamos, as\u00ed como las opciones para controlarlas.<\/p>\n\n<p>\u00bfQu\u00e9 es una cookie?<\/p>\n\n<p>Una cookie es un peque\u00f1o archivo de texto que se almacena en su computadora u otro dispositivo conectado a Internet para identificar su navegador, proporcionar an\u00e1lisis y recordar informaci\u00f3n sobre usted, como su preferencia de idioma o informaci\u00f3n de inicio de sesi\u00f3n. Son completamente seguras y no se pueden utilizar para ejecutar programas ni enviar virus a su dispositivo.<\/p>\n\n<p><strong>\u00bfPor qu\u00e9 utilizamos cookies?<\/strong><\/p>\n\n<p>Utilizamos cookies propias y\/o de terceros en nuestro sitio web para diversos fines como:<\/p>\n\n<p>\u00a0 -Para facilitar el funcionamiento y funcionalidad de nuestro sitio web;<\/p>\n\n<p>\u00a0 -Para mejorar su experiencia en nuestro sitio web y hacer que la navegaci\u00f3n por los mismos sea m\u00e1s r\u00e1pida y sencilla;<\/p>\n\n<p>\u00a0 -Para permitirnos crear una experiencia de usuario personalizada para usted y para que podamos entender qu\u00e9 es \u00fatil o de su inter\u00e9s;<\/p>\n\n<p>\u00a0 -Para analizar c\u00f3mo se utiliza nuestro sitio web y cu\u00e1l es la mejor manera de personalizarlo;<\/p>\n\n<p>\u00a0 -Identificar prospectos futuros y personalizar las interacciones de marketing y ventas con ellos;<\/p>\n\n<p>\u00a0 -Para facilitar la adaptaci\u00f3n de la publicidad online a sus intereses.<\/p>\n\n<p>\u00bfQu\u00e9 tipos de cookies utiliza LSA.GLOBAL Language Service Academy?<\/p>\n\n<p>Las cookies pueden ser de sesi\u00f3n o persistentes. Una cookie de sesi\u00f3n caduca autom\u00e1ticamente cuando cierras el navegador. Una cookie persistente permanecer\u00e1 hasta que caduque o hasta que elimines tus cookies. Las fechas de caducidad se establecen en las propias cookies; algunas pueden caducar despu\u00e9s de unos minutos, mientras que otras pueden caducar despu\u00e9s de varios a\u00f1os. Las cookies colocadas por el sitio web que est\u00e1s visitando se denominan &quot;cookies de origen&quot;.<\/p>\n\n<p>Las cookies estrictamente necesarias son necesarias para que nuestro sitio web funcione y no se pueden desactivar en nuestros sistemas. Son esenciales para permitirle navegar por el sitio web y utilizar sus funciones. Si elimina o desactiva estas cookies, no podemos garantizar que pueda utilizar nuestro sitio web.<\/p>\n\n<p>Utilizamos los siguientes tipos de cookies en nuestro sitio web:<\/p>\n\n<p><strong>Descargo de responsabilidad por errores y omisiones<\/strong><\/p>\n\n<p>LSA.GLOBAL Language Service Academy no es responsable de ning\u00fan contenido, c\u00f3digo o cualquier otra imprecisi\u00f3n.<\/p>\n\n<p>LSA.GLOBAL Language Service Academy no ofrece garant\u00edas ni garant\u00edas.<\/p>\n\n<p>En ning\u00fan caso LSA.GLOBAL Language Service Academy ser\u00e1 responsable de ning\u00fan da\u00f1o especial, directo, indirecto, consecuente o incidental ni de ning\u00fan da\u00f1o de ning\u00fan tipo, ya sea en una acci\u00f3n contractual, negligencia u otro agravio, que surja de o en conexi\u00f3n con el uso del Servicio o el contenido del Servicio. LSA.GLOBAL Language Service Academy se reserva el derecho de realizar adiciones, eliminaciones o modificaciones a los contenidos del Servicio en cualquier momento sin previo aviso.<\/p>\n\n<p><strong>Aviso legal general<\/strong><\/p>\n\n<p>El Servicio LSA.GLOBAL Language Service Academy y sus contenidos se proporcionan \u201ctal como est\u00e1n\u201d y \u201cseg\u00fan disponibilidad\u201d sin garant\u00edas ni representaciones de ning\u00fan tipo, ya sean expresas o impl\u00edcitas. LSA.GLOBAL Language Service Academy es un distribuidor y no un editor del contenido proporcionado por terceros; como tal, LSA.GLOBAL Language Service Academy no ejerce ning\u00fan control editorial sobre dicho contenido y no otorga garant\u00edas ni representaciones en cuanto a la precisi\u00f3n, confiabilidad o actualidad de cualquier informaci\u00f3n, contenido, servicio o mercanc\u00eda proporcionada o accesible a trav\u00e9s del Servicio LSA.GLOBAL Language Service Academy.<\/p>\n\n<p>Sin limitar lo anterior, LSA.GLOBAL Language Service Academy renuncia espec\u00edficamente a todas las garant\u00edas y representaciones en cualquier contenido transmitido en o en conexi\u00f3n con el Servicio LSA.GLOBAL Language Service Academy o en sitios que puedan aparecer como enlaces en el Servicio LSA.GLOBAL Language Service Academy, o en los productos proporcionados como parte de, o de otra manera en conexi\u00f3n con, el Servicio LSA.GLOBAL Language Service Academy, incluidas, entre otras, cualquier garant\u00eda de comerciabilidad, idoneidad para un prop\u00f3sito particular o no infracci\u00f3n de los derechos de terceros.<\/p>\n\n<p>Ning\u00fan consejo oral ni informaci\u00f3n escrita brindada por LSA.GLOBAL Language Service Academy o cualquiera de sus afiliados, empleados, funcionarios, directores, agentes o similares crear\u00e1 una garant\u00eda. La informaci\u00f3n sobre precios y disponibilidad est\u00e1 sujeta a cambios sin previo aviso. Sin limitar lo anterior, LSA.GLOBAL Language Service Academy no garantiza que el Servicio LSA.GLOBAL Language Service Academy no sufrir\u00e1 interrupciones, no se corromper\u00e1, ser\u00e1 oportuno o estar\u00e1 libre de errores.<\/p>\n\n<p><strong>Cookies esenciales<\/strong><\/p>\n\n<p>Utilizamos cookies esenciales para que nuestro sitio web funcione. Estas cookies son estrictamente necesarias para habilitar funciones b\u00e1sicas como la seguridad, la gesti\u00f3n de la red, sus preferencias de cookies y la accesibilidad. Sin ellas, no podr\u00eda utilizar los servicios b\u00e1sicos. Puede desactivarlas modificando la configuraci\u00f3n de su navegador, pero esto puede afectar al funcionamiento de los sitios web.<\/p>\n\n<p>Cookies de rendimiento y funcionalidad<\/p>\n\n<p>Estas cookies se utilizan para mejorar el rendimiento y la funcionalidad de nuestro sitio web, pero no son esenciales para su uso. Sin embargo, sin estas cookies, es posible que algunas funciones, como los v\u00eddeos, no est\u00e9n disponibles o que se le solicite que introduzca sus datos de acceso cada vez que visite el sitio web, ya que no podremos recordar que ha iniciado sesi\u00f3n anteriormente.<\/p>\n\n<p>Cookies de marketing<\/p>\n\n<p>Estas cookies de marketing basadas en cuentas nos permiten identificar futuros clientes potenciales y personalizar las interacciones de ventas y marketing con ellos.<\/p>\n\n<p><strong>Cookies de an\u00e1lisis y personalizaci\u00f3n<\/strong><\/p>\n\n<p>Estas cookies recopilan informaci\u00f3n que se utiliza para ayudarnos a comprender c\u00f3mo se utiliza nuestro sitio web o qu\u00e9 tan efectivas son nuestras campa\u00f1as de marketing, o para ayudarnos a personalizar nuestro sitio web para usted.<\/p>\n\n<p>We use cookies served by Google Analytics to collect limited data directly from end-user browsers to enable us to better understand your use of our website. Further information on how Google collects and uses this data can be found at:\u00a0https:\/\/www.google.com\/policies\/privacy\/partners\/. You can opt-out of all Google supported analytics on our Websites by visiting:\u00a0https:\/\/tools.google.com\/dlpage\/gaoptout.<\/p>\n\n<p>Cookies publicitarias<\/p>\n\n<p>Estas cookies recopilan informaci\u00f3n a lo largo del tiempo sobre su actividad en l\u00ednea en el sitio web y otros servicios en l\u00ednea para hacer que los anuncios en l\u00ednea sean m\u00e1s relevantes y efectivos para usted. Esto se conoce como publicidad basada en intereses. Tambi\u00e9n realizan funciones como evitar que el mismo anuncio vuelva a aparecer continuamente y garantizar que los anuncios se muestren correctamente para los anunciantes. Sin cookies, es muy dif\u00edcil para un anunciante llegar a su audiencia o saber cu\u00e1ntos anuncios se mostraron y cu\u00e1ntos clics recibieron.<\/p>\n\n<p><strong>Cookies de redes sociales<\/strong><\/p>\n\n<p>Estas cookies se utilizan cuando compartes informaci\u00f3n mediante un bot\u00f3n para compartir en redes sociales o un bot\u00f3n de \u201cMe gusta\u201d en nuestro Sitio o vinculas tu cuenta o interact\u00faas con nuestro contenido en o a trav\u00e9s de un sitio web de redes sociales como Facebook, Twitter o Google+. La red social registrar\u00e1 que has hecho esto. Estas cookies tambi\u00e9n pueden incluir cierto c\u00f3digo que se ha colocado en la plataforma para ayudar a rastrear las conversiones de los anuncios, optimizar los anuncios en funci\u00f3n de los datos recopilados, crear audiencias espec\u00edficas para futuros anuncios y realizar remarketing a usuarios calificados que ya han realizado determinadas acciones en la plataforma.<\/p>\n\n<p>Cookies de terceros<\/p>\n\n<p>Algunas cookies que se han instalado en nuestro sitio web no son instaladas por LSA.GLOBAL Language Service Academy. Los sitios web pueden incluir contenido de terceros para ofrecer publicidad. Estos proveedores de servicios externos pueden instalar sus propias cookies en su navegador web. Los proveedores de servicios externos controlan muchas de las cookies de rendimiento y funcionalidad, publicidad, marketing y an\u00e1lisis descritas anteriormente. No controlamos el uso de estas cookies de terceros, ya que solo el tercero que las instal\u00f3 originalmente puede acceder a ellas.<\/p>\n\n<p>\u00bfC\u00f3mo puedes gestionar las cookies?<\/p>\n\n<p>La mayor\u00eda de los navegadores le permiten controlar las cookies a trav\u00e9s de sus preferencias de &quot;configuraci\u00f3n&quot;. Sin embargo, si limita la capacidad de los sitios web para configurar cookies, puede empeorar su experiencia de usuario general, ya que ya no ser\u00e1 personalizada para usted. Tambi\u00e9n puede impedirle guardar configuraciones personalizadas como la informaci\u00f3n de inicio de sesi\u00f3n. Los fabricantes de navegadores proporcionan p\u00e1ginas de ayuda relacionadas con la gesti\u00f3n de cookies en sus productos.<\/p>\n\n<p>Los fabricantes de navegadores ofrecen p\u00e1ginas de ayuda relacionadas con la gesti\u00f3n de cookies en sus productos. Consulte a continuaci\u00f3n para obtener m\u00e1s informaci\u00f3n.<\/p>\n\n<p>\u00a0 -Google Chrome<\/p>\n\n<p>\u00a0 -Internet Explorer<\/p>\n\n<p>\u00a0 -Mozilla Firefox<\/p>\n\n<p>\u00a0 -Safari (Escritorio)<\/p>\n\n<p>\u00a0 -Safari (M\u00f3vil)<\/p>\n\n<p>\u00a0 -Navegador Android<\/p>\n\n<p>\u00a0 -\u00d3pera<\/p>\n\n<p>\u00a0 -Opera M\u00f3vil<\/p>\n\n<p>Bloqueo y desactivaci\u00f3n de cookies y tecnolog\u00edas similares<\/p>\n\n<p>Independientemente de d\u00f3nde se encuentre, tambi\u00e9n puede configurar su navegador para bloquear las cookies y tecnolog\u00edas similares, pero esta acci\u00f3n puede bloquear nuestras cookies esenciales e impedir que nuestro sitio web funcione correctamente, y es posible que no pueda utilizar por completo todas sus funciones y servicios. Tambi\u00e9n debe tener en cuenta que puede perder cierta informaci\u00f3n guardada (por ejemplo, detalles de inicio de sesi\u00f3n guardados, preferencias del sitio) si bloquea las cookies en su navegador. Los diferentes navegadores ponen a su disposici\u00f3n diferentes controles. Deshabilitar una cookie o una categor\u00eda de cookies no elimina la cookie de su navegador, deber\u00e1 hacerlo usted mismo desde su navegador; debe visitar el men\u00fa de ayuda de su navegador para obtener m\u00e1s informaci\u00f3n.<\/p>\n\n<p><strong>Cambios en nuestra pol\u00edtica de cookies<\/strong><\/p>\n\n<p>Podemos cambiar nuestro Servicio y nuestras pol\u00edticas, y es posible que debamos realizar cambios en esta Pol\u00edtica de cookies para que reflejen con precisi\u00f3n nuestro Servicio y nuestras pol\u00edticas. A menos que la ley exija lo contrario, le notificaremos (por ejemplo, a trav\u00e9s de nuestro Servicio) antes de realizar cambios en esta Pol\u00edtica de cookies y le daremos la oportunidad de revisarlos antes de que entren en vigencia. Luego, si contin\u00faa utilizando el Servicio, estar\u00e1 sujeto a la Pol\u00edtica de cookies actualizada. Si no desea aceptar esta o cualquier Pol\u00edtica de cookies actualizada, puede eliminar su cuenta.<\/p>\n\n<p>Su consentimiento<\/p>\n\n<p>Al utilizar nuestro sitio web, registrar una cuenta o realizar una compra, usted acepta nuestra Pol\u00edtica de cookies y sus t\u00e9rminos.<\/p>\n\n<p><strong>Cont\u00e1ctenos<\/strong><\/p>\n\n<p>No dude en contactarnos si tiene alguna pregunta respecto a nuestra Pol\u00edtica de Cookies.<\/p>\n<p>United States of America:<\/p>\n<p>Office 91, 254 Chapman Rd, Suite 101-B, Newark, Delaware, 19702, USA,<\/p>\n<p>lsa-global.com<\/p>\n<p>contacts@lsa-global.com<\/p>\n<p>Office Phone: +1 3156 540 253<\/p>\n<p>o<\/p>\n\n<p>\u00a0-Via Email:\u00a0 infos@lsaglobal-translate.co.uk<\/p>\n\n<p>\u00a0-Via Phone Number:\u00a0 07378461403<\/p>\n\n<p>\u00a0-Via this Link:\u00a0 lsaglobal-translate.co.uk<\/p>\n\n<p>\u00a0-A trav\u00e9s de esta direcci\u00f3n: 182-184 High Street North East Ham London E6 2JA<\/p>\n\n<figure class=\"wp-block-image size-full\"><img fetchpriority=\"high\" decoding=\"async\" width=\"1024\" height=\"512\" data-attachment-id=\"36458\" data-permalink=\"https:\/\/lsa-global.com\/es\/politica-de-cookies-de-lsa-global\/cookie-policy-2\/\" data-orig-file=\"https:\/\/i0.wp.com\/lsa-global.com\/wp-content\/uploads\/2024\/04\/cookie-policy.jpg?fit=1024%2C512&amp;ssl=1\" data-orig-size=\"1024,512\" data-comments-opened=\"0\" data-image-meta=\"{&quot;aperture&quot;:&quot;0&quot;,&quot;credit&quot;:&quot;&quot;,&quot;camera&quot;:&quot;&quot;,&quot;caption&quot;:&quot;&quot;,&quot;created_timestamp&quot;:&quot;0&quot;,&quot;copyright&quot;:&quot;&quot;,&quot;focal_length&quot;:&quot;0&quot;,&quot;iso&quot;:&quot;0&quot;,&quot;shutter_speed&quot;:&quot;0&quot;,&quot;title&quot;:&quot;&quot;,&quot;orientation&quot;:&quot;1&quot;}\" data-image-title=\"cookie-policy\" data-image-description=\"&lt;p&gt;Cookie policy&lt;\/p&gt;\" data-image-caption=\"\" data-large-file=\"https:\/\/i0.wp.com\/lsa-global.com\/wp-content\/uploads\/2024\/04\/cookie-policy.jpg?fit=1024%2C512&amp;ssl=1\" data-recalc-dims=\"1\" class=\"wp-image-36458\" src=\"https:\/\/i0.wp.com\/lsa-global.com\/wp-content\/uploads\/2024\/04\/cookie-policy.jpg?w=1280&#038;ssl=1\" alt=\"Pol\u00edtica de cookies\" title=\"\" srcset=\"https:\/\/i0.wp.com\/lsa-global.com\/wp-content\/uploads\/2024\/04\/cookie-policy.jpg?w=1024&amp;ssl=1 1024w, https:\/\/i0.wp.com\/lsa-global.com\/wp-content\/uploads\/2024\/04\/cookie-policy.jpg?resize=300%2C150&amp;ssl=1 300w, https:\/\/i0.wp.com\/lsa-global.com\/wp-content\/uploads\/2024\/04\/cookie-policy.jpg?resize=150%2C75&amp;ssl=1 150w, https:\/\/i0.wp.com\/lsa-global.com\/wp-content\/uploads\/2024\/04\/cookie-policy.jpg?resize=768%2C384&amp;ssl=1 768w, https:\/\/i0.wp.com\/lsa-global.com\/wp-content\/uploads\/2024\/04\/cookie-policy.jpg?resize=370%2C185&amp;ssl=1 370w, https:\/\/i0.wp.com\/lsa-global.com\/wp-content\/uploads\/2024\/04\/cookie-policy.jpg?resize=760%2C380&amp;ssl=1 760w\" sizes=\"(max-width: 1024px) 100vw, 1024px\" \/><figcaption><\/figcaption><\/figure>\n\t\t\t\t\t\t\t\t<\/div>\n\t\t\t\t<div class=\"elementor-element elementor-element-df8d495 elementor-widget elementor-widget-heading\" data-id=\"df8d495\" data-element_type=\"widget\" data-e-type=\"widget\" data-widget_type=\"heading.default\">\n\t\t\t\t\t<h2 class=\"elementor-heading-title elementor-size-default\">Yendo m\u00e1s all\u00e1<\/h2>\t\t\t\t<\/div>\n\t\t\t\t<div class=\"elementor-element elementor-element-06eb239 elementor-widget elementor-widget-text-editor\" data-id=\"06eb239\" data-element_type=\"widget\" data-e-type=\"widget\" data-widget_type=\"text-editor.default\">\n\t\t\t\t\t\t\t\t\t<h5><a href=\"https:\/\/lsa-global.com\/es\/aprender-el-idioma-aleman\/\"><span style=\"color: #ff0000;\">Curso de alem\u00e1n<\/span><\/a><\/h5>\t\t\t\t\t\t\t\t<\/div>\n\t\t\t\t<div class=\"elementor-element elementor-element-2cc24b5 elementor-widget elementor-widget-text-editor\" data-id=\"2cc24b5\" data-element_type=\"widget\" data-e-type=\"widget\" data-widget_type=\"text-editor.default\">\n\t\t\t\t\t\t\t\t\t<h5><a href=\"https:\/\/lsa-global.com\/es\/aprender-el-idioma-aleman\/\"><span style=\"color: #ff0000;\">Cotizaci\u00f3n gratuita<\/span><\/a><\/h5>\t\t\t\t\t\t\t\t<\/div>\n\t\t\t\t<div class=\"elementor-element elementor-element-d6c8b96 elementor-widget elementor-widget-text-editor\" data-id=\"d6c8b96\" data-element_type=\"widget\" data-e-type=\"widget\" data-widget_type=\"text-editor.default\">\n\t\t\t\t\t\t\t\t\t<h5><a href=\"https:\/\/lsaglobal-translate.co.uk\/services\/translation-services\/\" target=\"_blank\" rel=\"noopener\"><span style=\"color: #ff0000;\">Traducci\u00f3n Pro.<\/span><\/a><\/h5>\t\t\t\t\t\t\t\t<\/div>\n\t\t\t\t\t<\/div>\n\t\t\t\t<\/div>\n\t\t\t\t<\/div>","protected":false},"excerpt":{"rendered":"<p>Cookie Policy Updated at 2024-04-06 Cookie Policy: Definitions and key terms To help explain things as clearly as possible in&hellip;<\/p>","protected":false},"author":1,"featured_media":36458,"parent":0,"menu_order":0,"comment_status":"closed","ping_status":"closed","template":"","meta":{"jetpack_post_was_ever_published":false,"footnotes":""},"class_list":["post-36414","page","type-page","status-publish","has-post-thumbnail","hentry"],"jetpack_sharing_enabled":true,"jetpack_likes_enabled":true,"jetpack-related-posts":[],"jetpack_shortlink":"https:\/\/wp.me\/PerFda-9tk","_links":{"self":[{"href":"https:\/\/lsa-global.com\/es\/wp-json\/wp\/v2\/pages\/36414","targetHints":{"allow":["GET"]}}],"collection":[{"href":"https:\/\/lsa-global.com\/es\/wp-json\/wp\/v2\/pages"}],"about":[{"href":"https:\/\/lsa-global.com\/es\/wp-json\/wp\/v2\/types\/page"}],"author":[{"embeddable":true,"href":"https:\/\/lsa-global.com\/es\/wp-json\/wp\/v2\/users\/1"}],"replies":[{"embeddable":true,"href":"https:\/\/lsa-global.com\/es\/wp-json\/wp\/v2\/comments?post=36414"}],"version-history":[{"count":0,"href":"https:\/\/lsa-global.com\/es\/wp-json\/wp\/v2\/pages\/36414\/revisions"}],"wp:featuredmedia":[{"embeddable":true,"href":"https:\/\/lsa-global.com\/es\/wp-json\/wp\/v2\/media\/36458"}],"wp:attachment":[{"href":"https:\/\/lsa-global.com\/es\/wp-json\/wp\/v2\/media?parent=36414"}],"curies":[{"name":"wp","href":"https:\/\/api.w.org\/{rel}","templated":true}]}}