{"id":3525,"date":"2022-08-27T09:44:57","date_gmt":"2022-08-27T09:44:57","guid":{"rendered":"https:\/\/lsa-global.com\/?page_id=3525"},"modified":"2025-04-25T12:09:49","modified_gmt":"2025-04-25T11:09:49","slug":"servicios-profesionales-de-redaccion-de-textos","status":"publish","type":"page","link":"https:\/\/lsa-global.com\/es\/servicios-profesionales-de-redaccion-de-textos\/","title":{"rendered":"SERVICIOS PROFESIONALES DE REDACCI\u00d3N DE TEXTO"},"content":{"rendered":"<div data-elementor-type=\"wp-page\" data-elementor-id=\"3525\" class=\"elementor elementor-3525\" data-elementor-post-type=\"page\">\n\t\t\t\t<div class=\"elementor-element elementor-element-3aaba105 e-flex e-con-boxed e-con e-parent\" data-id=\"3aaba105\" data-element_type=\"container\" data-e-type=\"container\">\n\t\t\t\t\t<div class=\"e-con-inner\">\n\t\t\t\t<div class=\"elementor-element elementor-element-8af65ab elementor-widget elementor-widget-image\" data-id=\"8af65ab\" data-element_type=\"widget\" data-e-type=\"widget\" data-widget_type=\"image.default\">\n\t\t\t\t\t\t\t\t\t\t\t\t\t\t\t<img fetchpriority=\"high\" decoding=\"async\" data-attachment-id=\"29200\" data-permalink=\"https:\/\/lsa-global.com\/it\/servizi-di-copywriting-professionale\/photo-by-mailchimp\/\" data-orig-file=\"https:\/\/i0.wp.com\/lsa-global.com\/wp-content\/uploads\/2023\/07\/lax4e6gl06s.jpg?fit=960%2C1200&amp;ssl=1\" data-orig-size=\"960,1200\" data-comments-opened=\"0\" data-image-meta=\"{&quot;aperture&quot;:&quot;0&quot;,&quot;credit&quot;:&quot;&quot;,&quot;camera&quot;:&quot;&quot;,&quot;caption&quot;:&quot;&quot;,&quot;created_timestamp&quot;:&quot;0&quot;,&quot;copyright&quot;:&quot;&quot;,&quot;focal_length&quot;:&quot;0&quot;,&quot;iso&quot;:&quot;0&quot;,&quot;shutter_speed&quot;:&quot;0&quot;,&quot;title&quot;:&quot;&quot;,&quot;orientation&quot;:&quot;0&quot;}\" data-image-title=\"Professional Copywriting Services\" data-image-description=\"\" data-image-caption=\"\" data-large-file=\"https:\/\/i0.wp.com\/lsa-global.com\/wp-content\/uploads\/2023\/07\/lax4e6gl06s.jpg?fit=819%2C1024&amp;ssl=1\" width=\"240\" height=\"300\" src=\"https:\/\/i0.wp.com\/lsa-global.com\/wp-content\/uploads\/2023\/07\/lax4e6gl06s.jpg?fit=240%2C300&amp;ssl=1\" class=\"attachment-medium size-medium wp-image-29200\" alt=\"Servicios profesionales de redacci\u00f3n de textos publicitarios\" srcset=\"https:\/\/i0.wp.com\/lsa-global.com\/wp-content\/uploads\/2023\/07\/lax4e6gl06s.jpg?w=960&amp;ssl=1 960w, https:\/\/i0.wp.com\/lsa-global.com\/wp-content\/uploads\/2023\/07\/lax4e6gl06s.jpg?resize=240%2C300&amp;ssl=1 240w, https:\/\/i0.wp.com\/lsa-global.com\/wp-content\/uploads\/2023\/07\/lax4e6gl06s.jpg?resize=819%2C1024&amp;ssl=1 819w, https:\/\/i0.wp.com\/lsa-global.com\/wp-content\/uploads\/2023\/07\/lax4e6gl06s.jpg?resize=768%2C960&amp;ssl=1 768w, https:\/\/i0.wp.com\/lsa-global.com\/wp-content\/uploads\/2023\/07\/lax4e6gl06s.jpg?resize=370%2C463&amp;ssl=1 370w, https:\/\/i0.wp.com\/lsa-global.com\/wp-content\/uploads\/2023\/07\/lax4e6gl06s.jpg?resize=760%2C950&amp;ssl=1 760w\" sizes=\"(max-width: 240px) 100vw, 240px\" title=\"\">\t\t\t\t\t\t\t\t\t\t\t\t\t\t\t<\/div>\n\t\t\t\t\t<\/div>\n\t\t\t\t<\/div>\n\t\t<div class=\"elementor-element elementor-element-dfe6f6b e-flex e-con-boxed e-con e-parent\" data-id=\"dfe6f6b\" data-element_type=\"container\" data-e-type=\"container\">\n\t\t\t\t\t<div class=\"e-con-inner\">\n\t\t\t\t<div class=\"elementor-element elementor-element-b88ff39 elementor-widget elementor-widget-heading\" data-id=\"b88ff39\" data-element_type=\"widget\" data-e-type=\"widget\" data-widget_type=\"heading.default\">\n\t\t\t\t\t<h2 class=\"elementor-heading-title elementor-size-default\">Servicios profesionales de redacci\u00f3n de textos publicitarios<\/h2>\t\t\t\t<\/div>\n\t\t\t\t\t<\/div>\n\t\t\t\t<\/div>\n\t\t<div class=\"elementor-element elementor-element-c912546 e-flex e-con-boxed e-con e-parent\" data-id=\"c912546\" data-element_type=\"container\" data-e-type=\"container\">\n\t\t\t\t\t<div class=\"e-con-inner\">\n\t\t\t\t<div class=\"elementor-element elementor-element-f44716f elementor-widget elementor-widget-text-editor\" data-id=\"f44716f\" data-element_type=\"widget\" data-e-type=\"widget\" data-widget_type=\"text-editor.default\">\n\t\t\t\t\t\t\t\t\t<p>Si tiene algo que decir, podemos escribir su mensaje de una manera creativa y eficaz que cautivar\u00e1 a su mercado, utilizando nuestra experiencia y conocimiento. El equipo de Writing Sense combina una amplia experiencia en redacci\u00f3n y marketing para producir textos originales y creativos para cualquier tema o nicho.<\/p>\n<p>Contamos con los recursos para crear una p\u00e1gina de destino sencilla, escribir un sitio web completo o crear una gran red de SEO que requiera contenido masivo. Un equipo independiente verifica todos los textos para comprobar su originalidad y los corrige para garantizar los m\u00e1s altos est\u00e1ndares a trav\u00e9s de un riguroso proceso de control de calidad.<\/p>\n<p>\u00bfNecesita copias en otros idiomas adem\u00e1s del ingl\u00e9s?<\/p>\n<p>Inf\u00f3rmenos sobre nuestro grupo de escritores de calidad en muchos idiomas, incluidos ruso, alem\u00e1n, italiano y m\u00e1s.<\/p>\n<p>\u00bfPor qu\u00e9 deber\u00eda elegirnos?<\/p>\n<p>Tengo m\u00e1s de 15 a\u00f1os de experiencia.<\/p>\n<p>LSA GLOBAL produce todo el trabajo como el original 100%.<\/p>\n<p>Garantizamos la calidad de nuestro trabajo.<\/p>\n<p>Ofrecemos servicios profesionales de redacci\u00f3n y edici\u00f3n.<\/p>\n<p>LSA GLOBAL ofrece tiempos de respuesta r\u00e1pidos.<\/p>\n<p>Nos aseguramos de que nuestro contenido sea compatible con SEO.<\/p>\n<p>LSA GLOBAL tiene una amplia experiencia en marketing.<\/p>\n<p>Ofrecemos un servicio de clase mundial.<\/p>\t\t\t\t\t\t\t\t<\/div>\n\t\t\t\t<div class=\"elementor-element elementor-element-572d20d elementor-widget elementor-widget-heading\" data-id=\"572d20d\" data-element_type=\"widget\" data-e-type=\"widget\" data-widget_type=\"heading.default\">\n\t\t\t\t\t<h3 class=\"elementor-heading-title elementor-size-default\">OTROS ASPECTOS DEL COPYWRITING<\/h3>\t\t\t\t<\/div>\n\t\t\t\t<div class=\"elementor-element elementor-element-eaacaf0 elementor-widget elementor-widget-heading\" data-id=\"eaacaf0\" data-element_type=\"widget\" data-e-type=\"widget\" data-widget_type=\"heading.default\">\n\t\t\t\t\t<h3 class=\"elementor-heading-title elementor-size-default\">\u00bfQu\u00e9 significa copywriting? <\/h3>\t\t\t\t<\/div>\n\t\t\t\t<div class=\"elementor-element elementor-element-e653048 elementor-widget elementor-widget-text-editor\" data-id=\"e653048\" data-element_type=\"widget\" data-e-type=\"widget\" data-widget_type=\"text-editor.default\">\n\t\t\t\t\t\t\t\t\t<p>El copywriter pretende empujar al lector a tomar una decisi\u00f3n, realizar una compra o realizar otra acci\u00f3n mediante un contenido de calidad. De hecho, el texto juega un papel important\u00edsimo, ya se trate de un spot publicitario o de un contenido online. Un discurso adecuado es necesario para que las im\u00e1genes m\u00e1s sensacionales de la publicidad televisiva tengan el efecto deseado.<\/p>\n<p>El marketing es el origen del concepto de copywriting, que se refiere a la redacci\u00f3n profesional de textos publicitarios. Por supuesto, \u201cedici\u00f3n\u201d corresponde a \u201credacci\u00f3n\u201d, y en el lenguaje editorial, period\u00edstico y publicitario se denomina \u201ctexto\u201d al \u201ctexto\u201d. En franc\u00e9s, se denomina \u201credactor publicitario\u201d o \u201cdise\u00f1ador-editor\u201d.<\/p>\n<p><strong><span style=\"color: #000000;\">Aviso<\/span><\/strong><br \/>El copywriting tiene como objetivo atraer la atenci\u00f3n, despertar el inter\u00e9s, estimular el deseo y provocar la acci\u00f3n. Existen diferentes m\u00e9todos de copywriting que pueden lograrlo en funci\u00f3n del p\u00fablico objetivo.<\/p>\t\t\t\t\t\t\t\t<\/div>\n\t\t\t\t<div class=\"elementor-element elementor-element-790ab59 elementor-widget elementor-widget-heading\" data-id=\"790ab59\" data-element_type=\"widget\" data-e-type=\"widget\" data-widget_type=\"heading.default\">\n\t\t\t\t\t<h3 class=\"elementor-heading-title elementor-size-default\">un redactor escribe<\/h3>\t\t\t\t<\/div>\n\t\t\t\t<div class=\"elementor-element elementor-element-b64ba85 elementor-widget elementor-widget-text-editor\" data-id=\"b64ba85\" data-element_type=\"widget\" data-e-type=\"widget\" data-widget_type=\"text-editor.default\">\n\t\t\t\t\t\t\t\t\t<p>Los redactores pueden redactar uno o m\u00e1s textos para una misma campa\u00f1a, dependiendo del tipo de producto o servicio que se quiera promocionar. Hay que determinar el contenido, el tono y el p\u00fablico objetivo adecuados. Tambi\u00e9n es necesario garantizar una buena coherencia del conjunto del mensaje, los textos y los gr\u00e1ficos combinados. El redactor debe demostrar creatividad y voluntad de interesarse por un \u00e1mbito que no necesariamente conoce. De hecho, dependiendo del producto o servicio, hay que saber adoptar el tono necesario, que puede ir desde lo serio hasta lo humor\u00edstico.<\/p>\t\t\t\t\t\t\t\t<\/div>\n\t\t\t\t<div class=\"elementor-element elementor-element-a01a430 elementor-widget elementor-widget-heading\" data-id=\"a01a430\" data-element_type=\"widget\" data-e-type=\"widget\" data-widget_type=\"heading.default\">\n\t\t\t\t\t<h3 class=\"elementor-heading-title elementor-size-default\">\u00bfC\u00f3mo puedo convertirme en un buen redactor?<\/h3>\t\t\t\t<\/div>\n\t\t\t\t<div class=\"elementor-element elementor-element-48ad830 elementor-widget elementor-widget-text-editor\" data-id=\"48ad830\" data-element_type=\"widget\" data-e-type=\"widget\" data-widget_type=\"text-editor.default\">\n\t\t\t\t\t\t\t\t\t<p>Para trabajar como redactor publicitario no es necesario tener una formaci\u00f3n espec\u00edfica. Muchas personas han recibido formaci\u00f3n \u201csobre el terreno\u201d en agencias. Sin embargo, realizar una formaci\u00f3n para redactor publicitario es ventajoso desde muchos puntos de vista. La formaci\u00f3n te ense\u00f1ar\u00e1 a pensar estrat\u00e9gicamente, a encontrar ideas y, por supuesto, a dominar los conceptos b\u00e1sicos necesarios, como por ejemplo la inform\u00e1tica. Adem\u00e1s, la formaci\u00f3n en pr\u00e1cticas proporciona una experiencia de campo irreemplazable. El redactor publicitario se beneficiar\u00e1 de tener las siguientes habilidades y capacidades, independientemente de su formaci\u00f3n.<\/p>\n<p>Tener una buena fluidez ling\u00fc\u00edstica. Demostrar creatividad y fantas\u00eda. Deber\u00eda poseer un amplio conocimiento general. Deber\u00eda tener curiosidad. Debo estar dispuesto a aprender. Ser capaz de investigar.<\/p>\t\t\t\t\t\t\t\t<\/div>\n\t\t\t\t\t<\/div>\n\t\t\t\t<\/div>\n\t\t<div class=\"elementor-element elementor-element-7e25bd8 e-flex e-con-boxed e-con e-parent\" data-id=\"7e25bd8\" data-element_type=\"container\" data-e-type=\"container\">\n\t\t\t\t\t<div class=\"e-con-inner\">\n\t\t\t\t<div class=\"elementor-element elementor-element-071772f elementor-widget elementor-widget-heading\" data-id=\"071772f\" data-element_type=\"widget\" data-e-type=\"widget\" data-widget_type=\"heading.default\">\n\t\t\t\t\t<h3 class=\"elementor-heading-title elementor-size-default\">c\u00f3mo desencadenar una acci\u00f3n<\/h3>\t\t\t\t<\/div>\n\t\t\t\t<div class=\"elementor-element elementor-element-21420eb elementor-widget elementor-widget-text-editor\" data-id=\"21420eb\" data-element_type=\"widget\" data-e-type=\"widget\" data-widget_type=\"text-editor.default\">\n\t\t\t\t\t\t\t\t\t<p>La eficacia de un copywriter se mide por el n\u00famero de acciones que desencadena la campa\u00f1a de marketing (hablamos de tasa de conversi\u00f3n). Para desencadenar expl\u00edcitamente una acci\u00f3n en un consumidor potencial, escribiremos una frase como \u201cHaz tu pedido ahora\u201d o \u201cVisita nuestra tienda online\u201d. Se trata de llamadas a la acci\u00f3n (CTA, call to action). Presta atenci\u00f3n a los siguientes tres puntos para desencadenar una reacci\u00f3n del lector:<\/p>\n<p>Tienes que definir de antemano a qui\u00e9n quieres llegar con tu contenido y dirigirte activamente a ese target.<br \/>Hay que convencer al destinatario del producto o servicio destacando su ventaja \u00fanica, en ingl\u00e9s su USP (unique selling proposition). Al mismo tiempo, esto responde a la pregunta de qu\u00e9 diferencia al producto o servicio de la competencia.<\/p>\n<p>Para el lector, la realizaci\u00f3n de una acci\u00f3n debe ser lo m\u00e1s sencilla posible. Si quieres que el lector vea un v\u00eddeo del producto, tienes que incitarle activamente a que lo haga: \u201cHaz clic en el v\u00eddeo para descubrir las caracter\u00edsticas \u00fanicas del producto\u201d.<\/p>\n<p><strong><span style=\"color: #000000;\">Consejo<\/span><\/strong><br \/>Los clientes satisfechos pueden proporcionar recomendaciones o testimonios, lo que aumentar\u00e1 su credibilidad.<\/p>\t\t\t\t\t\t\t\t<\/div>\n\t\t\t\t<div class=\"elementor-element elementor-element-1985047 elementor-widget elementor-widget-heading\" data-id=\"1985047\" data-element_type=\"widget\" data-e-type=\"widget\" data-widget_type=\"heading.default\">\n\t\t\t\t\t<h3 class=\"elementor-heading-title elementor-size-default\">\u00bfCu\u00e1les son los tipos de copywriting?<\/h3>\t\t\t\t<\/div>\n\t\t\t\t<div class=\"elementor-element elementor-element-5ef4cac elementor-widget elementor-widget-text-editor\" data-id=\"5ef4cac\" data-element_type=\"widget\" data-e-type=\"widget\" data-widget_type=\"text-editor.default\">\n\t\t\t\t\t\t\t\t\t<p>En total, se comparten 27 millones de piezas de contenido online al d\u00eda (estad\u00edsticas de 2016). \u00bfC\u00f3mo podemos asegurarnos de que el mensaje publicitario que transmitimos no se pierda en esta masa de informaci\u00f3n? Las empresas recurren cada vez m\u00e1s a redactores expertos para conseguir mejores posiciones en las b\u00fasquedas de Google, ampliar su base de clientes y, en definitiva, posicionarse como una marca con un contenido altamente individualizado que aporte valor a\u00f1adido. Existen diferentes tipos de copywriting en funci\u00f3n de los objetivos. A continuaci\u00f3n, se indican los principales.<\/p>\t\t\t\t\t\t\t\t<\/div>\n\t\t\t\t<div class=\"elementor-element elementor-element-4e81041 elementor-widget elementor-widget-heading\" data-id=\"4e81041\" data-element_type=\"widget\" data-e-type=\"widget\" data-widget_type=\"heading.default\">\n\t\t\t\t\t<h3 class=\"elementor-heading-title elementor-size-default\">Escribo textos SEO para fines SEO<\/h3>\t\t\t\t<\/div>\n\t\t\t\t<div class=\"elementor-element elementor-element-4653aea elementor-widget elementor-widget-text-editor\" data-id=\"4653aea\" data-element_type=\"widget\" data-e-type=\"widget\" data-widget_type=\"text-editor.default\">\n\t\t\t\t\t\t\t\t\t<p>La redacci\u00f3n de contenidos optimizados para los motores de b\u00fasqueda utiliza palabras clave que ayudan a obtener un buen posicionamiento en las b\u00fasquedas de Google, independientemente de si el texto es principalmente publicitario o informativo. Incluir las palabras clave correspondientes al producto de forma eficaz es la principal preocupaci\u00f3n en los textos. Utilizar estas palabras clave para definir claramente la tem\u00e1tica de la p\u00e1gina ya no es una cuesti\u00f3n de multiplicar su uso. En este contexto, el marketing de contenidos ha hecho cada vez m\u00e1s hincapi\u00e9 en la importancia del contenido informativo de los textos de optimizaci\u00f3n. El redactor debe adaptarse a todas estas novedades, que cada vez m\u00e1s le exigen escribir textos de cierta extensi\u00f3n.<\/p>\n<p><strong><span style=\"color: #000000;\">Consejo<\/span><\/strong><br \/>Nuestra gu\u00eda proporciona diez consejos para optimizar su contenido para los motores de b\u00fasqueda.<\/p>\t\t\t\t\t\t\t\t<\/div>\n\t\t\t\t<div class=\"elementor-element elementor-element-c6822b9 elementor-widget elementor-widget-heading\" data-id=\"c6822b9\" data-element_type=\"widget\" data-e-type=\"widget\" data-widget_type=\"heading.default\">\n\t\t\t\t\t<h3 class=\"elementor-heading-title elementor-size-default\">escribir una copia para incentivar las compras<\/h3>\t\t\t\t<\/div>\n\t\t\t\t<div class=\"elementor-element elementor-element-3893b77 elementor-widget elementor-widget-text-editor\" data-id=\"3893b77\" data-element_type=\"widget\" data-e-type=\"widget\" data-widget_type=\"text-editor.default\">\n\t\t\t\t\t\t\t\t\t<p>El copywriter se enfrenta al reto de convencer al lector de las cualidades de un producto o servicio y, en \u00faltima instancia, animarle a comprar mediante un copywriting incentivador de compra. Hacerlo es m\u00e1s f\u00e1cil de decir que de hacer. Los expertos en marketing suelen poseer habilidades creativas y conocimientos profundos, que son esenciales adem\u00e1s de un estilo convincente. Recomendamos la siguiente estrategia para provocar el acto de compra del lector.<\/p>\n<p>Por favor dirija su mensaje claramente al destinatario y dir\u00edjase a \u00e9l directamente.<\/p>\n<p>Identificar el problema que el producto o servicio resuelve. El cliente potencial debe presentar el problema de una manera atractiva y llamativa para despertar inter\u00e9s e inspirar confianza.<\/p>\n<p>Explique por qu\u00e9 nadie hab\u00eda resuelto realmente el problema antes.<\/p>\n<p>Cu\u00e9ntanos c\u00f3mo descubriste que realmente pod\u00edas resolver el problema.<\/p>\n<p>Luego debes decirle al lector c\u00f3mo tambi\u00e9n puede obtener el producto o servicio y as\u00ed solucionar su problema.<\/p>\t\t\t\t\t\t\t\t<\/div>\n\t\t\t\t\t<\/div>\n\t\t\t\t<\/div>\n\t\t<div class=\"elementor-element elementor-element-1a2cf00 e-flex e-con-boxed e-con e-parent\" data-id=\"1a2cf00\" data-element_type=\"container\" data-e-type=\"container\">\n\t\t\t\t\t<div class=\"e-con-inner\">\n\t\t\t\t<div class=\"elementor-element elementor-element-c4912f4 elementor-widget elementor-widget-heading\" data-id=\"c4912f4\" data-element_type=\"widget\" data-e-type=\"widget\" data-widget_type=\"heading.default\">\n\t\t\t\t\t<h3 class=\"elementor-heading-title elementor-size-default\">Escribo textos t\u00e9cnicos<\/h3>\t\t\t\t<\/div>\n\t\t\t\t<div class=\"elementor-element elementor-element-048ce3b elementor-widget elementor-widget-text-editor\" data-id=\"048ce3b\" data-element_type=\"widget\" data-e-type=\"widget\" data-widget_type=\"text-editor.default\">\n\t\t\t\t\t\t\t\t\t<p>El copywriting t\u00e9cnico se refiere al acto de escribir textos que se centran en un tema o sector espec\u00edfico y que requieren un verdadero conocimiento t\u00e9cnico. El objetivo es agregar valor al lector brind\u00e1ndole conocimientos t\u00e9cnicos. Los redactores profesionales no suelen ser redactores t\u00e9cnicos, sino expertos en su campo. De hecho, confiar la redacci\u00f3n de un texto sobre la titulaci\u00f3n del \u00e1cido clorh\u00eddrico a un qu\u00edmico es mejor que confiarlo a un anunciante. El editor se enfrenta al desaf\u00edo de dirigir los textos a especialistas. El contenido debe ser veraz y detallado. Los redactores t\u00e9cnicos pueden escribir contribuciones, como blogs, art\u00edculos de revistas o manuales de usuario, adem\u00e1s de contenido publicitario.<\/p>\t\t\t\t\t\t\t\t<\/div>\n\t\t\t\t<div class=\"elementor-element elementor-element-817e488 elementor-widget elementor-widget-heading\" data-id=\"817e488\" data-element_type=\"widget\" data-e-type=\"widget\" data-widget_type=\"heading.default\">\n\t\t\t\t\t<h3 class=\"elementor-heading-title elementor-size-default\">Yo escribo-contenido-copias<\/h3>\t\t\t\t<\/div>\n\t\t\t\t<div class=\"elementor-element elementor-element-fd7decf elementor-widget elementor-widget-text-editor\" data-id=\"fd7decf\" data-element_type=\"widget\" data-e-type=\"widget\" data-widget_type=\"text-editor.default\">\n\t\t\t\t\t\t\t\t\t<p>Los redactores de contenidos crean contenidos para sitios web centrados en un tema espec\u00edfico. Los sitios web proporcionan a los usuarios informaci\u00f3n sobre estos temas y los mantienen informados de las \u00faltimas novedades. Como redactores de contenidos, con frecuencia escribimos art\u00edculos que explican c\u00f3mo hacer las cosas, acompa\u00f1ando a los usuarios paso a paso. Al redactar textos, es importante crear contenidos atractivos e interesantes. De hecho, podemos esperar que un cliente potencial se decida a comprar si encuentra un art\u00edculo entretenido e informativo.<\/p>\n<p>\u00a0<\/p>\t\t\t\t\t\t\t\t<\/div>\n\t\t\t\t<div class=\"elementor-element elementor-element-8bb855e elementor-widget elementor-widget-heading\" data-id=\"8bb855e\" data-element_type=\"widget\" data-e-type=\"widget\" data-widget_type=\"heading.default\">\n\t\t\t\t\t<h3 class=\"elementor-heading-title elementor-size-default\">Me dedico a la redacci\u00f3n creativa<\/h3>\t\t\t\t<\/div>\n\t\t\t\t<div class=\"elementor-element elementor-element-919255c elementor-widget elementor-widget-text-editor\" data-id=\"919255c\" data-element_type=\"widget\" data-e-type=\"widget\" data-widget_type=\"text-editor.default\">\n\t\t\t\t\t\t\t\t\t<p>Los buenos redactores creativos eligen un tema y analizan productos o servicios espec\u00edficos en sus contribuciones. La redacci\u00f3n creativa se acerca a la redacci\u00f3n de textos publicitarios para incentivos de compra porque ambos tienen como objetivo convencer a los clientes potenciales de las cualidades de un producto o servicio. Los grandes redactores creativos suelen generar esl\u00f3ganes para empresas, crear titulares y desarrollar conceptos. Muchos redactores creativos tienen experiencia en marketing, mientras que otros poseen un talento natural para presentar un tema de forma atractiva.<\/p>\t\t\t\t\t\t\t\t<\/div>\n\t\t\t\t\t<\/div>\n\t\t\t\t<\/div>\n\t\t<div class=\"elementor-element elementor-element-3609ca8 e-flex e-con-boxed e-con e-parent\" data-id=\"3609ca8\" data-element_type=\"container\" data-e-type=\"container\">\n\t\t\t\t\t<div class=\"e-con-inner\">\n\t\t\t\t<div class=\"elementor-element elementor-element-b64a06b elementor-widget elementor-widget-heading\" data-id=\"b64a06b\" data-element_type=\"widget\" data-e-type=\"widget\" data-widget_type=\"heading.default\">\n\t\t\t\t\t<h3 class=\"elementor-heading-title elementor-size-default\">para resumir<\/h3>\t\t\t\t<\/div>\n\t\t\t\t<div class=\"elementor-element elementor-element-5e07ee1 elementor-widget elementor-widget-text-editor\" data-id=\"5e07ee1\" data-element_type=\"widget\" data-e-type=\"widget\" data-widget_type=\"text-editor.default\">\n\t\t\t\t\t\t\t\t\t<p>Los redactores publicitarios transmiten mensajes claros que permiten que un anuncio destaque entre la multitud y no se mezcle con el resto, ya sea en la prensa escrita, la televisi\u00f3n, la radio o Internet. Los redactores publicitarios tienen jornadas laborales diferentes. Un d\u00eda escriben un discurso publicitario o imaginan un eslogan; al d\u00eda siguiente escriben un texto para un v\u00eddeo de demostraci\u00f3n. Al final, las reacciones que han provocado miden el \u00e9xito de su trabajo.<\/p>\t\t\t\t\t\t\t\t<\/div>\n\t\t\t\t<div class=\"elementor-element elementor-element-1d45493 elementor-widget elementor-widget-heading\" data-id=\"1d45493\" data-element_type=\"widget\" data-e-type=\"widget\" data-widget_type=\"heading.default\">\n\t\t\t\t\t<h3 class=\"elementor-heading-title elementor-size-default\">Yendo m\u00e1s all\u00e1<\/h3>\t\t\t\t<\/div>\n\t\t\t\t<div class=\"elementor-element elementor-element-185a9ef elementor-widget elementor-widget-text-editor\" data-id=\"185a9ef\" data-element_type=\"widget\" data-e-type=\"widget\" data-widget_type=\"text-editor.default\">\n\t\t\t\t\t\t\t\t\t<h5><span style=\"color: #000000;\"><a style=\"color: #000000;\" href=\"https:\/\/lsaglobal-translate.co.uk\/services\/translation-services\/\" target=\"_blank\" rel=\"noopener\">Traducci\u00f3n Pro.<\/a><\/span><\/h5>\t\t\t\t\t\t\t\t<\/div>\n\t\t\t\t<div class=\"elementor-element elementor-element-2c4a82d elementor-widget elementor-widget-text-editor\" data-id=\"2c4a82d\" data-element_type=\"widget\" data-e-type=\"widget\" data-widget_type=\"text-editor.default\">\n\t\t\t\t\t\t\t\t\t<h5><a href=\"https:\/\/lsa-global.com\/es\/precios-y-condiciones-de-traduccion\/\"><span style=\"color: #ff0000;\"><span style=\"color: #000000;\">Planes de precios y m\u00e1s<\/span><\/span><\/a><\/h5>\t\t\t\t\t\t\t\t<\/div>\n\t\t\t\t<div class=\"elementor-element elementor-element-de280f4 elementor-widget elementor-widget-text-editor\" data-id=\"de280f4\" data-element_type=\"widget\" data-e-type=\"widget\" data-widget_type=\"text-editor.default\">\n\t\t\t\t\t\t\t\t\t<h5><span style=\"color: #000000;\"><a style=\"color: #000000;\" href=\"https:\/\/lsa-global.com\/es\/aprender-el-idioma-aleman\/\">Cotizaci\u00f3n gratuita<\/a><\/span><\/h5>\t\t\t\t\t\t\t\t<\/div>\n\t\t\t\t\t<\/div>\n\t\t\t\t<\/div>\n\t\t\t\t<\/div>","protected":false},"excerpt":{"rendered":"<p>Professional Copywriting Services If you have something to say, we can write your message in a creative and effective manner&hellip;<\/p>","protected":false},"author":1,"featured_media":29200,"parent":0,"menu_order":0,"comment_status":"closed","ping_status":"closed","template":"","meta":{"jetpack_post_was_ever_published":false,"footnotes":""},"class_list":["post-3525","page","type-page","status-publish","has-post-thumbnail","hentry"],"jetpack_sharing_enabled":true,"jetpack_likes_enabled":true,"jetpack-related-posts":[],"jetpack_shortlink":"https:\/\/wp.me\/PerFda-UR","_links":{"self":[{"href":"https:\/\/lsa-global.com\/es\/wp-json\/wp\/v2\/pages\/3525","targetHints":{"allow":["GET"]}}],"collection":[{"href":"https:\/\/lsa-global.com\/es\/wp-json\/wp\/v2\/pages"}],"about":[{"href":"https:\/\/lsa-global.com\/es\/wp-json\/wp\/v2\/types\/page"}],"author":[{"embeddable":true,"href":"https:\/\/lsa-global.com\/es\/wp-json\/wp\/v2\/users\/1"}],"replies":[{"embeddable":true,"href":"https:\/\/lsa-global.com\/es\/wp-json\/wp\/v2\/comments?post=3525"}],"version-history":[{"count":0,"href":"https:\/\/lsa-global.com\/es\/wp-json\/wp\/v2\/pages\/3525\/revisions"}],"wp:featuredmedia":[{"embeddable":true,"href":"https:\/\/lsa-global.com\/es\/wp-json\/wp\/v2\/media\/29200"}],"wp:attachment":[{"href":"https:\/\/lsa-global.com\/es\/wp-json\/wp\/v2\/media?parent=3525"}],"curies":[{"name":"wp","href":"https:\/\/api.w.org\/{rel}","templated":true}]}}