{"id":32514,"date":"2023-12-21T20:27:20","date_gmt":"2023-12-21T19:27:20","guid":{"rendered":"https:\/\/lsa-global.com\/?page_id=32514"},"modified":"2025-04-02T16:58:34","modified_gmt":"2025-04-02T15:58:34","slug":"conviertete-en-profesor-a-lsa-global","status":"publish","type":"page","link":"https:\/\/lsa-global.com\/es\/conviertete-en-profesor-a-lsa-global\/","title":{"rendered":"Convi\u00e9rtete en profesor"},"content":{"rendered":"<div data-elementor-type=\"wp-page\" data-elementor-id=\"32514\" class=\"elementor elementor-32514\" data-elementor-post-type=\"page\">\n\t\t\t\t<div class=\"elementor-element elementor-element-148dcccd e-flex e-con-boxed e-con e-parent\" data-id=\"148dcccd\" data-element_type=\"container\" data-e-type=\"container\">\n\t\t\t\t\t<div class=\"e-con-inner\">\n\t\t\t\t<div class=\"elementor-element elementor-element-8bc1245 elementor-widget elementor-widget-heading\" data-id=\"8bc1245\" data-element_type=\"widget\" data-e-type=\"widget\" data-widget_type=\"heading.default\">\n\t\t\t\t\t<h2 class=\"elementor-heading-title elementor-size-default\">Convi\u00e9rtete en Profesor: rellena el formulario.<\/h2>\t\t\t\t<\/div>\n\t\t\t\t<div class=\"elementor-element elementor-element-606f3d75 elementor-widget elementor-widget-text-editor\" data-id=\"606f3d75\" data-element_type=\"widget\" data-e-type=\"widget\" data-widget_type=\"text-editor.default\">\n\t\t\t\t\t\t\t\t\t<div class=\"wp-block-image\">\n<figure class=\"aligncenter size-full is-resized\"><img fetchpriority=\"high\" decoding=\"async\" width=\"612\" height=\"408\" data-attachment-id=\"2987\" data-permalink=\"https:\/\/lsa-global.com\/es\/istockphoto-1279092857-612x612\/\" data-orig-file=\"https:\/\/i0.wp.com\/lsa-global.com\/wp-content\/uploads\/2022\/08\/istockphoto-1279092857-612x612-2.jpg?fit=612%2C408&amp;ssl=1\" data-orig-size=\"612,408\" data-comments-opened=\"1\" data-image-meta=\"{&quot;aperture&quot;:&quot;0&quot;,&quot;credit&quot;:&quot;Getty Images&quot;,&quot;camera&quot;:&quot;&quot;,&quot;caption&quot;:&quot;young business woman student teacher tutor wear wireless headset video conference calling on laptop computer talk by webcam learn teach in online chat, distance webinar online teaching concept&quot;,&quot;created_timestamp&quot;:&quot;0&quot;,&quot;copyright&quot;:&quot;&quot;,&quot;focal_length&quot;:&quot;0&quot;,&quot;iso&quot;:&quot;0&quot;,&quot;shutter_speed&quot;:&quot;0&quot;,&quot;title&quot;:&quot;&quot;,&quot;orientation&quot;:&quot;0&quot;}\" data-image-title=\"\" data-image-description=\"\" data-image-caption=\"\" data-large-file=\"https:\/\/i0.wp.com\/lsa-global.com\/wp-content\/uploads\/2022\/08\/istockphoto-1279092857-612x612-2.jpg?fit=612%2C408&amp;ssl=1\" data-recalc-dims=\"1\" class=\"wp-image-2987\" style=\"width: 712px; height: auto;\" src=\"https:\/\/i0.wp.com\/lsa-global.com\/wp-content\/uploads\/2022\/08\/istockphoto-1279092857-612x612-2.jpg?w=1280&#038;ssl=1\" alt=\"Convi\u00e9rtete en nuestro instructor\" title=\"\" srcset=\"https:\/\/i0.wp.com\/lsa-global.com\/wp-content\/uploads\/2022\/08\/istockphoto-1279092857-612x612-2.jpg?w=612&amp;ssl=1 612w, https:\/\/i0.wp.com\/lsa-global.com\/wp-content\/uploads\/2022\/08\/istockphoto-1279092857-612x612-2.jpg?resize=600%2C400&amp;ssl=1 600w, https:\/\/i0.wp.com\/lsa-global.com\/wp-content\/uploads\/2022\/08\/istockphoto-1279092857-612x612-2.jpg?resize=300%2C200&amp;ssl=1 300w, https:\/\/i0.wp.com\/lsa-global.com\/wp-content\/uploads\/2022\/08\/istockphoto-1279092857-612x612-2.jpg?resize=370%2C247&amp;ssl=1 370w\" sizes=\"(max-width: 612px) 100vw, 612px\" \/><\/figure>\n<\/div>\n<p>\u00a0<\/p>\n\t\t\t\t\t\t\t\t<\/div>\n\t\t\t\t<div class=\"elementor-element elementor-element-3c0a6aa sc_fly_static elementor-widget elementor-widget-learnpress_become_a_teacher\" data-id=\"3c0a6aa\" data-element_type=\"widget\" data-e-type=\"widget\" data-widget_type=\"learnpress_become_a_teacher.default\">\n\t\t\t\t<div class=\"elementor-widget-container\">\n\t\t\t\t\t<div class=\"learnpress\">\r\n\t\t\t\t\t\t\t\t\t<div class=\"learn-press-message success\" >\r\n\t\t\t\t \u00a1Por favor, <strong><a href=\"https:\/\/lsa-global.com\/es\/centro-de-estudiantes\/\">con\u00e9ctate<\/a><\/strong> para enviar tu solicitud!\t\t\t<\/div>\r\n\r\n\t\t\r\n\t\r\n<\/div>\t\t\t\t<\/div>\n\t\t\t\t<\/div>\n\t\t\t\t<div class=\"elementor-element elementor-element-33ee116 elementor-widget elementor-widget-heading\" data-id=\"33ee116\" data-element_type=\"widget\" data-e-type=\"widget\" data-widget_type=\"heading.default\">\n\t\t\t\t\t<h4 class=\"elementor-heading-title elementor-size-default\">Requisitos previos para la ense\u00f1anza en la mayor\u00eda de las disciplinas.<\/h4>\t\t\t\t<\/div>\n\t\t\t\t\t<\/div>\n\t\t\t\t<\/div>\n\t\t<div class=\"elementor-element elementor-element-fa44a7c e-flex e-con-boxed e-con e-parent\" data-id=\"fa44a7c\" data-element_type=\"container\" data-e-type=\"container\">\n\t\t\t\t\t<div class=\"e-con-inner\">\n\t\t<div class=\"elementor-element elementor-element-4bf742f e-con-full e-flex e-con e-child\" data-id=\"4bf742f\" data-element_type=\"container\" data-e-type=\"container\">\n\t\t\t\t<div class=\"elementor-element elementor-element-7ed5865 elementor-widget elementor-widget-text-editor\" data-id=\"7ed5865\" data-element_type=\"widget\" data-e-type=\"widget\" data-widget_type=\"text-editor.default\">\n\t\t\t\t\t\t\t\t\t<h6><span style=\"color: #000080; font-weight: normal;\">Convi\u00e9rtete en profesor.<\/span><\/h6>\n<p><span style=\"font-size: 16px;\">Evaluaci\u00f3n de la idoneidad para una carrera docente. Ilustraci\u00f3n de un docente interactuando con un alumno. La profesi\u00f3n educativa puede ofrecer tanto gratificaci\u00f3n como complejidad. Los educadores competentes ejercen una influencia significativa en la vida de los j\u00f3venes a diario.&nbsp;<\/span><\/p><p><span style=\"font-size: 16px;\">Los educadores no solo imparten aptitudes acad\u00e9micas a sus alumnos, sino que tambi\u00e9n inculcan una conducta correcta, ense\u00f1an habilidades interpersonales efectivas y cultivan una s\u00f3lida \u00e9tica de trabajo para alcanzar los objetivos. Si aspira a una profesi\u00f3n que le permita contribuir activamente a la sociedad y tener un impacto tangible en el mundo, entonces la docencia podr\u00eda ser una opci\u00f3n interesante.<\/span><\/p>\n<p><!-- \/wp:paragraph --><!-- wp:paragraph --><\/p>\n<p>Muchas personas que optan por una carrera en el \u00e1mbito de la docencia tienen una trayectoria profesional larga y satisfactoria, mientras que otras abandonan el campo de forma prematura en busca de un empleo alternativo por diversas causas. Antes de invertir tiempo y esfuerzo en obtener la certificaci\u00f3n y la formaci\u00f3n necesaria para conseguir una carrera docente, es fundamental asegurarse de que se poseen las cualificaciones adecuadas para el trabajo y de que el puesto se ajusta a las aptitudes personales.<\/p>\n<p><!-- \/wp:paragraph --><!-- wp:paragraph --><\/p>\n<p><\/p>\t\t\t\t\t\t\t\t<\/div>\n\t\t\t\t<\/div>\n\t\t<div class=\"elementor-element elementor-element-9a400a5 e-con-full e-flex e-con e-child\" data-id=\"9a400a5\" data-element_type=\"container\" data-e-type=\"container\">\n\t\t\t\t<div class=\"elementor-element elementor-element-70423e1 elementor-widget elementor-widget-text-editor\" data-id=\"70423e1\" data-element_type=\"widget\" data-e-type=\"widget\" data-widget_type=\"text-editor.default\">\n\t\t\t\t\t\t\t\t\t<p>Los profesores interact\u00faan con personas de distintas edades, ya sean ni\u00f1os o adultos, dentro de entornos educativos como aulas u otros entornos de aprendizaje.<\/p>\n<p>\u00a0Los entornos educativos abarcan diversas opciones, como escuelas p\u00fablicas o privadas, escuelas concertadas o magnet, escuelas internacionales o escuelas especializadas en idiomas para personas que no hablan ingl\u00e9s, tanto en contextos nacionales como internacionales. Los profesores de primaria, secundaria y preparatoria tienen un impacto crucial en el desarrollo y las perspectivas de los ni\u00f1os, impartiendo instrucci\u00f3n en materias acad\u00e9micas como lengua y literatura y aritm\u00e9tica, adem\u00e1s de inculcar cualidades personales como el buen comportamiento y la disciplina.\u00a0<\/p>\n<p><span style=\"font-size: 16px;\">Los profesores deben poseer un conocimiento profundo de su campo de especializaci\u00f3n y poseer la habilidad de transmitir con destreza sus conocimientos a los dem\u00e1s.\u00a0<\/span><span style=\"font-size: 16px;\">Uno de los m\u00e1s\u00a0<\/span><span style=\"font-size: 16px;\">Una de las cualidades m\u00e1s importantes de un buen maestro es el amor por el aprendizaje. Los maestros deben\u00a0<\/span><span style=\"font-size: 16px;\">Nunca dejen de aprender cosas nuevas, ya que pueden transmitir este conocimiento a sus\u00a0<\/span><span style=\"font-size: 16px;\">estudiantes. El aprendizaje tambi\u00e9n ayuda a los profesores a mantenerse al d\u00eda con las \u00faltimas novedades en materia de ense\u00f1anza.\u00a0<\/span><span style=\"font-size: 16px;\">m\u00e9todos y tendencias.<\/span><\/p>\n<p><span style=\"font-size: 16px;\">Un docente tiene la opci\u00f3n de impartir clases en todas las disciplinas acad\u00e9micas o centrarse en un \u00e1rea espec\u00edfica de especializaci\u00f3n. Los docentes de k\u00ednder y primaria suelen educar a un solo grupo de estudiantes en una amplia gama de disciplinas, que abarcan lectura, ciencias y matem\u00e1ticas.\u00a0<\/span><\/p>\n<p><span style=\"font-size: 16px;\">Normalmente, los profesores de secundaria y preparatoria se centran en una o dos materias especializadas, como matem\u00e1ticas o ciencias. Dentro de estas \u00e1reas m\u00e1s amplias, un profesor puede impartir clases en varios cursos. Por ejemplo, un profesor de preparatoria con experiencia en ciencias puede impartir clases de qu\u00edmica, biolog\u00eda y f\u00edsica. Se requiere un t\u00edtulo y una certificaci\u00f3n estatal en el \u00e1rea de especializaci\u00f3n espec\u00edfica.<\/span><\/p>\t\t\t\t\t\t\t\t<\/div>\n\t\t\t\t<\/div>\n\t\t\t\t\t<\/div>\n\t\t\t\t<\/div>\n\t\t<div class=\"elementor-element elementor-element-32c4750 e-flex e-con-boxed e-con e-parent\" data-id=\"32c4750\" data-element_type=\"container\" data-e-type=\"container\">\n\t\t\t\t\t<div class=\"e-con-inner\">\n\t\t\t\t<div class=\"elementor-element elementor-element-64dffe2 elementor-widget elementor-widget-heading\" data-id=\"64dffe2\" data-element_type=\"widget\" data-e-type=\"widget\" data-widget_type=\"heading.default\">\n\t\t\t\t\t<h2 class=\"elementor-heading-title elementor-size-default\">Yendo m\u00e1s all\u00e1<\/h2>\t\t\t\t<\/div>\n\t\t\t\t<div class=\"elementor-element elementor-element-7bdfd45 elementor-widget elementor-widget-text-editor\" data-id=\"7bdfd45\" data-element_type=\"widget\" data-e-type=\"widget\" data-widget_type=\"text-editor.default\">\n\t\t\t\t\t\t\t\t\t<h5><a href=\"https:\/\/lsaglobal-translate.co.uk\/services\/translation-services\/\" target=\"_blank\" rel=\"noopener\"><span style=\"color: #ff0000;\">Traducci\u00f3n Pro.<\/span><\/a><\/h5>\t\t\t\t\t\t\t\t<\/div>\n\t\t\t\t<div class=\"elementor-element elementor-element-5408329 elementor-widget elementor-widget-text-editor\" data-id=\"5408329\" data-element_type=\"widget\" data-e-type=\"widget\" data-widget_type=\"text-editor.default\">\n\t\t\t\t\t\t\t\t\t<h5><a href=\"https:\/\/lsa-global.com\/es\/precios-y-condiciones-de-traduccion\/\"><span style=\"color: #ff0000;\">Planes de precios y m\u00e1s<\/span><\/a><\/h5>\t\t\t\t\t\t\t\t<\/div>\n\t\t\t\t<div class=\"elementor-element elementor-element-7e37d8a elementor-widget elementor-widget-text-editor\" data-id=\"7e37d8a\" data-element_type=\"widget\" data-e-type=\"widget\" data-widget_type=\"text-editor.default\">\n\t\t\t\t\t\t\t\t\t<h5><a href=\"https:\/\/lsa-global.com\/es\/aprender-el-idioma-aleman\/\"><span style=\"color: #ff0000;\">Cotizaci\u00f3n gratuita<\/span><\/a><\/h5>\t\t\t\t\t\t\t\t<\/div>\n\t\t\t\t\t<\/div>\n\t\t\t\t<\/div>\n\t\t\t\t<\/div>","protected":false},"excerpt":{"rendered":"<p>Become a Teacher: fill in the form. \u00a0 You are a teacher! Prerequisites For Teaching in Most Disciplines. Become a&hellip;<\/p>","protected":false},"author":1,"featured_media":3025,"parent":0,"menu_order":0,"comment_status":"closed","ping_status":"closed","template":"","meta":{"jetpack_post_was_ever_published":false,"footnotes":""},"class_list":["post-32514","page","type-page","status-publish","has-post-thumbnail","hentry"],"jetpack_sharing_enabled":true,"jetpack_likes_enabled":true,"jetpack-related-posts":[],"jetpack_shortlink":"https:\/\/wp.me\/PerFda-8sq","_links":{"self":[{"href":"https:\/\/lsa-global.com\/es\/wp-json\/wp\/v2\/pages\/32514","targetHints":{"allow":["GET"]}}],"collection":[{"href":"https:\/\/lsa-global.com\/es\/wp-json\/wp\/v2\/pages"}],"about":[{"href":"https:\/\/lsa-global.com\/es\/wp-json\/wp\/v2\/types\/page"}],"author":[{"embeddable":true,"href":"https:\/\/lsa-global.com\/es\/wp-json\/wp\/v2\/users\/1"}],"replies":[{"embeddable":true,"href":"https:\/\/lsa-global.com\/es\/wp-json\/wp\/v2\/comments?post=32514"}],"version-history":[{"count":0,"href":"https:\/\/lsa-global.com\/es\/wp-json\/wp\/v2\/pages\/32514\/revisions"}],"wp:featuredmedia":[{"embeddable":true,"href":"https:\/\/lsa-global.com\/es\/wp-json\/wp\/v2\/media\/3025"}],"wp:attachment":[{"href":"https:\/\/lsa-global.com\/es\/wp-json\/wp\/v2\/media?parent=32514"}],"curies":[{"name":"wp","href":"https:\/\/api.w.org\/{rel}","templated":true}]}}