{"id":25717,"date":"2023-06-06T15:09:52","date_gmt":"2023-06-06T14:09:52","guid":{"rendered":"https:\/\/lsa-global.com\/?page_id=25717"},"modified":"2025-04-24T13:05:04","modified_gmt":"2025-04-24T12:05:04","slug":"obtenga-una-cotizacion-gratuita-de-lsa-global","status":"publish","type":"page","link":"https:\/\/lsa-global.com\/es\/obtenga-una-cotizacion-gratuita-de-lsa-global\/","title":{"rendered":"Obtenga una cotizaci\u00f3n gratis"},"content":{"rendered":"<div data-elementor-type=\"wp-page\" data-elementor-id=\"25717\" class=\"elementor elementor-25717\" data-elementor-post-type=\"page\">\n\t\t\t\t<div class=\"elementor-element elementor-element-b1bef50 e-flex e-con-boxed e-con e-parent\" data-id=\"b1bef50\" data-element_type=\"container\" data-e-type=\"container\">\n\t\t\t\t\t<div class=\"e-con-inner\">\n\t\t\t\t<div class=\"elementor-element elementor-element-4bb1e54 elementor-widget elementor-widget-heading\" data-id=\"4bb1e54\" data-element_type=\"widget\" data-e-type=\"widget\" data-widget_type=\"heading.default\">\n\t\t\t\t\t<h2 class=\"elementor-heading-title elementor-size-default\">\u00a1Obt\u00e9n tu cotizaci\u00f3n GRATIS ahora!<\/h2>\t\t\t\t<\/div>\n\t\t\t\t<div class=\"elementor-element elementor-element-b8da902 elementor-widget elementor-widget-image\" data-id=\"b8da902\" data-element_type=\"widget\" data-e-type=\"widget\" data-widget_type=\"image.default\">\n\t\t\t\t\t\t\t\t\t\t\t\t\t\t\t<img fetchpriority=\"high\" decoding=\"async\" data-attachment-id=\"25718\" data-permalink=\"https:\/\/lsa-global.com\/fr\/obtenir-un-devis-gratuit-lsa-global\/quote\/\" data-orig-file=\"https:\/\/i0.wp.com\/lsa-global.com\/wp-content\/uploads\/2023\/06\/quote.jpg?fit=346%2C235&amp;ssl=1\" data-orig-size=\"346,235\" data-comments-opened=\"1\" data-image-meta=\"{&quot;aperture&quot;:&quot;0&quot;,&quot;credit&quot;:&quot;&quot;,&quot;camera&quot;:&quot;&quot;,&quot;caption&quot;:&quot;&quot;,&quot;created_timestamp&quot;:&quot;0&quot;,&quot;copyright&quot;:&quot;&quot;,&quot;focal_length&quot;:&quot;0&quot;,&quot;iso&quot;:&quot;0&quot;,&quot;shutter_speed&quot;:&quot;0&quot;,&quot;title&quot;:&quot;&quot;,&quot;orientation&quot;:&quot;0&quot;}\" data-image-title=\"Get a Free Quote\" data-image-description=\"&lt;p&gt;Get a Free Quote &lt;\/p&gt;\" data-image-caption=\"\" data-large-file=\"https:\/\/i0.wp.com\/lsa-global.com\/wp-content\/uploads\/2023\/06\/quote.jpg?fit=346%2C235&amp;ssl=1\" width=\"300\" height=\"204\" src=\"https:\/\/i0.wp.com\/lsa-global.com\/wp-content\/uploads\/2023\/06\/quote.jpg?fit=300%2C204&amp;ssl=1\" class=\"attachment-medium size-medium wp-image-25718\" alt=\"Obtenga una cotizaci\u00f3n gratis\" srcset=\"https:\/\/i0.wp.com\/lsa-global.com\/wp-content\/uploads\/2023\/06\/quote.jpg?w=346&amp;ssl=1 346w, https:\/\/i0.wp.com\/lsa-global.com\/wp-content\/uploads\/2023\/06\/quote.jpg?resize=300%2C204&amp;ssl=1 300w\" sizes=\"(max-width: 300px) 100vw, 300px\" title=\"\">\t\t\t\t\t\t\t\t\t\t\t\t\t\t\t<\/div>\n\t\t\t\t<div class=\"elementor-element elementor-element-cbea5e6 elementor-widget elementor-widget-text-editor\" data-id=\"cbea5e6\" data-element_type=\"widget\" data-e-type=\"widget\" data-widget_type=\"text-editor.default\">\n\t\t\t\t\t\t\t\t\t<h6><span style=\"color: #0000ff;\">Obtenga una cotizaci\u00f3n gratis<\/span><\/h6>\t\t\t\t\t\t\t\t<\/div>\n\t\t\t\t\t<\/div>\n\t\t\t\t<\/div>\n\t\t<div class=\"elementor-element elementor-element-7151d58 e-flex e-con-boxed e-con e-parent\" data-id=\"7151d58\" data-element_type=\"container\" data-e-type=\"container\">\n\t\t\t\t\t<div class=\"e-con-inner\">\n\t\t\t\t<div class=\"elementor-element elementor-element-0a3765c elementor-widget elementor-widget-heading\" data-id=\"0a3765c\" data-element_type=\"widget\" data-e-type=\"widget\" data-widget_type=\"heading.default\">\n\t\t\t\t\t<h4 class=\"elementor-heading-title elementor-size-default\">Obtenga su cotizaci\u00f3n de traducci\u00f3n gratuita al instante con LSA.GLOBAL<\/h4>\t\t\t\t<\/div>\n\t\t\t\t\t<\/div>\n\t\t\t\t<\/div>\n\t\t<div class=\"elementor-element elementor-element-40aaea4 e-flex e-con-boxed e-con e-parent\" data-id=\"40aaea4\" data-element_type=\"container\" data-e-type=\"container\">\n\t\t\t\t\t<div class=\"e-con-inner\">\n\t\t\t\t<div class=\"elementor-element elementor-element-0c80cac elementor-widget elementor-widget-text-editor\" data-id=\"0c80cac\" data-element_type=\"widget\" data-e-type=\"widget\" data-widget_type=\"text-editor.default\">\n\t\t\t\t\t\t\t\t\t<p>\u00bfEst\u00e1 buscando un servicio de traducci\u00f3n confiable y de calidad superior que pueda satisfacer todas sus necesidades, ya sea que involucren documentos, archivos de audio o contenido de video? \u00a1No busque m\u00e1s, LSA.GLOBAL es su soluci\u00f3n! Ofrecemos una plataforma sencilla y f\u00e1cil de usar que le permite solicitar un presupuesto sin compromiso. Todo lo que necesita hacer es cargar sus archivos y nuestro equipo dedicado le proporcionar\u00e1 un presupuesto personalizado que se ajuste perfectamente a sus requisitos de traducci\u00f3n espec\u00edficos.<\/p>\t\t\t\t\t\t\t\t<\/div>\n\t\t\t\t<div class=\"elementor-element elementor-element-261a234 elementor-widget elementor-widget-heading\" data-id=\"261a234\" data-element_type=\"widget\" data-e-type=\"widget\" data-widget_type=\"heading.default\">\n\t\t\t\t\t<h3 class=\"elementor-heading-title elementor-size-default\">Proceso de solicitud de cotizaci\u00f3n simplificado<\/h3>\t\t\t\t<\/div>\n\t\t\t\t<div class=\"elementor-element elementor-element-ebe2518 elementor-widget elementor-widget-text-editor\" data-id=\"ebe2518\" data-element_type=\"widget\" data-e-type=\"widget\" data-widget_type=\"text-editor.default\">\n\t\t\t\t\t\t\t\t\t<p>En LSA.GLOBAL, obtener un presupuesto de traducci\u00f3n es incre\u00edblemente sencillo. A continuaci\u00f3n, se detalla c\u00f3mo funciona nuestro proceso para garantizar que tenga una experiencia perfecta:<\/p><ol><li><p><strong><span style=\"color: #0000ff;\">Comparte tus archivos:\u00a0<\/span><\/strong>Hemos hecho que sea extremadamente conveniente para usted cargar sus documentos, grabaciones de audio o materiales de video directamente en la plataforma LSA.GLOBAL. Nuestro sistema admite una amplia variedad de formatos de archivo, lo que le brinda la flexibilidad de elegir el formato que mejor se adapte a sus necesidades.<\/p><\/li><li><p><strong><span style=\"color: #0000ff;\">Obtenga su cotizaci\u00f3n:\u00a0<\/span><\/strong>Una vez que haya enviado sus archivos, nuestro equipo de expertos evaluar\u00e1 minuciosamente el contenido, los pares de idiomas requeridos y la complejidad de su proyecto de traducci\u00f3n. Una vez completado un an\u00e1lisis exhaustivo, le entregaremos un presupuesto completo y transparente en el momento oportuno.<\/p><\/li><\/ol><p>En LSA.GLOBAL, nos enorgullecemos de nuestra estructura de precios transparente y competitiva. Nuestras cotizaciones detalladas aclarar\u00e1n los costos involucrados, lo que le permitir\u00e1 tomar decisiones bien informadas sobre los servicios de traducci\u00f3n que mejor se adapten a sus necesidades. Nos comprometemos a mantener la transparencia en cada paso del proceso, lo que garantiza que sepa exactamente qu\u00e9 esperar.<\/p><p>Lorem ipsum dolor sit amet, consectetur adipiscing elit. Ut elit tellus, luctus nec ullamcorper mattis, pulvinar dapibus leo.<\/p>\t\t\t\t\t\t\t\t<\/div>\n\t\t\t\t<div class=\"elementor-element elementor-element-2aabe7c elementor-widget elementor-widget-heading\" data-id=\"2aabe7c\" data-element_type=\"widget\" data-e-type=\"widget\" data-widget_type=\"heading.default\">\n\t\t\t\t\t<h3 class=\"elementor-heading-title elementor-size-default\">\u00bfQu\u00e9 diferencia a LSA.GLOBAL para sus necesidades de traducci\u00f3n?<\/h3>\t\t\t\t<\/div>\n\t\t\t\t<div class=\"elementor-element elementor-element-1b6643c elementor-widget elementor-widget-text-editor\" data-id=\"1b6643c\" data-element_type=\"widget\" data-e-type=\"widget\" data-widget_type=\"text-editor.default\">\n\t\t\t\t\t\t\t\t\t<p>Cuando eliges LSA.GLOBAL para tus proyectos de traducci\u00f3n, obtienes acceso a:<\/p><ul><li><p><strong><span style=\"color: #0000ff;\">Estimaciones r\u00e1pidas y precisas:\u00a0<\/span><\/strong>Ofrecemos presupuestos gratuitos e instant\u00e1neos, lo que le permite calcular r\u00e1pidamente los costos asociados con su proyecto de traducci\u00f3n sin ning\u00fan compromiso por su parte. Esto significa que puede tener una idea r\u00e1pida del aspecto financiero mientras planifica sus pr\u00f3ximos pasos.<\/p><\/li><li><p><strong><span style=\"color: #0000ff;\">Diversas opciones de idioma:<\/span><\/strong>\u00a0Nuestros servicios de traducci\u00f3n abarcan una amplia variedad de pares de idiomas, lo que significa que podemos satisfacer sus requisitos ling\u00fc\u00edsticos espec\u00edficos, sin importar cu\u00e1n \u00fanicos o especializados puedan ser.<\/p><\/li><li><p><strong><span style=\"color: #0000ff;\">Traductores experimentados y calificados:<\/span><\/strong>\u00a0Nuestro equipo est\u00e1 formado por traductores altamente cualificados con una amplia experiencia en numerosos campos e industrias. Su profundo conocimiento garantiza que sus traducciones no solo ser\u00e1n precisas, sino que tambi\u00e9n respetar\u00e1n las diferencias culturales, teniendo en cuenta los matices y el contexto regionales.<\/p><\/li><li><p><strong><span style=\"color: #0000ff;\">Compromiso con la seguridad y confidencialidad:<\/span><\/strong>\u00a0Priorizamos la seguridad y confidencialidad de sus documentos e informaci\u00f3n sensible durante todo el proceso de traducci\u00f3n. Puede estar seguro de que sus datos est\u00e1n protegidos en todo momento.<\/p><\/li><li><p><strong><span style=\"color: #0000ff;\">Amplia selecci\u00f3n de formatos de archivo:<\/span><\/strong>\u00a0Nuestra plataforma permite el env\u00edo f\u00e1cil de varios tipos de documentos, lo que garantiza que tenga la flexibilidad que necesita al cargar archivos.<\/p><\/li><\/ul>\t\t\t\t\t\t\t\t<\/div>\n\t\t\t\t<div class=\"elementor-element elementor-element-51d03b1 elementor-widget elementor-widget-heading\" data-id=\"51d03b1\" data-element_type=\"widget\" data-e-type=\"widget\" data-widget_type=\"heading.default\">\n\t\t\t\t\t<h3 class=\"elementor-heading-title elementor-size-default\">\u00a1Da el primer paso hacia tus objetivos hoy!<\/h3>\t\t\t\t<\/div>\n\t\t\t\t<div class=\"elementor-element elementor-element-75ff027 elementor-widget elementor-widget-text-editor\" data-id=\"75ff027\" data-element_type=\"widget\" data-e-type=\"widget\" data-widget_type=\"text-editor.default\">\n\t\t\t\t\t\t\t\t\t<p>No permita que las barreras del idioma lo detengan por m\u00e1s tiempo. Prep\u00e1rese para lograr una comunicaci\u00f3n fluida y el \u00e9xito en todos sus proyectos comerciales. Visite LSA.GLOBAL para recibir un presupuesto gratuito para sus necesidades de traducci\u00f3n. Nuestra principal prioridad es brindar servicios de traducci\u00f3n excepcionales que se personalicen para cumplir con sus requisitos y plazos espec\u00edficos.<\/p><p>Explore las grandes oportunidades que ofrece una comunicaci\u00f3n clara en todos los idiomas visitando LSA.GLOBAL hoy.<\/p>\t\t\t\t\t\t\t\t<\/div>\n\t\t\t\t<div class=\"elementor-element elementor-element-a84fc2f elementor-widget elementor-widget-heading\" data-id=\"a84fc2f\" data-element_type=\"widget\" data-e-type=\"widget\" data-widget_type=\"heading.default\">\n\t\t\t\t\t<h3 class=\"elementor-heading-title elementor-size-default\">Consideraciones adicionales<\/h3>\t\t\t\t<\/div>\n\t\t\t\t<div class=\"elementor-element elementor-element-2bb428c elementor-widget elementor-widget-text-editor\" data-id=\"2bb428c\" data-element_type=\"widget\" data-e-type=\"widget\" data-widget_type=\"text-editor.default\">\n\t\t\t\t\t\t\t\t\t<p>Tenga en cuenta que este art\u00edculo es solo una muestra y se puede adaptar a\u00fan m\u00e1s con detalles m\u00e1s espec\u00edficos sobre LSA.GLOBAL. Ser\u00eda ventajoso ampliar la experiencia disponible en diversas industrias, como traducciones legales, m\u00e9dicas, t\u00e9cnicas y de marketing, as\u00ed como destacar las \u00e1reas especializadas de los servicios de traducci\u00f3n que se ofrecen. Esto brindar\u00e1 a los clientes potenciales una comprensi\u00f3n m\u00e1s completa de c\u00f3mo LSA.GLOBAL se destaca en el panorama competitivo de la traducci\u00f3n.<\/p>\t\t\t\t\t\t\t\t<\/div>\n\t\t\t\t<div class=\"elementor-element elementor-element-092dc7f elementor-widget elementor-widget-heading\" data-id=\"092dc7f\" data-element_type=\"widget\" data-e-type=\"widget\" data-widget_type=\"heading.default\">\n\t\t\t\t\t<h3 class=\"elementor-heading-title elementor-size-default\">Yendo m\u00e1s all\u00e1<\/h3>\t\t\t\t<\/div>\n\t\t\t\t<div class=\"elementor-element elementor-element-e233ff5 elementor-widget elementor-widget-text-editor\" data-id=\"e233ff5\" data-element_type=\"widget\" data-e-type=\"widget\" data-widget_type=\"text-editor.default\">\n\t\t\t\t\t\t\t\t\t<h5><a href=\"https:\/\/lsa-global.com\/es\/precios-y-condiciones-de-traduccion\/\"><span style=\"color: #ff0000;\">Planes de precios y m\u00e1s<\/span><\/a><\/h5>\t\t\t\t\t\t\t\t<\/div>\n\t\t\t\t<div class=\"elementor-element elementor-element-5c6d37a elementor-widget elementor-widget-text-editor\" data-id=\"5c6d37a\" data-element_type=\"widget\" data-e-type=\"widget\" data-widget_type=\"text-editor.default\">\n\t\t\t\t\t\t\t\t\t<h5><a href=\"https:\/\/lsa-global.com\/es\/aprender-el-idioma-aleman\/\"><span style=\"color: #ff0000;\">Cotizaci\u00f3n gratuita<\/span><\/a><\/h5>\t\t\t\t\t\t\t\t<\/div>\n\t\t\t\t<div class=\"elementor-element elementor-element-0e931a7 elementor-widget elementor-widget-text-editor\" data-id=\"0e931a7\" data-element_type=\"widget\" data-e-type=\"widget\" data-widget_type=\"text-editor.default\">\n\t\t\t\t\t\t\t\t\t<h5><a href=\"https:\/\/lsa-global.com\/es\/publicaciones\/\"><span style=\"color: #ff0000;\">M\u00e1s publicaciones<\/span><\/a><\/h5>\t\t\t\t\t\t\t\t<\/div>\n\t\t\t\t<div class=\"elementor-element elementor-element-6cc2d03 elementor-widget elementor-widget-text-editor\" data-id=\"6cc2d03\" data-element_type=\"widget\" data-e-type=\"widget\" data-widget_type=\"text-editor.default\">\n\t\t\t\t\t\t\t\t\t<h5><a href=\"https:\/\/lsaglobal-translate.co.uk\/services\/translation-services\/\" target=\"_blank\" rel=\"noopener\"><span style=\"color: #ff0000;\">Traducci\u00f3n Pro.<\/span><\/a><\/h5>\t\t\t\t\t\t\t\t<\/div>\n\t\t\t\t<div class=\"elementor-element elementor-element-e8b35e7 elementor-widget elementor-widget-text-editor\" data-id=\"e8b35e7\" data-element_type=\"widget\" data-e-type=\"widget\" data-widget_type=\"text-editor.default\">\n\t\t\t\t\t\t\t\t\t<h4><span style=\"color: #000080;\"><span style=\"color: #ff0000;\">Visite el sitio web de LSAGLOBAL-Translate para obtener m\u00e1s informaci\u00f3n<\/span><\/span><\/h4>\t\t\t\t\t\t\t\t<\/div>\n\t\t\t\t\t<\/div>\n\t\t\t\t<\/div>\n\t\t\t\t<\/div>","protected":false},"excerpt":{"rendered":"<p>Get your FREE quote now! Get a free quote Get Your Free Translation Quote Instantly with LSA.GLOBAL Are you searching&hellip;<\/p>","protected":false},"author":1,"featured_media":37237,"parent":0,"menu_order":0,"comment_status":"closed","ping_status":"closed","template":"","meta":{"jetpack_post_was_ever_published":false,"footnotes":""},"class_list":["post-25717","page","type-page","status-publish","has-post-thumbnail","hentry"],"jetpack_sharing_enabled":true,"jetpack_likes_enabled":true,"jetpack-related-posts":[],"jetpack_shortlink":"https:\/\/wp.me\/PerFda-6GN","_links":{"self":[{"href":"https:\/\/lsa-global.com\/es\/wp-json\/wp\/v2\/pages\/25717","targetHints":{"allow":["GET"]}}],"collection":[{"href":"https:\/\/lsa-global.com\/es\/wp-json\/wp\/v2\/pages"}],"about":[{"href":"https:\/\/lsa-global.com\/es\/wp-json\/wp\/v2\/types\/page"}],"author":[{"embeddable":true,"href":"https:\/\/lsa-global.com\/es\/wp-json\/wp\/v2\/users\/1"}],"replies":[{"embeddable":true,"href":"https:\/\/lsa-global.com\/es\/wp-json\/wp\/v2\/comments?post=25717"}],"version-history":[{"count":0,"href":"https:\/\/lsa-global.com\/es\/wp-json\/wp\/v2\/pages\/25717\/revisions"}],"wp:featuredmedia":[{"embeddable":true,"href":"https:\/\/lsa-global.com\/es\/wp-json\/wp\/v2\/media\/37237"}],"wp:attachment":[{"href":"https:\/\/lsa-global.com\/es\/wp-json\/wp\/v2\/media?parent=25717"}],"curies":[{"name":"wp","href":"https:\/\/api.w.org\/{rel}","templated":true}]}}