{"id":43445,"date":"2025-03-19T10:39:51","date_gmt":"2025-03-19T09:39:51","guid":{"rendered":"https:\/\/lsa-global.com\/?page_id=43445"},"modified":"2025-04-25T10:44:50","modified_gmt":"2025-04-25T09:44:50","slug":"english-translation-services-accurate-certified","status":"publish","type":"page","link":"https:\/\/lsa-global.com\/de\/english-translation-services-accurate-certified\/","title":{"rendered":"Professionelle Englisch-\u00dcbersetzungsdienste \u2013 Pr\u00e4zise und zertifiziert"},"content":{"rendered":"<div data-elementor-type=\"wp-page\" data-elementor-id=\"43445\" class=\"elementor elementor-43445\" data-elementor-post-type=\"page\">\n\t\t\t\t<div class=\"elementor-element elementor-element-3aeec3f e-flex e-con-boxed e-con e-parent\" data-id=\"3aeec3f\" data-element_type=\"container\" data-e-type=\"container\">\n\t\t\t\t\t<div class=\"e-con-inner\">\n\t\t\t\t<div class=\"elementor-element elementor-element-a1b95e3 elementor-widget elementor-widget-heading\" data-id=\"a1b95e3\" data-element_type=\"widget\" data-e-type=\"widget\" data-widget_type=\"heading.default\">\n\t\t\t\t\t<h2 class=\"elementor-heading-title elementor-size-default\">Professionelle Englisch-\u00dcbersetzungsdienste \u2013 Pr\u00e4zise und zertifiziert<\/h2>\t\t\t\t<\/div>\n\t\t\t\t<div class=\"elementor-element elementor-element-332a20d elementor-widget elementor-widget-image\" data-id=\"332a20d\" data-element_type=\"widget\" data-e-type=\"widget\" data-widget_type=\"image.default\">\n\t\t\t\t\t\t\t\t\t\t\t\t\t\t\t<img decoding=\"async\" data-attachment-id=\"43736\" data-permalink=\"https:\/\/lsa-global.com\/de\/english-translation-services-accurate-certified\/english-2\/\" data-orig-file=\"https:\/\/i0.wp.com\/lsa-global.com\/wp-content\/uploads\/2025\/03\/English.png?fit=2560%2C1280&amp;ssl=1\" data-orig-size=\"2560,1280\" data-comments-opened=\"0\" data-image-meta=\"{&quot;aperture&quot;:&quot;0&quot;,&quot;credit&quot;:&quot;&quot;,&quot;camera&quot;:&quot;&quot;,&quot;caption&quot;:&quot;&quot;,&quot;created_timestamp&quot;:&quot;0&quot;,&quot;copyright&quot;:&quot;&quot;,&quot;focal_length&quot;:&quot;0&quot;,&quot;iso&quot;:&quot;0&quot;,&quot;shutter_speed&quot;:&quot;0&quot;,&quot;title&quot;:&quot;&quot;,&quot;orientation&quot;:&quot;0&quot;}\" data-image-title=\"English translation Services\" data-image-description=\"&lt;p&gt;English translation Services&lt;\/p&gt;\" data-image-caption=\"\" data-medium-file=\"https:\/\/i0.wp.com\/lsa-global.com\/wp-content\/uploads\/2025\/03\/English.png?fit=300%2C150&amp;ssl=1\" data-large-file=\"https:\/\/i0.wp.com\/lsa-global.com\/wp-content\/uploads\/2025\/03\/English.png?fit=1024%2C512&amp;ssl=1\" width=\"300\" height=\"150\" src=\"https:\/\/i0.wp.com\/lsa-global.com\/wp-content\/uploads\/2025\/03\/English.png?fit=300%2C150&amp;ssl=1\" class=\"attachment-medium size-medium wp-image-43736\" alt=\"English translation Services\" srcset=\"https:\/\/i0.wp.com\/lsa-global.com\/wp-content\/uploads\/2025\/03\/English.png?w=2560&amp;ssl=1 2560w, https:\/\/i0.wp.com\/lsa-global.com\/wp-content\/uploads\/2025\/03\/English.png?resize=300%2C150&amp;ssl=1 300w, https:\/\/i0.wp.com\/lsa-global.com\/wp-content\/uploads\/2025\/03\/English.png?resize=1024%2C512&amp;ssl=1 1024w, https:\/\/i0.wp.com\/lsa-global.com\/wp-content\/uploads\/2025\/03\/English.png?resize=150%2C75&amp;ssl=1 150w, https:\/\/i0.wp.com\/lsa-global.com\/wp-content\/uploads\/2025\/03\/English.png?resize=768%2C384&amp;ssl=1 768w, https:\/\/i0.wp.com\/lsa-global.com\/wp-content\/uploads\/2025\/03\/English.png?resize=1536%2C768&amp;ssl=1 1536w, https:\/\/i0.wp.com\/lsa-global.com\/wp-content\/uploads\/2025\/03\/English.png?resize=2048%2C1024&amp;ssl=1 2048w, https:\/\/i0.wp.com\/lsa-global.com\/wp-content\/uploads\/2025\/03\/English.png?resize=18%2C9&amp;ssl=1 18w, https:\/\/i0.wp.com\/lsa-global.com\/wp-content\/uploads\/2025\/03\/English.png?resize=370%2C185&amp;ssl=1 370w, https:\/\/i0.wp.com\/lsa-global.com\/wp-content\/uploads\/2025\/03\/English.png?resize=760%2C380&amp;ssl=1 760w, https:\/\/i0.wp.com\/lsa-global.com\/wp-content\/uploads\/2025\/03\/English.png?resize=805%2C400&amp;ssl=1 805w\" sizes=\"(max-width: 300px) 100vw, 300px\" title=\"\">\t\t\t\t\t\t\t\t\t\t\t\t\t\t\t<\/div>\n\t\t\t\t<div class=\"elementor-element elementor-element-e86161f elementor-widget elementor-widget-heading\" data-id=\"e86161f\" data-element_type=\"widget\" data-e-type=\"widget\" data-widget_type=\"heading.default\">\n\t\t\t\t\t<h3 class=\"elementor-heading-title elementor-size-default\">Fachkundige englische \u00dcbersetzungsdienste f\u00fcr Unternehmen und Privatpersonen<\/h3>\t\t\t\t<\/div>\n\t\t\t\t<div class=\"elementor-element elementor-element-e17785b elementor-widget elementor-widget-text-editor\" data-id=\"e17785b\" data-element_type=\"widget\" data-e-type=\"widget\" data-widget_type=\"text-editor.default\">\n\t\t\t\t\t\t\t\t\t<p>Are you seeking high-quality\u00a0English translation services? Our team of professional translators specializes in delivering accurate, culturally adapted translations tailored to English-speaking audiences. We offer a comprehensive range of services, including\u00a0document translation,\u00a0website localization,\u00a0technical translations, and more, ensuring your content resonates with your target market.<\/p>\t\t\t\t\t\t\t\t<\/div>\n\t\t\t\t<div class=\"elementor-element elementor-element-e7d7d8b elementor-widget elementor-widget-heading\" data-id=\"e7d7d8b\" data-element_type=\"widget\" data-e-type=\"widget\" data-widget_type=\"heading.default\">\n\t\t\t\t\t<h3 class=\"elementor-heading-title elementor-size-default\">Warum sollten Sie sich f\u00fcr unsere englischen \u00dcbersetzungsdienste entscheiden?<\/h3>\t\t\t\t<\/div>\n\t\t\t\t<div class=\"elementor-element elementor-element-778a817 elementor-widget elementor-widget-text-editor\" data-id=\"778a817\" data-element_type=\"widget\" data-e-type=\"widget\" data-widget_type=\"text-editor.default\">\n\t\t\t\t\t\t\t\t\t<ul><li><p>Certified Translators: Our translators are certified professionals, ensuring precise and contextually appropriate translations.<\/p><\/li><li><p>SEO-optimierter Inhalt: Unsere \u00dcbersetzungen ber\u00fccksichtigen bew\u00e4hrte SEO-Methoden und helfen Ihrer Website, in Suchmaschinen wie Google und Bing ein h\u00f6heres Ranking zu erzielen.\u00a0<\/p><\/li><li><p>Schnelle Bearbeitung und wettbewerbsf\u00e4hige Preise: Wir liefern qualitativ hochwertige \u00dcbersetzungen umgehend und zu wettbewerbsf\u00e4higen Preisen und halten Ihre Termine und Budgetanforderungen ein.<\/p><\/li><li><p>Branchenkenntnisse: Unsere \u00dcbersetzer verf\u00fcgen \u00fcber Fachkenntnisse in verschiedenen Branchen, darunter im juristischen, medizinischen, technischen und betriebswirtschaftlichen Bereich.<\/p><\/li><\/ul>\t\t\t\t\t\t\t\t<\/div>\n\t\t\t\t<div class=\"elementor-element elementor-element-ac6a03b elementor-widget elementor-widget-heading\" data-id=\"ac6a03b\" data-element_type=\"widget\" data-e-type=\"widget\" data-widget_type=\"heading.default\">\n\t\t\t\t\t<h3 class=\"elementor-heading-title elementor-size-default\">Unsere englischen \u00dcbersetzungsdienste<\/h3>\t\t\t\t<\/div>\n\t\t\t\t<div class=\"elementor-element elementor-element-8e43b0d elementor-widget elementor-widget-heading\" data-id=\"8e43b0d\" data-element_type=\"widget\" data-e-type=\"widget\" data-widget_type=\"heading.default\">\n\t\t\t\t\t<h5 class=\"elementor-heading-title elementor-size-default\">1. Beglaubigte Dokumenten\u00fcbersetzung<\/h5>\t\t\t\t<\/div>\n\t\t\t\t<div class=\"elementor-element elementor-element-ca3d31f elementor-widget elementor-widget-text-editor\" data-id=\"ca3d31f\" data-element_type=\"widget\" data-e-type=\"widget\" data-widget_type=\"text-editor.default\">\n\t\t\t\t\t\t\t\t\t<p>Wir bieten beglaubigte \u00dcbersetzungen f\u00fcr eine Vielzahl von Dokumenten an und gew\u00e4hrleisten dabei Genauigkeit und Anerkennung durch offizielle Stellen:<\/p><ul><li><p>Rechtsdokumente: Vertr\u00e4ge, Vereinbarungen, Gerichtsdokumente.<\/p><\/li><li><p>Pers\u00f6nliche Dokumente: Geburtsurkunden, Heiratsurkunden, akademische Zeugnisse.<\/p><\/li><li><p>Gesch\u00e4ftsdokumente: Lizenzen, Jahresabschl\u00fcsse, Unternehmensberichte.<\/p><\/li><\/ul>\t\t\t\t\t\t\t\t<\/div>\n\t\t\t\t<div class=\"elementor-element elementor-element-4076bdd elementor-widget elementor-widget-heading\" data-id=\"4076bdd\" data-element_type=\"widget\" data-e-type=\"widget\" data-widget_type=\"heading.default\">\n\t\t\t\t\t<h5 class=\"elementor-heading-title elementor-size-default\">2. Website- und App-Lokalisierung<\/h5>\t\t\t\t<\/div>\n\t\t\t\t<div class=\"elementor-element elementor-element-4de25b9 elementor-widget elementor-widget-text-editor\" data-id=\"4de25b9\" data-element_type=\"widget\" data-e-type=\"widget\" data-widget_type=\"text-editor.default\">\n\t\t\t\t\t\t\t\t\t<p>Erweitern Sie Ihre digitale Pr\u00e4senz in englischsprachigen M\u00e4rkten mit unseren Lokalisierungsservices:<\/p><ul><li><p>Website-Lokalisierung: Anpassung der Inhalte Ihrer Website an kulturelle Nuancen und Vorlieben.<\/p><\/li><li><p>App Localization: Ensuring your mobile applications are user-friendly for English-speaking users.<\/p><\/li><li><p>SEO-Optimierung: Implementierung lokalisierter Schl\u00fcsselw\u00f6rter und Meta-Tags zur Verbesserung des Suchmaschinen-Rankings.\u00a0<\/p><\/li><\/ul>\t\t\t\t\t\t\t\t<\/div>\n\t\t\t\t<div class=\"elementor-element elementor-element-ac4d13f elementor-widget elementor-widget-heading\" data-id=\"ac4d13f\" data-element_type=\"widget\" data-e-type=\"widget\" data-widget_type=\"heading.default\">\n\t\t\t\t\t<h5 class=\"elementor-heading-title elementor-size-default\">3. Technische und medizinische \u00dcbersetzungen<\/h5>\t\t\t\t<\/div>\n\t\t\t\t<div class=\"elementor-element elementor-element-86b05fd elementor-widget elementor-widget-text-editor\" data-id=\"86b05fd\" data-element_type=\"widget\" data-e-type=\"widget\" data-widget_type=\"text-editor.default\">\n\t\t\t\t\t\t\t\t\t<p>Unsere Experten bearbeiten komplexe technische und medizinische Dokumente mit Pr\u00e4zision:<\/p><ul><li><p>Technische Handb\u00fccher: Benutzerhandb\u00fccher, Produkthandb\u00fccher, technische Daten.<\/p><\/li><li><p>Medizinische Dokumente: Klinische Berichte, pharmazeutische Informationen, medizinische Forschungsarbeiten.<\/p><\/li><\/ul>\t\t\t\t\t\t\t\t<\/div>\n\t\t\t\t<div class=\"elementor-element elementor-element-0b7c6bb elementor-widget elementor-widget-heading\" data-id=\"0b7c6bb\" data-element_type=\"widget\" data-e-type=\"widget\" data-widget_type=\"heading.default\">\n\t\t\t\t\t<h5 class=\"elementor-heading-title elementor-size-default\">4. Gesch\u00e4fts- und Marketing\u00fcbersetzungen<\/h5>\t\t\t\t<\/div>\n\t\t\t\t<div class=\"elementor-element elementor-element-3fdf2dc elementor-widget elementor-widget-text-editor\" data-id=\"3fdf2dc\" data-element_type=\"widget\" data-e-type=\"widget\" data-widget_type=\"text-editor.default\">\n\t\t\t\t\t\t\t\t\t<p>Kommunizieren Sie Ihre Markenbotschaft effektiv an ein englischsprachiges Publikum:<\/p><ul><li><p>Marketingmaterialien: Brosch\u00fcren, Anzeigen, Pressemitteilungen.<\/p><\/li><li><p>Gesch\u00e4ftskommunikation: Pr\u00e4sentationen, E-Mails, Unternehmenskommunikation.<\/p><\/li><\/ul>\t\t\t\t\t\t\t\t<\/div>\n\t\t\t\t<div class=\"elementor-element elementor-element-d364370 elementor-widget elementor-widget-heading\" data-id=\"d364370\" data-element_type=\"widget\" data-e-type=\"widget\" data-widget_type=\"heading.default\">\n\t\t\t\t\t<h3 class=\"elementor-heading-title elementor-size-default\">Branchen, die wir bedienen<\/h3>\t\t\t\t<\/div>\n\t\t\t\t<div class=\"elementor-element elementor-element-457ac96 elementor-widget elementor-widget-text-editor\" data-id=\"457ac96\" data-element_type=\"widget\" data-e-type=\"widget\" data-widget_type=\"text-editor.default\">\n\t\t\t\t\t\t\t\t\t<p>Wir beliefern ein breites Spektrum an Branchen, darunter:<\/p><ul><li><p>Recht und Beh\u00f6rden: Bereitstellung von \u00dcbersetzungen f\u00fcr Gerichtsverfahren und beh\u00f6rdliche Mitteilungen.<\/p><\/li><li><p>Gesundheitswesen und Pharmazeutika: \u00dcbersetzung von Krankenakten, Forschungsarbeiten und pharmazeutischen Dokumenten.<\/p><\/li><li><p>Technologie und IT: Lokalisierung von Software, Benutzerhandb\u00fcchern und technischer Dokumentation.<\/p><\/li><li><p>Finanzen und Bankwesen: \u00dcbersetzung von Finanzberichten, Anlagedokumenten und Bankmaterialien.<\/p><\/li><li><p>E-Commerce und Einzelhandel: Lokalisierung von Produktbeschreibungen, Kundenbewertungen und Marketinginhalten.<\/p><\/li><\/ul>\t\t\t\t\t\t\t\t<\/div>\n\t\t\t\t<div class=\"elementor-element elementor-element-b570ff3 elementor-widget elementor-widget-heading\" data-id=\"b570ff3\" data-element_type=\"widget\" data-e-type=\"widget\" data-widget_type=\"heading.default\">\n\t\t\t\t\t<h3 class=\"elementor-heading-title elementor-size-default\">Warum professionelle Englisch\u00fcbersetzungen wichtig sind<\/h3>\t\t\t\t<\/div>\n\t\t\t\t<div class=\"elementor-element elementor-element-9ed5eb4 elementor-widget elementor-widget-text-editor\" data-id=\"9ed5eb4\" data-element_type=\"widget\" data-e-type=\"widget\" data-widget_type=\"text-editor.default\">\n\t\t\t\t\t\t\t\t\t<p><span style=\"color: #c21f1f; font-family: Helvetica, serif; font-size: 16px; font-style: normal; text-align: var(--text-align);\">Englisch wird weltweit von Millionen Menschen gesprochen und ist daher f\u00fcr Unternehmen und Organisationen, die englischsprachige Zielgruppen erreichen m\u00f6chten, unverzichtbar. Professionelle \u00dcbersetzungen gew\u00e4hrleisten:<\/span><\/p><ul style=\"margin-bottom: 1em; font-family: Helvetica, serif; font-size: 16px; font-weight: 400; font-style: normal; color: #c21f1f;\"><li style=\"font-size: 16px;\"><p style=\"font-size: 16px;\">Kulturelle Relevanz: Pr\u00e4zise \u00dcbersetzungen, die mit der lokalen Kultur und den Br\u00e4uchen im Einklang stehen.<\/p><\/li><li style=\"font-size: 16px;\"><p style=\"font-size: 16px;\">Einhaltung gesetzlicher Vorschriften: Sicherstellen, dass die Dokumente den regionalen gesetzlichen Standards und Anforderungen entsprechen.<\/p><\/li><li style=\"font-size: 16px;\"><p style=\"font-size: 16px;\">Brand Credibility: Presenting your business professionally to English-speaking audiences.<\/p><\/li><\/ul>\t\t\t\t\t\t\t\t<\/div>\n\t\t\t\t<div class=\"elementor-element elementor-element-4b94f0e elementor-widget elementor-widget-heading\" data-id=\"4b94f0e\" data-element_type=\"widget\" data-e-type=\"widget\" data-widget_type=\"heading.default\">\n\t\t\t\t\t<h3 class=\"elementor-heading-title elementor-size-default\">SEO-optimierte englische \u00dcbersetzungsdienste<\/h3>\t\t\t\t<\/div>\n\t\t\t\t<div class=\"elementor-element elementor-element-9bbb44d elementor-widget elementor-widget-text-editor\" data-id=\"9bbb44d\" data-element_type=\"widget\" data-e-type=\"widget\" data-widget_type=\"text-editor.default\">\n\t\t\t\t\t\t\t\t\t<p>Unsere \u00dcbersetzungen basieren auf den bew\u00e4hrten SEO-Methoden, um Ihre Online-Sichtbarkeit zu verbessern:<\/p><ul><li><p>Lokalisierte Schl\u00fcsselw\u00f6rter: Einbeziehung regionsspezifischer Suchbegriffe zur Verbesserung des Rankings.\u00a0<\/p><\/li><li><p>Meta-Tag-Optimierung: \u00dcbersetzen und Optimieren von Meta-Beschreibungen und Titeln f\u00fcr bessere Klickraten.\u00a0<\/p><\/li><li><p>User-Friendly URLs: Creating URLs that are readable and relevant in English.\u00a0<\/p><\/li><\/ul>\t\t\t\t\t\t\t\t<\/div>\n\t\t\t\t<div class=\"elementor-element elementor-element-1baf8e5 elementor-widget elementor-widget-heading\" data-id=\"1baf8e5\" data-element_type=\"widget\" data-e-type=\"widget\" data-widget_type=\"heading.default\">\n\t\t\t\t\t<h3 class=\"elementor-heading-title elementor-size-default\">Holen Sie sich ein kostenloses Angebot f\u00fcr englische \u00dcbersetzungsdienste<\/h3>\t\t\t\t<\/div>\n\t\t\t\t<div class=\"elementor-element elementor-element-5211eaa elementor-widget elementor-widget-text-editor\" data-id=\"5211eaa\" data-element_type=\"widget\" data-e-type=\"widget\" data-widget_type=\"text-editor.default\">\n\t\t\t\t\t\t\t\t\t<p>Ben\u00f6tigen Sie professionelle Englisch\u00fcbersetzungen? Kontaktieren Sie uns noch heute f\u00fcr ein kostenloses Angebot. Wir garantieren schnelle, pr\u00e4zise und vertrauliche \u00dcbersetzungen f\u00fcr alle Ihre Bed\u00fcrfnisse.<\/p><h3>\u00a0<span style=\"color: #993300;\">Kontaktieren Sie uns noch heute!<\/span><\/h3><p>Globaler Service \u2013 Weltweit verf\u00fcgbar<\/p><p>Expand your reach with expert English translation! \ue203Reach out now to discuss your project.<\/p>\t\t\t\t\t\t\t\t<\/div>\n\t\t\t\t<div class=\"elementor-element elementor-element-f7513e1 elementor-widget elementor-widget-heading\" data-id=\"f7513e1\" data-element_type=\"widget\" data-e-type=\"widget\" data-widget_type=\"heading.default\">\n\t\t\t\t\t<h3 class=\"elementor-heading-title elementor-size-default\">Weiter gehen<\/h3>\t\t\t\t<\/div>\n\t\t\t\t<div class=\"elementor-element elementor-element-07193ce elementor-widget elementor-widget-text-editor\" data-id=\"07193ce\" data-element_type=\"widget\" data-e-type=\"widget\" data-widget_type=\"text-editor.default\">\n\t\t\t\t\t\t\t\t\t<h5><a href=\"https:\/\/lsa-global.com\/de\/preise-und-bedingungen-fur-ubersetzungen\/\"><span style=\"color: #ff0000;\">Preispl\u00e4ne und mehr<\/span><\/a><\/h5>\t\t\t\t\t\t\t\t<\/div>\n\t\t\t\t<div class=\"elementor-element elementor-element-4740863 elementor-widget elementor-widget-text-editor\" data-id=\"4740863\" data-element_type=\"widget\" data-e-type=\"widget\" data-widget_type=\"text-editor.default\">\n\t\t\t\t\t\t\t\t\t<h5><a href=\"https:\/\/lsa-global.com\/de\/deutsche-sprache-lernen\/\"><span style=\"color: #ff0000;\">Kostenloses Angebot<\/span><\/a><\/h5>\t\t\t\t\t\t\t\t<\/div>\n\t\t\t\t<div class=\"elementor-element elementor-element-b44b6c5 elementor-widget elementor-widget-text-editor\" data-id=\"b44b6c5\" data-element_type=\"widget\" data-e-type=\"widget\" data-widget_type=\"text-editor.default\">\n\t\t\t\t\t\t\t\t\t<h5><a href=\"https:\/\/lsaglobal-translate.co.uk\/services\/translation-services\/\" target=\"_blank\" rel=\"noopener\"><span style=\"color: #ff0000;\">\u00dcbersetzungsprofi.<\/span><\/a><\/h5>\t\t\t\t\t\t\t\t<\/div>\n\t\t\t\t<div class=\"elementor-element elementor-element-8d311e6 elementor-widget elementor-widget-image\" data-id=\"8d311e6\" data-element_type=\"widget\" data-e-type=\"widget\" data-widget_type=\"image.default\">\n\t\t\t\t\t\t\t\t\t\t\t\t\t\t\t<img decoding=\"async\" data-attachment-id=\"43736\" data-permalink=\"https:\/\/lsa-global.com\/de\/english-translation-services-accurate-certified\/english-2\/\" data-orig-file=\"https:\/\/i0.wp.com\/lsa-global.com\/wp-content\/uploads\/2025\/03\/English.png?fit=2560%2C1280&amp;ssl=1\" data-orig-size=\"2560,1280\" data-comments-opened=\"0\" data-image-meta=\"{&quot;aperture&quot;:&quot;0&quot;,&quot;credit&quot;:&quot;&quot;,&quot;camera&quot;:&quot;&quot;,&quot;caption&quot;:&quot;&quot;,&quot;created_timestamp&quot;:&quot;0&quot;,&quot;copyright&quot;:&quot;&quot;,&quot;focal_length&quot;:&quot;0&quot;,&quot;iso&quot;:&quot;0&quot;,&quot;shutter_speed&quot;:&quot;0&quot;,&quot;title&quot;:&quot;&quot;,&quot;orientation&quot;:&quot;0&quot;}\" data-image-title=\"English translation Services\" data-image-description=\"&lt;p&gt;English translation Services&lt;\/p&gt;\" data-image-caption=\"\" data-medium-file=\"https:\/\/i0.wp.com\/lsa-global.com\/wp-content\/uploads\/2025\/03\/English.png?fit=300%2C150&amp;ssl=1\" data-large-file=\"https:\/\/i0.wp.com\/lsa-global.com\/wp-content\/uploads\/2025\/03\/English.png?fit=1024%2C512&amp;ssl=1\" width=\"300\" height=\"150\" src=\"https:\/\/i0.wp.com\/lsa-global.com\/wp-content\/uploads\/2025\/03\/English.png?fit=300%2C150&amp;ssl=1\" class=\"attachment-medium size-medium wp-image-43736\" alt=\"English translation Services\" srcset=\"https:\/\/i0.wp.com\/lsa-global.com\/wp-content\/uploads\/2025\/03\/English.png?w=2560&amp;ssl=1 2560w, https:\/\/i0.wp.com\/lsa-global.com\/wp-content\/uploads\/2025\/03\/English.png?resize=300%2C150&amp;ssl=1 300w, https:\/\/i0.wp.com\/lsa-global.com\/wp-content\/uploads\/2025\/03\/English.png?resize=1024%2C512&amp;ssl=1 1024w, https:\/\/i0.wp.com\/lsa-global.com\/wp-content\/uploads\/2025\/03\/English.png?resize=150%2C75&amp;ssl=1 150w, https:\/\/i0.wp.com\/lsa-global.com\/wp-content\/uploads\/2025\/03\/English.png?resize=768%2C384&amp;ssl=1 768w, https:\/\/i0.wp.com\/lsa-global.com\/wp-content\/uploads\/2025\/03\/English.png?resize=1536%2C768&amp;ssl=1 1536w, https:\/\/i0.wp.com\/lsa-global.com\/wp-content\/uploads\/2025\/03\/English.png?resize=2048%2C1024&amp;ssl=1 2048w, https:\/\/i0.wp.com\/lsa-global.com\/wp-content\/uploads\/2025\/03\/English.png?resize=18%2C9&amp;ssl=1 18w, https:\/\/i0.wp.com\/lsa-global.com\/wp-content\/uploads\/2025\/03\/English.png?resize=370%2C185&amp;ssl=1 370w, https:\/\/i0.wp.com\/lsa-global.com\/wp-content\/uploads\/2025\/03\/English.png?resize=760%2C380&amp;ssl=1 760w, https:\/\/i0.wp.com\/lsa-global.com\/wp-content\/uploads\/2025\/03\/English.png?resize=805%2C400&amp;ssl=1 805w\" sizes=\"(max-width: 300px) 100vw, 300px\" title=\"\">\t\t\t\t\t\t\t\t\t\t\t\t\t\t\t<\/div>\n\t\t\t\t\t<\/div>\n\t\t\t\t<\/div>\n\t\t\t\t<\/div>","protected":false},"excerpt":{"rendered":"<p>Professional English Translation Services \u2013 Accurate &#038; Certified Expert English Translation Services for Businesses &amp; Individuals Are you seeking high-quality\u00a0English&hellip;<\/p>","protected":false},"author":1,"featured_media":43736,"parent":0,"menu_order":0,"comment_status":"closed","ping_status":"closed","template":"","meta":{"jetpack_post_was_ever_published":false,"footnotes":""},"class_list":["post-43445","page","type-page","status-publish","has-post-thumbnail","hentry"],"jetpack_sharing_enabled":true,"jetpack_likes_enabled":true,"jetpack-related-posts":[],"jetpack_shortlink":"https:\/\/wp.me\/PerFda-biJ","_links":{"self":[{"href":"https:\/\/lsa-global.com\/de\/wp-json\/wp\/v2\/pages\/43445","targetHints":{"allow":["GET"]}}],"collection":[{"href":"https:\/\/lsa-global.com\/de\/wp-json\/wp\/v2\/pages"}],"about":[{"href":"https:\/\/lsa-global.com\/de\/wp-json\/wp\/v2\/types\/page"}],"author":[{"embeddable":true,"href":"https:\/\/lsa-global.com\/de\/wp-json\/wp\/v2\/users\/1"}],"replies":[{"embeddable":true,"href":"https:\/\/lsa-global.com\/de\/wp-json\/wp\/v2\/comments?post=43445"}],"version-history":[{"count":0,"href":"https:\/\/lsa-global.com\/de\/wp-json\/wp\/v2\/pages\/43445\/revisions"}],"wp:featuredmedia":[{"embeddable":true,"href":"https:\/\/lsa-global.com\/de\/wp-json\/wp\/v2\/media\/43736"}],"wp:attachment":[{"href":"https:\/\/lsa-global.com\/de\/wp-json\/wp\/v2\/media?parent=43445"}],"curies":[{"name":"wp","href":"https:\/\/api.w.org\/{rel}","templated":true}]}}